{"id":3032,"date":"2025-05-15T07:57:36","date_gmt":"2025-05-15T07:57:36","guid":{"rendered":"https:\/\/www.openarms.es\/?page_id=3032"},"modified":"2025-06-20T09:00:11","modified_gmt":"2025-06-20T09:00:11","slug":"terratremol-de-siria-i-turquia","status":"publish","type":"page","link":"https:\/\/www.openarms.es\/ca\/que-fem\/missions-humanitaries\/emergencies\/terratremol-de-siria-i-turquia","title":{"rendered":"Terratr\u00e8mol de S\u00edria i Turquia"},"content":{"rendered":"\n<div class=\"wp-block-cover alignfull ebavs-header-hero-interior\" style=\"min-height:40rem;aspect-ratio:unset;\"><img loading=\"lazy\" decoding=\"async\" width=\"1024\" height=\"683\" class=\"wp-block-cover__image-background wp-image-233 size-large\" alt=\"Terremoto Turqu\u00eda y Siria Open Arms\" src=\"https:\/\/www.openarms.es\/wp-content\/uploads\/2025\/03\/ruinas-1024x683.webp\" data-object-fit=\"cover\" srcset=\"https:\/\/www.openarms.es\/wp-content\/uploads\/2025\/03\/ruinas-1024x683.webp 1024w, https:\/\/www.openarms.es\/wp-content\/uploads\/2025\/03\/ruinas-300x200.webp 300w, https:\/\/www.openarms.es\/wp-content\/uploads\/2025\/03\/ruinas-768x512.webp 768w, https:\/\/www.openarms.es\/wp-content\/uploads\/2025\/03\/ruinas-1536x1024.webp 1536w, https:\/\/www.openarms.es\/wp-content\/uploads\/2025\/03\/ruinas-2048x1366.webp 2048w\" sizes=\"auto, (max-width: 1024px) 100vw, 1024px\" \/><span aria-hidden=\"true\" class=\"wp-block-cover__background has-black-background-color has-background-dim-40 has-background-dim\"><\/span><div class=\"wp-block-cover__inner-container is-layout-flow wp-block-cover-is-layout-flow\">\n<div class=\"wp-block-group alignwide has-global-padding is-layout-constrained wp-block-group-is-layout-constrained\" style=\"margin-top:auto;margin-bottom:auto\">\n<div class=\"wp-block-group has-global-padding is-content-justification-left is-layout-constrained wp-container-core-group-is-layout-b58f3518 wp-block-group-is-layout-constrained\">\n<p class=\"has-text-align-left has-base-color has-text-color has-large-font-size\" style=\"font-family:var(--wp--preset--font-family--dinnextltpro)\">EMERG\u00c8NCIES<\/p>\n\n\n\n<h1 class=\"wp-block-heading has-text-align-left has-base-color has-text-color has-xx-large-font-size\" style=\"margin-top:0;margin-bottom:0\"> Terratr\u00e8mol de S\u00edria i Turquia<\/h1>\n\n\n\n<p class=\"has-base-color has-text-color has-link-color wp-elements-ee408c942291dd0644175abeba5f54d9\" style=\"margin-top:0;margin-bottom:0\">Si creus que la vida mereix ser protegida tamb\u00e9 en terra ferma, ets dels nostres.<br\/><br\/><\/p>\n\n\n\n<div class=\"wp-block-buttons is-content-justification-left is-layout-flex wp-container-core-buttons-is-layout-fc4fd283 wp-block-buttons-is-layout-flex\">\n<div class=\"wp-block-button\"><a class=\"wp-block-button__link has-contrast-color has-base-background-color has-text-color has-background has-dinnextltpro-font-family has-custom-font-size wp-element-button\" href=\"https:\/\/help.openarms.es\/miembro-openarms\/?lang=ca\" style=\"padding-top:16px;padding-right:24px;padding-bottom:14px;padding-left:24px;font-size:clamp(0.875rem, 0.875rem + ((1vw - 0.2rem) * 0.302), 1.13rem);font-style:normal;font-weight:700;line-height:1;text-transform:uppercase\" target=\"_blank\" rel=\"noreferrer noopener\">Fes-te membre<\/a><\/div>\n<\/div>\n<\/div>\n<\/div>\n<\/div><\/div>\n\n<div class=\"wp-block-cover alignfull is-light has-parallax\" style=\"margin-top:0;margin-bottom:0;padding-top:0;padding-right:0;padding-bottom:0;padding-left:0\"><div class=\"wp-block-cover__image-background wp-image-999 has-parallax\" style=\"background-position:50% 50%;background-image:url(https:\/\/www.openarms.es\/wp-content\/themes\/openarms\/assets\/images\/openarms-texture.webp)\"><\/div><span aria-hidden=\"true\" class=\"wp-block-cover__background has-base-background-color has-background-dim-80 has-background-dim\"><\/span><div class=\"wp-block-cover__inner-container is-layout-flow wp-block-cover-is-layout-flow\">\n<div class=\"wp-block-group alignwide has-global-padding is-layout-constrained wp-container-core-group-is-layout-8257ab09 wp-block-group-is-layout-constrained\" style=\"margin-top:1rem\">\n<div class=\"wp-block-group alignwide has-global-padding is-layout-constrained wp-block-group-is-layout-constrained\"><div class=\"yoast-breadcrumbs\"><span><span><a href=\"https:\/\/www.openarms.es\/ca\/que-fem\">Qu\u00e8 Fem<\/a><\/span> &gt; <span><a href=\"https:\/\/www.openarms.es\/ca\/que-fem\/missions-humanitaries\">Missions Humanit\u00e0ries<\/a><\/span> &gt; <span><a href=\"https:\/\/www.openarms.es\/ca\/que-fem\/missions-humanitaries\/emergencies\">Emerg\u00e8ncies<\/a><\/span> &gt; <span class=\"breadcrumb_last\" aria-current=\"page\">Terratr\u00e8mol de S\u00edria i Turquia<\/span><\/span><\/div>\n\n\n<hr class=\"wp-block-separator has-text-color has-gray-color has-alpha-channel-opacity has-gray-background-color has-background is-style-default\" style=\"margin-top:1rem;margin-bottom:4rem\"\/>\n<\/div>\n<\/div>\n\n\n\n<div class=\"wp-block-group has-global-padding is-layout-constrained wp-block-group-is-layout-constrained\">\n<div class=\"wp-block-columns alignwide ebavs-space-between is-layout-flex wp-container-core-columns-is-layout-643ced6b wp-block-columns-is-layout-flex\">\n<div class=\"wp-block-column is-layout-flow wp-block-column-is-layout-flow\" style=\"flex-basis:33%\">\n<h2 class=\"wp-block-heading has-contrast-color has-text-color has-x-large-font-size\" style=\"margin-top:0\"><strong>Terratr\u00e8mol de S\u00edria i Turquia<\/strong><br\/><br\/><\/h2>\n<\/div>\n\n\n\n<div class=\"wp-block-column is-layout-flow wp-block-column-is-layout-flow\" style=\"flex-basis:50%\">\n<p class=\"has-dark-gray-color has-text-color has-medium-font-size\" style=\"line-height:1.14em\">El devastador terratr\u00e8mol de 2023 va ser un dels m\u00e9s forts en la zona en els \u00faltims 100 anys. Va provocar <strong>la mort de m\u00e9s de 55.000 persones i va afectar milions m\u00e9s,<\/strong> en un lloc ja castigat per 12 anys de conflicte.<br\/>\u00a0<br\/><\/p>\n<\/div>\n<\/div>\n<\/div>\n\n\n\n<div class=\"wp-block-group has-global-padding is-layout-constrained wp-block-group-is-layout-constrained\">\n<figure class=\"wp-block-image aligncenter size-large has-custom-border\" style=\"margin-top:3rem;margin-bottom:4rem\"><img loading=\"lazy\" decoding=\"async\" width=\"1024\" height=\"636\" src=\"https:\/\/www.openarms.es\/wp-content\/uploads\/2025\/03\/siria-1024x636.webp\" alt=\"Siria Open Arms\" class=\"wp-image-158\" style=\"border-style:none;border-width:0px;border-radius:16px;aspect-ratio:16\/9;object-fit:cover\" srcset=\"https:\/\/www.openarms.es\/wp-content\/uploads\/2025\/03\/siria-1024x636.webp 1024w, https:\/\/www.openarms.es\/wp-content\/uploads\/2025\/03\/siria-300x186.webp 300w, https:\/\/www.openarms.es\/wp-content\/uploads\/2025\/03\/siria-768x477.webp 768w, https:\/\/www.openarms.es\/wp-content\/uploads\/2025\/03\/siria-1536x953.webp 1536w, https:\/\/www.openarms.es\/wp-content\/uploads\/2025\/03\/siria.webp 1600w\" sizes=\"auto, (max-width: 1024px) 100vw, 1024px\" \/><\/figure>\n<\/div>\n\n\n\n<div class=\"wp-block-group has-global-padding is-layout-constrained wp-block-group-is-layout-constrained\">\n<hr class=\"wp-block-separator has-text-color has-contrast-color has-alpha-channel-opacity has-contrast-background-color has-background is-style-wide is-style-wide--1\" style=\"margin-top:4rem;margin-bottom:4rem\"\/>\n<\/div>\n\n\n\n<div class=\"wp-block-group has-global-padding is-layout-constrained wp-block-group-is-layout-constrained\">\n<div class=\"wp-block-columns alignwide ebavs-space-between is-layout-flex wp-container-core-columns-is-layout-643ced6b wp-block-columns-is-layout-flex\">\n<div class=\"wp-block-column is-layout-flow wp-block-column-is-layout-flow\" style=\"flex-basis:33%\">\n<h3 class=\"wp-block-heading has-dinnextltpro-font-family\"><strong>Un equipo de especialistas<\/strong><\/h3>\n<\/div>\n\n\n\n<div class=\"wp-block-column is-layout-flow wp-block-column-is-layout-flow\" style=\"flex-basis:33%\">\n<p class=\"has-dark-gray-color has-text-color has-medium-font-size\" style=\"line-height:1.14em\">Ens unim als especialistes en cat\u00e0strofes i emerg\u00e8ncies internacionals<\/p>\n\n\n\n<p class=\"has-dark-gray-color has-text-color has-medium-font-size\" style=\"line-height:1.14em\">De SAR \u2013 SAR NAVARRA per a crear un equip d&#8217;avaluaci\u00f3 de la cat\u00e0strofe i <strong>poder realitzar una missi\u00f3 sobre el terreny.<\/strong><\/p>\n\n\n\n<p class=\"has-dark-gray-color has-text-color has-medium-font-size\" style=\"line-height:1.14em\">Gr\u00e0cies a una campanya de recaptaci\u00f3 activa i aliances amb xarxes hospital\u00e0ries en territori nacional, aconseguim fons, aparells m\u00e8dics, material fungible i ortop\u00e8dic. <br\/><br\/><\/p>\n\n\n\n<p class=\"has-dark-gray-color has-text-color\" style=\"font-family:var(--wp--preset--font-family--dinnextltpro);font-size:clamp(17.905px, 1.119rem + ((1vw - 3.2px) * 0.747), 28px);line-height:1.14em\"><\/p>\n<\/div>\n\n\n\n<div class=\"wp-block-column is-layout-flow wp-block-column-is-layout-flow\" style=\"flex-basis:33%\">\n<p class=\"has-dark-gray-color has-text-color has-medium-font-size\" style=\"line-height:1.14em\">Ens aliem amb Solidaire, en col\u00b7laboraci\u00f3 amb l&#8217;Associaci\u00f3 de Suport al Poble Siri\u00e0, per a portar tota aquesta ajuda humanit\u00e0ria i proveir a tres hospitals de l&#8217;oest de S\u00edria (Aqrabat Hospital, Atmeh Charity Hospital i Al Shifaa Hospital) que van haver de treballar en condicions molt dif\u00edcils durant l&#8217;emerg\u00e8ncia, m\u00e9s encara amb les seves capacitats minvades despr\u00e9s de 12 anys de conflicte en la zona.<\/p>\n\n\n\n<p class=\"has-medium-font-size\">Aquestes accions van ser dirigides a la segona fase de l&#8217;emerg\u00e8ncia, centrada en l&#8217;atenci\u00f3 m\u00e8dica i sanit\u00e0ria de ferits i persones en estat de vulnerabilitat, amb temperatures g\u00e8lides i la insuficient ajuda humanit\u00e0ria en algunes zones afectades pel sisme i de dif\u00edcil acc\u00e9s pel conflicte vigent.<br\/><\/p>\n\n\n\n<p class=\"has-dark-gray-color has-text-color\" style=\"font-family:var(--wp--preset--font-family--dinnextltpro);font-size:clamp(17.905px, 1.119rem + ((1vw - 3.2px) * 0.747), 28px);line-height:1.14em\"><br\/><br\/><br\/><\/p>\n<\/div>\n<\/div>\n<\/div>\n\n\n\n<div class=\"wp-block-group has-global-padding is-layout-constrained wp-block-group-is-layout-constrained\">\n<figure class=\"wp-block-image aligncenter size-large has-custom-border\" style=\"margin-top:3rem;margin-bottom:4rem\"><img loading=\"lazy\" decoding=\"async\" width=\"1024\" height=\"683\" src=\"https:\/\/www.openarms.es\/wp-content\/uploads\/2025\/05\/terremoto-siria-turquia-02-1024x683.jpg\" alt=\"Terratr&#xE8;mol S&#xED;ria 02\" class=\"wp-image-3703\" style=\"border-style:none;border-width:0px;border-radius:16px;aspect-ratio:16\/9;object-fit:cover\" srcset=\"https:\/\/www.openarms.es\/wp-content\/uploads\/2025\/05\/terremoto-siria-turquia-02-1024x683.jpg 1024w, https:\/\/www.openarms.es\/wp-content\/uploads\/2025\/05\/terremoto-siria-turquia-02-300x200.jpg 300w, https:\/\/www.openarms.es\/wp-content\/uploads\/2025\/05\/terremoto-siria-turquia-02-768x512.jpg 768w, https:\/\/www.openarms.es\/wp-content\/uploads\/2025\/05\/terremoto-siria-turquia-02-1536x1024.jpg 1536w, https:\/\/www.openarms.es\/wp-content\/uploads\/2025\/05\/terremoto-siria-turquia-02.jpg 1920w\" sizes=\"auto, (max-width: 1024px) 100vw, 1024px\" \/><\/figure>\n<\/div>\n\n\n\n<div class=\"wp-block-group has-global-padding is-layout-constrained wp-block-group-is-layout-constrained\">\n<hr class=\"wp-block-separator has-text-color has-contrast-color has-alpha-channel-opacity has-contrast-background-color has-background is-style-wide is-style-wide--2\" style=\"margin-top:4rem;margin-bottom:4rem\"\/>\n<\/div>\n\n\n\n<div class=\"wp-block-group alignfull has-global-padding is-layout-constrained wp-container-core-group-is-layout-0c9c989a wp-block-group-is-layout-constrained\" style=\"min-height:0vh;margin-top:0;margin-bottom:0;padding-top:var(--wp--preset--spacing--70);padding-right:var(--wp--preset--spacing--40);padding-bottom:var(--wp--preset--spacing--70);padding-left:var(--wp--preset--spacing--40)\">\n<div class=\"wp-block-columns are-vertically-aligned-top is-content-justification-center is-layout-flex wp-container-core-columns-is-layout-8c19c11b wp-block-columns-is-layout-flex\">\n<div class=\"wp-block-column is-vertically-aligned-top is-layout-flow wp-block-column-is-layout-flow\" style=\"flex-basis:60%\">\n<div class=\"wp-block-group has-contrast-background-color has-background has-global-padding is-layout-constrained wp-container-core-group-is-layout-a91b9633 wp-block-group-is-layout-constrained\" style=\"border-style:none;border-width:0px;border-radius:32px;padding-top:var(--wp--preset--spacing--40);padding-right:2rem;padding-bottom:var(--wp--preset--spacing--40);padding-left:2rem\">\n<h3 class=\"wp-block-heading has-text-align-center has-base-color has-text-color has-link-color wp-elements-f0ca9dc66eb2146bdb1190b1326b2229\" style=\"margin-right:0;margin-left:0;padding-right:0;padding-left:0;font-size:clamp(1.502rem, 1.502rem + ((1vw - 0.2rem) * 1.181), 2.5rem);line-height:1.15\">Si creus que tota vida ha de ser salvada, implica&#8217;t. Entre tots, en podem salvar moltes m\u00e9s.<\/h3>\n\n\n\n<div class=\"wp-block-buttons is-horizontal is-content-justification-center is-layout-flex wp-container-core-buttons-is-layout-03627597 wp-block-buttons-is-layout-flex\">\n<div class=\"wp-block-button\"><a class=\"wp-block-button__link has-contrast-color has-base-background-color has-text-color has-background has-custom-font-size wp-element-button\" href=\"https:\/\/www.openarms.es\/ca\/com-ajudar\/dona\" style=\"padding-top:16px;padding-right:24px;padding-bottom:14px;padding-left:24px;font-size:clamp(14px, 0.875rem + ((1vw - 3.2px) * 0.296), 18px);font-style:normal;font-weight:700\">DONA ARA<\/a><\/div>\n<\/div>\n<\/div>\n<\/div>\n<\/div>\n<\/div>\n<\/div><\/div>\n","protected":false},"excerpt":{"rendered":"","protected":false},"author":1,"featured_media":3176,"parent":4712,"menu_order":0,"comment_status":"closed","ping_status":"closed","template":"page-interior","meta":{"content-type":"","footnotes":""},"class_list":["post-3032","page","type-page","status-publish","has-post-thumbnail","hentry"],"yoast_head":"<!-- This site is optimized with the Yoast SEO plugin v25.9 - https:\/\/yoast.com\/wordpress\/plugins\/seo\/ -->\n<title>Terratr\u00e8mol S\u00edria i Turquia: Emerg\u00e8ncia m\u00e8dica | Open Arms<\/title>\n<meta name=\"description\" content=\"Open Arms va donar suport a hospitals a S\u00edria despr\u00e9s del terratr\u00e8mol de 2023. Enviem ajuda m\u00e8dica a una zona devastada i sense recursos.\" \/>\n<meta name=\"robots\" content=\"index, follow, max-snippet:-1, max-image-preview:large, max-video-preview:-1\" \/>\n<link rel=\"canonical\" href=\"https:\/\/www.openarms.es\/ca\/que-fem\/missions-humanitaries\/emergencies\/terratremol-de-siria-i-turquia\" \/>\n<meta property=\"og:locale\" content=\"ca_ES\" \/>\n<meta property=\"og:type\" content=\"article\" \/>\n<meta property=\"og:title\" content=\"Terratr\u00e8mol S\u00edria i Turquia: Emerg\u00e8ncia m\u00e8dica | Open Arms\" \/>\n<meta property=\"og:description\" content=\"Open Arms va donar suport a hospitals a S\u00edria despr\u00e9s del terratr\u00e8mol de 2023. Enviem ajuda m\u00e8dica a una zona devastada i sense recursos.\" \/>\n<meta property=\"og:url\" content=\"https:\/\/www.openarms.es\/ca\/que-fem\/missions-humanitaries\/emergencies\/terratremol-de-siria-i-turquia\" \/>\n<meta property=\"og:site_name\" content=\"Open Arms\" \/>\n<meta property=\"article:modified_time\" content=\"2025-06-20T09:00:11+00:00\" \/>\n<meta property=\"og:image\" content=\"https:\/\/www.openarms.es\/wp-content\/uploads\/2025\/05\/terremoto-siria-turquia-01.jpg\" \/>\n\t<meta property=\"og:image:width\" content=\"1920\" \/>\n\t<meta property=\"og:image:height\" content=\"1080\" \/>\n\t<meta property=\"og:image:type\" content=\"image\/jpeg\" \/>\n<meta name=\"twitter:card\" content=\"summary_large_image\" \/>\n<meta name=\"twitter:label1\" content=\"Temps estimat de lectura\" \/>\n\t<meta name=\"twitter:data1\" content=\"1 minut\" \/>\n<script type=\"application\/ld+json\" class=\"yoast-schema-graph\">{\"@context\":\"https:\/\/schema.org\",\"@graph\":[{\"@type\":\"WebPage\",\"@id\":\"https:\/\/www.openarms.es\/ca\/que-fem\/missions-humanitaries\/emergencies\/terratremol-de-siria-i-turquia\",\"url\":\"https:\/\/www.openarms.es\/ca\/que-fem\/missions-humanitaries\/emergencies\/terratremol-de-siria-i-turquia\",\"name\":\"Terratr\u00e8mol S\u00edria i Turquia: Emerg\u00e8ncia m\u00e8dica | Open Arms\",\"isPartOf\":{\"@id\":\"https:\/\/www.openarms.es\/ca#website\"},\"primaryImageOfPage\":{\"@id\":\"https:\/\/www.openarms.es\/ca\/que-fem\/missions-humanitaries\/emergencies\/terratremol-de-siria-i-turquia#primaryimage\"},\"image\":{\"@id\":\"https:\/\/www.openarms.es\/ca\/que-fem\/missions-humanitaries\/emergencies\/terratremol-de-siria-i-turquia#primaryimage\"},\"thumbnailUrl\":\"https:\/\/www.openarms.es\/wp-content\/uploads\/2025\/05\/terremoto-siria-turquia-01.jpg\",\"datePublished\":\"2025-05-15T07:57:36+00:00\",\"dateModified\":\"2025-06-20T09:00:11+00:00\",\"description\":\"Open Arms va donar suport a hospitals a S\u00edria despr\u00e9s del terratr\u00e8mol de 2023. Enviem ajuda m\u00e8dica a una zona devastada i sense recursos.\",\"breadcrumb\":{\"@id\":\"https:\/\/www.openarms.es\/ca\/que-fem\/missions-humanitaries\/emergencies\/terratremol-de-siria-i-turquia#breadcrumb\"},\"inLanguage\":\"ca\",\"potentialAction\":[{\"@type\":\"ReadAction\",\"target\":[\"https:\/\/www.openarms.es\/ca\/que-fem\/missions-humanitaries\/emergencies\/terratremol-de-siria-i-turquia\"]}]},{\"@type\":\"ImageObject\",\"inLanguage\":\"ca\",\"@id\":\"https:\/\/www.openarms.es\/ca\/que-fem\/missions-humanitaries\/emergencies\/terratremol-de-siria-i-turquia#primaryimage\",\"url\":\"https:\/\/www.openarms.es\/wp-content\/uploads\/2025\/05\/terremoto-siria-turquia-01.jpg\",\"contentUrl\":\"https:\/\/www.openarms.es\/wp-content\/uploads\/2025\/05\/terremoto-siria-turquia-01.jpg\",\"width\":1920,\"height\":1080,\"caption\":\"Terremoto S\u00edria Turquia Open Arms\"},{\"@type\":\"BreadcrumbList\",\"@id\":\"https:\/\/www.openarms.es\/ca\/que-fem\/missions-humanitaries\/emergencies\/terratremol-de-siria-i-turquia#breadcrumb\",\"itemListElement\":[{\"@type\":\"ListItem\",\"position\":1,\"name\":\"Qu\u00e8 Fem\",\"item\":\"https:\/\/www.openarms.es\/ca\/que-fem\"},{\"@type\":\"ListItem\",\"position\":2,\"name\":\"Missions Humanit\u00e0ries\",\"item\":\"https:\/\/www.openarms.es\/ca\/que-fem\/missions-humanitaries\"},{\"@type\":\"ListItem\",\"position\":3,\"name\":\"Emerg\u00e8ncies\",\"item\":\"https:\/\/www.openarms.es\/ca\/que-fem\/missions-humanitaries\/emergencies\"},{\"@type\":\"ListItem\",\"position\":4,\"name\":\"Terratr\u00e8mol de S\u00edria i Turquia\"}]},{\"@type\":\"WebSite\",\"@id\":\"https:\/\/www.openarms.es\/ca#website\",\"url\":\"https:\/\/www.openarms.es\/ca\",\"name\":\"Open Arms\",\"description\":\"\",\"publisher\":{\"@id\":\"https:\/\/www.openarms.es\/ca#organization\"},\"potentialAction\":[{\"@type\":\"SearchAction\",\"target\":{\"@type\":\"EntryPoint\",\"urlTemplate\":\"https:\/\/www.openarms.es\/ca?s={search_term_string}\"},\"query-input\":{\"@type\":\"PropertyValueSpecification\",\"valueRequired\":true,\"valueName\":\"search_term_string\"}}],\"inLanguage\":\"ca\"},{\"@type\":\"Organization\",\"@id\":\"https:\/\/www.openarms.es\/ca#organization\",\"name\":\"Open Arms\",\"url\":\"https:\/\/www.openarms.es\/ca\",\"logo\":{\"@type\":\"ImageObject\",\"inLanguage\":\"ca\",\"@id\":\"https:\/\/www.openarms.es\/ca#\/schema\/logo\/image\/\",\"url\":\"https:\/\/www.openarms.es\/wp-content\/uploads\/2025\/03\/BRAND.svg\",\"contentUrl\":\"https:\/\/www.openarms.es\/wp-content\/uploads\/2025\/03\/BRAND.svg\",\"caption\":\"Open Arms\"},\"image\":{\"@id\":\"https:\/\/www.openarms.es\/ca#\/schema\/logo\/image\/\"}}]}<\/script>\n<!-- \/ Yoast SEO plugin. -->","yoast_head_json":{"title":"Terratr\u00e8mol S\u00edria i Turquia: Emerg\u00e8ncia m\u00e8dica | Open Arms","description":"Open Arms va donar suport a hospitals a S\u00edria despr\u00e9s del terratr\u00e8mol de 2023. Enviem ajuda m\u00e8dica a una zona devastada i sense recursos.","robots":{"index":"index","follow":"follow","max-snippet":"max-snippet:-1","max-image-preview":"max-image-preview:large","max-video-preview":"max-video-preview:-1"},"canonical":"https:\/\/www.openarms.es\/ca\/que-fem\/missions-humanitaries\/emergencies\/terratremol-de-siria-i-turquia","og_locale":"ca_ES","og_type":"article","og_title":"Terratr\u00e8mol S\u00edria i Turquia: Emerg\u00e8ncia m\u00e8dica | Open Arms","og_description":"Open Arms va donar suport a hospitals a S\u00edria despr\u00e9s del terratr\u00e8mol de 2023. Enviem ajuda m\u00e8dica a una zona devastada i sense recursos.","og_url":"https:\/\/www.openarms.es\/ca\/que-fem\/missions-humanitaries\/emergencies\/terratremol-de-siria-i-turquia","og_site_name":"Open Arms","article_modified_time":"2025-06-20T09:00:11+00:00","og_image":[{"width":1920,"height":1080,"url":"https:\/\/www.openarms.es\/wp-content\/uploads\/2025\/05\/terremoto-siria-turquia-01.jpg","type":"image\/jpeg"}],"twitter_card":"summary_large_image","twitter_misc":{"Temps estimat de lectura":"1 minut"},"schema":{"@context":"https:\/\/schema.org","@graph":[{"@type":"WebPage","@id":"https:\/\/www.openarms.es\/ca\/que-fem\/missions-humanitaries\/emergencies\/terratremol-de-siria-i-turquia","url":"https:\/\/www.openarms.es\/ca\/que-fem\/missions-humanitaries\/emergencies\/terratremol-de-siria-i-turquia","name":"Terratr\u00e8mol S\u00edria i Turquia: Emerg\u00e8ncia m\u00e8dica | Open Arms","isPartOf":{"@id":"https:\/\/www.openarms.es\/ca#website"},"primaryImageOfPage":{"@id":"https:\/\/www.openarms.es\/ca\/que-fem\/missions-humanitaries\/emergencies\/terratremol-de-siria-i-turquia#primaryimage"},"image":{"@id":"https:\/\/www.openarms.es\/ca\/que-fem\/missions-humanitaries\/emergencies\/terratremol-de-siria-i-turquia#primaryimage"},"thumbnailUrl":"https:\/\/www.openarms.es\/wp-content\/uploads\/2025\/05\/terremoto-siria-turquia-01.jpg","datePublished":"2025-05-15T07:57:36+00:00","dateModified":"2025-06-20T09:00:11+00:00","description":"Open Arms va donar suport a hospitals a S\u00edria despr\u00e9s del terratr\u00e8mol de 2023. Enviem ajuda m\u00e8dica a una zona devastada i sense recursos.","breadcrumb":{"@id":"https:\/\/www.openarms.es\/ca\/que-fem\/missions-humanitaries\/emergencies\/terratremol-de-siria-i-turquia#breadcrumb"},"inLanguage":"ca","potentialAction":[{"@type":"ReadAction","target":["https:\/\/www.openarms.es\/ca\/que-fem\/missions-humanitaries\/emergencies\/terratremol-de-siria-i-turquia"]}]},{"@type":"ImageObject","inLanguage":"ca","@id":"https:\/\/www.openarms.es\/ca\/que-fem\/missions-humanitaries\/emergencies\/terratremol-de-siria-i-turquia#primaryimage","url":"https:\/\/www.openarms.es\/wp-content\/uploads\/2025\/05\/terremoto-siria-turquia-01.jpg","contentUrl":"https:\/\/www.openarms.es\/wp-content\/uploads\/2025\/05\/terremoto-siria-turquia-01.jpg","width":1920,"height":1080,"caption":"Terremoto S\u00edria Turquia Open Arms"},{"@type":"BreadcrumbList","@id":"https:\/\/www.openarms.es\/ca\/que-fem\/missions-humanitaries\/emergencies\/terratremol-de-siria-i-turquia#breadcrumb","itemListElement":[{"@type":"ListItem","position":1,"name":"Qu\u00e8 Fem","item":"https:\/\/www.openarms.es\/ca\/que-fem"},{"@type":"ListItem","position":2,"name":"Missions Humanit\u00e0ries","item":"https:\/\/www.openarms.es\/ca\/que-fem\/missions-humanitaries"},{"@type":"ListItem","position":3,"name":"Emerg\u00e8ncies","item":"https:\/\/www.openarms.es\/ca\/que-fem\/missions-humanitaries\/emergencies"},{"@type":"ListItem","position":4,"name":"Terratr\u00e8mol de S\u00edria i Turquia"}]},{"@type":"WebSite","@id":"https:\/\/www.openarms.es\/ca#website","url":"https:\/\/www.openarms.es\/ca","name":"Open Arms","description":"","publisher":{"@id":"https:\/\/www.openarms.es\/ca#organization"},"potentialAction":[{"@type":"SearchAction","target":{"@type":"EntryPoint","urlTemplate":"https:\/\/www.openarms.es\/ca?s={search_term_string}"},"query-input":{"@type":"PropertyValueSpecification","valueRequired":true,"valueName":"search_term_string"}}],"inLanguage":"ca"},{"@type":"Organization","@id":"https:\/\/www.openarms.es\/ca#organization","name":"Open Arms","url":"https:\/\/www.openarms.es\/ca","logo":{"@type":"ImageObject","inLanguage":"ca","@id":"https:\/\/www.openarms.es\/ca#\/schema\/logo\/image\/","url":"https:\/\/www.openarms.es\/wp-content\/uploads\/2025\/03\/BRAND.svg","contentUrl":"https:\/\/www.openarms.es\/wp-content\/uploads\/2025\/03\/BRAND.svg","caption":"Open Arms"},"image":{"@id":"https:\/\/www.openarms.es\/ca#\/schema\/logo\/image\/"}}]}},"_links":{"self":[{"href":"https:\/\/www.openarms.es\/ca\/wp-json\/wp\/v2\/pages\/3032","targetHints":{"allow":["GET"]}}],"collection":[{"href":"https:\/\/www.openarms.es\/ca\/wp-json\/wp\/v2\/pages"}],"about":[{"href":"https:\/\/www.openarms.es\/ca\/wp-json\/wp\/v2\/types\/page"}],"author":[{"embeddable":true,"href":"https:\/\/www.openarms.es\/ca\/wp-json\/wp\/v2\/users\/1"}],"replies":[{"embeddable":true,"href":"https:\/\/www.openarms.es\/ca\/wp-json\/wp\/v2\/comments?post=3032"}],"version-history":[{"count":10,"href":"https:\/\/www.openarms.es\/ca\/wp-json\/wp\/v2\/pages\/3032\/revisions"}],"predecessor-version":[{"id":6321,"href":"https:\/\/www.openarms.es\/ca\/wp-json\/wp\/v2\/pages\/3032\/revisions\/6321"}],"up":[{"embeddable":true,"href":"https:\/\/www.openarms.es\/ca\/wp-json\/wp\/v2\/pages\/4712"}],"wp:featuredmedia":[{"embeddable":true,"href":"https:\/\/www.openarms.es\/ca\/wp-json\/wp\/v2\/media\/3176"}],"wp:attachment":[{"href":"https:\/\/www.openarms.es\/ca\/wp-json\/wp\/v2\/media?parent=3032"}],"curies":[{"name":"wp","href":"https:\/\/api.w.org\/{rel}","templated":true}]}}