{"id":3036,"date":"2025-05-15T08:02:43","date_gmt":"2025-05-15T08:02:43","guid":{"rendered":"https:\/\/www.openarms.es\/?page_id=3036"},"modified":"2025-06-20T08:59:25","modified_gmt":"2025-06-20T08:59:25","slug":"covid-19","status":"publish","type":"page","link":"https:\/\/www.openarms.es\/ca\/que-fem\/missions-humanitaries\/emergencies\/covid-19","title":{"rendered":"Covid-19"},"content":{"rendered":"\n<div class=\"wp-block-cover alignfull ebavs-header-hero-interior\" style=\"min-height:40rem;aspect-ratio:unset;\"><img loading=\"lazy\" decoding=\"async\" width=\"1024\" height=\"682\" class=\"wp-block-cover__image-background wp-image-3160 size-large\" alt=\"Covid-19 Open Arms Santi Palacios\" src=\"https:\/\/www.openarms.es\/wp-content\/uploads\/2025\/05\/covid-035_Santi-Palacios_2020-1024x682.jpg\" data-object-fit=\"cover\" srcset=\"https:\/\/www.openarms.es\/wp-content\/uploads\/2025\/05\/covid-035_Santi-Palacios_2020-1024x682.jpg 1024w, https:\/\/www.openarms.es\/wp-content\/uploads\/2025\/05\/covid-035_Santi-Palacios_2020-300x200.jpg 300w, https:\/\/www.openarms.es\/wp-content\/uploads\/2025\/05\/covid-035_Santi-Palacios_2020-768x512.jpg 768w, https:\/\/www.openarms.es\/wp-content\/uploads\/2025\/05\/covid-035_Santi-Palacios_2020-1536x1024.jpg 1536w, https:\/\/www.openarms.es\/wp-content\/uploads\/2025\/05\/covid-035_Santi-Palacios_2020.jpg 2000w\" sizes=\"auto, (max-width: 1024px) 100vw, 1024px\" \/><span aria-hidden=\"true\" class=\"wp-block-cover__background has-black-background-color has-background-dim-30 has-background-dim\"><\/span><div class=\"wp-block-cover__inner-container is-layout-flow wp-block-cover-is-layout-flow\">\n<div class=\"wp-block-group alignwide has-global-padding is-layout-constrained wp-block-group-is-layout-constrained\" style=\"margin-top:auto;margin-bottom:auto\">\n<div class=\"wp-block-group has-global-padding is-content-justification-left is-layout-constrained wp-container-core-group-is-layout-b58f3518 wp-block-group-is-layout-constrained\">\n<p class=\"has-text-align-left has-base-color has-text-color has-large-font-size\" style=\"font-family:var(--wp--preset--font-family--dinnextltpro)\">EMERG\u00c8NCIES<\/p>\n\n\n\n<h1 class=\"wp-block-heading has-text-align-left has-base-color has-text-color has-xx-large-font-size\" style=\"margin-top:0;margin-bottom:0\">Covid-19<\/h1>\n\n\n\n<p class=\"has-base-color has-text-color has-link-color wp-elements-6782863a8b56e4751b631aad35ec47fb\" style=\"margin-top:0;margin-bottom:0\">Si creus que davant d&#8217;una guerra cal protegir la vida dels m\u00e9s vulnerables, ets dels nostres.<\/p>\n\n\n\n<div class=\"wp-block-buttons is-content-justification-left is-layout-flex wp-container-core-buttons-is-layout-fc4fd283 wp-block-buttons-is-layout-flex\">\n<div class=\"wp-block-button\"><a class=\"wp-block-button__link has-contrast-color has-base-background-color has-text-color has-background has-dinnextltpro-font-family has-custom-font-size wp-element-button\" href=\"https:\/\/help.openarms.es\/miembro-openarms\/?lang=ca\" style=\"padding-top:16px;padding-right:24px;padding-bottom:14px;padding-left:24px;font-size:clamp(0.875rem, 0.875rem + ((1vw - 0.2rem) * 0.302), 1.13rem);font-style:normal;font-weight:700;line-height:1;text-transform:uppercase\" target=\"_blank\" rel=\"noreferrer noopener\">Fes-te membre<\/a><\/div>\n<\/div>\n<\/div>\n<\/div>\n<\/div><\/div>\n\n<div class=\"wp-block-cover alignfull is-light has-parallax\" style=\"margin-top:0;margin-bottom:0;padding-top:0;padding-right:0;padding-bottom:0;padding-left:0\"><div class=\"wp-block-cover__image-background wp-image-999 has-parallax\" style=\"background-position:50% 50%;background-image:url(https:\/\/www.openarms.es\/wp-content\/themes\/openarms\/assets\/images\/openarms-texture.webp)\"><\/div><span aria-hidden=\"true\" class=\"wp-block-cover__background has-base-background-color has-background-dim-80 has-background-dim\"><\/span><div class=\"wp-block-cover__inner-container is-layout-flow wp-block-cover-is-layout-flow\">\n<div class=\"wp-block-group alignwide has-global-padding is-layout-constrained wp-container-core-group-is-layout-8257ab09 wp-block-group-is-layout-constrained\" style=\"margin-top:1rem\">\n<div class=\"wp-block-group alignwide has-global-padding is-layout-constrained wp-block-group-is-layout-constrained\"><div class=\"yoast-breadcrumbs\"><span><span><a href=\"https:\/\/www.openarms.es\/ca\/que-fem\">Qu\u00e8 Fem<\/a><\/span> &gt; <span><a href=\"https:\/\/www.openarms.es\/ca\/que-fem\/missions-humanitaries\">Missions Humanit\u00e0ries<\/a><\/span> &gt; <span><a href=\"https:\/\/www.openarms.es\/ca\/que-fem\/missions-humanitaries\/emergencies\">Emerg\u00e8ncies<\/a><\/span> &gt; <span class=\"breadcrumb_last\" aria-current=\"page\">Covid-19<\/span><\/span><\/div>\n\n\n<hr class=\"wp-block-separator has-text-color has-gray-color has-alpha-channel-opacity has-gray-background-color has-background is-style-default\" style=\"margin-top:1rem;margin-bottom:4rem\"\/>\n<\/div>\n<\/div>\n\n\n\n<div class=\"wp-block-group has-global-padding is-layout-constrained wp-block-group-is-layout-constrained\">\n<div class=\"wp-block-columns alignwide ebavs-space-between is-layout-flex wp-container-core-columns-is-layout-643ced6b wp-block-columns-is-layout-flex\">\n<div class=\"wp-block-column is-layout-flow wp-block-column-is-layout-flow\" style=\"flex-basis:33%\">\n<h2 class=\"wp-block-heading has-contrast-color has-text-color has-x-large-font-size\" style=\"margin-top:0\"><strong>Covid-19<\/strong><\/h2>\n<\/div>\n\n\n\n<div class=\"wp-block-column is-layout-flow wp-block-column-is-layout-flow\" style=\"flex-basis:50%\">\n<p class=\"has-dark-gray-color has-text-color has-medium-font-size\" style=\"line-height:1.14em\">Durant l&#8217;emerg\u00e8ncia sanit\u00e0ria, entrem en les resid\u00e8ncies i ens sumem als equips sanitaris per a ajudar a <strong>protegir les vides dels m\u00e9s vulnerables: els ancians<\/strong>.<\/p>\n<\/div>\n<\/div>\n<\/div>\n\n\n\n<div class=\"wp-block-group has-global-padding is-layout-constrained wp-block-group-is-layout-constrained\">\n<figure class=\"wp-block-image aligncenter size-large has-custom-border\" style=\"margin-top:3rem;margin-bottom:4rem\"><img loading=\"lazy\" decoding=\"async\" width=\"1024\" height=\"683\" src=\"https:\/\/www.openarms.es\/wp-content\/uploads\/2025\/05\/covid-image-02-1024x683.jpg\" alt=\"Covid-19 Open Arms 01\" class=\"wp-image-3688\" style=\"border-style:none;border-width:0px;border-radius:16px;aspect-ratio:16\/9;object-fit:cover\" srcset=\"https:\/\/www.openarms.es\/wp-content\/uploads\/2025\/05\/covid-image-02-1024x683.jpg 1024w, https:\/\/www.openarms.es\/wp-content\/uploads\/2025\/05\/covid-image-02-300x200.jpg 300w, https:\/\/www.openarms.es\/wp-content\/uploads\/2025\/05\/covid-image-02-768x512.jpg 768w, https:\/\/www.openarms.es\/wp-content\/uploads\/2025\/05\/covid-image-02-1536x1025.jpg 1536w, https:\/\/www.openarms.es\/wp-content\/uploads\/2025\/05\/covid-image-02.jpg 1920w\" sizes=\"auto, (max-width: 1024px) 100vw, 1024px\" \/><\/figure>\n<\/div>\n\n\n\n<div class=\"wp-block-group has-global-padding is-layout-constrained wp-block-group-is-layout-constrained\">\n<hr class=\"wp-block-separator has-text-color has-contrast-color has-alpha-channel-opacity has-contrast-background-color has-background is-style-wide is-style-wide--1\" style=\"margin-top:4rem;margin-bottom:4rem\"\/>\n<\/div>\n\n\n\n<div class=\"wp-block-group has-global-padding is-layout-constrained wp-block-group-is-layout-constrained\">\n<div class=\"wp-block-columns alignwide ebavs-space-between is-layout-flex wp-container-core-columns-is-layout-643ced6b wp-block-columns-is-layout-flex\">\n<div class=\"wp-block-column is-layout-flow wp-block-column-is-layout-flow\" style=\"flex-basis:33%\">\n<h3 class=\"wp-block-heading has-dinnextltpro-font-family\"><strong>Trasllat de persones majors<\/strong><\/h3>\n<\/div>\n\n\n\n<div class=\"wp-block-column is-layout-flow wp-block-column-is-layout-flow\" style=\"flex-basis:33%\">\n<p class=\"has-dark-gray-color has-text-color has-medium-font-size\" style=\"line-height:1.14em\">El COVID-19 va tenir un efecte devastador en les resid\u00e8ncies d&#8217;ancians. Per aix\u00f2,<strong>\u00a0Open\u00a0Arms\u00a0va col\u00b7laborar amb el\u00a0Ajuntament\u00a0de Barcelona<\/strong> en el trasllat de persones majors de resid\u00e8ncies geri\u00e0triques a trav\u00e9s de cinc unitats, cadascuna formada per dues persones volunt\u00e0ries, per a frenar la cadena de contagis i evitar morts.<\/p>\n\n\n\n<p class=\"has-dark-gray-color has-text-color\" style=\"font-family:var(--wp--preset--font-family--dinnextltpro);font-size:clamp(17.905px, 1.119rem + ((1vw - 3.2px) * 0.747), 28px);line-height:1.14em\"><\/p>\n<\/div>\n\n\n\n<div class=\"wp-block-column is-layout-flow wp-block-column-is-layout-flow\" style=\"flex-basis:33%\">\n<p class=\"has-dark-gray-color has-text-color has-medium-font-size\" style=\"line-height:1.14em\">La detecci\u00f3 preco\u00e7 del virus va ser una de les mesures m\u00e9s \u00fatils per a frenar el contagi.\u00a0Open\u00a0Arms\u00a0va posar a la disposici\u00f3 del\u00a0Departament\u00a0de\u00a0Salut\u00a0de Catalunya<strong> un operatiu de 30 vehicles i m\u00e9s de 70 voluntaris<\/strong> amb la formaci\u00f3 necess\u00e0ria. Tots ells es van sumar als equips d&#8217;atenci\u00f3 prim\u00e0ria per a realitzar proves i recollir mostres de les persones que vivien a l&#8217;entorn de les resid\u00e8ncies.<\/p>\n<\/div>\n<\/div>\n<\/div>\n\n\n\n<div class=\"wp-block-group has-global-padding is-layout-constrained wp-block-group-is-layout-constrained\">\n<figure class=\"wp-block-image aligncenter size-large has-custom-border\" style=\"margin-top:3rem;margin-bottom:4rem\"><img loading=\"lazy\" decoding=\"async\" width=\"1024\" height=\"683\" src=\"https:\/\/www.openarms.es\/wp-content\/uploads\/2025\/05\/covid-image-01-1024x683.jpg\" alt=\"Covid-19 Open Arms 02\" class=\"wp-image-3693\" style=\"border-style:none;border-width:0px;border-radius:16px;aspect-ratio:16\/9;object-fit:cover\" srcset=\"https:\/\/www.openarms.es\/wp-content\/uploads\/2025\/05\/covid-image-01-1024x683.jpg 1024w, https:\/\/www.openarms.es\/wp-content\/uploads\/2025\/05\/covid-image-01-300x200.jpg 300w, https:\/\/www.openarms.es\/wp-content\/uploads\/2025\/05\/covid-image-01-768x512.jpg 768w, https:\/\/www.openarms.es\/wp-content\/uploads\/2025\/05\/covid-image-01-1536x1024.jpg 1536w, https:\/\/www.openarms.es\/wp-content\/uploads\/2025\/05\/covid-image-01.jpg 1920w\" sizes=\"auto, (max-width: 1024px) 100vw, 1024px\" \/><\/figure>\n<\/div>\n\n\n\n<div class=\"wp-block-group has-global-padding is-layout-constrained wp-block-group-is-layout-constrained\">\n<hr class=\"wp-block-separator has-text-color has-contrast-color has-alpha-channel-opacity has-contrast-background-color has-background is-style-wide is-style-wide--2\" style=\"margin-top:4rem;margin-bottom:4rem\"\/>\n<\/div>\n\n\n\n<div class=\"wp-block-group has-global-padding is-layout-constrained wp-block-group-is-layout-constrained\">\n<div class=\"wp-block-columns alignwide ebavs-space-between is-layout-flex wp-container-core-columns-is-layout-643ced6b wp-block-columns-is-layout-flex\">\n<div class=\"wp-block-column is-layout-flow wp-block-column-is-layout-flow\" style=\"flex-basis:33%\">\n<h3 class=\"wp-block-heading has-dinnextltpro-font-family\"><strong>Assist\u00e8ncia a persones temporeres<\/strong><\/h3>\n<\/div>\n\n\n\n<div class=\"wp-block-column is-layout-flow wp-block-column-is-layout-flow\" style=\"flex-basis:33%\">\n<p class=\"has-dark-gray-color has-text-color has-medium-font-size\" style=\"line-height:1.14em\">Durant els rebrots de COVID-19, la malaltia es va encebar entre les persones temporeres de comarques com el Segri\u00e0 (Lleida).<\/p>\n<\/div>\n\n\n\n<div class=\"wp-block-column is-layout-flow wp-block-column-is-layout-flow\" style=\"flex-basis:33%\">\n<p class=\"has-dark-gray-color has-text-color has-medium-font-size\" style=\"line-height:1.14em\">Open\u00a0Arms\u00a0va tancar un acord de col\u00b7laboraci\u00f3 amb els ajuntaments de la comarca i amb el Consell Comarcal del Segri\u00e0 per a l&#8217;<strong>assist\u00e8ncia a persones treballadores en la recollida de la fruita i en situaci\u00f3 de vulnerabilitat<\/strong> diagnosticades positives COVID-19, asimptom\u00e0tiques o casos lleus.<\/p>\n<\/div>\n<\/div>\n<\/div>\n\n\n\n<div class=\"wp-block-group alignfull has-global-padding is-layout-constrained wp-container-core-group-is-layout-0c9c989a wp-block-group-is-layout-constrained\" style=\"min-height:0vh;margin-top:0;margin-bottom:0;padding-top:var(--wp--preset--spacing--70);padding-right:var(--wp--preset--spacing--40);padding-bottom:var(--wp--preset--spacing--70);padding-left:var(--wp--preset--spacing--40)\">\n<div class=\"wp-block-columns are-vertically-aligned-top is-content-justification-center is-layout-flex wp-container-core-columns-is-layout-8c19c11b wp-block-columns-is-layout-flex\">\n<div class=\"wp-block-column is-vertically-aligned-top is-layout-flow wp-block-column-is-layout-flow\" style=\"flex-basis:60%\">\n<div class=\"wp-block-group has-contrast-background-color has-background has-global-padding is-layout-constrained wp-container-core-group-is-layout-a91b9633 wp-block-group-is-layout-constrained\" style=\"border-style:none;border-width:0px;border-radius:32px;padding-top:var(--wp--preset--spacing--40);padding-right:2rem;padding-bottom:var(--wp--preset--spacing--40);padding-left:2rem\">\n<h3 class=\"wp-block-heading has-text-align-center has-base-color has-text-color has-link-color wp-elements-f0ca9dc66eb2146bdb1190b1326b2229\" style=\"margin-right:0;margin-left:0;padding-right:0;padding-left:0;font-size:clamp(1.502rem, 1.502rem + ((1vw - 0.2rem) * 1.181), 2.5rem);line-height:1.15\">Si creus que tota vida ha de ser salvada, implica&#8217;t. Entre tots, en podem salvar moltes m\u00e9s.<\/h3>\n\n\n\n<div class=\"wp-block-buttons is-horizontal is-content-justification-center is-layout-flex wp-container-core-buttons-is-layout-03627597 wp-block-buttons-is-layout-flex\">\n<div class=\"wp-block-button\"><a class=\"wp-block-button__link has-contrast-color has-base-background-color has-text-color has-background has-custom-font-size wp-element-button\" href=\"https:\/\/www.openarms.es\/ca\/com-ajudar\/dona\" style=\"padding-top:16px;padding-right:24px;padding-bottom:14px;padding-left:24px;font-size:clamp(14px, 0.875rem + ((1vw - 3.2px) * 0.296), 18px);font-style:normal;font-weight:700\">DONA ARA<\/a><\/div>\n<\/div>\n<\/div>\n<\/div>\n<\/div>\n<\/div>\n<\/div><\/div>\n","protected":false},"excerpt":{"rendered":"","protected":false},"author":1,"featured_media":3161,"parent":4712,"menu_order":0,"comment_status":"closed","ping_status":"closed","template":"page-interior","meta":{"content-type":"","footnotes":""},"class_list":["post-3036","page","type-page","status-publish","has-post-thumbnail","hentry"],"yoast_head":"<!-- This site is optimized with the Yoast SEO plugin v25.9 - https:\/\/yoast.com\/wordpress\/plugins\/seo\/ -->\n<title>COVID-19: Suport en resid\u00e8ncies i emerg\u00e8ncies | Open Arms<\/title>\n<meta name=\"description\" content=\"Durant la pand\u00e8mia, Open Arms va protegir els m\u00e9s vulnerables en resid\u00e8ncies, amb trasllats, test i assist\u00e8ncia a persones en risc.\" \/>\n<meta name=\"robots\" content=\"index, follow, max-snippet:-1, max-image-preview:large, max-video-preview:-1\" \/>\n<link rel=\"canonical\" href=\"https:\/\/www.openarms.es\/ca\/que-fem\/missions-humanitaries\/emergencies\/covid-19\" \/>\n<meta property=\"og:locale\" content=\"ca_ES\" \/>\n<meta property=\"og:type\" content=\"article\" \/>\n<meta property=\"og:title\" content=\"COVID-19: Suport en resid\u00e8ncies i emerg\u00e8ncies | Open Arms\" \/>\n<meta property=\"og:description\" content=\"Durant la pand\u00e8mia, Open Arms va protegir els m\u00e9s vulnerables en resid\u00e8ncies, amb trasllats, test i assist\u00e8ncia a persones en risc.\" \/>\n<meta property=\"og:url\" content=\"https:\/\/www.openarms.es\/ca\/que-fem\/missions-humanitaries\/emergencies\/covid-19\" \/>\n<meta property=\"og:site_name\" content=\"Open Arms\" \/>\n<meta property=\"article:modified_time\" content=\"2025-06-20T08:59:25+00:00\" \/>\n<meta property=\"og:image\" content=\"https:\/\/www.openarms.es\/wp-content\/uploads\/2025\/05\/covid-035_Santi-Palacios_2020.jpg\" \/>\n\t<meta property=\"og:image:width\" content=\"2000\" \/>\n\t<meta property=\"og:image:height\" content=\"1333\" \/>\n\t<meta property=\"og:image:type\" content=\"image\/jpeg\" \/>\n<meta name=\"twitter:card\" content=\"summary_large_image\" \/>\n<meta name=\"twitter:label1\" content=\"Temps estimat de lectura\" \/>\n\t<meta name=\"twitter:data1\" content=\"1 minut\" \/>\n<script type=\"application\/ld+json\" class=\"yoast-schema-graph\">{\"@context\":\"https:\/\/schema.org\",\"@graph\":[{\"@type\":\"WebPage\",\"@id\":\"https:\/\/www.openarms.es\/ca\/que-fem\/missions-humanitaries\/emergencies\/covid-19\",\"url\":\"https:\/\/www.openarms.es\/ca\/que-fem\/missions-humanitaries\/emergencies\/covid-19\",\"name\":\"COVID-19: Suport en resid\u00e8ncies i emerg\u00e8ncies | Open Arms\",\"isPartOf\":{\"@id\":\"https:\/\/www.openarms.es\/ca#website\"},\"primaryImageOfPage\":{\"@id\":\"https:\/\/www.openarms.es\/ca\/que-fem\/missions-humanitaries\/emergencies\/covid-19#primaryimage\"},\"image\":{\"@id\":\"https:\/\/www.openarms.es\/ca\/que-fem\/missions-humanitaries\/emergencies\/covid-19#primaryimage\"},\"thumbnailUrl\":\"https:\/\/www.openarms.es\/wp-content\/uploads\/2025\/05\/covid-035_Santi-Palacios_2020.jpg\",\"datePublished\":\"2025-05-15T08:02:43+00:00\",\"dateModified\":\"2025-06-20T08:59:25+00:00\",\"description\":\"Durant la pand\u00e8mia, Open Arms va protegir els m\u00e9s vulnerables en resid\u00e8ncies, amb trasllats, test i assist\u00e8ncia a persones en risc.\",\"breadcrumb\":{\"@id\":\"https:\/\/www.openarms.es\/ca\/que-fem\/missions-humanitaries\/emergencies\/covid-19#breadcrumb\"},\"inLanguage\":\"ca\",\"potentialAction\":[{\"@type\":\"ReadAction\",\"target\":[\"https:\/\/www.openarms.es\/ca\/que-fem\/missions-humanitaries\/emergencies\/covid-19\"]}]},{\"@type\":\"ImageObject\",\"inLanguage\":\"ca\",\"@id\":\"https:\/\/www.openarms.es\/ca\/que-fem\/missions-humanitaries\/emergencies\/covid-19#primaryimage\",\"url\":\"https:\/\/www.openarms.es\/wp-content\/uploads\/2025\/05\/covid-035_Santi-Palacios_2020.jpg\",\"contentUrl\":\"https:\/\/www.openarms.es\/wp-content\/uploads\/2025\/05\/covid-035_Santi-Palacios_2020.jpg\",\"width\":2000,\"height\":1333,\"caption\":\"Covid-19 Open Arms Santi Palacios\"},{\"@type\":\"BreadcrumbList\",\"@id\":\"https:\/\/www.openarms.es\/ca\/que-fem\/missions-humanitaries\/emergencies\/covid-19#breadcrumb\",\"itemListElement\":[{\"@type\":\"ListItem\",\"position\":1,\"name\":\"Qu\u00e8 Fem\",\"item\":\"https:\/\/www.openarms.es\/ca\/que-fem\"},{\"@type\":\"ListItem\",\"position\":2,\"name\":\"Missions Humanit\u00e0ries\",\"item\":\"https:\/\/www.openarms.es\/ca\/que-fem\/missions-humanitaries\"},{\"@type\":\"ListItem\",\"position\":3,\"name\":\"Emerg\u00e8ncies\",\"item\":\"https:\/\/www.openarms.es\/ca\/que-fem\/missions-humanitaries\/emergencies\"},{\"@type\":\"ListItem\",\"position\":4,\"name\":\"Covid-19\"}]},{\"@type\":\"WebSite\",\"@id\":\"https:\/\/www.openarms.es\/ca#website\",\"url\":\"https:\/\/www.openarms.es\/ca\",\"name\":\"Open Arms\",\"description\":\"\",\"publisher\":{\"@id\":\"https:\/\/www.openarms.es\/ca#organization\"},\"potentialAction\":[{\"@type\":\"SearchAction\",\"target\":{\"@type\":\"EntryPoint\",\"urlTemplate\":\"https:\/\/www.openarms.es\/ca?s={search_term_string}\"},\"query-input\":{\"@type\":\"PropertyValueSpecification\",\"valueRequired\":true,\"valueName\":\"search_term_string\"}}],\"inLanguage\":\"ca\"},{\"@type\":\"Organization\",\"@id\":\"https:\/\/www.openarms.es\/ca#organization\",\"name\":\"Open Arms\",\"url\":\"https:\/\/www.openarms.es\/ca\",\"logo\":{\"@type\":\"ImageObject\",\"inLanguage\":\"ca\",\"@id\":\"https:\/\/www.openarms.es\/ca#\/schema\/logo\/image\/\",\"url\":\"https:\/\/www.openarms.es\/wp-content\/uploads\/2025\/03\/BRAND.svg\",\"contentUrl\":\"https:\/\/www.openarms.es\/wp-content\/uploads\/2025\/03\/BRAND.svg\",\"caption\":\"Open Arms\"},\"image\":{\"@id\":\"https:\/\/www.openarms.es\/ca#\/schema\/logo\/image\/\"}}]}<\/script>\n<!-- \/ Yoast SEO plugin. -->","yoast_head_json":{"title":"COVID-19: Suport en resid\u00e8ncies i emerg\u00e8ncies | Open Arms","description":"Durant la pand\u00e8mia, Open Arms va protegir els m\u00e9s vulnerables en resid\u00e8ncies, amb trasllats, test i assist\u00e8ncia a persones en risc.","robots":{"index":"index","follow":"follow","max-snippet":"max-snippet:-1","max-image-preview":"max-image-preview:large","max-video-preview":"max-video-preview:-1"},"canonical":"https:\/\/www.openarms.es\/ca\/que-fem\/missions-humanitaries\/emergencies\/covid-19","og_locale":"ca_ES","og_type":"article","og_title":"COVID-19: Suport en resid\u00e8ncies i emerg\u00e8ncies | Open Arms","og_description":"Durant la pand\u00e8mia, Open Arms va protegir els m\u00e9s vulnerables en resid\u00e8ncies, amb trasllats, test i assist\u00e8ncia a persones en risc.","og_url":"https:\/\/www.openarms.es\/ca\/que-fem\/missions-humanitaries\/emergencies\/covid-19","og_site_name":"Open Arms","article_modified_time":"2025-06-20T08:59:25+00:00","og_image":[{"width":2000,"height":1333,"url":"https:\/\/www.openarms.es\/wp-content\/uploads\/2025\/05\/covid-035_Santi-Palacios_2020.jpg","type":"image\/jpeg"}],"twitter_card":"summary_large_image","twitter_misc":{"Temps estimat de lectura":"1 minut"},"schema":{"@context":"https:\/\/schema.org","@graph":[{"@type":"WebPage","@id":"https:\/\/www.openarms.es\/ca\/que-fem\/missions-humanitaries\/emergencies\/covid-19","url":"https:\/\/www.openarms.es\/ca\/que-fem\/missions-humanitaries\/emergencies\/covid-19","name":"COVID-19: Suport en resid\u00e8ncies i emerg\u00e8ncies | Open Arms","isPartOf":{"@id":"https:\/\/www.openarms.es\/ca#website"},"primaryImageOfPage":{"@id":"https:\/\/www.openarms.es\/ca\/que-fem\/missions-humanitaries\/emergencies\/covid-19#primaryimage"},"image":{"@id":"https:\/\/www.openarms.es\/ca\/que-fem\/missions-humanitaries\/emergencies\/covid-19#primaryimage"},"thumbnailUrl":"https:\/\/www.openarms.es\/wp-content\/uploads\/2025\/05\/covid-035_Santi-Palacios_2020.jpg","datePublished":"2025-05-15T08:02:43+00:00","dateModified":"2025-06-20T08:59:25+00:00","description":"Durant la pand\u00e8mia, Open Arms va protegir els m\u00e9s vulnerables en resid\u00e8ncies, amb trasllats, test i assist\u00e8ncia a persones en risc.","breadcrumb":{"@id":"https:\/\/www.openarms.es\/ca\/que-fem\/missions-humanitaries\/emergencies\/covid-19#breadcrumb"},"inLanguage":"ca","potentialAction":[{"@type":"ReadAction","target":["https:\/\/www.openarms.es\/ca\/que-fem\/missions-humanitaries\/emergencies\/covid-19"]}]},{"@type":"ImageObject","inLanguage":"ca","@id":"https:\/\/www.openarms.es\/ca\/que-fem\/missions-humanitaries\/emergencies\/covid-19#primaryimage","url":"https:\/\/www.openarms.es\/wp-content\/uploads\/2025\/05\/covid-035_Santi-Palacios_2020.jpg","contentUrl":"https:\/\/www.openarms.es\/wp-content\/uploads\/2025\/05\/covid-035_Santi-Palacios_2020.jpg","width":2000,"height":1333,"caption":"Covid-19 Open Arms Santi Palacios"},{"@type":"BreadcrumbList","@id":"https:\/\/www.openarms.es\/ca\/que-fem\/missions-humanitaries\/emergencies\/covid-19#breadcrumb","itemListElement":[{"@type":"ListItem","position":1,"name":"Qu\u00e8 Fem","item":"https:\/\/www.openarms.es\/ca\/que-fem"},{"@type":"ListItem","position":2,"name":"Missions Humanit\u00e0ries","item":"https:\/\/www.openarms.es\/ca\/que-fem\/missions-humanitaries"},{"@type":"ListItem","position":3,"name":"Emerg\u00e8ncies","item":"https:\/\/www.openarms.es\/ca\/que-fem\/missions-humanitaries\/emergencies"},{"@type":"ListItem","position":4,"name":"Covid-19"}]},{"@type":"WebSite","@id":"https:\/\/www.openarms.es\/ca#website","url":"https:\/\/www.openarms.es\/ca","name":"Open Arms","description":"","publisher":{"@id":"https:\/\/www.openarms.es\/ca#organization"},"potentialAction":[{"@type":"SearchAction","target":{"@type":"EntryPoint","urlTemplate":"https:\/\/www.openarms.es\/ca?s={search_term_string}"},"query-input":{"@type":"PropertyValueSpecification","valueRequired":true,"valueName":"search_term_string"}}],"inLanguage":"ca"},{"@type":"Organization","@id":"https:\/\/www.openarms.es\/ca#organization","name":"Open Arms","url":"https:\/\/www.openarms.es\/ca","logo":{"@type":"ImageObject","inLanguage":"ca","@id":"https:\/\/www.openarms.es\/ca#\/schema\/logo\/image\/","url":"https:\/\/www.openarms.es\/wp-content\/uploads\/2025\/03\/BRAND.svg","contentUrl":"https:\/\/www.openarms.es\/wp-content\/uploads\/2025\/03\/BRAND.svg","caption":"Open Arms"},"image":{"@id":"https:\/\/www.openarms.es\/ca#\/schema\/logo\/image\/"}}]}},"_links":{"self":[{"href":"https:\/\/www.openarms.es\/ca\/wp-json\/wp\/v2\/pages\/3036","targetHints":{"allow":["GET"]}}],"collection":[{"href":"https:\/\/www.openarms.es\/ca\/wp-json\/wp\/v2\/pages"}],"about":[{"href":"https:\/\/www.openarms.es\/ca\/wp-json\/wp\/v2\/types\/page"}],"author":[{"embeddable":true,"href":"https:\/\/www.openarms.es\/ca\/wp-json\/wp\/v2\/users\/1"}],"replies":[{"embeddable":true,"href":"https:\/\/www.openarms.es\/ca\/wp-json\/wp\/v2\/comments?post=3036"}],"version-history":[{"count":10,"href":"https:\/\/www.openarms.es\/ca\/wp-json\/wp\/v2\/pages\/3036\/revisions"}],"predecessor-version":[{"id":6294,"href":"https:\/\/www.openarms.es\/ca\/wp-json\/wp\/v2\/pages\/3036\/revisions\/6294"}],"up":[{"embeddable":true,"href":"https:\/\/www.openarms.es\/ca\/wp-json\/wp\/v2\/pages\/4712"}],"wp:featuredmedia":[{"embeddable":true,"href":"https:\/\/www.openarms.es\/ca\/wp-json\/wp\/v2\/media\/3161"}],"wp:attachment":[{"href":"https:\/\/www.openarms.es\/ca\/wp-json\/wp\/v2\/media?parent=3036"}],"curies":[{"name":"wp","href":"https:\/\/api.w.org\/{rel}","templated":true}]}}