{"id":3848,"date":"2025-03-26T10:26:01","date_gmt":"2025-03-26T10:26:01","guid":{"rendered":"https:\/\/www.openarms.es\/difon"},"modified":"2025-06-20T08:47:44","modified_gmt":"2025-06-20T08:47:44","slug":"difon","status":"publish","type":"page","link":"https:\/\/www.openarms.es\/ca\/com-ajudar\/difon","title":{"rendered":"Difon"},"content":{"rendered":"\n<div class=\"wp-block-cover alignfull ebavs-header-hero-interior\" style=\"min-height:40rem;aspect-ratio:unset;\"><img loading=\"lazy\" decoding=\"async\" width=\"1136\" height=\"442\" class=\"wp-block-cover__image-background wp-image-448\" alt=\"\" src=\"https:\/\/www.openarms.es\/wp-content\/uploads\/2025\/03\/openarms-salvamento.webp\" data-object-fit=\"cover\" srcset=\"https:\/\/www.openarms.es\/wp-content\/uploads\/2025\/03\/openarms-salvamento.webp 1136w, https:\/\/www.openarms.es\/wp-content\/uploads\/2025\/03\/openarms-salvamento-300x117.webp 300w, https:\/\/www.openarms.es\/wp-content\/uploads\/2025\/03\/openarms-salvamento-1024x398.webp 1024w, https:\/\/www.openarms.es\/wp-content\/uploads\/2025\/03\/openarms-salvamento-768x299.webp 768w\" sizes=\"auto, (max-width: 1136px) 100vw, 1136px\" \/><span aria-hidden=\"true\" class=\"wp-block-cover__background has-black-background-color has-background-dim\"><\/span><div class=\"wp-block-cover__inner-container is-layout-flow wp-block-cover-is-layout-flow\">\n<div class=\"wp-block-group alignwide has-global-padding is-layout-constrained wp-container-core-group-is-layout-a8a8a09e wp-block-group-is-layout-constrained\" style=\"margin-top:auto;margin-bottom:auto;padding-right:0;padding-left:0\">\n<div class=\"wp-block-group has-global-padding is-content-justification-left is-layout-constrained wp-container-core-group-is-layout-b58f3518 wp-block-group-is-layout-constrained\">\n<p class=\"has-text-align-left has-base-color has-text-color has-large-font-size\" style=\"font-family:var(--wp--preset--font-family--dinnextltpro)\"> COM AJUDAR<\/p>\n\n\n\n<h1 class=\"wp-block-heading has-text-align-left has-base-color has-text-color has-xx-large-font-size\" style=\"margin-top:0;margin-bottom:0\"> DIFON<\/h1>\n<\/div>\n<\/div>\n<\/div><\/div>\n\n<div class=\"wp-block-cover alignfull is-light has-parallax\" style=\"margin-top:0;margin-bottom:0;padding-top:0;padding-right:0;padding-bottom:0;padding-left:0\"><div class=\"wp-block-cover__image-background wp-image-999 has-parallax\" style=\"background-position:50% 50%;background-image:url(https:\/\/www.openarms.es\/wp-content\/themes\/openarms\/assets\/images\/openarms-texture.webp)\"><\/div><span aria-hidden=\"true\" class=\"wp-block-cover__background has-base-background-color has-background-dim-80 has-background-dim\"><\/span><div class=\"wp-block-cover__inner-container is-layout-flow wp-block-cover-is-layout-flow\">\n<div class=\"wp-block-group has-global-padding is-layout-constrained wp-container-core-group-is-layout-8257ab09 wp-block-group-is-layout-constrained\" style=\"margin-top:1rem\">\n<div class=\"wp-block-group alignwide has-global-padding is-layout-constrained wp-block-group-is-layout-constrained\"><div class=\"yoast-breadcrumbs\"><span><span><a href=\"https:\/\/www.openarms.es\/ca\/com-ajudar\">Com ajudar<\/a><\/span> &gt; <span class=\"breadcrumb_last\" aria-current=\"page\">Difon<\/span><\/span><\/div>\n\n\n<hr class=\"wp-block-separator has-text-color has-gray-color has-alpha-channel-opacity has-gray-background-color has-background is-style-default\" style=\"margin-top:1rem;margin-bottom:4rem\"\/>\n<\/div>\n<\/div>\n\n\n\n<div class=\"wp-block-group has-global-padding is-layout-constrained wp-block-group-is-layout-constrained\" style=\"margin-bottom:var(--wp--preset--spacing--64)\">\n<div class=\"wp-block-group has-global-padding is-layout-constrained wp-block-group-is-layout-constrained\">\n<div class=\"wp-block-columns alignwide ebavs-space-between is-layout-flex wp-container-core-columns-is-layout-643ced6b wp-block-columns-is-layout-flex\">\n<div class=\"wp-block-column is-layout-flow wp-block-column-is-layout-flow\" style=\"flex-basis:33%\">\n<h2 class=\"wp-block-heading has-contrast-color has-text-color has-x-large-font-size\" style=\"margin-top:0\"> Divulga la nostra labor<\/h2>\n<\/div>\n\n\n\n<div class=\"wp-block-column is-layout-flow wp-block-column-is-layout-flow\" style=\"flex-basis:50%\">\n<p class=\"has-dark-gray-color has-text-color has-medium-font-size\" style=\"line-height:1.14em\"> Hi ha moltes maneres de fer-ho. S\u00e9 creatiu o creativa. Et deixem algunes idees:<\/p>\n<\/div>\n<\/div>\n<\/div>\n\n\n\n<div class=\"wp-block-columns is-layout-flex wp-container-core-columns-is-layout-28f84493 wp-block-columns-is-layout-flex\">\n<div class=\"wp-block-column is-layout-flow wp-block-column-is-layout-flow\">\n<div class=\"wp-block-columns is-not-stacked-on-mobile is-layout-flex wp-container-core-columns-is-layout-8f061566 wp-block-columns-is-layout-flex\" style=\"margin-bottom:3rem\">\n<div class=\"wp-block-column has-global-padding is-content-justification-center is-layout-constrained wp-container-core-column-is-layout-91bde7bd wp-block-column-is-layout-constrained\" style=\"flex-basis:30%\">\n<figure class=\"wp-block-image alignfull size-full difunde-icon\"><img loading=\"lazy\" decoding=\"async\" width=\"160\" height=\"160\" src=\"https:\/\/www.openarms.es\/wp-content\/uploads\/2025\/06\/icon-like.svg\" alt=\"Icono Like Open Arms\" class=\"wp-image-4613\"\/><\/figure>\n<\/div>\n\n\n\n<div class=\"wp-block-column is-vertically-aligned-center is-style-default is-layout-flow wp-block-column-is-layout-flow\" style=\"padding-right:0;padding-left:0;flex-basis:70%\">\n<p class=\"has-dark-gray-color has-text-color has-link-color has-small-font-size wp-elements-80d960703c6c2570ec77d1f7fc2e9c8c\" style=\"margin-top:0;margin-bottom:0\">Segueix-nos en <a href=\"https:\/\/www.instagram.com\/openarms_fund\" target=\"_blank\" rel=\"noreferrer noopener\">Instagram<\/a>, <a href=\"https:\/\/www.facebook.com\/openarmsfund\" target=\"_blank\" rel=\"noreferrer noopener\">Facebook<\/a>, <a href=\"https:\/\/bsky.app\/profile\/openarmsfund.bsky.social\" target=\"_blank\" rel=\"noreferrer noopener\">Bluesky<\/a> y <a href=\"https:\/\/www.linkedin.com\/company\/open-arms-fund\/\" target=\"_blank\" rel=\"noreferrer noopener\">Linkedin<\/a>. Comparteix les nostres hist\u00f2ries i publicacions.<\/p>\n<\/div>\n<\/div>\n\n\n\n<div class=\"wp-block-columns is-not-stacked-on-mobile is-layout-flex wp-container-core-columns-is-layout-8f061566 wp-block-columns-is-layout-flex\" style=\"margin-bottom:3rem\">\n<div class=\"wp-block-column has-global-padding is-content-justification-center is-layout-constrained wp-container-core-column-is-layout-91bde7bd wp-block-column-is-layout-constrained\" style=\"flex-basis:30%\">\n<figure class=\"wp-block-image alignfull size-full difunde-icon\"><img loading=\"lazy\" decoding=\"async\" width=\"160\" height=\"160\" src=\"https:\/\/www.openarms.es\/wp-content\/uploads\/2025\/06\/icon-hablar.svg\" alt=\"Icono hablar Open Arms\" class=\"wp-image-4597\"\/><\/figure>\n<\/div>\n\n\n\n<div class=\"wp-block-column is-vertically-aligned-center is-style-default is-layout-flow wp-block-column-is-layout-flow\" style=\"padding-right:0;padding-left:0;flex-basis:70%\">\n<p class=\"has-dark-gray-color has-text-color has-link-color has-small-font-size wp-elements-9ad604a014b714eb7f3f43c7c029324e\" style=\"margin-top:0;margin-bottom:0\"> Fes una xerrada en el teu treball per a explicar-los el que saps sobre Open Arms.<\/p>\n<\/div>\n<\/div>\n\n\n\n<div class=\"wp-block-columns is-not-stacked-on-mobile is-layout-flex wp-container-core-columns-is-layout-8f061566 wp-block-columns-is-layout-flex\" style=\"margin-bottom:3rem\">\n<div class=\"wp-block-column has-global-padding is-content-justification-center is-layout-constrained wp-container-core-column-is-layout-91bde7bd wp-block-column-is-layout-constrained\" style=\"flex-basis:30%\">\n<figure class=\"wp-block-image alignfull size-full difunde-icon\"><img loading=\"lazy\" decoding=\"async\" width=\"160\" height=\"160\" src=\"https:\/\/www.openarms.es\/wp-content\/uploads\/2025\/06\/icon-comida.svg\" alt=\"Icono Comida Solidaria Open Arms\" class=\"wp-image-4608\"\/><\/figure>\n<\/div>\n\n\n\n<div class=\"wp-block-column is-vertically-aligned-center is-style-default is-layout-flow wp-block-column-is-layout-flow\" style=\"padding-right:0;padding-left:0;flex-basis:70%\">\n<p class=\"has-dark-gray-color has-text-color has-link-color has-small-font-size wp-elements-64030477a4089423ff2093aa2b81253d\" style=\"margin-top:0;margin-bottom:0\"> Fes un menjar solidari en el teu barri o poble.<\/p>\n<\/div>\n<\/div>\n\n\n\n<div class=\"wp-block-columns is-not-stacked-on-mobile is-layout-flex wp-container-core-columns-is-layout-8f061566 wp-block-columns-is-layout-flex\" style=\"margin-bottom:3rem\">\n<div class=\"wp-block-column has-global-padding is-content-justification-center is-layout-constrained wp-container-core-column-is-layout-91bde7bd wp-block-column-is-layout-constrained\" style=\"flex-basis:30%\">\n<figure class=\"wp-block-image alignfull size-full difunde-icon\"><img loading=\"lazy\" decoding=\"async\" width=\"160\" height=\"160\" src=\"https:\/\/www.openarms.es\/wp-content\/uploads\/2025\/06\/icon-hablar.svg\" alt=\"Icono hablar Open Arms\" class=\"wp-image-4597\"\/><\/figure>\n<\/div>\n\n\n\n<div class=\"wp-block-column is-vertically-aligned-center is-style-default is-layout-flow wp-block-column-is-layout-flow\" style=\"padding-right:0;padding-left:0;flex-basis:70%\">\n<p class=\"has-dark-gray-color has-text-color has-link-color has-small-font-size wp-elements-5d4b2c99c4495ca40a99df5bf908a49b\" style=\"margin-top:0;margin-bottom:0\"> Parla amb els teus amics i fam\u00edlia sobre la nostra labor.<\/p>\n<\/div>\n<\/div>\n<\/div>\n\n\n\n<div class=\"wp-block-column is-layout-flow wp-block-column-is-layout-flow\">\n<div class=\"wp-block-columns is-not-stacked-on-mobile is-layout-flex wp-container-core-columns-is-layout-8f061566 wp-block-columns-is-layout-flex\" style=\"margin-bottom:3rem\">\n<div class=\"wp-block-column has-global-padding is-content-justification-center is-layout-constrained wp-container-core-column-is-layout-91bde7bd wp-block-column-is-layout-constrained\" style=\"flex-basis:30%\">\n<figure class=\"wp-block-image alignfull size-full difunde-icon\"><img loading=\"lazy\" decoding=\"async\" width=\"160\" height=\"160\" src=\"https:\/\/www.openarms.es\/wp-content\/uploads\/2025\/06\/icon-correr.svg\" alt=\"Icono Carrera Solidaria Open Arms\" class=\"wp-image-4603\"\/><\/figure>\n<\/div>\n\n\n\n<div class=\"wp-block-column is-vertically-aligned-center is-style-default is-layout-flow wp-block-column-is-layout-flow\" style=\"padding-right:0;padding-left:0;flex-basis:70%\">\n<p class=\"has-dark-gray-color has-text-color has-link-color has-small-font-size wp-elements-1fcc4c5ba60be88e03e3c27d68e84327\" style=\"margin-top:0;margin-bottom:0\"> Organitza una carrera i corre per la nostra causa.<\/p>\n<\/div>\n<\/div>\n\n\n\n<div class=\"wp-block-columns is-not-stacked-on-mobile is-layout-flex wp-container-core-columns-is-layout-8f061566 wp-block-columns-is-layout-flex\" style=\"margin-bottom:3rem\">\n<div class=\"wp-block-column has-global-padding is-content-justification-center is-layout-constrained wp-container-core-column-is-layout-91bde7bd wp-block-column-is-layout-constrained\" style=\"flex-basis:30%\">\n<figure class=\"wp-block-image alignfull size-full difunde-icon\"><img loading=\"lazy\" decoding=\"async\" width=\"160\" height=\"160\" src=\"https:\/\/www.openarms.es\/wp-content\/uploads\/2025\/06\/icon-pastel.svg\" alt=\"Icono Pastel Solidario Open Arms\" class=\"wp-image-4618\"\/><\/figure>\n<\/div>\n\n\n\n<div class=\"wp-block-column is-vertically-aligned-center is-style-default is-layout-flow wp-block-column-is-layout-flow\" style=\"padding-right:0;padding-left:0;flex-basis:70%\">\n<p class=\"has-dark-gray-color has-text-color has-link-color has-small-font-size wp-elements-e34758d1705f791d4cba0816fe607518\" style=\"margin-top:0;margin-bottom:0\"> Fes pastissos solidaris i ven-los per a recaptar donatius.<\/p>\n<\/div>\n<\/div>\n\n\n\n<div class=\"wp-block-columns is-not-stacked-on-mobile is-layout-flex wp-container-core-columns-is-layout-8f061566 wp-block-columns-is-layout-flex\" style=\"margin-bottom:3rem\">\n<div class=\"wp-block-column has-global-padding is-content-justification-center is-layout-constrained wp-container-core-column-is-layout-91bde7bd wp-block-column-is-layout-constrained\" style=\"flex-basis:30%\">\n<figure class=\"wp-block-image alignfull size-full difunde-icon\"><img loading=\"lazy\" decoding=\"async\" width=\"160\" height=\"160\" src=\"https:\/\/www.openarms.es\/wp-content\/uploads\/2025\/06\/icon-regalo.svg\" alt=\"Icono Regalo Solidario Open Arms\" class=\"wp-image-4623\"\/><\/figure>\n<\/div>\n\n\n\n<div class=\"wp-block-column is-vertically-aligned-center is-style-default is-layout-flow wp-block-column-is-layout-flow\" style=\"padding-right:0;padding-left:0;flex-basis:70%\">\n<p class=\"has-dark-gray-color has-text-color has-link-color has-small-font-size wp-elements-2b3376a4a28f4b49fc251cae3819b931\" style=\"margin-top:0;margin-bottom:0\">Fes regals solidaris. Compra en la <a href=\"https:\/\/regalosalvavidas.openarms.es\/\" data-type=\"link\" data-id=\"https:\/\/regalosalvavidas.openarms.es\/\" target=\"_blank\" rel=\"noreferrer noopener\">tienda online<\/a> alguns dels nostres regals salvavides o regala una donaci\u00f3 en nom d&#8217;un amic.<\/p>\n<\/div>\n<\/div>\n\n\n\n<div class=\"wp-block-columns is-not-stacked-on-mobile is-layout-flex wp-container-core-columns-is-layout-8f061566 wp-block-columns-is-layout-flex\" style=\"margin-bottom:3rem\">\n<div class=\"wp-block-column has-global-padding is-content-justification-center is-layout-constrained wp-container-core-column-is-layout-91bde7bd wp-block-column-is-layout-constrained\" style=\"flex-basis:30%\">\n<figure class=\"wp-block-image alignfull size-full difunde-icon\"><img loading=\"lazy\" decoding=\"async\" width=\"160\" height=\"160\" src=\"https:\/\/www.openarms.es\/wp-content\/uploads\/2025\/06\/icon-sobre.svg\" alt=\"Icono Email Open Arms\" class=\"wp-image-4592\"\/><\/figure>\n<\/div>\n\n\n\n<div class=\"wp-block-column is-vertically-aligned-center is-style-default is-layout-flow wp-block-column-is-layout-flow\" style=\"padding-right:0;padding-left:0;flex-basis:70%\">\n<p class=\"has-dark-gray-color has-text-color has-link-color has-small-font-size wp-elements-1f8eaa165b77e996d81b473acca74f71\" style=\"margin-top:0;margin-bottom:0\">Si vols m\u00e9s idees contacta amb nosaltres a trav\u00e9s del nostre e-mail <a href=\"mailto:info@openarms.es\">info@openarms.es<\/a><\/p>\n<\/div>\n<\/div>\n<\/div>\n<\/div>\n<\/div>\n<\/div><\/div>\n","protected":false},"excerpt":{"rendered":"","protected":false},"author":1,"featured_media":3309,"parent":4272,"menu_order":0,"comment_status":"closed","ping_status":"closed","template":"page-interior","meta":{"content-type":"","footnotes":""},"class_list":["post-3848","page","type-page","status-publish","has-post-thumbnail","hentry"],"yoast_head":"<!-- This site is optimized with the Yoast SEO plugin v25.9 - https:\/\/yoast.com\/wordpress\/plugins\/seo\/ -->\n<title>Difon: Comparteix i dona suport a la nostra missi\u00f3 | Open Arms<\/title>\n<meta name=\"description\" content=\"Parla de Open Arms, comparteix en xarxes, organitza accions solid\u00e0ries o crea la teva campanya. La teva veu tamb\u00e9 pot salvar vides.\" \/>\n<meta name=\"robots\" content=\"index, follow, max-snippet:-1, max-image-preview:large, max-video-preview:-1\" \/>\n<link rel=\"canonical\" href=\"https:\/\/www.openarms.es\/ca\/com-ajudar\/difon\" \/>\n<meta property=\"og:locale\" content=\"ca_ES\" \/>\n<meta property=\"og:type\" content=\"article\" \/>\n<meta property=\"og:title\" content=\"Difon: Comparteix i dona suport a la nostra missi\u00f3 | Open Arms\" \/>\n<meta property=\"og:description\" content=\"Parla de Open Arms, comparteix en xarxes, organitza accions solid\u00e0ries o crea la teva campanya. La teva veu tamb\u00e9 pot salvar vides.\" \/>\n<meta property=\"og:url\" content=\"https:\/\/www.openarms.es\/ca\/com-ajudar\/difon\" \/>\n<meta property=\"og:site_name\" content=\"Open Arms\" \/>\n<meta property=\"article:modified_time\" content=\"2025-06-20T08:47:44+00:00\" \/>\n<meta property=\"og:image\" content=\"https:\/\/www.openarms.es\/wp-content\/uploads\/2025\/03\/openarms-salvamento.webp\" \/>\n\t<meta property=\"og:image:width\" content=\"1136\" \/>\n\t<meta property=\"og:image:height\" content=\"442\" \/>\n\t<meta property=\"og:image:type\" content=\"image\/webp\" \/>\n<meta name=\"twitter:card\" content=\"summary_large_image\" \/>\n<meta name=\"twitter:label1\" content=\"Temps estimat de lectura\" \/>\n\t<meta name=\"twitter:data1\" content=\"1 minut\" \/>\n<script type=\"application\/ld+json\" class=\"yoast-schema-graph\">{\"@context\":\"https:\/\/schema.org\",\"@graph\":[{\"@type\":\"WebPage\",\"@id\":\"https:\/\/www.openarms.es\/ca\/com-ajudar\/difon\",\"url\":\"https:\/\/www.openarms.es\/ca\/com-ajudar\/difon\",\"name\":\"Difon: Comparteix i dona suport a la nostra missi\u00f3 | Open Arms\",\"isPartOf\":{\"@id\":\"https:\/\/www.openarms.es\/ca#website\"},\"primaryImageOfPage\":{\"@id\":\"https:\/\/www.openarms.es\/ca\/com-ajudar\/difon#primaryimage\"},\"image\":{\"@id\":\"https:\/\/www.openarms.es\/ca\/com-ajudar\/difon#primaryimage\"},\"thumbnailUrl\":\"https:\/\/www.openarms.es\/wp-content\/uploads\/2025\/03\/openarms-salvamento.webp\",\"datePublished\":\"2025-03-26T10:26:01+00:00\",\"dateModified\":\"2025-06-20T08:47:44+00:00\",\"description\":\"Parla de Open Arms, comparteix en xarxes, organitza accions solid\u00e0ries o crea la teva campanya. La teva veu tamb\u00e9 pot salvar vides.\",\"breadcrumb\":{\"@id\":\"https:\/\/www.openarms.es\/ca\/com-ajudar\/difon#breadcrumb\"},\"inLanguage\":\"ca\",\"potentialAction\":[{\"@type\":\"ReadAction\",\"target\":[\"https:\/\/www.openarms.es\/ca\/com-ajudar\/difon\"]}]},{\"@type\":\"ImageObject\",\"inLanguage\":\"ca\",\"@id\":\"https:\/\/www.openarms.es\/ca\/com-ajudar\/difon#primaryimage\",\"url\":\"https:\/\/www.openarms.es\/wp-content\/uploads\/2025\/03\/openarms-salvamento.webp\",\"contentUrl\":\"https:\/\/www.openarms.es\/wp-content\/uploads\/2025\/03\/openarms-salvamento.webp\",\"width\":1136,\"height\":442,\"caption\":\"Salvamento en Mar Open Arms\"},{\"@type\":\"BreadcrumbList\",\"@id\":\"https:\/\/www.openarms.es\/ca\/com-ajudar\/difon#breadcrumb\",\"itemListElement\":[{\"@type\":\"ListItem\",\"position\":1,\"name\":\"Com ajudar\",\"item\":\"https:\/\/www.openarms.es\/ca\/com-ajudar\"},{\"@type\":\"ListItem\",\"position\":2,\"name\":\"Difon\"}]},{\"@type\":\"WebSite\",\"@id\":\"https:\/\/www.openarms.es\/ca#website\",\"url\":\"https:\/\/www.openarms.es\/ca\",\"name\":\"Open Arms\",\"description\":\"\",\"publisher\":{\"@id\":\"https:\/\/www.openarms.es\/ca#organization\"},\"potentialAction\":[{\"@type\":\"SearchAction\",\"target\":{\"@type\":\"EntryPoint\",\"urlTemplate\":\"https:\/\/www.openarms.es\/ca?s={search_term_string}\"},\"query-input\":{\"@type\":\"PropertyValueSpecification\",\"valueRequired\":true,\"valueName\":\"search_term_string\"}}],\"inLanguage\":\"ca\"},{\"@type\":\"Organization\",\"@id\":\"https:\/\/www.openarms.es\/ca#organization\",\"name\":\"Open Arms\",\"url\":\"https:\/\/www.openarms.es\/ca\",\"logo\":{\"@type\":\"ImageObject\",\"inLanguage\":\"ca\",\"@id\":\"https:\/\/www.openarms.es\/ca#\/schema\/logo\/image\/\",\"url\":\"https:\/\/www.openarms.es\/wp-content\/uploads\/2025\/03\/BRAND.svg\",\"contentUrl\":\"https:\/\/www.openarms.es\/wp-content\/uploads\/2025\/03\/BRAND.svg\",\"caption\":\"Open Arms\"},\"image\":{\"@id\":\"https:\/\/www.openarms.es\/ca#\/schema\/logo\/image\/\"}}]}<\/script>\n<!-- \/ Yoast SEO plugin. -->","yoast_head_json":{"title":"Difon: Comparteix i dona suport a la nostra missi\u00f3 | Open Arms","description":"Parla de Open Arms, comparteix en xarxes, organitza accions solid\u00e0ries o crea la teva campanya. La teva veu tamb\u00e9 pot salvar vides.","robots":{"index":"index","follow":"follow","max-snippet":"max-snippet:-1","max-image-preview":"max-image-preview:large","max-video-preview":"max-video-preview:-1"},"canonical":"https:\/\/www.openarms.es\/ca\/com-ajudar\/difon","og_locale":"ca_ES","og_type":"article","og_title":"Difon: Comparteix i dona suport a la nostra missi\u00f3 | Open Arms","og_description":"Parla de Open Arms, comparteix en xarxes, organitza accions solid\u00e0ries o crea la teva campanya. La teva veu tamb\u00e9 pot salvar vides.","og_url":"https:\/\/www.openarms.es\/ca\/com-ajudar\/difon","og_site_name":"Open Arms","article_modified_time":"2025-06-20T08:47:44+00:00","og_image":[{"width":1136,"height":442,"url":"https:\/\/www.openarms.es\/wp-content\/uploads\/2025\/03\/openarms-salvamento.webp","type":"image\/webp"}],"twitter_card":"summary_large_image","twitter_misc":{"Temps estimat de lectura":"1 minut"},"schema":{"@context":"https:\/\/schema.org","@graph":[{"@type":"WebPage","@id":"https:\/\/www.openarms.es\/ca\/com-ajudar\/difon","url":"https:\/\/www.openarms.es\/ca\/com-ajudar\/difon","name":"Difon: Comparteix i dona suport a la nostra missi\u00f3 | Open Arms","isPartOf":{"@id":"https:\/\/www.openarms.es\/ca#website"},"primaryImageOfPage":{"@id":"https:\/\/www.openarms.es\/ca\/com-ajudar\/difon#primaryimage"},"image":{"@id":"https:\/\/www.openarms.es\/ca\/com-ajudar\/difon#primaryimage"},"thumbnailUrl":"https:\/\/www.openarms.es\/wp-content\/uploads\/2025\/03\/openarms-salvamento.webp","datePublished":"2025-03-26T10:26:01+00:00","dateModified":"2025-06-20T08:47:44+00:00","description":"Parla de Open Arms, comparteix en xarxes, organitza accions solid\u00e0ries o crea la teva campanya. La teva veu tamb\u00e9 pot salvar vides.","breadcrumb":{"@id":"https:\/\/www.openarms.es\/ca\/com-ajudar\/difon#breadcrumb"},"inLanguage":"ca","potentialAction":[{"@type":"ReadAction","target":["https:\/\/www.openarms.es\/ca\/com-ajudar\/difon"]}]},{"@type":"ImageObject","inLanguage":"ca","@id":"https:\/\/www.openarms.es\/ca\/com-ajudar\/difon#primaryimage","url":"https:\/\/www.openarms.es\/wp-content\/uploads\/2025\/03\/openarms-salvamento.webp","contentUrl":"https:\/\/www.openarms.es\/wp-content\/uploads\/2025\/03\/openarms-salvamento.webp","width":1136,"height":442,"caption":"Salvamento en Mar Open Arms"},{"@type":"BreadcrumbList","@id":"https:\/\/www.openarms.es\/ca\/com-ajudar\/difon#breadcrumb","itemListElement":[{"@type":"ListItem","position":1,"name":"Com ajudar","item":"https:\/\/www.openarms.es\/ca\/com-ajudar"},{"@type":"ListItem","position":2,"name":"Difon"}]},{"@type":"WebSite","@id":"https:\/\/www.openarms.es\/ca#website","url":"https:\/\/www.openarms.es\/ca","name":"Open Arms","description":"","publisher":{"@id":"https:\/\/www.openarms.es\/ca#organization"},"potentialAction":[{"@type":"SearchAction","target":{"@type":"EntryPoint","urlTemplate":"https:\/\/www.openarms.es\/ca?s={search_term_string}"},"query-input":{"@type":"PropertyValueSpecification","valueRequired":true,"valueName":"search_term_string"}}],"inLanguage":"ca"},{"@type":"Organization","@id":"https:\/\/www.openarms.es\/ca#organization","name":"Open Arms","url":"https:\/\/www.openarms.es\/ca","logo":{"@type":"ImageObject","inLanguage":"ca","@id":"https:\/\/www.openarms.es\/ca#\/schema\/logo\/image\/","url":"https:\/\/www.openarms.es\/wp-content\/uploads\/2025\/03\/BRAND.svg","contentUrl":"https:\/\/www.openarms.es\/wp-content\/uploads\/2025\/03\/BRAND.svg","caption":"Open Arms"},"image":{"@id":"https:\/\/www.openarms.es\/ca#\/schema\/logo\/image\/"}}]}},"_links":{"self":[{"href":"https:\/\/www.openarms.es\/ca\/wp-json\/wp\/v2\/pages\/3848","targetHints":{"allow":["GET"]}}],"collection":[{"href":"https:\/\/www.openarms.es\/ca\/wp-json\/wp\/v2\/pages"}],"about":[{"href":"https:\/\/www.openarms.es\/ca\/wp-json\/wp\/v2\/types\/page"}],"author":[{"embeddable":true,"href":"https:\/\/www.openarms.es\/ca\/wp-json\/wp\/v2\/users\/1"}],"replies":[{"embeddable":true,"href":"https:\/\/www.openarms.es\/ca\/wp-json\/wp\/v2\/comments?post=3848"}],"version-history":[{"count":3,"href":"https:\/\/www.openarms.es\/ca\/wp-json\/wp\/v2\/pages\/3848\/revisions"}],"predecessor-version":[{"id":4889,"href":"https:\/\/www.openarms.es\/ca\/wp-json\/wp\/v2\/pages\/3848\/revisions\/4889"}],"up":[{"embeddable":true,"href":"https:\/\/www.openarms.es\/ca\/wp-json\/wp\/v2\/pages\/4272"}],"wp:featuredmedia":[{"embeddable":true,"href":"https:\/\/www.openarms.es\/ca\/wp-json\/wp\/v2\/media\/3309"}],"wp:attachment":[{"href":"https:\/\/www.openarms.es\/ca\/wp-json\/wp\/v2\/media?parent=3848"}],"curies":[{"name":"wp","href":"https:\/\/api.w.org\/{rel}","templated":true}]}}