{"id":4356,"date":"2025-04-09T08:48:36","date_gmt":"2025-04-09T08:48:36","guid":{"rendered":"https:\/\/www.openarms.es\/politica-de-privadesa"},"modified":"2025-06-05T14:29:11","modified_gmt":"2025-06-05T14:29:11","slug":"politica-de-privadesa","status":"publish","type":"page","link":"https:\/\/www.openarms.es\/ca\/politica-de-privadesa","title":{"rendered":"Pol\u00edtica de Privadesa"},"content":{"rendered":"\n<div class=\"wp-block-group has-global-padding is-layout-constrained wp-block-group-is-layout-constrained\">\n<div class=\"wp-block-columns alignwide ebavs-space-between is-layout-flex wp-container-core-columns-is-layout-643ced6b wp-block-columns-is-layout-flex\">\n<div class=\"wp-block-column is-layout-flow wp-block-column-is-layout-flow\" style=\"flex-basis:30%\">\n<h2 class=\"wp-block-heading has-contrast-color has-text-color has-medium-large-font-size\" style=\"margin-top:0\">La teva privadesa \u00e9s el nostre comprom\u00eds<\/h2>\n<\/div>\n\n\n\n<div class=\"wp-block-column is-layout-flow wp-block-column-is-layout-flow\" style=\"flex-basis:70%\">\n<h3 class=\"wp-block-heading has-dark-gray-color has-text-color has-link-color has-dinnextltpro-font-family wp-elements-e80196b66398648a4d795b5aec56a825\">\u00c0mbit d&#8217;aplicaci\u00f3<\/h3>\n\n\n\n<p class=\"has-dark-gray-color has-text-color has-link-color has-small-font-size wp-elements-1fb576e53da91d523482b244fb6aa97e\" style=\"line-height:1.14em\">FUNDACI\u00d3 PROA (PRO-ACTIVA \u201cOPEN\u00a0ARMS\u201d), es compromet a protegir la privacitat dels usuaris que accedeixin a la web que s&#8217;indica a continuaci\u00f3 i que t\u00e9 la seg\u00fcent adre\u00e7a https:\/\/www.openarms.es (d&#8217;ara endavant, la &#8220;Web&#8221;).<br\/>Els continguts de la web s\u00f3n titularitat o estan operats, llicenciats o controlats per Fundaci\u00f3 PROA.<br\/><br\/>La utilitzaci\u00f3 d&#8217;aquest lloc web atribueix la condici\u00f3 d&#8217;usuari (d&#8217;ara endavant, el \u201cusuari\u201d). L&#8217;usuari pot navegar i usar la Web sense necessitat d&#8217;aportar cap dada de car\u00e0cter personal. Les \u00faniques dades personals als quals Fundaci\u00f3 PROA tindr\u00e0 acc\u00e9s seran aquells que l&#8217;usuari faciliti volunt\u00e0riament a trav\u00e9s dels formularis habilitats a aquest efecte, o quan contacti amb Fundaci\u00f3 PROA a trav\u00e9s de correu electr\u00f2nic o de qualsevol altre mode previst en la Web. Si es recullen dades personals a trav\u00e9s de cookies, se l&#8217;informar\u00e0 degudament a trav\u00e9s de la Pol\u00edtica de Cookies, aix\u00ed com a trav\u00e9s dels llits que requereix la legislaci\u00f3 vigent.<br\/><br\/>Aquest document presenta la nostra pol\u00edtica en l&#8217;observan\u00e7a i \u00fas de les dades personals recollides a trav\u00e9s de la nostra Web o dispositius auxiliars com a m\u00f2bils o tauletes. Aix\u00ed mateix, la utilitzaci\u00f3 de la Web implica l&#8217;acceptaci\u00f3 per l&#8217;usuari de les disposicions contingudes en la present Pol\u00edtica de Privacitat i que les seves dades personals siguin tractats segons s&#8217;estipula en aquesta.<br\/><br\/>Si us plau tingui en compte que a pesar que puguin existir enlla\u00e7os en la nostra Web a altres webs, aquesta Pol\u00edtica de Privacitat s&#8217;aplica tan sols a la Web i no a les webs d&#8217;altres companyies o organitzacions a les quals la Web estigui redirigida. Fundaci\u00f3 PROA no controla ni aprova el contingut de les webs de tercers ni accepta qualsevol responsabilitat pel contingut o les pol\u00edtiques de privacitat d&#8217;aquestes webs.<\/p>\n\n\n\n<h3 class=\"wp-block-heading has-dark-gray-color has-text-color has-link-color has-dinnextltpro-font-family wp-elements-9126efc73212b064ee49fe4dd2d16722\" style=\"padding-top:var(--wp--preset--spacing--32)\">\u00c0mbit d&#8217;aplicaci\u00f3<\/h3>\n\n\n\n<p class=\"has-dark-gray-color has-text-color has-small-font-size\" style=\"line-height:1.14em\"><div class=\"traductor-textarea form-group\">&#13;\n<div class=\"textarea-desti col-xs-12 col-sm-6\">&#13;\n<div class=\"form-control second-textarea\">Dit el que precedeix i en compliment del que s&#8217;estableix en el Reglament (UE) 2016\/679 DEL PARLAMENT EUROPEU I DEL CONSELL de 27 d&#8217;abril de 2016 relatiu a la protecci\u00f3 de les persones f\u00edsiques pel que fa al tractament de dades personals i a la lliure circulaci\u00f3 d&#8217;aquestes dades, aix\u00ed com en compliment del que s&#8217;estableix en la normativa vigent procedim a donar complerta informaci\u00f3 dels extrems que s&#8217;indiquen a continuaci\u00f3:&#13;\n&#13;\n1. El responsable de tractament de les seves dades personals \u00e9s:&#13;\n&#13;\nFundaci\u00f3 PROA (PRO-ACTIVA \u201cOPEN\u00a0ARMS\u201d)\u2028C.I.F. G66752239\u2028Carrer Rector n\u00famero 95, baixos, Badalona, Catalunya (08912).\u2028T. 93 128 28 30&#13;\n&#13;\nPot posar-se en contacte amb el seu Delegat de Protecci\u00f3 de Dades en l&#8217;adre\u00e7a de correu electr\u00f2nic info@openarms.es.&#13;\n&#13;\n2. Dades que es tracten, registre d&#8217;activitats de tractament i finalitat d&#8217;aquests. Pel que fa al tractament de les dades personals que ens faciliten, o qualssevol altres que s&#8217;originin a conseq\u00fc\u00e8ncia de l&#8217;execuci\u00f3 del servei que ens encomanen, informar-los que s&#8217;incorporaran en el sistema de tractament de dades existent i la titularitat i la responsabilitat de les quals \u00e9s de Fundaci\u00f3 PROA, consentint de manera expressa el tractament d&#8217;aquestes dades personals de manera l\u00edcita, lleial, transparent, adequada, pertinent, limitada, exacta i actualitzada per a:&#13;\nRemetre-li informaci\u00f3 que pugui ser del seu inter\u00e8s.&#13;\nAtendre les seves sol\u00b7licituds.&#13;\n&#13;\nSense perjudici de l&#8217;obligaci\u00f3 d&#8217;acceptar la\u00a0Newsletter, l&#8217;usuari dona el seu consentiment expr\u00e9s per a rebre comunicacions electr\u00f2niques de Fundaci\u00f3 PROA..<\/div><br\/><\/div><br\/><\/div><br\/><div class=\"traductor-checkbox form-group\">&#13;\n<div class=\"row\">&#13;\n<div class=\"col-sm-offset-2 col-sm-5\"><span id=\"traductor-neteja\" class=\"icon-inline\" data-trigger=\"manual\" data-placement=\"right\"><i class=\"fa fa-eraser\" aria-hidden=\"true\"><\/i>\u00a0Neteja<\/span><\/div><br\/><div class=\"col-sm-5\"><span id=\"copy-text\" class=\"icon-inline\" data-trigger=\"manual\" data-placement=\"right\"><i class=\"fa fa-clipboard\" aria-hidden=\"true\"><\/i>\u00a0Copia el text<\/span><\/div><br\/><\/div><br\/><\/div><\/p>\n<\/div>\n<\/div>\n<\/div>\n\n<hr class=\"wp-block-separator has-text-color has-contrast-color has-alpha-channel-opacity has-contrast-background-color has-background\" style=\"margin-top:var(--wp--preset--spacing--70);margin-bottom:var(--wp--preset--spacing--70)\"\/>\n\n<div class=\"wp-block-group has-global-padding is-layout-constrained wp-block-group-is-layout-constrained\">\n<div class=\"wp-block-columns alignwide ebavs-space-between is-layout-flex wp-container-core-columns-is-layout-643ced6b wp-block-columns-is-layout-flex\">\n<div class=\"wp-block-column is-layout-flow wp-block-column-is-layout-flow\" style=\"flex-basis:30%\">\n<h2 class=\"wp-block-heading has-contrast-color has-text-color has-medium-large-font-size\" style=\"margin-top:0\">Pol\u00edtica de cookies<\/h2>\n<\/div>\n\n\n\n<div class=\"wp-block-column is-layout-flow wp-block-column-is-layout-flow\" style=\"flex-basis:70%\">\n<h3 class=\"wp-block-heading has-dark-gray-color has-text-color has-link-color has-dinnextltpro-font-family wp-elements-f78ca54eab56ba28c5dc44419d472677\">Qu\u00e8 \u00e9s una cookie?<\/h3>\n\n\n\n<p class=\"has-dark-gray-color has-text-color has-link-color has-small-font-size wp-elements-479e4b9edb727f01dc10c48c789f22d5\" style=\"line-height:1.14em\"><div class=\"traductor-textarea form-group\">&#13;\n<div class=\"textarea-desti col-xs-12 col-sm-6\">&#13;\n<div class=\"form-control second-textarea\">Una\u00a0Cookie\u00a0\u00e9s un fitxer que es descarrega en el seu ordinador en accedir a determinades p\u00e0gines web. Les cookies permeten a una p\u00e0gina web, entre altres, emmagatzemar i recuperar informaci\u00f3 sobre els h\u00e0bits de navegaci\u00f3 d&#8217;un usuari o del seu equip i, depenent de la informaci\u00f3 que continguin i de la forma que s&#8217;utilitzi el seu equip, poden utilitzar-se per a recon\u00e8ixer a l&#8217;usuari. El navegador de l&#8217;usuari memoritza cookies en el disc dur solament durant la sessi\u00f3 actual, ocupant un espai de mem\u00f2ria m\u00ednim i no perjudicant l&#8217;ordinador. Les cookies no contenen cap classe d&#8217;informaci\u00f3 personal espec\u00edfica, i la majoria de les mateixes s&#8217;esborren del disc dur en finalitzar la sessi\u00f3 de navegador (les denominades cookies de sessi\u00f3).&#13;\n&#13;\nLa majoria dels navegadors accepten com a est\u00e0ndard a les cookies i, amb independ\u00e8ncia d&#8217;aquestes, permeten o impedeixen en els ajustos de seguretat les cookies temporals o memoritzades.&#13;\n&#13;\nSense el seu consentiment -mitjan\u00e7ant l&#8217;activaci\u00f3 de les cookies en el seu navegador- Fundaci\u00f3 PROA no enlla\u00e7ar\u00e0 en les cookies les dades memoritzades amb les seves dades personals proporcionades en el moment del registre o la compra..<\/div><br\/><\/div><br\/><\/div><br\/><div class=\"traductor-checkbox form-group\">&#13;\n<div class=\"row\">&#13;\n<div class=\"col-sm-offset-2 col-sm-5\"><span id=\"traductor-neteja\" class=\"icon-inline\" data-trigger=\"manual\" data-placement=\"right\"><i class=\"fa fa-eraser\" aria-hidden=\"true\"><\/i>\u00a0Neteja<\/span><\/div><br\/><div class=\"col-sm-5\"><span id=\"copy-text\" class=\"icon-inline\" data-trigger=\"manual\" data-placement=\"right\"><i class=\"fa fa-clipboard\" aria-hidden=\"true\"><\/i>\u00a0Copia el text<\/span><\/div><br\/><\/div><br\/><\/div><\/p>\n\n\n\n<h3 class=\"wp-block-heading has-dark-gray-color has-text-color has-link-color has-dinnextltpro-font-family wp-elements-c7e7667badbb73fb8d0b2aeb90349969\" style=\"padding-top:var(--wp--preset--spacing--32)\"> Per quina Fundaci\u00f3 PROA utilitza Cookies?<\/h3>\n\n\n\n<p class=\"has-dark-gray-color has-text-color has-small-font-size\" style=\"line-height:1.14em\">Les Cookies s\u00f3n una part important de com funciona el nostre lloc web. La funci\u00f3 principal de les nostres Cookies \u00e9s millorar l&#8217;experi\u00e8ncia de l&#8217;usuari en la navegaci\u00f3. Per exemple, poden ser utilitzades per a recordar l&#8217;idioma que utilitza durant la navegaci\u00f3 i en futures visites.<\/p>\n\n\n\n<h3 class=\"wp-block-heading has-dark-gray-color has-text-color has-link-color has-dinnextltpro-font-family wp-elements-12ad32ab5e87ab498fa6bd6197b6ba3b\" style=\"padding-top:var(--wp--preset--spacing--32)\"> Quin tipus de cookies existeixen?<\/h3>\n\n\n\n<ul class=\"wp-block-list\">\n<li class=\"has-dark-gray-color has-text-color has-link-color has-small-font-size wp-elements-7813df65075e72d5bba01ae1d0fbbc97\">Cookies t\u00e8cniques: S\u00f3n aquelles que permeten a l&#8217;usuari la navegaci\u00f3 a trav\u00e9s d&#8217;una p\u00e0gina web, plataforma o aplicaci\u00f3 i la utilitzaci\u00f3 de les diferents opcions o serveis que en ella existeixin com, per exemple, controlar el tr\u00e0nsit i la comunicaci\u00f3 de dades, identificar la sessi\u00f3, accedir a parts d&#8217;acc\u00e9s restringit, recordar els elements que integren una comanda, realitzar el proc\u00e9s de compra d&#8217;una comanda, realitzar la sol\u00b7licitud d&#8217;inscripci\u00f3 o participaci\u00f3 d&#8217;un esdeveniment, utilitzar elements de seguretat durant la navegaci\u00f3, emmagatzemar continguts per a la difusi\u00f3 de v\u00eddeos o so o compartir continguts a trav\u00e9s de xarxes socials.<\/li>\n\n\n\n<li class=\"has-dark-gray-color has-text-color has-link-color has-small-font-size wp-elements-8d8975cef5d33e27019bf4c5992150ac\">Cookies de sessi\u00f3: Recapten i emmagatzemen dades durant la sessi\u00f3 de l&#8217;usuari, com per exemple per a prestar un servei. S&#8217;eliminen quan finalitza la sessi\u00f3.<\/li>\n\n\n\n<li class=\"has-dark-gray-color has-text-color has-link-color has-small-font-size wp-elements-f483d51001735b30e1d56e87c127b9fe\">Cookies de personalitzaci\u00f3: S\u00f3n aquelles que permeten a l&#8217;usuari accedir al servei amb algunes caracter\u00edstiques de car\u00e0cter general predefinides en funci\u00f3 d&#8217;una s\u00e8rie de criteris en el terminal de l&#8217;usuari com per exemple l&#8217;idioma, el tipus de navegador a trav\u00e9s del qual accedeix al servei, la configuraci\u00f3 regional des d&#8217;on accedeix al servei, etc.<\/li>\n<\/ul>\n<\/div>\n<\/div>\n<\/div>\n\n<hr class=\"wp-block-separator has-text-color has-contrast-color has-alpha-channel-opacity has-contrast-background-color has-background\" style=\"margin-top:var(--wp--preset--spacing--70);margin-bottom:var(--wp--preset--spacing--70)\"\/>\n\n<div class=\"wp-block-group has-global-padding is-layout-constrained wp-block-group-is-layout-constrained\">\n<div class=\"wp-block-columns alignwide ebavs-space-between is-layout-flex wp-container-core-columns-is-layout-643ced6b wp-block-columns-is-layout-flex\">\n<div class=\"wp-block-column is-layout-flow wp-block-column-is-layout-flow\" style=\"flex-basis:30%\">\n<h2 class=\"wp-block-heading has-contrast-color has-text-color has-medium-large-font-size\" style=\"margin-top:0\"> Termes i condicions d&#8217;\u00fas<\/h2>\n<\/div>\n\n\n\n<div class=\"wp-block-column is-layout-flow wp-block-column-is-layout-flow\" style=\"flex-basis:70%\">\n<h3 class=\"wp-block-heading has-dark-gray-color has-text-color has-link-color has-dinnextltpro-font-family wp-elements-f842b42493524904d408e89ac0bd34e1\"> Introducci\u00f3<\/h3>\n\n\n\n<p class=\"has-dark-gray-color has-text-color has-link-color has-small-font-size wp-elements-61653635082c144261459e87aacf5a07\" style=\"line-height:1.14em\">El present document, aix\u00ed com els esmentats en ell, estableix les condicions per les quals es regeix l&#8217;\u00fas de la seg\u00fcent p\u00e0gina web (d&#8217;ara endavant, les &#8220;Condicions&#8221;): https:\/\/www.openarms.es<\/p>\n\n\n\n<ol class=\"wp-block-list\">\n<li class=\"has-dark-gray-color has-text-color has-link-color has-small-font-size wp-elements-dd30d0a84ad4b932655405f20e828788\">El usuario se compromete a utilizar los contenidos en nuestro Sitio Web de conformidad con la Ley y los t\u00e9rminos y condiciones generales y particulares de los servicios que ofrece&nbsp;Fundaci\u00f3n PROA en cada momento, debiendo abstenerse de emplearlos para:\n<ol style=\"list-style-type:lower-alpha\" class=\"wp-block-list has-small-font-size\">\n<li>Realitzar activitats il\u00b7l\u00edcites, contr\u00e0ries a la bona fe, als costums, a la moral o a l&#8217;ordre p\u00fablic.<\/li>\n\n\n\n<li>Realitzar activitats que constitueixin una infracci\u00f3 de la regulaci\u00f3 sobre propietat intel\u00b7lectual i industrial o qualsevol altra norma de l&#8217;ordenament jur\u00eddic aplicable.<\/li>\n\n\n\n<li>Reproduir, duplicar, vendre o explotar per a fins comercials qualsevol contingut del Lloc web.<\/li>\n\n\n\n<li>Difondre continguts de car\u00e0cter racista, xen\u00f2fob, pornogr\u00e0fic, d&#8217;apologia del terrorisme i\/o que atemptin contra els drets humans.<\/li>\n<\/ol>\n<\/li>\n\n\n\n<li class=\"has-dark-gray-color has-text-color has-link-color has-small-font-size wp-elements-e907f65dfde5d80d885c5930b3925403\">S&#8217;indica que el Responsable del fitxer \u00e9s la Fundaci\u00f3: \u2028FUNDACI\u00d3 PROA (PRO-ACTIVA \u201cOPEN\u00a0ARMS\u201d), amb C.I.F. G66752239, domiciliada en carrer Rector n\u00famero 95, baixos, Badalona, Catalunya (08912) i amb correu electr\u00f2nic info@openarms.es a l&#8217;efecte de l&#8217;exercici dels drets d&#8217;acc\u00e9s, rectificaci\u00f3, cancel\u00b7laci\u00f3 i oposici\u00f3 prevists en la Llei.<\/li>\n\n\n\n<li class=\"has-dark-gray-color has-text-color has-link-color has-small-font-size wp-elements-01e7f62e1d281abeccf258dcde24657e\">Les nostres recomanacions i\/o judicis de valor sobre els serveis i\/o continguts, aix\u00ed com l&#8217;anunci de promocions, han de ser considerades per l&#8217;usuari com a previsions de bona fe, sense que calgui tenir-les com a afirmacions de fet, ni com a part de cap contracte amb l&#8217;usuari.<\/li>\n<\/ol>\n<\/div>\n<\/div>\n<\/div>\n\n<div class=\"wp-block-group alignwide has-global-padding is-content-justification-center is-layout-constrained wp-container-core-group-is-layout-cfb377b4 wp-block-group-is-layout-constrained\" style=\"min-height:0vh;margin-top:0;margin-bottom:0;padding-top:var(--wp--preset--spacing--70);padding-right:var(--wp--preset--spacing--40);padding-bottom:var(--wp--preset--spacing--70);padding-left:var(--wp--preset--spacing--40)\">\n<div class=\"wp-block-columns are-vertically-aligned-top is-content-justification-center is-layout-flex wp-container-core-columns-is-layout-8c19c11b wp-block-columns-is-layout-flex\">\n<div class=\"wp-block-column is-vertically-aligned-top is-layout-flow wp-block-column-is-layout-flow\" style=\"flex-basis:60%\">\n<div class=\"wp-block-group has-contrast-background-color has-background has-global-padding is-layout-constrained wp-container-core-group-is-layout-a91b9633 wp-block-group-is-layout-constrained\" style=\"border-style:none;border-width:0px;border-radius:32px;padding-top:var(--wp--preset--spacing--40);padding-right:2rem;padding-bottom:var(--wp--preset--spacing--40);padding-left:2rem\">\n<h3 class=\"wp-block-heading has-text-align-center has-base-color has-text-color has-link-color wp-elements-f0ca9dc66eb2146bdb1190b1326b2229\" style=\"margin-right:0;margin-left:0;padding-right:0;padding-left:0;font-size:clamp(1.502rem, 1.502rem + ((1vw - 0.2rem) * 1.181), 2.5rem);line-height:1.15\">Si creus que tota vida ha de ser salvada, implica&#8217;t. Entre tots, en podem salvar moltes m\u00e9s.<\/h3>\n\n\n\n<div class=\"wp-block-buttons is-horizontal is-content-justification-center is-layout-flex wp-container-core-buttons-is-layout-03627597 wp-block-buttons-is-layout-flex\">\n<div class=\"wp-block-button\"><a class=\"wp-block-button__link has-contrast-color has-base-background-color has-text-color has-background has-custom-font-size wp-element-button\" href=\"https:\/\/www.openarms.es\/ca\/com-ajudar\/dona\" style=\"padding-top:16px;padding-right:24px;padding-bottom:14px;padding-left:24px;font-size:clamp(14px, 0.875rem + ((1vw - 3.2px) * 0.296), 18px);font-style:normal;font-weight:700\">DONA ARA<\/a><\/div>\n<\/div>\n<\/div>\n<\/div>\n<\/div>\n<\/div>\n","protected":false},"excerpt":{"rendered":"<p>La teva privadesa \u00e9s el nostre comprom\u00eds \u00c0mbit d&#8217;aplicaci\u00f3 FUNDACI\u00d3 PROA (PRO-ACTIVA \u201cOPEN\u00a0ARMS\u201d), es compromet a protegir la privacitat dels usuaris que accedeixin a la web que s&#8217;indica a continuaci\u00f3 i que t\u00e9 la seg\u00fcent adre\u00e7a https:\/\/www.openarms.es (d&#8217;ara endavant, la &#8220;Web&#8221;).Els continguts de la web s\u00f3n titularitat o estan operats, llicenciats o controlats per Fundaci\u00f3 [&hellip;]<\/p>\n","protected":false},"author":1,"featured_media":0,"parent":0,"menu_order":0,"comment_status":"closed","ping_status":"closed","template":"","meta":{"content-type":"","footnotes":""},"class_list":["post-4356","page","type-page","status-publish","hentry"],"yoast_head":"<!-- This site is optimized with the Yoast SEO plugin v25.9 - https:\/\/yoast.com\/wordpress\/plugins\/seo\/ -->\n<title>Pol\u00edtica de Privadesa i \u00das de la Web | Open Arms<\/title>\n<meta name=\"description\" content=\"Consulta la pol\u00edtica de privadesa, \u00fas de dades, galetes i condicions legals aplicables a l&#039;\u00fas del lloc web oficial d&#039;Open Arms.\" \/>\n<meta name=\"robots\" content=\"index, follow, max-snippet:-1, max-image-preview:large, max-video-preview:-1\" \/>\n<link rel=\"canonical\" href=\"https:\/\/www.openarms.es\/ca\/politica-de-privadesa\" \/>\n<meta property=\"og:locale\" content=\"ca_ES\" \/>\n<meta property=\"og:type\" content=\"article\" \/>\n<meta property=\"og:title\" content=\"Pol\u00edtica de Privadesa i \u00das de la Web | Open Arms\" \/>\n<meta property=\"og:description\" content=\"Consulta la pol\u00edtica de privadesa, \u00fas de dades, galetes i condicions legals aplicables a l&#039;\u00fas del lloc web oficial d&#039;Open Arms.\" \/>\n<meta property=\"og:url\" content=\"https:\/\/www.openarms.es\/ca\/politica-de-privadesa\" \/>\n<meta property=\"og:site_name\" content=\"Open Arms\" \/>\n<meta property=\"article:modified_time\" content=\"2025-06-05T14:29:11+00:00\" \/>\n<meta name=\"twitter:card\" content=\"summary_large_image\" \/>\n<meta name=\"twitter:label1\" content=\"Temps estimat de lectura\" \/>\n\t<meta name=\"twitter:data1\" content=\"7 minuts\" \/>\n<script type=\"application\/ld+json\" class=\"yoast-schema-graph\">{\"@context\":\"https:\/\/schema.org\",\"@graph\":[{\"@type\":\"WebPage\",\"@id\":\"https:\/\/www.openarms.es\/ca\/politica-de-privadesa\",\"url\":\"https:\/\/www.openarms.es\/ca\/politica-de-privadesa\",\"name\":\"Pol\u00edtica de Privadesa i \u00das de la Web | Open Arms\",\"isPartOf\":{\"@id\":\"https:\/\/www.openarms.es\/ca#website\"},\"datePublished\":\"2025-04-09T08:48:36+00:00\",\"dateModified\":\"2025-06-05T14:29:11+00:00\",\"description\":\"Consulta la pol\u00edtica de privadesa, \u00fas de dades, galetes i condicions legals aplicables a l'\u00fas del lloc web oficial d'Open Arms.\",\"inLanguage\":\"ca\",\"potentialAction\":[{\"@type\":\"ReadAction\",\"target\":[\"https:\/\/www.openarms.es\/ca\/politica-de-privadesa\"]}]},{\"@type\":\"WebSite\",\"@id\":\"https:\/\/www.openarms.es\/ca#website\",\"url\":\"https:\/\/www.openarms.es\/ca\",\"name\":\"Open Arms\",\"description\":\"\",\"publisher\":{\"@id\":\"https:\/\/www.openarms.es\/ca#organization\"},\"potentialAction\":[{\"@type\":\"SearchAction\",\"target\":{\"@type\":\"EntryPoint\",\"urlTemplate\":\"https:\/\/www.openarms.es\/ca?s={search_term_string}\"},\"query-input\":{\"@type\":\"PropertyValueSpecification\",\"valueRequired\":true,\"valueName\":\"search_term_string\"}}],\"inLanguage\":\"ca\"},{\"@type\":\"Organization\",\"@id\":\"https:\/\/www.openarms.es\/ca#organization\",\"name\":\"Open Arms\",\"url\":\"https:\/\/www.openarms.es\/ca\",\"logo\":{\"@type\":\"ImageObject\",\"inLanguage\":\"ca\",\"@id\":\"https:\/\/www.openarms.es\/ca#\/schema\/logo\/image\/\",\"url\":\"https:\/\/www.openarms.es\/wp-content\/uploads\/2025\/03\/BRAND.svg\",\"contentUrl\":\"https:\/\/www.openarms.es\/wp-content\/uploads\/2025\/03\/BRAND.svg\",\"caption\":\"Open Arms\"},\"image\":{\"@id\":\"https:\/\/www.openarms.es\/ca#\/schema\/logo\/image\/\"}}]}<\/script>\n<!-- \/ Yoast SEO plugin. -->","yoast_head_json":{"title":"Pol\u00edtica de Privadesa i \u00das de la Web | Open Arms","description":"Consulta la pol\u00edtica de privadesa, \u00fas de dades, galetes i condicions legals aplicables a l'\u00fas del lloc web oficial d'Open Arms.","robots":{"index":"index","follow":"follow","max-snippet":"max-snippet:-1","max-image-preview":"max-image-preview:large","max-video-preview":"max-video-preview:-1"},"canonical":"https:\/\/www.openarms.es\/ca\/politica-de-privadesa","og_locale":"ca_ES","og_type":"article","og_title":"Pol\u00edtica de Privadesa i \u00das de la Web | Open Arms","og_description":"Consulta la pol\u00edtica de privadesa, \u00fas de dades, galetes i condicions legals aplicables a l'\u00fas del lloc web oficial d'Open Arms.","og_url":"https:\/\/www.openarms.es\/ca\/politica-de-privadesa","og_site_name":"Open Arms","article_modified_time":"2025-06-05T14:29:11+00:00","twitter_card":"summary_large_image","twitter_misc":{"Temps estimat de lectura":"7 minuts"},"schema":{"@context":"https:\/\/schema.org","@graph":[{"@type":"WebPage","@id":"https:\/\/www.openarms.es\/ca\/politica-de-privadesa","url":"https:\/\/www.openarms.es\/ca\/politica-de-privadesa","name":"Pol\u00edtica de Privadesa i \u00das de la Web | Open Arms","isPartOf":{"@id":"https:\/\/www.openarms.es\/ca#website"},"datePublished":"2025-04-09T08:48:36+00:00","dateModified":"2025-06-05T14:29:11+00:00","description":"Consulta la pol\u00edtica de privadesa, \u00fas de dades, galetes i condicions legals aplicables a l'\u00fas del lloc web oficial d'Open Arms.","inLanguage":"ca","potentialAction":[{"@type":"ReadAction","target":["https:\/\/www.openarms.es\/ca\/politica-de-privadesa"]}]},{"@type":"WebSite","@id":"https:\/\/www.openarms.es\/ca#website","url":"https:\/\/www.openarms.es\/ca","name":"Open Arms","description":"","publisher":{"@id":"https:\/\/www.openarms.es\/ca#organization"},"potentialAction":[{"@type":"SearchAction","target":{"@type":"EntryPoint","urlTemplate":"https:\/\/www.openarms.es\/ca?s={search_term_string}"},"query-input":{"@type":"PropertyValueSpecification","valueRequired":true,"valueName":"search_term_string"}}],"inLanguage":"ca"},{"@type":"Organization","@id":"https:\/\/www.openarms.es\/ca#organization","name":"Open Arms","url":"https:\/\/www.openarms.es\/ca","logo":{"@type":"ImageObject","inLanguage":"ca","@id":"https:\/\/www.openarms.es\/ca#\/schema\/logo\/image\/","url":"https:\/\/www.openarms.es\/wp-content\/uploads\/2025\/03\/BRAND.svg","contentUrl":"https:\/\/www.openarms.es\/wp-content\/uploads\/2025\/03\/BRAND.svg","caption":"Open Arms"},"image":{"@id":"https:\/\/www.openarms.es\/ca#\/schema\/logo\/image\/"}}]}},"_links":{"self":[{"href":"https:\/\/www.openarms.es\/ca\/wp-json\/wp\/v2\/pages\/4356","targetHints":{"allow":["GET"]}}],"collection":[{"href":"https:\/\/www.openarms.es\/ca\/wp-json\/wp\/v2\/pages"}],"about":[{"href":"https:\/\/www.openarms.es\/ca\/wp-json\/wp\/v2\/types\/page"}],"author":[{"embeddable":true,"href":"https:\/\/www.openarms.es\/ca\/wp-json\/wp\/v2\/users\/1"}],"replies":[{"embeddable":true,"href":"https:\/\/www.openarms.es\/ca\/wp-json\/wp\/v2\/comments?post=4356"}],"version-history":[{"count":1,"href":"https:\/\/www.openarms.es\/ca\/wp-json\/wp\/v2\/pages\/4356\/revisions"}],"predecessor-version":[{"id":4357,"href":"https:\/\/www.openarms.es\/ca\/wp-json\/wp\/v2\/pages\/4356\/revisions\/4357"}],"wp:attachment":[{"href":"https:\/\/www.openarms.es\/ca\/wp-json\/wp\/v2\/media?parent=4356"}],"curies":[{"name":"wp","href":"https:\/\/api.w.org\/{rel}","templated":true}]}}