{"id":4358,"date":"2025-03-06T16:31:30","date_gmt":"2025-03-06T16:31:30","guid":{"rendered":"https:\/\/www.openarms.es\/que-fem"},"modified":"2025-06-20T07:54:29","modified_gmt":"2025-06-20T07:54:29","slug":"que-fem","status":"publish","type":"page","link":"https:\/\/www.openarms.es\/ca\/que-fem","title":{"rendered":"Qu\u00e8 Fem"},"content":{"rendered":"\n<div class=\"wp-block-cover alignfull ebavs-header-hero\" style=\"min-height:100vh;aspect-ratio:unset;\"><img loading=\"lazy\" decoding=\"async\" width=\"1512\" height=\"779\" class=\"wp-block-cover__image-background wp-image-106\" alt=\"\" src=\"https:\/\/www.openarms.es\/wp-content\/uploads\/2025\/03\/que-hacemos.webp\" data-object-fit=\"cover\" srcset=\"https:\/\/www.openarms.es\/wp-content\/uploads\/2025\/03\/que-hacemos.webp 1512w, https:\/\/www.openarms.es\/wp-content\/uploads\/2025\/03\/que-hacemos-300x155.webp 300w, https:\/\/www.openarms.es\/wp-content\/uploads\/2025\/03\/que-hacemos-1024x528.webp 1024w, https:\/\/www.openarms.es\/wp-content\/uploads\/2025\/03\/que-hacemos-768x396.webp 768w\" sizes=\"auto, (max-width: 1512px) 100vw, 1512px\" \/><span aria-hidden=\"true\" class=\"wp-block-cover__background has-black-background-color has-background-dim\"><\/span><div class=\"wp-block-cover__inner-container is-layout-flow wp-block-cover-is-layout-flow\">\n<div class=\"wp-block-group alignwide has-global-padding is-content-justification-center is-layout-constrained wp-container-core-group-is-layout-b8a69c6b wp-block-group-is-layout-constrained\" style=\"margin-top:auto;margin-bottom:auto;padding-right:0;padding-left:0\">\n<div class=\"wp-block-group alignwide has-global-padding is-content-justification-left is-layout-constrained wp-container-core-group-is-layout-b58f3518 wp-block-group-is-layout-constrained\">\n<h1 class=\"wp-block-heading has-text-align-left has-base-color has-text-color has-xx-large-font-size\"> Qu\u00e8 Fem<\/h1>\n\n\n\n<p class=\"has-text-align-left has-base-color has-text-color has-large-font-size\" style=\"margin-bottom:2rem;font-family:var(--wp--preset--font-family--dinnextltpro)\">Tot el que fem t\u00e9 un \u00fanic objectiu: salvar vides. Si et sembla un objectiu que val la pena secundar, uneix-te a nosaltres.<\/p>\n\n\n\n<div class=\"wp-block-buttons hazte-miembro-boton is-content-justification-left is-layout-flex wp-container-core-buttons-is-layout-fc4fd283 wp-block-buttons-is-layout-flex\">\n<div class=\"wp-block-button\"><a class=\"wp-block-button__link has-contrast-color has-base-background-color has-text-color has-background has-dinnextltpro-font-family has-custom-font-size wp-element-button\" href=\"https:\/\/help.openarms.es\/miembro-openarms\/?lang=ca\" style=\"padding-top:16px;padding-right:24px;padding-bottom:14px;padding-left:24px;font-size:clamp(0.875rem, 0.875rem + ((1vw - 0.2rem) * 0.302), 1.13rem);font-style:normal;font-weight:700;line-height:1;text-transform:uppercase\" target=\"_blank\" rel=\"noreferrer noopener\">Fes-te membre<\/a><\/div>\n<\/div>\n<\/div>\n<\/div>\n<\/div><\/div>\n\n<div class=\"wp-block-group alignwide ebavs-hero-menu desktop has-global-padding is-content-justification-center is-layout-constrained wp-block-group-is-layout-constrained\">\n<div class=\"wp-block-group alignwide has-global-padding is-content-justification-right is-layout-constrained wp-container-core-group-is-layout-f1f2ed93 wp-block-group-is-layout-constrained\">\n<div class=\"wp-block-group ebavs-hero-menu-inner has-contrast-background-color has-background has-global-padding is-content-justification-right is-layout-constrained wp-container-core-group-is-layout-87057a5b wp-block-group-is-layout-constrained\" style=\"border-top-left-radius:16px;border-top-right-radius:16px;min-height:18rem;padding-top:var(--wp--preset--spacing--32);padding-right:var(--wp--preset--spacing--32);padding-bottom:var(--wp--preset--spacing--32);padding-left:var(--wp--preset--spacing--32)\">\n<div class=\"wp-block-columns is-layout-flex wp-container-core-columns-is-layout-28f84493 wp-block-columns-is-layout-flex\">\n<div class=\"wp-block-column has-global-padding is-content-justification-right is-layout-constrained wp-container-core-column-is-layout-7550a36c wp-block-column-is-layout-constrained\" style=\"padding-bottom:var(--wp--preset--spacing--24)\">\n<p class=\"has-base-color has-text-color has-link-color has-pfdinstencil-font-family has-small-font-size wp-elements-90f4e347ee4975df69d4de8d12d5e5c5\" style=\"text-transform:uppercase\"> En aquesta secci\u00f3<\/p>\n\n\n\n<hr class=\"wp-block-separator has-text-color has-base-color has-alpha-channel-opacity has-base-background-color has-background\"\/>\n\n\n\n<p class=\"has-base-color has-text-color has-link-color has-medium-font-size wp-elements-b7fb09a6491fdb2b82c57d97fd32e516\"><a href=\"https:\/\/www.openarms.es\/ca\/que-fem\/missions-humanitaries\" data-type=\"page\" data-id=\"143\">Missions Humanit\u00e0ries<\/a><\/p>\n\n\n\n<p class=\"has-base-color has-text-color has-link-color has-medium-font-size wp-elements-9cd89923c8e5c5b8ccc582bdd43c71b7\"><a href=\"https:\/\/www.openarms.es\/ca\/que-fem\/projecte-origen\" data-type=\"page\" data-id=\"327\">Projecte Origen<\/a><\/p>\n\n\n\n<p class=\"has-base-color has-text-color has-link-color has-medium-font-size wp-elements-0da8b3625a4efada054baa68b67920f7\"><a href=\"https:\/\/www.openarms.es\/ca\/que-fem\/educacio-per-a-la-llibertat\" data-type=\"page\" data-id=\"387\"> Projecte Educaci\u00f3<\/a><\/p>\n<\/div>\n<\/div>\n<\/div>\n<\/div>\n<\/div>\n\n<figure class=\"wp-block-image aligncenter size-large arrow-scroll\"><img loading=\"lazy\" decoding=\"async\" width=\"16\" height=\"41\" src=\"https:\/\/www.openarms.es\/wp-content\/uploads\/2025\/05\/icon-arrow-down.svg\" alt=\"\" class=\"wp-image-2766\"\/><\/figure>\n\n<div class=\"wp-block-cover alignfull is-light has-parallax\" style=\"margin-top:0;margin-bottom:0;padding-top:var(--wp--preset--spacing--50);padding-right:0;padding-bottom:var(--wp--preset--spacing--50);padding-left:0\"><div class=\"wp-block-cover__image-background wp-image-999 has-parallax\" style=\"background-position:50% 50%;background-image:url(https:\/\/www.openarms.es\/wp-content\/themes\/openarms\/assets\/images\/openarms-texture.webp)\"><\/div><span aria-hidden=\"true\" class=\"wp-block-cover__background has-base-background-color has-background-dim-80 has-background-dim\"><\/span><div class=\"wp-block-cover__inner-container is-layout-flow wp-block-cover-is-layout-flow\">\n<div class=\"wp-block-group has-global-padding is-layout-constrained wp-block-group-is-layout-constrained\">\n<ul class=\"wp-block-list dropdown-section mobile has-contrast-color has-text-color has-link-color wp-elements-98115068f18e79171194457b6f27bfae\">\n<li class=\"dropdown-toggle header-link\"> En aquesta Secci\u00f3<\/li>\n\n\n\n<li><a href=\"https:\/\/www.openarms.es\/ca\/que-fem\/missions-humanitaries\" data-type=\"page\" data-id=\"143\">Missions Humanit\u00e0ries<\/a><\/li>\n\n\n\n<li><a href=\"https:\/\/www.openarms.es\/ca\/que-fem\/projecte-origen\" data-type=\"page\" data-id=\"327\">Projecte Origen<\/a><\/li>\n\n\n\n<li><a href=\"https:\/\/www.openarms.es\/ca\/que-fem\/educacio-per-a-la-llibertat\" data-type=\"page\" data-id=\"387\"> Projecte Educaci\u00f3<\/a><\/li>\n<\/ul>\n<\/div>\n\n\n\n<div class=\"wp-block-group alignfull is-layout-constrained wp-container-core-group-is-layout-10 wp-block-group-is-layout-constrained has-global-padding\" style=\"margin-top:var(--wp--preset--spacing--48);margin-bottom:var(--wp--preset--spacing--48);padding-top:var(--wp--preset--spacing--50);padding-bottom:var(--wp--preset--spacing--50)\">\n<div class=\"wp-block-columns ebavs-space-between is-layout-flex wp-container-core-columns-is-layout-0b339b1a wp-block-columns-is-layout-flex\">\n<div class=\"wp-block-column is-layout-flow wp-block-column-is-layout-flow\" style=\"flex-basis:30%\">\n<h2 class=\"wp-block-heading has-contrast-color has-text-color has-link-color wp-elements-041d096e5b40f5acc274cd2eb9cd61ab\"><strong>Al mar salvem vides, a terra busquem solucions.<\/strong><\/h2>\n<\/div>\n\n\n\n<div class=\"wp-block-column is-vertically-aligned-center is-layout-flow wp-block-column-is-layout-flow\" style=\"flex-basis:50%\">\n<p class=\"has-large-font-size\" style=\"line-height:1.14em\">Portem 10 anys salvant vides, i ho continuarem fent. Per\u00f2 aquesta no \u00e9s la nostra \u00fanica \u00e0rea dacci\u00f3. Intentem evitar m\u00e9s morts al mar, generant alternatives als pa\u00efsos d&#8217;origen, on informem dels riscos de migrar per vies no segures i formem les persones perqu\u00e8 puguin emprendre i tenir oportunitats de futur sense haver d&#8217;arriscar la vida en un trajecte incert. I a m\u00e9s, estem als pa\u00efsos d&#8217;acollida per sensibilitzar els m\u00e9s joves. Tota la nostra feina es divideix en tres grans fronts.<\/p>\n<\/div>\n<\/div>\n<\/div>\n\n\n\n<hr class=\"wp-block-separator has-text-color has-contrast-color has-alpha-channel-opacity has-contrast-background-color has-background is-style-wide is-style-wide--1\" style=\"margin-top:0rem;margin-bottom:4rem\"\/>\n\n\n\n<div class=\"wp-block-group alignfull is-layout-constrained wp-container-core-group-is-layout-10 wp-block-group-is-layout-constrained has-global-padding\" style=\"padding-top:var(--wp--preset--spacing--50);padding-bottom:var(--wp--preset--spacing--50)\">\n<div class=\"wp-block-columns alignwide is-layout-flex wp-container-core-columns-is-layout-00723822 wp-block-columns-is-layout-flex\">\n<div class=\"wp-block-column is-layout-flow wp-block-column-is-layout-flow\" style=\"flex-basis:50%\">\n<figure class=\"wp-block-image size-full\"><img loading=\"lazy\" decoding=\"async\" width=\"2560\" height=\"1707\" src=\"https:\/\/www.openarms.es\/wp-content\/uploads\/2025\/03\/flota-scaled.webp\" alt=\"\" class=\"wp-image-119\" style=\"aspect-ratio:16\/9;object-fit:cover\" srcset=\"https:\/\/www.openarms.es\/wp-content\/uploads\/2025\/03\/flota-scaled.webp 2560w, https:\/\/www.openarms.es\/wp-content\/uploads\/2025\/03\/flota-300x200.webp 300w, https:\/\/www.openarms.es\/wp-content\/uploads\/2025\/03\/flota-1024x683.webp 1024w, https:\/\/www.openarms.es\/wp-content\/uploads\/2025\/03\/flota-768x512.webp 768w, https:\/\/www.openarms.es\/wp-content\/uploads\/2025\/03\/flota-1536x1024.webp 1536w, https:\/\/www.openarms.es\/wp-content\/uploads\/2025\/03\/flota-2048x1366.webp 2048w\" sizes=\"auto, (max-width: 2560px) 100vw, 2560px\" \/><\/figure>\n<\/div>\n\n\n\n<div class=\"wp-block-column desktop is-layout-flow wp-block-column-is-layout-flow\" style=\"flex-basis:5%\"><\/div>\n\n\n\n<div class=\"wp-block-column is-vertically-aligned-center is-layout-flow wp-block-column-is-layout-flow\">\n<h3 class=\"wp-block-heading has-dark-gray-color has-text-color has-link-color wp-elements-92935255500f7459edd94c76c4d44c5c\">Missions humanit\u00e0ries<\/h3>\n\n\n\n<p class=\"has-large-font-size\" style=\"line-height:1.14em\">Una vida val el mateix quan es perd ofegada en el Mediterrani central, sepultada en una emerg\u00e8ncia com la\u00a0DANA\u00a0de Val\u00e8ncia, o en una invasi\u00f3 com la d&#8217;Ucra\u00efna. Totes mereixen el nostre esfor\u00e7 per salvar-les.<\/p>\n\n\n\n<div class=\"wp-block-buttons is-layout-flex wp-block-buttons-is-layout-flex\">\n<div class=\"wp-block-button\"><a class=\"wp-block-button__link wp-element-button\" href=\"https:\/\/www.openarms.es\/ca\/que-fem\/missions-humanitaries\"> Descobreix m\u00e9s<\/a><\/div>\n<\/div>\n<\/div>\n\n\n\n<div class=\"wp-block-column desktop is-layout-flow wp-block-column-is-layout-flow\" style=\"flex-basis:5%\"><\/div>\n<\/div>\n<\/div>\n\n\n\n<div class=\"wp-block-group alignfull is-layout-constrained wp-container-core-group-is-layout-10 wp-block-group-is-layout-constrained has-global-padding\" style=\"padding-top:var(--wp--preset--spacing--50);padding-bottom:var(--wp--preset--spacing--50)\">\n<div class=\"wp-block-columns alignwide is-layout-flex wp-container-core-columns-is-layout-00723822 wp-block-columns-is-layout-flex\">\n<div class=\"wp-block-column desktop is-layout-flow wp-block-column-is-layout-flow\" style=\"flex-basis:5%\"><\/div>\n\n\n\n<div class=\"wp-block-column is-vertically-aligned-center order-2 is-layout-flow wp-block-column-is-layout-flow\">\n<h3 class=\"wp-block-heading has-dark-gray-color has-text-color has-link-color wp-elements-dfad45d3d0aa9cad37408b9355ac0b2b\">Projecte #Origen<\/h3>\n\n\n\n<p class=\"has-large-font-size\" style=\"line-height:1.14em\">Un cop al mar, ja no hi ha soluci\u00f3. Per aix\u00f2, treballem a \u00c0frica Occidental per a explicar les condicions reals de migraci\u00f3 irregular i empoderar a les comunitats d&#8217;origen per a construir alternatives reals.<\/p>\n\n\n\n<div class=\"wp-block-buttons is-layout-flex wp-block-buttons-is-layout-flex\">\n<div class=\"wp-block-button\"><a class=\"wp-block-button__link wp-element-button\" href=\"https:\/\/www.openarms.es\/ca\/que-fem\/projecte-origen\"> Descobreix m\u00e9s<\/a><\/div>\n<\/div>\n<\/div>\n\n\n\n<div class=\"wp-block-column desktop is-layout-flow wp-block-column-is-layout-flow\" style=\"flex-basis:5%\"><\/div>\n\n\n\n<div class=\"wp-block-column order-1 is-layout-flow wp-block-column-is-layout-flow\" style=\"flex-basis:50%\">\n<figure class=\"wp-block-image size-full\"><img loading=\"lazy\" decoding=\"async\" width=\"1230\" height=\"1125\" src=\"https:\/\/www.openarms.es\/wp-content\/uploads\/2025\/03\/portada-misiones.webp\" alt=\"Origen Open Arms\" class=\"wp-image-230\" style=\"aspect-ratio:16\/9;object-fit:cover\" srcset=\"https:\/\/www.openarms.es\/wp-content\/uploads\/2025\/03\/portada-misiones.webp 1230w, https:\/\/www.openarms.es\/wp-content\/uploads\/2025\/03\/portada-misiones-300x274.webp 300w, https:\/\/www.openarms.es\/wp-content\/uploads\/2025\/03\/portada-misiones-1024x937.webp 1024w, https:\/\/www.openarms.es\/wp-content\/uploads\/2025\/03\/portada-misiones-768x702.webp 768w\" sizes=\"auto, (max-width: 1230px) 100vw, 1230px\" \/><\/figure>\n<\/div>\n<\/div>\n<\/div>\n\n\n\n<div class=\"wp-block-group alignfull is-layout-constrained wp-container-core-group-is-layout-10 wp-block-group-is-layout-constrained has-global-padding\" style=\"padding-top:var(--wp--preset--spacing--50);padding-bottom:var(--wp--preset--spacing--50)\">\n<div class=\"wp-block-columns alignwide is-layout-flex wp-container-core-columns-is-layout-00723822 wp-block-columns-is-layout-flex\">\n<div class=\"wp-block-column order-1 is-layout-flow wp-block-column-is-layout-flow\" style=\"flex-basis:50%\">\n<figure class=\"wp-block-image size-full\"><img loading=\"lazy\" decoding=\"async\" width=\"2560\" height=\"1707\" src=\"https:\/\/www.openarms.es\/wp-content\/uploads\/2025\/03\/escuela-scaled.webp\" alt=\"\" class=\"wp-image-232\" style=\"aspect-ratio:16\/9;object-fit:cover\" srcset=\"https:\/\/www.openarms.es\/wp-content\/uploads\/2025\/03\/escuela-scaled.webp 2560w, https:\/\/www.openarms.es\/wp-content\/uploads\/2025\/03\/escuela-300x200.webp 300w, https:\/\/www.openarms.es\/wp-content\/uploads\/2025\/03\/escuela-1024x683.webp 1024w, https:\/\/www.openarms.es\/wp-content\/uploads\/2025\/03\/escuela-768x512.webp 768w, https:\/\/www.openarms.es\/wp-content\/uploads\/2025\/03\/escuela-1536x1024.webp 1536w, https:\/\/www.openarms.es\/wp-content\/uploads\/2025\/03\/escuela-2048x1366.webp 2048w\" sizes=\"auto, (max-width: 2560px) 100vw, 2560px\" \/><\/figure>\n<\/div>\n\n\n\n<div class=\"wp-block-column desktop is-layout-flow wp-block-column-is-layout-flow\" style=\"flex-basis:5%\"><\/div>\n\n\n\n<div class=\"wp-block-column is-vertically-aligned-center order-2 is-layout-flow wp-block-column-is-layout-flow\">\n<h3 class=\"wp-block-heading has-dark-gray-color has-text-color has-link-color wp-elements-66ea6c93c5fce514f6ff8921675d10be\">Educaci\u00f3 per a la llibertat<\/h3>\n\n\n\n<p class=\"has-large-font-size\" style=\"line-height:1.14em\">Creiem en la necessitat d&#8217;educar i sensibilitzar a les comunitats escolars en pa\u00efsos d&#8217;acolliment. Per aix\u00f2, compartim les veus de les persones rescatades i transmetem els drets humans, l&#8217;empatia i el pensament cr\u00edtic.<\/p>\n\n\n\n<div class=\"wp-block-buttons is-layout-flex wp-block-buttons-is-layout-flex\">\n<div class=\"wp-block-button\"><a class=\"wp-block-button__link wp-element-button\" href=\"https:\/\/www.openarms.es\/ca\/que-fem\/educacio-per-a-la-llibertat\"> Descobreix m\u00e9s<\/a><\/div>\n<\/div>\n<\/div>\n\n\n\n<div class=\"wp-block-column desktop is-layout-flow wp-block-column-is-layout-flow\" style=\"flex-basis:5%\"><\/div>\n<\/div>\n<\/div>\n\n\n\n<hr class=\"wp-block-separator has-text-color has-contrast-color has-alpha-channel-opacity has-contrast-background-color has-background is-style-wide is-style-wide--2\" style=\"margin-top:var(--wp--preset--spacing--40);margin-bottom:var(--wp--preset--spacing--64)\"\/>\n\n\n\n<div class=\"wp-block-group alignfull has-global-padding is-layout-constrained wp-block-group-is-layout-constrained\" style=\"min-height:0vh;margin-top:0;margin-bottom:0;padding-bottom:var(--wp--preset--spacing--24)\">\n<div class=\"wp-block-columns are-vertically-aligned-top is-content-justification-center is-layout-flex wp-container-core-columns-is-layout-8c19c11b wp-block-columns-is-layout-flex\">\n<div class=\"wp-block-column is-vertically-aligned-top is-layout-flow wp-block-column-is-layout-flow\" style=\"flex-basis:60%\">\n<div class=\"wp-block-group has-contrast-background-color has-background has-global-padding is-layout-constrained wp-container-core-group-is-layout-a91b9633 wp-block-group-is-layout-constrained\" style=\"border-style:none;border-width:0px;border-radius:32px;padding-top:var(--wp--preset--spacing--40);padding-right:2rem;padding-bottom:var(--wp--preset--spacing--40);padding-left:2rem\">\n<h3 class=\"wp-block-heading has-text-align-center has-base-color has-text-color has-link-color wp-elements-f0ca9dc66eb2146bdb1190b1326b2229\" style=\"margin-right:0;margin-left:0;padding-right:0;padding-left:0;font-size:clamp(1.502rem, 1.502rem + ((1vw - 0.2rem) * 1.181), 2.5rem);line-height:1.15\">Si creus que tota vida ha de ser salvada, implica&#8217;t. Entre tots, en podem salvar moltes m\u00e9s.<\/h3>\n\n\n\n<div class=\"wp-block-buttons is-horizontal is-content-justification-center is-layout-flex wp-container-core-buttons-is-layout-03627597 wp-block-buttons-is-layout-flex\">\n<div class=\"wp-block-button\"><a class=\"wp-block-button__link has-contrast-color has-base-background-color has-text-color has-background has-custom-font-size wp-element-button\" href=\"https:\/\/www.openarms.es\/ca\/com-ajudar\/dona\" style=\"padding-top:16px;padding-right:24px;padding-bottom:14px;padding-left:24px;font-size:clamp(14px, 0.875rem + ((1vw - 3.2px) * 0.296), 18px);font-style:normal;font-weight:700\">DONA ARA<\/a><\/div>\n<\/div>\n<\/div>\n<\/div>\n<\/div>\n<\/div>\n<\/div><\/div>\n","protected":false},"excerpt":{"rendered":"<p>En aquesta secci\u00f3 Missions Humanit\u00e0ries Projecte Origen Projecte Educaci\u00f3<\/p>\n","protected":false},"author":1,"featured_media":3637,"parent":0,"menu_order":0,"comment_status":"closed","ping_status":"closed","template":"page-first-level","meta":{"content-type":"","footnotes":""},"class_list":["post-4358","page","type-page","status-publish","has-post-thumbnail","hentry"],"yoast_head":"<!-- This site is optimized with the Yoast SEO plugin v25.9 - https:\/\/yoast.com\/wordpress\/plugins\/seo\/ -->\n<title>Qu\u00e8 fem: Missions i ajuda humanit\u00e0ria | Openarms<\/title>\n<meta name=\"description\" content=\"Open Arms: Salvem vides en la mar i a terra. Actuem en emerg\u00e8ncies i defensem drets on m\u00e9s es necessiten.\" \/>\n<meta name=\"robots\" content=\"index, follow, max-snippet:-1, max-image-preview:large, max-video-preview:-1\" \/>\n<link rel=\"canonical\" href=\"https:\/\/www.openarms.es\/ca\/que-fem\" \/>\n<meta property=\"og:locale\" content=\"ca_ES\" \/>\n<meta property=\"og:type\" content=\"article\" \/>\n<meta property=\"og:title\" content=\"Qu\u00e8 fem: Missions i ajuda humanit\u00e0ria | Openarms\" \/>\n<meta property=\"og:description\" content=\"Open Arms: Salvem vides en la mar i a terra. Actuem en emerg\u00e8ncies i defensem drets on m\u00e9s es necessiten.\" \/>\n<meta property=\"og:url\" content=\"https:\/\/www.openarms.es\/ca\/que-fem\" \/>\n<meta property=\"og:site_name\" content=\"Open Arms\" \/>\n<meta property=\"article:modified_time\" content=\"2025-06-20T07:54:29+00:00\" \/>\n<meta property=\"og:image\" content=\"https:\/\/www.openarms.es\/wp-content\/uploads\/2025\/03\/que-hacemos.webp\" \/>\n\t<meta property=\"og:image:width\" content=\"1512\" \/>\n\t<meta property=\"og:image:height\" content=\"779\" \/>\n\t<meta property=\"og:image:type\" content=\"image\/webp\" \/>\n<meta name=\"twitter:card\" content=\"summary_large_image\" \/>\n<meta name=\"twitter:label1\" content=\"Temps estimat de lectura\" \/>\n\t<meta name=\"twitter:data1\" content=\"1 minut\" \/>\n<script type=\"application\/ld+json\" class=\"yoast-schema-graph\">{\"@context\":\"https:\/\/schema.org\",\"@graph\":[{\"@type\":\"WebPage\",\"@id\":\"https:\/\/www.openarms.es\/ca\/que-fem\",\"url\":\"https:\/\/www.openarms.es\/ca\/que-fem\",\"name\":\"Qu\u00e8 fem: Missions i ajuda humanit\u00e0ria | Openarms\",\"isPartOf\":{\"@id\":\"https:\/\/www.openarms.es\/ca#website\"},\"primaryImageOfPage\":{\"@id\":\"https:\/\/www.openarms.es\/ca\/que-fem#primaryimage\"},\"image\":{\"@id\":\"https:\/\/www.openarms.es\/ca\/que-fem#primaryimage\"},\"thumbnailUrl\":\"https:\/\/www.openarms.es\/wp-content\/uploads\/2025\/03\/que-hacemos.webp\",\"datePublished\":\"2025-03-06T16:31:30+00:00\",\"dateModified\":\"2025-06-20T07:54:29+00:00\",\"description\":\"Open Arms: Salvem vides en la mar i a terra. Actuem en emerg\u00e8ncies i defensem drets on m\u00e9s es necessiten.\",\"inLanguage\":\"ca\",\"potentialAction\":[{\"@type\":\"ReadAction\",\"target\":[\"https:\/\/www.openarms.es\/ca\/que-fem\"]}]},{\"@type\":\"ImageObject\",\"inLanguage\":\"ca\",\"@id\":\"https:\/\/www.openarms.es\/ca\/que-fem#primaryimage\",\"url\":\"https:\/\/www.openarms.es\/wp-content\/uploads\/2025\/03\/que-hacemos.webp\",\"contentUrl\":\"https:\/\/www.openarms.es\/wp-content\/uploads\/2025\/03\/que-hacemos.webp\",\"width\":1512,\"height\":779,\"caption\":\"Qu\u00e9 hacemos Open Arms\"},{\"@type\":\"WebSite\",\"@id\":\"https:\/\/www.openarms.es\/ca#website\",\"url\":\"https:\/\/www.openarms.es\/ca\",\"name\":\"Open Arms\",\"description\":\"\",\"publisher\":{\"@id\":\"https:\/\/www.openarms.es\/ca#organization\"},\"potentialAction\":[{\"@type\":\"SearchAction\",\"target\":{\"@type\":\"EntryPoint\",\"urlTemplate\":\"https:\/\/www.openarms.es\/ca?s={search_term_string}\"},\"query-input\":{\"@type\":\"PropertyValueSpecification\",\"valueRequired\":true,\"valueName\":\"search_term_string\"}}],\"inLanguage\":\"ca\"},{\"@type\":\"Organization\",\"@id\":\"https:\/\/www.openarms.es\/ca#organization\",\"name\":\"Open Arms\",\"url\":\"https:\/\/www.openarms.es\/ca\",\"logo\":{\"@type\":\"ImageObject\",\"inLanguage\":\"ca\",\"@id\":\"https:\/\/www.openarms.es\/ca#\/schema\/logo\/image\/\",\"url\":\"https:\/\/www.openarms.es\/wp-content\/uploads\/2025\/03\/BRAND.svg\",\"contentUrl\":\"https:\/\/www.openarms.es\/wp-content\/uploads\/2025\/03\/BRAND.svg\",\"caption\":\"Open Arms\"},\"image\":{\"@id\":\"https:\/\/www.openarms.es\/ca#\/schema\/logo\/image\/\"}}]}<\/script>\n<!-- \/ Yoast SEO plugin. -->","yoast_head_json":{"title":"Qu\u00e8 fem: Missions i ajuda humanit\u00e0ria | Openarms","description":"Open Arms: Salvem vides en la mar i a terra. Actuem en emerg\u00e8ncies i defensem drets on m\u00e9s es necessiten.","robots":{"index":"index","follow":"follow","max-snippet":"max-snippet:-1","max-image-preview":"max-image-preview:large","max-video-preview":"max-video-preview:-1"},"canonical":"https:\/\/www.openarms.es\/ca\/que-fem","og_locale":"ca_ES","og_type":"article","og_title":"Qu\u00e8 fem: Missions i ajuda humanit\u00e0ria | Openarms","og_description":"Open Arms: Salvem vides en la mar i a terra. Actuem en emerg\u00e8ncies i defensem drets on m\u00e9s es necessiten.","og_url":"https:\/\/www.openarms.es\/ca\/que-fem","og_site_name":"Open Arms","article_modified_time":"2025-06-20T07:54:29+00:00","og_image":[{"width":1512,"height":779,"url":"https:\/\/www.openarms.es\/wp-content\/uploads\/2025\/03\/que-hacemos.webp","type":"image\/webp"}],"twitter_card":"summary_large_image","twitter_misc":{"Temps estimat de lectura":"1 minut"},"schema":{"@context":"https:\/\/schema.org","@graph":[{"@type":"WebPage","@id":"https:\/\/www.openarms.es\/ca\/que-fem","url":"https:\/\/www.openarms.es\/ca\/que-fem","name":"Qu\u00e8 fem: Missions i ajuda humanit\u00e0ria | Openarms","isPartOf":{"@id":"https:\/\/www.openarms.es\/ca#website"},"primaryImageOfPage":{"@id":"https:\/\/www.openarms.es\/ca\/que-fem#primaryimage"},"image":{"@id":"https:\/\/www.openarms.es\/ca\/que-fem#primaryimage"},"thumbnailUrl":"https:\/\/www.openarms.es\/wp-content\/uploads\/2025\/03\/que-hacemos.webp","datePublished":"2025-03-06T16:31:30+00:00","dateModified":"2025-06-20T07:54:29+00:00","description":"Open Arms: Salvem vides en la mar i a terra. Actuem en emerg\u00e8ncies i defensem drets on m\u00e9s es necessiten.","inLanguage":"ca","potentialAction":[{"@type":"ReadAction","target":["https:\/\/www.openarms.es\/ca\/que-fem"]}]},{"@type":"ImageObject","inLanguage":"ca","@id":"https:\/\/www.openarms.es\/ca\/que-fem#primaryimage","url":"https:\/\/www.openarms.es\/wp-content\/uploads\/2025\/03\/que-hacemos.webp","contentUrl":"https:\/\/www.openarms.es\/wp-content\/uploads\/2025\/03\/que-hacemos.webp","width":1512,"height":779,"caption":"Qu\u00e9 hacemos Open Arms"},{"@type":"WebSite","@id":"https:\/\/www.openarms.es\/ca#website","url":"https:\/\/www.openarms.es\/ca","name":"Open Arms","description":"","publisher":{"@id":"https:\/\/www.openarms.es\/ca#organization"},"potentialAction":[{"@type":"SearchAction","target":{"@type":"EntryPoint","urlTemplate":"https:\/\/www.openarms.es\/ca?s={search_term_string}"},"query-input":{"@type":"PropertyValueSpecification","valueRequired":true,"valueName":"search_term_string"}}],"inLanguage":"ca"},{"@type":"Organization","@id":"https:\/\/www.openarms.es\/ca#organization","name":"Open Arms","url":"https:\/\/www.openarms.es\/ca","logo":{"@type":"ImageObject","inLanguage":"ca","@id":"https:\/\/www.openarms.es\/ca#\/schema\/logo\/image\/","url":"https:\/\/www.openarms.es\/wp-content\/uploads\/2025\/03\/BRAND.svg","contentUrl":"https:\/\/www.openarms.es\/wp-content\/uploads\/2025\/03\/BRAND.svg","caption":"Open Arms"},"image":{"@id":"https:\/\/www.openarms.es\/ca#\/schema\/logo\/image\/"}}]}},"_links":{"self":[{"href":"https:\/\/www.openarms.es\/ca\/wp-json\/wp\/v2\/pages\/4358","targetHints":{"allow":["GET"]}}],"collection":[{"href":"https:\/\/www.openarms.es\/ca\/wp-json\/wp\/v2\/pages"}],"about":[{"href":"https:\/\/www.openarms.es\/ca\/wp-json\/wp\/v2\/types\/page"}],"author":[{"embeddable":true,"href":"https:\/\/www.openarms.es\/ca\/wp-json\/wp\/v2\/users\/1"}],"replies":[{"embeddable":true,"href":"https:\/\/www.openarms.es\/ca\/wp-json\/wp\/v2\/comments?post=4358"}],"version-history":[{"count":10,"href":"https:\/\/www.openarms.es\/ca\/wp-json\/wp\/v2\/pages\/4358\/revisions"}],"predecessor-version":[{"id":6539,"href":"https:\/\/www.openarms.es\/ca\/wp-json\/wp\/v2\/pages\/4358\/revisions\/6539"}],"wp:featuredmedia":[{"embeddable":true,"href":"https:\/\/www.openarms.es\/ca\/wp-json\/wp\/v2\/media\/3637"}],"wp:attachment":[{"href":"https:\/\/www.openarms.es\/ca\/wp-json\/wp\/v2\/media?parent=4358"}],"curies":[{"name":"wp","href":"https:\/\/api.w.org\/{rel}","templated":true}]}}