{"id":4741,"date":"2025-05-15T08:19:20","date_gmt":"2025-05-15T08:19:20","guid":{"rendered":"https:\/\/www.openarms.es\/que-fem\/missions-humanitaries\/vols-humanitaris\/islamabad-pakistan"},"modified":"2025-07-08T13:22:45","modified_gmt":"2025-07-08T13:22:45","slug":"islamabad-pakistan","status":"publish","type":"page","link":"https:\/\/www.openarms.es\/ca\/que-fem\/missions-humanitaries\/vols-humanitaris\/islamabad-pakistan","title":{"rendered":"Islamabad (Pakist\u00e1n)"},"content":{"rendered":"\n<div class=\"wp-block-cover alignfull ebavs-header-hero-interior\" style=\"min-height:40rem;aspect-ratio:unset;\"><span aria-hidden=\"true\" class=\"wp-block-cover__background has-black-background-color has-background-dim\"><\/span><img loading=\"lazy\" decoding=\"async\" width=\"1024\" height=\"768\" src=\"https:\/\/www.openarms.es\/wp-content\/uploads\/2025\/07\/WhatsApp-Image-2025-07-07-at-16.02.59-1024x768.jpeg\" class=\"wp-block-cover__image-background wp-post-image\" alt=\"\" data-object-fit=\"cover\" srcset=\"https:\/\/www.openarms.es\/wp-content\/uploads\/2025\/07\/WhatsApp-Image-2025-07-07-at-16.02.59-1024x768.jpeg 1024w, https:\/\/www.openarms.es\/wp-content\/uploads\/2025\/07\/WhatsApp-Image-2025-07-07-at-16.02.59-300x225.jpeg 300w, https:\/\/www.openarms.es\/wp-content\/uploads\/2025\/07\/WhatsApp-Image-2025-07-07-at-16.02.59-768x576.jpeg 768w, https:\/\/www.openarms.es\/wp-content\/uploads\/2025\/07\/WhatsApp-Image-2025-07-07-at-16.02.59-1536x1152.jpeg 1536w, https:\/\/www.openarms.es\/wp-content\/uploads\/2025\/07\/WhatsApp-Image-2025-07-07-at-16.02.59.jpeg 1600w\" sizes=\"auto, (max-width: 1024px) 100vw, 1024px\" \/><div class=\"wp-block-cover__inner-container is-layout-flow wp-block-cover-is-layout-flow\">\n<div class=\"wp-block-group alignwide has-global-padding is-layout-constrained wp-container-core-group-is-layout-a8a8a09e wp-block-group-is-layout-constrained\" style=\"margin-top:auto;margin-bottom:auto;padding-right:0;padding-left:0\">\n<div class=\"wp-block-group has-global-padding is-content-justification-left is-layout-constrained wp-container-core-group-is-layout-b58f3518 wp-block-group-is-layout-constrained\">\n<p class=\"has-text-align-left has-base-color has-text-color has-large-font-size\" style=\"text-transform:uppercase\"> vols humanitaris<\/p>\n\n\n\n<h1 class=\"wp-block-heading has-text-align-left has-base-color has-text-color has-xx-large-font-size\" style=\"margin-top:0;margin-bottom:0\">Islamabad (Pakist\u00e1n)<\/h1>\n\n\n\n<p class=\"has-base-color has-text-color has-link-color wp-elements-72df1453afc4b321b08a0055d694d006\" style=\"margin-top:0;margin-bottom:0\">Si creus que en una guerra cal protegir la vida dels m\u00e9s vulnerables, ets dels nostres.<\/p>\n\n\n\n<div class=\"wp-block-buttons is-content-justification-left is-layout-flex wp-container-core-buttons-is-layout-fc4fd283 wp-block-buttons-is-layout-flex\">\n<div class=\"wp-block-button\"><a class=\"wp-block-button__link has-contrast-color has-base-background-color has-text-color has-background has-dinnextltpro-font-family has-custom-font-size wp-element-button\" href=\"https:\/\/help.openarms.es\/miembro-openarms\/?lang=ca\" style=\"padding-top:16px;padding-right:24px;padding-bottom:14px;padding-left:24px;font-size:clamp(0.875rem, 0.875rem + ((1vw - 0.2rem) * 0.302), 1.13rem);font-style:normal;font-weight:700;line-height:1;text-transform:uppercase\" target=\"_blank\" rel=\"noreferrer noopener\">Fes-te membre<\/a><\/div>\n<\/div>\n<\/div>\n<\/div>\n<\/div><\/div>\n\n\n\n<div class=\"wp-block-cover alignfull is-light has-parallax\" style=\"margin-top:0;margin-bottom:var(--wp--preset--spacing--50);padding-top:0;padding-right:0;padding-bottom:0;padding-left:0\"><div class=\"wp-block-cover__image-background wp-image-999 has-parallax\" style=\"background-position:50% 50%;background-image:url(https:\/\/www.openarms.es\/wp-content\/themes\/openarms\/assets\/images\/openarms-texture.webp)\"><\/div><span aria-hidden=\"true\" class=\"wp-block-cover__background has-base-background-color has-background-dim-80 has-background-dim\"><\/span><div class=\"wp-block-cover__inner-container is-layout-flow wp-block-cover-is-layout-flow\">\n<div class=\"wp-block-group has-global-padding is-layout-constrained wp-block-group-is-layout-constrained\">\n<div class=\"wp-block-group has-global-padding is-layout-constrained wp-container-core-group-is-layout-8257ab09 wp-block-group-is-layout-constrained\" style=\"margin-top:1rem\"><div class=\"yoast-breadcrumbs\"><span><span><a href=\"https:\/\/www.openarms.es\/ca\/que-fem\">Qu\u00e8 Fem<\/a><\/span> &gt; <span><a href=\"https:\/\/www.openarms.es\/ca\/que-fem\/missions-humanitaries\">Missions Humanit\u00e0ries<\/a><\/span> &gt; <span><a href=\"https:\/\/www.openarms.es\/ca\/que-fem\/missions-humanitaries\/vols-humanitaris\">Vols Humanitaris<\/a><\/span> &gt; <span class=\"breadcrumb_last\" aria-current=\"page\">Islamabad (Pakist\u00e1n)<\/span><\/span><\/div>\n\n\n<hr class=\"wp-block-separator has-text-color has-gray-color has-alpha-channel-opacity has-gray-background-color has-background is-style-default\" style=\"margin-top:1rem;margin-bottom:4rem\"\/>\n<\/div>\n\n\n\n<div class=\"wp-block-columns is-layout-flex wp-container-core-columns-is-layout-28f84493 wp-block-columns-is-layout-flex\">\n<div class=\"wp-block-column is-layout-flow wp-block-column-is-layout-flow\" style=\"padding-right:var(--wp--preset--spacing--70);flex-basis:40%\">\n<h2 class=\"wp-block-heading has-contrast-color has-text-color has-link-color has-medium-large-font-size wp-elements-d10f9a63ac9d5bc3926eaf8ec065aa10\" style=\"padding-right:var(--wp--preset--spacing--40)\"><strong><strong>Islamabad<\/strong><\/strong><br><\/h2>\n<\/div>\n\n\n\n<div class=\"wp-block-column is-layout-flow wp-block-column-is-layout-flow\" style=\"flex-basis:50%\">\n<p>Al juliol de 2022, traslladem a 217 persones refugiades de l&#8217;Afganistan des d&#8217;Islamabad (el Pakistan) a l&#8217;aeroport de Roma&nbsp;Fiumicino&nbsp;a It\u00e0lia. La majoria eren fam\u00edlies, dones i nens, que fugien del terror que va suposar la volta dels talibans a la seva terra. <strong>Totes elles van trobar una via de sortida segura i amb garanties d&#8217;integraci\u00f3<\/strong> gr\u00e0cies a la cooperaci\u00f3 entre&nbsp;Open&nbsp;Arms&nbsp;i&nbsp;Solidaire, amb la col\u00b7laboraci\u00f3 de diverses organitzacions de la societat civil italiana, com&nbsp;ARCI,&nbsp;FCDE,&nbsp;Comunit\u00e0&nbsp;di&nbsp;Sant\u2019*Egidio, etc.<\/p>\n\n\n\n<p>Aquest corredor humanitari s&#8217;emmarca dins de la nostra iniciativa per a <strong>buscar alternatives en origen<\/strong> i treballar activament a construir vies segures i legals per a evitar la mort i el sofriment innecessari de les persones en situaci\u00f3 de vulnerabilitat. Sense aquests corredors humanitaris per aire, no tindrien una altra alternativa que arriscar les seves vides en la mar.<\/p>\n<\/div>\n<\/div>\n\n\n\n<div class=\"wp-block-group alignwide has-global-padding is-layout-constrained wp-container-core-group-is-layout-82100965 wp-block-group-is-layout-constrained\" style=\"min-height:0vh;margin-top:0;margin-bottom:0;padding-top:var(--wp--preset--spacing--64);padding-right:0;padding-bottom:var(--wp--preset--spacing--64);padding-left:0\">\n<figure class=\"wp-block-image aligncenter size-full is-resized h-fixed\"><img loading=\"lazy\" decoding=\"async\" width=\"2560\" height=\"1920\" src=\"https:\/\/www.openarms.es\/wp-content\/uploads\/2025\/07\/WhatsApp-Image-2025-07-07-at-14.38.12-scaled.jpeg\" alt=\"\" class=\"wp-image-6735\" style=\"aspect-ratio:16\/9;object-fit:cover;width:auto;height:600px\" srcset=\"https:\/\/www.openarms.es\/wp-content\/uploads\/2025\/07\/WhatsApp-Image-2025-07-07-at-14.38.12-scaled.jpeg 2560w, https:\/\/www.openarms.es\/wp-content\/uploads\/2025\/07\/WhatsApp-Image-2025-07-07-at-14.38.12-300x225.jpeg 300w, https:\/\/www.openarms.es\/wp-content\/uploads\/2025\/07\/WhatsApp-Image-2025-07-07-at-14.38.12-1024x768.jpeg 1024w, https:\/\/www.openarms.es\/wp-content\/uploads\/2025\/07\/WhatsApp-Image-2025-07-07-at-14.38.12-768x576.jpeg 768w, https:\/\/www.openarms.es\/wp-content\/uploads\/2025\/07\/WhatsApp-Image-2025-07-07-at-14.38.12-1536x1152.jpeg 1536w, https:\/\/www.openarms.es\/wp-content\/uploads\/2025\/07\/WhatsApp-Image-2025-07-07-at-14.38.12-2048x1536.jpeg 2048w\" sizes=\"auto, (max-width: 2560px) 100vw, 2560px\" \/><\/figure>\n<\/div>\n\n\n\n<hr class=\"wp-block-separator has-text-color has-contrast-color has-alpha-channel-opacity has-contrast-background-color has-background\" style=\"margin-top:var(--wp--preset--spacing--24);margin-bottom:var(--wp--preset--spacing--64)\"\/>\n<\/div>\n\n\n\n<div class=\"wp-block-group alignfull has-global-padding is-layout-constrained wp-container-core-group-is-layout-74ccbb19 wp-block-group-is-layout-constrained\" style=\"min-height:0vh;margin-top:0;margin-bottom:0;padding-right:var(--wp--preset--spacing--40);padding-left:var(--wp--preset--spacing--40)\">\n<div class=\"wp-block-columns are-vertically-aligned-top is-content-justification-center is-layout-flex wp-container-core-columns-is-layout-8c19c11b wp-block-columns-is-layout-flex\">\n<div class=\"wp-block-column is-vertically-aligned-top is-layout-flow wp-block-column-is-layout-flow\" style=\"flex-basis:60%\">\n<div class=\"wp-block-group has-contrast-background-color has-background has-global-padding is-layout-constrained wp-container-core-group-is-layout-a91b9633 wp-block-group-is-layout-constrained\" style=\"border-style:none;border-width:0px;border-radius:32px;padding-top:var(--wp--preset--spacing--40);padding-right:2rem;padding-bottom:var(--wp--preset--spacing--40);padding-left:2rem\">\n<h3 class=\"wp-block-heading has-text-align-center has-base-color has-text-color has-link-color wp-elements-a959ec13267d679321dc4f901fba061d\" style=\"margin-right:0;margin-left:0;padding-right:0;padding-left:0;font-size:clamp(1.502rem, 1.502rem + ((1vw - 0.2rem) * 1.181), 2.5rem);line-height:1.15\">Si creus que tota vida ha de ser salvada, implica&#8217;t. Entre tots, en podem salvar moltes m\u00e9s.<\/h3>\n\n\n\n<div class=\"wp-block-buttons is-horizontal is-content-justification-center is-layout-flex wp-container-core-buttons-is-layout-03627597 wp-block-buttons-is-layout-flex\">\n<div class=\"wp-block-button\"><a class=\"wp-block-button__link has-contrast-color has-base-background-color has-text-color has-background has-custom-font-size wp-element-button\" href=\"https:\/\/www.openarms.es\/ca\/com-ajudar\/dona\" style=\"padding-top:16px;padding-right:24px;padding-bottom:14px;padding-left:24px;font-size:clamp(14px, 0.875rem + ((1vw - 3.2px) * 0.296), 18px);font-style:normal;font-weight:700\">DONA ARA<\/a><\/div>\n<\/div>\n<\/div>\n<\/div>\n<\/div>\n<\/div>\n<\/div><\/div>\n","protected":false},"excerpt":{"rendered":"","protected":false},"author":1,"featured_media":6729,"parent":4733,"menu_order":0,"comment_status":"closed","ping_status":"closed","template":"page-interior","meta":{"content-type":"","footnotes":""},"class_list":["post-4741","page","type-page","status-publish","has-post-thumbnail","hentry"],"yoast_head":"<!-- This site is optimized with the Yoast SEO plugin v25.9 - https:\/\/yoast.com\/wordpress\/plugins\/seo\/ -->\n<title>Islamabad: Corredor aeri per a fam\u00edlies afganeses | Open Arms<\/title>\n<meta name=\"description\" content=\"Open Arms va traslladar a 217 persones des del Pakistan a It\u00e0lia. Una via segura per a fam\u00edlies afganeses que fugien del r\u00e8gim talib\u00e0.\" \/>\n<meta name=\"robots\" content=\"index, follow, max-snippet:-1, max-image-preview:large, max-video-preview:-1\" \/>\n<link rel=\"canonical\" href=\"https:\/\/www.openarms.es\/ca\/que-fem\/missions-humanitaries\/vols-humanitaris\/islamabad-pakistan\" \/>\n<meta property=\"og:locale\" content=\"ca_ES\" \/>\n<meta property=\"og:type\" content=\"article\" \/>\n<meta property=\"og:title\" content=\"Islamabad: Corredor aeri per a fam\u00edlies afganeses | Open Arms\" \/>\n<meta property=\"og:description\" content=\"Open Arms va traslladar a 217 persones des del Pakistan a It\u00e0lia. Una via segura per a fam\u00edlies afganeses que fugien del r\u00e8gim talib\u00e0.\" \/>\n<meta property=\"og:url\" content=\"https:\/\/www.openarms.es\/ca\/que-fem\/missions-humanitaries\/vols-humanitaris\/islamabad-pakistan\" \/>\n<meta property=\"og:site_name\" content=\"Open Arms\" \/>\n<meta property=\"article:modified_time\" content=\"2025-07-08T13:22:45+00:00\" \/>\n<meta property=\"og:image\" content=\"https:\/\/www.openarms.es\/wp-content\/uploads\/2025\/07\/WhatsApp-Image-2025-07-07-at-16.02.59.jpeg\" \/>\n\t<meta property=\"og:image:width\" content=\"1600\" \/>\n\t<meta property=\"og:image:height\" content=\"1200\" \/>\n\t<meta property=\"og:image:type\" content=\"image\/jpeg\" \/>\n<meta name=\"twitter:card\" content=\"summary_large_image\" \/>\n<meta name=\"twitter:label1\" content=\"Temps estimat de lectura\" \/>\n\t<meta name=\"twitter:data1\" content=\"2 minuts\" \/>\n<script type=\"application\/ld+json\" class=\"yoast-schema-graph\">{\"@context\":\"https:\/\/schema.org\",\"@graph\":[{\"@type\":\"WebPage\",\"@id\":\"https:\/\/www.openarms.es\/ca\/que-fem\/missions-humanitaries\/vols-humanitaris\/islamabad-pakistan\",\"url\":\"https:\/\/www.openarms.es\/ca\/que-fem\/missions-humanitaries\/vols-humanitaris\/islamabad-pakistan\",\"name\":\"Islamabad: Corredor aeri per a fam\u00edlies afganeses | Open Arms\",\"isPartOf\":{\"@id\":\"https:\/\/www.openarms.es\/ca#website\"},\"primaryImageOfPage\":{\"@id\":\"https:\/\/www.openarms.es\/ca\/que-fem\/missions-humanitaries\/vols-humanitaris\/islamabad-pakistan#primaryimage\"},\"image\":{\"@id\":\"https:\/\/www.openarms.es\/ca\/que-fem\/missions-humanitaries\/vols-humanitaris\/islamabad-pakistan#primaryimage\"},\"thumbnailUrl\":\"https:\/\/www.openarms.es\/wp-content\/uploads\/2025\/07\/WhatsApp-Image-2025-07-07-at-16.02.59.jpeg\",\"datePublished\":\"2025-05-15T08:19:20+00:00\",\"dateModified\":\"2025-07-08T13:22:45+00:00\",\"description\":\"Open Arms va traslladar a 217 persones des del Pakistan a It\u00e0lia. Una via segura per a fam\u00edlies afganeses que fugien del r\u00e8gim talib\u00e0.\",\"breadcrumb\":{\"@id\":\"https:\/\/www.openarms.es\/ca\/que-fem\/missions-humanitaries\/vols-humanitaris\/islamabad-pakistan#breadcrumb\"},\"inLanguage\":\"ca\",\"potentialAction\":[{\"@type\":\"ReadAction\",\"target\":[\"https:\/\/www.openarms.es\/ca\/que-fem\/missions-humanitaries\/vols-humanitaris\/islamabad-pakistan\"]}]},{\"@type\":\"ImageObject\",\"inLanguage\":\"ca\",\"@id\":\"https:\/\/www.openarms.es\/ca\/que-fem\/missions-humanitaries\/vols-humanitaris\/islamabad-pakistan#primaryimage\",\"url\":\"https:\/\/www.openarms.es\/wp-content\/uploads\/2025\/07\/WhatsApp-Image-2025-07-07-at-16.02.59.jpeg\",\"contentUrl\":\"https:\/\/www.openarms.es\/wp-content\/uploads\/2025\/07\/WhatsApp-Image-2025-07-07-at-16.02.59.jpeg\",\"width\":1600,\"height\":1200},{\"@type\":\"BreadcrumbList\",\"@id\":\"https:\/\/www.openarms.es\/ca\/que-fem\/missions-humanitaries\/vols-humanitaris\/islamabad-pakistan#breadcrumb\",\"itemListElement\":[{\"@type\":\"ListItem\",\"position\":1,\"name\":\"Qu\u00e8 Fem\",\"item\":\"https:\/\/www.openarms.es\/ca\/que-fem\"},{\"@type\":\"ListItem\",\"position\":2,\"name\":\"Missions Humanit\u00e0ries\",\"item\":\"https:\/\/www.openarms.es\/ca\/que-fem\/missions-humanitaries\"},{\"@type\":\"ListItem\",\"position\":3,\"name\":\"Vols Humanitaris\",\"item\":\"https:\/\/www.openarms.es\/ca\/que-fem\/missions-humanitaries\/vols-humanitaris\"},{\"@type\":\"ListItem\",\"position\":4,\"name\":\"Islamabad (Pakist\u00e1n)\"}]},{\"@type\":\"WebSite\",\"@id\":\"https:\/\/www.openarms.es\/ca#website\",\"url\":\"https:\/\/www.openarms.es\/ca\",\"name\":\"Open Arms\",\"description\":\"\",\"publisher\":{\"@id\":\"https:\/\/www.openarms.es\/ca#organization\"},\"potentialAction\":[{\"@type\":\"SearchAction\",\"target\":{\"@type\":\"EntryPoint\",\"urlTemplate\":\"https:\/\/www.openarms.es\/ca?s={search_term_string}\"},\"query-input\":{\"@type\":\"PropertyValueSpecification\",\"valueRequired\":true,\"valueName\":\"search_term_string\"}}],\"inLanguage\":\"ca\"},{\"@type\":\"Organization\",\"@id\":\"https:\/\/www.openarms.es\/ca#organization\",\"name\":\"Open Arms\",\"url\":\"https:\/\/www.openarms.es\/ca\",\"logo\":{\"@type\":\"ImageObject\",\"inLanguage\":\"ca\",\"@id\":\"https:\/\/www.openarms.es\/ca#\/schema\/logo\/image\/\",\"url\":\"https:\/\/www.openarms.es\/wp-content\/uploads\/2025\/03\/BRAND.svg\",\"contentUrl\":\"https:\/\/www.openarms.es\/wp-content\/uploads\/2025\/03\/BRAND.svg\",\"caption\":\"Open Arms\"},\"image\":{\"@id\":\"https:\/\/www.openarms.es\/ca#\/schema\/logo\/image\/\"}}]}<\/script>\n<!-- \/ Yoast SEO plugin. -->","yoast_head_json":{"title":"Islamabad: Corredor aeri per a fam\u00edlies afganeses | Open Arms","description":"Open Arms va traslladar a 217 persones des del Pakistan a It\u00e0lia. Una via segura per a fam\u00edlies afganeses que fugien del r\u00e8gim talib\u00e0.","robots":{"index":"index","follow":"follow","max-snippet":"max-snippet:-1","max-image-preview":"max-image-preview:large","max-video-preview":"max-video-preview:-1"},"canonical":"https:\/\/www.openarms.es\/ca\/que-fem\/missions-humanitaries\/vols-humanitaris\/islamabad-pakistan","og_locale":"ca_ES","og_type":"article","og_title":"Islamabad: Corredor aeri per a fam\u00edlies afganeses | Open Arms","og_description":"Open Arms va traslladar a 217 persones des del Pakistan a It\u00e0lia. Una via segura per a fam\u00edlies afganeses que fugien del r\u00e8gim talib\u00e0.","og_url":"https:\/\/www.openarms.es\/ca\/que-fem\/missions-humanitaries\/vols-humanitaris\/islamabad-pakistan","og_site_name":"Open Arms","article_modified_time":"2025-07-08T13:22:45+00:00","og_image":[{"width":1600,"height":1200,"url":"https:\/\/www.openarms.es\/wp-content\/uploads\/2025\/07\/WhatsApp-Image-2025-07-07-at-16.02.59.jpeg","type":"image\/jpeg"}],"twitter_card":"summary_large_image","twitter_misc":{"Temps estimat de lectura":"2 minuts"},"schema":{"@context":"https:\/\/schema.org","@graph":[{"@type":"WebPage","@id":"https:\/\/www.openarms.es\/ca\/que-fem\/missions-humanitaries\/vols-humanitaris\/islamabad-pakistan","url":"https:\/\/www.openarms.es\/ca\/que-fem\/missions-humanitaries\/vols-humanitaris\/islamabad-pakistan","name":"Islamabad: Corredor aeri per a fam\u00edlies afganeses | Open Arms","isPartOf":{"@id":"https:\/\/www.openarms.es\/ca#website"},"primaryImageOfPage":{"@id":"https:\/\/www.openarms.es\/ca\/que-fem\/missions-humanitaries\/vols-humanitaris\/islamabad-pakistan#primaryimage"},"image":{"@id":"https:\/\/www.openarms.es\/ca\/que-fem\/missions-humanitaries\/vols-humanitaris\/islamabad-pakistan#primaryimage"},"thumbnailUrl":"https:\/\/www.openarms.es\/wp-content\/uploads\/2025\/07\/WhatsApp-Image-2025-07-07-at-16.02.59.jpeg","datePublished":"2025-05-15T08:19:20+00:00","dateModified":"2025-07-08T13:22:45+00:00","description":"Open Arms va traslladar a 217 persones des del Pakistan a It\u00e0lia. Una via segura per a fam\u00edlies afganeses que fugien del r\u00e8gim talib\u00e0.","breadcrumb":{"@id":"https:\/\/www.openarms.es\/ca\/que-fem\/missions-humanitaries\/vols-humanitaris\/islamabad-pakistan#breadcrumb"},"inLanguage":"ca","potentialAction":[{"@type":"ReadAction","target":["https:\/\/www.openarms.es\/ca\/que-fem\/missions-humanitaries\/vols-humanitaris\/islamabad-pakistan"]}]},{"@type":"ImageObject","inLanguage":"ca","@id":"https:\/\/www.openarms.es\/ca\/que-fem\/missions-humanitaries\/vols-humanitaris\/islamabad-pakistan#primaryimage","url":"https:\/\/www.openarms.es\/wp-content\/uploads\/2025\/07\/WhatsApp-Image-2025-07-07-at-16.02.59.jpeg","contentUrl":"https:\/\/www.openarms.es\/wp-content\/uploads\/2025\/07\/WhatsApp-Image-2025-07-07-at-16.02.59.jpeg","width":1600,"height":1200},{"@type":"BreadcrumbList","@id":"https:\/\/www.openarms.es\/ca\/que-fem\/missions-humanitaries\/vols-humanitaris\/islamabad-pakistan#breadcrumb","itemListElement":[{"@type":"ListItem","position":1,"name":"Qu\u00e8 Fem","item":"https:\/\/www.openarms.es\/ca\/que-fem"},{"@type":"ListItem","position":2,"name":"Missions Humanit\u00e0ries","item":"https:\/\/www.openarms.es\/ca\/que-fem\/missions-humanitaries"},{"@type":"ListItem","position":3,"name":"Vols Humanitaris","item":"https:\/\/www.openarms.es\/ca\/que-fem\/missions-humanitaries\/vols-humanitaris"},{"@type":"ListItem","position":4,"name":"Islamabad (Pakist\u00e1n)"}]},{"@type":"WebSite","@id":"https:\/\/www.openarms.es\/ca#website","url":"https:\/\/www.openarms.es\/ca","name":"Open Arms","description":"","publisher":{"@id":"https:\/\/www.openarms.es\/ca#organization"},"potentialAction":[{"@type":"SearchAction","target":{"@type":"EntryPoint","urlTemplate":"https:\/\/www.openarms.es\/ca?s={search_term_string}"},"query-input":{"@type":"PropertyValueSpecification","valueRequired":true,"valueName":"search_term_string"}}],"inLanguage":"ca"},{"@type":"Organization","@id":"https:\/\/www.openarms.es\/ca#organization","name":"Open Arms","url":"https:\/\/www.openarms.es\/ca","logo":{"@type":"ImageObject","inLanguage":"ca","@id":"https:\/\/www.openarms.es\/ca#\/schema\/logo\/image\/","url":"https:\/\/www.openarms.es\/wp-content\/uploads\/2025\/03\/BRAND.svg","contentUrl":"https:\/\/www.openarms.es\/wp-content\/uploads\/2025\/03\/BRAND.svg","caption":"Open Arms"},"image":{"@id":"https:\/\/www.openarms.es\/ca#\/schema\/logo\/image\/"}}]}},"_links":{"self":[{"href":"https:\/\/www.openarms.es\/ca\/wp-json\/wp\/v2\/pages\/4741","targetHints":{"allow":["GET"]}}],"collection":[{"href":"https:\/\/www.openarms.es\/ca\/wp-json\/wp\/v2\/pages"}],"about":[{"href":"https:\/\/www.openarms.es\/ca\/wp-json\/wp\/v2\/types\/page"}],"author":[{"embeddable":true,"href":"https:\/\/www.openarms.es\/ca\/wp-json\/wp\/v2\/users\/1"}],"replies":[{"embeddable":true,"href":"https:\/\/www.openarms.es\/ca\/wp-json\/wp\/v2\/comments?post=4741"}],"version-history":[{"count":10,"href":"https:\/\/www.openarms.es\/ca\/wp-json\/wp\/v2\/pages\/4741\/revisions"}],"predecessor-version":[{"id":6742,"href":"https:\/\/www.openarms.es\/ca\/wp-json\/wp\/v2\/pages\/4741\/revisions\/6742"}],"up":[{"embeddable":true,"href":"https:\/\/www.openarms.es\/ca\/wp-json\/wp\/v2\/pages\/4733"}],"wp:featuredmedia":[{"embeddable":true,"href":"https:\/\/www.openarms.es\/ca\/wp-json\/wp\/v2\/media\/6729"}],"wp:attachment":[{"href":"https:\/\/www.openarms.es\/ca\/wp-json\/wp\/v2\/media?parent=4741"}],"curies":[{"name":"wp","href":"https:\/\/api.w.org\/{rel}","templated":true}]}}