{"id":4749,"date":"2025-05-15T08:17:06","date_gmt":"2025-05-15T08:17:06","guid":{"rendered":"https:\/\/www.openarms.es\/que-fem\/missions-humanitaries\/vols-humanitaris\/niger"},"modified":"2025-06-20T09:18:15","modified_gmt":"2025-06-20T09:18:15","slug":"niger","status":"publish","type":"page","link":"https:\/\/www.openarms.es\/ca\/que-fem\/missions-humanitaries\/vols-humanitaris\/niger","title":{"rendered":"N\u00edger"},"content":{"rendered":"\n<div class=\"wp-block-cover alignfull ebavs-header-hero-interior\" style=\"min-height:40rem;aspect-ratio:unset;\"><img loading=\"lazy\" decoding=\"async\" width=\"1024\" height=\"576\" class=\"wp-block-cover__image-background wp-image-2905 size-large\" alt=\"vuelos humanitarios Open Arms\" src=\"https:\/\/www.openarms.es\/wp-content\/uploads\/2025\/05\/niger-1024x576.jpg\" data-object-fit=\"cover\" srcset=\"https:\/\/www.openarms.es\/wp-content\/uploads\/2025\/05\/niger-1024x576.jpg 1024w, https:\/\/www.openarms.es\/wp-content\/uploads\/2025\/05\/niger-300x169.jpg 300w, https:\/\/www.openarms.es\/wp-content\/uploads\/2025\/05\/niger-768x432.jpg 768w, https:\/\/www.openarms.es\/wp-content\/uploads\/2025\/05\/niger.jpg 1280w\" sizes=\"auto, (max-width: 1024px) 100vw, 1024px\" \/><span aria-hidden=\"true\" class=\"wp-block-cover__background has-black-background-color has-background-dim\"><\/span><div class=\"wp-block-cover__inner-container is-layout-flow wp-block-cover-is-layout-flow\">\n<div class=\"wp-block-group alignwide has-global-padding is-layout-constrained wp-container-core-group-is-layout-a8a8a09e wp-block-group-is-layout-constrained\" style=\"margin-top:auto;margin-bottom:auto;padding-right:0;padding-left:0\">\n<div class=\"wp-block-group has-global-padding is-content-justification-left is-layout-constrained wp-container-core-group-is-layout-b58f3518 wp-block-group-is-layout-constrained\">\n<p class=\"has-text-align-left has-base-color has-text-color has-large-font-size\" style=\"text-transform:uppercase\"> vols humanitaris<\/p>\n\n\n\n<h1 class=\"wp-block-heading has-text-align-left has-base-color has-text-color has-xx-large-font-size\" style=\"margin-top:0;margin-bottom:0\">N\u00edger<\/h1>\n\n\n\n<p class=\"has-base-color has-text-color has-link-color wp-elements-58def3b5ab5d6d8787ca70df41bd4c01\" style=\"margin-top:0;margin-bottom:0\">Si creus que en una emerg\u00e8ncia cal protegir la vida dels m\u00e9s vulnerables, ets dels nostres.<\/p>\n\n\n\n<div class=\"wp-block-buttons is-content-justification-left is-layout-flex wp-container-core-buttons-is-layout-fc4fd283 wp-block-buttons-is-layout-flex\">\n<div class=\"wp-block-button\"><a class=\"wp-block-button__link has-contrast-color has-base-background-color has-text-color has-background has-dinnextltpro-font-family has-custom-font-size wp-element-button\" href=\"https:\/\/help.openarms.es\/miembro-openarms\/?lang=ca\" style=\"padding-top:16px;padding-right:24px;padding-bottom:14px;padding-left:24px;font-size:clamp(0.875rem, 0.875rem + ((1vw - 0.2rem) * 0.302), 1.13rem);font-style:normal;font-weight:700;line-height:1;text-transform:uppercase\" target=\"_blank\" rel=\"noreferrer noopener\">Fes-te membre<\/a><\/div>\n<\/div>\n<\/div>\n<\/div>\n<\/div><\/div>\n\n<div class=\"wp-block-cover alignfull is-light has-parallax\" style=\"margin-top:0;margin-bottom:var(--wp--preset--spacing--50);padding-top:0;padding-right:0;padding-bottom:0;padding-left:0\"><div class=\"wp-block-cover__image-background wp-image-999 has-parallax\" style=\"background-position:50% 50%;background-image:url(https:\/\/www.openarms.es\/wp-content\/themes\/openarms\/assets\/images\/openarms-texture.webp)\"><\/div><span aria-hidden=\"true\" class=\"wp-block-cover__background has-base-background-color has-background-dim-80 has-background-dim\"><\/span><div class=\"wp-block-cover__inner-container is-layout-flow wp-block-cover-is-layout-flow\">\n<div class=\"wp-block-group has-global-padding is-layout-constrained wp-block-group-is-layout-constrained\">\n<div class=\"wp-block-group has-global-padding is-layout-constrained wp-container-core-group-is-layout-8257ab09 wp-block-group-is-layout-constrained\" style=\"margin-top:1rem\"><div class=\"yoast-breadcrumbs\"><span><span><a href=\"https:\/\/www.openarms.es\/ca\/que-fem\">Qu\u00e8 Fem<\/a><\/span> &gt; <span><a href=\"https:\/\/www.openarms.es\/ca\/que-fem\/missions-humanitaries\">Missions Humanit\u00e0ries<\/a><\/span> &gt; <span><a href=\"https:\/\/www.openarms.es\/ca\/que-fem\/missions-humanitaries\/vols-humanitaris\">Vols Humanitaris<\/a><\/span> &gt; <span class=\"breadcrumb_last\" aria-current=\"page\">N\u00edger<\/span><\/span><\/div>\n\n\n<hr class=\"wp-block-separator has-text-color has-gray-color has-alpha-channel-opacity has-gray-background-color has-background is-style-default\" style=\"margin-top:1rem;margin-bottom:4rem\"\/>\n<\/div>\n\n\n\n<div class=\"wp-block-columns is-layout-flex wp-container-core-columns-is-layout-28f84493 wp-block-columns-is-layout-flex\">\n<div class=\"wp-block-column is-layout-flow wp-block-column-is-layout-flow\" style=\"padding-right:var(--wp--preset--spacing--70);flex-basis:40%\">\n<h2 class=\"wp-block-heading has-contrast-color has-text-color has-link-color has-medium-large-font-size wp-elements-c89a98f0f475c9d661c430f65c1dd433\" style=\"padding-right:var(--wp--preset--spacing--40)\"><strong>N\u00edger<\/strong><br\/><\/h2>\n<\/div>\n\n\n\n<div class=\"wp-block-column is-layout-flow wp-block-column-is-layout-flow\" style=\"flex-basis:50%\">\n<p>El projecte europeu\u00a0COMET\u00a0es desenvolupa entre organitzacions de diversos pa\u00efsos, amb l&#8217;objectiu de <strong>posar fora de perill a persones en situaci\u00f3 de vulnerabilitat extrema<\/strong> i brindar-los acolliment i protecci\u00f3 a It\u00e0lia.<\/p>\n\n\n\n<p>Dins d&#8217;aquest projecte, hem aconseguit crear un corredor humanitari entre Niamey (N\u00edger) i It\u00e0lia per a <strong>evacuar en dos vols a 148 persones refugiades procedents de pa\u00efsos de la zona com Nig\u00e8ria, Mali o Camerun<\/strong>. Per als qui fugen de conflictes, guerres o fam, aquesta \u00e9s l&#8217;alternativa segura a la major fossa comuna del m\u00f3n: el Mediterrani.<\/p>\n<\/div>\n<\/div>\n\n\n\n<div class=\"wp-block-group alignwide has-global-padding is-layout-constrained wp-container-core-group-is-layout-82100965 wp-block-group-is-layout-constrained\" style=\"min-height:0vh;margin-top:0;margin-bottom:0;padding-top:var(--wp--preset--spacing--64);padding-right:0;padding-bottom:var(--wp--preset--spacing--64);padding-left:0\">\n<figure class=\"wp-block-image aligncenter size-full is-resized h-fixed\"><img loading=\"lazy\" decoding=\"async\" width=\"1920\" height=\"1280\" src=\"https:\/\/www.openarms.es\/wp-content\/uploads\/2025\/05\/niger-02.jpg\" alt=\" Vol Humanitari N&#xED;ger\" class=\"wp-image-3678\" style=\"aspect-ratio:16\/9;object-fit:cover;width:auto;height:600px\" srcset=\"https:\/\/www.openarms.es\/wp-content\/uploads\/2025\/05\/niger-02.jpg 1920w, https:\/\/www.openarms.es\/wp-content\/uploads\/2025\/05\/niger-02-300x200.jpg 300w, https:\/\/www.openarms.es\/wp-content\/uploads\/2025\/05\/niger-02-1024x683.jpg 1024w, https:\/\/www.openarms.es\/wp-content\/uploads\/2025\/05\/niger-02-768x512.jpg 768w, https:\/\/www.openarms.es\/wp-content\/uploads\/2025\/05\/niger-02-1536x1024.jpg 1536w\" sizes=\"auto, (max-width: 1920px) 100vw, 1920px\" \/><\/figure>\n<\/div>\n\n\n\n<hr class=\"wp-block-separator has-text-color has-contrast-color has-alpha-channel-opacity has-contrast-background-color has-background\" style=\"margin-top:var(--wp--preset--spacing--24);margin-bottom:var(--wp--preset--spacing--64)\"\/>\n<\/div>\n\n\n\n<div class=\"wp-block-group alignfull has-global-padding is-layout-constrained wp-container-core-group-is-layout-74ccbb19 wp-block-group-is-layout-constrained\" style=\"min-height:0vh;margin-top:0;margin-bottom:0;padding-right:var(--wp--preset--spacing--40);padding-left:var(--wp--preset--spacing--40)\">\n<div class=\"wp-block-columns are-vertically-aligned-top is-content-justification-center is-layout-flex wp-container-core-columns-is-layout-8c19c11b wp-block-columns-is-layout-flex\">\n<div class=\"wp-block-column is-vertically-aligned-top is-layout-flow wp-block-column-is-layout-flow\" style=\"flex-basis:60%\">\n<div class=\"wp-block-group has-contrast-background-color has-background has-global-padding is-layout-constrained wp-container-core-group-is-layout-a91b9633 wp-block-group-is-layout-constrained\" style=\"border-style:none;border-width:0px;border-radius:32px;padding-top:var(--wp--preset--spacing--40);padding-right:2rem;padding-bottom:var(--wp--preset--spacing--40);padding-left:2rem\">\n<h3 class=\"wp-block-heading has-text-align-center has-base-color has-text-color has-link-color wp-elements-f0ca9dc66eb2146bdb1190b1326b2229\" style=\"margin-right:0;margin-left:0;padding-right:0;padding-left:0;font-size:clamp(1.502rem, 1.502rem + ((1vw - 0.2rem) * 1.181), 2.5rem);line-height:1.15\">Si creus que tota vida ha de ser salvada, implica&#8217;t. Entre tots, en podem salvar moltes m\u00e9s.<\/h3>\n\n\n\n<div class=\"wp-block-buttons is-horizontal is-content-justification-center is-layout-flex wp-container-core-buttons-is-layout-03627597 wp-block-buttons-is-layout-flex\">\n<div class=\"wp-block-button\"><a class=\"wp-block-button__link has-contrast-color has-base-background-color has-text-color has-background has-custom-font-size wp-element-button\" href=\"https:\/\/www.openarms.es\/ca\/com-ajudar\/dona\" style=\"padding-top:16px;padding-right:24px;padding-bottom:14px;padding-left:24px;font-size:clamp(14px, 0.875rem + ((1vw - 3.2px) * 0.296), 18px);font-style:normal;font-weight:700\">DONA ARA<\/a><\/div>\n<\/div>\n<\/div>\n<\/div>\n<\/div>\n<\/div>\n<\/div><\/div>\n","protected":false},"excerpt":{"rendered":"","protected":false},"author":1,"featured_media":2906,"parent":4733,"menu_order":0,"comment_status":"closed","ping_status":"closed","template":"page-interior","meta":{"content-type":"","footnotes":""},"class_list":["post-4749","page","type-page","status-publish","has-post-thumbnail","hentry"],"yoast_head":"<!-- This site is optimized with the Yoast SEO plugin v25.9 - https:\/\/yoast.com\/wordpress\/plugins\/seo\/ -->\n<title>N\u00edger: Corredor aeri segur per a refugiats | Open Arms<\/title>\n<meta name=\"description\" content=\"Open Arms va evacuar a 148 persones des de N\u00edger a It\u00e0lia. Un corredor humanitari per a fugir de guerres, fam i evitar el Mediterrani.\" \/>\n<meta name=\"robots\" content=\"index, follow, max-snippet:-1, max-image-preview:large, max-video-preview:-1\" \/>\n<link rel=\"canonical\" href=\"https:\/\/www.openarms.es\/ca\/que-fem\/missions-humanitaries\/vols-humanitaris\/niger\" \/>\n<meta property=\"og:locale\" content=\"ca_ES\" \/>\n<meta property=\"og:type\" content=\"article\" \/>\n<meta property=\"og:title\" content=\"N\u00edger: Corredor aeri segur per a refugiats | Open Arms\" \/>\n<meta property=\"og:description\" content=\"Open Arms va evacuar a 148 persones des de N\u00edger a It\u00e0lia. Un corredor humanitari per a fugir de guerres, fam i evitar el Mediterrani.\" \/>\n<meta property=\"og:url\" content=\"https:\/\/www.openarms.es\/ca\/que-fem\/missions-humanitaries\/vols-humanitaris\/niger\" \/>\n<meta property=\"og:site_name\" content=\"Open Arms\" \/>\n<meta property=\"article:modified_time\" content=\"2025-06-20T09:18:15+00:00\" \/>\n<meta property=\"og:image\" content=\"https:\/\/www.openarms.es\/wp-content\/uploads\/2025\/05\/niger.jpg\" \/>\n\t<meta property=\"og:image:width\" content=\"1280\" \/>\n\t<meta property=\"og:image:height\" content=\"720\" \/>\n\t<meta property=\"og:image:type\" content=\"image\/jpeg\" \/>\n<meta name=\"twitter:card\" content=\"summary_large_image\" \/>\n<meta name=\"twitter:label1\" content=\"Temps estimat de lectura\" \/>\n\t<meta name=\"twitter:data1\" content=\"1 minut\" \/>\n<script type=\"application\/ld+json\" class=\"yoast-schema-graph\">{\"@context\":\"https:\/\/schema.org\",\"@graph\":[{\"@type\":\"WebPage\",\"@id\":\"https:\/\/www.openarms.es\/ca\/que-fem\/missions-humanitaries\/vols-humanitaris\/niger\",\"url\":\"https:\/\/www.openarms.es\/ca\/que-fem\/missions-humanitaries\/vols-humanitaris\/niger\",\"name\":\"N\u00edger: Corredor aeri segur per a refugiats | Open Arms\",\"isPartOf\":{\"@id\":\"https:\/\/www.openarms.es\/ca#website\"},\"primaryImageOfPage\":{\"@id\":\"https:\/\/www.openarms.es\/ca\/que-fem\/missions-humanitaries\/vols-humanitaris\/niger#primaryimage\"},\"image\":{\"@id\":\"https:\/\/www.openarms.es\/ca\/que-fem\/missions-humanitaries\/vols-humanitaris\/niger#primaryimage\"},\"thumbnailUrl\":\"https:\/\/www.openarms.es\/wp-content\/uploads\/2025\/05\/niger.jpg\",\"datePublished\":\"2025-05-15T08:17:06+00:00\",\"dateModified\":\"2025-06-20T09:18:15+00:00\",\"description\":\"Open Arms va evacuar a 148 persones des de N\u00edger a It\u00e0lia. Un corredor humanitari per a fugir de guerres, fam i evitar el Mediterrani.\",\"breadcrumb\":{\"@id\":\"https:\/\/www.openarms.es\/ca\/que-fem\/missions-humanitaries\/vols-humanitaris\/niger#breadcrumb\"},\"inLanguage\":\"ca\",\"potentialAction\":[{\"@type\":\"ReadAction\",\"target\":[\"https:\/\/www.openarms.es\/ca\/que-fem\/missions-humanitaries\/vols-humanitaris\/niger\"]}]},{\"@type\":\"ImageObject\",\"inLanguage\":\"ca\",\"@id\":\"https:\/\/www.openarms.es\/ca\/que-fem\/missions-humanitaries\/vols-humanitaris\/niger#primaryimage\",\"url\":\"https:\/\/www.openarms.es\/wp-content\/uploads\/2025\/05\/niger.jpg\",\"contentUrl\":\"https:\/\/www.openarms.es\/wp-content\/uploads\/2025\/05\/niger.jpg\",\"width\":1280,\"height\":720,\"caption\":\"vuelos humanitarios Open Arms\"},{\"@type\":\"BreadcrumbList\",\"@id\":\"https:\/\/www.openarms.es\/ca\/que-fem\/missions-humanitaries\/vols-humanitaris\/niger#breadcrumb\",\"itemListElement\":[{\"@type\":\"ListItem\",\"position\":1,\"name\":\"Qu\u00e8 Fem\",\"item\":\"https:\/\/www.openarms.es\/ca\/que-fem\"},{\"@type\":\"ListItem\",\"position\":2,\"name\":\"Missions Humanit\u00e0ries\",\"item\":\"https:\/\/www.openarms.es\/ca\/que-fem\/missions-humanitaries\"},{\"@type\":\"ListItem\",\"position\":3,\"name\":\"Vols Humanitaris\",\"item\":\"https:\/\/www.openarms.es\/ca\/que-fem\/missions-humanitaries\/vols-humanitaris\"},{\"@type\":\"ListItem\",\"position\":4,\"name\":\"N\u00edger\"}]},{\"@type\":\"WebSite\",\"@id\":\"https:\/\/www.openarms.es\/ca#website\",\"url\":\"https:\/\/www.openarms.es\/ca\",\"name\":\"Open Arms\",\"description\":\"\",\"publisher\":{\"@id\":\"https:\/\/www.openarms.es\/ca#organization\"},\"potentialAction\":[{\"@type\":\"SearchAction\",\"target\":{\"@type\":\"EntryPoint\",\"urlTemplate\":\"https:\/\/www.openarms.es\/ca?s={search_term_string}\"},\"query-input\":{\"@type\":\"PropertyValueSpecification\",\"valueRequired\":true,\"valueName\":\"search_term_string\"}}],\"inLanguage\":\"ca\"},{\"@type\":\"Organization\",\"@id\":\"https:\/\/www.openarms.es\/ca#organization\",\"name\":\"Open Arms\",\"url\":\"https:\/\/www.openarms.es\/ca\",\"logo\":{\"@type\":\"ImageObject\",\"inLanguage\":\"ca\",\"@id\":\"https:\/\/www.openarms.es\/ca#\/schema\/logo\/image\/\",\"url\":\"https:\/\/www.openarms.es\/wp-content\/uploads\/2025\/03\/BRAND.svg\",\"contentUrl\":\"https:\/\/www.openarms.es\/wp-content\/uploads\/2025\/03\/BRAND.svg\",\"caption\":\"Open Arms\"},\"image\":{\"@id\":\"https:\/\/www.openarms.es\/ca#\/schema\/logo\/image\/\"}}]}<\/script>\n<!-- \/ Yoast SEO plugin. -->","yoast_head_json":{"title":"N\u00edger: Corredor aeri segur per a refugiats | Open Arms","description":"Open Arms va evacuar a 148 persones des de N\u00edger a It\u00e0lia. Un corredor humanitari per a fugir de guerres, fam i evitar el Mediterrani.","robots":{"index":"index","follow":"follow","max-snippet":"max-snippet:-1","max-image-preview":"max-image-preview:large","max-video-preview":"max-video-preview:-1"},"canonical":"https:\/\/www.openarms.es\/ca\/que-fem\/missions-humanitaries\/vols-humanitaris\/niger","og_locale":"ca_ES","og_type":"article","og_title":"N\u00edger: Corredor aeri segur per a refugiats | Open Arms","og_description":"Open Arms va evacuar a 148 persones des de N\u00edger a It\u00e0lia. Un corredor humanitari per a fugir de guerres, fam i evitar el Mediterrani.","og_url":"https:\/\/www.openarms.es\/ca\/que-fem\/missions-humanitaries\/vols-humanitaris\/niger","og_site_name":"Open Arms","article_modified_time":"2025-06-20T09:18:15+00:00","og_image":[{"width":1280,"height":720,"url":"https:\/\/www.openarms.es\/wp-content\/uploads\/2025\/05\/niger.jpg","type":"image\/jpeg"}],"twitter_card":"summary_large_image","twitter_misc":{"Temps estimat de lectura":"1 minut"},"schema":{"@context":"https:\/\/schema.org","@graph":[{"@type":"WebPage","@id":"https:\/\/www.openarms.es\/ca\/que-fem\/missions-humanitaries\/vols-humanitaris\/niger","url":"https:\/\/www.openarms.es\/ca\/que-fem\/missions-humanitaries\/vols-humanitaris\/niger","name":"N\u00edger: Corredor aeri segur per a refugiats | Open Arms","isPartOf":{"@id":"https:\/\/www.openarms.es\/ca#website"},"primaryImageOfPage":{"@id":"https:\/\/www.openarms.es\/ca\/que-fem\/missions-humanitaries\/vols-humanitaris\/niger#primaryimage"},"image":{"@id":"https:\/\/www.openarms.es\/ca\/que-fem\/missions-humanitaries\/vols-humanitaris\/niger#primaryimage"},"thumbnailUrl":"https:\/\/www.openarms.es\/wp-content\/uploads\/2025\/05\/niger.jpg","datePublished":"2025-05-15T08:17:06+00:00","dateModified":"2025-06-20T09:18:15+00:00","description":"Open Arms va evacuar a 148 persones des de N\u00edger a It\u00e0lia. Un corredor humanitari per a fugir de guerres, fam i evitar el Mediterrani.","breadcrumb":{"@id":"https:\/\/www.openarms.es\/ca\/que-fem\/missions-humanitaries\/vols-humanitaris\/niger#breadcrumb"},"inLanguage":"ca","potentialAction":[{"@type":"ReadAction","target":["https:\/\/www.openarms.es\/ca\/que-fem\/missions-humanitaries\/vols-humanitaris\/niger"]}]},{"@type":"ImageObject","inLanguage":"ca","@id":"https:\/\/www.openarms.es\/ca\/que-fem\/missions-humanitaries\/vols-humanitaris\/niger#primaryimage","url":"https:\/\/www.openarms.es\/wp-content\/uploads\/2025\/05\/niger.jpg","contentUrl":"https:\/\/www.openarms.es\/wp-content\/uploads\/2025\/05\/niger.jpg","width":1280,"height":720,"caption":"vuelos humanitarios Open Arms"},{"@type":"BreadcrumbList","@id":"https:\/\/www.openarms.es\/ca\/que-fem\/missions-humanitaries\/vols-humanitaris\/niger#breadcrumb","itemListElement":[{"@type":"ListItem","position":1,"name":"Qu\u00e8 Fem","item":"https:\/\/www.openarms.es\/ca\/que-fem"},{"@type":"ListItem","position":2,"name":"Missions Humanit\u00e0ries","item":"https:\/\/www.openarms.es\/ca\/que-fem\/missions-humanitaries"},{"@type":"ListItem","position":3,"name":"Vols Humanitaris","item":"https:\/\/www.openarms.es\/ca\/que-fem\/missions-humanitaries\/vols-humanitaris"},{"@type":"ListItem","position":4,"name":"N\u00edger"}]},{"@type":"WebSite","@id":"https:\/\/www.openarms.es\/ca#website","url":"https:\/\/www.openarms.es\/ca","name":"Open Arms","description":"","publisher":{"@id":"https:\/\/www.openarms.es\/ca#organization"},"potentialAction":[{"@type":"SearchAction","target":{"@type":"EntryPoint","urlTemplate":"https:\/\/www.openarms.es\/ca?s={search_term_string}"},"query-input":{"@type":"PropertyValueSpecification","valueRequired":true,"valueName":"search_term_string"}}],"inLanguage":"ca"},{"@type":"Organization","@id":"https:\/\/www.openarms.es\/ca#organization","name":"Open Arms","url":"https:\/\/www.openarms.es\/ca","logo":{"@type":"ImageObject","inLanguage":"ca","@id":"https:\/\/www.openarms.es\/ca#\/schema\/logo\/image\/","url":"https:\/\/www.openarms.es\/wp-content\/uploads\/2025\/03\/BRAND.svg","contentUrl":"https:\/\/www.openarms.es\/wp-content\/uploads\/2025\/03\/BRAND.svg","caption":"Open Arms"},"image":{"@id":"https:\/\/www.openarms.es\/ca#\/schema\/logo\/image\/"}}]}},"_links":{"self":[{"href":"https:\/\/www.openarms.es\/ca\/wp-json\/wp\/v2\/pages\/4749","targetHints":{"allow":["GET"]}}],"collection":[{"href":"https:\/\/www.openarms.es\/ca\/wp-json\/wp\/v2\/pages"}],"about":[{"href":"https:\/\/www.openarms.es\/ca\/wp-json\/wp\/v2\/types\/page"}],"author":[{"embeddable":true,"href":"https:\/\/www.openarms.es\/ca\/wp-json\/wp\/v2\/users\/1"}],"replies":[{"embeddable":true,"href":"https:\/\/www.openarms.es\/ca\/wp-json\/wp\/v2\/comments?post=4749"}],"version-history":[{"count":6,"href":"https:\/\/www.openarms.es\/ca\/wp-json\/wp\/v2\/pages\/4749\/revisions"}],"predecessor-version":[{"id":6353,"href":"https:\/\/www.openarms.es\/ca\/wp-json\/wp\/v2\/pages\/4749\/revisions\/6353"}],"up":[{"embeddable":true,"href":"https:\/\/www.openarms.es\/ca\/wp-json\/wp\/v2\/pages\/4733"}],"wp:featuredmedia":[{"embeddable":true,"href":"https:\/\/www.openarms.es\/ca\/wp-json\/wp\/v2\/media\/2906"}],"wp:attachment":[{"href":"https:\/\/www.openarms.es\/ca\/wp-json\/wp\/v2\/media?parent=4749"}],"curies":[{"name":"wp","href":"https:\/\/api.w.org\/{rel}","templated":true}]}}