{"id":4765,"date":"2025-03-27T09:45:06","date_gmt":"2025-03-27T09:45:06","guid":{"rendered":"https:\/\/www.openarms.es\/qui-som\/els-inicis-lesbos"},"modified":"2025-06-20T09:26:51","modified_gmt":"2025-06-20T09:26:51","slug":"els-inicis-lesbos","status":"publish","type":"page","link":"https:\/\/www.openarms.es\/ca\/qui-som\/els-inicis-lesbos","title":{"rendered":"Els Inicis (LESBOS)"},"content":{"rendered":"\n<div class=\"wp-block-cover alignfull ebavs-header-hero-interior\" style=\"min-height:40rem;aspect-ratio:unset;\"><img loading=\"lazy\" decoding=\"async\" width=\"1772\" height=\"1181\" class=\"wp-block-cover__image-background wp-image-483\" alt=\"\" src=\"https:\/\/www.openarms.es\/wp-content\/uploads\/2025\/03\/openarms-inicios-lesbos.webp\" data-object-fit=\"cover\" srcset=\"https:\/\/www.openarms.es\/wp-content\/uploads\/2025\/03\/openarms-inicios-lesbos.webp 1772w, https:\/\/www.openarms.es\/wp-content\/uploads\/2025\/03\/openarms-inicios-lesbos-300x200.webp 300w, https:\/\/www.openarms.es\/wp-content\/uploads\/2025\/03\/openarms-inicios-lesbos-1024x682.webp 1024w, https:\/\/www.openarms.es\/wp-content\/uploads\/2025\/03\/openarms-inicios-lesbos-768x512.webp 768w, https:\/\/www.openarms.es\/wp-content\/uploads\/2025\/03\/openarms-inicios-lesbos-1536x1024.webp 1536w\" sizes=\"auto, (max-width: 1772px) 100vw, 1772px\" \/><span aria-hidden=\"true\" class=\"wp-block-cover__background has-black-background-color has-background-dim\"><\/span><div class=\"wp-block-cover__inner-container is-layout-flow wp-block-cover-is-layout-flow\">\n<div class=\"wp-block-group alignwide has-global-padding is-layout-constrained wp-container-core-group-is-layout-a8a8a09e wp-block-group-is-layout-constrained\" style=\"margin-top:auto;margin-bottom:auto;padding-right:0;padding-left:0\">\n<div class=\"wp-block-group has-global-padding is-content-justification-left is-layout-constrained wp-container-core-group-is-layout-b58f3518 wp-block-group-is-layout-constrained\">\n<p class=\"has-text-align-left has-base-color has-text-color has-large-font-size\" style=\"font-family:var(--wp--preset--font-family--dinnextltpro)\"> QUI SOM<\/p>\n\n\n\n<h1 class=\"wp-block-heading has-text-align-left has-base-color has-text-color has-xx-large-font-size\" style=\"margin-top:0;margin-bottom:0\"> Els INICIS (LESBOS)<\/h1>\n\n\n\n<p class=\"has-base-color has-text-color has-link-color wp-elements-ec5640b63decf64e925be50a0a453a40\" style=\"margin-top:0;margin-bottom:0\"> Si la imatge del petit Alan Kurdi tamb\u00e9 et va commoure, ets dels nostres.<\/p>\n\n\n\n<div class=\"wp-block-buttons is-content-justification-left is-layout-flex wp-container-core-buttons-is-layout-fc4fd283 wp-block-buttons-is-layout-flex\">\n<div class=\"wp-block-button\"><a class=\"wp-block-button__link has-contrast-color has-base-background-color has-text-color has-background has-dinnextltpro-font-family has-custom-font-size wp-element-button\" href=\"https:\/\/help.openarms.es\/miembro-openarms\/?lang=ca\" style=\"padding-top:16px;padding-right:24px;padding-bottom:14px;padding-left:24px;font-size:clamp(0.875rem, 0.875rem + ((1vw - 0.2rem) * 0.302), 1.13rem);font-style:normal;font-weight:700;line-height:1;text-transform:uppercase\" target=\"_blank\" rel=\"noreferrer noopener\">Fes-te membre<\/a><\/div>\n<\/div>\n<\/div>\n<\/div>\n<\/div><\/div>\n\n<div class=\"wp-block-cover alignfull is-light has-parallax\" style=\"margin-top:0;margin-bottom:0;padding-top:0;padding-right:0;padding-bottom:0;padding-left:0\"><div class=\"wp-block-cover__image-background wp-image-999 has-parallax\" style=\"background-position:50% 50%;background-image:url(https:\/\/www.openarms.es\/wp-content\/themes\/openarms\/assets\/images\/openarms-texture.webp)\"><\/div><span aria-hidden=\"true\" class=\"wp-block-cover__background has-base-background-color has-background-dim-80 has-background-dim\"><\/span><div class=\"wp-block-cover__inner-container is-layout-flow wp-block-cover-is-layout-flow\">\n<div class=\"wp-block-group has-global-padding is-layout-constrained wp-block-group-is-layout-constrained\" style=\"margin-top:1rem\"><div class=\"yoast-breadcrumbs\"><span><span><a href=\"https:\/\/www.openarms.es\/ca\/qui-som\">Qui Som<\/a><\/span> &gt; <span class=\"breadcrumb_last\" aria-current=\"page\">Els Inicis (LESBOS)<\/span><\/span><\/div>\n\n\n<hr class=\"wp-block-separator has-text-color has-gray-color has-alpha-channel-opacity has-gray-background-color has-background is-style-default\" style=\"margin-top:1rem;margin-bottom:4rem\"\/>\n<\/div>\n\n\n\n<div class=\"wp-block-group has-global-padding is-layout-constrained wp-block-group-is-layout-constrained\">\n<div class=\"wp-block-group has-global-padding is-layout-constrained wp-block-group-is-layout-constrained\">\n<div class=\"wp-block-columns alignwide ebavs-space-between is-layout-flex wp-container-core-columns-is-layout-643ced6b wp-block-columns-is-layout-flex\">\n<div class=\"wp-block-column is-layout-flow wp-block-column-is-layout-flow\" style=\"flex-basis:33%\">\n<h2 class=\"wp-block-heading has-contrast-color has-text-color has-x-large-font-size\" style=\"margin-top:0\"> La nostra primera missi\u00f3: Lesbos<\/h2>\n<\/div>\n\n\n\n<div class=\"wp-block-column is-layout-flow wp-block-column-is-layout-flow\" style=\"flex-basis:50%\">\n<p class=\"has-dark-gray-color has-text-color has-medium-font-size\" style=\"line-height:1.14em\">Per a setembre de 2015, ja port\u00e0vem anys sent socorristes. Per\u00f2 la fotografia del petit Alan\u00a0Kurdi\u00a0ofegat en una platja ens va fer viatjar d&#8217;urg\u00e8ncia a\u00a0Lesbos\u00a0per a soc\u00f3rrer a centenars de refugiats sirians i d&#8217;altres pa\u00efsos com l&#8217;Afganistan o l&#8217;Iraq que fugien de guerres i conflictes.<br\/><br\/>Arribem a la costa grega amb 15.000 \u20ac de les nostres butxaques. Els invertim a ajudar en tasques de salvament durant un mes. Aconseguim protegir m\u00e9s de 20 embarcacions al dia, amb unes 60 persones en cadascuna d&#8217;elles, incloent-hi ancians i nens. Quan vam emprendre el viatge no esper\u00e0vem rebre donacions, per\u00f2 despr\u00e9s d&#8217;all\u00f2, van comen\u00e7ar a arribar.<\/p>\n<\/div>\n<\/div>\n<\/div>\n\n\n\n<figure class=\"wp-block-image aligncenter size-large is-resized has-custom-border h-lesbos\" style=\"margin-top:3rem;margin-bottom:4rem\"><img loading=\"lazy\" decoding=\"async\" width=\"1024\" height=\"683\" src=\"https:\/\/www.openarms.es\/wp-content\/uploads\/2025\/06\/lesbos-image-02-1024x683.jpg\" alt=\" Rescat Lesbos Open Arms\" class=\"wp-image-4667\" style=\"border-style:none;border-width:0px;border-radius:16px;aspect-ratio:16\/9;object-fit:cover;width:auto;height:600px\" srcset=\"https:\/\/www.openarms.es\/wp-content\/uploads\/2025\/06\/lesbos-image-02-1024x683.jpg 1024w, https:\/\/www.openarms.es\/wp-content\/uploads\/2025\/06\/lesbos-image-02-300x200.jpg 300w, https:\/\/www.openarms.es\/wp-content\/uploads\/2025\/06\/lesbos-image-02-768x512.jpg 768w, https:\/\/www.openarms.es\/wp-content\/uploads\/2025\/06\/lesbos-image-02-1536x1024.jpg 1536w, https:\/\/www.openarms.es\/wp-content\/uploads\/2025\/06\/lesbos-image-02.jpg 1920w\" sizes=\"auto, (max-width: 1024px) 100vw, 1024px\" \/><\/figure>\n\n\n\n<hr class=\"wp-block-separator has-text-color has-contrast-color has-alpha-channel-opacity has-contrast-background-color has-background is-style-wide is-style-wide--1\" style=\"margin-top:4rem;margin-bottom:4rem\"\/>\n\n\n\n<div class=\"wp-block-group has-global-padding is-layout-constrained wp-block-group-is-layout-constrained\">\n<div class=\"wp-block-columns alignwide ebavs-space-between is-layout-flex wp-container-core-columns-is-layout-643ced6b wp-block-columns-is-layout-flex\">\n<div class=\"wp-block-column is-layout-flow wp-block-column-is-layout-flow\" style=\"flex-basis:30%\">\n<h3 class=\"wp-block-heading has-dinnextltpro-font-family\"> Qu\u00e8 aconseguim?<\/h3>\n<\/div>\n\n\n\n<div class=\"wp-block-column is-layout-flow wp-block-column-is-layout-flow\" style=\"flex-basis:70%\">\n<p class=\"has-dark-gray-color has-text-color has-small-font-size\" style=\"line-height:1.14em\">Des de setembre de 2015 fins a mar\u00e7 de 2016, data de l&#8217;acord entre la Uni\u00f3 Europea i Turquia per a tallar la via de migraci\u00f3 per Lesbos, aconseguim:<\/p>\n\n\n\n<div class=\"wp-block-columns is-layout-flex wp-container-core-columns-is-layout-b0bab6eb wp-block-columns-is-layout-flex\" style=\"margin-top:var(--wp--preset--spacing--40);margin-bottom:var(--wp--preset--spacing--40)\">\n<div class=\"wp-block-column is-layout-flow wp-block-column-is-layout-flow\">\n<p class=\"has-contrast-color has-text-color has-link-color has-pfdinstencil-font-family wp-elements-16d17477672cdae35a1df8bad9d2ae0c\" style=\"font-size:clamp(1.743rem, 1.743rem + ((1vw - 0.2rem) * 1.488), 3rem);\">143.358<\/p>\n\n\n\n<p> persones ajudades a arribar a la costa<\/p>\n<\/div>\n\n\n\n<div class=\"wp-block-column is-layout-flow wp-block-column-is-layout-flow\">\n<p class=\"has-contrast-color has-text-color has-link-color has-pfdinstencil-font-family wp-elements-c24d3dc2495028e132e3cb12e16972a8\" style=\"font-size:clamp(1.743rem, 1.743rem + ((1vw - 0.2rem) * 1.488), 3rem);\">10.273<\/p>\n\n\n\n<p style=\"padding-top:0;padding-bottom:0\"> persones rescatades a la deriva<\/p>\n<\/div>\n<\/div>\n\n\n\n<div class=\"wp-block-columns is-layout-flex wp-container-core-columns-is-layout-b0bab6eb wp-block-columns-is-layout-flex\" style=\"margin-top:var(--wp--preset--spacing--40);margin-bottom:var(--wp--preset--spacing--40)\">\n<div class=\"wp-block-column is-layout-flow wp-block-column-is-layout-flow\">\n<p class=\"has-contrast-color has-text-color has-link-color has-pfdinstencil-font-family wp-elements-2ecb9e999b03045356e79b707099f3f6\" style=\"font-size:clamp(1.743rem, 1.743rem + ((1vw - 0.2rem) * 1.488), 3rem);\">9.067<\/p>\n\n\n\n<p> persones rescatades en els penya-segats<\/p>\n<\/div>\n\n\n\n<div class=\"wp-block-column is-layout-flow wp-block-column-is-layout-flow\">\n<p class=\"has-contrast-color has-text-color has-link-color has-pfdinstencil-font-family wp-elements-b450c8c55ded787f69773dc603f4ee20\" style=\"font-size:clamp(1.743rem, 1.743rem + ((1vw - 0.2rem) * 1.488), 3rem);\">475<\/p>\n\n\n\n<p> persones rescatades de l&#8217;aigua amb alt risc de morir ofegades.<\/p>\n<\/div>\n<\/div>\n<\/div>\n<\/div>\n<\/div>\n\n\n\n<hr class=\"wp-block-separator has-text-color has-contrast-color has-alpha-channel-opacity has-contrast-background-color has-background is-style-wide is-style-wide--2\" style=\"margin-top:4rem;margin-bottom:4rem\"\/>\n\n\n\n<div class=\"wp-block-group has-global-padding is-layout-constrained wp-block-group-is-layout-constrained\">\n<div class=\"wp-block-columns alignwide ebavs-space-between is-layout-flex wp-container-core-columns-is-layout-643ced6b wp-block-columns-is-layout-flex\">\n<div class=\"wp-block-column is-layout-flow wp-block-column-is-layout-flow\" style=\"flex-basis:30%\">\n<h3 class=\"wp-block-heading has-dinnextltpro-font-family\"> Ampliem el nostre radi d&#8217;acci\u00f3<\/h3>\n<\/div>\n\n\n\n<div class=\"wp-block-column is-layout-flow wp-block-column-is-layout-flow\" style=\"flex-basis:70%\">\n<p class=\"has-dark-gray-color has-text-color has-small-font-size\" style=\"line-height:1.14em\">Amb l&#8217;acord entre Europa i Turquia, la ruta de migraci\u00f3 per Lesbos va quedar tancada. All\u00f2 va provocar que noves rutes, m\u00e9s llargues i perilloses, es consolidessin a la Mediterr\u00e0nia. Per aix\u00f2, davant la manca d&#8217;acci\u00f3 per part dels mitjans oficials, vam decidir ampliar la nostra base al <a href=\"https:\/\/www.openarms.es\/ca\/que-fem\/missions\/mediterraneo\">Mediterrani central<\/a>. El dia d&#8217;avui, ja s\u00f3n m\u00e9s de 70.000 les vides que hem salvat a diferents llocs del m\u00f3n.<\/p>\n<\/div>\n<\/div>\n<\/div>\n<\/div>\n\n\n\n<div class=\"wp-block-group alignfull has-global-padding is-layout-constrained wp-block-group-is-layout-constrained\" style=\"min-height:0vh;margin-top:0;margin-bottom:0;padding-top:var(--wp--preset--spacing--70);padding-bottom:var(--wp--preset--spacing--70)\">\n<div class=\"wp-block-columns are-vertically-aligned-top is-content-justification-center is-layout-flex wp-container-core-columns-is-layout-8c19c11b wp-block-columns-is-layout-flex\">\n<div class=\"wp-block-column is-vertically-aligned-top is-layout-flow wp-block-column-is-layout-flow\" style=\"flex-basis:60%\">\n<div class=\"wp-block-group has-contrast-background-color has-background has-global-padding is-layout-constrained wp-container-core-group-is-layout-a91b9633 wp-block-group-is-layout-constrained\" style=\"border-style:none;border-width:0px;border-radius:32px;padding-top:var(--wp--preset--spacing--40);padding-right:2rem;padding-bottom:var(--wp--preset--spacing--40);padding-left:2rem\">\n<h3 class=\"wp-block-heading has-text-align-center has-base-color has-text-color has-link-color wp-elements-f0ca9dc66eb2146bdb1190b1326b2229\" style=\"margin-right:0;margin-left:0;padding-right:0;padding-left:0;font-size:clamp(1.502rem, 1.502rem + ((1vw - 0.2rem) * 1.181), 2.5rem);line-height:1.15\">Si creus que tota vida ha de ser salvada, implica&#8217;t. Entre tots, en podem salvar moltes m\u00e9s.<\/h3>\n\n\n\n<div class=\"wp-block-buttons is-horizontal is-content-justification-center is-layout-flex wp-container-core-buttons-is-layout-03627597 wp-block-buttons-is-layout-flex\">\n<div class=\"wp-block-button\"><a class=\"wp-block-button__link has-contrast-color has-base-background-color has-text-color has-background has-custom-font-size wp-element-button\" href=\"https:\/\/www.openarms.es\/ca\/com-ajudar\/dona\" style=\"padding-top:16px;padding-right:24px;padding-bottom:14px;padding-left:24px;font-size:clamp(14px, 0.875rem + ((1vw - 3.2px) * 0.296), 18px);font-style:normal;font-weight:700\">DONA ARA<\/a><\/div>\n<\/div>\n<\/div>\n<\/div>\n<\/div>\n<\/div>\n<\/div><\/div>\n","protected":false},"excerpt":{"rendered":"","protected":false},"author":1,"featured_media":3281,"parent":4759,"menu_order":0,"comment_status":"closed","ping_status":"closed","template":"page-interior","meta":{"content-type":"","footnotes":""},"class_list":["post-4765","page","type-page","status-publish","has-post-thumbnail","hentry"],"yoast_head":"<!-- This site is optimized with the Yoast SEO plugin v25.9 - https:\/\/yoast.com\/wordpress\/plugins\/seo\/ -->\n<title>Els inicis en Lesbos: Primera missi\u00f3 de rescat | Open Arms<\/title>\n<meta name=\"description\" content=\"Tot va comen\u00e7ar en Lesbos, 2015. Open Arms va rescatar a milers de persones despr\u00e9s de la imatge d&#039;Alan Kurdi. Aix\u00ed va n\u00e9ixer la nostra missi\u00f3 de protegir vides.\" \/>\n<meta name=\"robots\" content=\"index, follow, max-snippet:-1, max-image-preview:large, max-video-preview:-1\" \/>\n<link rel=\"canonical\" href=\"https:\/\/www.openarms.es\/ca\/qui-som\/els-inicis-lesbos\" \/>\n<meta property=\"og:locale\" content=\"ca_ES\" \/>\n<meta property=\"og:type\" content=\"article\" \/>\n<meta property=\"og:title\" content=\"Els inicis en Lesbos: Primera missi\u00f3 de rescat | Open Arms\" \/>\n<meta property=\"og:description\" content=\"Tot va comen\u00e7ar en Lesbos, 2015. Open Arms va rescatar a milers de persones despr\u00e9s de la imatge d&#039;Alan Kurdi. Aix\u00ed va n\u00e9ixer la nostra missi\u00f3 de protegir vides.\" \/>\n<meta property=\"og:url\" content=\"https:\/\/www.openarms.es\/ca\/qui-som\/els-inicis-lesbos\" \/>\n<meta property=\"og:site_name\" content=\"Open Arms\" \/>\n<meta property=\"article:modified_time\" content=\"2025-06-20T09:26:51+00:00\" \/>\n<meta property=\"og:image\" content=\"https:\/\/www.openarms.es\/wp-content\/uploads\/2025\/03\/openarms-inicios-lesbos.webp\" \/>\n\t<meta property=\"og:image:width\" content=\"1772\" \/>\n\t<meta property=\"og:image:height\" content=\"1181\" \/>\n\t<meta property=\"og:image:type\" content=\"image\/webp\" \/>\n<meta name=\"twitter:card\" content=\"summary_large_image\" \/>\n<meta name=\"twitter:label1\" content=\"Temps estimat de lectura\" \/>\n\t<meta name=\"twitter:data1\" content=\"1 minut\" \/>\n<script type=\"application\/ld+json\" class=\"yoast-schema-graph\">{\"@context\":\"https:\/\/schema.org\",\"@graph\":[{\"@type\":\"WebPage\",\"@id\":\"https:\/\/www.openarms.es\/ca\/qui-som\/els-inicis-lesbos\",\"url\":\"https:\/\/www.openarms.es\/ca\/qui-som\/els-inicis-lesbos\",\"name\":\"Els inicis en Lesbos: Primera missi\u00f3 de rescat | Open Arms\",\"isPartOf\":{\"@id\":\"https:\/\/www.openarms.es\/ca#website\"},\"primaryImageOfPage\":{\"@id\":\"https:\/\/www.openarms.es\/ca\/qui-som\/els-inicis-lesbos#primaryimage\"},\"image\":{\"@id\":\"https:\/\/www.openarms.es\/ca\/qui-som\/els-inicis-lesbos#primaryimage\"},\"thumbnailUrl\":\"https:\/\/www.openarms.es\/wp-content\/uploads\/2025\/03\/openarms-inicios-lesbos.webp\",\"datePublished\":\"2025-03-27T09:45:06+00:00\",\"dateModified\":\"2025-06-20T09:26:51+00:00\",\"description\":\"Tot va comen\u00e7ar en Lesbos, 2015. Open Arms va rescatar a milers de persones despr\u00e9s de la imatge d'Alan Kurdi. Aix\u00ed va n\u00e9ixer la nostra missi\u00f3 de protegir vides.\",\"breadcrumb\":{\"@id\":\"https:\/\/www.openarms.es\/ca\/qui-som\/els-inicis-lesbos#breadcrumb\"},\"inLanguage\":\"ca\",\"potentialAction\":[{\"@type\":\"ReadAction\",\"target\":[\"https:\/\/www.openarms.es\/ca\/qui-som\/els-inicis-lesbos\"]}]},{\"@type\":\"ImageObject\",\"inLanguage\":\"ca\",\"@id\":\"https:\/\/www.openarms.es\/ca\/qui-som\/els-inicis-lesbos#primaryimage\",\"url\":\"https:\/\/www.openarms.es\/wp-content\/uploads\/2025\/03\/openarms-inicios-lesbos.webp\",\"contentUrl\":\"https:\/\/www.openarms.es\/wp-content\/uploads\/2025\/03\/openarms-inicios-lesbos.webp\",\"width\":1772,\"height\":1181,\"caption\":\"Open Arms Inicios Lesbos Salvamento\"},{\"@type\":\"BreadcrumbList\",\"@id\":\"https:\/\/www.openarms.es\/ca\/qui-som\/els-inicis-lesbos#breadcrumb\",\"itemListElement\":[{\"@type\":\"ListItem\",\"position\":1,\"name\":\"Qui Som\",\"item\":\"https:\/\/www.openarms.es\/ca\/qui-som\"},{\"@type\":\"ListItem\",\"position\":2,\"name\":\"Els Inicis (LESBOS)\"}]},{\"@type\":\"WebSite\",\"@id\":\"https:\/\/www.openarms.es\/ca#website\",\"url\":\"https:\/\/www.openarms.es\/ca\",\"name\":\"Open Arms\",\"description\":\"\",\"publisher\":{\"@id\":\"https:\/\/www.openarms.es\/ca#organization\"},\"potentialAction\":[{\"@type\":\"SearchAction\",\"target\":{\"@type\":\"EntryPoint\",\"urlTemplate\":\"https:\/\/www.openarms.es\/ca?s={search_term_string}\"},\"query-input\":{\"@type\":\"PropertyValueSpecification\",\"valueRequired\":true,\"valueName\":\"search_term_string\"}}],\"inLanguage\":\"ca\"},{\"@type\":\"Organization\",\"@id\":\"https:\/\/www.openarms.es\/ca#organization\",\"name\":\"Open Arms\",\"url\":\"https:\/\/www.openarms.es\/ca\",\"logo\":{\"@type\":\"ImageObject\",\"inLanguage\":\"ca\",\"@id\":\"https:\/\/www.openarms.es\/ca#\/schema\/logo\/image\/\",\"url\":\"https:\/\/www.openarms.es\/wp-content\/uploads\/2025\/03\/BRAND.svg\",\"contentUrl\":\"https:\/\/www.openarms.es\/wp-content\/uploads\/2025\/03\/BRAND.svg\",\"caption\":\"Open Arms\"},\"image\":{\"@id\":\"https:\/\/www.openarms.es\/ca#\/schema\/logo\/image\/\"}}]}<\/script>\n<!-- \/ Yoast SEO plugin. -->","yoast_head_json":{"title":"Els inicis en Lesbos: Primera missi\u00f3 de rescat | Open Arms","description":"Tot va comen\u00e7ar en Lesbos, 2015. Open Arms va rescatar a milers de persones despr\u00e9s de la imatge d'Alan Kurdi. Aix\u00ed va n\u00e9ixer la nostra missi\u00f3 de protegir vides.","robots":{"index":"index","follow":"follow","max-snippet":"max-snippet:-1","max-image-preview":"max-image-preview:large","max-video-preview":"max-video-preview:-1"},"canonical":"https:\/\/www.openarms.es\/ca\/qui-som\/els-inicis-lesbos","og_locale":"ca_ES","og_type":"article","og_title":"Els inicis en Lesbos: Primera missi\u00f3 de rescat | Open Arms","og_description":"Tot va comen\u00e7ar en Lesbos, 2015. Open Arms va rescatar a milers de persones despr\u00e9s de la imatge d'Alan Kurdi. Aix\u00ed va n\u00e9ixer la nostra missi\u00f3 de protegir vides.","og_url":"https:\/\/www.openarms.es\/ca\/qui-som\/els-inicis-lesbos","og_site_name":"Open Arms","article_modified_time":"2025-06-20T09:26:51+00:00","og_image":[{"width":1772,"height":1181,"url":"https:\/\/www.openarms.es\/wp-content\/uploads\/2025\/03\/openarms-inicios-lesbos.webp","type":"image\/webp"}],"twitter_card":"summary_large_image","twitter_misc":{"Temps estimat de lectura":"1 minut"},"schema":{"@context":"https:\/\/schema.org","@graph":[{"@type":"WebPage","@id":"https:\/\/www.openarms.es\/ca\/qui-som\/els-inicis-lesbos","url":"https:\/\/www.openarms.es\/ca\/qui-som\/els-inicis-lesbos","name":"Els inicis en Lesbos: Primera missi\u00f3 de rescat | Open Arms","isPartOf":{"@id":"https:\/\/www.openarms.es\/ca#website"},"primaryImageOfPage":{"@id":"https:\/\/www.openarms.es\/ca\/qui-som\/els-inicis-lesbos#primaryimage"},"image":{"@id":"https:\/\/www.openarms.es\/ca\/qui-som\/els-inicis-lesbos#primaryimage"},"thumbnailUrl":"https:\/\/www.openarms.es\/wp-content\/uploads\/2025\/03\/openarms-inicios-lesbos.webp","datePublished":"2025-03-27T09:45:06+00:00","dateModified":"2025-06-20T09:26:51+00:00","description":"Tot va comen\u00e7ar en Lesbos, 2015. Open Arms va rescatar a milers de persones despr\u00e9s de la imatge d'Alan Kurdi. Aix\u00ed va n\u00e9ixer la nostra missi\u00f3 de protegir vides.","breadcrumb":{"@id":"https:\/\/www.openarms.es\/ca\/qui-som\/els-inicis-lesbos#breadcrumb"},"inLanguage":"ca","potentialAction":[{"@type":"ReadAction","target":["https:\/\/www.openarms.es\/ca\/qui-som\/els-inicis-lesbos"]}]},{"@type":"ImageObject","inLanguage":"ca","@id":"https:\/\/www.openarms.es\/ca\/qui-som\/els-inicis-lesbos#primaryimage","url":"https:\/\/www.openarms.es\/wp-content\/uploads\/2025\/03\/openarms-inicios-lesbos.webp","contentUrl":"https:\/\/www.openarms.es\/wp-content\/uploads\/2025\/03\/openarms-inicios-lesbos.webp","width":1772,"height":1181,"caption":"Open Arms Inicios Lesbos Salvamento"},{"@type":"BreadcrumbList","@id":"https:\/\/www.openarms.es\/ca\/qui-som\/els-inicis-lesbos#breadcrumb","itemListElement":[{"@type":"ListItem","position":1,"name":"Qui Som","item":"https:\/\/www.openarms.es\/ca\/qui-som"},{"@type":"ListItem","position":2,"name":"Els Inicis (LESBOS)"}]},{"@type":"WebSite","@id":"https:\/\/www.openarms.es\/ca#website","url":"https:\/\/www.openarms.es\/ca","name":"Open Arms","description":"","publisher":{"@id":"https:\/\/www.openarms.es\/ca#organization"},"potentialAction":[{"@type":"SearchAction","target":{"@type":"EntryPoint","urlTemplate":"https:\/\/www.openarms.es\/ca?s={search_term_string}"},"query-input":{"@type":"PropertyValueSpecification","valueRequired":true,"valueName":"search_term_string"}}],"inLanguage":"ca"},{"@type":"Organization","@id":"https:\/\/www.openarms.es\/ca#organization","name":"Open Arms","url":"https:\/\/www.openarms.es\/ca","logo":{"@type":"ImageObject","inLanguage":"ca","@id":"https:\/\/www.openarms.es\/ca#\/schema\/logo\/image\/","url":"https:\/\/www.openarms.es\/wp-content\/uploads\/2025\/03\/BRAND.svg","contentUrl":"https:\/\/www.openarms.es\/wp-content\/uploads\/2025\/03\/BRAND.svg","caption":"Open Arms"},"image":{"@id":"https:\/\/www.openarms.es\/ca#\/schema\/logo\/image\/"}}]}},"_links":{"self":[{"href":"https:\/\/www.openarms.es\/ca\/wp-json\/wp\/v2\/pages\/4765","targetHints":{"allow":["GET"]}}],"collection":[{"href":"https:\/\/www.openarms.es\/ca\/wp-json\/wp\/v2\/pages"}],"about":[{"href":"https:\/\/www.openarms.es\/ca\/wp-json\/wp\/v2\/types\/page"}],"author":[{"embeddable":true,"href":"https:\/\/www.openarms.es\/ca\/wp-json\/wp\/v2\/users\/1"}],"replies":[{"embeddable":true,"href":"https:\/\/www.openarms.es\/ca\/wp-json\/wp\/v2\/comments?post=4765"}],"version-history":[{"count":10,"href":"https:\/\/www.openarms.es\/ca\/wp-json\/wp\/v2\/pages\/4765\/revisions"}],"predecessor-version":[{"id":6585,"href":"https:\/\/www.openarms.es\/ca\/wp-json\/wp\/v2\/pages\/4765\/revisions\/6585"}],"up":[{"embeddable":true,"href":"https:\/\/www.openarms.es\/ca\/wp-json\/wp\/v2\/pages\/4759"}],"wp:featuredmedia":[{"embeddable":true,"href":"https:\/\/www.openarms.es\/ca\/wp-json\/wp\/v2\/media\/3281"}],"wp:attachment":[{"href":"https:\/\/www.openarms.es\/ca\/wp-json\/wp\/v2\/media?parent=4765"}],"curies":[{"name":"wp","href":"https:\/\/api.w.org\/{rel}","templated":true}]}}