{"id":7004,"date":"2025-07-16T14:27:29","date_gmt":"2025-07-16T14:27:29","guid":{"rendered":"https:\/\/www.openarms.es\/?page_id=7004"},"modified":"2025-07-31T17:10:01","modified_gmt":"2025-07-31T17:10:01","slug":"ruta-del-mediterrani-occidental-i-atlantica","status":"publish","type":"page","link":"https:\/\/www.openarms.es\/ca\/fluxos-migratoris\/ruta-del-mediterrani-occidental-i-atlantica","title":{"rendered":"Mediterrani Occidental i Atl\u00e0ntica"},"content":{"rendered":"\n<div class=\"wp-block-cover alignfull ebavs-header-hero-interior\" style=\"min-height:40rem;aspect-ratio:unset;\"><img loading=\"lazy\" decoding=\"async\" width=\"1024\" height=\"683\" class=\"wp-block-cover__image-background wp-image-6963 size-large\" alt=\"Openarms mediterraneo Occidental\" src=\"https:\/\/www.openarms.es\/wp-content\/uploads\/2025\/07\/openarms-mediterraneo-occidental-1024x683.jpg\" data-object-fit=\"cover\" srcset=\"https:\/\/www.openarms.es\/wp-content\/uploads\/2025\/07\/openarms-mediterraneo-occidental-1024x683.jpg 1024w, https:\/\/www.openarms.es\/wp-content\/uploads\/2025\/07\/openarms-mediterraneo-occidental-300x200.jpg 300w, https:\/\/www.openarms.es\/wp-content\/uploads\/2025\/07\/openarms-mediterraneo-occidental-768x512.jpg 768w, https:\/\/www.openarms.es\/wp-content\/uploads\/2025\/07\/openarms-mediterraneo-occidental-1536x1024.jpg 1536w, https:\/\/www.openarms.es\/wp-content\/uploads\/2025\/07\/openarms-mediterraneo-occidental.jpg 1920w\" sizes=\"auto, (max-width: 1024px) 100vw, 1024px\" \/><span aria-hidden=\"true\" class=\"wp-block-cover__background has-black-background-color has-background-dim-30 has-background-dim\"><\/span><div class=\"wp-block-cover__inner-container is-layout-flow wp-block-cover-is-layout-flow\">\n<div class=\"wp-block-group alignwide has-global-padding is-layout-constrained wp-block-group-is-layout-constrained\" style=\"margin-top:auto;margin-bottom:auto\">\n<div class=\"wp-block-group has-global-padding is-content-justification-left is-layout-constrained wp-container-core-group-is-layout-b58f3518 wp-block-group-is-layout-constrained\">\n<p class=\"has-text-align-left has-base-color has-text-color has-large-font-size\" style=\"font-family:var(--wp--preset--font-family--dinnextltpro)\">FLUXOS MIGRATORIS<\/p>\n\n\n\n<h1 class=\"wp-block-heading has-text-align-left has-base-color has-text-color has-xx-large-font-size\" style=\"margin-top:0;margin-bottom:0\">Mediterrani Occidental i Atl\u00e0ntica<\/h1>\n\n\n\n<p class=\"has-base-color has-text-color has-link-color wp-elements-e794ebabc1ee6722532be438c2174173\" style=\"margin-top:0;margin-bottom:0\">Si creus que tota vida s\u2019ha de salvar, implica\u2019t. Entre tots, podem salvar-ne moltes m\u00e9s.<br\/><\/p>\n\n\n\n<div class=\"wp-block-buttons is-content-justification-left is-layout-flex wp-container-core-buttons-is-layout-fc4fd283 wp-block-buttons-is-layout-flex\">\n<div class=\"wp-block-button\"><a class=\"wp-block-button__link has-contrast-color has-base-background-color has-text-color has-background has-dinnextltpro-font-family has-custom-font-size wp-element-button\" href=\"https:\/\/help.openarms.es\/miembro-openarms\/?lang=ca\" style=\"padding-top:16px;padding-right:24px;padding-bottom:14px;padding-left:24px;font-size:clamp(0.875rem, 0.875rem + ((1vw - 0.2rem) * 0.302), 1.13rem);font-style:normal;font-weight:700;line-height:1;text-transform:uppercase\" target=\"_blank\" rel=\"noreferrer noopener\">Fes-te membre<\/a><\/div>\n<\/div>\n<\/div>\n<\/div>\n<\/div><\/div>\n\n<div class=\"wp-block-cover alignfull is-light has-parallax\" style=\"margin-top:0;margin-bottom:0;padding-top:0;padding-right:0;padding-bottom:0;padding-left:0\"><div class=\"wp-block-cover__image-background wp-image-999 has-parallax\" style=\"background-position:50% 50%;background-image:url(https:\/\/www.openarms.es\/wp-content\/themes\/openarms\/assets\/images\/openarms-texture.webp)\"><\/div><span aria-hidden=\"true\" class=\"wp-block-cover__background has-base-background-color has-background-dim-80 has-background-dim\"><\/span><div class=\"wp-block-cover__inner-container is-layout-flow wp-block-cover-is-layout-flow\">\n<div class=\"wp-block-group alignwide has-global-padding is-layout-constrained wp-container-core-group-is-layout-8257ab09 wp-block-group-is-layout-constrained\" style=\"margin-top:1rem\">\n<div class=\"wp-block-group alignwide has-global-padding is-layout-constrained wp-block-group-is-layout-constrained\"><div class=\"yoast-breadcrumbs\"><span><span><a href=\"https:\/\/www.openarms.es\/ca\/fluxos-migratoris\">Fluxos Migratoris<\/a><\/span> &gt; <span class=\"breadcrumb_last\" aria-current=\"page\">Mediterrani Occidental i Atl\u00e0ntica<\/span><\/span><\/div>\n\n\n<hr class=\"wp-block-separator has-text-color has-gray-color has-alpha-channel-opacity has-gray-background-color has-background is-style-default\" style=\"margin-top:1rem;margin-bottom:4rem\"\/>\n<\/div>\n<\/div>\n\n\n\n<div class=\"wp-block-group has-global-padding is-layout-constrained wp-block-group-is-layout-constrained\">\n<div class=\"wp-block-columns alignwide ebavs-space-between is-layout-flex wp-container-core-columns-is-layout-643ced6b wp-block-columns-is-layout-flex\">\n<div class=\"wp-block-column is-layout-flow wp-block-column-is-layout-flow\" style=\"flex-basis:33%\">\n<h2 class=\"wp-block-heading has-contrast-color has-text-color has-x-large-font-size\" style=\"margin-top:0\">La Ruta<\/h2>\n<\/div>\n\n\n\n<div class=\"wp-block-column is-layout-flow wp-block-column-is-layout-flow\" style=\"flex-basis:50%\">\n<p class=\"has-dark-gray-color has-text-color has-medium-font-size\" style=\"line-height:1.14em\">La ruta del Mediterrani Occidental uneix les costes del nord-oest d\u2019\u00c0frica amb Espanya, generalment. Les persones migrants que segueixen aquesta ruta provenen principalment de pa\u00efsos de l\u2019\u00c0frica subsahariana i occidental, com el Marroc, Alg\u00e8ria, Mal\u00ed, N\u00edger, Senegal, Guinea i Burkina Faso. Solen salpar des de les costes del Marroc, Alg\u00e8ria i, en ocasions, Maurit\u00e0nia, tot i que tamb\u00e9 hi ha ports de sortida al Senegal.<br\/><\/p>\n<\/div>\n<\/div>\n<\/div>\n\n\n\n<div class=\"wp-block-group has-global-padding is-layout-constrained wp-block-group-is-layout-constrained\">\n<figure class=\"wp-block-image aligncenter size-large\"><img loading=\"lazy\" decoding=\"async\" width=\"1024\" height=\"683\" src=\"https:\/\/www.openarms.es\/wp-content\/uploads\/2025\/07\/CR_0009-1024x683.jpg\" alt=\"\" class=\"wp-image-7943\" style=\"aspect-ratio:16\/9;object-fit:contain\" srcset=\"https:\/\/www.openarms.es\/wp-content\/uploads\/2025\/07\/CR_0009-1024x683.jpg 1024w, https:\/\/www.openarms.es\/wp-content\/uploads\/2025\/07\/CR_0009-300x200.jpg 300w, https:\/\/www.openarms.es\/wp-content\/uploads\/2025\/07\/CR_0009-768x512.jpg 768w, https:\/\/www.openarms.es\/wp-content\/uploads\/2025\/07\/CR_0009-1536x1024.jpg 1536w, https:\/\/www.openarms.es\/wp-content\/uploads\/2025\/07\/CR_0009-2048x1365.jpg 2048w\" sizes=\"auto, (max-width: 1024px) 100vw, 1024px\" \/><\/figure>\n<\/div>\n\n\n\n<div class=\"wp-block-group has-global-padding is-layout-constrained wp-block-group-is-layout-constrained\">\n<div class=\"wp-block-columns alignwide is-content-justification-space-between is-layout-flow wp-container-core-columns-is-layout-389f1a3f wp-block-columns-is-layout-flow\">\n<div class=\"wp-block-column is-layout-flow wp-block-column-is-layout-flow\" style=\"padding-right:var(--wp--preset--spacing--40);flex-basis:30%\">\n<h3 class=\"wp-block-heading has-black-color has-text-color\" style=\"margin-top:0;margin-bottom:var(--wp--preset--spacing--16);font-size:clamp(1.502rem, 1.502rem + ((1vw - 0.2rem) * 1.181), 2.5rem);\">Sortides i destinacions<\/h3>\n<\/div>\n\n\n\n<div class=\"wp-block-column is-vertically-aligned-top is-layout-flow wp-block-column-is-layout-flow\" style=\"padding-right:0;padding-left:0;flex-basis:70%\">\n<ul class=\"wp-block-list\">\n<li class=\"has-small-font-size\" style=\"margin-bottom:var(--wp--preset--spacing--16)\">Les sortides m\u00e9s freq\u00fcents cap a la pen\u00ednsula es produeixen des de la zona de T\u00e0nger (estret de Gibraltar) i el Rif marroqu\u00ed, aix\u00ed com des d\u2019Alg\u00e8ria.<br\/><\/li>\n\n\n\n<li class=\"has-small-font-size\" style=\"margin-bottom:var(--wp--preset--spacing--16)\">Tamb\u00e9 es fan sortides des de les costes d\u2019Alg\u00e8ria cap a les Illes Balears.<\/li>\n\n\n\n<li class=\"has-small-font-size\" style=\"margin-bottom:var(--wp--preset--spacing--16)\">Finalment, hi ha sortides, encara que en menor mesura, des del S\u00e0hara Occidental cap a les Can\u00e0ries, en l\u2019anomenada \u201cruta atl\u00e0ntica\u201d. Es fan des del sud del Marroc, Maurit\u00e0nia i Senegal. En aquesta ruta hi opera Salvament Mar\u00edtim.<br\/><\/li>\n\n\n\n<li class=\"has-small-font-size\">Un altre dest\u00ed per a les persones que intenten entrar a la UE, en aquest cas per via terrestre, s\u00f3n les ciutats aut\u00f2nomes de Ceuta i Melilla.<br\/><\/li>\n<\/ul>\n<\/div>\n<\/div>\n<\/div>\n\n\n\n<div class=\"wp-block-group has-global-padding is-layout-constrained wp-block-group-is-layout-constrained\" style=\"margin-top:var(--wp--preset--spacing--48)\">\n<div class=\"wp-block-columns alignwide is-content-justification-space-between is-layout-flow wp-container-core-columns-is-layout-389f1a3f wp-block-columns-is-layout-flow\">\n<div class=\"wp-block-column is-layout-flow wp-block-column-is-layout-flow\" style=\"padding-right:var(--wp--preset--spacing--40);flex-basis:30%\">\n<h3 class=\"wp-block-heading has-black-color has-text-color\" style=\"margin-top:0;margin-bottom:var(--wp--preset--spacing--16);font-size:clamp(1.502rem, 1.502rem + ((1vw - 0.2rem) * 1.181), 2.5rem);\">Detalls<\/h3>\n<\/div>\n\n\n\n<div class=\"wp-block-column is-vertically-aligned-top is-layout-flow wp-block-column-is-layout-flow\" style=\"padding-right:0;padding-left:0;flex-basis:70%\">\n<p class=\"has-small-font-size\">En general, la ruta que connecta el Marroc amb la pen\u00ednsula ha anat fluctuant segons la pol\u00edtica de control fronterer i els acords establerts entre ambd\u00f3s pa\u00efsos.<br\/><br\/>La ruta cap a les Illes Can\u00e0ries va repuntar els anys 2020 i 2021, i es va mantenir elevada el 2022 i 2023. Aix\u00f2 es deu, sobretot, a un control m\u00e9s gran al Mediterrani i a la recerca de rutes alternatives m\u00e9s llargues, tot i que igualment perilloses.<\/p>\n<\/div>\n<\/div>\n<\/div>\n\n\n\n<div class=\"wp-block-group alignfull has-global-padding is-layout-constrained wp-container-core-group-is-layout-0c9c989a wp-block-group-is-layout-constrained\" style=\"min-height:0vh;margin-top:0;margin-bottom:0;padding-top:var(--wp--preset--spacing--70);padding-right:var(--wp--preset--spacing--40);padding-bottom:var(--wp--preset--spacing--70);padding-left:var(--wp--preset--spacing--40)\">\n<div class=\"wp-block-columns are-vertically-aligned-top is-content-justification-center is-layout-flex wp-container-core-columns-is-layout-8c19c11b wp-block-columns-is-layout-flex\">\n<div class=\"wp-block-column is-vertically-aligned-top is-layout-flow wp-block-column-is-layout-flow\" style=\"flex-basis:60%\">\n<div class=\"wp-block-group has-contrast-background-color has-background has-global-padding is-layout-constrained wp-container-core-group-is-layout-a91b9633 wp-block-group-is-layout-constrained\" style=\"border-style:none;border-width:0px;border-radius:32px;padding-top:var(--wp--preset--spacing--40);padding-right:2rem;padding-bottom:var(--wp--preset--spacing--40);padding-left:2rem\">\n<h3 class=\"wp-block-heading has-text-align-center has-base-color has-text-color has-link-color wp-elements-f0ca9dc66eb2146bdb1190b1326b2229\" style=\"margin-right:0;margin-left:0;padding-right:0;padding-left:0;font-size:clamp(1.502rem, 1.502rem + ((1vw - 0.2rem) * 1.181), 2.5rem);line-height:1.15\">Si creus que tota vida ha de ser salvada, implica&#8217;t. Entre tots, en podem salvar moltes m\u00e9s.<\/h3>\n\n\n\n<div class=\"wp-block-buttons is-horizontal is-content-justification-center is-layout-flex wp-container-core-buttons-is-layout-03627597 wp-block-buttons-is-layout-flex\">\n<div class=\"wp-block-button\"><a class=\"wp-block-button__link has-contrast-color has-base-background-color has-text-color has-background has-custom-font-size wp-element-button\" href=\"https:\/\/www.openarms.es\/ca\/com-ajudar\/dona\" style=\"padding-top:16px;padding-right:24px;padding-bottom:14px;padding-left:24px;font-size:clamp(14px, 0.875rem + ((1vw - 3.2px) * 0.296), 18px);font-style:normal;font-weight:700\">DONA ARA<\/a><\/div>\n<\/div>\n<\/div>\n<\/div>\n<\/div>\n<\/div>\n<\/div><\/div>\n","protected":false},"excerpt":{"rendered":"","protected":false},"author":1,"featured_media":6964,"parent":6951,"menu_order":0,"comment_status":"closed","ping_status":"closed","template":"page-interior","meta":{"content-type":"","footnotes":""},"class_list":["post-7004","page","type-page","status-publish","has-post-thumbnail","hentry"],"yoast_head":"<!-- This site is optimized with the Yoast SEO plugin v25.9 - https:\/\/yoast.com\/wordpress\/plugins\/seo\/ -->\n<title>Ruta del Mediterrani Occidental | Open Arms<\/title>\n<meta name=\"description\" content=\"Coneix la ruta del Mediterrani Occidental: origen i destinaci\u00f3 de milers de persones migrants des d\u2019\u00c0frica. Informa\u2019t, actua i salva vides.\" \/>\n<meta name=\"robots\" content=\"index, follow, max-snippet:-1, max-image-preview:large, max-video-preview:-1\" \/>\n<link rel=\"canonical\" href=\"https:\/\/www.openarms.es\/ca\/fluxos-migratoris\/ruta-del-mediterrani-occidental-i-atlantica\" \/>\n<meta property=\"og:locale\" content=\"ca_ES\" \/>\n<meta property=\"og:type\" content=\"article\" \/>\n<meta property=\"og:title\" content=\"Ruta del Mediterrani Occidental | Open Arms\" \/>\n<meta property=\"og:description\" content=\"Coneix la ruta del Mediterrani Occidental: origen i destinaci\u00f3 de milers de persones migrants des d\u2019\u00c0frica. Informa\u2019t, actua i salva vides.\" \/>\n<meta property=\"og:url\" content=\"https:\/\/www.openarms.es\/ca\/fluxos-migratoris\/ruta-del-mediterrani-occidental-i-atlantica\" \/>\n<meta property=\"og:site_name\" content=\"Open Arms\" \/>\n<meta property=\"article:modified_time\" content=\"2025-07-31T17:10:01+00:00\" \/>\n<meta property=\"og:image\" content=\"https:\/\/www.openarms.es\/wp-content\/uploads\/2025\/07\/openarms-mediterraneo-occidental.jpg\" \/>\n\t<meta property=\"og:image:width\" content=\"1920\" \/>\n\t<meta property=\"og:image:height\" content=\"1280\" \/>\n\t<meta property=\"og:image:type\" content=\"image\/jpeg\" \/>\n<meta name=\"twitter:card\" content=\"summary_large_image\" \/>\n<meta name=\"twitter:label1\" content=\"Temps estimat de lectura\" \/>\n\t<meta name=\"twitter:data1\" content=\"2 minuts\" \/>\n<script type=\"application\/ld+json\" class=\"yoast-schema-graph\">{\"@context\":\"https:\/\/schema.org\",\"@graph\":[{\"@type\":\"WebPage\",\"@id\":\"https:\/\/www.openarms.es\/ca\/fluxos-migratoris\/ruta-del-mediterrani-occidental-i-atlantica\",\"url\":\"https:\/\/www.openarms.es\/ca\/fluxos-migratoris\/ruta-del-mediterrani-occidental-i-atlantica\",\"name\":\"Ruta del Mediterrani Occidental | Open Arms\",\"isPartOf\":{\"@id\":\"https:\/\/www.openarms.es\/ca#website\"},\"primaryImageOfPage\":{\"@id\":\"https:\/\/www.openarms.es\/ca\/fluxos-migratoris\/ruta-del-mediterrani-occidental-i-atlantica#primaryimage\"},\"image\":{\"@id\":\"https:\/\/www.openarms.es\/ca\/fluxos-migratoris\/ruta-del-mediterrani-occidental-i-atlantica#primaryimage\"},\"thumbnailUrl\":\"https:\/\/www.openarms.es\/wp-content\/uploads\/2025\/07\/openarms-mediterraneo-occidental.jpg\",\"datePublished\":\"2025-07-16T14:27:29+00:00\",\"dateModified\":\"2025-07-31T17:10:01+00:00\",\"description\":\"Coneix la ruta del Mediterrani Occidental: origen i destinaci\u00f3 de milers de persones migrants des d\u2019\u00c0frica. Informa\u2019t, actua i salva vides.\",\"breadcrumb\":{\"@id\":\"https:\/\/www.openarms.es\/ca\/fluxos-migratoris\/ruta-del-mediterrani-occidental-i-atlantica#breadcrumb\"},\"inLanguage\":\"ca\",\"potentialAction\":[{\"@type\":\"ReadAction\",\"target\":[\"https:\/\/www.openarms.es\/ca\/fluxos-migratoris\/ruta-del-mediterrani-occidental-i-atlantica\"]}]},{\"@type\":\"ImageObject\",\"inLanguage\":\"ca\",\"@id\":\"https:\/\/www.openarms.es\/ca\/fluxos-migratoris\/ruta-del-mediterrani-occidental-i-atlantica#primaryimage\",\"url\":\"https:\/\/www.openarms.es\/wp-content\/uploads\/2025\/07\/openarms-mediterraneo-occidental.jpg\",\"contentUrl\":\"https:\/\/www.openarms.es\/wp-content\/uploads\/2025\/07\/openarms-mediterraneo-occidental.jpg\",\"width\":1920,\"height\":1280,\"caption\":\"Openarms mediterraneo Occidental\"},{\"@type\":\"BreadcrumbList\",\"@id\":\"https:\/\/www.openarms.es\/ca\/fluxos-migratoris\/ruta-del-mediterrani-occidental-i-atlantica#breadcrumb\",\"itemListElement\":[{\"@type\":\"ListItem\",\"position\":1,\"name\":\"Fluxos Migratoris\",\"item\":\"https:\/\/www.openarms.es\/ca\/fluxos-migratoris\"},{\"@type\":\"ListItem\",\"position\":2,\"name\":\"Mediterrani Occidental i Atl\u00e0ntica\"}]},{\"@type\":\"WebSite\",\"@id\":\"https:\/\/www.openarms.es\/ca#website\",\"url\":\"https:\/\/www.openarms.es\/ca\",\"name\":\"Open Arms\",\"description\":\"\",\"publisher\":{\"@id\":\"https:\/\/www.openarms.es\/ca#organization\"},\"potentialAction\":[{\"@type\":\"SearchAction\",\"target\":{\"@type\":\"EntryPoint\",\"urlTemplate\":\"https:\/\/www.openarms.es\/ca?s={search_term_string}\"},\"query-input\":{\"@type\":\"PropertyValueSpecification\",\"valueRequired\":true,\"valueName\":\"search_term_string\"}}],\"inLanguage\":\"ca\"},{\"@type\":\"Organization\",\"@id\":\"https:\/\/www.openarms.es\/ca#organization\",\"name\":\"Open Arms\",\"url\":\"https:\/\/www.openarms.es\/ca\",\"logo\":{\"@type\":\"ImageObject\",\"inLanguage\":\"ca\",\"@id\":\"https:\/\/www.openarms.es\/ca#\/schema\/logo\/image\/\",\"url\":\"https:\/\/www.openarms.es\/wp-content\/uploads\/2025\/03\/BRAND.svg\",\"contentUrl\":\"https:\/\/www.openarms.es\/wp-content\/uploads\/2025\/03\/BRAND.svg\",\"caption\":\"Open Arms\"},\"image\":{\"@id\":\"https:\/\/www.openarms.es\/ca#\/schema\/logo\/image\/\"}}]}<\/script>\n<!-- \/ Yoast SEO plugin. -->","yoast_head_json":{"title":"Ruta del Mediterrani Occidental | Open Arms","description":"Coneix la ruta del Mediterrani Occidental: origen i destinaci\u00f3 de milers de persones migrants des d\u2019\u00c0frica. Informa\u2019t, actua i salva vides.","robots":{"index":"index","follow":"follow","max-snippet":"max-snippet:-1","max-image-preview":"max-image-preview:large","max-video-preview":"max-video-preview:-1"},"canonical":"https:\/\/www.openarms.es\/ca\/fluxos-migratoris\/ruta-del-mediterrani-occidental-i-atlantica","og_locale":"ca_ES","og_type":"article","og_title":"Ruta del Mediterrani Occidental | Open Arms","og_description":"Coneix la ruta del Mediterrani Occidental: origen i destinaci\u00f3 de milers de persones migrants des d\u2019\u00c0frica. Informa\u2019t, actua i salva vides.","og_url":"https:\/\/www.openarms.es\/ca\/fluxos-migratoris\/ruta-del-mediterrani-occidental-i-atlantica","og_site_name":"Open Arms","article_modified_time":"2025-07-31T17:10:01+00:00","og_image":[{"width":1920,"height":1280,"url":"https:\/\/www.openarms.es\/wp-content\/uploads\/2025\/07\/openarms-mediterraneo-occidental.jpg","type":"image\/jpeg"}],"twitter_card":"summary_large_image","twitter_misc":{"Temps estimat de lectura":"2 minuts"},"schema":{"@context":"https:\/\/schema.org","@graph":[{"@type":"WebPage","@id":"https:\/\/www.openarms.es\/ca\/fluxos-migratoris\/ruta-del-mediterrani-occidental-i-atlantica","url":"https:\/\/www.openarms.es\/ca\/fluxos-migratoris\/ruta-del-mediterrani-occidental-i-atlantica","name":"Ruta del Mediterrani Occidental | Open Arms","isPartOf":{"@id":"https:\/\/www.openarms.es\/ca#website"},"primaryImageOfPage":{"@id":"https:\/\/www.openarms.es\/ca\/fluxos-migratoris\/ruta-del-mediterrani-occidental-i-atlantica#primaryimage"},"image":{"@id":"https:\/\/www.openarms.es\/ca\/fluxos-migratoris\/ruta-del-mediterrani-occidental-i-atlantica#primaryimage"},"thumbnailUrl":"https:\/\/www.openarms.es\/wp-content\/uploads\/2025\/07\/openarms-mediterraneo-occidental.jpg","datePublished":"2025-07-16T14:27:29+00:00","dateModified":"2025-07-31T17:10:01+00:00","description":"Coneix la ruta del Mediterrani Occidental: origen i destinaci\u00f3 de milers de persones migrants des d\u2019\u00c0frica. Informa\u2019t, actua i salva vides.","breadcrumb":{"@id":"https:\/\/www.openarms.es\/ca\/fluxos-migratoris\/ruta-del-mediterrani-occidental-i-atlantica#breadcrumb"},"inLanguage":"ca","potentialAction":[{"@type":"ReadAction","target":["https:\/\/www.openarms.es\/ca\/fluxos-migratoris\/ruta-del-mediterrani-occidental-i-atlantica"]}]},{"@type":"ImageObject","inLanguage":"ca","@id":"https:\/\/www.openarms.es\/ca\/fluxos-migratoris\/ruta-del-mediterrani-occidental-i-atlantica#primaryimage","url":"https:\/\/www.openarms.es\/wp-content\/uploads\/2025\/07\/openarms-mediterraneo-occidental.jpg","contentUrl":"https:\/\/www.openarms.es\/wp-content\/uploads\/2025\/07\/openarms-mediterraneo-occidental.jpg","width":1920,"height":1280,"caption":"Openarms mediterraneo Occidental"},{"@type":"BreadcrumbList","@id":"https:\/\/www.openarms.es\/ca\/fluxos-migratoris\/ruta-del-mediterrani-occidental-i-atlantica#breadcrumb","itemListElement":[{"@type":"ListItem","position":1,"name":"Fluxos Migratoris","item":"https:\/\/www.openarms.es\/ca\/fluxos-migratoris"},{"@type":"ListItem","position":2,"name":"Mediterrani Occidental i Atl\u00e0ntica"}]},{"@type":"WebSite","@id":"https:\/\/www.openarms.es\/ca#website","url":"https:\/\/www.openarms.es\/ca","name":"Open Arms","description":"","publisher":{"@id":"https:\/\/www.openarms.es\/ca#organization"},"potentialAction":[{"@type":"SearchAction","target":{"@type":"EntryPoint","urlTemplate":"https:\/\/www.openarms.es\/ca?s={search_term_string}"},"query-input":{"@type":"PropertyValueSpecification","valueRequired":true,"valueName":"search_term_string"}}],"inLanguage":"ca"},{"@type":"Organization","@id":"https:\/\/www.openarms.es\/ca#organization","name":"Open Arms","url":"https:\/\/www.openarms.es\/ca","logo":{"@type":"ImageObject","inLanguage":"ca","@id":"https:\/\/www.openarms.es\/ca#\/schema\/logo\/image\/","url":"https:\/\/www.openarms.es\/wp-content\/uploads\/2025\/03\/BRAND.svg","contentUrl":"https:\/\/www.openarms.es\/wp-content\/uploads\/2025\/03\/BRAND.svg","caption":"Open Arms"},"image":{"@id":"https:\/\/www.openarms.es\/ca#\/schema\/logo\/image\/"}}]}},"_links":{"self":[{"href":"https:\/\/www.openarms.es\/ca\/wp-json\/wp\/v2\/pages\/7004","targetHints":{"allow":["GET"]}}],"collection":[{"href":"https:\/\/www.openarms.es\/ca\/wp-json\/wp\/v2\/pages"}],"about":[{"href":"https:\/\/www.openarms.es\/ca\/wp-json\/wp\/v2\/types\/page"}],"author":[{"embeddable":true,"href":"https:\/\/www.openarms.es\/ca\/wp-json\/wp\/v2\/users\/1"}],"replies":[{"embeddable":true,"href":"https:\/\/www.openarms.es\/ca\/wp-json\/wp\/v2\/comments?post=7004"}],"version-history":[{"count":9,"href":"https:\/\/www.openarms.es\/ca\/wp-json\/wp\/v2\/pages\/7004\/revisions"}],"predecessor-version":[{"id":8212,"href":"https:\/\/www.openarms.es\/ca\/wp-json\/wp\/v2\/pages\/7004\/revisions\/8212"}],"up":[{"embeddable":true,"href":"https:\/\/www.openarms.es\/ca\/wp-json\/wp\/v2\/pages\/6951"}],"wp:featuredmedia":[{"embeddable":true,"href":"https:\/\/www.openarms.es\/ca\/wp-json\/wp\/v2\/media\/6964"}],"wp:attachment":[{"href":"https:\/\/www.openarms.es\/ca\/wp-json\/wp\/v2\/media?parent=7004"}],"curies":[{"name":"wp","href":"https:\/\/api.w.org\/{rel}","templated":true}]}}