{"id":7167,"date":"2025-07-23T08:18:32","date_gmt":"2025-07-23T08:18:32","guid":{"rendered":"https:\/\/www.openarms.es\/?page_id=7167"},"modified":"2025-07-31T09:09:40","modified_gmt":"2025-07-31T09:09:40","slug":"siria","status":"publish","type":"page","link":"https:\/\/www.openarms.es\/ca\/conflictes\/proxim-orient\/siria","title":{"rendered":"Siria"},"content":{"rendered":"\n<div class=\"wp-block-cover alignfull ebavs-header-hero-interior\" style=\"min-height:40rem;aspect-ratio:unset;\"><span aria-hidden=\"true\" class=\"wp-block-cover__background has-black-background-color has-background-dim-30 has-background-dim\"><\/span><img loading=\"lazy\" decoding=\"async\" width=\"1024\" height=\"683\" src=\"https:\/\/www.openarms.es\/wp-content\/uploads\/2025\/07\/pexels-ahmed-akacha-3313934-10629465-1024x683.jpg\" class=\"wp-block-cover__image-background wp-post-image\" alt=\"\" data-object-fit=\"cover\" srcset=\"https:\/\/www.openarms.es\/wp-content\/uploads\/2025\/07\/pexels-ahmed-akacha-3313934-10629465-1024x683.jpg 1024w, https:\/\/www.openarms.es\/wp-content\/uploads\/2025\/07\/pexels-ahmed-akacha-3313934-10629465-300x200.jpg 300w, https:\/\/www.openarms.es\/wp-content\/uploads\/2025\/07\/pexels-ahmed-akacha-3313934-10629465-768x512.jpg 768w, https:\/\/www.openarms.es\/wp-content\/uploads\/2025\/07\/pexels-ahmed-akacha-3313934-10629465-1536x1024.jpg 1536w, https:\/\/www.openarms.es\/wp-content\/uploads\/2025\/07\/pexels-ahmed-akacha-3313934-10629465-2048x1365.jpg 2048w\" sizes=\"auto, (max-width: 1024px) 100vw, 1024px\" \/><div class=\"wp-block-cover__inner-container is-layout-flow wp-block-cover-is-layout-flow\">\n<div class=\"wp-block-group alignwide has-global-padding is-layout-constrained wp-block-group-is-layout-constrained\" style=\"margin-top:auto;margin-bottom:auto\">\n<div class=\"wp-block-group has-global-padding is-content-justification-left is-layout-constrained wp-container-core-group-is-layout-b58f3518 wp-block-group-is-layout-constrained\">\n<p class=\"has-text-align-left has-base-color has-text-color has-large-font-size\" style=\"font-family:var(--wp--preset--font-family--dinnextltpro)\">CONFLICTES<\/p>\n\n\n\n<h1 class=\"wp-block-heading has-text-align-left has-base-color has-text-color has-xx-large-font-size\" style=\"margin-top:0;margin-bottom:0\">SIRIA<\/h1>\n\n\n\n<p class=\"has-base-color has-text-color has-link-color wp-elements-6782863a8b56e4751b631aad35ec47fb\" style=\"margin-top:0;margin-bottom:0\">Si creus que davant d&#8217;una guerra cal protegir la vida dels m\u00e9s vulnerables, ets dels nostres.<\/p>\n\n\n\n<div class=\"wp-block-buttons is-content-justification-left is-layout-flex wp-container-core-buttons-is-layout-fc4fd283 wp-block-buttons-is-layout-flex\">\n<div class=\"wp-block-button\"><a class=\"wp-block-button__link has-contrast-color has-base-background-color has-text-color has-background has-dinnextltpro-font-family has-custom-font-size wp-element-button\" href=\"https:\/\/help.openarms.es\/miembro-openarms\/?lang=ca\" style=\"padding-top:16px;padding-right:24px;padding-bottom:14px;padding-left:24px;font-size:clamp(0.875rem, 0.875rem + ((1vw - 0.2rem) * 0.302), 1.13rem);font-style:normal;font-weight:700;line-height:1;text-transform:uppercase\" target=\"_blank\" rel=\"noreferrer noopener\">Fes-te membre<\/a><\/div>\n<\/div>\n<\/div>\n<\/div>\n<\/div><\/div>\n\n<div class=\"wp-block-cover alignfull is-light has-parallax\" style=\"margin-top:0;margin-bottom:0;padding-top:0;padding-right:0;padding-bottom:0;padding-left:0\"><div class=\"wp-block-cover__image-background wp-image-999 has-parallax\" style=\"background-position:50% 50%;background-image:url(https:\/\/www.openarms.es\/wp-content\/themes\/openarms\/assets\/images\/openarms-texture.webp)\"><\/div><span aria-hidden=\"true\" class=\"wp-block-cover__background has-base-background-color has-background-dim-80 has-background-dim\"><\/span><div class=\"wp-block-cover__inner-container is-layout-flow wp-block-cover-is-layout-flow\">\n<div class=\"wp-block-group alignwide has-global-padding is-layout-constrained wp-container-core-group-is-layout-8257ab09 wp-block-group-is-layout-constrained\" style=\"margin-top:1rem\">\n<div class=\"wp-block-group alignwide has-global-padding is-layout-constrained wp-block-group-is-layout-constrained\"><div class=\"yoast-breadcrumbs\"><span><span><a href=\"https:\/\/www.openarms.es\/ca\/conflictes\">Conflictes<\/a><\/span> &gt; <span><a href=\"https:\/\/www.openarms.es\/ca\/conflictes\/proxim-orient\">Pr\u00f2xim Orient<\/a><\/span> &gt; <span class=\"breadcrumb_last\" aria-current=\"page\">Siria<\/span><\/span><\/div>\n\n\n<hr class=\"wp-block-separator has-text-color has-gray-color has-alpha-channel-opacity has-gray-background-color has-background is-style-default\" style=\"margin-top:1rem;margin-bottom:4rem\"\/>\n<\/div>\n<\/div>\n\n\n\n<div class=\"wp-block-group has-global-padding is-layout-constrained wp-block-group-is-layout-constrained\">\n<div class=\"wp-block-columns alignwide ebavs-space-between is-layout-flex wp-container-core-columns-is-layout-643ced6b wp-block-columns-is-layout-flex\">\n<div class=\"wp-block-column is-layout-flow wp-block-column-is-layout-flow\" style=\"flex-basis:33%\">\n<h2 class=\"wp-block-heading has-contrast-color has-text-color has-x-large-font-size\" style=\"margin-top:0\">CONTEXT<\/h2>\n<\/div>\n\n\n\n<div class=\"wp-block-column is-layout-flow wp-block-column-is-layout-flow\" style=\"flex-basis:50%\">\n<p>La guerra civil siriana va comen\u00e7ar l\u2019any 2011 amb protestes contra el r\u00e8gim de Baixar al-\u00c0ssad. Despr\u00e9s de m\u00e9s d\u2019una d\u00e8cada de conflicte, el r\u00e8gim va ser enderrocat el desembre del 2024 per una coalici\u00f3 rebel liderada per Hayat Tahrir al-Sham (HTS). Un nou govern de transici\u00f3, encap\u00e7alat per Ahmed al-Sharaa (Abu Mohammad al-Golani), va assumir el poder amb reconeixement internacional, tot i que persisteixen les den\u00fancies de viol\u00e8ncia i exclusi\u00f3 pol\u00edtica.<br\/><\/p>\n<\/div>\n<\/div>\n<\/div>\n\n\n\n<div class=\"wp-block-group has-global-padding is-layout-constrained wp-block-group-is-layout-constrained\">\n<figure class=\"wp-block-image aligncenter size-large has-custom-border\" style=\"margin-top:3rem;margin-bottom:4rem\"><img loading=\"lazy\" decoding=\"async\" width=\"1024\" height=\"683\" src=\"https:\/\/www.openarms.es\/wp-content\/uploads\/2025\/07\/pexels-ahmed-akacha-3313934-15803784-1024x683.jpg\" alt=\"\" class=\"wp-image-7234\" style=\"border-style:none;border-width:0px;border-radius:16px;aspect-ratio:16\/9;object-fit:cover\" srcset=\"https:\/\/www.openarms.es\/wp-content\/uploads\/2025\/07\/pexels-ahmed-akacha-3313934-15803784-1024x683.jpg 1024w, https:\/\/www.openarms.es\/wp-content\/uploads\/2025\/07\/pexels-ahmed-akacha-3313934-15803784-300x200.jpg 300w, https:\/\/www.openarms.es\/wp-content\/uploads\/2025\/07\/pexels-ahmed-akacha-3313934-15803784-768x512.jpg 768w, https:\/\/www.openarms.es\/wp-content\/uploads\/2025\/07\/pexels-ahmed-akacha-3313934-15803784-1536x1024.jpg 1536w, https:\/\/www.openarms.es\/wp-content\/uploads\/2025\/07\/pexels-ahmed-akacha-3313934-15803784-2048x1365.jpg 2048w\" sizes=\"auto, (max-width: 1024px) 100vw, 1024px\" \/><\/figure>\n<\/div>\n\n\n\n<div class=\"wp-block-group has-global-padding is-layout-constrained wp-block-group-is-layout-constrained\">\n<div class=\"wp-block-columns alignwide is-content-justification-space-between is-layout-flow wp-container-core-columns-is-layout-389f1a3f wp-block-columns-is-layout-flow\">\n<div class=\"wp-block-column is-layout-flow wp-block-column-is-layout-flow\" style=\"padding-right:var(--wp--preset--spacing--40);flex-basis:30%\">\n<h3 class=\"wp-block-heading has-black-color has-text-color\" style=\"margin-top:0;margin-bottom:var(--wp--preset--spacing--16);font-size:clamp(1.502rem, 1.502rem + ((1vw - 0.2rem) * 1.181), 2.5rem);\">EVOLUCI\u00d3<\/h3>\n<\/div>\n\n\n\n<div class=\"wp-block-column is-vertically-aligned-top is-layout-flow wp-block-column-is-layout-flow\" style=\"padding-right:0;padding-left:0;flex-basis:70%\">\n<ul class=\"wp-block-list\">\n<li class=\"has-small-font-size\" style=\"margin-bottom:var(--wp--preset--spacing--16)\">El govern de transici\u00f3 controla la major part del pa\u00eds, per\u00f2 afronta resist\u00e8ncia en zones com el nord-est, sota domini kurd (FDS), i Idlib, on continuen les tensions.<br\/><\/li>\n\n\n\n<li class=\"has-small-font-size\" style=\"margin-bottom:var(--wp--preset--spacing--16)\">La guerra va deixar m\u00e9s de 6 milions de despla\u00e7ats interns i entre 5 i 6 milions de refugiats, principalment durant el r\u00e8gim d\u2019al-\u00c0ssad. Encara no existeixen garanties de retorn segur.<br\/><\/li>\n\n\n\n<li class=\"has-small-font-size\" style=\"margin-bottom:var(--wp--preset--spacing--16)\">Idlib continua sent un focus de conflicte entre actors locals i forces del nou govern, en un context de crisi humanit\u00e0ria persistent.<br\/><\/li>\n\n\n\n<li class=\"has-small-font-size\">Tot i que es va proclamar la fi del conflicte, el pa\u00eds viu una etapa de repressi\u00f3, purgues i reformes econ\u00f2miques impopulars, sense una transici\u00f3 efectiva cap a la pau.<br\/><\/li>\n<\/ul>\n<\/div>\n<\/div>\n<\/div>\n\n\n\n<div class=\"wp-block-group alignfull has-global-padding is-layout-constrained wp-container-core-group-is-layout-0c9c989a wp-block-group-is-layout-constrained\" style=\"min-height:0vh;margin-top:0;margin-bottom:0;padding-top:var(--wp--preset--spacing--70);padding-right:var(--wp--preset--spacing--40);padding-bottom:var(--wp--preset--spacing--70);padding-left:var(--wp--preset--spacing--40)\">\n<div class=\"wp-block-columns are-vertically-aligned-top is-content-justification-center is-layout-flex wp-container-core-columns-is-layout-8c19c11b wp-block-columns-is-layout-flex\">\n<div class=\"wp-block-column is-vertically-aligned-top is-layout-flow wp-block-column-is-layout-flow\" style=\"flex-basis:60%\">\n<div class=\"wp-block-group has-contrast-background-color has-background has-global-padding is-layout-constrained wp-container-core-group-is-layout-a91b9633 wp-block-group-is-layout-constrained\" style=\"border-style:none;border-width:0px;border-radius:32px;padding-top:var(--wp--preset--spacing--40);padding-right:2rem;padding-bottom:var(--wp--preset--spacing--40);padding-left:2rem\">\n<h3 class=\"wp-block-heading has-text-align-center has-base-color has-text-color has-link-color wp-elements-f0ca9dc66eb2146bdb1190b1326b2229\" style=\"margin-right:0;margin-left:0;padding-right:0;padding-left:0;font-size:clamp(1.502rem, 1.502rem + ((1vw - 0.2rem) * 1.181), 2.5rem);line-height:1.15\">Si creus que tota vida ha de ser salvada, implica&#8217;t. Entre tots, en podem salvar moltes m\u00e9s.<\/h3>\n\n\n\n<div class=\"wp-block-buttons is-horizontal is-content-justification-center is-layout-flex wp-container-core-buttons-is-layout-03627597 wp-block-buttons-is-layout-flex\">\n<div class=\"wp-block-button\"><a class=\"wp-block-button__link has-contrast-color has-base-background-color has-text-color has-background has-custom-font-size wp-element-button\" href=\"https:\/\/www.openarms.es\/ca\/com-ajudar\/dona\" style=\"padding-top:16px;padding-right:24px;padding-bottom:14px;padding-left:24px;font-size:clamp(14px, 0.875rem + ((1vw - 3.2px) * 0.296), 18px);font-style:normal;font-weight:700\">DONA ARA<\/a><\/div>\n<\/div>\n<\/div>\n<\/div>\n<\/div>\n<\/div>\n<\/div><\/div>\n\n<p><\/p>\n","protected":false},"excerpt":{"rendered":"","protected":false},"author":2,"featured_media":7230,"parent":7341,"menu_order":0,"comment_status":"closed","ping_status":"closed","template":"page-interior","meta":{"content-type":"","footnotes":""},"class_list":["post-7167","page","type-page","status-publish","has-post-thumbnail","hentry"],"yoast_head":"<!-- This site is optimized with the Yoast SEO plugin v25.9 - https:\/\/yoast.com\/wordpress\/plugins\/seo\/ -->\n<title>Conflicte a S\u00edria: context i ajuda humanit\u00e0ria | Open Arms<\/title>\n<meta name=\"description\" content=\"Descobreix l\u2019origen i l\u2019evoluci\u00f3 del conflicte a S\u00edria, aix\u00ed com la manera com Open Arms actua per protegir vides.\" \/>\n<meta name=\"robots\" content=\"index, follow, max-snippet:-1, max-image-preview:large, max-video-preview:-1\" \/>\n<link rel=\"canonical\" href=\"https:\/\/www.openarms.es\/ca\/conflictes\/proxim-orient\/siria\" \/>\n<meta property=\"og:locale\" content=\"ca_ES\" \/>\n<meta property=\"og:type\" content=\"article\" \/>\n<meta property=\"og:title\" content=\"Conflicte a S\u00edria: context i ajuda humanit\u00e0ria | Open Arms\" \/>\n<meta property=\"og:description\" content=\"Descobreix l\u2019origen i l\u2019evoluci\u00f3 del conflicte a S\u00edria, aix\u00ed com la manera com Open Arms actua per protegir vides.\" \/>\n<meta property=\"og:url\" content=\"https:\/\/www.openarms.es\/ca\/conflictes\/proxim-orient\/siria\" \/>\n<meta property=\"og:site_name\" content=\"Open Arms\" \/>\n<meta property=\"article:modified_time\" content=\"2025-07-31T09:09:40+00:00\" \/>\n<meta property=\"og:image\" content=\"https:\/\/www.openarms.es\/wp-content\/uploads\/2025\/07\/pexels-ahmed-akacha-3313934-10629465-scaled.jpg\" \/>\n\t<meta property=\"og:image:width\" content=\"2560\" \/>\n\t<meta property=\"og:image:height\" content=\"1707\" \/>\n\t<meta property=\"og:image:type\" content=\"image\/jpeg\" \/>\n<meta name=\"twitter:card\" content=\"summary_large_image\" \/>\n<meta name=\"twitter:label1\" content=\"Temps estimat de lectura\" \/>\n\t<meta name=\"twitter:data1\" content=\"1 minut\" \/>\n<script type=\"application\/ld+json\" class=\"yoast-schema-graph\">{\"@context\":\"https:\/\/schema.org\",\"@graph\":[{\"@type\":\"WebPage\",\"@id\":\"https:\/\/www.openarms.es\/ca\/conflictes\/proxim-orient\/siria\",\"url\":\"https:\/\/www.openarms.es\/ca\/conflictes\/proxim-orient\/siria\",\"name\":\"Conflicte a S\u00edria: context i ajuda humanit\u00e0ria | Open Arms\",\"isPartOf\":{\"@id\":\"https:\/\/www.openarms.es\/ca#website\"},\"primaryImageOfPage\":{\"@id\":\"https:\/\/www.openarms.es\/ca\/conflictes\/proxim-orient\/siria#primaryimage\"},\"image\":{\"@id\":\"https:\/\/www.openarms.es\/ca\/conflictes\/proxim-orient\/siria#primaryimage\"},\"thumbnailUrl\":\"https:\/\/www.openarms.es\/wp-content\/uploads\/2025\/07\/pexels-ahmed-akacha-3313934-10629465-scaled.jpg\",\"datePublished\":\"2025-07-23T08:18:32+00:00\",\"dateModified\":\"2025-07-31T09:09:40+00:00\",\"description\":\"Descobreix l\u2019origen i l\u2019evoluci\u00f3 del conflicte a S\u00edria, aix\u00ed com la manera com Open Arms actua per protegir vides.\",\"breadcrumb\":{\"@id\":\"https:\/\/www.openarms.es\/ca\/conflictes\/proxim-orient\/siria#breadcrumb\"},\"inLanguage\":\"ca\",\"potentialAction\":[{\"@type\":\"ReadAction\",\"target\":[\"https:\/\/www.openarms.es\/ca\/conflictes\/proxim-orient\/siria\"]}]},{\"@type\":\"ImageObject\",\"inLanguage\":\"ca\",\"@id\":\"https:\/\/www.openarms.es\/ca\/conflictes\/proxim-orient\/siria#primaryimage\",\"url\":\"https:\/\/www.openarms.es\/wp-content\/uploads\/2025\/07\/pexels-ahmed-akacha-3313934-10629465-scaled.jpg\",\"contentUrl\":\"https:\/\/www.openarms.es\/wp-content\/uploads\/2025\/07\/pexels-ahmed-akacha-3313934-10629465-scaled.jpg\",\"width\":2560,\"height\":1707},{\"@type\":\"BreadcrumbList\",\"@id\":\"https:\/\/www.openarms.es\/ca\/conflictes\/proxim-orient\/siria#breadcrumb\",\"itemListElement\":[{\"@type\":\"ListItem\",\"position\":1,\"name\":\"Conflictes\",\"item\":\"https:\/\/www.openarms.es\/ca\/conflictes\"},{\"@type\":\"ListItem\",\"position\":2,\"name\":\"Pr\u00f2xim Orient\",\"item\":\"https:\/\/www.openarms.es\/ca\/conflictes\/proxim-orient\"},{\"@type\":\"ListItem\",\"position\":3,\"name\":\"Siria\"}]},{\"@type\":\"WebSite\",\"@id\":\"https:\/\/www.openarms.es\/ca#website\",\"url\":\"https:\/\/www.openarms.es\/ca\",\"name\":\"Open Arms\",\"description\":\"\",\"publisher\":{\"@id\":\"https:\/\/www.openarms.es\/ca#organization\"},\"potentialAction\":[{\"@type\":\"SearchAction\",\"target\":{\"@type\":\"EntryPoint\",\"urlTemplate\":\"https:\/\/www.openarms.es\/ca?s={search_term_string}\"},\"query-input\":{\"@type\":\"PropertyValueSpecification\",\"valueRequired\":true,\"valueName\":\"search_term_string\"}}],\"inLanguage\":\"ca\"},{\"@type\":\"Organization\",\"@id\":\"https:\/\/www.openarms.es\/ca#organization\",\"name\":\"Open Arms\",\"url\":\"https:\/\/www.openarms.es\/ca\",\"logo\":{\"@type\":\"ImageObject\",\"inLanguage\":\"ca\",\"@id\":\"https:\/\/www.openarms.es\/ca#\/schema\/logo\/image\/\",\"url\":\"https:\/\/www.openarms.es\/wp-content\/uploads\/2025\/03\/BRAND.svg\",\"contentUrl\":\"https:\/\/www.openarms.es\/wp-content\/uploads\/2025\/03\/BRAND.svg\",\"caption\":\"Open Arms\"},\"image\":{\"@id\":\"https:\/\/www.openarms.es\/ca#\/schema\/logo\/image\/\"}}]}<\/script>\n<!-- \/ Yoast SEO plugin. -->","yoast_head_json":{"title":"Conflicte a S\u00edria: context i ajuda humanit\u00e0ria | Open Arms","description":"Descobreix l\u2019origen i l\u2019evoluci\u00f3 del conflicte a S\u00edria, aix\u00ed com la manera com Open Arms actua per protegir vides.","robots":{"index":"index","follow":"follow","max-snippet":"max-snippet:-1","max-image-preview":"max-image-preview:large","max-video-preview":"max-video-preview:-1"},"canonical":"https:\/\/www.openarms.es\/ca\/conflictes\/proxim-orient\/siria","og_locale":"ca_ES","og_type":"article","og_title":"Conflicte a S\u00edria: context i ajuda humanit\u00e0ria | Open Arms","og_description":"Descobreix l\u2019origen i l\u2019evoluci\u00f3 del conflicte a S\u00edria, aix\u00ed com la manera com Open Arms actua per protegir vides.","og_url":"https:\/\/www.openarms.es\/ca\/conflictes\/proxim-orient\/siria","og_site_name":"Open Arms","article_modified_time":"2025-07-31T09:09:40+00:00","og_image":[{"width":2560,"height":1707,"url":"https:\/\/www.openarms.es\/wp-content\/uploads\/2025\/07\/pexels-ahmed-akacha-3313934-10629465-scaled.jpg","type":"image\/jpeg"}],"twitter_card":"summary_large_image","twitter_misc":{"Temps estimat de lectura":"1 minut"},"schema":{"@context":"https:\/\/schema.org","@graph":[{"@type":"WebPage","@id":"https:\/\/www.openarms.es\/ca\/conflictes\/proxim-orient\/siria","url":"https:\/\/www.openarms.es\/ca\/conflictes\/proxim-orient\/siria","name":"Conflicte a S\u00edria: context i ajuda humanit\u00e0ria | Open Arms","isPartOf":{"@id":"https:\/\/www.openarms.es\/ca#website"},"primaryImageOfPage":{"@id":"https:\/\/www.openarms.es\/ca\/conflictes\/proxim-orient\/siria#primaryimage"},"image":{"@id":"https:\/\/www.openarms.es\/ca\/conflictes\/proxim-orient\/siria#primaryimage"},"thumbnailUrl":"https:\/\/www.openarms.es\/wp-content\/uploads\/2025\/07\/pexels-ahmed-akacha-3313934-10629465-scaled.jpg","datePublished":"2025-07-23T08:18:32+00:00","dateModified":"2025-07-31T09:09:40+00:00","description":"Descobreix l\u2019origen i l\u2019evoluci\u00f3 del conflicte a S\u00edria, aix\u00ed com la manera com Open Arms actua per protegir vides.","breadcrumb":{"@id":"https:\/\/www.openarms.es\/ca\/conflictes\/proxim-orient\/siria#breadcrumb"},"inLanguage":"ca","potentialAction":[{"@type":"ReadAction","target":["https:\/\/www.openarms.es\/ca\/conflictes\/proxim-orient\/siria"]}]},{"@type":"ImageObject","inLanguage":"ca","@id":"https:\/\/www.openarms.es\/ca\/conflictes\/proxim-orient\/siria#primaryimage","url":"https:\/\/www.openarms.es\/wp-content\/uploads\/2025\/07\/pexels-ahmed-akacha-3313934-10629465-scaled.jpg","contentUrl":"https:\/\/www.openarms.es\/wp-content\/uploads\/2025\/07\/pexels-ahmed-akacha-3313934-10629465-scaled.jpg","width":2560,"height":1707},{"@type":"BreadcrumbList","@id":"https:\/\/www.openarms.es\/ca\/conflictes\/proxim-orient\/siria#breadcrumb","itemListElement":[{"@type":"ListItem","position":1,"name":"Conflictes","item":"https:\/\/www.openarms.es\/ca\/conflictes"},{"@type":"ListItem","position":2,"name":"Pr\u00f2xim Orient","item":"https:\/\/www.openarms.es\/ca\/conflictes\/proxim-orient"},{"@type":"ListItem","position":3,"name":"Siria"}]},{"@type":"WebSite","@id":"https:\/\/www.openarms.es\/ca#website","url":"https:\/\/www.openarms.es\/ca","name":"Open Arms","description":"","publisher":{"@id":"https:\/\/www.openarms.es\/ca#organization"},"potentialAction":[{"@type":"SearchAction","target":{"@type":"EntryPoint","urlTemplate":"https:\/\/www.openarms.es\/ca?s={search_term_string}"},"query-input":{"@type":"PropertyValueSpecification","valueRequired":true,"valueName":"search_term_string"}}],"inLanguage":"ca"},{"@type":"Organization","@id":"https:\/\/www.openarms.es\/ca#organization","name":"Open Arms","url":"https:\/\/www.openarms.es\/ca","logo":{"@type":"ImageObject","inLanguage":"ca","@id":"https:\/\/www.openarms.es\/ca#\/schema\/logo\/image\/","url":"https:\/\/www.openarms.es\/wp-content\/uploads\/2025\/03\/BRAND.svg","contentUrl":"https:\/\/www.openarms.es\/wp-content\/uploads\/2025\/03\/BRAND.svg","caption":"Open Arms"},"image":{"@id":"https:\/\/www.openarms.es\/ca#\/schema\/logo\/image\/"}}]}},"_links":{"self":[{"href":"https:\/\/www.openarms.es\/ca\/wp-json\/wp\/v2\/pages\/7167","targetHints":{"allow":["GET"]}}],"collection":[{"href":"https:\/\/www.openarms.es\/ca\/wp-json\/wp\/v2\/pages"}],"about":[{"href":"https:\/\/www.openarms.es\/ca\/wp-json\/wp\/v2\/types\/page"}],"author":[{"embeddable":true,"href":"https:\/\/www.openarms.es\/ca\/wp-json\/wp\/v2\/users\/2"}],"replies":[{"embeddable":true,"href":"https:\/\/www.openarms.es\/ca\/wp-json\/wp\/v2\/comments?post=7167"}],"version-history":[{"count":5,"href":"https:\/\/www.openarms.es\/ca\/wp-json\/wp\/v2\/pages\/7167\/revisions"}],"predecessor-version":[{"id":7996,"href":"https:\/\/www.openarms.es\/ca\/wp-json\/wp\/v2\/pages\/7167\/revisions\/7996"}],"up":[{"embeddable":true,"href":"https:\/\/www.openarms.es\/ca\/wp-json\/wp\/v2\/pages\/7341"}],"wp:featuredmedia":[{"embeddable":true,"href":"https:\/\/www.openarms.es\/ca\/wp-json\/wp\/v2\/media\/7230"}],"wp:attachment":[{"href":"https:\/\/www.openarms.es\/ca\/wp-json\/wp\/v2\/media?parent=7167"}],"curies":[{"name":"wp","href":"https:\/\/api.w.org\/{rel}","templated":true}]}}