{"id":7178,"date":"2025-07-23T08:21:09","date_gmt":"2025-07-23T08:21:09","guid":{"rendered":"https:\/\/www.openarms.es\/?page_id=7178"},"modified":"2025-07-31T09:04:51","modified_gmt":"2025-07-31T09:04:51","slug":"afganistan","status":"publish","type":"page","link":"https:\/\/www.openarms.es\/ca\/conflictes\/afganistan","title":{"rendered":"Afganistan"},"content":{"rendered":"\n<div class=\"wp-block-cover alignfull ebavs-header-hero-interior\" style=\"min-height:40rem;aspect-ratio:unset;\"><span aria-hidden=\"true\" class=\"wp-block-cover__background has-black-background-color has-background-dim-30 has-background-dim\"><\/span><img loading=\"lazy\" decoding=\"async\" width=\"1024\" height=\"597\" src=\"https:\/\/www.openarms.es\/wp-content\/uploads\/2025\/07\/conflicto-afganistan-1024x597.jpg\" class=\"wp-block-cover__image-background wp-post-image\" alt=\"Conflicto Afganistan\" data-object-fit=\"cover\" srcset=\"https:\/\/www.openarms.es\/wp-content\/uploads\/2025\/07\/conflicto-afganistan-1024x597.jpg 1024w, https:\/\/www.openarms.es\/wp-content\/uploads\/2025\/07\/conflicto-afganistan-300x175.jpg 300w, https:\/\/www.openarms.es\/wp-content\/uploads\/2025\/07\/conflicto-afganistan-768x448.jpg 768w, https:\/\/www.openarms.es\/wp-content\/uploads\/2025\/07\/conflicto-afganistan-1536x896.jpg 1536w, https:\/\/www.openarms.es\/wp-content\/uploads\/2025\/07\/conflicto-afganistan.jpg 1920w\" sizes=\"auto, (max-width: 1024px) 100vw, 1024px\" \/><div class=\"wp-block-cover__inner-container is-layout-flow wp-block-cover-is-layout-flow\">\n<div class=\"wp-block-group alignwide has-global-padding is-layout-constrained wp-block-group-is-layout-constrained\" style=\"margin-top:auto;margin-bottom:auto\">\n<div class=\"wp-block-group has-global-padding is-content-justification-left is-layout-constrained wp-container-core-group-is-layout-b58f3518 wp-block-group-is-layout-constrained\">\n<p class=\"has-text-align-left has-base-color has-text-color has-large-font-size\" style=\"font-family:var(--wp--preset--font-family--dinnextltpro)\">CONFLICTES<\/p>\n\n\n\n<h1 class=\"wp-block-heading has-text-align-left has-base-color has-text-color has-home-large-font-size\" style=\"margin-top:0;margin-bottom:0\">AFGANISTAN<\/h1>\n\n\n\n<p class=\"has-base-color has-text-color has-link-color wp-elements-6782863a8b56e4751b631aad35ec47fb\" style=\"margin-top:0;margin-bottom:0\">Si creus que davant d&#8217;una guerra cal protegir la vida dels m\u00e9s vulnerables, ets dels nostres.<\/p>\n\n\n\n<div class=\"wp-block-buttons is-content-justification-left is-layout-flex wp-container-core-buttons-is-layout-fc4fd283 wp-block-buttons-is-layout-flex\">\n<div class=\"wp-block-button\"><a class=\"wp-block-button__link has-contrast-color has-base-background-color has-text-color has-background has-dinnextltpro-font-family has-custom-font-size wp-element-button\" href=\"https:\/\/help.openarms.es\/miembro-openarms\/?lang=ca\" style=\"padding-top:16px;padding-right:24px;padding-bottom:14px;padding-left:24px;font-size:clamp(0.875rem, 0.875rem + ((1vw - 0.2rem) * 0.302), 1.13rem);font-style:normal;font-weight:700;line-height:1;text-transform:uppercase\" target=\"_blank\" rel=\"noreferrer noopener\">Fes-te membre<\/a><\/div>\n<\/div>\n<\/div>\n<\/div>\n<\/div><\/div>\n\n<div class=\"wp-block-cover alignfull is-light has-parallax\" style=\"margin-top:0;margin-bottom:0;padding-top:0;padding-right:0;padding-bottom:0;padding-left:0\"><div class=\"wp-block-cover__image-background wp-image-999 has-parallax\" style=\"background-position:50% 50%;background-image:url(https:\/\/www.openarms.es\/wp-content\/themes\/openarms\/assets\/images\/openarms-texture.webp)\"><\/div><span aria-hidden=\"true\" class=\"wp-block-cover__background has-base-background-color has-background-dim-80 has-background-dim\"><\/span><div class=\"wp-block-cover__inner-container is-layout-flow wp-block-cover-is-layout-flow\">\n<div class=\"wp-block-group alignwide has-global-padding is-layout-constrained wp-container-core-group-is-layout-8257ab09 wp-block-group-is-layout-constrained\" style=\"margin-top:1rem\">\n<div class=\"wp-block-group alignwide has-global-padding is-layout-constrained wp-block-group-is-layout-constrained\"><div class=\"yoast-breadcrumbs\"><span><span><a href=\"https:\/\/www.openarms.es\/ca\/conflictes\">Conflictes<\/a><\/span> &gt; <span class=\"breadcrumb_last\" aria-current=\"page\">Afganistan<\/span><\/span><\/div>\n\n\n<hr class=\"wp-block-separator has-text-color has-gray-color has-alpha-channel-opacity has-gray-background-color has-background is-style-default\" style=\"margin-top:1rem;margin-bottom:4rem\"\/>\n<\/div>\n<\/div>\n\n\n\n<div class=\"wp-block-group has-global-padding is-layout-constrained wp-block-group-is-layout-constrained\">\n<div class=\"wp-block-columns alignwide ebavs-space-between is-layout-flex wp-container-core-columns-is-layout-643ced6b wp-block-columns-is-layout-flex\">\n<div class=\"wp-block-column is-layout-flow wp-block-column-is-layout-flow\" style=\"flex-basis:33%\">\n<h2 class=\"wp-block-heading has-contrast-color has-text-color has-x-large-font-size\" style=\"margin-top:0\">CONTEXT<\/h2>\n<\/div>\n\n\n\n<div class=\"wp-block-column is-layout-flow wp-block-column-is-layout-flow\" style=\"flex-basis:50%\">\n<p class=\"has-dark-gray-color has-text-color has-medium-font-size\" style=\"line-height:1.14em\">L\u2019Afganistan ha patit diversos cops d\u2019estat, invasions estrangeres per part dels sovi\u00e8tics i dels nord-americans, guerres civils i l\u2019aparici\u00f3 de grups radicals isl\u00e0mics com els talibans i l\u2019ISIS-K. En concret, els talibans van reprendre el control despr\u00e9s de la retirada de les forces internacionals el 2021. Amb aix\u00f2, es van reobrir les antigues tensions i desafiaments de governabilitat, drets humans i seguretat.<br\/><\/p>\n\n\n\n<p class=\"has-dark-gray-color has-text-color has-medium-font-size\" style=\"line-height:1.14em\">El pa\u00eds continua en una situaci\u00f3 de gran inestabilitat i crisi humanit\u00e0ria, amb un futur incert que dep\u00e8n, en gran mesura, de com evolucioni la relaci\u00f3 entre l\u2019Emirat talib\u00e0, la poblaci\u00f3 afganesa i la comunitat internacional.<br\/><\/p>\n<\/div>\n<\/div>\n<\/div>\n\n\n\n<div class=\"wp-block-group has-global-padding is-layout-constrained wp-block-group-is-layout-constrained\">\n<figure class=\"wp-block-image aligncenter size-full has-custom-border\" style=\"margin-top:3rem;margin-bottom:4rem\"><img loading=\"lazy\" decoding=\"async\" width=\"1024\" height=\"683\" src=\"https:\/\/www.openarms.es\/wp-content\/uploads\/2025\/07\/34004544328_873d5611ea_o.jpg\" alt=\"\" class=\"wp-image-7247\" style=\"border-style:none;border-width:0px;border-radius:16px;aspect-ratio:16\/9;object-fit:cover\" srcset=\"https:\/\/www.openarms.es\/wp-content\/uploads\/2025\/07\/34004544328_873d5611ea_o.jpg 1024w, https:\/\/www.openarms.es\/wp-content\/uploads\/2025\/07\/34004544328_873d5611ea_o-300x200.jpg 300w, https:\/\/www.openarms.es\/wp-content\/uploads\/2025\/07\/34004544328_873d5611ea_o-768x512.jpg 768w\" sizes=\"auto, (max-width: 1024px) 100vw, 1024px\" \/><\/figure>\n<\/div>\n\n\n\n<div class=\"wp-block-group has-global-padding is-layout-constrained wp-block-group-is-layout-constrained\">\n<div class=\"wp-block-columns alignwide is-content-justification-space-between is-layout-flow wp-container-core-columns-is-layout-389f1a3f wp-block-columns-is-layout-flow\">\n<div class=\"wp-block-column is-layout-flow wp-block-column-is-layout-flow\" style=\"padding-right:var(--wp--preset--spacing--40);flex-basis:30%\">\n<h3 class=\"wp-block-heading has-black-color has-text-color\" style=\"margin-top:0;margin-bottom:var(--wp--preset--spacing--16);font-size:clamp(1.502rem, 1.502rem + ((1vw - 0.2rem) * 1.181), 2.5rem);\">Evoluci\u00f3<\/h3>\n<\/div>\n\n\n\n<div class=\"wp-block-column is-vertically-aligned-top is-layout-flow wp-block-column-is-layout-flow\" style=\"padding-right:0;padding-left:0;flex-basis:70%\">\n<ul class=\"wp-block-list\">\n<li class=\"has-small-font-size\" style=\"margin-bottom:var(--wp--preset--spacing--16)\">La viol\u00e8ncia persisteix. D\u2019una banda, hi ha la repressi\u00f3 pol\u00edtica dels talibans. De l\u2019altra, grups insurgents i terroristes, com l\u2019Estat Isl\u00e0mic del Gran Khorasan o ISIS-K, continuen perpetrant atemptats.<br\/><\/li>\n\n\n\n<li class=\"has-small-font-size\" style=\"margin-bottom:var(--wp--preset--spacing--16)\">Els drets de les dones i nenes s\u2019han vist dr\u00e0sticament retallats amb la seva anul\u00b7laci\u00f3 dins la societat, amb prohibicions d\u2019accedir a l\u2019educaci\u00f3 secund\u00e0ria i universit\u00e0ria. No poden parlar en p\u00fablic, ni tan sols treure el cap per la finestra.<br\/><\/li>\n\n\n\n<li class=\"has-small-font-size\" style=\"margin-bottom:var(--wp--preset--spacing--16)\">L\u2019ajuda internacional es va reduir o es va condicionar, cosa que va agreujar la inseguretat aliment\u00e0ria i els despla\u00e7aments interns, a m\u00e9s de l\u2019augment del nombre de refugiats a pa\u00efsos ve\u00efns com el Pakistan i l\u2019Iran.<\/li>\n<\/ul>\n<\/div>\n<\/div>\n<\/div>\n\n\n\n<div class=\"wp-block-group alignfull has-global-padding is-layout-constrained wp-container-core-group-is-layout-0c9c989a wp-block-group-is-layout-constrained\" style=\"min-height:0vh;margin-top:0;margin-bottom:0;padding-top:var(--wp--preset--spacing--70);padding-right:var(--wp--preset--spacing--40);padding-bottom:var(--wp--preset--spacing--70);padding-left:var(--wp--preset--spacing--40)\">\n<div class=\"wp-block-columns are-vertically-aligned-top is-content-justification-center is-layout-flex wp-container-core-columns-is-layout-8c19c11b wp-block-columns-is-layout-flex\">\n<div class=\"wp-block-column is-vertically-aligned-top is-layout-flow wp-block-column-is-layout-flow\" style=\"flex-basis:60%\">\n<div class=\"wp-block-group has-contrast-background-color has-background has-global-padding is-layout-constrained wp-container-core-group-is-layout-a91b9633 wp-block-group-is-layout-constrained\" style=\"border-style:none;border-width:0px;border-radius:32px;padding-top:var(--wp--preset--spacing--40);padding-right:2rem;padding-bottom:var(--wp--preset--spacing--40);padding-left:2rem\">\n<h3 class=\"wp-block-heading has-text-align-center has-base-color has-text-color has-link-color wp-elements-f0ca9dc66eb2146bdb1190b1326b2229\" style=\"margin-right:0;margin-left:0;padding-right:0;padding-left:0;font-size:clamp(1.502rem, 1.502rem + ((1vw - 0.2rem) * 1.181), 2.5rem);line-height:1.15\">Si creus que tota vida ha de ser salvada, implica&#8217;t. Entre tots, en podem salvar moltes m\u00e9s.<\/h3>\n\n\n\n<div class=\"wp-block-buttons is-horizontal is-content-justification-center is-layout-flex wp-container-core-buttons-is-layout-03627597 wp-block-buttons-is-layout-flex\">\n<div class=\"wp-block-button\"><a class=\"wp-block-button__link has-contrast-color has-base-background-color has-text-color has-background has-custom-font-size wp-element-button\" href=\"https:\/\/www.openarms.es\/ca\/com-ajudar\/dona\" style=\"padding-top:16px;padding-right:24px;padding-bottom:14px;padding-left:24px;font-size:clamp(14px, 0.875rem + ((1vw - 3.2px) * 0.296), 18px);font-style:normal;font-weight:700\">DONA ARA<\/a><\/div>\n<\/div>\n<\/div>\n<\/div>\n<\/div>\n<\/div>\n<\/div><\/div>\n\n<p><\/p>\n","protected":false},"excerpt":{"rendered":"","protected":false},"author":2,"featured_media":6920,"parent":6889,"menu_order":0,"comment_status":"closed","ping_status":"closed","template":"page-interior","meta":{"content-type":"","footnotes":""},"class_list":["post-7178","page","type-page","status-publish","has-post-thumbnail","hentry"],"yoast_head":"<!-- This site is optimized with the Yoast SEO plugin v25.9 - https:\/\/yoast.com\/wordpress\/plugins\/seo\/ -->\n<title>Afganistan: Corredors humanitaris i ajuda en guerra | Open Arms<\/title>\n<meta name=\"description\" content=\"Descobreix l\u2019origen i l\u2019evoluci\u00f3 del conflicte a l\u2019Afganistan i com actua Open Arms per protegir vides.\" \/>\n<meta name=\"robots\" content=\"index, follow, max-snippet:-1, max-image-preview:large, max-video-preview:-1\" \/>\n<link rel=\"canonical\" href=\"https:\/\/www.openarms.es\/ca\/conflictes\/afganistan\" \/>\n<meta property=\"og:locale\" content=\"ca_ES\" \/>\n<meta property=\"og:type\" content=\"article\" \/>\n<meta property=\"og:title\" content=\"Afganistan: Corredors humanitaris i ajuda en guerra | Open Arms\" \/>\n<meta property=\"og:description\" content=\"Descobreix l\u2019origen i l\u2019evoluci\u00f3 del conflicte a l\u2019Afganistan i com actua Open Arms per protegir vides.\" \/>\n<meta property=\"og:url\" content=\"https:\/\/www.openarms.es\/ca\/conflictes\/afganistan\" \/>\n<meta property=\"og:site_name\" content=\"Open Arms\" \/>\n<meta property=\"article:modified_time\" content=\"2025-07-31T09:04:51+00:00\" \/>\n<meta property=\"og:image\" content=\"https:\/\/www.openarms.es\/wp-content\/uploads\/2025\/07\/conflicto-afganistan.jpg\" \/>\n\t<meta property=\"og:image:width\" content=\"1920\" \/>\n\t<meta property=\"og:image:height\" content=\"1120\" \/>\n\t<meta property=\"og:image:type\" content=\"image\/jpeg\" \/>\n<meta name=\"twitter:card\" content=\"summary_large_image\" \/>\n<meta name=\"twitter:label1\" content=\"Temps estimat de lectura\" \/>\n\t<meta name=\"twitter:data1\" content=\"1 minut\" \/>\n<script type=\"application\/ld+json\" class=\"yoast-schema-graph\">{\"@context\":\"https:\/\/schema.org\",\"@graph\":[{\"@type\":\"WebPage\",\"@id\":\"https:\/\/www.openarms.es\/ca\/conflictes\/afganistan\",\"url\":\"https:\/\/www.openarms.es\/ca\/conflictes\/afganistan\",\"name\":\"Afganistan: Corredors humanitaris i ajuda en guerra | Open Arms\",\"isPartOf\":{\"@id\":\"https:\/\/www.openarms.es\/ca#website\"},\"primaryImageOfPage\":{\"@id\":\"https:\/\/www.openarms.es\/ca\/conflictes\/afganistan#primaryimage\"},\"image\":{\"@id\":\"https:\/\/www.openarms.es\/ca\/conflictes\/afganistan#primaryimage\"},\"thumbnailUrl\":\"https:\/\/www.openarms.es\/wp-content\/uploads\/2025\/07\/conflicto-afganistan.jpg\",\"datePublished\":\"2025-07-23T08:21:09+00:00\",\"dateModified\":\"2025-07-31T09:04:51+00:00\",\"description\":\"Descobreix l\u2019origen i l\u2019evoluci\u00f3 del conflicte a l\u2019Afganistan i com actua Open Arms per protegir vides.\",\"breadcrumb\":{\"@id\":\"https:\/\/www.openarms.es\/ca\/conflictes\/afganistan#breadcrumb\"},\"inLanguage\":\"ca\",\"potentialAction\":[{\"@type\":\"ReadAction\",\"target\":[\"https:\/\/www.openarms.es\/ca\/conflictes\/afganistan\"]}]},{\"@type\":\"ImageObject\",\"inLanguage\":\"ca\",\"@id\":\"https:\/\/www.openarms.es\/ca\/conflictes\/afganistan#primaryimage\",\"url\":\"https:\/\/www.openarms.es\/wp-content\/uploads\/2025\/07\/conflicto-afganistan.jpg\",\"contentUrl\":\"https:\/\/www.openarms.es\/wp-content\/uploads\/2025\/07\/conflicto-afganistan.jpg\",\"width\":1920,\"height\":1120,\"caption\":\"Conflicto Afganistan\"},{\"@type\":\"BreadcrumbList\",\"@id\":\"https:\/\/www.openarms.es\/ca\/conflictes\/afganistan#breadcrumb\",\"itemListElement\":[{\"@type\":\"ListItem\",\"position\":1,\"name\":\"Conflictes\",\"item\":\"https:\/\/www.openarms.es\/ca\/conflictes\"},{\"@type\":\"ListItem\",\"position\":2,\"name\":\"Afganistan\"}]},{\"@type\":\"WebSite\",\"@id\":\"https:\/\/www.openarms.es\/ca#website\",\"url\":\"https:\/\/www.openarms.es\/ca\",\"name\":\"Open Arms\",\"description\":\"\",\"publisher\":{\"@id\":\"https:\/\/www.openarms.es\/ca#organization\"},\"potentialAction\":[{\"@type\":\"SearchAction\",\"target\":{\"@type\":\"EntryPoint\",\"urlTemplate\":\"https:\/\/www.openarms.es\/ca?s={search_term_string}\"},\"query-input\":{\"@type\":\"PropertyValueSpecification\",\"valueRequired\":true,\"valueName\":\"search_term_string\"}}],\"inLanguage\":\"ca\"},{\"@type\":\"Organization\",\"@id\":\"https:\/\/www.openarms.es\/ca#organization\",\"name\":\"Open Arms\",\"url\":\"https:\/\/www.openarms.es\/ca\",\"logo\":{\"@type\":\"ImageObject\",\"inLanguage\":\"ca\",\"@id\":\"https:\/\/www.openarms.es\/ca#\/schema\/logo\/image\/\",\"url\":\"https:\/\/www.openarms.es\/wp-content\/uploads\/2025\/03\/BRAND.svg\",\"contentUrl\":\"https:\/\/www.openarms.es\/wp-content\/uploads\/2025\/03\/BRAND.svg\",\"caption\":\"Open Arms\"},\"image\":{\"@id\":\"https:\/\/www.openarms.es\/ca#\/schema\/logo\/image\/\"}}]}<\/script>\n<!-- \/ Yoast SEO plugin. -->","yoast_head_json":{"title":"Afganistan: Corredors humanitaris i ajuda en guerra | Open Arms","description":"Descobreix l\u2019origen i l\u2019evoluci\u00f3 del conflicte a l\u2019Afganistan i com actua Open Arms per protegir vides.","robots":{"index":"index","follow":"follow","max-snippet":"max-snippet:-1","max-image-preview":"max-image-preview:large","max-video-preview":"max-video-preview:-1"},"canonical":"https:\/\/www.openarms.es\/ca\/conflictes\/afganistan","og_locale":"ca_ES","og_type":"article","og_title":"Afganistan: Corredors humanitaris i ajuda en guerra | Open Arms","og_description":"Descobreix l\u2019origen i l\u2019evoluci\u00f3 del conflicte a l\u2019Afganistan i com actua Open Arms per protegir vides.","og_url":"https:\/\/www.openarms.es\/ca\/conflictes\/afganistan","og_site_name":"Open Arms","article_modified_time":"2025-07-31T09:04:51+00:00","og_image":[{"width":1920,"height":1120,"url":"https:\/\/www.openarms.es\/wp-content\/uploads\/2025\/07\/conflicto-afganistan.jpg","type":"image\/jpeg"}],"twitter_card":"summary_large_image","twitter_misc":{"Temps estimat de lectura":"1 minut"},"schema":{"@context":"https:\/\/schema.org","@graph":[{"@type":"WebPage","@id":"https:\/\/www.openarms.es\/ca\/conflictes\/afganistan","url":"https:\/\/www.openarms.es\/ca\/conflictes\/afganistan","name":"Afganistan: Corredors humanitaris i ajuda en guerra | Open Arms","isPartOf":{"@id":"https:\/\/www.openarms.es\/ca#website"},"primaryImageOfPage":{"@id":"https:\/\/www.openarms.es\/ca\/conflictes\/afganistan#primaryimage"},"image":{"@id":"https:\/\/www.openarms.es\/ca\/conflictes\/afganistan#primaryimage"},"thumbnailUrl":"https:\/\/www.openarms.es\/wp-content\/uploads\/2025\/07\/conflicto-afganistan.jpg","datePublished":"2025-07-23T08:21:09+00:00","dateModified":"2025-07-31T09:04:51+00:00","description":"Descobreix l\u2019origen i l\u2019evoluci\u00f3 del conflicte a l\u2019Afganistan i com actua Open Arms per protegir vides.","breadcrumb":{"@id":"https:\/\/www.openarms.es\/ca\/conflictes\/afganistan#breadcrumb"},"inLanguage":"ca","potentialAction":[{"@type":"ReadAction","target":["https:\/\/www.openarms.es\/ca\/conflictes\/afganistan"]}]},{"@type":"ImageObject","inLanguage":"ca","@id":"https:\/\/www.openarms.es\/ca\/conflictes\/afganistan#primaryimage","url":"https:\/\/www.openarms.es\/wp-content\/uploads\/2025\/07\/conflicto-afganistan.jpg","contentUrl":"https:\/\/www.openarms.es\/wp-content\/uploads\/2025\/07\/conflicto-afganistan.jpg","width":1920,"height":1120,"caption":"Conflicto Afganistan"},{"@type":"BreadcrumbList","@id":"https:\/\/www.openarms.es\/ca\/conflictes\/afganistan#breadcrumb","itemListElement":[{"@type":"ListItem","position":1,"name":"Conflictes","item":"https:\/\/www.openarms.es\/ca\/conflictes"},{"@type":"ListItem","position":2,"name":"Afganistan"}]},{"@type":"WebSite","@id":"https:\/\/www.openarms.es\/ca#website","url":"https:\/\/www.openarms.es\/ca","name":"Open Arms","description":"","publisher":{"@id":"https:\/\/www.openarms.es\/ca#organization"},"potentialAction":[{"@type":"SearchAction","target":{"@type":"EntryPoint","urlTemplate":"https:\/\/www.openarms.es\/ca?s={search_term_string}"},"query-input":{"@type":"PropertyValueSpecification","valueRequired":true,"valueName":"search_term_string"}}],"inLanguage":"ca"},{"@type":"Organization","@id":"https:\/\/www.openarms.es\/ca#organization","name":"Open Arms","url":"https:\/\/www.openarms.es\/ca","logo":{"@type":"ImageObject","inLanguage":"ca","@id":"https:\/\/www.openarms.es\/ca#\/schema\/logo\/image\/","url":"https:\/\/www.openarms.es\/wp-content\/uploads\/2025\/03\/BRAND.svg","contentUrl":"https:\/\/www.openarms.es\/wp-content\/uploads\/2025\/03\/BRAND.svg","caption":"Open Arms"},"image":{"@id":"https:\/\/www.openarms.es\/ca#\/schema\/logo\/image\/"}}]}},"_links":{"self":[{"href":"https:\/\/www.openarms.es\/ca\/wp-json\/wp\/v2\/pages\/7178","targetHints":{"allow":["GET"]}}],"collection":[{"href":"https:\/\/www.openarms.es\/ca\/wp-json\/wp\/v2\/pages"}],"about":[{"href":"https:\/\/www.openarms.es\/ca\/wp-json\/wp\/v2\/types\/page"}],"author":[{"embeddable":true,"href":"https:\/\/www.openarms.es\/ca\/wp-json\/wp\/v2\/users\/2"}],"replies":[{"embeddable":true,"href":"https:\/\/www.openarms.es\/ca\/wp-json\/wp\/v2\/comments?post=7178"}],"version-history":[{"count":4,"href":"https:\/\/www.openarms.es\/ca\/wp-json\/wp\/v2\/pages\/7178\/revisions"}],"predecessor-version":[{"id":7981,"href":"https:\/\/www.openarms.es\/ca\/wp-json\/wp\/v2\/pages\/7178\/revisions\/7981"}],"up":[{"embeddable":true,"href":"https:\/\/www.openarms.es\/ca\/wp-json\/wp\/v2\/pages\/6889"}],"wp:featuredmedia":[{"embeddable":true,"href":"https:\/\/www.openarms.es\/ca\/wp-json\/wp\/v2\/media\/6920"}],"wp:attachment":[{"href":"https:\/\/www.openarms.es\/ca\/wp-json\/wp\/v2\/media?parent=7178"}],"curies":[{"name":"wp","href":"https:\/\/api.w.org\/{rel}","templated":true}]}}