{"id":7200,"date":"2025-07-23T08:28:06","date_gmt":"2025-07-23T08:28:06","guid":{"rendered":"https:\/\/www.openarms.es\/?page_id=7200"},"modified":"2025-07-31T17:11:43","modified_gmt":"2025-07-31T17:11:43","slug":"ruta-del-mediterrani-oriental","status":"publish","type":"page","link":"https:\/\/www.openarms.es\/ca\/fluxos-migratoris\/ruta-del-mediterrani-oriental","title":{"rendered":"Mediterrani Oriental"},"content":{"rendered":"\n<div class=\"wp-block-cover alignfull ebavs-header-hero-interior\" style=\"min-height:40rem;aspect-ratio:unset;\"><span aria-hidden=\"true\" class=\"wp-block-cover__background has-black-background-color has-background-dim-30 has-background-dim\"><\/span><img loading=\"lazy\" decoding=\"async\" width=\"1024\" height=\"683\" src=\"https:\/\/www.openarms.es\/wp-content\/uploads\/2025\/07\/P8A9728-1024x683.jpg\" class=\"wp-block-cover__image-background wp-post-image\" alt=\"\" data-object-fit=\"cover\" srcset=\"https:\/\/www.openarms.es\/wp-content\/uploads\/2025\/07\/P8A9728-1024x683.jpg 1024w, https:\/\/www.openarms.es\/wp-content\/uploads\/2025\/07\/P8A9728-300x200.jpg 300w, https:\/\/www.openarms.es\/wp-content\/uploads\/2025\/07\/P8A9728-768x512.jpg 768w, https:\/\/www.openarms.es\/wp-content\/uploads\/2025\/07\/P8A9728-1536x1024.jpg 1536w, https:\/\/www.openarms.es\/wp-content\/uploads\/2025\/07\/P8A9728-2048x1365.jpg 2048w\" sizes=\"auto, (max-width: 1024px) 100vw, 1024px\" \/><div class=\"wp-block-cover__inner-container is-layout-flow wp-block-cover-is-layout-flow\">\n<div class=\"wp-block-group alignwide has-global-padding is-layout-constrained wp-block-group-is-layout-constrained\" style=\"margin-top:auto;margin-bottom:auto\">\n<div class=\"wp-block-group has-global-padding is-content-justification-left is-layout-constrained wp-container-core-group-is-layout-b58f3518 wp-block-group-is-layout-constrained\">\n<p class=\"has-text-align-left has-base-color has-text-color has-large-font-size\" style=\"font-family:var(--wp--preset--font-family--dinnextltpro)\">FLUXOS MIGRATORIS<\/p>\n\n\n\n<h1 class=\"wp-block-heading has-text-align-left has-base-color has-text-color has-xx-large-font-size\" style=\"margin-top:0;margin-bottom:0\">Mediterrani Oriental<\/h1>\n\n\n\n<p class=\"has-base-color has-text-color has-link-color wp-elements-042b99750a5854a85caf71a4c2fa0aa2\" style=\"margin-top:0;margin-bottom:0\">Si creus que tota vida ha de ser salvada, implica&#8217;t. Entre tots, en podem salvar moltes m\u00e9s.<\/p>\n\n\n\n<div class=\"wp-block-buttons is-content-justification-left is-layout-flex wp-container-core-buttons-is-layout-fc4fd283 wp-block-buttons-is-layout-flex\">\n<div class=\"wp-block-button\"><a class=\"wp-block-button__link has-contrast-color has-base-background-color has-text-color has-background has-dinnextltpro-font-family has-custom-font-size wp-element-button\" href=\"https:\/\/help.openarms.es\/miembro-openarms\/?lang=ca\" style=\"padding-top:16px;padding-right:24px;padding-bottom:14px;padding-left:24px;font-size:clamp(0.875rem, 0.875rem + ((1vw - 0.2rem) * 0.302), 1.13rem);font-style:normal;font-weight:700;line-height:1;text-transform:uppercase\" target=\"_blank\" rel=\"noreferrer noopener\">Fes-te membre<\/a><\/div>\n<\/div>\n<\/div>\n<\/div>\n<\/div><\/div>\n\n<div class=\"wp-block-cover alignfull is-light has-parallax\" style=\"margin-top:0;margin-bottom:0;padding-top:0;padding-right:0;padding-bottom:0;padding-left:0\"><div class=\"wp-block-cover__image-background wp-image-999 has-parallax\" style=\"background-position:50% 50%;background-image:url(https:\/\/www.openarms.es\/wp-content\/themes\/openarms\/assets\/images\/openarms-texture.webp)\"><\/div><span aria-hidden=\"true\" class=\"wp-block-cover__background has-base-background-color has-background-dim-80 has-background-dim\"><\/span><div class=\"wp-block-cover__inner-container is-layout-flow wp-block-cover-is-layout-flow\">\n<div class=\"wp-block-group alignwide has-global-padding is-layout-constrained wp-container-core-group-is-layout-8257ab09 wp-block-group-is-layout-constrained\" style=\"margin-top:1rem\">\n<div class=\"wp-block-group alignwide has-global-padding is-layout-constrained wp-block-group-is-layout-constrained\"><div class=\"yoast-breadcrumbs\"><span><span><a href=\"https:\/\/www.openarms.es\/ca\/fluxos-migratoris\">Fluxos Migratoris<\/a><\/span> &gt; <span class=\"breadcrumb_last\" aria-current=\"page\">Mediterrani Oriental<\/span><\/span><\/div>\n\n\n<hr class=\"wp-block-separator has-text-color has-gray-color has-alpha-channel-opacity has-gray-background-color has-background is-style-default\" style=\"margin-top:1rem;margin-bottom:4rem\"\/>\n<\/div>\n<\/div>\n\n\n\n<div class=\"wp-block-group has-global-padding is-layout-constrained wp-block-group-is-layout-constrained\">\n<div class=\"wp-block-columns alignwide ebavs-space-between is-layout-flex wp-container-core-columns-is-layout-643ced6b wp-block-columns-is-layout-flex\">\n<div class=\"wp-block-column is-layout-flow wp-block-column-is-layout-flow\" style=\"flex-basis:33%\">\n<h2 class=\"wp-block-heading has-contrast-color has-text-color has-x-large-font-size\" style=\"margin-top:0\">La Ruta<\/h2>\n<\/div>\n\n\n\n<div class=\"wp-block-column is-layout-flow wp-block-column-is-layout-flow\" style=\"flex-basis:50%\">\n<p class=\"has-dark-gray-color has-text-color has-medium-font-size\" style=\"line-height:1.14em\">\u00c9s la ruta que va majorit\u00e0riament des de les costes de Turquia fins a les illes gregues, tot i que tamb\u00e9 hi ha punts de sortida des de L\u00edbia i, en menor mesura, Egipte. Va tenir una gran import\u00e0ncia entre els anys 2015 i 2016, amb la crisi de les persones refugiades sirianes, \u00e8poca en qu\u00e8 arribaven centenars de milers de persones a les illes gregues.<br\/><\/p>\n\n\n\n<p class=\"has-dark-gray-color has-text-color has-medium-font-size\" style=\"line-height:1.14em\">Avui dia, les persones que segueixen aquesta ruta provenen sobretot de S\u00edria, l\u2019Afganistan, l\u2019Iraq, Eritrea, Som\u00e0lia, Eti\u00f2pia i, en menor mesura, del Sudan, el Sudan del Sud o regions m\u00e9s orientals de la RDC i Uganda. Tot i ser la ruta m\u00e9s curta cap a Europa, continua sent molt arriscada, ja que a les dificultats pr\u00f2pies del trajecte s\u2019hi afegeixen devolucions per part de la policia grega, l\u2019abandonament de persones al mar en bots inflables, etc.<br\/><\/p>\n<\/div>\n<\/div>\n<\/div>\n\n\n\n<div class=\"wp-block-group has-global-padding is-layout-constrained wp-block-group-is-layout-constrained\">\n<figure class=\"wp-block-image aligncenter size-large\"><img loading=\"lazy\" decoding=\"async\" width=\"1024\" height=\"682\" src=\"https:\/\/www.openarms.es\/wp-content\/uploads\/2025\/07\/photo1691069088-1024x682.jpeg\" alt=\"\" class=\"wp-image-8029\" srcset=\"https:\/\/www.openarms.es\/wp-content\/uploads\/2025\/07\/photo1691069088-1024x682.jpeg 1024w, https:\/\/www.openarms.es\/wp-content\/uploads\/2025\/07\/photo1691069088-300x200.jpeg 300w, https:\/\/www.openarms.es\/wp-content\/uploads\/2025\/07\/photo1691069088-768x512.jpeg 768w, https:\/\/www.openarms.es\/wp-content\/uploads\/2025\/07\/photo1691069088.jpeg 1280w\" sizes=\"auto, (max-width: 1024px) 100vw, 1024px\" \/><\/figure>\n<\/div>\n\n\n\n<div class=\"wp-block-group has-global-padding is-layout-constrained wp-block-group-is-layout-constrained\">\n<div class=\"wp-block-columns alignwide is-content-justification-space-between is-layout-flow wp-container-core-columns-is-layout-389f1a3f wp-block-columns-is-layout-flow\">\n<div class=\"wp-block-column is-layout-flow wp-block-column-is-layout-flow\" style=\"padding-right:var(--wp--preset--spacing--40);flex-basis:30%\">\n<h3 class=\"wp-block-heading has-black-color has-text-color\" style=\"margin-top:0;margin-bottom:var(--wp--preset--spacing--16);font-size:clamp(1.502rem, 1.502rem + ((1vw - 0.2rem) * 1.181), 2.5rem);\">Sortides i destinacions<\/h3>\n<\/div>\n\n\n\n<div class=\"wp-block-column is-vertically-aligned-top is-layout-flow wp-block-column-is-layout-flow\" style=\"padding-right:0;padding-left:0;flex-basis:70%\">\n<ul class=\"wp-block-list\">\n<li class=\"has-small-font-size\" style=\"margin-bottom:var(--wp--preset--spacing--16)\">El nombre m\u00e9s gran de sortides es produeix des de les costes de Turquia, concretament des de regions de l\u2019Egeu com Esmirna\/Izmir, Mugla o Bal\u0131kesir. Abans d\u2019arribar a la costa turca, sovint hi ha despla\u00e7aments per via terrestre des de S\u00edria, l\u2019Iraq, l\u2019Afganistan o l\u2019Iran.<br\/><\/li>\n\n\n\n<li class=\"has-small-font-size\" style=\"margin-bottom:var(--wp--preset--spacing--16)\">La destinaci\u00f3 s\u00f3n les illes gregues properes a la costa turca, com Lesbos, Samos, Qu\u00edos, Kos o Leros, entre d\u2019altres.<br\/><\/li>\n\n\n\n<li class=\"has-small-font-size\" style=\"margin-bottom:var(--wp--preset--spacing--16)\">Posteriorment, les persones migrants o refugiades poden intentar continuar cap a la part continental de Gr\u00e8cia i seguir el seu recorregut cap a pa\u00efsos de l\u2019Europa occidental a trav\u00e9s de l\u2019anomenada \u201cruta dels Balcans\u201d.<br\/><\/li>\n<\/ul>\n<\/div>\n<\/div>\n<\/div>\n\n\n\n<div class=\"wp-block-group has-global-padding is-layout-constrained wp-block-group-is-layout-constrained\" style=\"margin-top:var(--wp--preset--spacing--48)\">\n<div class=\"wp-block-columns alignwide is-content-justification-space-between is-layout-flow wp-container-core-columns-is-layout-389f1a3f wp-block-columns-is-layout-flow\">\n<div class=\"wp-block-column is-layout-flow wp-block-column-is-layout-flow\" style=\"padding-right:var(--wp--preset--spacing--40);flex-basis:30%\">\n<h3 class=\"wp-block-heading has-black-color has-text-color\" style=\"margin-top:0;margin-bottom:var(--wp--preset--spacing--16);font-size:clamp(1.502rem, 1.502rem + ((1vw - 0.2rem) * 1.181), 2.5rem);\">Detalls<\/h3>\n<\/div>\n\n\n\n<div class=\"wp-block-column is-vertically-aligned-top is-layout-flow wp-block-column-is-layout-flow\" style=\"padding-right:0;padding-left:0;flex-basis:70%\">\n<p class=\"has-small-font-size\">A partir del 2016, la UE i Turquia van signar un acord que va reduir significativament les arribades, tot i que les sortides han continuat produint-se, especialment de persones de nacionalitats com la siriana, l&#8217;afganesa o l&#8217;iraquiana. De fet, els anys 2022 i 2023 s\u2019ha observat un repunt en les sortides, tot i que encara molt lluny de les xifres massives del 2015 i 2016.<\/p>\n<\/div>\n<\/div>\n<\/div>\n\n\n\n<div class=\"wp-block-group alignfull has-global-padding is-layout-constrained wp-container-core-group-is-layout-0c9c989a wp-block-group-is-layout-constrained\" style=\"min-height:0vh;margin-top:0;margin-bottom:0;padding-top:var(--wp--preset--spacing--70);padding-right:var(--wp--preset--spacing--40);padding-bottom:var(--wp--preset--spacing--70);padding-left:var(--wp--preset--spacing--40)\">\n<div class=\"wp-block-columns are-vertically-aligned-top is-content-justification-center is-layout-flex wp-container-core-columns-is-layout-8c19c11b wp-block-columns-is-layout-flex\">\n<div class=\"wp-block-column is-vertically-aligned-top is-layout-flow wp-block-column-is-layout-flow\" style=\"flex-basis:60%\">\n<div class=\"wp-block-group has-contrast-background-color has-background has-global-padding is-layout-constrained wp-container-core-group-is-layout-a91b9633 wp-block-group-is-layout-constrained\" style=\"border-style:none;border-width:0px;border-radius:32px;padding-top:var(--wp--preset--spacing--40);padding-right:2rem;padding-bottom:var(--wp--preset--spacing--40);padding-left:2rem\">\n<h3 class=\"wp-block-heading has-text-align-center has-base-color has-text-color has-link-color wp-elements-f0ca9dc66eb2146bdb1190b1326b2229\" style=\"margin-right:0;margin-left:0;padding-right:0;padding-left:0;font-size:clamp(1.502rem, 1.502rem + ((1vw - 0.2rem) * 1.181), 2.5rem);line-height:1.15\">Si creus que tota vida ha de ser salvada, implica&#8217;t. Entre tots, en podem salvar moltes m\u00e9s.<\/h3>\n\n\n\n<div class=\"wp-block-buttons is-horizontal is-content-justification-center is-layout-flex wp-container-core-buttons-is-layout-03627597 wp-block-buttons-is-layout-flex\">\n<div class=\"wp-block-button\"><a class=\"wp-block-button__link has-contrast-color has-base-background-color has-text-color has-background has-custom-font-size wp-element-button\" href=\"https:\/\/www.openarms.es\/ca\/com-ajudar\/dona\" style=\"padding-top:16px;padding-right:24px;padding-bottom:14px;padding-left:24px;font-size:clamp(14px, 0.875rem + ((1vw - 3.2px) * 0.296), 18px);font-style:normal;font-weight:700\">DONA ARA<\/a><\/div>\n<\/div>\n<\/div>\n<\/div>\n<\/div>\n<\/div>\n<\/div><\/div>\n","protected":false},"excerpt":{"rendered":"","protected":false},"author":2,"featured_media":7325,"parent":6951,"menu_order":0,"comment_status":"closed","ping_status":"closed","template":"page-interior","meta":{"content-type":"","footnotes":""},"class_list":["post-7200","page","type-page","status-publish","has-post-thumbnail","hentry"],"yoast_head":"<!-- This site is optimized with the Yoast SEO plugin v25.9 - https:\/\/yoast.com\/wordpress\/plugins\/seo\/ -->\n<title>Ruta del Mediterrani Oriental | Open Arms<\/title>\n<meta name=\"description\" content=\"Coneix la ruta migrat\u00f2ria que connecta el nord d\u2019\u00c0frica amb Espanya i com Open Arms protegeix vides en el seu trajecte cap a Europa.\" \/>\n<meta name=\"robots\" content=\"index, follow, max-snippet:-1, max-image-preview:large, max-video-preview:-1\" \/>\n<link rel=\"canonical\" href=\"https:\/\/www.openarms.es\/ca\/fluxos-migratoris\/ruta-del-mediterrani-oriental\" \/>\n<meta property=\"og:locale\" content=\"ca_ES\" \/>\n<meta property=\"og:type\" content=\"article\" \/>\n<meta property=\"og:title\" content=\"Ruta del Mediterrani Oriental | Open Arms\" \/>\n<meta property=\"og:description\" content=\"Coneix la ruta migrat\u00f2ria que connecta el nord d\u2019\u00c0frica amb Espanya i com Open Arms protegeix vides en el seu trajecte cap a Europa.\" \/>\n<meta property=\"og:url\" content=\"https:\/\/www.openarms.es\/ca\/fluxos-migratoris\/ruta-del-mediterrani-oriental\" \/>\n<meta property=\"og:site_name\" content=\"Open Arms\" \/>\n<meta property=\"article:modified_time\" content=\"2025-07-31T17:11:43+00:00\" \/>\n<meta property=\"og:image\" content=\"https:\/\/www.openarms.es\/wp-content\/uploads\/2025\/07\/P8A9728-scaled.jpg\" \/>\n\t<meta property=\"og:image:width\" content=\"2560\" \/>\n\t<meta property=\"og:image:height\" content=\"1707\" \/>\n\t<meta property=\"og:image:type\" content=\"image\/jpeg\" \/>\n<meta name=\"twitter:card\" content=\"summary_large_image\" \/>\n<meta name=\"twitter:label1\" content=\"Temps estimat de lectura\" \/>\n\t<meta name=\"twitter:data1\" content=\"3 minuts\" \/>\n<script type=\"application\/ld+json\" class=\"yoast-schema-graph\">{\"@context\":\"https:\/\/schema.org\",\"@graph\":[{\"@type\":\"WebPage\",\"@id\":\"https:\/\/www.openarms.es\/ca\/fluxos-migratoris\/ruta-del-mediterrani-oriental\",\"url\":\"https:\/\/www.openarms.es\/ca\/fluxos-migratoris\/ruta-del-mediterrani-oriental\",\"name\":\"Ruta del Mediterrani Oriental | Open Arms\",\"isPartOf\":{\"@id\":\"https:\/\/www.openarms.es\/ca#website\"},\"primaryImageOfPage\":{\"@id\":\"https:\/\/www.openarms.es\/ca\/fluxos-migratoris\/ruta-del-mediterrani-oriental#primaryimage\"},\"image\":{\"@id\":\"https:\/\/www.openarms.es\/ca\/fluxos-migratoris\/ruta-del-mediterrani-oriental#primaryimage\"},\"thumbnailUrl\":\"https:\/\/www.openarms.es\/wp-content\/uploads\/2025\/07\/P8A9728-scaled.jpg\",\"datePublished\":\"2025-07-23T08:28:06+00:00\",\"dateModified\":\"2025-07-31T17:11:43+00:00\",\"description\":\"Coneix la ruta migrat\u00f2ria que connecta el nord d\u2019\u00c0frica amb Espanya i com Open Arms protegeix vides en el seu trajecte cap a Europa.\",\"breadcrumb\":{\"@id\":\"https:\/\/www.openarms.es\/ca\/fluxos-migratoris\/ruta-del-mediterrani-oriental#breadcrumb\"},\"inLanguage\":\"ca\",\"potentialAction\":[{\"@type\":\"ReadAction\",\"target\":[\"https:\/\/www.openarms.es\/ca\/fluxos-migratoris\/ruta-del-mediterrani-oriental\"]}]},{\"@type\":\"ImageObject\",\"inLanguage\":\"ca\",\"@id\":\"https:\/\/www.openarms.es\/ca\/fluxos-migratoris\/ruta-del-mediterrani-oriental#primaryimage\",\"url\":\"https:\/\/www.openarms.es\/wp-content\/uploads\/2025\/07\/P8A9728-scaled.jpg\",\"contentUrl\":\"https:\/\/www.openarms.es\/wp-content\/uploads\/2025\/07\/P8A9728-scaled.jpg\",\"width\":2560,\"height\":1707},{\"@type\":\"BreadcrumbList\",\"@id\":\"https:\/\/www.openarms.es\/ca\/fluxos-migratoris\/ruta-del-mediterrani-oriental#breadcrumb\",\"itemListElement\":[{\"@type\":\"ListItem\",\"position\":1,\"name\":\"Fluxos Migratoris\",\"item\":\"https:\/\/www.openarms.es\/ca\/fluxos-migratoris\"},{\"@type\":\"ListItem\",\"position\":2,\"name\":\"Mediterrani Oriental\"}]},{\"@type\":\"WebSite\",\"@id\":\"https:\/\/www.openarms.es\/ca#website\",\"url\":\"https:\/\/www.openarms.es\/ca\",\"name\":\"Open Arms\",\"description\":\"\",\"publisher\":{\"@id\":\"https:\/\/www.openarms.es\/ca#organization\"},\"potentialAction\":[{\"@type\":\"SearchAction\",\"target\":{\"@type\":\"EntryPoint\",\"urlTemplate\":\"https:\/\/www.openarms.es\/ca?s={search_term_string}\"},\"query-input\":{\"@type\":\"PropertyValueSpecification\",\"valueRequired\":true,\"valueName\":\"search_term_string\"}}],\"inLanguage\":\"ca\"},{\"@type\":\"Organization\",\"@id\":\"https:\/\/www.openarms.es\/ca#organization\",\"name\":\"Open Arms\",\"url\":\"https:\/\/www.openarms.es\/ca\",\"logo\":{\"@type\":\"ImageObject\",\"inLanguage\":\"ca\",\"@id\":\"https:\/\/www.openarms.es\/ca#\/schema\/logo\/image\/\",\"url\":\"https:\/\/www.openarms.es\/wp-content\/uploads\/2025\/03\/BRAND.svg\",\"contentUrl\":\"https:\/\/www.openarms.es\/wp-content\/uploads\/2025\/03\/BRAND.svg\",\"caption\":\"Open Arms\"},\"image\":{\"@id\":\"https:\/\/www.openarms.es\/ca#\/schema\/logo\/image\/\"}}]}<\/script>\n<!-- \/ Yoast SEO plugin. -->","yoast_head_json":{"title":"Ruta del Mediterrani Oriental | Open Arms","description":"Coneix la ruta migrat\u00f2ria que connecta el nord d\u2019\u00c0frica amb Espanya i com Open Arms protegeix vides en el seu trajecte cap a Europa.","robots":{"index":"index","follow":"follow","max-snippet":"max-snippet:-1","max-image-preview":"max-image-preview:large","max-video-preview":"max-video-preview:-1"},"canonical":"https:\/\/www.openarms.es\/ca\/fluxos-migratoris\/ruta-del-mediterrani-oriental","og_locale":"ca_ES","og_type":"article","og_title":"Ruta del Mediterrani Oriental | Open Arms","og_description":"Coneix la ruta migrat\u00f2ria que connecta el nord d\u2019\u00c0frica amb Espanya i com Open Arms protegeix vides en el seu trajecte cap a Europa.","og_url":"https:\/\/www.openarms.es\/ca\/fluxos-migratoris\/ruta-del-mediterrani-oriental","og_site_name":"Open Arms","article_modified_time":"2025-07-31T17:11:43+00:00","og_image":[{"width":2560,"height":1707,"url":"https:\/\/www.openarms.es\/wp-content\/uploads\/2025\/07\/P8A9728-scaled.jpg","type":"image\/jpeg"}],"twitter_card":"summary_large_image","twitter_misc":{"Temps estimat de lectura":"3 minuts"},"schema":{"@context":"https:\/\/schema.org","@graph":[{"@type":"WebPage","@id":"https:\/\/www.openarms.es\/ca\/fluxos-migratoris\/ruta-del-mediterrani-oriental","url":"https:\/\/www.openarms.es\/ca\/fluxos-migratoris\/ruta-del-mediterrani-oriental","name":"Ruta del Mediterrani Oriental | Open Arms","isPartOf":{"@id":"https:\/\/www.openarms.es\/ca#website"},"primaryImageOfPage":{"@id":"https:\/\/www.openarms.es\/ca\/fluxos-migratoris\/ruta-del-mediterrani-oriental#primaryimage"},"image":{"@id":"https:\/\/www.openarms.es\/ca\/fluxos-migratoris\/ruta-del-mediterrani-oriental#primaryimage"},"thumbnailUrl":"https:\/\/www.openarms.es\/wp-content\/uploads\/2025\/07\/P8A9728-scaled.jpg","datePublished":"2025-07-23T08:28:06+00:00","dateModified":"2025-07-31T17:11:43+00:00","description":"Coneix la ruta migrat\u00f2ria que connecta el nord d\u2019\u00c0frica amb Espanya i com Open Arms protegeix vides en el seu trajecte cap a Europa.","breadcrumb":{"@id":"https:\/\/www.openarms.es\/ca\/fluxos-migratoris\/ruta-del-mediterrani-oriental#breadcrumb"},"inLanguage":"ca","potentialAction":[{"@type":"ReadAction","target":["https:\/\/www.openarms.es\/ca\/fluxos-migratoris\/ruta-del-mediterrani-oriental"]}]},{"@type":"ImageObject","inLanguage":"ca","@id":"https:\/\/www.openarms.es\/ca\/fluxos-migratoris\/ruta-del-mediterrani-oriental#primaryimage","url":"https:\/\/www.openarms.es\/wp-content\/uploads\/2025\/07\/P8A9728-scaled.jpg","contentUrl":"https:\/\/www.openarms.es\/wp-content\/uploads\/2025\/07\/P8A9728-scaled.jpg","width":2560,"height":1707},{"@type":"BreadcrumbList","@id":"https:\/\/www.openarms.es\/ca\/fluxos-migratoris\/ruta-del-mediterrani-oriental#breadcrumb","itemListElement":[{"@type":"ListItem","position":1,"name":"Fluxos Migratoris","item":"https:\/\/www.openarms.es\/ca\/fluxos-migratoris"},{"@type":"ListItem","position":2,"name":"Mediterrani Oriental"}]},{"@type":"WebSite","@id":"https:\/\/www.openarms.es\/ca#website","url":"https:\/\/www.openarms.es\/ca","name":"Open Arms","description":"","publisher":{"@id":"https:\/\/www.openarms.es\/ca#organization"},"potentialAction":[{"@type":"SearchAction","target":{"@type":"EntryPoint","urlTemplate":"https:\/\/www.openarms.es\/ca?s={search_term_string}"},"query-input":{"@type":"PropertyValueSpecification","valueRequired":true,"valueName":"search_term_string"}}],"inLanguage":"ca"},{"@type":"Organization","@id":"https:\/\/www.openarms.es\/ca#organization","name":"Open Arms","url":"https:\/\/www.openarms.es\/ca","logo":{"@type":"ImageObject","inLanguage":"ca","@id":"https:\/\/www.openarms.es\/ca#\/schema\/logo\/image\/","url":"https:\/\/www.openarms.es\/wp-content\/uploads\/2025\/03\/BRAND.svg","contentUrl":"https:\/\/www.openarms.es\/wp-content\/uploads\/2025\/03\/BRAND.svg","caption":"Open Arms"},"image":{"@id":"https:\/\/www.openarms.es\/ca#\/schema\/logo\/image\/"}}]}},"_links":{"self":[{"href":"https:\/\/www.openarms.es\/ca\/wp-json\/wp\/v2\/pages\/7200","targetHints":{"allow":["GET"]}}],"collection":[{"href":"https:\/\/www.openarms.es\/ca\/wp-json\/wp\/v2\/pages"}],"about":[{"href":"https:\/\/www.openarms.es\/ca\/wp-json\/wp\/v2\/types\/page"}],"author":[{"embeddable":true,"href":"https:\/\/www.openarms.es\/ca\/wp-json\/wp\/v2\/users\/2"}],"replies":[{"embeddable":true,"href":"https:\/\/www.openarms.es\/ca\/wp-json\/wp\/v2\/comments?post=7200"}],"version-history":[{"count":10,"href":"https:\/\/www.openarms.es\/ca\/wp-json\/wp\/v2\/pages\/7200\/revisions"}],"predecessor-version":[{"id":8220,"href":"https:\/\/www.openarms.es\/ca\/wp-json\/wp\/v2\/pages\/7200\/revisions\/8220"}],"up":[{"embeddable":true,"href":"https:\/\/www.openarms.es\/ca\/wp-json\/wp\/v2\/pages\/6951"}],"wp:featuredmedia":[{"embeddable":true,"href":"https:\/\/www.openarms.es\/ca\/wp-json\/wp\/v2\/media\/7325"}],"wp:attachment":[{"href":"https:\/\/www.openarms.es\/ca\/wp-json\/wp\/v2\/media?parent=7200"}],"curies":[{"name":"wp","href":"https:\/\/api.w.org\/{rel}","templated":true}]}}