{"id":3003,"date":"2025-05-14T17:17:21","date_gmt":"2025-05-14T17:17:21","guid":{"rendered":"https:\/\/www.openarms.es\/?page_id=3003"},"modified":"2025-06-20T08:05:05","modified_gmt":"2025-06-20T08:05:05","slug":"valencia","status":"publish","type":"page","link":"https:\/\/www.openarms.es\/es\/que-hacemos\/misiones\/emergencias\/valencia","title":{"rendered":"DANA de Valencia"},"content":{"rendered":"\n<div class=\"wp-block-cover alignfull ebavs-header-hero-interior\" style=\"min-height:40rem;aspect-ratio:unset;\"><img loading=\"lazy\" decoding=\"async\" width=\"1024\" height=\"683\" class=\"wp-block-cover__image-background wp-image-4575 size-large\" alt=\"\" src=\"https:\/\/www.openarms.es\/wp-content\/uploads\/2025\/06\/valencia-imagen-01-1-1024x683.jpg\" style=\"object-position:48% 34%\" data-object-fit=\"cover\" data-object-position=\"48% 34%\" srcset=\"https:\/\/www.openarms.es\/wp-content\/uploads\/2025\/06\/valencia-imagen-01-1-1024x683.jpg 1024w, https:\/\/www.openarms.es\/wp-content\/uploads\/2025\/06\/valencia-imagen-01-1-300x200.jpg 300w, https:\/\/www.openarms.es\/wp-content\/uploads\/2025\/06\/valencia-imagen-01-1-768x512.jpg 768w, https:\/\/www.openarms.es\/wp-content\/uploads\/2025\/06\/valencia-imagen-01-1-1536x1024.jpg 1536w, https:\/\/www.openarms.es\/wp-content\/uploads\/2025\/06\/valencia-imagen-01-1.jpg 1920w\" sizes=\"auto, (max-width: 1024px) 100vw, 1024px\" \/><span aria-hidden=\"true\" class=\"wp-block-cover__background has-black-background-color has-background-dim-30 has-background-dim\"><\/span><div class=\"wp-block-cover__inner-container is-layout-flow wp-block-cover-is-layout-flow\">\n<div class=\"wp-block-group alignwide has-global-padding is-layout-constrained wp-block-group-is-layout-constrained\" style=\"margin-top:auto;margin-bottom:auto\">\n<div class=\"wp-block-group has-global-padding is-content-justification-left is-layout-constrained wp-container-core-group-is-layout-b58f3518 wp-block-group-is-layout-constrained\">\n<p class=\"has-text-align-left has-base-color has-text-color has-large-font-size\" style=\"font-family:var(--wp--preset--font-family--dinnextltpro)\">EMERGENCIAS<\/p>\n\n\n\n<h1 class=\"wp-block-heading has-text-align-left has-base-color has-text-color has-xx-large-font-size\" style=\"margin-top:0;margin-bottom:0\">DANA de Valencia<\/h1>\n\n\n\n<p class=\"has-base-color has-text-color has-link-color wp-elements-6656e470467a0d52fb2057f515d45471\" style=\"margin-top:0;margin-bottom:0\">Si crees que en una cat\u00e1strofe natural hay que proteger la vida de los m\u00e1s vulnerables est\u00e9n donde est\u00e9n, eres de los nuestros.<\/p>\n\n\n\n<div class=\"wp-block-buttons is-content-justification-left is-layout-flex wp-container-core-buttons-is-layout-fc4fd283 wp-block-buttons-is-layout-flex\">\n<div class=\"wp-block-button\"><a class=\"wp-block-button__link has-contrast-color has-base-background-color has-text-color has-background has-dinnextltpro-font-family has-custom-font-size wp-element-button\" href=\"https:\/\/help.openarms.es\/miembro-openarms\/?lang=es\" style=\"padding-top:16px;padding-right:24px;padding-bottom:14px;padding-left:24px;font-size:clamp(0.875rem, 0.875rem + ((1vw - 0.2rem) * 0.302), 1.13rem);font-style:normal;font-weight:700;line-height:1;text-transform:uppercase\" target=\"_blank\" rel=\"noreferrer noopener\">Hazte miembro<\/a><\/div>\n<\/div>\n<\/div>\n<\/div>\n<\/div><\/div>\n\n\n\n<div class=\"wp-block-cover alignfull is-light has-parallax\" style=\"margin-top:0;margin-bottom:0;padding-top:0;padding-right:0;padding-bottom:0;padding-left:0\"><div class=\"wp-block-cover__image-background wp-image-999 has-parallax\" style=\"background-position:50% 50%;background-image:url(https:\/\/www.openarms.es\/wp-content\/themes\/openarms\/assets\/images\/openarms-texture.webp)\"><\/div><span aria-hidden=\"true\" class=\"wp-block-cover__background has-base-background-color has-background-dim-80 has-background-dim\"><\/span><div class=\"wp-block-cover__inner-container is-layout-flow wp-block-cover-is-layout-flow\">\n<div class=\"wp-block-group alignwide has-global-padding is-layout-constrained wp-container-core-group-is-layout-8257ab09 wp-block-group-is-layout-constrained\" style=\"margin-top:1rem\">\n<div class=\"wp-block-group alignwide has-global-padding is-layout-constrained wp-block-group-is-layout-constrained\"><div class=\"yoast-breadcrumbs\"><span><span><a href=\"https:\/\/www.openarms.es\/es\/que-hacemos\">Qu\u00e9 Hacemos<\/a><\/span> &gt; <span><a href=\"https:\/\/www.openarms.es\/es\/que-hacemos\/misiones\">Misiones Humanitarias<\/a><\/span> &gt; <span><a href=\"https:\/\/www.openarms.es\/es\/que-hacemos\/misiones\/emergencias\">Emergencias<\/a><\/span> &gt; <span class=\"breadcrumb_last\" aria-current=\"page\">DANA de Valencia<\/span><\/span><\/div>\n\n\n<hr class=\"wp-block-separator has-text-color has-gray-color has-alpha-channel-opacity has-gray-background-color has-background is-style-default\" style=\"margin-top:1rem;margin-bottom:4rem\"\/>\n<\/div>\n<\/div>\n\n\n\n<div class=\"wp-block-group has-global-padding is-layout-constrained wp-block-group-is-layout-constrained\">\n<div class=\"wp-block-columns alignwide ebavs-space-between is-layout-flex wp-container-core-columns-is-layout-643ced6b wp-block-columns-is-layout-flex\">\n<div class=\"wp-block-column is-layout-flow wp-block-column-is-layout-flow\" style=\"flex-basis:33%\">\n<h2 class=\"wp-block-heading has-contrast-color has-text-color has-x-large-font-size\" style=\"margin-top:0\"><strong>DANA de Valencia<\/strong><\/h2>\n<\/div>\n\n\n\n<div class=\"wp-block-column is-layout-flow wp-block-column-is-layout-flow\" style=\"flex-basis:50%\">\n<p class=\"has-dark-gray-color has-text-color has-medium-font-size\" style=\"line-height:1.14em\">La Comunidad Valenciana sufri\u00f3 <strong>graves inundaciones a causa de una DANA<\/strong> el 29 de octubre de 2024 y los d\u00edas posteriores. La cat\u00e1strofe dej\u00f3 <strong>m\u00e1s de 200 muertes<\/strong> y afect\u00f3 a miles de personas, adem\u00e1s de provocar da\u00f1os materiales significativos. Open Arms despleg\u00f3 sus equipos en las zonas m\u00e1s afectadas desde las primeras <strong>48<\/strong> <strong>horas para ayudar en las labores de emergencia en tierra y mar.<\/strong><\/p>\n\n\n\n<p class=\"has-medium-font-size\">En tierra, Open Arms se desplaz\u00f3 a las localidades m\u00e1s afectadas: Paiporta, Massanassa, Utiel, Benet\u00faser y Alfafar. En coordinaci\u00f3n con las autoridades locales, <strong>asistieron en tareas de rescate y evacuaci\u00f3n de personas afectadas,<\/strong> as\u00ed como en el <strong>achique de agua<\/strong> en zonas subterr\u00e1neas y el suministro de materiales de emergencia.<\/p>\n\n\n\n<p class=\"has-dark-gray-color has-text-color has-medium-font-size\" style=\"line-height:1.14em\">En el mar, el barco insignia de Open Arms ayud\u00f3, bajo la coordinaci\u00f3n del operativo oficial de b\u00fasqueda, a <strong>encontrar a v\u00edctimas de la DANA.<\/strong> La colaboraci\u00f3n fue clave para responder r\u00e1pidamente a la emergencia.<\/p>\n\n\n\n<p class=\"has-dark-gray-color has-text-color has-medium-font-size\" style=\"line-height:1.14em\">La r\u00e1pida respuesta de Open Arms demuestra su compromiso con las personas en situaciones de emergencia, <strong>est\u00e9n donde est\u00e9n.<\/strong> El apoyo de la comunidad siempre es vital para poder seguir brindando ayuda en momentos cr\u00edticos.<\/p>\n<\/div>\n<\/div>\n<\/div>\n\n\n\n<div class=\"wp-block-group has-global-padding is-layout-constrained wp-block-group-is-layout-constrained\">\n<figure class=\"wp-block-image aligncenter size-large has-custom-border\" style=\"margin-top:3rem;margin-bottom:4rem\"><img loading=\"lazy\" decoding=\"async\" width=\"1024\" height=\"683\" src=\"https:\/\/www.openarms.es\/wp-content\/uploads\/2025\/06\/valencia-imagen-02-1024x683.jpg\" alt=\"Equipo DANA Valencia Open Arms\" class=\"wp-image-4570\" style=\"border-style:none;border-width:0px;border-radius:16px;aspect-ratio:16\/9;object-fit:cover\" srcset=\"https:\/\/www.openarms.es\/wp-content\/uploads\/2025\/06\/valencia-imagen-02-1024x683.jpg 1024w, https:\/\/www.openarms.es\/wp-content\/uploads\/2025\/06\/valencia-imagen-02-300x200.jpg 300w, https:\/\/www.openarms.es\/wp-content\/uploads\/2025\/06\/valencia-imagen-02-768x512.jpg 768w, https:\/\/www.openarms.es\/wp-content\/uploads\/2025\/06\/valencia-imagen-02-1536x1024.jpg 1536w, https:\/\/www.openarms.es\/wp-content\/uploads\/2025\/06\/valencia-imagen-02.jpg 1920w\" sizes=\"auto, (max-width: 1024px) 100vw, 1024px\" \/><\/figure>\n<\/div>\n\n\n\n<div class=\"wp-block-group has-global-padding is-layout-constrained wp-block-group-is-layout-constrained\">\n<hr class=\"wp-block-separator has-text-color has-contrast-color has-alpha-channel-opacity has-contrast-background-color has-background is-style-wide is-style-wide--1\" style=\"margin-top:4rem;margin-bottom:4rem\"\/>\n<\/div>\n\n\n\n<div class=\"wp-block-group alignfull has-global-padding is-layout-constrained wp-container-core-group-is-layout-0c9c989a wp-block-group-is-layout-constrained\" style=\"min-height:0vh;margin-top:0;margin-bottom:0;padding-top:var(--wp--preset--spacing--70);padding-right:var(--wp--preset--spacing--40);padding-bottom:var(--wp--preset--spacing--70);padding-left:var(--wp--preset--spacing--40)\">\n<div class=\"wp-block-columns are-vertically-aligned-top is-content-justification-center is-layout-flex wp-container-core-columns-is-layout-8c19c11b wp-block-columns-is-layout-flex\">\n<div class=\"wp-block-column is-vertically-aligned-top is-layout-flow wp-block-column-is-layout-flow\" style=\"flex-basis:60%\">\n<div class=\"wp-block-group has-contrast-background-color has-background has-global-padding is-layout-constrained wp-container-core-group-is-layout-a91b9633 wp-block-group-is-layout-constrained\" style=\"border-style:none;border-width:0px;border-radius:32px;padding-top:var(--wp--preset--spacing--40);padding-right:2rem;padding-bottom:var(--wp--preset--spacing--40);padding-left:2rem\">\n<h3 class=\"wp-block-heading has-text-align-center has-base-color has-text-color has-link-color wp-elements-6e964bcd9b7ef68f0d4ec0ae6548450b\" style=\"margin-right:0;margin-left:0;padding-right:0;padding-left:0;font-size:clamp(1.502rem, 1.502rem + ((1vw - 0.2rem) * 1.181), 2.5rem);line-height:1.15\">Seguiremos salvando vidas all\u00e1 donde corran peligro. Si apoyas lo que hacemos, impl\u00edcate.<\/h3>\n\n\n\n<div class=\"wp-block-buttons is-horizontal is-content-justification-center is-layout-flex wp-container-core-buttons-is-layout-03627597 wp-block-buttons-is-layout-flex\">\n<div class=\"wp-block-button\"><a class=\"wp-block-button__link has-contrast-color has-base-background-color has-text-color has-background has-custom-font-size wp-element-button\" href=\"https:\/\/www.openarms.es\/es\/como-ayudar\/dona\" style=\"padding-top:16px;padding-right:24px;padding-bottom:14px;padding-left:24px;font-size:clamp(14px, 0.875rem + ((1vw - 3.2px) * 0.296), 18px);font-style:normal;font-weight:700\">DONA AHORA<\/a><\/div>\n<\/div>\n<\/div>\n<\/div>\n<\/div>\n<\/div>\n<\/div><\/div>\n","protected":false},"excerpt":{"rendered":"","protected":false},"author":1,"featured_media":4575,"parent":155,"menu_order":0,"comment_status":"closed","ping_status":"closed","template":"page-interior","meta":{"content-type":"","footnotes":""},"class_list":["post-3003","page","type-page","status-publish","has-post-thumbnail","hentry"],"yoast_head":"<!-- This site is optimized with the Yoast SEO plugin v25.9 - https:\/\/yoast.com\/wordpress\/plugins\/seo\/ -->\n<title>DANA de Valencia |\u00a0Open Arms<\/title>\n<meta name=\"description\" content=\"Graves inundaciones por la DANA en octubre de 2024 causaron 200 muertes. Open Arms actu\u00f3 en tierra y mar desde el inicio.\" \/>\n<meta name=\"robots\" content=\"index, follow, max-snippet:-1, max-image-preview:large, max-video-preview:-1\" \/>\n<link rel=\"canonical\" href=\"https:\/\/www.openarms.es\/es\/que-hacemos\/misiones\/emergencias\/valencia\" \/>\n<meta property=\"og:locale\" content=\"es_ES\" \/>\n<meta property=\"og:type\" content=\"article\" \/>\n<meta property=\"og:title\" content=\"DANA de Valencia |\u00a0Open Arms\" \/>\n<meta property=\"og:description\" content=\"Graves inundaciones por la DANA en octubre de 2024 causaron 200 muertes. Open Arms actu\u00f3 en tierra y mar desde el inicio.\" \/>\n<meta property=\"og:url\" content=\"https:\/\/www.openarms.es\/es\/que-hacemos\/misiones\/emergencias\/valencia\" \/>\n<meta property=\"og:site_name\" content=\"Open Arms\" \/>\n<meta property=\"article:modified_time\" content=\"2025-06-20T08:05:05+00:00\" \/>\n<meta property=\"og:image\" content=\"https:\/\/www.openarms.es\/wp-content\/uploads\/2025\/06\/valencia-imagen-01-1.jpg\" \/>\n\t<meta property=\"og:image:width\" content=\"1920\" \/>\n\t<meta property=\"og:image:height\" content=\"1280\" \/>\n\t<meta property=\"og:image:type\" content=\"image\/jpeg\" \/>\n<meta name=\"twitter:card\" content=\"summary_large_image\" \/>\n<meta name=\"twitter:label1\" content=\"Tiempo de lectura\" \/>\n\t<meta name=\"twitter:data1\" content=\"2 minutos\" \/>\n<script type=\"application\/ld+json\" class=\"yoast-schema-graph\">{\"@context\":\"https:\/\/schema.org\",\"@graph\":[{\"@type\":\"WebPage\",\"@id\":\"https:\/\/www.openarms.es\/es\/que-hacemos\/misiones\/emergencias\/valencia\",\"url\":\"https:\/\/www.openarms.es\/es\/que-hacemos\/misiones\/emergencias\/valencia\",\"name\":\"DANA de Valencia |\u00a0Open Arms\",\"isPartOf\":{\"@id\":\"https:\/\/www.openarms.es\/es\/#website\"},\"primaryImageOfPage\":{\"@id\":\"https:\/\/www.openarms.es\/es\/que-hacemos\/misiones\/emergencias\/valencia#primaryimage\"},\"image\":{\"@id\":\"https:\/\/www.openarms.es\/es\/que-hacemos\/misiones\/emergencias\/valencia#primaryimage\"},\"thumbnailUrl\":\"https:\/\/www.openarms.es\/wp-content\/uploads\/2025\/06\/valencia-imagen-01-1.jpg\",\"datePublished\":\"2025-05-14T17:17:21+00:00\",\"dateModified\":\"2025-06-20T08:05:05+00:00\",\"description\":\"Graves inundaciones por la DANA en octubre de 2024 causaron 200 muertes. Open Arms actu\u00f3 en tierra y mar desde el inicio.\",\"breadcrumb\":{\"@id\":\"https:\/\/www.openarms.es\/es\/que-hacemos\/misiones\/emergencias\/valencia#breadcrumb\"},\"inLanguage\":\"es\",\"potentialAction\":[{\"@type\":\"ReadAction\",\"target\":[\"https:\/\/www.openarms.es\/es\/que-hacemos\/misiones\/emergencias\/valencia\"]}]},{\"@type\":\"ImageObject\",\"inLanguage\":\"es\",\"@id\":\"https:\/\/www.openarms.es\/es\/que-hacemos\/misiones\/emergencias\/valencia#primaryimage\",\"url\":\"https:\/\/www.openarms.es\/wp-content\/uploads\/2025\/06\/valencia-imagen-01-1.jpg\",\"contentUrl\":\"https:\/\/www.openarms.es\/wp-content\/uploads\/2025\/06\/valencia-imagen-01-1.jpg\",\"width\":1920,\"height\":1280},{\"@type\":\"BreadcrumbList\",\"@id\":\"https:\/\/www.openarms.es\/es\/que-hacemos\/misiones\/emergencias\/valencia#breadcrumb\",\"itemListElement\":[{\"@type\":\"ListItem\",\"position\":1,\"name\":\"Qu\u00e9 Hacemos\",\"item\":\"https:\/\/www.openarms.es\/es\/que-hacemos\"},{\"@type\":\"ListItem\",\"position\":2,\"name\":\"Misiones Humanitarias\",\"item\":\"https:\/\/www.openarms.es\/es\/que-hacemos\/misiones\"},{\"@type\":\"ListItem\",\"position\":3,\"name\":\"Emergencias\",\"item\":\"https:\/\/www.openarms.es\/es\/que-hacemos\/misiones\/emergencias\"},{\"@type\":\"ListItem\",\"position\":4,\"name\":\"DANA de Valencia\"}]},{\"@type\":\"WebSite\",\"@id\":\"https:\/\/www.openarms.es\/es\/#website\",\"url\":\"https:\/\/www.openarms.es\/es\/\",\"name\":\"Open Arms\",\"description\":\"\",\"publisher\":{\"@id\":\"https:\/\/www.openarms.es\/es\/#organization\"},\"potentialAction\":[{\"@type\":\"SearchAction\",\"target\":{\"@type\":\"EntryPoint\",\"urlTemplate\":\"https:\/\/www.openarms.es\/es\/?s={search_term_string}\"},\"query-input\":{\"@type\":\"PropertyValueSpecification\",\"valueRequired\":true,\"valueName\":\"search_term_string\"}}],\"inLanguage\":\"es\"},{\"@type\":\"Organization\",\"@id\":\"https:\/\/www.openarms.es\/es\/#organization\",\"name\":\"Open Arms\",\"url\":\"https:\/\/www.openarms.es\/es\/\",\"logo\":{\"@type\":\"ImageObject\",\"inLanguage\":\"es\",\"@id\":\"https:\/\/www.openarms.es\/es\/#\/schema\/logo\/image\/\",\"url\":\"https:\/\/www.openarms.es\/wp-content\/uploads\/2025\/03\/BRAND.svg\",\"contentUrl\":\"https:\/\/www.openarms.es\/wp-content\/uploads\/2025\/03\/BRAND.svg\",\"caption\":\"Open Arms\"},\"image\":{\"@id\":\"https:\/\/www.openarms.es\/es\/#\/schema\/logo\/image\/\"}}]}<\/script>\n<!-- \/ Yoast SEO plugin. -->","yoast_head_json":{"title":"DANA de Valencia |\u00a0Open Arms","description":"Graves inundaciones por la DANA en octubre de 2024 causaron 200 muertes. Open Arms actu\u00f3 en tierra y mar desde el inicio.","robots":{"index":"index","follow":"follow","max-snippet":"max-snippet:-1","max-image-preview":"max-image-preview:large","max-video-preview":"max-video-preview:-1"},"canonical":"https:\/\/www.openarms.es\/es\/que-hacemos\/misiones\/emergencias\/valencia","og_locale":"es_ES","og_type":"article","og_title":"DANA de Valencia |\u00a0Open Arms","og_description":"Graves inundaciones por la DANA en octubre de 2024 causaron 200 muertes. Open Arms actu\u00f3 en tierra y mar desde el inicio.","og_url":"https:\/\/www.openarms.es\/es\/que-hacemos\/misiones\/emergencias\/valencia","og_site_name":"Open Arms","article_modified_time":"2025-06-20T08:05:05+00:00","og_image":[{"width":1920,"height":1280,"url":"https:\/\/www.openarms.es\/wp-content\/uploads\/2025\/06\/valencia-imagen-01-1.jpg","type":"image\/jpeg"}],"twitter_card":"summary_large_image","twitter_misc":{"Tiempo de lectura":"2 minutos"},"schema":{"@context":"https:\/\/schema.org","@graph":[{"@type":"WebPage","@id":"https:\/\/www.openarms.es\/es\/que-hacemos\/misiones\/emergencias\/valencia","url":"https:\/\/www.openarms.es\/es\/que-hacemos\/misiones\/emergencias\/valencia","name":"DANA de Valencia |\u00a0Open Arms","isPartOf":{"@id":"https:\/\/www.openarms.es\/es\/#website"},"primaryImageOfPage":{"@id":"https:\/\/www.openarms.es\/es\/que-hacemos\/misiones\/emergencias\/valencia#primaryimage"},"image":{"@id":"https:\/\/www.openarms.es\/es\/que-hacemos\/misiones\/emergencias\/valencia#primaryimage"},"thumbnailUrl":"https:\/\/www.openarms.es\/wp-content\/uploads\/2025\/06\/valencia-imagen-01-1.jpg","datePublished":"2025-05-14T17:17:21+00:00","dateModified":"2025-06-20T08:05:05+00:00","description":"Graves inundaciones por la DANA en octubre de 2024 causaron 200 muertes. Open Arms actu\u00f3 en tierra y mar desde el inicio.","breadcrumb":{"@id":"https:\/\/www.openarms.es\/es\/que-hacemos\/misiones\/emergencias\/valencia#breadcrumb"},"inLanguage":"es","potentialAction":[{"@type":"ReadAction","target":["https:\/\/www.openarms.es\/es\/que-hacemos\/misiones\/emergencias\/valencia"]}]},{"@type":"ImageObject","inLanguage":"es","@id":"https:\/\/www.openarms.es\/es\/que-hacemos\/misiones\/emergencias\/valencia#primaryimage","url":"https:\/\/www.openarms.es\/wp-content\/uploads\/2025\/06\/valencia-imagen-01-1.jpg","contentUrl":"https:\/\/www.openarms.es\/wp-content\/uploads\/2025\/06\/valencia-imagen-01-1.jpg","width":1920,"height":1280},{"@type":"BreadcrumbList","@id":"https:\/\/www.openarms.es\/es\/que-hacemos\/misiones\/emergencias\/valencia#breadcrumb","itemListElement":[{"@type":"ListItem","position":1,"name":"Qu\u00e9 Hacemos","item":"https:\/\/www.openarms.es\/es\/que-hacemos"},{"@type":"ListItem","position":2,"name":"Misiones Humanitarias","item":"https:\/\/www.openarms.es\/es\/que-hacemos\/misiones"},{"@type":"ListItem","position":3,"name":"Emergencias","item":"https:\/\/www.openarms.es\/es\/que-hacemos\/misiones\/emergencias"},{"@type":"ListItem","position":4,"name":"DANA de Valencia"}]},{"@type":"WebSite","@id":"https:\/\/www.openarms.es\/es\/#website","url":"https:\/\/www.openarms.es\/es\/","name":"Open Arms","description":"","publisher":{"@id":"https:\/\/www.openarms.es\/es\/#organization"},"potentialAction":[{"@type":"SearchAction","target":{"@type":"EntryPoint","urlTemplate":"https:\/\/www.openarms.es\/es\/?s={search_term_string}"},"query-input":{"@type":"PropertyValueSpecification","valueRequired":true,"valueName":"search_term_string"}}],"inLanguage":"es"},{"@type":"Organization","@id":"https:\/\/www.openarms.es\/es\/#organization","name":"Open Arms","url":"https:\/\/www.openarms.es\/es\/","logo":{"@type":"ImageObject","inLanguage":"es","@id":"https:\/\/www.openarms.es\/es\/#\/schema\/logo\/image\/","url":"https:\/\/www.openarms.es\/wp-content\/uploads\/2025\/03\/BRAND.svg","contentUrl":"https:\/\/www.openarms.es\/wp-content\/uploads\/2025\/03\/BRAND.svg","caption":"Open Arms"},"image":{"@id":"https:\/\/www.openarms.es\/es\/#\/schema\/logo\/image\/"}}]}},"_links":{"self":[{"href":"https:\/\/www.openarms.es\/es\/wp-json\/wp\/v2\/pages\/3003","targetHints":{"allow":["GET"]}}],"collection":[{"href":"https:\/\/www.openarms.es\/es\/wp-json\/wp\/v2\/pages"}],"about":[{"href":"https:\/\/www.openarms.es\/es\/wp-json\/wp\/v2\/types\/page"}],"author":[{"embeddable":true,"href":"https:\/\/www.openarms.es\/es\/wp-json\/wp\/v2\/users\/1"}],"replies":[{"embeddable":true,"href":"https:\/\/www.openarms.es\/es\/wp-json\/wp\/v2\/comments?post=3003"}],"version-history":[{"count":10,"href":"https:\/\/www.openarms.es\/es\/wp-json\/wp\/v2\/pages\/3003\/revisions"}],"predecessor-version":[{"id":6428,"href":"https:\/\/www.openarms.es\/es\/wp-json\/wp\/v2\/pages\/3003\/revisions\/6428"}],"up":[{"embeddable":true,"href":"https:\/\/www.openarms.es\/es\/wp-json\/wp\/v2\/pages\/155"}],"wp:featuredmedia":[{"embeddable":true,"href":"https:\/\/www.openarms.es\/es\/wp-json\/wp\/v2\/media\/4575"}],"wp:attachment":[{"href":"https:\/\/www.openarms.es\/es\/wp-json\/wp\/v2\/media?parent=3003"}],"curies":[{"name":"wp","href":"https:\/\/api.w.org\/{rel}","templated":true}]}}