{"id":3049,"date":"2025-05-15T08:19:20","date_gmt":"2025-05-15T08:19:20","guid":{"rendered":"https:\/\/www.openarms.es\/?page_id=3049"},"modified":"2025-07-08T13:17:44","modified_gmt":"2025-07-08T13:17:44","slug":"islamabad-pakistan","status":"publish","type":"page","link":"https:\/\/www.openarms.es\/es\/que-hacemos\/misiones\/vuelos-humanitarios\/islamabad-pakistan","title":{"rendered":"Islamabad (Pakist\u00e1n)"},"content":{"rendered":"\n<div class=\"wp-block-cover alignfull ebavs-header-hero-interior\" style=\"min-height:40rem;aspect-ratio:unset;\"><span aria-hidden=\"true\" class=\"wp-block-cover__background has-black-background-color has-background-dim\"><\/span><img loading=\"lazy\" decoding=\"async\" width=\"1024\" height=\"768\" src=\"https:\/\/www.openarms.es\/wp-content\/uploads\/2025\/07\/WhatsApp-Image-2025-07-07-at-16.02.59-1024x768.jpeg\" class=\"wp-block-cover__image-background wp-post-image\" alt=\"\" data-object-fit=\"cover\" srcset=\"https:\/\/www.openarms.es\/wp-content\/uploads\/2025\/07\/WhatsApp-Image-2025-07-07-at-16.02.59-1024x768.jpeg 1024w, https:\/\/www.openarms.es\/wp-content\/uploads\/2025\/07\/WhatsApp-Image-2025-07-07-at-16.02.59-300x225.jpeg 300w, https:\/\/www.openarms.es\/wp-content\/uploads\/2025\/07\/WhatsApp-Image-2025-07-07-at-16.02.59-768x576.jpeg 768w, https:\/\/www.openarms.es\/wp-content\/uploads\/2025\/07\/WhatsApp-Image-2025-07-07-at-16.02.59-1536x1152.jpeg 1536w, https:\/\/www.openarms.es\/wp-content\/uploads\/2025\/07\/WhatsApp-Image-2025-07-07-at-16.02.59.jpeg 1600w\" sizes=\"auto, (max-width: 1024px) 100vw, 1024px\" \/><div class=\"wp-block-cover__inner-container is-layout-flow wp-block-cover-is-layout-flow\">\n<div class=\"wp-block-group alignwide has-global-padding is-layout-constrained wp-container-core-group-is-layout-a8a8a09e wp-block-group-is-layout-constrained\" style=\"margin-top:auto;margin-bottom:auto;padding-right:0;padding-left:0\">\n<div class=\"wp-block-group has-global-padding is-content-justification-left is-layout-constrained wp-container-core-group-is-layout-b58f3518 wp-block-group-is-layout-constrained\">\n<p class=\"has-text-align-left has-base-color has-text-color has-large-font-size\" style=\"text-transform:uppercase\">vuelos humanitarios<\/p>\n\n\n\n<h1 class=\"wp-block-heading has-text-align-left has-base-color has-text-color has-xx-large-font-size\" style=\"margin-top:0;margin-bottom:0\"><strong><strong><strong>Islamabad (Pakist\u00e1n)<\/strong><\/strong><\/strong><\/h1>\n\n\n\n<p class=\"has-base-color has-text-color has-link-color wp-elements-9aa9556ff795713fad3da05c1a19cba4\" style=\"margin-top:0;margin-bottom:0\">Si crees que en una guerra hay que proteger la vida de los m\u00e1s vulnerables, eres de los nuestros.<br><\/p>\n\n\n\n<div class=\"wp-block-buttons is-content-justification-left is-layout-flex wp-container-core-buttons-is-layout-fc4fd283 wp-block-buttons-is-layout-flex\">\n<div class=\"wp-block-button\"><a class=\"wp-block-button__link has-contrast-color has-base-background-color has-text-color has-background has-dinnextltpro-font-family has-custom-font-size wp-element-button\" href=\"https:\/\/help.openarms.es\/miembro-openarms\/?lang=es\" style=\"padding-top:16px;padding-right:24px;padding-bottom:14px;padding-left:24px;font-size:clamp(0.875rem, 0.875rem + ((1vw - 0.2rem) * 0.302), 1.13rem);font-style:normal;font-weight:700;line-height:1;text-transform:uppercase\" target=\"_blank\" rel=\"noreferrer noopener\">Hazte miembro<\/a><\/div>\n<\/div>\n<\/div>\n<\/div>\n<\/div><\/div>\n\n\n\n<div class=\"wp-block-cover alignfull is-light has-parallax\" style=\"margin-top:0;margin-bottom:var(--wp--preset--spacing--50);padding-top:0;padding-right:0;padding-bottom:0;padding-left:0\"><div class=\"wp-block-cover__image-background wp-image-999 has-parallax\" style=\"background-position:50% 50%;background-image:url(https:\/\/www.openarms.es\/wp-content\/themes\/openarms\/assets\/images\/openarms-texture.webp)\"><\/div><span aria-hidden=\"true\" class=\"wp-block-cover__background has-base-background-color has-background-dim-80 has-background-dim\"><\/span><div class=\"wp-block-cover__inner-container is-layout-flow wp-block-cover-is-layout-flow\">\n<div class=\"wp-block-group has-global-padding is-layout-constrained wp-block-group-is-layout-constrained\">\n<div class=\"wp-block-group has-global-padding is-layout-constrained wp-container-core-group-is-layout-8257ab09 wp-block-group-is-layout-constrained\" style=\"margin-top:1rem\"><div class=\"yoast-breadcrumbs\"><span><span><a href=\"https:\/\/www.openarms.es\/es\/que-hacemos\">Qu\u00e9 Hacemos<\/a><\/span> &gt; <span><a href=\"https:\/\/www.openarms.es\/es\/que-hacemos\/misiones\">Misiones Humanitarias<\/a><\/span> &gt; <span><a href=\"https:\/\/www.openarms.es\/es\/que-hacemos\/misiones\/vuelos-humanitarios\">Vuelos Humanitarios<\/a><\/span> &gt; <span class=\"breadcrumb_last\" aria-current=\"page\">Islamabad (Pakist\u00e1n)<\/span><\/span><\/div>\n\n\n<hr class=\"wp-block-separator has-text-color has-gray-color has-alpha-channel-opacity has-gray-background-color has-background is-style-default\" style=\"margin-top:1rem;margin-bottom:4rem\"\/>\n<\/div>\n\n\n\n<div class=\"wp-block-columns is-layout-flex wp-container-core-columns-is-layout-28f84493 wp-block-columns-is-layout-flex\">\n<div class=\"wp-block-column is-layout-flow wp-block-column-is-layout-flow\" style=\"padding-right:var(--wp--preset--spacing--70);flex-basis:40%\">\n<h2 class=\"wp-block-heading has-contrast-color has-text-color has-link-color has-medium-large-font-size wp-elements-d10f9a63ac9d5bc3926eaf8ec065aa10\" style=\"padding-right:var(--wp--preset--spacing--40)\"><strong><strong>Islamabad<\/strong><\/strong><br><\/h2>\n<\/div>\n\n\n\n<div class=\"wp-block-column is-layout-flow wp-block-column-is-layout-flow\" style=\"flex-basis:50%\">\n<p>En julio de 2022, trasladamos a 217 personas refugiadas de Afganist\u00e1n desde Islamabad (Pakist\u00e1n) al aeropuerto de Roma Fiumicino en Italia. La mayor\u00eda eran familias, mujeres y ni\u00f1os, que hu\u00edan del terror que supuso la vuelta de los talibanes a su tierra. <strong>Todas ellas encontraron una v\u00eda de salida segura y con garant\u00edas de integraci\u00f3n<\/strong> gracias a la cooperaci\u00f3n entre Open Arms y Solidaire, con la colaboraci\u00f3n de diversas organizaciones de la sociedad civil italiana, como ARCI, FCDE, Comunit\u00e0 di Sant\u2019Egidio, etc.<\/p>\n\n\n\n<p>Este corredor humanitario se enmarca dentro de nuestra iniciativa para <strong>buscar alternativas en origen<\/strong> y trabajar activamente en construir v\u00edas seguras y legales para evitar la muerte y el sufrimiento innecesario de las personas en situaci\u00f3n de vulnerabilidad. Sin estos corredores humanitarios por aire, no tendr\u00edan otra alternativa que arriesgar sus vidas en el mar.<\/p>\n<\/div>\n<\/div>\n\n\n\n<div class=\"wp-block-group alignwide has-global-padding is-layout-constrained wp-container-core-group-is-layout-82100965 wp-block-group-is-layout-constrained\" style=\"min-height:0vh;margin-top:0;margin-bottom:0;padding-top:var(--wp--preset--spacing--64);padding-right:0;padding-bottom:var(--wp--preset--spacing--64);padding-left:0\">\n<figure class=\"wp-block-image aligncenter size-full is-resized h-fixed\"><img loading=\"lazy\" decoding=\"async\" width=\"2560\" height=\"1920\" src=\"https:\/\/www.openarms.es\/wp-content\/uploads\/2025\/07\/WhatsApp-Image-2025-07-07-at-14.38.12-scaled.jpeg\" alt=\"\" class=\"wp-image-6734\" style=\"aspect-ratio:16\/9;object-fit:cover;width:auto;height:600px\" srcset=\"https:\/\/www.openarms.es\/wp-content\/uploads\/2025\/07\/WhatsApp-Image-2025-07-07-at-14.38.12-scaled.jpeg 2560w, https:\/\/www.openarms.es\/wp-content\/uploads\/2025\/07\/WhatsApp-Image-2025-07-07-at-14.38.12-300x225.jpeg 300w, https:\/\/www.openarms.es\/wp-content\/uploads\/2025\/07\/WhatsApp-Image-2025-07-07-at-14.38.12-1024x768.jpeg 1024w, https:\/\/www.openarms.es\/wp-content\/uploads\/2025\/07\/WhatsApp-Image-2025-07-07-at-14.38.12-768x576.jpeg 768w, https:\/\/www.openarms.es\/wp-content\/uploads\/2025\/07\/WhatsApp-Image-2025-07-07-at-14.38.12-1536x1152.jpeg 1536w, https:\/\/www.openarms.es\/wp-content\/uploads\/2025\/07\/WhatsApp-Image-2025-07-07-at-14.38.12-2048x1536.jpeg 2048w\" sizes=\"auto, (max-width: 2560px) 100vw, 2560px\" \/><\/figure>\n<\/div>\n\n\n\n<hr class=\"wp-block-separator has-text-color has-contrast-color has-alpha-channel-opacity has-contrast-background-color has-background\" style=\"margin-top:var(--wp--preset--spacing--24);margin-bottom:var(--wp--preset--spacing--64)\"\/>\n<\/div>\n\n\n\n<div class=\"wp-block-group alignfull has-global-padding is-layout-constrained wp-container-core-group-is-layout-74ccbb19 wp-block-group-is-layout-constrained\" style=\"min-height:0vh;margin-top:0;margin-bottom:0;padding-right:var(--wp--preset--spacing--40);padding-left:var(--wp--preset--spacing--40)\">\n<div class=\"wp-block-columns are-vertically-aligned-top is-content-justification-center is-layout-flex wp-container-core-columns-is-layout-8c19c11b wp-block-columns-is-layout-flex\">\n<div class=\"wp-block-column is-vertically-aligned-top is-layout-flow wp-block-column-is-layout-flow\" style=\"flex-basis:60%\">\n<div class=\"wp-block-group has-contrast-background-color has-background has-global-padding is-layout-constrained wp-container-core-group-is-layout-a91b9633 wp-block-group-is-layout-constrained\" style=\"border-style:none;border-width:0px;border-radius:32px;padding-top:var(--wp--preset--spacing--40);padding-right:2rem;padding-bottom:var(--wp--preset--spacing--40);padding-left:2rem\">\n<h3 class=\"wp-block-heading has-text-align-center has-base-color has-text-color has-link-color wp-elements-aa110e7ffc76eb5589bbd36b67787cee\" style=\"margin-right:0;margin-left:0;padding-right:0;padding-left:0;font-size:clamp(1.502rem, 1.502rem + ((1vw - 0.2rem) * 1.181), 2.5rem);line-height:1.15\">Si crees que toda vida debe ser salvada, impl\u00edcate. Entre todos, podemos salvar muchas m\u00e1s.<\/h3>\n\n\n\n<div class=\"wp-block-buttons is-horizontal is-content-justification-center is-layout-flex wp-container-core-buttons-is-layout-03627597 wp-block-buttons-is-layout-flex\">\n<div class=\"wp-block-button\"><a class=\"wp-block-button__link has-contrast-color has-base-background-color has-text-color has-background has-custom-font-size wp-element-button\" href=\"https:\/\/www.openarms.es\/como-ayudar\/dona\" style=\"padding-top:16px;padding-right:24px;padding-bottom:14px;padding-left:24px;font-size:clamp(14px, 0.875rem + ((1vw - 3.2px) * 0.296), 18px);font-style:normal;font-weight:700\">DONA AHORA<\/a><\/div>\n<\/div>\n<\/div>\n<\/div>\n<\/div>\n<\/div>\n<\/div><\/div>\n","protected":false},"excerpt":{"rendered":"","protected":false},"author":1,"featured_media":6728,"parent":199,"menu_order":0,"comment_status":"closed","ping_status":"closed","template":"page-interior","meta":{"content-type":"","footnotes":""},"class_list":["post-3049","page","type-page","status-publish","has-post-thumbnail","hentry"],"yoast_head":"<!-- This site is optimized with the Yoast SEO plugin v25.9 - https:\/\/yoast.com\/wordpress\/plugins\/seo\/ -->\n<title>Islamabad: Corredor a\u00e9reo para familias afganas | Open Arms<\/title>\n<meta name=\"description\" content=\"Open Arms traslad\u00f3 a 217 personas desde Pakist\u00e1n a Italia. Una v\u00eda segura para familias afganas que hu\u00edan del r\u00e9gimen talib\u00e1n.\" \/>\n<meta name=\"robots\" content=\"index, follow, max-snippet:-1, max-image-preview:large, max-video-preview:-1\" \/>\n<link rel=\"canonical\" href=\"https:\/\/www.openarms.es\/es\/que-hacemos\/misiones\/vuelos-humanitarios\/islamabad-pakistan\" \/>\n<meta property=\"og:locale\" content=\"es_ES\" \/>\n<meta property=\"og:type\" content=\"article\" \/>\n<meta property=\"og:title\" content=\"Islamabad: Corredor a\u00e9reo para familias afganas | Open Arms\" \/>\n<meta property=\"og:description\" content=\"Open Arms traslad\u00f3 a 217 personas desde Pakist\u00e1n a Italia. Una v\u00eda segura para familias afganas que hu\u00edan del r\u00e9gimen talib\u00e1n.\" \/>\n<meta property=\"og:url\" content=\"https:\/\/www.openarms.es\/es\/que-hacemos\/misiones\/vuelos-humanitarios\/islamabad-pakistan\" \/>\n<meta property=\"og:site_name\" content=\"Open Arms\" \/>\n<meta property=\"article:modified_time\" content=\"2025-07-08T13:17:44+00:00\" \/>\n<meta property=\"og:image\" content=\"https:\/\/www.openarms.es\/wp-content\/uploads\/2025\/07\/WhatsApp-Image-2025-07-07-at-16.02.59.jpeg\" \/>\n\t<meta property=\"og:image:width\" content=\"1600\" \/>\n\t<meta property=\"og:image:height\" content=\"1200\" \/>\n\t<meta property=\"og:image:type\" content=\"image\/jpeg\" \/>\n<meta name=\"twitter:card\" content=\"summary_large_image\" \/>\n<meta name=\"twitter:label1\" content=\"Tiempo de lectura\" \/>\n\t<meta name=\"twitter:data1\" content=\"2 minutos\" \/>\n<script type=\"application\/ld+json\" class=\"yoast-schema-graph\">{\"@context\":\"https:\/\/schema.org\",\"@graph\":[{\"@type\":\"WebPage\",\"@id\":\"https:\/\/www.openarms.es\/es\/que-hacemos\/misiones\/vuelos-humanitarios\/islamabad-pakistan\",\"url\":\"https:\/\/www.openarms.es\/es\/que-hacemos\/misiones\/vuelos-humanitarios\/islamabad-pakistan\",\"name\":\"Islamabad: Corredor a\u00e9reo para familias afganas | Open Arms\",\"isPartOf\":{\"@id\":\"https:\/\/www.openarms.es\/es\/#website\"},\"primaryImageOfPage\":{\"@id\":\"https:\/\/www.openarms.es\/es\/que-hacemos\/misiones\/vuelos-humanitarios\/islamabad-pakistan#primaryimage\"},\"image\":{\"@id\":\"https:\/\/www.openarms.es\/es\/que-hacemos\/misiones\/vuelos-humanitarios\/islamabad-pakistan#primaryimage\"},\"thumbnailUrl\":\"https:\/\/www.openarms.es\/wp-content\/uploads\/2025\/07\/WhatsApp-Image-2025-07-07-at-16.02.59.jpeg\",\"datePublished\":\"2025-05-15T08:19:20+00:00\",\"dateModified\":\"2025-07-08T13:17:44+00:00\",\"description\":\"Open Arms traslad\u00f3 a 217 personas desde Pakist\u00e1n a Italia. Una v\u00eda segura para familias afganas que hu\u00edan del r\u00e9gimen talib\u00e1n.\",\"breadcrumb\":{\"@id\":\"https:\/\/www.openarms.es\/es\/que-hacemos\/misiones\/vuelos-humanitarios\/islamabad-pakistan#breadcrumb\"},\"inLanguage\":\"es\",\"potentialAction\":[{\"@type\":\"ReadAction\",\"target\":[\"https:\/\/www.openarms.es\/es\/que-hacemos\/misiones\/vuelos-humanitarios\/islamabad-pakistan\"]}]},{\"@type\":\"ImageObject\",\"inLanguage\":\"es\",\"@id\":\"https:\/\/www.openarms.es\/es\/que-hacemos\/misiones\/vuelos-humanitarios\/islamabad-pakistan#primaryimage\",\"url\":\"https:\/\/www.openarms.es\/wp-content\/uploads\/2025\/07\/WhatsApp-Image-2025-07-07-at-16.02.59.jpeg\",\"contentUrl\":\"https:\/\/www.openarms.es\/wp-content\/uploads\/2025\/07\/WhatsApp-Image-2025-07-07-at-16.02.59.jpeg\",\"width\":1600,\"height\":1200},{\"@type\":\"BreadcrumbList\",\"@id\":\"https:\/\/www.openarms.es\/es\/que-hacemos\/misiones\/vuelos-humanitarios\/islamabad-pakistan#breadcrumb\",\"itemListElement\":[{\"@type\":\"ListItem\",\"position\":1,\"name\":\"Qu\u00e9 Hacemos\",\"item\":\"https:\/\/www.openarms.es\/es\/que-hacemos\"},{\"@type\":\"ListItem\",\"position\":2,\"name\":\"Misiones Humanitarias\",\"item\":\"https:\/\/www.openarms.es\/es\/que-hacemos\/misiones\"},{\"@type\":\"ListItem\",\"position\":3,\"name\":\"Vuelos Humanitarios\",\"item\":\"https:\/\/www.openarms.es\/es\/que-hacemos\/misiones\/vuelos-humanitarios\"},{\"@type\":\"ListItem\",\"position\":4,\"name\":\"Islamabad (Pakist\u00e1n)\"}]},{\"@type\":\"WebSite\",\"@id\":\"https:\/\/www.openarms.es\/es\/#website\",\"url\":\"https:\/\/www.openarms.es\/es\/\",\"name\":\"Open Arms\",\"description\":\"\",\"publisher\":{\"@id\":\"https:\/\/www.openarms.es\/es\/#organization\"},\"potentialAction\":[{\"@type\":\"SearchAction\",\"target\":{\"@type\":\"EntryPoint\",\"urlTemplate\":\"https:\/\/www.openarms.es\/es\/?s={search_term_string}\"},\"query-input\":{\"@type\":\"PropertyValueSpecification\",\"valueRequired\":true,\"valueName\":\"search_term_string\"}}],\"inLanguage\":\"es\"},{\"@type\":\"Organization\",\"@id\":\"https:\/\/www.openarms.es\/es\/#organization\",\"name\":\"Open Arms\",\"url\":\"https:\/\/www.openarms.es\/es\/\",\"logo\":{\"@type\":\"ImageObject\",\"inLanguage\":\"es\",\"@id\":\"https:\/\/www.openarms.es\/es\/#\/schema\/logo\/image\/\",\"url\":\"https:\/\/www.openarms.es\/wp-content\/uploads\/2025\/03\/BRAND.svg\",\"contentUrl\":\"https:\/\/www.openarms.es\/wp-content\/uploads\/2025\/03\/BRAND.svg\",\"caption\":\"Open Arms\"},\"image\":{\"@id\":\"https:\/\/www.openarms.es\/es\/#\/schema\/logo\/image\/\"}}]}<\/script>\n<!-- \/ Yoast SEO plugin. -->","yoast_head_json":{"title":"Islamabad: Corredor a\u00e9reo para familias afganas | Open Arms","description":"Open Arms traslad\u00f3 a 217 personas desde Pakist\u00e1n a Italia. Una v\u00eda segura para familias afganas que hu\u00edan del r\u00e9gimen talib\u00e1n.","robots":{"index":"index","follow":"follow","max-snippet":"max-snippet:-1","max-image-preview":"max-image-preview:large","max-video-preview":"max-video-preview:-1"},"canonical":"https:\/\/www.openarms.es\/es\/que-hacemos\/misiones\/vuelos-humanitarios\/islamabad-pakistan","og_locale":"es_ES","og_type":"article","og_title":"Islamabad: Corredor a\u00e9reo para familias afganas | Open Arms","og_description":"Open Arms traslad\u00f3 a 217 personas desde Pakist\u00e1n a Italia. Una v\u00eda segura para familias afganas que hu\u00edan del r\u00e9gimen talib\u00e1n.","og_url":"https:\/\/www.openarms.es\/es\/que-hacemos\/misiones\/vuelos-humanitarios\/islamabad-pakistan","og_site_name":"Open Arms","article_modified_time":"2025-07-08T13:17:44+00:00","og_image":[{"width":1600,"height":1200,"url":"https:\/\/www.openarms.es\/wp-content\/uploads\/2025\/07\/WhatsApp-Image-2025-07-07-at-16.02.59.jpeg","type":"image\/jpeg"}],"twitter_card":"summary_large_image","twitter_misc":{"Tiempo de lectura":"2 minutos"},"schema":{"@context":"https:\/\/schema.org","@graph":[{"@type":"WebPage","@id":"https:\/\/www.openarms.es\/es\/que-hacemos\/misiones\/vuelos-humanitarios\/islamabad-pakistan","url":"https:\/\/www.openarms.es\/es\/que-hacemos\/misiones\/vuelos-humanitarios\/islamabad-pakistan","name":"Islamabad: Corredor a\u00e9reo para familias afganas | Open Arms","isPartOf":{"@id":"https:\/\/www.openarms.es\/es\/#website"},"primaryImageOfPage":{"@id":"https:\/\/www.openarms.es\/es\/que-hacemos\/misiones\/vuelos-humanitarios\/islamabad-pakistan#primaryimage"},"image":{"@id":"https:\/\/www.openarms.es\/es\/que-hacemos\/misiones\/vuelos-humanitarios\/islamabad-pakistan#primaryimage"},"thumbnailUrl":"https:\/\/www.openarms.es\/wp-content\/uploads\/2025\/07\/WhatsApp-Image-2025-07-07-at-16.02.59.jpeg","datePublished":"2025-05-15T08:19:20+00:00","dateModified":"2025-07-08T13:17:44+00:00","description":"Open Arms traslad\u00f3 a 217 personas desde Pakist\u00e1n a Italia. Una v\u00eda segura para familias afganas que hu\u00edan del r\u00e9gimen talib\u00e1n.","breadcrumb":{"@id":"https:\/\/www.openarms.es\/es\/que-hacemos\/misiones\/vuelos-humanitarios\/islamabad-pakistan#breadcrumb"},"inLanguage":"es","potentialAction":[{"@type":"ReadAction","target":["https:\/\/www.openarms.es\/es\/que-hacemos\/misiones\/vuelos-humanitarios\/islamabad-pakistan"]}]},{"@type":"ImageObject","inLanguage":"es","@id":"https:\/\/www.openarms.es\/es\/que-hacemos\/misiones\/vuelos-humanitarios\/islamabad-pakistan#primaryimage","url":"https:\/\/www.openarms.es\/wp-content\/uploads\/2025\/07\/WhatsApp-Image-2025-07-07-at-16.02.59.jpeg","contentUrl":"https:\/\/www.openarms.es\/wp-content\/uploads\/2025\/07\/WhatsApp-Image-2025-07-07-at-16.02.59.jpeg","width":1600,"height":1200},{"@type":"BreadcrumbList","@id":"https:\/\/www.openarms.es\/es\/que-hacemos\/misiones\/vuelos-humanitarios\/islamabad-pakistan#breadcrumb","itemListElement":[{"@type":"ListItem","position":1,"name":"Qu\u00e9 Hacemos","item":"https:\/\/www.openarms.es\/es\/que-hacemos"},{"@type":"ListItem","position":2,"name":"Misiones Humanitarias","item":"https:\/\/www.openarms.es\/es\/que-hacemos\/misiones"},{"@type":"ListItem","position":3,"name":"Vuelos Humanitarios","item":"https:\/\/www.openarms.es\/es\/que-hacemos\/misiones\/vuelos-humanitarios"},{"@type":"ListItem","position":4,"name":"Islamabad (Pakist\u00e1n)"}]},{"@type":"WebSite","@id":"https:\/\/www.openarms.es\/es\/#website","url":"https:\/\/www.openarms.es\/es\/","name":"Open Arms","description":"","publisher":{"@id":"https:\/\/www.openarms.es\/es\/#organization"},"potentialAction":[{"@type":"SearchAction","target":{"@type":"EntryPoint","urlTemplate":"https:\/\/www.openarms.es\/es\/?s={search_term_string}"},"query-input":{"@type":"PropertyValueSpecification","valueRequired":true,"valueName":"search_term_string"}}],"inLanguage":"es"},{"@type":"Organization","@id":"https:\/\/www.openarms.es\/es\/#organization","name":"Open Arms","url":"https:\/\/www.openarms.es\/es\/","logo":{"@type":"ImageObject","inLanguage":"es","@id":"https:\/\/www.openarms.es\/es\/#\/schema\/logo\/image\/","url":"https:\/\/www.openarms.es\/wp-content\/uploads\/2025\/03\/BRAND.svg","contentUrl":"https:\/\/www.openarms.es\/wp-content\/uploads\/2025\/03\/BRAND.svg","caption":"Open Arms"},"image":{"@id":"https:\/\/www.openarms.es\/es\/#\/schema\/logo\/image\/"}}]}},"_links":{"self":[{"href":"https:\/\/www.openarms.es\/es\/wp-json\/wp\/v2\/pages\/3049","targetHints":{"allow":["GET"]}}],"collection":[{"href":"https:\/\/www.openarms.es\/es\/wp-json\/wp\/v2\/pages"}],"about":[{"href":"https:\/\/www.openarms.es\/es\/wp-json\/wp\/v2\/types\/page"}],"author":[{"embeddable":true,"href":"https:\/\/www.openarms.es\/es\/wp-json\/wp\/v2\/users\/1"}],"replies":[{"embeddable":true,"href":"https:\/\/www.openarms.es\/es\/wp-json\/wp\/v2\/comments?post=3049"}],"version-history":[{"count":8,"href":"https:\/\/www.openarms.es\/es\/wp-json\/wp\/v2\/pages\/3049\/revisions"}],"predecessor-version":[{"id":6739,"href":"https:\/\/www.openarms.es\/es\/wp-json\/wp\/v2\/pages\/3049\/revisions\/6739"}],"up":[{"embeddable":true,"href":"https:\/\/www.openarms.es\/es\/wp-json\/wp\/v2\/pages\/199"}],"wp:featuredmedia":[{"embeddable":true,"href":"https:\/\/www.openarms.es\/es\/wp-json\/wp\/v2\/media\/6728"}],"wp:attachment":[{"href":"https:\/\/www.openarms.es\/es\/wp-json\/wp\/v2\/media?parent=3049"}],"curies":[{"name":"wp","href":"https:\/\/api.w.org\/{rel}","templated":true}]}}