{"id":3053,"date":"2025-05-15T08:24:50","date_gmt":"2025-05-15T08:24:50","guid":{"rendered":"https:\/\/www.openarms.es\/?page_id=3053"},"modified":"2025-07-07T12:00:54","modified_gmt":"2025-07-07T12:00:54","slug":"mozambique","status":"publish","type":"page","link":"https:\/\/www.openarms.es\/es\/que-hacemos\/misiones\/vuelos-humanitarios\/mozambique","title":{"rendered":"Mozambique"},"content":{"rendered":"\n<div class=\"wp-block-cover alignfull ebavs-header-hero-interior\" style=\"min-height:40rem;aspect-ratio:unset;\"><img loading=\"lazy\" decoding=\"async\" width=\"1024\" height=\"683\" class=\"wp-block-cover__image-background wp-image-6701 size-large\" alt=\"\" src=\"https:\/\/www.openarms.es\/wp-content\/uploads\/2025\/07\/08_Open-Arms-1024x683.jpg\" data-object-fit=\"cover\" srcset=\"https:\/\/www.openarms.es\/wp-content\/uploads\/2025\/07\/08_Open-Arms-1024x683.jpg 1024w, https:\/\/www.openarms.es\/wp-content\/uploads\/2025\/07\/08_Open-Arms-300x200.jpg 300w, https:\/\/www.openarms.es\/wp-content\/uploads\/2025\/07\/08_Open-Arms-768x512.jpg 768w, https:\/\/www.openarms.es\/wp-content\/uploads\/2025\/07\/08_Open-Arms-1536x1024.jpg 1536w, https:\/\/www.openarms.es\/wp-content\/uploads\/2025\/07\/08_Open-Arms-2048x1365.jpg 2048w\" sizes=\"auto, (max-width: 1024px) 100vw, 1024px\" \/><span aria-hidden=\"true\" class=\"wp-block-cover__background has-black-background-color has-background-dim-40 has-background-dim\"><\/span><div class=\"wp-block-cover__inner-container is-layout-flow wp-block-cover-is-layout-flow\">\n<div class=\"wp-block-group alignwide has-global-padding is-layout-constrained wp-container-core-group-is-layout-a8a8a09e wp-block-group-is-layout-constrained\" style=\"margin-top:auto;margin-bottom:auto;padding-right:0;padding-left:0\">\n<div class=\"wp-block-group has-global-padding is-content-justification-left is-layout-constrained wp-container-core-group-is-layout-b58f3518 wp-block-group-is-layout-constrained\">\n<p class=\"has-text-align-left has-base-color has-text-color has-large-font-size\" style=\"text-transform:uppercase\">vuelos humanitarios<\/p>\n\n\n\n<h1 class=\"wp-block-heading has-text-align-left has-base-color has-text-color has-link-color has-xx-large-font-size wp-elements-4c085033c9370b358b18d165d8173e15\" style=\"margin-top:0;margin-bottom:0\">Mozambique<\/h1>\n\n\n\n<p class=\"has-base-color has-text-color has-link-color wp-elements-06fbedb3aadd3e857b799e0fd1e00c04\" style=\"margin-top:0;margin-bottom:0\">Si crees que hay que enviar ayuda a los que m\u00e1s la necesitan, eres de los nuestros.<br><\/p>\n\n\n\n<div class=\"wp-block-buttons is-content-justification-left is-layout-flex wp-container-core-buttons-is-layout-fc4fd283 wp-block-buttons-is-layout-flex\">\n<div class=\"wp-block-button\"><a class=\"wp-block-button__link has-contrast-color has-base-background-color has-text-color has-background has-dinnextltpro-font-family has-custom-font-size wp-element-button\" href=\"https:\/\/help.openarms.es\/miembro-openarms\/?lang=es\" style=\"padding-top:16px;padding-right:24px;padding-bottom:14px;padding-left:24px;font-size:clamp(0.875rem, 0.875rem + ((1vw - 0.2rem) * 0.302), 1.13rem);font-style:normal;font-weight:700;line-height:1;text-transform:uppercase\" target=\"_blank\" rel=\"noreferrer noopener\">Hazte miembro<\/a><\/div>\n<\/div>\n<\/div>\n<\/div>\n<\/div><\/div>\n\n\n\n<div class=\"wp-block-cover alignfull is-light has-parallax\" style=\"margin-top:0;margin-bottom:var(--wp--preset--spacing--50);padding-top:0;padding-right:0;padding-bottom:0;padding-left:0\"><div class=\"wp-block-cover__image-background wp-image-999 has-parallax\" style=\"background-position:50% 50%;background-image:url(https:\/\/www.openarms.es\/wp-content\/themes\/openarms\/assets\/images\/openarms-texture.webp)\"><\/div><span aria-hidden=\"true\" class=\"wp-block-cover__background has-base-background-color has-background-dim-80 has-background-dim\"><\/span><div class=\"wp-block-cover__inner-container is-layout-flow wp-block-cover-is-layout-flow\">\n<div class=\"wp-block-group has-global-padding is-layout-constrained wp-block-group-is-layout-constrained\">\n<div class=\"wp-block-group has-global-padding is-layout-constrained wp-container-core-group-is-layout-8257ab09 wp-block-group-is-layout-constrained\" style=\"margin-top:1rem\"><div class=\"yoast-breadcrumbs\"><span><span><a href=\"https:\/\/www.openarms.es\/es\/que-hacemos\">Qu\u00e9 Hacemos<\/a><\/span> &gt; <span><a href=\"https:\/\/www.openarms.es\/es\/que-hacemos\/misiones\">Misiones Humanitarias<\/a><\/span> &gt; <span><a href=\"https:\/\/www.openarms.es\/es\/que-hacemos\/misiones\/vuelos-humanitarios\">Vuelos Humanitarios<\/a><\/span> &gt; <span class=\"breadcrumb_last\" aria-current=\"page\">Mozambique<\/span><\/span><\/div>\n\n\n<hr class=\"wp-block-separator has-text-color has-gray-color has-alpha-channel-opacity has-gray-background-color has-background is-style-default\" style=\"margin-top:1rem;margin-bottom:4rem\"\/>\n<\/div>\n\n\n\n<div class=\"wp-block-columns is-layout-flex wp-container-core-columns-is-layout-28f84493 wp-block-columns-is-layout-flex\">\n<div class=\"wp-block-column is-layout-flow wp-block-column-is-layout-flow\" style=\"padding-right:var(--wp--preset--spacing--70);flex-basis:40%\">\n<h2 class=\"wp-block-heading has-contrast-color has-text-color has-link-color has-medium-large-font-size wp-elements-deb26ec2350f8db14d1fe7982fa4a27f\" style=\"padding-right:var(--wp--preset--spacing--40)\"><strong>Mozambique<\/strong><br><\/h2>\n<\/div>\n\n\n\n<div class=\"wp-block-column is-layout-flow wp-block-column-is-layout-flow\" style=\"flex-basis:50%\">\n<p>La situaci\u00f3n en Cabo Delgado, en la costa norte de Mozambique, <strong>es cr\u00edtica seg\u00fan ACNUR.<\/strong> Desde 2017 sufren continuos ataques indiscriminados por parte de grupos armados afiliados al Estado Isl\u00e1mico que arrasan las aldeas, torturan, violan y matan a sus comunidades. <strong>M\u00e1s de 2.800 personas han perdido la vida<\/strong> a causa de los ataques, y <strong>730.000 mozambique\u00f1os de esta regi\u00f3n han abandonado su tierra. <\/strong>Todo ello, en una situaci\u00f3n agravada por la pobreza cr\u00f3nica, las crisis clim\u00e1ticas consecutivas y los brotes recurrentes de enfermedades.<\/p>\n\n\n\n<p>En un intento de paliar la grave crisis humanitaria, en 2021 <strong>enviamos conjuntamente con Solidaire 33 toneladas de alimentos.<\/strong> Fueron entregadas a Caritas Mozambique y consist\u00edan en legumbres, conservas de pescado, arroz y aceite de girasol. El env\u00edo pudo realizarse en un Boeing 787 de Solidaire, que aterriz\u00f3 en Nacala (Mozambique) y tuvo apoyo de la empresa de log\u00edstica Transjunior.<\/p>\n<\/div>\n<\/div>\n\n\n\n<div class=\"wp-block-group alignwide has-global-padding is-layout-constrained wp-container-core-group-is-layout-82100965 wp-block-group-is-layout-constrained\" style=\"min-height:0vh;margin-top:0;margin-bottom:0;padding-top:var(--wp--preset--spacing--64);padding-right:0;padding-bottom:var(--wp--preset--spacing--64);padding-left:0\">\n<figure class=\"wp-block-image aligncenter size-full is-resized h-fixed\"><img loading=\"lazy\" decoding=\"async\" width=\"2560\" height=\"1707\" src=\"https:\/\/www.openarms.es\/wp-content\/uploads\/2025\/07\/10_Open-Arms-scaled.jpg\" alt=\"\" class=\"wp-image-6711\" style=\"aspect-ratio:16\/9;object-fit:cover;width:auto;height:600px\" srcset=\"https:\/\/www.openarms.es\/wp-content\/uploads\/2025\/07\/10_Open-Arms-scaled.jpg 2560w, https:\/\/www.openarms.es\/wp-content\/uploads\/2025\/07\/10_Open-Arms-300x200.jpg 300w, https:\/\/www.openarms.es\/wp-content\/uploads\/2025\/07\/10_Open-Arms-1024x683.jpg 1024w, https:\/\/www.openarms.es\/wp-content\/uploads\/2025\/07\/10_Open-Arms-768x512.jpg 768w, https:\/\/www.openarms.es\/wp-content\/uploads\/2025\/07\/10_Open-Arms-1536x1024.jpg 1536w, https:\/\/www.openarms.es\/wp-content\/uploads\/2025\/07\/10_Open-Arms-2048x1366.jpg 2048w\" sizes=\"auto, (max-width: 2560px) 100vw, 2560px\" \/><figcaption class=\"wp-element-caption\">Un vuelo humanitario, iniciativa solidaria organizada por las oeneg\u00e9s Open Arms y Solidaire, aterriza con 33 toneladas de alimentos en el aeropuerto de Nacala, norte de Mozambique. Foto: \u00a9 Open Arms<\/figcaption><\/figure>\n<\/div>\n\n\n\n<hr class=\"wp-block-separator has-text-color has-contrast-color has-alpha-channel-opacity has-contrast-background-color has-background\" style=\"margin-top:var(--wp--preset--spacing--24);margin-bottom:var(--wp--preset--spacing--64)\"\/>\n<\/div>\n\n\n\n<div class=\"wp-block-group alignfull has-global-padding is-layout-constrained wp-container-core-group-is-layout-74ccbb19 wp-block-group-is-layout-constrained\" style=\"min-height:0vh;margin-top:0;margin-bottom:0;padding-right:var(--wp--preset--spacing--40);padding-left:var(--wp--preset--spacing--40)\">\n<div class=\"wp-block-columns are-vertically-aligned-top is-content-justification-center is-layout-flex wp-container-core-columns-is-layout-8c19c11b wp-block-columns-is-layout-flex\">\n<div class=\"wp-block-column is-vertically-aligned-top is-layout-flow wp-block-column-is-layout-flow\" style=\"flex-basis:60%\">\n<div class=\"wp-block-group has-contrast-background-color has-background has-global-padding is-layout-constrained wp-container-core-group-is-layout-a91b9633 wp-block-group-is-layout-constrained\" style=\"border-style:none;border-width:0px;border-radius:32px;padding-top:var(--wp--preset--spacing--40);padding-right:2rem;padding-bottom:var(--wp--preset--spacing--40);padding-left:2rem\">\n<h3 class=\"wp-block-heading has-text-align-center has-base-color has-text-color has-link-color wp-elements-aa110e7ffc76eb5589bbd36b67787cee\" style=\"margin-right:0;margin-left:0;padding-right:0;padding-left:0;font-size:clamp(1.502rem, 1.502rem + ((1vw - 0.2rem) * 1.181), 2.5rem);line-height:1.15\">Si crees que toda vida debe ser salvada, impl\u00edcate. Entre todos, podemos salvar muchas m\u00e1s.<\/h3>\n\n\n\n<div class=\"wp-block-buttons is-horizontal is-content-justification-center is-layout-flex wp-container-core-buttons-is-layout-03627597 wp-block-buttons-is-layout-flex\">\n<div class=\"wp-block-button\"><a class=\"wp-block-button__link has-contrast-color has-base-background-color has-text-color has-background has-custom-font-size wp-element-button\" href=\"https:\/\/www.openarms.es\/como-ayudar\/dona\" style=\"padding-top:16px;padding-right:24px;padding-bottom:14px;padding-left:24px;font-size:clamp(14px, 0.875rem + ((1vw - 3.2px) * 0.296), 18px);font-style:normal;font-weight:700\">DONA AHORA<\/a><\/div>\n<\/div>\n<\/div>\n<\/div>\n<\/div>\n<\/div>\n<\/div><\/div>\n","protected":false},"excerpt":{"rendered":"","protected":false},"author":1,"featured_media":3661,"parent":199,"menu_order":0,"comment_status":"closed","ping_status":"closed","template":"page-interior","meta":{"content-type":"","footnotes":""},"class_list":["post-3053","page","type-page","status-publish","has-post-thumbnail","hentry"],"yoast_head":"<!-- This site is optimized with the Yoast SEO plugin v25.9 - https:\/\/yoast.com\/wordpress\/plugins\/seo\/ -->\n<title>Mozambique: Ayuda alimentaria urgente | Open Arms<\/title>\n<meta name=\"description\" content=\"Open Arms envi\u00f3 33 toneladas de alimentos a Mozambique en 2021, apoyando a comunidades desplazadas por violencia y crisis clim\u00e1ticas.\" \/>\n<meta name=\"robots\" content=\"index, follow, max-snippet:-1, max-image-preview:large, max-video-preview:-1\" \/>\n<link rel=\"canonical\" href=\"https:\/\/www.openarms.es\/es\/que-hacemos\/misiones\/vuelos-humanitarios\/mozambique\" \/>\n<meta property=\"og:locale\" content=\"es_ES\" \/>\n<meta property=\"og:type\" content=\"article\" \/>\n<meta property=\"og:title\" content=\"Mozambique: Ayuda alimentaria urgente | Open Arms\" \/>\n<meta property=\"og:description\" content=\"Open Arms envi\u00f3 33 toneladas de alimentos a Mozambique en 2021, apoyando a comunidades desplazadas por violencia y crisis clim\u00e1ticas.\" \/>\n<meta property=\"og:url\" content=\"https:\/\/www.openarms.es\/es\/que-hacemos\/misiones\/vuelos-humanitarios\/mozambique\" \/>\n<meta property=\"og:site_name\" content=\"Open Arms\" \/>\n<meta property=\"article:modified_time\" content=\"2025-07-07T12:00:54+00:00\" \/>\n<meta property=\"og:image\" content=\"https:\/\/www.openarms.es\/wp-content\/uploads\/2025\/05\/Header_Mozambique.jpg\" \/>\n\t<meta property=\"og:image:width\" content=\"1600\" \/>\n\t<meta property=\"og:image:height\" content=\"300\" \/>\n\t<meta property=\"og:image:type\" content=\"image\/jpeg\" \/>\n<meta name=\"twitter:card\" content=\"summary_large_image\" \/>\n<meta name=\"twitter:label1\" content=\"Tiempo de lectura\" \/>\n\t<meta name=\"twitter:data1\" content=\"2 minutos\" \/>\n<script type=\"application\/ld+json\" class=\"yoast-schema-graph\">{\"@context\":\"https:\/\/schema.org\",\"@graph\":[{\"@type\":\"WebPage\",\"@id\":\"https:\/\/www.openarms.es\/es\/que-hacemos\/misiones\/vuelos-humanitarios\/mozambique\",\"url\":\"https:\/\/www.openarms.es\/es\/que-hacemos\/misiones\/vuelos-humanitarios\/mozambique\",\"name\":\"Mozambique: Ayuda alimentaria urgente | Open Arms\",\"isPartOf\":{\"@id\":\"https:\/\/www.openarms.es\/es\/#website\"},\"primaryImageOfPage\":{\"@id\":\"https:\/\/www.openarms.es\/es\/que-hacemos\/misiones\/vuelos-humanitarios\/mozambique#primaryimage\"},\"image\":{\"@id\":\"https:\/\/www.openarms.es\/es\/que-hacemos\/misiones\/vuelos-humanitarios\/mozambique#primaryimage\"},\"thumbnailUrl\":\"https:\/\/www.openarms.es\/wp-content\/uploads\/2025\/05\/Header_Mozambique.jpg\",\"datePublished\":\"2025-05-15T08:24:50+00:00\",\"dateModified\":\"2025-07-07T12:00:54+00:00\",\"description\":\"Open Arms envi\u00f3 33 toneladas de alimentos a Mozambique en 2021, apoyando a comunidades desplazadas por violencia y crisis clim\u00e1ticas.\",\"breadcrumb\":{\"@id\":\"https:\/\/www.openarms.es\/es\/que-hacemos\/misiones\/vuelos-humanitarios\/mozambique#breadcrumb\"},\"inLanguage\":\"es\",\"potentialAction\":[{\"@type\":\"ReadAction\",\"target\":[\"https:\/\/www.openarms.es\/es\/que-hacemos\/misiones\/vuelos-humanitarios\/mozambique\"]}]},{\"@type\":\"ImageObject\",\"inLanguage\":\"es\",\"@id\":\"https:\/\/www.openarms.es\/es\/que-hacemos\/misiones\/vuelos-humanitarios\/mozambique#primaryimage\",\"url\":\"https:\/\/www.openarms.es\/wp-content\/uploads\/2025\/05\/Header_Mozambique.jpg\",\"contentUrl\":\"https:\/\/www.openarms.es\/wp-content\/uploads\/2025\/05\/Header_Mozambique.jpg\",\"width\":1600,\"height\":300},{\"@type\":\"BreadcrumbList\",\"@id\":\"https:\/\/www.openarms.es\/es\/que-hacemos\/misiones\/vuelos-humanitarios\/mozambique#breadcrumb\",\"itemListElement\":[{\"@type\":\"ListItem\",\"position\":1,\"name\":\"Qu\u00e9 Hacemos\",\"item\":\"https:\/\/www.openarms.es\/es\/que-hacemos\"},{\"@type\":\"ListItem\",\"position\":2,\"name\":\"Misiones Humanitarias\",\"item\":\"https:\/\/www.openarms.es\/es\/que-hacemos\/misiones\"},{\"@type\":\"ListItem\",\"position\":3,\"name\":\"Vuelos Humanitarios\",\"item\":\"https:\/\/www.openarms.es\/es\/que-hacemos\/misiones\/vuelos-humanitarios\"},{\"@type\":\"ListItem\",\"position\":4,\"name\":\"Mozambique\"}]},{\"@type\":\"WebSite\",\"@id\":\"https:\/\/www.openarms.es\/es\/#website\",\"url\":\"https:\/\/www.openarms.es\/es\/\",\"name\":\"Open Arms\",\"description\":\"\",\"publisher\":{\"@id\":\"https:\/\/www.openarms.es\/es\/#organization\"},\"potentialAction\":[{\"@type\":\"SearchAction\",\"target\":{\"@type\":\"EntryPoint\",\"urlTemplate\":\"https:\/\/www.openarms.es\/es\/?s={search_term_string}\"},\"query-input\":{\"@type\":\"PropertyValueSpecification\",\"valueRequired\":true,\"valueName\":\"search_term_string\"}}],\"inLanguage\":\"es\"},{\"@type\":\"Organization\",\"@id\":\"https:\/\/www.openarms.es\/es\/#organization\",\"name\":\"Open Arms\",\"url\":\"https:\/\/www.openarms.es\/es\/\",\"logo\":{\"@type\":\"ImageObject\",\"inLanguage\":\"es\",\"@id\":\"https:\/\/www.openarms.es\/es\/#\/schema\/logo\/image\/\",\"url\":\"https:\/\/www.openarms.es\/wp-content\/uploads\/2025\/03\/BRAND.svg\",\"contentUrl\":\"https:\/\/www.openarms.es\/wp-content\/uploads\/2025\/03\/BRAND.svg\",\"caption\":\"Open Arms\"},\"image\":{\"@id\":\"https:\/\/www.openarms.es\/es\/#\/schema\/logo\/image\/\"}}]}<\/script>\n<!-- \/ Yoast SEO plugin. -->","yoast_head_json":{"title":"Mozambique: Ayuda alimentaria urgente | Open Arms","description":"Open Arms envi\u00f3 33 toneladas de alimentos a Mozambique en 2021, apoyando a comunidades desplazadas por violencia y crisis clim\u00e1ticas.","robots":{"index":"index","follow":"follow","max-snippet":"max-snippet:-1","max-image-preview":"max-image-preview:large","max-video-preview":"max-video-preview:-1"},"canonical":"https:\/\/www.openarms.es\/es\/que-hacemos\/misiones\/vuelos-humanitarios\/mozambique","og_locale":"es_ES","og_type":"article","og_title":"Mozambique: Ayuda alimentaria urgente | Open Arms","og_description":"Open Arms envi\u00f3 33 toneladas de alimentos a Mozambique en 2021, apoyando a comunidades desplazadas por violencia y crisis clim\u00e1ticas.","og_url":"https:\/\/www.openarms.es\/es\/que-hacemos\/misiones\/vuelos-humanitarios\/mozambique","og_site_name":"Open Arms","article_modified_time":"2025-07-07T12:00:54+00:00","og_image":[{"width":1600,"height":300,"url":"https:\/\/www.openarms.es\/wp-content\/uploads\/2025\/05\/Header_Mozambique.jpg","type":"image\/jpeg"}],"twitter_card":"summary_large_image","twitter_misc":{"Tiempo de lectura":"2 minutos"},"schema":{"@context":"https:\/\/schema.org","@graph":[{"@type":"WebPage","@id":"https:\/\/www.openarms.es\/es\/que-hacemos\/misiones\/vuelos-humanitarios\/mozambique","url":"https:\/\/www.openarms.es\/es\/que-hacemos\/misiones\/vuelos-humanitarios\/mozambique","name":"Mozambique: Ayuda alimentaria urgente | Open Arms","isPartOf":{"@id":"https:\/\/www.openarms.es\/es\/#website"},"primaryImageOfPage":{"@id":"https:\/\/www.openarms.es\/es\/que-hacemos\/misiones\/vuelos-humanitarios\/mozambique#primaryimage"},"image":{"@id":"https:\/\/www.openarms.es\/es\/que-hacemos\/misiones\/vuelos-humanitarios\/mozambique#primaryimage"},"thumbnailUrl":"https:\/\/www.openarms.es\/wp-content\/uploads\/2025\/05\/Header_Mozambique.jpg","datePublished":"2025-05-15T08:24:50+00:00","dateModified":"2025-07-07T12:00:54+00:00","description":"Open Arms envi\u00f3 33 toneladas de alimentos a Mozambique en 2021, apoyando a comunidades desplazadas por violencia y crisis clim\u00e1ticas.","breadcrumb":{"@id":"https:\/\/www.openarms.es\/es\/que-hacemos\/misiones\/vuelos-humanitarios\/mozambique#breadcrumb"},"inLanguage":"es","potentialAction":[{"@type":"ReadAction","target":["https:\/\/www.openarms.es\/es\/que-hacemos\/misiones\/vuelos-humanitarios\/mozambique"]}]},{"@type":"ImageObject","inLanguage":"es","@id":"https:\/\/www.openarms.es\/es\/que-hacemos\/misiones\/vuelos-humanitarios\/mozambique#primaryimage","url":"https:\/\/www.openarms.es\/wp-content\/uploads\/2025\/05\/Header_Mozambique.jpg","contentUrl":"https:\/\/www.openarms.es\/wp-content\/uploads\/2025\/05\/Header_Mozambique.jpg","width":1600,"height":300},{"@type":"BreadcrumbList","@id":"https:\/\/www.openarms.es\/es\/que-hacemos\/misiones\/vuelos-humanitarios\/mozambique#breadcrumb","itemListElement":[{"@type":"ListItem","position":1,"name":"Qu\u00e9 Hacemos","item":"https:\/\/www.openarms.es\/es\/que-hacemos"},{"@type":"ListItem","position":2,"name":"Misiones Humanitarias","item":"https:\/\/www.openarms.es\/es\/que-hacemos\/misiones"},{"@type":"ListItem","position":3,"name":"Vuelos Humanitarios","item":"https:\/\/www.openarms.es\/es\/que-hacemos\/misiones\/vuelos-humanitarios"},{"@type":"ListItem","position":4,"name":"Mozambique"}]},{"@type":"WebSite","@id":"https:\/\/www.openarms.es\/es\/#website","url":"https:\/\/www.openarms.es\/es\/","name":"Open Arms","description":"","publisher":{"@id":"https:\/\/www.openarms.es\/es\/#organization"},"potentialAction":[{"@type":"SearchAction","target":{"@type":"EntryPoint","urlTemplate":"https:\/\/www.openarms.es\/es\/?s={search_term_string}"},"query-input":{"@type":"PropertyValueSpecification","valueRequired":true,"valueName":"search_term_string"}}],"inLanguage":"es"},{"@type":"Organization","@id":"https:\/\/www.openarms.es\/es\/#organization","name":"Open Arms","url":"https:\/\/www.openarms.es\/es\/","logo":{"@type":"ImageObject","inLanguage":"es","@id":"https:\/\/www.openarms.es\/es\/#\/schema\/logo\/image\/","url":"https:\/\/www.openarms.es\/wp-content\/uploads\/2025\/03\/BRAND.svg","contentUrl":"https:\/\/www.openarms.es\/wp-content\/uploads\/2025\/03\/BRAND.svg","caption":"Open Arms"},"image":{"@id":"https:\/\/www.openarms.es\/es\/#\/schema\/logo\/image\/"}}]}},"_links":{"self":[{"href":"https:\/\/www.openarms.es\/es\/wp-json\/wp\/v2\/pages\/3053","targetHints":{"allow":["GET"]}}],"collection":[{"href":"https:\/\/www.openarms.es\/es\/wp-json\/wp\/v2\/pages"}],"about":[{"href":"https:\/\/www.openarms.es\/es\/wp-json\/wp\/v2\/types\/page"}],"author":[{"embeddable":true,"href":"https:\/\/www.openarms.es\/es\/wp-json\/wp\/v2\/users\/1"}],"replies":[{"embeddable":true,"href":"https:\/\/www.openarms.es\/es\/wp-json\/wp\/v2\/comments?post=3053"}],"version-history":[{"count":9,"href":"https:\/\/www.openarms.es\/es\/wp-json\/wp\/v2\/pages\/3053\/revisions"}],"predecessor-version":[{"id":6717,"href":"https:\/\/www.openarms.es\/es\/wp-json\/wp\/v2\/pages\/3053\/revisions\/6717"}],"up":[{"embeddable":true,"href":"https:\/\/www.openarms.es\/es\/wp-json\/wp\/v2\/pages\/199"}],"wp:featuredmedia":[{"embeddable":true,"href":"https:\/\/www.openarms.es\/es\/wp-json\/wp\/v2\/media\/3661"}],"wp:attachment":[{"href":"https:\/\/www.openarms.es\/es\/wp-json\/wp\/v2\/media?parent=3053"}],"curies":[{"name":"wp","href":"https:\/\/api.w.org\/{rel}","templated":true}]}}