{"id":320,"date":"2025-03-20T11:25:06","date_gmt":"2025-03-20T11:25:06","guid":{"rendered":"https:\/\/www.openarms.es\/?page_id=320"},"modified":"2025-06-20T08:10:14","modified_gmt":"2025-06-20T08:10:14","slug":"india","status":"publish","type":"page","link":"https:\/\/www.openarms.es\/es\/que-hacemos\/misiones\/vuelos-humanitarios\/india","title":{"rendered":"India"},"content":{"rendered":"\n<div class=\"wp-block-cover alignfull ebavs-header-hero-interior\" style=\"min-height:40rem;aspect-ratio:unset;\"><img loading=\"lazy\" decoding=\"async\" width=\"1024\" height=\"576\" class=\"wp-block-cover__image-background wp-image-2911 size-large\" alt=\"\" src=\"https:\/\/www.openarms.es\/wp-content\/uploads\/2025\/05\/india-bg-1024x576.jpg\" data-object-fit=\"cover\" srcset=\"https:\/\/www.openarms.es\/wp-content\/uploads\/2025\/05\/india-bg-1024x576.jpg 1024w, https:\/\/www.openarms.es\/wp-content\/uploads\/2025\/05\/india-bg-300x169.jpg 300w, https:\/\/www.openarms.es\/wp-content\/uploads\/2025\/05\/india-bg-768x432.jpg 768w, https:\/\/www.openarms.es\/wp-content\/uploads\/2025\/05\/india-bg-1536x864.jpg 1536w, https:\/\/www.openarms.es\/wp-content\/uploads\/2025\/05\/india-bg.jpg 1920w\" sizes=\"auto, (max-width: 1024px) 100vw, 1024px\" \/><span aria-hidden=\"true\" class=\"wp-block-cover__background has-black-background-color has-background-dim\"><\/span><div class=\"wp-block-cover__inner-container is-layout-flow wp-block-cover-is-layout-flow\">\n<div class=\"wp-block-group alignwide has-global-padding is-layout-constrained wp-container-core-group-is-layout-a8a8a09e wp-block-group-is-layout-constrained\" style=\"margin-top:auto;margin-bottom:auto;padding-right:0;padding-left:0\">\n<div class=\"wp-block-group has-global-padding is-content-justification-left is-layout-constrained wp-container-core-group-is-layout-b58f3518 wp-block-group-is-layout-constrained\">\n<p class=\"has-text-align-left has-base-color has-text-color has-large-font-size\" style=\"text-transform:uppercase\">vuelos humanitarios<\/p>\n\n\n\n<h1 class=\"wp-block-heading has-text-align-left has-base-color has-text-color has-xx-large-font-size\" style=\"margin-top:0;margin-bottom:0\">INDIA<\/h1>\n\n\n\n<p class=\"has-base-color has-text-color has-link-color wp-elements-0a25fe354c548670f650aba7b3c1aeec\" style=\"margin-top:0;margin-bottom:0\">Si crees que ante una pandemia hay que proteger la vida de los m\u00e1s vulnerables, eres de los nuestros.<br><\/p>\n\n\n\n<div class=\"wp-block-buttons is-content-justification-left is-layout-flex wp-container-core-buttons-is-layout-fc4fd283 wp-block-buttons-is-layout-flex\">\n<div class=\"wp-block-button\"><a class=\"wp-block-button__link has-contrast-color has-base-background-color has-text-color has-background has-dinnextltpro-font-family has-custom-font-size wp-element-button\" href=\"https:\/\/help.openarms.es\/miembro-openarms\/?lang=es\" style=\"padding-top:16px;padding-right:24px;padding-bottom:14px;padding-left:24px;font-size:clamp(0.875rem, 0.875rem + ((1vw - 0.2rem) * 0.302), 1.13rem);font-style:normal;font-weight:700;line-height:1;text-transform:uppercase\" target=\"_blank\" rel=\"noreferrer noopener\">Hazte miembro<\/a><\/div>\n<\/div>\n<\/div>\n<\/div>\n<\/div><\/div>\n\n\n\n<div class=\"wp-block-cover alignfull is-light has-parallax\" style=\"margin-top:0;margin-bottom:var(--wp--preset--spacing--50);padding-top:0;padding-right:0;padding-bottom:0;padding-left:0\"><div class=\"wp-block-cover__image-background wp-image-999 has-parallax\" style=\"background-position:50% 50%;background-image:url(https:\/\/www.openarms.es\/wp-content\/themes\/openarms\/assets\/images\/openarms-texture.webp)\"><\/div><span aria-hidden=\"true\" class=\"wp-block-cover__background has-base-background-color has-background-dim-80 has-background-dim\"><\/span><div class=\"wp-block-cover__inner-container is-layout-flow wp-block-cover-is-layout-flow\">\n<div class=\"wp-block-group has-global-padding is-layout-constrained wp-block-group-is-layout-constrained\">\n<div class=\"wp-block-group has-global-padding is-layout-constrained wp-container-core-group-is-layout-8257ab09 wp-block-group-is-layout-constrained\" style=\"margin-top:1rem\"><div class=\"yoast-breadcrumbs\"><span><span><a href=\"https:\/\/www.openarms.es\/es\/que-hacemos\">Qu\u00e9 Hacemos<\/a><\/span> &gt; <span><a href=\"https:\/\/www.openarms.es\/es\/que-hacemos\/misiones\">Misiones Humanitarias<\/a><\/span> &gt; <span><a href=\"https:\/\/www.openarms.es\/es\/que-hacemos\/misiones\/vuelos-humanitarios\">Vuelos Humanitarios<\/a><\/span> &gt; <span class=\"breadcrumb_last\" aria-current=\"page\">India<\/span><\/span><\/div>\n\n\n<hr class=\"wp-block-separator has-text-color has-gray-color has-alpha-channel-opacity has-gray-background-color has-background is-style-default\" style=\"margin-top:1rem;margin-bottom:4rem\"\/>\n<\/div>\n\n\n\n<div class=\"wp-block-columns is-layout-flex wp-container-core-columns-is-layout-28f84493 wp-block-columns-is-layout-flex\">\n<div class=\"wp-block-column is-layout-flow wp-block-column-is-layout-flow\" style=\"padding-right:var(--wp--preset--spacing--70);flex-basis:40%\">\n<h2 class=\"wp-block-heading has-contrast-color has-text-color has-link-color has-medium-large-font-size wp-elements-da6b36d88c782526f83eeb2fac799974\" style=\"padding-right:var(--wp--preset--spacing--40)\">ox\u00edgeno para la india<\/h2>\n<\/div>\n\n\n\n<div class=\"wp-block-column is-layout-flow wp-block-column-is-layout-flow\" style=\"flex-basis:50%\">\n<p class=\"has-dark-gray-color has-text-color has-link-color wp-elements-14955f5f0b4249051c838f437983e6f0\" style=\"line-height:1.15\">En mayo de 2021, la India sufri\u00f3 <strong>uno de los mayores repuntes de casos de Covid-19.<\/strong> La incidencia fue tan alta, que el pa\u00eds comenz\u00f3 a quedarse sin material m\u00e9dico, y en especial, <strong>sin reservas de ox\u00edgeno concentrado<\/strong> para poder mantener con vida a los afectados.<\/p>\n\n\n\n<p class=\"has-dark-gray-color has-text-color has-link-color wp-elements-c6b94af230753c5dae61070c65686695\" style=\"line-height:1.15\">Por eso<strong>, junto con la Fundaci\u00f3n Vicente Ferrer, realizamos un env\u00edo<\/strong> de concentradores de ox\u00edgeno, cilindros de ox\u00edgeno vac\u00edos, pulsiox\u00edmetros de dedo, m\u00e1scaras ECPAP, respiradores, mascarillas y equipos de protecci\u00f3n (EPI). El cargamento lleg\u00f3 en un Boeing 787 de Solidaire a Bangalore para su distribuci\u00f3n en el pa\u00eds en coordinaci\u00f3n con el gobierno indio. Y, aunque toda ayuda fue poca, toda fue necesaria para que los sanitarios pudiesen seguir ejerciendo su labor de salvar vidas.<\/p>\n\n\n\n<p class=\"has-dark-gray-color has-text-color has-link-color wp-elements-51c23d98b9b99e3ed87744349b016a9c\" style=\"line-height:1.15\"><\/p>\n<\/div>\n<\/div>\n\n\n\n<div class=\"wp-block-group alignwide has-global-padding is-layout-constrained wp-container-core-group-is-layout-82100965 wp-block-group-is-layout-constrained\" style=\"min-height:0vh;margin-top:0;margin-bottom:0;padding-top:var(--wp--preset--spacing--64);padding-right:0;padding-bottom:var(--wp--preset--spacing--64);padding-left:0\">\n<figure class=\"wp-block-image aligncenter size-full is-resized h-fixed\"><img loading=\"lazy\" decoding=\"async\" width=\"800\" height=\"600\" src=\"https:\/\/www.openarms.es\/wp-content\/uploads\/2025\/03\/oxigeno.webp\" alt=\"\" class=\"wp-image-321\" style=\"aspect-ratio:16\/9;object-fit:cover;width:auto;height:600px\" srcset=\"https:\/\/www.openarms.es\/wp-content\/uploads\/2025\/03\/oxigeno.webp 800w, https:\/\/www.openarms.es\/wp-content\/uploads\/2025\/03\/oxigeno-300x225.webp 300w, https:\/\/www.openarms.es\/wp-content\/uploads\/2025\/03\/oxigeno-768x576.webp 768w\" sizes=\"auto, (max-width: 800px) 100vw, 800px\" \/><\/figure>\n<\/div>\n\n\n\n<hr class=\"wp-block-separator has-text-color has-contrast-color has-alpha-channel-opacity has-contrast-background-color has-background\" style=\"margin-top:var(--wp--preset--spacing--24);margin-bottom:var(--wp--preset--spacing--64)\"\/>\n<\/div>\n\n\n\n<div class=\"wp-block-group alignfull has-global-padding is-layout-constrained wp-container-core-group-is-layout-74ccbb19 wp-block-group-is-layout-constrained\" style=\"min-height:0vh;margin-top:0;margin-bottom:0;padding-right:var(--wp--preset--spacing--40);padding-left:var(--wp--preset--spacing--40)\">\n<div class=\"wp-block-columns are-vertically-aligned-top is-content-justification-center is-layout-flex wp-container-core-columns-is-layout-8c19c11b wp-block-columns-is-layout-flex\">\n<div class=\"wp-block-column is-vertically-aligned-top is-layout-flow wp-block-column-is-layout-flow\" style=\"flex-basis:60%\">\n<div class=\"wp-block-group has-contrast-background-color has-background has-global-padding is-layout-constrained wp-container-core-group-is-layout-a91b9633 wp-block-group-is-layout-constrained\" style=\"border-style:none;border-width:0px;border-radius:32px;padding-top:var(--wp--preset--spacing--40);padding-right:2rem;padding-bottom:var(--wp--preset--spacing--40);padding-left:2rem\">\n<h3 class=\"wp-block-heading has-text-align-center has-base-color has-text-color has-link-color wp-elements-aa110e7ffc76eb5589bbd36b67787cee\" style=\"margin-right:0;margin-left:0;padding-right:0;padding-left:0;font-size:clamp(1.502rem, 1.502rem + ((1vw - 0.2rem) * 1.181), 2.5rem);line-height:1.15\">Si crees que toda vida debe ser salvada, impl\u00edcate. Entre todos, podemos salvar muchas m\u00e1s.<\/h3>\n\n\n\n<div class=\"wp-block-buttons is-horizontal is-content-justification-center is-layout-flex wp-container-core-buttons-is-layout-03627597 wp-block-buttons-is-layout-flex\">\n<div class=\"wp-block-button\"><a class=\"wp-block-button__link has-contrast-color has-base-background-color has-text-color has-background has-custom-font-size wp-element-button\" href=\"https:\/\/www.openarms.es\/como-ayudar\/dona\" style=\"padding-top:16px;padding-right:24px;padding-bottom:14px;padding-left:24px;font-size:clamp(14px, 0.875rem + ((1vw - 3.2px) * 0.296), 18px);font-style:normal;font-weight:700\">DONA AHORA<\/a><\/div>\n<\/div>\n<\/div>\n<\/div>\n<\/div>\n<\/div>\n<\/div><\/div>\n","protected":false},"excerpt":{"rendered":"","protected":false},"author":1,"featured_media":2911,"parent":199,"menu_order":0,"comment_status":"closed","ping_status":"closed","template":"page-interior","meta":{"content-type":"","footnotes":""},"class_list":["post-320","page","type-page","status-publish","has-post-thumbnail","hentry"],"yoast_head":"<!-- This site is optimized with the Yoast SEO plugin v25.9 - https:\/\/yoast.com\/wordpress\/plugins\/seo\/ -->\n<title>India: Env\u00edo urgente de ox\u00edgeno y material m\u00e9dico | Open Arms<\/title>\n<meta name=\"description\" content=\"Open Arms envi\u00f3 ox\u00edgeno y material m\u00e9dico a India durante la crisis del Covid-19, en alianza con la Fundaci\u00f3n Vicente Ferrer.\" \/>\n<meta name=\"robots\" content=\"index, follow, max-snippet:-1, max-image-preview:large, max-video-preview:-1\" \/>\n<link rel=\"canonical\" href=\"https:\/\/www.openarms.es\/es\/que-hacemos\/misiones\/vuelos-humanitarios\/india\" \/>\n<meta property=\"og:locale\" content=\"es_ES\" \/>\n<meta property=\"og:type\" content=\"article\" \/>\n<meta property=\"og:title\" content=\"India: Env\u00edo urgente de ox\u00edgeno y material m\u00e9dico | Open Arms\" \/>\n<meta property=\"og:description\" content=\"Open Arms envi\u00f3 ox\u00edgeno y material m\u00e9dico a India durante la crisis del Covid-19, en alianza con la Fundaci\u00f3n Vicente Ferrer.\" \/>\n<meta property=\"og:url\" content=\"https:\/\/www.openarms.es\/es\/que-hacemos\/misiones\/vuelos-humanitarios\/india\" \/>\n<meta property=\"og:site_name\" content=\"Open Arms\" \/>\n<meta property=\"article:modified_time\" content=\"2025-06-20T08:10:14+00:00\" \/>\n<meta property=\"og:image\" content=\"https:\/\/www.openarms.es\/wp-content\/uploads\/2025\/05\/india-bg.jpg\" \/>\n\t<meta property=\"og:image:width\" content=\"1920\" \/>\n\t<meta property=\"og:image:height\" content=\"1080\" \/>\n\t<meta property=\"og:image:type\" content=\"image\/jpeg\" \/>\n<meta name=\"twitter:card\" content=\"summary_large_image\" \/>\n<meta name=\"twitter:label1\" content=\"Tiempo de lectura\" \/>\n\t<meta name=\"twitter:data1\" content=\"2 minutos\" \/>\n<script type=\"application\/ld+json\" class=\"yoast-schema-graph\">{\"@context\":\"https:\/\/schema.org\",\"@graph\":[{\"@type\":\"WebPage\",\"@id\":\"https:\/\/www.openarms.es\/es\/que-hacemos\/misiones\/vuelos-humanitarios\/india\",\"url\":\"https:\/\/www.openarms.es\/es\/que-hacemos\/misiones\/vuelos-humanitarios\/india\",\"name\":\"India: Env\u00edo urgente de ox\u00edgeno y material m\u00e9dico | Open Arms\",\"isPartOf\":{\"@id\":\"https:\/\/www.openarms.es\/es\/#website\"},\"primaryImageOfPage\":{\"@id\":\"https:\/\/www.openarms.es\/es\/que-hacemos\/misiones\/vuelos-humanitarios\/india#primaryimage\"},\"image\":{\"@id\":\"https:\/\/www.openarms.es\/es\/que-hacemos\/misiones\/vuelos-humanitarios\/india#primaryimage\"},\"thumbnailUrl\":\"https:\/\/www.openarms.es\/wp-content\/uploads\/2025\/05\/india-bg.jpg\",\"datePublished\":\"2025-03-20T11:25:06+00:00\",\"dateModified\":\"2025-06-20T08:10:14+00:00\",\"description\":\"Open Arms envi\u00f3 ox\u00edgeno y material m\u00e9dico a India durante la crisis del Covid-19, en alianza con la Fundaci\u00f3n Vicente Ferrer.\",\"breadcrumb\":{\"@id\":\"https:\/\/www.openarms.es\/es\/que-hacemos\/misiones\/vuelos-humanitarios\/india#breadcrumb\"},\"inLanguage\":\"es\",\"potentialAction\":[{\"@type\":\"ReadAction\",\"target\":[\"https:\/\/www.openarms.es\/es\/que-hacemos\/misiones\/vuelos-humanitarios\/india\"]}]},{\"@type\":\"ImageObject\",\"inLanguage\":\"es\",\"@id\":\"https:\/\/www.openarms.es\/es\/que-hacemos\/misiones\/vuelos-humanitarios\/india#primaryimage\",\"url\":\"https:\/\/www.openarms.es\/wp-content\/uploads\/2025\/05\/india-bg.jpg\",\"contentUrl\":\"https:\/\/www.openarms.es\/wp-content\/uploads\/2025\/05\/india-bg.jpg\",\"width\":1920,\"height\":1080,\"caption\":\"India Open Arms\"},{\"@type\":\"BreadcrumbList\",\"@id\":\"https:\/\/www.openarms.es\/es\/que-hacemos\/misiones\/vuelos-humanitarios\/india#breadcrumb\",\"itemListElement\":[{\"@type\":\"ListItem\",\"position\":1,\"name\":\"Qu\u00e9 Hacemos\",\"item\":\"https:\/\/www.openarms.es\/es\/que-hacemos\"},{\"@type\":\"ListItem\",\"position\":2,\"name\":\"Misiones Humanitarias\",\"item\":\"https:\/\/www.openarms.es\/es\/que-hacemos\/misiones\"},{\"@type\":\"ListItem\",\"position\":3,\"name\":\"Vuelos Humanitarios\",\"item\":\"https:\/\/www.openarms.es\/es\/que-hacemos\/misiones\/vuelos-humanitarios\"},{\"@type\":\"ListItem\",\"position\":4,\"name\":\"India\"}]},{\"@type\":\"WebSite\",\"@id\":\"https:\/\/www.openarms.es\/es\/#website\",\"url\":\"https:\/\/www.openarms.es\/es\/\",\"name\":\"Open Arms\",\"description\":\"\",\"publisher\":{\"@id\":\"https:\/\/www.openarms.es\/es\/#organization\"},\"potentialAction\":[{\"@type\":\"SearchAction\",\"target\":{\"@type\":\"EntryPoint\",\"urlTemplate\":\"https:\/\/www.openarms.es\/es\/?s={search_term_string}\"},\"query-input\":{\"@type\":\"PropertyValueSpecification\",\"valueRequired\":true,\"valueName\":\"search_term_string\"}}],\"inLanguage\":\"es\"},{\"@type\":\"Organization\",\"@id\":\"https:\/\/www.openarms.es\/es\/#organization\",\"name\":\"Open Arms\",\"url\":\"https:\/\/www.openarms.es\/es\/\",\"logo\":{\"@type\":\"ImageObject\",\"inLanguage\":\"es\",\"@id\":\"https:\/\/www.openarms.es\/es\/#\/schema\/logo\/image\/\",\"url\":\"https:\/\/www.openarms.es\/wp-content\/uploads\/2025\/03\/BRAND.svg\",\"contentUrl\":\"https:\/\/www.openarms.es\/wp-content\/uploads\/2025\/03\/BRAND.svg\",\"caption\":\"Open Arms\"},\"image\":{\"@id\":\"https:\/\/www.openarms.es\/es\/#\/schema\/logo\/image\/\"}}]}<\/script>\n<!-- \/ Yoast SEO plugin. -->","yoast_head_json":{"title":"India: Env\u00edo urgente de ox\u00edgeno y material m\u00e9dico | Open Arms","description":"Open Arms envi\u00f3 ox\u00edgeno y material m\u00e9dico a India durante la crisis del Covid-19, en alianza con la Fundaci\u00f3n Vicente Ferrer.","robots":{"index":"index","follow":"follow","max-snippet":"max-snippet:-1","max-image-preview":"max-image-preview:large","max-video-preview":"max-video-preview:-1"},"canonical":"https:\/\/www.openarms.es\/es\/que-hacemos\/misiones\/vuelos-humanitarios\/india","og_locale":"es_ES","og_type":"article","og_title":"India: Env\u00edo urgente de ox\u00edgeno y material m\u00e9dico | Open Arms","og_description":"Open Arms envi\u00f3 ox\u00edgeno y material m\u00e9dico a India durante la crisis del Covid-19, en alianza con la Fundaci\u00f3n Vicente Ferrer.","og_url":"https:\/\/www.openarms.es\/es\/que-hacemos\/misiones\/vuelos-humanitarios\/india","og_site_name":"Open Arms","article_modified_time":"2025-06-20T08:10:14+00:00","og_image":[{"width":1920,"height":1080,"url":"https:\/\/www.openarms.es\/wp-content\/uploads\/2025\/05\/india-bg.jpg","type":"image\/jpeg"}],"twitter_card":"summary_large_image","twitter_misc":{"Tiempo de lectura":"2 minutos"},"schema":{"@context":"https:\/\/schema.org","@graph":[{"@type":"WebPage","@id":"https:\/\/www.openarms.es\/es\/que-hacemos\/misiones\/vuelos-humanitarios\/india","url":"https:\/\/www.openarms.es\/es\/que-hacemos\/misiones\/vuelos-humanitarios\/india","name":"India: Env\u00edo urgente de ox\u00edgeno y material m\u00e9dico | Open Arms","isPartOf":{"@id":"https:\/\/www.openarms.es\/es\/#website"},"primaryImageOfPage":{"@id":"https:\/\/www.openarms.es\/es\/que-hacemos\/misiones\/vuelos-humanitarios\/india#primaryimage"},"image":{"@id":"https:\/\/www.openarms.es\/es\/que-hacemos\/misiones\/vuelos-humanitarios\/india#primaryimage"},"thumbnailUrl":"https:\/\/www.openarms.es\/wp-content\/uploads\/2025\/05\/india-bg.jpg","datePublished":"2025-03-20T11:25:06+00:00","dateModified":"2025-06-20T08:10:14+00:00","description":"Open Arms envi\u00f3 ox\u00edgeno y material m\u00e9dico a India durante la crisis del Covid-19, en alianza con la Fundaci\u00f3n Vicente Ferrer.","breadcrumb":{"@id":"https:\/\/www.openarms.es\/es\/que-hacemos\/misiones\/vuelos-humanitarios\/india#breadcrumb"},"inLanguage":"es","potentialAction":[{"@type":"ReadAction","target":["https:\/\/www.openarms.es\/es\/que-hacemos\/misiones\/vuelos-humanitarios\/india"]}]},{"@type":"ImageObject","inLanguage":"es","@id":"https:\/\/www.openarms.es\/es\/que-hacemos\/misiones\/vuelos-humanitarios\/india#primaryimage","url":"https:\/\/www.openarms.es\/wp-content\/uploads\/2025\/05\/india-bg.jpg","contentUrl":"https:\/\/www.openarms.es\/wp-content\/uploads\/2025\/05\/india-bg.jpg","width":1920,"height":1080,"caption":"India Open Arms"},{"@type":"BreadcrumbList","@id":"https:\/\/www.openarms.es\/es\/que-hacemos\/misiones\/vuelos-humanitarios\/india#breadcrumb","itemListElement":[{"@type":"ListItem","position":1,"name":"Qu\u00e9 Hacemos","item":"https:\/\/www.openarms.es\/es\/que-hacemos"},{"@type":"ListItem","position":2,"name":"Misiones Humanitarias","item":"https:\/\/www.openarms.es\/es\/que-hacemos\/misiones"},{"@type":"ListItem","position":3,"name":"Vuelos Humanitarios","item":"https:\/\/www.openarms.es\/es\/que-hacemos\/misiones\/vuelos-humanitarios"},{"@type":"ListItem","position":4,"name":"India"}]},{"@type":"WebSite","@id":"https:\/\/www.openarms.es\/es\/#website","url":"https:\/\/www.openarms.es\/es\/","name":"Open Arms","description":"","publisher":{"@id":"https:\/\/www.openarms.es\/es\/#organization"},"potentialAction":[{"@type":"SearchAction","target":{"@type":"EntryPoint","urlTemplate":"https:\/\/www.openarms.es\/es\/?s={search_term_string}"},"query-input":{"@type":"PropertyValueSpecification","valueRequired":true,"valueName":"search_term_string"}}],"inLanguage":"es"},{"@type":"Organization","@id":"https:\/\/www.openarms.es\/es\/#organization","name":"Open Arms","url":"https:\/\/www.openarms.es\/es\/","logo":{"@type":"ImageObject","inLanguage":"es","@id":"https:\/\/www.openarms.es\/es\/#\/schema\/logo\/image\/","url":"https:\/\/www.openarms.es\/wp-content\/uploads\/2025\/03\/BRAND.svg","contentUrl":"https:\/\/www.openarms.es\/wp-content\/uploads\/2025\/03\/BRAND.svg","caption":"Open Arms"},"image":{"@id":"https:\/\/www.openarms.es\/es\/#\/schema\/logo\/image\/"}}]}},"_links":{"self":[{"href":"https:\/\/www.openarms.es\/es\/wp-json\/wp\/v2\/pages\/320","targetHints":{"allow":["GET"]}}],"collection":[{"href":"https:\/\/www.openarms.es\/es\/wp-json\/wp\/v2\/pages"}],"about":[{"href":"https:\/\/www.openarms.es\/es\/wp-json\/wp\/v2\/types\/page"}],"author":[{"embeddable":true,"href":"https:\/\/www.openarms.es\/es\/wp-json\/wp\/v2\/users\/1"}],"replies":[{"embeddable":true,"href":"https:\/\/www.openarms.es\/es\/wp-json\/wp\/v2\/comments?post=320"}],"version-history":[{"count":10,"href":"https:\/\/www.openarms.es\/es\/wp-json\/wp\/v2\/pages\/320\/revisions"}],"predecessor-version":[{"id":6357,"href":"https:\/\/www.openarms.es\/es\/wp-json\/wp\/v2\/pages\/320\/revisions\/6357"}],"up":[{"embeddable":true,"href":"https:\/\/www.openarms.es\/es\/wp-json\/wp\/v2\/pages\/199"}],"wp:featuredmedia":[{"embeddable":true,"href":"https:\/\/www.openarms.es\/es\/wp-json\/wp\/v2\/media\/2911"}],"wp:attachment":[{"href":"https:\/\/www.openarms.es\/es\/wp-json\/wp\/v2\/media?parent=320"}],"curies":[{"name":"wp","href":"https:\/\/api.w.org\/{rel}","templated":true}]}}