{"id":430,"date":"2025-03-26T10:26:01","date_gmt":"2025-03-26T10:26:01","guid":{"rendered":"https:\/\/www.openarms.es\/?page_id=430"},"modified":"2025-06-20T07:48:39","modified_gmt":"2025-06-20T07:48:39","slug":"difunde","status":"publish","type":"page","link":"https:\/\/www.openarms.es\/es\/como-ayudar\/difunde","title":{"rendered":"Difunde"},"content":{"rendered":"\n<div class=\"wp-block-cover alignfull ebavs-header-hero-interior\" style=\"min-height:40rem;aspect-ratio:unset;\"><img loading=\"lazy\" decoding=\"async\" width=\"1136\" height=\"442\" class=\"wp-block-cover__image-background wp-image-448\" alt=\"\" src=\"https:\/\/www.openarms.es\/wp-content\/uploads\/2025\/03\/openarms-salvamento.webp\" data-object-fit=\"cover\" srcset=\"https:\/\/www.openarms.es\/wp-content\/uploads\/2025\/03\/openarms-salvamento.webp 1136w, https:\/\/www.openarms.es\/wp-content\/uploads\/2025\/03\/openarms-salvamento-300x117.webp 300w, https:\/\/www.openarms.es\/wp-content\/uploads\/2025\/03\/openarms-salvamento-1024x398.webp 1024w, https:\/\/www.openarms.es\/wp-content\/uploads\/2025\/03\/openarms-salvamento-768x299.webp 768w\" sizes=\"auto, (max-width: 1136px) 100vw, 1136px\" \/><span aria-hidden=\"true\" class=\"wp-block-cover__background has-black-background-color has-background-dim\"><\/span><div class=\"wp-block-cover__inner-container is-layout-flow wp-block-cover-is-layout-flow\">\n<div class=\"wp-block-group alignwide has-global-padding is-layout-constrained wp-container-core-group-is-layout-a8a8a09e wp-block-group-is-layout-constrained\" style=\"margin-top:auto;margin-bottom:auto;padding-right:0;padding-left:0\">\n<div class=\"wp-block-group has-global-padding is-content-justification-left is-layout-constrained wp-container-core-group-is-layout-b58f3518 wp-block-group-is-layout-constrained\">\n<p class=\"has-text-align-left has-base-color has-text-color has-large-font-size\" style=\"font-family:var(--wp--preset--font-family--dinnextltpro)\">C\u00d3MO AYUDAR<\/p>\n\n\n\n<h1 class=\"wp-block-heading has-text-align-left has-base-color has-text-color has-xx-large-font-size\" style=\"margin-top:0;margin-bottom:0\">DIFUNDE<\/h1>\n<\/div>\n<\/div>\n<\/div><\/div>\n\n\n\n<div class=\"wp-block-cover alignfull is-light has-parallax\" style=\"margin-top:0;margin-bottom:0;padding-top:0;padding-right:0;padding-bottom:0;padding-left:0\"><div class=\"wp-block-cover__image-background wp-image-999 has-parallax\" style=\"background-position:50% 50%;background-image:url(https:\/\/www.openarms.es\/wp-content\/themes\/openarms\/assets\/images\/openarms-texture.webp)\"><\/div><span aria-hidden=\"true\" class=\"wp-block-cover__background has-base-background-color has-background-dim-80 has-background-dim\"><\/span><div class=\"wp-block-cover__inner-container is-layout-flow wp-block-cover-is-layout-flow\">\n<div class=\"wp-block-group has-global-padding is-layout-constrained wp-container-core-group-is-layout-8257ab09 wp-block-group-is-layout-constrained\" style=\"margin-top:1rem\">\n<div class=\"wp-block-group alignwide has-global-padding is-layout-constrained wp-block-group-is-layout-constrained\"><div class=\"yoast-breadcrumbs\"><span><span><a href=\"https:\/\/www.openarms.es\/es\/como-ayudar\">C\u00f3mo ayudar<\/a><\/span> &gt; <span class=\"breadcrumb_last\" aria-current=\"page\">Difunde<\/span><\/span><\/div>\n\n\n<hr class=\"wp-block-separator has-text-color has-gray-color has-alpha-channel-opacity has-gray-background-color has-background is-style-default\" style=\"margin-top:1rem;margin-bottom:4rem\"\/>\n<\/div>\n<\/div>\n\n\n\n<div class=\"wp-block-group has-global-padding is-layout-constrained wp-block-group-is-layout-constrained\" style=\"margin-bottom:var(--wp--preset--spacing--64)\">\n<div class=\"wp-block-group has-global-padding is-layout-constrained wp-block-group-is-layout-constrained\">\n<div class=\"wp-block-columns alignwide ebavs-space-between is-layout-flex wp-container-core-columns-is-layout-643ced6b wp-block-columns-is-layout-flex\">\n<div class=\"wp-block-column is-layout-flow wp-block-column-is-layout-flow\" style=\"flex-basis:33%\">\n<h2 class=\"wp-block-heading has-contrast-color has-text-color has-x-large-font-size\" style=\"margin-top:0\">Divulga nuestra labor<\/h2>\n<\/div>\n\n\n\n<div class=\"wp-block-column is-layout-flow wp-block-column-is-layout-flow\" style=\"flex-basis:50%\">\n<p class=\"has-dark-gray-color has-text-color has-medium-font-size\" style=\"line-height:1.14em\">Hay muchas formas de hacerlo. S\u00e9 creativo o creativa. Te dejamos algunas ideas:<\/p>\n<\/div>\n<\/div>\n<\/div>\n\n\n\n<div class=\"wp-block-columns is-layout-flex wp-container-core-columns-is-layout-28f84493 wp-block-columns-is-layout-flex\">\n<div class=\"wp-block-column is-layout-flow wp-block-column-is-layout-flow\">\n<div class=\"wp-block-columns is-not-stacked-on-mobile is-layout-flex wp-container-core-columns-is-layout-8f061566 wp-block-columns-is-layout-flex\" style=\"margin-bottom:3rem\">\n<div class=\"wp-block-column has-global-padding is-content-justification-center is-layout-constrained wp-container-core-column-is-layout-91bde7bd wp-block-column-is-layout-constrained\" style=\"flex-basis:30%\">\n<figure class=\"wp-block-image alignfull size-full difunde-icon\"><img loading=\"lazy\" decoding=\"async\" width=\"160\" height=\"160\" src=\"https:\/\/www.openarms.es\/wp-content\/uploads\/2025\/06\/icon-like.svg\" alt=\"Icono Like Open Arms\" class=\"wp-image-4613\"\/><\/figure>\n<\/div>\n\n\n\n<div class=\"wp-block-column is-vertically-aligned-center is-style-default is-layout-flow wp-block-column-is-layout-flow\" style=\"padding-right:0;padding-left:0;flex-basis:70%\">\n<p class=\"has-dark-gray-color has-text-color has-link-color has-small-font-size wp-elements-3a1195f2c19a531bb4c69c4cdb5d4deb\" style=\"margin-top:0;margin-bottom:0\">S\u00edguenos en <a href=\"https:\/\/www.instagram.com\/openarms_fund\" target=\"_blank\" rel=\"noreferrer noopener\">Instagram<\/a>, <a href=\"https:\/\/www.facebook.com\/openarmsfund\" target=\"_blank\" rel=\"noreferrer noopener\">Facebook<\/a>, <a href=\"https:\/\/bsky.app\/profile\/openarmsfund.bsky.social\" target=\"_blank\" rel=\"noreferrer noopener\">Bluesky<\/a> y <a href=\"https:\/\/www.linkedin.com\/company\/open-arms-fund\/\" target=\"_blank\" rel=\"noreferrer noopener\">Linkedin<\/a>. Comparte nuestras historias y publicaciones.<\/p>\n<\/div>\n<\/div>\n\n\n\n<div class=\"wp-block-columns is-not-stacked-on-mobile is-layout-flex wp-container-core-columns-is-layout-8f061566 wp-block-columns-is-layout-flex\" style=\"margin-bottom:3rem\">\n<div class=\"wp-block-column has-global-padding is-content-justification-center is-layout-constrained wp-container-core-column-is-layout-91bde7bd wp-block-column-is-layout-constrained\" style=\"flex-basis:30%\">\n<figure class=\"wp-block-image alignfull size-full difunde-icon\"><img loading=\"lazy\" decoding=\"async\" width=\"160\" height=\"160\" src=\"https:\/\/www.openarms.es\/wp-content\/uploads\/2025\/06\/icon-hablar.svg\" alt=\"Icono hablar Open Arms\" class=\"wp-image-4597\"\/><\/figure>\n<\/div>\n\n\n\n<div class=\"wp-block-column is-vertically-aligned-center is-style-default is-layout-flow wp-block-column-is-layout-flow\" style=\"padding-right:0;padding-left:0;flex-basis:70%\">\n<p class=\"has-dark-gray-color has-text-color has-link-color has-small-font-size wp-elements-63c32d75909631c9c4142d35549c3032\" style=\"margin-top:0;margin-bottom:0\">Haz una charla en tu trabajo para contarles lo que sabes sobre Open Arms.<\/p>\n<\/div>\n<\/div>\n\n\n\n<div class=\"wp-block-columns is-not-stacked-on-mobile is-layout-flex wp-container-core-columns-is-layout-8f061566 wp-block-columns-is-layout-flex\" style=\"margin-bottom:3rem\">\n<div class=\"wp-block-column has-global-padding is-content-justification-center is-layout-constrained wp-container-core-column-is-layout-91bde7bd wp-block-column-is-layout-constrained\" style=\"flex-basis:30%\">\n<figure class=\"wp-block-image alignfull size-full difunde-icon\"><img loading=\"lazy\" decoding=\"async\" width=\"160\" height=\"160\" src=\"https:\/\/www.openarms.es\/wp-content\/uploads\/2025\/06\/icon-comida.svg\" alt=\"Icono Comida Solidaria Open Arms\" class=\"wp-image-4608\"\/><\/figure>\n<\/div>\n\n\n\n<div class=\"wp-block-column is-vertically-aligned-center is-style-default is-layout-flow wp-block-column-is-layout-flow\" style=\"padding-right:0;padding-left:0;flex-basis:70%\">\n<p class=\"has-dark-gray-color has-text-color has-link-color has-small-font-size wp-elements-eb65f8e2ee38b7734ee3c1f6c229359a\" style=\"margin-top:0;margin-bottom:0\">Haz una comida solidaria en tu barrio o pueblo.<\/p>\n<\/div>\n<\/div>\n\n\n\n<div class=\"wp-block-columns is-not-stacked-on-mobile is-layout-flex wp-container-core-columns-is-layout-8f061566 wp-block-columns-is-layout-flex\" style=\"margin-bottom:3rem\">\n<div class=\"wp-block-column has-global-padding is-content-justification-center is-layout-constrained wp-container-core-column-is-layout-91bde7bd wp-block-column-is-layout-constrained\" style=\"flex-basis:30%\">\n<figure class=\"wp-block-image alignfull size-full difunde-icon\"><img loading=\"lazy\" decoding=\"async\" width=\"160\" height=\"160\" src=\"https:\/\/www.openarms.es\/wp-content\/uploads\/2025\/06\/icon-hablar.svg\" alt=\"Icono hablar Open Arms\" class=\"wp-image-4597\"\/><\/figure>\n<\/div>\n\n\n\n<div class=\"wp-block-column is-vertically-aligned-center is-style-default is-layout-flow wp-block-column-is-layout-flow\" style=\"padding-right:0;padding-left:0;flex-basis:70%\">\n<p class=\"has-dark-gray-color has-text-color has-link-color has-small-font-size wp-elements-5342bc56811e0575e8a6f96515525daf\" style=\"margin-top:0;margin-bottom:0\">Habla con tus amigos y familia sobre nuestra labor.<\/p>\n<\/div>\n<\/div>\n<\/div>\n\n\n\n<div class=\"wp-block-column is-layout-flow wp-block-column-is-layout-flow\">\n<div class=\"wp-block-columns is-not-stacked-on-mobile is-layout-flex wp-container-core-columns-is-layout-8f061566 wp-block-columns-is-layout-flex\" style=\"margin-bottom:3rem\">\n<div class=\"wp-block-column has-global-padding is-content-justification-center is-layout-constrained wp-container-core-column-is-layout-91bde7bd wp-block-column-is-layout-constrained\" style=\"flex-basis:30%\">\n<figure class=\"wp-block-image alignfull size-full difunde-icon\"><img loading=\"lazy\" decoding=\"async\" width=\"160\" height=\"160\" src=\"https:\/\/www.openarms.es\/wp-content\/uploads\/2025\/06\/icon-correr.svg\" alt=\"Icono Carrera Solidaria Open Arms\" class=\"wp-image-4603\"\/><\/figure>\n<\/div>\n\n\n\n<div class=\"wp-block-column is-vertically-aligned-center is-style-default is-layout-flow wp-block-column-is-layout-flow\" style=\"padding-right:0;padding-left:0;flex-basis:70%\">\n<p class=\"has-dark-gray-color has-text-color has-link-color has-small-font-size wp-elements-6a621da172d7a3bec90772c239a49b15\" style=\"margin-top:0;margin-bottom:0\">Organiza una carrera y corre por nuestra causa.<\/p>\n<\/div>\n<\/div>\n\n\n\n<div class=\"wp-block-columns is-not-stacked-on-mobile is-layout-flex wp-container-core-columns-is-layout-8f061566 wp-block-columns-is-layout-flex\" style=\"margin-bottom:3rem\">\n<div class=\"wp-block-column has-global-padding is-content-justification-center is-layout-constrained wp-container-core-column-is-layout-91bde7bd wp-block-column-is-layout-constrained\" style=\"flex-basis:30%\">\n<figure class=\"wp-block-image alignfull size-full difunde-icon\"><img loading=\"lazy\" decoding=\"async\" width=\"160\" height=\"160\" src=\"https:\/\/www.openarms.es\/wp-content\/uploads\/2025\/06\/icon-pastel.svg\" alt=\"Icono Pastel Solidario Open Arms\" class=\"wp-image-4618\"\/><\/figure>\n<\/div>\n\n\n\n<div class=\"wp-block-column is-vertically-aligned-center is-style-default is-layout-flow wp-block-column-is-layout-flow\" style=\"padding-right:0;padding-left:0;flex-basis:70%\">\n<p class=\"has-dark-gray-color has-text-color has-link-color has-small-font-size wp-elements-fae756610caa910326d31def67863435\" style=\"margin-top:0;margin-bottom:0\">Haz pasteles solidarios y v\u00e9ndelos para recaudar donativos.<\/p>\n<\/div>\n<\/div>\n\n\n\n<div class=\"wp-block-columns is-not-stacked-on-mobile is-layout-flex wp-container-core-columns-is-layout-8f061566 wp-block-columns-is-layout-flex\" style=\"margin-bottom:3rem\">\n<div class=\"wp-block-column has-global-padding is-content-justification-center is-layout-constrained wp-container-core-column-is-layout-91bde7bd wp-block-column-is-layout-constrained\" style=\"flex-basis:30%\">\n<figure class=\"wp-block-image alignfull size-full difunde-icon\"><img loading=\"lazy\" decoding=\"async\" width=\"160\" height=\"160\" src=\"https:\/\/www.openarms.es\/wp-content\/uploads\/2025\/06\/icon-regalo.svg\" alt=\"Icono Regalo Solidario Open Arms\" class=\"wp-image-4623\"\/><\/figure>\n<\/div>\n\n\n\n<div class=\"wp-block-column is-vertically-aligned-center is-style-default is-layout-flow wp-block-column-is-layout-flow\" style=\"padding-right:0;padding-left:0;flex-basis:70%\">\n<p class=\"has-dark-gray-color has-text-color has-link-color has-small-font-size wp-elements-ca7fa9ce098fdb41be1aa733ed80fe7e\" style=\"margin-top:0;margin-bottom:0\">Haz regalos solidarios. Compra en la <a href=\"https:\/\/regalosalvavidas.openarms.es\/\" data-type=\"link\" data-id=\"https:\/\/regalosalvavidas.openarms.es\/\" target=\"_blank\" rel=\"noreferrer noopener\">tienda online<\/a> algunos de nuestros regalos salvavidas o regala una donaci\u00f3n en nombre de un amigo.<\/p>\n<\/div>\n<\/div>\n\n\n\n<div class=\"wp-block-columns is-not-stacked-on-mobile is-layout-flex wp-container-core-columns-is-layout-8f061566 wp-block-columns-is-layout-flex\" style=\"margin-bottom:3rem\">\n<div class=\"wp-block-column has-global-padding is-content-justification-center is-layout-constrained wp-container-core-column-is-layout-91bde7bd wp-block-column-is-layout-constrained\" style=\"flex-basis:30%\">\n<figure class=\"wp-block-image alignfull size-full difunde-icon\"><img loading=\"lazy\" decoding=\"async\" width=\"160\" height=\"160\" src=\"https:\/\/www.openarms.es\/wp-content\/uploads\/2025\/06\/icon-sobre.svg\" alt=\"Icono Email Open Arms\" class=\"wp-image-4592\"\/><\/figure>\n<\/div>\n\n\n\n<div class=\"wp-block-column is-vertically-aligned-center is-style-default is-layout-flow wp-block-column-is-layout-flow\" style=\"padding-right:0;padding-left:0;flex-basis:70%\">\n<p class=\"has-dark-gray-color has-text-color has-link-color has-small-font-size wp-elements-4b62edfeb10a2816babb14d1c97d69d9\" style=\"margin-top:0;margin-bottom:0\">Si quieres m\u00e1s ideas contacta con nosotros a trav\u00e9s de nuestro e-mail <a href=\"mailto:info@openarms.es\">info@openarms.es<\/a><\/p>\n<\/div>\n<\/div>\n<\/div>\n<\/div>\n<\/div>\n<\/div><\/div>\n","protected":false},"excerpt":{"rendered":"","protected":false},"author":1,"featured_media":448,"parent":26,"menu_order":0,"comment_status":"closed","ping_status":"closed","template":"page-interior","meta":{"content-type":"","footnotes":""},"class_list":["post-430","page","type-page","status-publish","has-post-thumbnail","hentry"],"yoast_head":"<!-- This site is optimized with the Yoast SEO plugin v25.9 - https:\/\/yoast.com\/wordpress\/plugins\/seo\/ -->\n<title>Difunde: Comparte y apoya nuestra misi\u00f3n | Open Arms<\/title>\n<meta name=\"description\" content=\"Habla de Open Arms, comparte en redes, organiza acciones solidarias o crea tu campa\u00f1a. Tu voz tambi\u00e9n puede salvar vidas.\" \/>\n<meta name=\"robots\" content=\"index, follow, max-snippet:-1, max-image-preview:large, max-video-preview:-1\" \/>\n<link rel=\"canonical\" href=\"https:\/\/www.openarms.es\/es\/como-ayudar\/difunde\" \/>\n<meta property=\"og:locale\" content=\"es_ES\" \/>\n<meta property=\"og:type\" content=\"article\" \/>\n<meta property=\"og:title\" content=\"Difunde: Comparte y apoya nuestra misi\u00f3n | Open Arms\" \/>\n<meta property=\"og:description\" content=\"Habla de Open Arms, comparte en redes, organiza acciones solidarias o crea tu campa\u00f1a. Tu voz tambi\u00e9n puede salvar vidas.\" \/>\n<meta property=\"og:url\" content=\"https:\/\/www.openarms.es\/es\/como-ayudar\/difunde\" \/>\n<meta property=\"og:site_name\" content=\"Open Arms\" \/>\n<meta property=\"article:modified_time\" content=\"2025-06-20T07:48:39+00:00\" \/>\n<meta property=\"og:image\" content=\"https:\/\/www.openarms.es\/wp-content\/uploads\/2025\/03\/openarms-salvamento.webp\" \/>\n\t<meta property=\"og:image:width\" content=\"1136\" \/>\n\t<meta property=\"og:image:height\" content=\"442\" \/>\n\t<meta property=\"og:image:type\" content=\"image\/webp\" \/>\n<meta name=\"twitter:card\" content=\"summary_large_image\" \/>\n<meta name=\"twitter:label1\" content=\"Tiempo de lectura\" \/>\n\t<meta name=\"twitter:data1\" content=\"3 minutos\" \/>\n<script type=\"application\/ld+json\" class=\"yoast-schema-graph\">{\"@context\":\"https:\/\/schema.org\",\"@graph\":[{\"@type\":\"WebPage\",\"@id\":\"https:\/\/www.openarms.es\/es\/como-ayudar\/difunde\",\"url\":\"https:\/\/www.openarms.es\/es\/como-ayudar\/difunde\",\"name\":\"Difunde: Comparte y apoya nuestra misi\u00f3n | Open Arms\",\"isPartOf\":{\"@id\":\"https:\/\/www.openarms.es\/es\/#website\"},\"primaryImageOfPage\":{\"@id\":\"https:\/\/www.openarms.es\/es\/como-ayudar\/difunde#primaryimage\"},\"image\":{\"@id\":\"https:\/\/www.openarms.es\/es\/como-ayudar\/difunde#primaryimage\"},\"thumbnailUrl\":\"https:\/\/www.openarms.es\/wp-content\/uploads\/2025\/03\/openarms-salvamento.webp\",\"datePublished\":\"2025-03-26T10:26:01+00:00\",\"dateModified\":\"2025-06-20T07:48:39+00:00\",\"description\":\"Habla de Open Arms, comparte en redes, organiza acciones solidarias o crea tu campa\u00f1a. Tu voz tambi\u00e9n puede salvar vidas.\",\"breadcrumb\":{\"@id\":\"https:\/\/www.openarms.es\/es\/como-ayudar\/difunde#breadcrumb\"},\"inLanguage\":\"es\",\"potentialAction\":[{\"@type\":\"ReadAction\",\"target\":[\"https:\/\/www.openarms.es\/es\/como-ayudar\/difunde\"]}]},{\"@type\":\"ImageObject\",\"inLanguage\":\"es\",\"@id\":\"https:\/\/www.openarms.es\/es\/como-ayudar\/difunde#primaryimage\",\"url\":\"https:\/\/www.openarms.es\/wp-content\/uploads\/2025\/03\/openarms-salvamento.webp\",\"contentUrl\":\"https:\/\/www.openarms.es\/wp-content\/uploads\/2025\/03\/openarms-salvamento.webp\",\"width\":1136,\"height\":442,\"caption\":\"Salvamento en Mar Open Arms\"},{\"@type\":\"BreadcrumbList\",\"@id\":\"https:\/\/www.openarms.es\/es\/como-ayudar\/difunde#breadcrumb\",\"itemListElement\":[{\"@type\":\"ListItem\",\"position\":1,\"name\":\"C\u00f3mo ayudar\",\"item\":\"https:\/\/www.openarms.es\/es\/como-ayudar\"},{\"@type\":\"ListItem\",\"position\":2,\"name\":\"Difunde\"}]},{\"@type\":\"WebSite\",\"@id\":\"https:\/\/www.openarms.es\/es\/#website\",\"url\":\"https:\/\/www.openarms.es\/es\/\",\"name\":\"Open Arms\",\"description\":\"\",\"publisher\":{\"@id\":\"https:\/\/www.openarms.es\/es\/#organization\"},\"potentialAction\":[{\"@type\":\"SearchAction\",\"target\":{\"@type\":\"EntryPoint\",\"urlTemplate\":\"https:\/\/www.openarms.es\/es\/?s={search_term_string}\"},\"query-input\":{\"@type\":\"PropertyValueSpecification\",\"valueRequired\":true,\"valueName\":\"search_term_string\"}}],\"inLanguage\":\"es\"},{\"@type\":\"Organization\",\"@id\":\"https:\/\/www.openarms.es\/es\/#organization\",\"name\":\"Open Arms\",\"url\":\"https:\/\/www.openarms.es\/es\/\",\"logo\":{\"@type\":\"ImageObject\",\"inLanguage\":\"es\",\"@id\":\"https:\/\/www.openarms.es\/es\/#\/schema\/logo\/image\/\",\"url\":\"https:\/\/www.openarms.es\/wp-content\/uploads\/2025\/03\/BRAND.svg\",\"contentUrl\":\"https:\/\/www.openarms.es\/wp-content\/uploads\/2025\/03\/BRAND.svg\",\"caption\":\"Open Arms\"},\"image\":{\"@id\":\"https:\/\/www.openarms.es\/es\/#\/schema\/logo\/image\/\"}}]}<\/script>\n<!-- \/ Yoast SEO plugin. -->","yoast_head_json":{"title":"Difunde: Comparte y apoya nuestra misi\u00f3n | Open Arms","description":"Habla de Open Arms, comparte en redes, organiza acciones solidarias o crea tu campa\u00f1a. Tu voz tambi\u00e9n puede salvar vidas.","robots":{"index":"index","follow":"follow","max-snippet":"max-snippet:-1","max-image-preview":"max-image-preview:large","max-video-preview":"max-video-preview:-1"},"canonical":"https:\/\/www.openarms.es\/es\/como-ayudar\/difunde","og_locale":"es_ES","og_type":"article","og_title":"Difunde: Comparte y apoya nuestra misi\u00f3n | Open Arms","og_description":"Habla de Open Arms, comparte en redes, organiza acciones solidarias o crea tu campa\u00f1a. Tu voz tambi\u00e9n puede salvar vidas.","og_url":"https:\/\/www.openarms.es\/es\/como-ayudar\/difunde","og_site_name":"Open Arms","article_modified_time":"2025-06-20T07:48:39+00:00","og_image":[{"width":1136,"height":442,"url":"https:\/\/www.openarms.es\/wp-content\/uploads\/2025\/03\/openarms-salvamento.webp","type":"image\/webp"}],"twitter_card":"summary_large_image","twitter_misc":{"Tiempo de lectura":"3 minutos"},"schema":{"@context":"https:\/\/schema.org","@graph":[{"@type":"WebPage","@id":"https:\/\/www.openarms.es\/es\/como-ayudar\/difunde","url":"https:\/\/www.openarms.es\/es\/como-ayudar\/difunde","name":"Difunde: Comparte y apoya nuestra misi\u00f3n | Open Arms","isPartOf":{"@id":"https:\/\/www.openarms.es\/es\/#website"},"primaryImageOfPage":{"@id":"https:\/\/www.openarms.es\/es\/como-ayudar\/difunde#primaryimage"},"image":{"@id":"https:\/\/www.openarms.es\/es\/como-ayudar\/difunde#primaryimage"},"thumbnailUrl":"https:\/\/www.openarms.es\/wp-content\/uploads\/2025\/03\/openarms-salvamento.webp","datePublished":"2025-03-26T10:26:01+00:00","dateModified":"2025-06-20T07:48:39+00:00","description":"Habla de Open Arms, comparte en redes, organiza acciones solidarias o crea tu campa\u00f1a. Tu voz tambi\u00e9n puede salvar vidas.","breadcrumb":{"@id":"https:\/\/www.openarms.es\/es\/como-ayudar\/difunde#breadcrumb"},"inLanguage":"es","potentialAction":[{"@type":"ReadAction","target":["https:\/\/www.openarms.es\/es\/como-ayudar\/difunde"]}]},{"@type":"ImageObject","inLanguage":"es","@id":"https:\/\/www.openarms.es\/es\/como-ayudar\/difunde#primaryimage","url":"https:\/\/www.openarms.es\/wp-content\/uploads\/2025\/03\/openarms-salvamento.webp","contentUrl":"https:\/\/www.openarms.es\/wp-content\/uploads\/2025\/03\/openarms-salvamento.webp","width":1136,"height":442,"caption":"Salvamento en Mar Open Arms"},{"@type":"BreadcrumbList","@id":"https:\/\/www.openarms.es\/es\/como-ayudar\/difunde#breadcrumb","itemListElement":[{"@type":"ListItem","position":1,"name":"C\u00f3mo ayudar","item":"https:\/\/www.openarms.es\/es\/como-ayudar"},{"@type":"ListItem","position":2,"name":"Difunde"}]},{"@type":"WebSite","@id":"https:\/\/www.openarms.es\/es\/#website","url":"https:\/\/www.openarms.es\/es\/","name":"Open Arms","description":"","publisher":{"@id":"https:\/\/www.openarms.es\/es\/#organization"},"potentialAction":[{"@type":"SearchAction","target":{"@type":"EntryPoint","urlTemplate":"https:\/\/www.openarms.es\/es\/?s={search_term_string}"},"query-input":{"@type":"PropertyValueSpecification","valueRequired":true,"valueName":"search_term_string"}}],"inLanguage":"es"},{"@type":"Organization","@id":"https:\/\/www.openarms.es\/es\/#organization","name":"Open Arms","url":"https:\/\/www.openarms.es\/es\/","logo":{"@type":"ImageObject","inLanguage":"es","@id":"https:\/\/www.openarms.es\/es\/#\/schema\/logo\/image\/","url":"https:\/\/www.openarms.es\/wp-content\/uploads\/2025\/03\/BRAND.svg","contentUrl":"https:\/\/www.openarms.es\/wp-content\/uploads\/2025\/03\/BRAND.svg","caption":"Open Arms"},"image":{"@id":"https:\/\/www.openarms.es\/es\/#\/schema\/logo\/image\/"}}]}},"_links":{"self":[{"href":"https:\/\/www.openarms.es\/es\/wp-json\/wp\/v2\/pages\/430","targetHints":{"allow":["GET"]}}],"collection":[{"href":"https:\/\/www.openarms.es\/es\/wp-json\/wp\/v2\/pages"}],"about":[{"href":"https:\/\/www.openarms.es\/es\/wp-json\/wp\/v2\/types\/page"}],"author":[{"embeddable":true,"href":"https:\/\/www.openarms.es\/es\/wp-json\/wp\/v2\/users\/1"}],"replies":[{"embeddable":true,"href":"https:\/\/www.openarms.es\/es\/wp-json\/wp\/v2\/comments?post=430"}],"version-history":[{"count":10,"href":"https:\/\/www.openarms.es\/es\/wp-json\/wp\/v2\/pages\/430\/revisions"}],"predecessor-version":[{"id":4888,"href":"https:\/\/www.openarms.es\/es\/wp-json\/wp\/v2\/pages\/430\/revisions\/4888"}],"up":[{"embeddable":true,"href":"https:\/\/www.openarms.es\/es\/wp-json\/wp\/v2\/pages\/26"}],"wp:featuredmedia":[{"embeddable":true,"href":"https:\/\/www.openarms.es\/es\/wp-json\/wp\/v2\/media\/448"}],"wp:attachment":[{"href":"https:\/\/www.openarms.es\/es\/wp-json\/wp\/v2\/media?parent=430"}],"curies":[{"name":"wp","href":"https:\/\/api.w.org\/{rel}","templated":true}]}}