{"id":479,"date":"2025-03-27T09:45:06","date_gmt":"2025-03-27T09:45:06","guid":{"rendered":"https:\/\/www.openarms.es\/?page_id=479"},"modified":"2025-06-20T08:16:37","modified_gmt":"2025-06-20T08:16:37","slug":"los-inicios-lesbos","status":"publish","type":"page","link":"https:\/\/www.openarms.es\/es\/quienes-somos\/los-inicios-lesbos","title":{"rendered":"Los Inicios (LESBOS)"},"content":{"rendered":"\n<div class=\"wp-block-cover alignfull ebavs-header-hero-interior\" style=\"min-height:40rem;aspect-ratio:unset;\"><img loading=\"lazy\" decoding=\"async\" width=\"1772\" height=\"1181\" class=\"wp-block-cover__image-background wp-image-483\" alt=\"\" src=\"https:\/\/www.openarms.es\/wp-content\/uploads\/2025\/03\/openarms-inicios-lesbos.webp\" data-object-fit=\"cover\" srcset=\"https:\/\/www.openarms.es\/wp-content\/uploads\/2025\/03\/openarms-inicios-lesbos.webp 1772w, https:\/\/www.openarms.es\/wp-content\/uploads\/2025\/03\/openarms-inicios-lesbos-300x200.webp 300w, https:\/\/www.openarms.es\/wp-content\/uploads\/2025\/03\/openarms-inicios-lesbos-1024x682.webp 1024w, https:\/\/www.openarms.es\/wp-content\/uploads\/2025\/03\/openarms-inicios-lesbos-768x512.webp 768w, https:\/\/www.openarms.es\/wp-content\/uploads\/2025\/03\/openarms-inicios-lesbos-1536x1024.webp 1536w\" sizes=\"auto, (max-width: 1772px) 100vw, 1772px\" \/><span aria-hidden=\"true\" class=\"wp-block-cover__background has-black-background-color has-background-dim\"><\/span><div class=\"wp-block-cover__inner-container is-layout-flow wp-block-cover-is-layout-flow\">\n<div class=\"wp-block-group alignwide has-global-padding is-layout-constrained wp-container-core-group-is-layout-a8a8a09e wp-block-group-is-layout-constrained\" style=\"margin-top:auto;margin-bottom:auto;padding-right:0;padding-left:0\">\n<div class=\"wp-block-group has-global-padding is-content-justification-left is-layout-constrained wp-container-core-group-is-layout-b58f3518 wp-block-group-is-layout-constrained\">\n<p class=\"has-text-align-left has-base-color has-text-color has-large-font-size\" style=\"font-family:var(--wp--preset--font-family--dinnextltpro)\">QUI\u00c9NES SOMOS<\/p>\n\n\n\n<h1 class=\"wp-block-heading has-text-align-left has-base-color has-text-color has-xx-large-font-size\" style=\"margin-top:0;margin-bottom:0\">Los INICIOS (LESBOS)<\/h1>\n\n\n\n<p class=\"has-base-color has-text-color has-link-color wp-elements-b844948f9afd7903affbcec2c3853d2e\" style=\"margin-top:0;margin-bottom:0\">Si la imagen del peque\u00f1o Alan Kurdi tambi\u00e9n te conmovi\u00f3, eres de los nuestros.<\/p>\n\n\n\n<div class=\"wp-block-buttons is-content-justification-left is-layout-flex wp-container-core-buttons-is-layout-fc4fd283 wp-block-buttons-is-layout-flex\">\n<div class=\"wp-block-button\"><a class=\"wp-block-button__link has-contrast-color has-base-background-color has-text-color has-background has-dinnextltpro-font-family has-custom-font-size wp-element-button\" href=\"https:\/\/help.openarms.es\/miembro-openarms\/?lang=es\" style=\"padding-top:16px;padding-right:24px;padding-bottom:14px;padding-left:24px;font-size:clamp(0.875rem, 0.875rem + ((1vw - 0.2rem) * 0.302), 1.13rem);font-style:normal;font-weight:700;line-height:1;text-transform:uppercase\" target=\"_blank\" rel=\"noreferrer noopener\">Hazte miembro<\/a><\/div>\n<\/div>\n<\/div>\n<\/div>\n<\/div><\/div>\n\n\n\n<div class=\"wp-block-cover alignfull is-light has-parallax\" style=\"margin-top:0;margin-bottom:0;padding-top:0;padding-right:0;padding-bottom:0;padding-left:0\"><div class=\"wp-block-cover__image-background wp-image-999 has-parallax\" style=\"background-position:50% 50%;background-image:url(https:\/\/www.openarms.es\/wp-content\/themes\/openarms\/assets\/images\/openarms-texture.webp)\"><\/div><span aria-hidden=\"true\" class=\"wp-block-cover__background has-base-background-color has-background-dim-80 has-background-dim\"><\/span><div class=\"wp-block-cover__inner-container is-layout-flow wp-block-cover-is-layout-flow\">\n<div class=\"wp-block-group has-global-padding is-layout-constrained wp-block-group-is-layout-constrained\" style=\"margin-top:1rem\"><div class=\"yoast-breadcrumbs\"><span><span><a href=\"https:\/\/www.openarms.es\/es\/quienes-somos\">Qui\u00e9nes Somos<\/a><\/span> &gt; <span class=\"breadcrumb_last\" aria-current=\"page\">Los Inicios (LESBOS)<\/span><\/span><\/div>\n\n\n<hr class=\"wp-block-separator has-text-color has-gray-color has-alpha-channel-opacity has-gray-background-color has-background is-style-default\" style=\"margin-top:1rem;margin-bottom:4rem\"\/>\n<\/div>\n\n\n\n<div class=\"wp-block-group has-global-padding is-layout-constrained wp-block-group-is-layout-constrained\">\n<div class=\"wp-block-group has-global-padding is-layout-constrained wp-block-group-is-layout-constrained\">\n<div class=\"wp-block-columns alignwide ebavs-space-between is-layout-flex wp-container-core-columns-is-layout-643ced6b wp-block-columns-is-layout-flex\">\n<div class=\"wp-block-column is-layout-flow wp-block-column-is-layout-flow\" style=\"flex-basis:33%\">\n<h2 class=\"wp-block-heading has-contrast-color has-text-color has-x-large-font-size\" style=\"margin-top:0\">Nuestra primera misi\u00f3n: Lesbos<\/h2>\n<\/div>\n\n\n\n<div class=\"wp-block-column is-layout-flow wp-block-column-is-layout-flow\" style=\"flex-basis:50%\">\n<p class=\"has-dark-gray-color has-text-color has-medium-font-size\" style=\"line-height:1.14em\">Para septiembre de 2015, ya llev\u00e1bamos a\u00f1os siendo socorristas. Pero la fotograf\u00eda del peque\u00f1o Alan Kurdi ahogado en una playa nos hizo viajar de urgencia a Lesbos para socorrer a cientos de refugiados sirios y de otros pa\u00edses como Afganist\u00e1n o Iraq que hu\u00edan de guerras y conflictos.<br>&nbsp;<br>Llegamos a la costa griega con 15.000 \u20ac de nuestros bolsillos. Los invertimos en ayudar en tareas de salvamento durante un mes. Conseguimos proteger a m\u00e1s de 20 embarcaciones al d\u00eda, con unas 60 personas en cada una de ellas, incluyendo ancianos y ni\u00f1os. Cuando emprendimos el viaje no esper\u00e1bamos recibir donaciones, pero despu\u00e9s de aquello, empezaron a llegar.<\/p>\n<\/div>\n<\/div>\n<\/div>\n\n\n\n<figure class=\"wp-block-image aligncenter size-large is-resized has-custom-border h-lesbos\" style=\"margin-top:3rem;margin-bottom:4rem\"><img loading=\"lazy\" decoding=\"async\" width=\"1024\" height=\"683\" src=\"https:\/\/www.openarms.es\/wp-content\/uploads\/2025\/06\/lesbos-image-02-1024x683.jpg\" alt=\"Rescate Lesbos Open Arms\" class=\"wp-image-4667\" style=\"border-style:none;border-width:0px;border-radius:16px;aspect-ratio:16\/9;object-fit:cover;width:auto;height:600px\" srcset=\"https:\/\/www.openarms.es\/wp-content\/uploads\/2025\/06\/lesbos-image-02-1024x683.jpg 1024w, https:\/\/www.openarms.es\/wp-content\/uploads\/2025\/06\/lesbos-image-02-300x200.jpg 300w, https:\/\/www.openarms.es\/wp-content\/uploads\/2025\/06\/lesbos-image-02-768x512.jpg 768w, https:\/\/www.openarms.es\/wp-content\/uploads\/2025\/06\/lesbos-image-02-1536x1024.jpg 1536w, https:\/\/www.openarms.es\/wp-content\/uploads\/2025\/06\/lesbos-image-02.jpg 1920w\" sizes=\"auto, (max-width: 1024px) 100vw, 1024px\" \/><\/figure>\n\n\n\n<hr class=\"wp-block-separator has-text-color has-contrast-color has-alpha-channel-opacity has-contrast-background-color has-background is-style-wide is-style-wide--1\" style=\"margin-top:4rem;margin-bottom:4rem\"\/>\n\n\n\n<div class=\"wp-block-group has-global-padding is-layout-constrained wp-block-group-is-layout-constrained\">\n<div class=\"wp-block-columns alignwide ebavs-space-between is-layout-flex wp-container-core-columns-is-layout-643ced6b wp-block-columns-is-layout-flex\">\n<div class=\"wp-block-column is-layout-flow wp-block-column-is-layout-flow\" style=\"flex-basis:30%\">\n<h3 class=\"wp-block-heading has-dinnextltpro-font-family\">\u00bfQu\u00e9 logramos?<\/h3>\n<\/div>\n\n\n\n<div class=\"wp-block-column is-layout-flow wp-block-column-is-layout-flow\" style=\"flex-basis:70%\">\n<p class=\"has-dark-gray-color has-text-color has-small-font-size\" style=\"line-height:1.14em\">Desde septiembre de 2015 hasta marzo de 2016, fecha del acuerdo entre la Uni\u00f3n Europea y Turqu\u00eda para cortar la v\u00eda de migraci\u00f3n por Lesbos, conseguimos:<\/p>\n\n\n\n<div class=\"wp-block-columns is-layout-flex wp-container-core-columns-is-layout-b0bab6eb wp-block-columns-is-layout-flex\" style=\"margin-top:var(--wp--preset--spacing--40);margin-bottom:var(--wp--preset--spacing--40)\">\n<div class=\"wp-block-column is-layout-flow wp-block-column-is-layout-flow\">\n<p class=\"has-contrast-color has-text-color has-link-color has-pfdinstencil-font-family wp-elements-16d17477672cdae35a1df8bad9d2ae0c\" style=\"font-size:clamp(1.743rem, 1.743rem + ((1vw - 0.2rem) * 1.488), 3rem);\">143.358<\/p>\n\n\n\n<p>personas ayudadas a llegar a la costa<\/p>\n<\/div>\n\n\n\n<div class=\"wp-block-column is-layout-flow wp-block-column-is-layout-flow\">\n<p class=\"has-contrast-color has-text-color has-link-color has-pfdinstencil-font-family wp-elements-c24d3dc2495028e132e3cb12e16972a8\" style=\"font-size:clamp(1.743rem, 1.743rem + ((1vw - 0.2rem) * 1.488), 3rem);\">10.273<\/p>\n\n\n\n<p style=\"padding-top:0;padding-bottom:0\">personas rescatadas a la deriva<\/p>\n<\/div>\n<\/div>\n\n\n\n<div class=\"wp-block-columns is-layout-flex wp-container-core-columns-is-layout-b0bab6eb wp-block-columns-is-layout-flex\" style=\"margin-top:var(--wp--preset--spacing--40);margin-bottom:var(--wp--preset--spacing--40)\">\n<div class=\"wp-block-column is-layout-flow wp-block-column-is-layout-flow\">\n<p class=\"has-contrast-color has-text-color has-link-color has-pfdinstencil-font-family wp-elements-2ecb9e999b03045356e79b707099f3f6\" style=\"font-size:clamp(1.743rem, 1.743rem + ((1vw - 0.2rem) * 1.488), 3rem);\">9.067<\/p>\n\n\n\n<p>personas rescatadas en los acantilados<\/p>\n<\/div>\n\n\n\n<div class=\"wp-block-column is-layout-flow wp-block-column-is-layout-flow\">\n<p class=\"has-contrast-color has-text-color has-link-color has-pfdinstencil-font-family wp-elements-b450c8c55ded787f69773dc603f4ee20\" style=\"font-size:clamp(1.743rem, 1.743rem + ((1vw - 0.2rem) * 1.488), 3rem);\">475<\/p>\n\n\n\n<p>personas rescatadas del agua con alto riesgo de morir ahogadas.<\/p>\n<\/div>\n<\/div>\n<\/div>\n<\/div>\n<\/div>\n\n\n\n<hr class=\"wp-block-separator has-text-color has-contrast-color has-alpha-channel-opacity has-contrast-background-color has-background is-style-wide is-style-wide--2\" style=\"margin-top:4rem;margin-bottom:4rem\"\/>\n\n\n\n<div class=\"wp-block-group has-global-padding is-layout-constrained wp-block-group-is-layout-constrained\">\n<div class=\"wp-block-columns alignwide ebavs-space-between is-layout-flex wp-container-core-columns-is-layout-643ced6b wp-block-columns-is-layout-flex\">\n<div class=\"wp-block-column is-layout-flow wp-block-column-is-layout-flow\" style=\"flex-basis:30%\">\n<h3 class=\"wp-block-heading has-dinnextltpro-font-family\">Ampliamos nuestro radio de acci\u00f3n<\/h3>\n<\/div>\n\n\n\n<div class=\"wp-block-column is-layout-flow wp-block-column-is-layout-flow\" style=\"flex-basis:70%\">\n<p class=\"has-dark-gray-color has-text-color has-small-font-size\" style=\"line-height:1.14em\">Con el acuerdo entre Europa y Turqu\u00eda, la ruta de migraci\u00f3n por Lesbos qued\u00f3 cerrada. Aquello provoc\u00f3 que nuevas rutas, m\u00e1s largas y peligrosas, se consolidasen en el Mediterr\u00e1neo. Por eso, ante la falta de acci\u00f3n por parte de los medios oficiales, decidimos ampliar nuestra base al <a href=\"https:\/\/www.openarms.es\/es\/que-hacemos\/misiones\/mediterraneo\">Mediterr\u00e1neo central<\/a>. A d\u00eda de hoy, son ya m\u00e1s de 70.000 las vidas que hemos salvado en diferentes lugares del mundo.<br><\/p>\n<\/div>\n<\/div>\n<\/div>\n<\/div>\n\n\n\n<div class=\"wp-block-group alignfull has-global-padding is-layout-constrained wp-block-group-is-layout-constrained\" style=\"min-height:0vh;margin-top:0;margin-bottom:0;padding-top:var(--wp--preset--spacing--70);padding-bottom:var(--wp--preset--spacing--70)\">\n<div class=\"wp-block-columns are-vertically-aligned-top is-content-justification-center is-layout-flex wp-container-core-columns-is-layout-8c19c11b wp-block-columns-is-layout-flex\">\n<div class=\"wp-block-column is-vertically-aligned-top is-layout-flow wp-block-column-is-layout-flow\" style=\"flex-basis:60%\">\n<div class=\"wp-block-group has-contrast-background-color has-background has-global-padding is-layout-constrained wp-container-core-group-is-layout-a91b9633 wp-block-group-is-layout-constrained\" style=\"border-style:none;border-width:0px;border-radius:32px;padding-top:var(--wp--preset--spacing--40);padding-right:2rem;padding-bottom:var(--wp--preset--spacing--40);padding-left:2rem\">\n<h3 class=\"wp-block-heading has-text-align-center has-base-color has-text-color has-link-color wp-elements-aa110e7ffc76eb5589bbd36b67787cee\" style=\"margin-right:0;margin-left:0;padding-right:0;padding-left:0;font-size:clamp(1.502rem, 1.502rem + ((1vw - 0.2rem) * 1.181), 2.5rem);line-height:1.15\">Si crees que toda vida debe ser salvada, impl\u00edcate. Entre todos, podemos salvar muchas m\u00e1s.<\/h3>\n\n\n\n<div class=\"wp-block-buttons is-horizontal is-content-justification-center is-layout-flex wp-container-core-buttons-is-layout-03627597 wp-block-buttons-is-layout-flex\">\n<div class=\"wp-block-button\"><a class=\"wp-block-button__link has-contrast-color has-base-background-color has-text-color has-background has-custom-font-size wp-element-button\" href=\"https:\/\/www.openarms.es\/es\/como-ayudar\/dona\" style=\"padding-top:16px;padding-right:24px;padding-bottom:14px;padding-left:24px;font-size:clamp(14px, 0.875rem + ((1vw - 3.2px) * 0.296), 18px);font-style:normal;font-weight:700\">DONA AHORA<\/a><\/div>\n<\/div>\n<\/div>\n<\/div>\n<\/div>\n<\/div>\n<\/div><\/div>\n","protected":false},"excerpt":{"rendered":"","protected":false},"author":1,"featured_media":483,"parent":128,"menu_order":0,"comment_status":"closed","ping_status":"closed","template":"page-interior","meta":{"content-type":"","footnotes":""},"class_list":["post-479","page","type-page","status-publish","has-post-thumbnail","hentry"],"yoast_head":"<!-- This site is optimized with the Yoast SEO plugin v25.9 - https:\/\/yoast.com\/wordpress\/plugins\/seo\/ -->\n<title>Los inicios en Lesbos: Primera misi\u00f3n de rescate | Open Arms<\/title>\n<meta name=\"description\" content=\"Todo empez\u00f3 en Lesbos, 2015. Open Arms rescat\u00f3 a miles de personas tras la imagen de Alan Kurdi. As\u00ed naci\u00f3 nuestra misi\u00f3n de proteger vidas.\" \/>\n<meta name=\"robots\" content=\"index, follow, max-snippet:-1, max-image-preview:large, max-video-preview:-1\" \/>\n<link rel=\"canonical\" href=\"https:\/\/www.openarms.es\/es\/quienes-somos\/los-inicios-lesbos\" \/>\n<meta property=\"og:locale\" content=\"es_ES\" \/>\n<meta property=\"og:type\" content=\"article\" \/>\n<meta property=\"og:title\" content=\"Los inicios en Lesbos: Primera misi\u00f3n de rescate | Open Arms\" \/>\n<meta property=\"og:description\" content=\"Todo empez\u00f3 en Lesbos, 2015. Open Arms rescat\u00f3 a miles de personas tras la imagen de Alan Kurdi. As\u00ed naci\u00f3 nuestra misi\u00f3n de proteger vidas.\" \/>\n<meta property=\"og:url\" content=\"https:\/\/www.openarms.es\/es\/quienes-somos\/los-inicios-lesbos\" \/>\n<meta property=\"og:site_name\" content=\"Open Arms\" \/>\n<meta property=\"article:modified_time\" content=\"2025-06-20T08:16:37+00:00\" \/>\n<meta property=\"og:image\" content=\"https:\/\/www.openarms.es\/wp-content\/uploads\/2025\/03\/openarms-inicios-lesbos.webp\" \/>\n\t<meta property=\"og:image:width\" content=\"1772\" \/>\n\t<meta property=\"og:image:height\" content=\"1181\" \/>\n\t<meta property=\"og:image:type\" content=\"image\/webp\" \/>\n<meta name=\"twitter:card\" content=\"summary_large_image\" \/>\n<meta name=\"twitter:label1\" content=\"Tiempo de lectura\" \/>\n\t<meta name=\"twitter:data1\" content=\"2 minutos\" \/>\n<script type=\"application\/ld+json\" class=\"yoast-schema-graph\">{\"@context\":\"https:\/\/schema.org\",\"@graph\":[{\"@type\":\"WebPage\",\"@id\":\"https:\/\/www.openarms.es\/es\/quienes-somos\/los-inicios-lesbos\",\"url\":\"https:\/\/www.openarms.es\/es\/quienes-somos\/los-inicios-lesbos\",\"name\":\"Los inicios en Lesbos: Primera misi\u00f3n de rescate | Open Arms\",\"isPartOf\":{\"@id\":\"https:\/\/www.openarms.es\/es\/#website\"},\"primaryImageOfPage\":{\"@id\":\"https:\/\/www.openarms.es\/es\/quienes-somos\/los-inicios-lesbos#primaryimage\"},\"image\":{\"@id\":\"https:\/\/www.openarms.es\/es\/quienes-somos\/los-inicios-lesbos#primaryimage\"},\"thumbnailUrl\":\"https:\/\/www.openarms.es\/wp-content\/uploads\/2025\/03\/openarms-inicios-lesbos.webp\",\"datePublished\":\"2025-03-27T09:45:06+00:00\",\"dateModified\":\"2025-06-20T08:16:37+00:00\",\"description\":\"Todo empez\u00f3 en Lesbos, 2015. Open Arms rescat\u00f3 a miles de personas tras la imagen de Alan Kurdi. As\u00ed naci\u00f3 nuestra misi\u00f3n de proteger vidas.\",\"breadcrumb\":{\"@id\":\"https:\/\/www.openarms.es\/es\/quienes-somos\/los-inicios-lesbos#breadcrumb\"},\"inLanguage\":\"es\",\"potentialAction\":[{\"@type\":\"ReadAction\",\"target\":[\"https:\/\/www.openarms.es\/es\/quienes-somos\/los-inicios-lesbos\"]}]},{\"@type\":\"ImageObject\",\"inLanguage\":\"es\",\"@id\":\"https:\/\/www.openarms.es\/es\/quienes-somos\/los-inicios-lesbos#primaryimage\",\"url\":\"https:\/\/www.openarms.es\/wp-content\/uploads\/2025\/03\/openarms-inicios-lesbos.webp\",\"contentUrl\":\"https:\/\/www.openarms.es\/wp-content\/uploads\/2025\/03\/openarms-inicios-lesbos.webp\",\"width\":1772,\"height\":1181,\"caption\":\"Open Arms Inicios Lesbos Salvamento\"},{\"@type\":\"BreadcrumbList\",\"@id\":\"https:\/\/www.openarms.es\/es\/quienes-somos\/los-inicios-lesbos#breadcrumb\",\"itemListElement\":[{\"@type\":\"ListItem\",\"position\":1,\"name\":\"Qui\u00e9nes Somos\",\"item\":\"https:\/\/www.openarms.es\/es\/quienes-somos\"},{\"@type\":\"ListItem\",\"position\":2,\"name\":\"Los Inicios (LESBOS)\"}]},{\"@type\":\"WebSite\",\"@id\":\"https:\/\/www.openarms.es\/es\/#website\",\"url\":\"https:\/\/www.openarms.es\/es\/\",\"name\":\"Open Arms\",\"description\":\"\",\"publisher\":{\"@id\":\"https:\/\/www.openarms.es\/es\/#organization\"},\"potentialAction\":[{\"@type\":\"SearchAction\",\"target\":{\"@type\":\"EntryPoint\",\"urlTemplate\":\"https:\/\/www.openarms.es\/es\/?s={search_term_string}\"},\"query-input\":{\"@type\":\"PropertyValueSpecification\",\"valueRequired\":true,\"valueName\":\"search_term_string\"}}],\"inLanguage\":\"es\"},{\"@type\":\"Organization\",\"@id\":\"https:\/\/www.openarms.es\/es\/#organization\",\"name\":\"Open Arms\",\"url\":\"https:\/\/www.openarms.es\/es\/\",\"logo\":{\"@type\":\"ImageObject\",\"inLanguage\":\"es\",\"@id\":\"https:\/\/www.openarms.es\/es\/#\/schema\/logo\/image\/\",\"url\":\"https:\/\/www.openarms.es\/wp-content\/uploads\/2025\/03\/BRAND.svg\",\"contentUrl\":\"https:\/\/www.openarms.es\/wp-content\/uploads\/2025\/03\/BRAND.svg\",\"caption\":\"Open Arms\"},\"image\":{\"@id\":\"https:\/\/www.openarms.es\/es\/#\/schema\/logo\/image\/\"}}]}<\/script>\n<!-- \/ Yoast SEO plugin. -->","yoast_head_json":{"title":"Los inicios en Lesbos: Primera misi\u00f3n de rescate | Open Arms","description":"Todo empez\u00f3 en Lesbos, 2015. Open Arms rescat\u00f3 a miles de personas tras la imagen de Alan Kurdi. As\u00ed naci\u00f3 nuestra misi\u00f3n de proteger vidas.","robots":{"index":"index","follow":"follow","max-snippet":"max-snippet:-1","max-image-preview":"max-image-preview:large","max-video-preview":"max-video-preview:-1"},"canonical":"https:\/\/www.openarms.es\/es\/quienes-somos\/los-inicios-lesbos","og_locale":"es_ES","og_type":"article","og_title":"Los inicios en Lesbos: Primera misi\u00f3n de rescate | Open Arms","og_description":"Todo empez\u00f3 en Lesbos, 2015. Open Arms rescat\u00f3 a miles de personas tras la imagen de Alan Kurdi. As\u00ed naci\u00f3 nuestra misi\u00f3n de proteger vidas.","og_url":"https:\/\/www.openarms.es\/es\/quienes-somos\/los-inicios-lesbos","og_site_name":"Open Arms","article_modified_time":"2025-06-20T08:16:37+00:00","og_image":[{"width":1772,"height":1181,"url":"https:\/\/www.openarms.es\/wp-content\/uploads\/2025\/03\/openarms-inicios-lesbos.webp","type":"image\/webp"}],"twitter_card":"summary_large_image","twitter_misc":{"Tiempo de lectura":"2 minutos"},"schema":{"@context":"https:\/\/schema.org","@graph":[{"@type":"WebPage","@id":"https:\/\/www.openarms.es\/es\/quienes-somos\/los-inicios-lesbos","url":"https:\/\/www.openarms.es\/es\/quienes-somos\/los-inicios-lesbos","name":"Los inicios en Lesbos: Primera misi\u00f3n de rescate | Open Arms","isPartOf":{"@id":"https:\/\/www.openarms.es\/es\/#website"},"primaryImageOfPage":{"@id":"https:\/\/www.openarms.es\/es\/quienes-somos\/los-inicios-lesbos#primaryimage"},"image":{"@id":"https:\/\/www.openarms.es\/es\/quienes-somos\/los-inicios-lesbos#primaryimage"},"thumbnailUrl":"https:\/\/www.openarms.es\/wp-content\/uploads\/2025\/03\/openarms-inicios-lesbos.webp","datePublished":"2025-03-27T09:45:06+00:00","dateModified":"2025-06-20T08:16:37+00:00","description":"Todo empez\u00f3 en Lesbos, 2015. Open Arms rescat\u00f3 a miles de personas tras la imagen de Alan Kurdi. As\u00ed naci\u00f3 nuestra misi\u00f3n de proteger vidas.","breadcrumb":{"@id":"https:\/\/www.openarms.es\/es\/quienes-somos\/los-inicios-lesbos#breadcrumb"},"inLanguage":"es","potentialAction":[{"@type":"ReadAction","target":["https:\/\/www.openarms.es\/es\/quienes-somos\/los-inicios-lesbos"]}]},{"@type":"ImageObject","inLanguage":"es","@id":"https:\/\/www.openarms.es\/es\/quienes-somos\/los-inicios-lesbos#primaryimage","url":"https:\/\/www.openarms.es\/wp-content\/uploads\/2025\/03\/openarms-inicios-lesbos.webp","contentUrl":"https:\/\/www.openarms.es\/wp-content\/uploads\/2025\/03\/openarms-inicios-lesbos.webp","width":1772,"height":1181,"caption":"Open Arms Inicios Lesbos Salvamento"},{"@type":"BreadcrumbList","@id":"https:\/\/www.openarms.es\/es\/quienes-somos\/los-inicios-lesbos#breadcrumb","itemListElement":[{"@type":"ListItem","position":1,"name":"Qui\u00e9nes Somos","item":"https:\/\/www.openarms.es\/es\/quienes-somos"},{"@type":"ListItem","position":2,"name":"Los Inicios (LESBOS)"}]},{"@type":"WebSite","@id":"https:\/\/www.openarms.es\/es\/#website","url":"https:\/\/www.openarms.es\/es\/","name":"Open Arms","description":"","publisher":{"@id":"https:\/\/www.openarms.es\/es\/#organization"},"potentialAction":[{"@type":"SearchAction","target":{"@type":"EntryPoint","urlTemplate":"https:\/\/www.openarms.es\/es\/?s={search_term_string}"},"query-input":{"@type":"PropertyValueSpecification","valueRequired":true,"valueName":"search_term_string"}}],"inLanguage":"es"},{"@type":"Organization","@id":"https:\/\/www.openarms.es\/es\/#organization","name":"Open Arms","url":"https:\/\/www.openarms.es\/es\/","logo":{"@type":"ImageObject","inLanguage":"es","@id":"https:\/\/www.openarms.es\/es\/#\/schema\/logo\/image\/","url":"https:\/\/www.openarms.es\/wp-content\/uploads\/2025\/03\/BRAND.svg","contentUrl":"https:\/\/www.openarms.es\/wp-content\/uploads\/2025\/03\/BRAND.svg","caption":"Open Arms"},"image":{"@id":"https:\/\/www.openarms.es\/es\/#\/schema\/logo\/image\/"}}]}},"_links":{"self":[{"href":"https:\/\/www.openarms.es\/es\/wp-json\/wp\/v2\/pages\/479","targetHints":{"allow":["GET"]}}],"collection":[{"href":"https:\/\/www.openarms.es\/es\/wp-json\/wp\/v2\/pages"}],"about":[{"href":"https:\/\/www.openarms.es\/es\/wp-json\/wp\/v2\/types\/page"}],"author":[{"embeddable":true,"href":"https:\/\/www.openarms.es\/es\/wp-json\/wp\/v2\/users\/1"}],"replies":[{"embeddable":true,"href":"https:\/\/www.openarms.es\/es\/wp-json\/wp\/v2\/comments?post=479"}],"version-history":[{"count":10,"href":"https:\/\/www.openarms.es\/es\/wp-json\/wp\/v2\/pages\/479\/revisions"}],"predecessor-version":[{"id":6296,"href":"https:\/\/www.openarms.es\/es\/wp-json\/wp\/v2\/pages\/479\/revisions\/6296"}],"up":[{"embeddable":true,"href":"https:\/\/www.openarms.es\/es\/wp-json\/wp\/v2\/pages\/128"}],"wp:featuredmedia":[{"embeddable":true,"href":"https:\/\/www.openarms.es\/es\/wp-json\/wp\/v2\/media\/483"}],"wp:attachment":[{"href":"https:\/\/www.openarms.es\/es\/wp-json\/wp\/v2\/media?parent=479"}],"curies":[{"name":"wp","href":"https:\/\/api.w.org\/{rel}","templated":true}]}}