{"id":563,"date":"2025-04-09T08:48:36","date_gmt":"2025-04-09T08:48:36","guid":{"rendered":"https:\/\/www.openarms.es\/?page_id=563"},"modified":"2025-06-02T10:48:58","modified_gmt":"2025-06-02T10:48:58","slug":"politica-de-privacidad","status":"publish","type":"page","link":"https:\/\/www.openarms.es\/es\/politica-de-privacidad","title":{"rendered":"Pol\u00edtica de Privacidad"},"content":{"rendered":"\n<div class=\"wp-block-group has-global-padding is-layout-constrained wp-block-group-is-layout-constrained\">\n<div class=\"wp-block-columns alignwide ebavs-space-between is-layout-flex wp-container-core-columns-is-layout-643ced6b wp-block-columns-is-layout-flex\">\n<div class=\"wp-block-column is-layout-flow wp-block-column-is-layout-flow\" style=\"flex-basis:30%\">\n<h2 class=\"wp-block-heading has-contrast-color has-text-color has-medium-large-font-size\" style=\"margin-top:0\">Tu privacidad es nuestro compromiso<\/h2>\n<\/div>\n\n\n\n<div class=\"wp-block-column is-layout-flow wp-block-column-is-layout-flow\" style=\"flex-basis:70%\">\n<h3 class=\"wp-block-heading has-dark-gray-color has-text-color has-link-color has-dinnextltpro-font-family wp-elements-90352f5a422ba4d0f0dc410f42b2c224\">\u00c1mbito de aplicaci\u00f3n<\/h3>\n\n\n\n<p class=\"has-dark-gray-color has-text-color has-link-color has-small-font-size wp-elements-31add7d8966f7afffd6aba0ca1836c5d\" style=\"line-height:1.14em\">FUNDACI\u00d3N PROA (PRO-ACTIVA \u201cOPEN ARMS\u201d), se compromete a proteger la privacidad de los usuarios que accedan a la web que se indica a continuaci\u00f3n y que tiene la siguiente direcci\u00f3n&nbsp;<a href=\"https:\/\/www.openarms.es\">https:\/\/www.openarms.es<\/a>&nbsp;(de ahora en adelante, la \u00abWeb\u00bb).<br>\u2028Los contenidos de la web son titularidad o est\u00e1n operados, licenciados o controlados por Fundaci\u00f3n PROA.<br><br>La utilizaci\u00f3n de este sitio Web atribuye la condici\u00f3n de usuario (en adelante, el \u201cusuario\u201d). El usuario puede navegar y usar la Web sin necesidad de aportar ning\u00fan dato de car\u00e1cter personal. Los \u00fanicos datos personales a los que Fundaci\u00f3n PROA tendr\u00e1 acceso ser\u00e1n aqu\u00e9llos que el usuario facilite voluntariamente a trav\u00e9s de los formularios habilitados al efecto, o cuando contacte con Fundaci\u00f3n PROA a trav\u00e9s de correo electr\u00f3nico o de cualquier otro modo previsto en la Web. Si se recogen datos personales a trav\u00e9s de cookies, se le informar\u00e1 debidamente a trav\u00e9s de la Pol\u00edtica de Cookies, as\u00ed como a trav\u00e9s de los cauces que requiere la legislaci\u00f3n vigente.<br><br>Este documento presenta nuestra pol\u00edtica en la observancia y uso de los datos personales recogidos a trav\u00e9s de nuestra Web o dispositivos auxiliares como m\u00f3viles o tablets. Asimismo, la utilizaci\u00f3n de la Web implica la aceptaci\u00f3n por el usuario de las disposiciones contenidas en la presente Pol\u00edtica de Privacidad y que sus datos personales sean tratados seg\u00fan se estipula en la misma.<br><br>Por favor tenga en cuenta que a pesar de que puedan existir enlaces en nuestra Web a otras webs, esta Pol\u00edtica de Privacidad se aplica tan solo a la Web y no a las webs de otras compa\u00f1\u00edas u organizaciones a las que la Web est\u00e9 redirigida. Fundaci\u00f3n PROA no controla ni aprueba el contenido de las webs de terceros ni acepta cualquier responsabilidad por el contenido o las pol\u00edticas de privacidad de dichas webs.<\/p>\n\n\n\n<h3 class=\"wp-block-heading has-dark-gray-color has-text-color has-link-color has-dinnextltpro-font-family wp-elements-3e60200ae1bfcc61b237a331697b4865\" style=\"padding-top:var(--wp--preset--spacing--32)\">\u00c1mbito de aplicaci\u00f3n<\/h3>\n\n\n\n<p class=\"has-dark-gray-color has-text-color has-small-font-size\" style=\"line-height:1.14em\">Dicho lo que precede y en cumplimiento de lo establecido en el Reglamento (UE) 2016\/679 DEL PARLAMENTO EUROPEO Y DEL CONSEJO de 27 de abril de 2016 relativo a la protecci\u00f3n de las personas f\u00edsicas en lo que respecta al tratamiento de datos personales y a la libre circulaci\u00f3n de estos datos, as\u00ed como en cumplimiento de lo establecido en la normativa vigente procedemos a dar cumplida informaci\u00f3n de los extremos que se indican a continuaci\u00f3n:<br><br><strong>1. El responsable de tratamiento&nbsp;de sus datos personales es:<br><\/strong><br>Fundaci\u00f3n PROA (PRO-ACTIVA \u201cOPEN ARMS\u201d)\u2028C.I.F.&nbsp;&nbsp;G66752239\u2028Calle Rector n\u00famero 95, bajos, Badalona, Catalu\u00f1a (08912).\u2028T. 93 128 28 30<br><br>Puede ponerse en contacto con su Delegado de Protecci\u00f3n de Datos en la direcci\u00f3n de correo electr\u00f3nico&nbsp;info@openarms.es.<br><br>2.&nbsp;Datos que se tratan, registro de actividades de tratamiento y finalidad de los mismos.&nbsp;En lo que se refiere al tratamiento de los datos personales que nos facilitan, o cualesquiera otros que se originen como consecuencia de la ejecuci\u00f3n del servicio que nos encomiendan, informarles que se incorporar\u00e1n en el sistema de tratamiento de datos existente y cuya titularidad y responsabilidad es de Fundaci\u00f3n PROA, consintiendo de forma expresa el tratamiento de dichos datos personales de forma l\u00edcita, leal, transparente, adecuada, pertinente, limitada, exacta y actualizada para:<br>Remitirle informaci\u00f3n que pueda ser de su inter\u00e9s.&nbsp;<br>Atender a sus solicitudes.<br><br>Sin perjuicio de la obligaci\u00f3n de aceptar la Newsletter, el usuario da su consentimiento expreso para recibir comunicaciones electr\u00f3nicas de Fundaci\u00f3n PROA..<\/p>\n<\/div>\n<\/div>\n<\/div>\n\n\n\n<hr class=\"wp-block-separator has-text-color has-contrast-color has-alpha-channel-opacity has-contrast-background-color has-background\" style=\"margin-top:var(--wp--preset--spacing--70);margin-bottom:var(--wp--preset--spacing--70)\"\/>\n\n\n\n<div class=\"wp-block-group has-global-padding is-layout-constrained wp-block-group-is-layout-constrained\">\n<div class=\"wp-block-columns alignwide ebavs-space-between is-layout-flex wp-container-core-columns-is-layout-643ced6b wp-block-columns-is-layout-flex\">\n<div class=\"wp-block-column is-layout-flow wp-block-column-is-layout-flow\" style=\"flex-basis:30%\">\n<h2 class=\"wp-block-heading has-contrast-color has-text-color has-medium-large-font-size\" style=\"margin-top:0\">Pol\u00edtica de cookies<\/h2>\n<\/div>\n\n\n\n<div class=\"wp-block-column is-layout-flow wp-block-column-is-layout-flow\" style=\"flex-basis:70%\">\n<h3 class=\"wp-block-heading has-dark-gray-color has-text-color has-link-color has-dinnextltpro-font-family wp-elements-758f2eed35fea5f814e77d16067fa364\">\u00bfQu\u00e9 es una cookie?<\/h3>\n\n\n\n<p class=\"has-dark-gray-color has-text-color has-link-color has-small-font-size wp-elements-6ed6da173d85cfe91d05cd3509db1f10\" style=\"line-height:1.14em\">Una Cookie es un fichero que se descarga en su ordenador al acceder a determinadas p\u00e1ginas web. Las cookies permiten a una p\u00e1gina web, entre otras, almacenar y recuperar informaci\u00f3n sobre los h\u00e1bitos de navegaci\u00f3n de un usuario o de su equipo y, dependiendo de la informaci\u00f3n que contengan y de la forma que se utilice su equipo, pueden utilizarse para reconocer al usuario. El navegador del usuario memoriza cookies en el disco duro solamente durante la sesi\u00f3n actual, ocupando un espacio de memoria m\u00ednimo y no perjudicando al ordenador. Las cookies no contienen ninguna clase de informaci\u00f3n personal espec\u00edfica, y la mayor\u00eda de las mismas se borran del disco duro al finalizar la sesi\u00f3n de navegador (las denominadas cookies de sesi\u00f3n).<br><br>La mayor\u00eda de los navegadores aceptan como est\u00e1ndar a las cookies y, con independencia de las mismas, permiten o impiden en los ajustes de seguridad las cookies temporales o memorizadas.<br><br>Sin su consentimiento -mediante la activaci\u00f3n de las cookies en su navegador- Fundaci\u00f3n PROA no enlazar\u00e1 en las cookies los datos memorizados con sus datos personales proporcionados en el momento del registro o la compra..<\/p>\n\n\n\n<h3 class=\"wp-block-heading has-dark-gray-color has-text-color has-link-color has-dinnextltpro-font-family wp-elements-cbdad07425a1572c0dcb093a49d1eaa8\" style=\"padding-top:var(--wp--preset--spacing--32)\">\u00bfPor qu\u00e9 Fundaci\u00f3n PROA utiliza Cookies?<\/h3>\n\n\n\n<p class=\"has-dark-gray-color has-text-color has-small-font-size\" style=\"line-height:1.14em\">Las Cookies son una parte importante de c\u00f3mo funciona nuestro sitio web. La funci\u00f3n principal de nuestras Cookies es mejorar la experiencia del usuario en la navegaci\u00f3n. Por ejemplo, pueden ser utilizadas para recordar el idioma que utiliza durante la navegaci\u00f3n y en futuras visitas.<\/p>\n\n\n\n<h3 class=\"wp-block-heading has-dark-gray-color has-text-color has-link-color has-dinnextltpro-font-family wp-elements-a43f6e3f76290d1afd3ed62a57146423\" style=\"padding-top:var(--wp--preset--spacing--32)\">\u00bfQu\u00e9 tipo de cookies existen?<\/h3>\n\n\n\n<ul class=\"wp-block-list\">\n<li class=\"has-dark-gray-color has-text-color has-link-color has-small-font-size wp-elements-b1f0fa78c021f2a10daceff07fa65082\"><strong>Cookies t\u00e9cnicas<\/strong>:&nbsp;Son aquellas que permiten al usuario la navegaci\u00f3n a trav\u00e9s de una p\u00e1gina web, plataforma o aplicaci\u00f3n y la utilizaci\u00f3n de las diferentes opciones o servicios que en ella existan como, por ejemplo, controlar el tr\u00e1fico y la comunicaci\u00f3n de datos, identificar la sesi\u00f3n, acceder a partes de acceso restringido, recordar los elementos que integran un pedido, realizar el proceso de compra de un pedido, realizar la solicitud de inscripci\u00f3n o participaci\u00f3n de un evento, utilizar elementos de seguridad durante la navegaci\u00f3n, almacenar contenidos para la difusi\u00f3n de videos o sonido o compartir contenidos a trav\u00e9s de redes sociales.<\/li>\n\n\n\n<li class=\"has-dark-gray-color has-text-color has-link-color has-small-font-size wp-elements-945a3d2adba38ecda106b64d5c3048f7\"><strong>Cookies de sesi\u00f3n<\/strong>:&nbsp;Recaban y almacenan datos durante la sesi\u00f3n del usuario, como por ejemplo para prestar un servicio. Se eliminan cuando finaliza la sesi\u00f3n.<\/li>\n\n\n\n<li class=\"has-dark-gray-color has-text-color has-link-color has-small-font-size wp-elements-322d8a5aaced09bc9abb51cb93031380\"><strong>Cookies de personalizaci\u00f3n<\/strong>:&nbsp;Son aquellas que permiten al usuario acceder al servicio con algunas caracter\u00edsticas de car\u00e1cter general predefinidas en funci\u00f3n de una serie de criterios en el terminal del usuario como por ejemplo el idioma, el tipo de navegador a trav\u00e9s del cual accede al servicio, la configuraci\u00f3n regional desde donde accede al servicio, etc.<\/li>\n<\/ul>\n<\/div>\n<\/div>\n<\/div>\n\n\n\n<hr class=\"wp-block-separator has-text-color has-contrast-color has-alpha-channel-opacity has-contrast-background-color has-background\" style=\"margin-top:var(--wp--preset--spacing--70);margin-bottom:var(--wp--preset--spacing--70)\"\/>\n\n\n\n<div class=\"wp-block-group has-global-padding is-layout-constrained wp-block-group-is-layout-constrained\">\n<div class=\"wp-block-columns alignwide ebavs-space-between is-layout-flex wp-container-core-columns-is-layout-643ced6b wp-block-columns-is-layout-flex\">\n<div class=\"wp-block-column is-layout-flow wp-block-column-is-layout-flow\" style=\"flex-basis:30%\">\n<h2 class=\"wp-block-heading has-contrast-color has-text-color has-medium-large-font-size\" style=\"margin-top:0\">T\u00e9rminos y condiciones de uso<\/h2>\n<\/div>\n\n\n\n<div class=\"wp-block-column is-layout-flow wp-block-column-is-layout-flow\" style=\"flex-basis:70%\">\n<h3 class=\"wp-block-heading has-dark-gray-color has-text-color has-link-color has-dinnextltpro-font-family wp-elements-989ca3a56de8af78cec01ffc7c21f600\">Introducci\u00f3n<\/h3>\n\n\n\n<p class=\"has-dark-gray-color has-text-color has-link-color has-small-font-size wp-elements-9f2e9ffc55eff96658a3af3ecbe7b7b9\" style=\"line-height:1.14em\">El presente documento, as\u00ed como los mencionados en \u00e9l, establece las condiciones por las que se rige el uso de la siguiente p\u00e1gina web (en adelante, las \u00abCondiciones\u00bb):&nbsp;<a href=\"https:\/\/www.openarms.es\">https:\/\/www.openarms.es<\/a><br><br>Le rogamos que lean atentamente las presentes Condiciones, nuestra Pol\u00edtica de Cookies y nuestra Pol\u00edtica de Privacidad (conjuntamente, las \u201cPol\u00edticas de Protecci\u00f3n de Datos\u201d) antes de usar esta p\u00e1gina web. Al utilizar estas p\u00e1ginas webs usted consiente expresamente quedar vinculado por estas Condiciones y por nuestras Pol\u00edticas de Protecci\u00f3n de Datos, por lo que, si no est\u00e1 usted de acuerdo con todas las Condiciones y con las Pol\u00edticas de Protecci\u00f3n de Datos, no debe usar esta p\u00e1gina web. Si tiene alguna pregunta relacionada con las Condiciones o las Pol\u00edticas de Protecci\u00f3n de Datos puede ponerse en contacto con nosotros a trav\u00e9s de nuestro formulario de contacto. El contrato podr\u00e1 formalizarse, a su elecci\u00f3n, en cualquiera de los idiomas en los que las Condiciones est\u00e1n disponibles en esta p\u00e1gina web.<\/p>\n\n\n\n<ol class=\"wp-block-list\">\n<li class=\"has-dark-gray-color has-text-color has-link-color has-small-font-size wp-elements-4416f3e96ff7dbc2ff8cfeb7805a5739\">El usuario se compromete a utilizar los contenidos en nuestro Sitio Web de conformidad con la Ley y los t\u00e9rminos y condiciones generales y particulares de los servicios que ofrece&nbsp;Fundaci\u00f3n PROA en cada momento, debiendo abstenerse de emplearlos para:\n<ol style=\"list-style-type:lower-alpha\" class=\"wp-block-list has-small-font-size\">\n<li>Realizar actividades il\u00edcitas, contrarias a la buena fe, a las costumbres, a la moral o al orden p\u00fablico.<\/li>\n\n\n\n<li>Realizar actividades que constituyan una infracci\u00f3n de la regulaci\u00f3n sobre propiedad intelectual e industrial o cualquier otra norma del ordenamiento jur\u00eddico aplicable.<\/li>\n\n\n\n<li>Reproducir, duplicar, vender o explotar para fines comerciales cualquier contenido del Sitio Web.<\/li>\n\n\n\n<li>Difundir contenidos de car\u00e1cter racista, xen\u00f3fobo, pornogr\u00e1fico, de apolog\u00eda del terrorismo y\/o que atenten contra los derechos humanos.<\/li>\n<\/ol>\n<\/li>\n\n\n\n<li class=\"has-dark-gray-color has-text-color has-link-color has-small-font-size wp-elements-bfdd3ff7ed2a4c93e35b70442f508a21\">Se indica que el Responsable del fichero es la Fundaci\u00f3n:&nbsp;\u2028FUNDACI\u00d3N PROA (PRO-ACTIVA \u201cOPEN ARMS\u201d), con C.I.F. G66752239, domiciliada en calle Rector n\u00famero 95, bajos, Badalona, Catalu\u00f1a (08912) y con correo electr\u00f3nico&nbsp;<a href=\"mailto:info@openarms.es\">info@openarms.es<\/a>&nbsp;a efectos del ejercicio de los derechos de acceso, rectificaci\u00f3n, cancelaci\u00f3n y oposici\u00f3n previstos en la Ley.<\/li>\n\n\n\n<li class=\"has-dark-gray-color has-text-color has-link-color has-small-font-size wp-elements-58d5126818a961dfee4f8a55e1080ec4\">Nuestras recomendaciones y\/o juicios de valor acerca de los servicios y\/o contenidos, as\u00ed como el anuncio de promociones, deben ser consideradas por el usuario como previsiones de buena fe, sin que quepa tenerlas como afirmaciones de hecho, ni como parte de ning\u00fan contrato con el usuario.<\/li>\n<\/ol>\n<\/div>\n<\/div>\n<\/div>\n\n\n\n<div class=\"wp-block-group alignwide has-global-padding is-content-justification-center is-layout-constrained wp-container-core-group-is-layout-cfb377b4 wp-block-group-is-layout-constrained\" style=\"min-height:0vh;margin-top:0;margin-bottom:0;padding-top:var(--wp--preset--spacing--70);padding-right:var(--wp--preset--spacing--40);padding-bottom:var(--wp--preset--spacing--70);padding-left:var(--wp--preset--spacing--40)\">\n<div class=\"wp-block-columns are-vertically-aligned-top is-content-justification-center is-layout-flex wp-container-core-columns-is-layout-8c19c11b wp-block-columns-is-layout-flex\">\n<div class=\"wp-block-column is-vertically-aligned-top is-layout-flow wp-block-column-is-layout-flow\" style=\"flex-basis:60%\">\n<div class=\"wp-block-group has-contrast-background-color has-background has-global-padding is-layout-constrained wp-container-core-group-is-layout-a91b9633 wp-block-group-is-layout-constrained\" style=\"border-style:none;border-width:0px;border-radius:32px;padding-top:var(--wp--preset--spacing--40);padding-right:2rem;padding-bottom:var(--wp--preset--spacing--40);padding-left:2rem\">\n<h3 class=\"wp-block-heading has-text-align-center has-base-color has-text-color has-link-color wp-elements-aa110e7ffc76eb5589bbd36b67787cee\" style=\"margin-right:0;margin-left:0;padding-right:0;padding-left:0;font-size:clamp(1.502rem, 1.502rem + ((1vw - 0.2rem) * 1.181), 2.5rem);line-height:1.15\">Si crees que toda vida debe ser salvada, impl\u00edcate. Entre todos, podemos salvar muchas m\u00e1s.<\/h3>\n\n\n\n<div class=\"wp-block-buttons is-horizontal is-content-justification-center is-layout-flex wp-container-core-buttons-is-layout-03627597 wp-block-buttons-is-layout-flex\">\n<div class=\"wp-block-button\"><a class=\"wp-block-button__link has-contrast-color has-base-background-color has-text-color has-background has-custom-font-size wp-element-button\" href=\"https:\/\/www.openarms.es\/es\/como-ayudar\/dona\" style=\"padding-top:16px;padding-right:24px;padding-bottom:14px;padding-left:24px;font-size:clamp(14px, 0.875rem + ((1vw - 3.2px) * 0.296), 18px);font-style:normal;font-weight:700\">DONA AHORA<\/a><\/div>\n<\/div>\n<\/div>\n<\/div>\n<\/div>\n<\/div>\n","protected":false},"excerpt":{"rendered":"<p>Tu privacidad es nuestro compromiso \u00c1mbito de aplicaci\u00f3n FUNDACI\u00d3N PROA (PRO-ACTIVA \u201cOPEN ARMS\u201d), se compromete a proteger la privacidad de los usuarios que accedan a la web que se indica a continuaci\u00f3n y que tiene la siguiente direcci\u00f3n&nbsp;https:\/\/www.openarms.es&nbsp;(de ahora en adelante, la \u00abWeb\u00bb).\u2028Los contenidos de la web son titularidad o est\u00e1n operados, licenciados o controlados [&hellip;]<\/p>\n","protected":false},"author":1,"featured_media":0,"parent":0,"menu_order":0,"comment_status":"closed","ping_status":"closed","template":"","meta":{"content-type":"","footnotes":""},"class_list":["post-563","page","type-page","status-publish","hentry"],"yoast_head":"<!-- This site is optimized with the Yoast SEO plugin v25.9 - https:\/\/yoast.com\/wordpress\/plugins\/seo\/ -->\n<title>Pol\u00edtica de Privacidad y Uso de la Web | Open Arms<\/title>\n<meta name=\"description\" content=\"Consulta la pol\u00edtica de privacidad, uso de datos, cookies y condiciones legales aplicables al uso del sitio web oficial de Open Arms.\" \/>\n<meta name=\"robots\" content=\"index, follow, max-snippet:-1, max-image-preview:large, max-video-preview:-1\" \/>\n<link rel=\"canonical\" href=\"https:\/\/www.openarms.es\/es\/politica-de-privacidad\" \/>\n<meta property=\"og:locale\" content=\"es_ES\" \/>\n<meta property=\"og:type\" content=\"article\" \/>\n<meta property=\"og:title\" content=\"Pol\u00edtica de Privacidad y Uso de la Web | Open Arms\" \/>\n<meta property=\"og:description\" content=\"Consulta la pol\u00edtica de privacidad, uso de datos, cookies y condiciones legales aplicables al uso del sitio web oficial de Open Arms.\" \/>\n<meta property=\"og:url\" content=\"https:\/\/www.openarms.es\/es\/politica-de-privacidad\" \/>\n<meta property=\"og:site_name\" content=\"Open Arms\" \/>\n<meta property=\"article:modified_time\" content=\"2025-06-02T10:48:58+00:00\" \/>\n<meta name=\"twitter:card\" content=\"summary_large_image\" \/>\n<meta name=\"twitter:label1\" content=\"Tiempo de lectura\" \/>\n\t<meta name=\"twitter:data1\" content=\"7 minutos\" \/>\n<script type=\"application\/ld+json\" class=\"yoast-schema-graph\">{\"@context\":\"https:\/\/schema.org\",\"@graph\":[{\"@type\":\"WebPage\",\"@id\":\"https:\/\/www.openarms.es\/es\/politica-de-privacidad\",\"url\":\"https:\/\/www.openarms.es\/es\/politica-de-privacidad\",\"name\":\"Pol\u00edtica de Privacidad y Uso de la Web | Open Arms\",\"isPartOf\":{\"@id\":\"https:\/\/www.openarms.es\/es\/#website\"},\"datePublished\":\"2025-04-09T08:48:36+00:00\",\"dateModified\":\"2025-06-02T10:48:58+00:00\",\"description\":\"Consulta la pol\u00edtica de privacidad, uso de datos, cookies y condiciones legales aplicables al uso del sitio web oficial de Open Arms.\",\"inLanguage\":\"es\",\"potentialAction\":[{\"@type\":\"ReadAction\",\"target\":[\"https:\/\/www.openarms.es\/es\/politica-de-privacidad\"]}]},{\"@type\":\"WebSite\",\"@id\":\"https:\/\/www.openarms.es\/es\/#website\",\"url\":\"https:\/\/www.openarms.es\/es\/\",\"name\":\"Open Arms\",\"description\":\"\",\"publisher\":{\"@id\":\"https:\/\/www.openarms.es\/es\/#organization\"},\"potentialAction\":[{\"@type\":\"SearchAction\",\"target\":{\"@type\":\"EntryPoint\",\"urlTemplate\":\"https:\/\/www.openarms.es\/es\/?s={search_term_string}\"},\"query-input\":{\"@type\":\"PropertyValueSpecification\",\"valueRequired\":true,\"valueName\":\"search_term_string\"}}],\"inLanguage\":\"es\"},{\"@type\":\"Organization\",\"@id\":\"https:\/\/www.openarms.es\/es\/#organization\",\"name\":\"Open Arms\",\"url\":\"https:\/\/www.openarms.es\/es\/\",\"logo\":{\"@type\":\"ImageObject\",\"inLanguage\":\"es\",\"@id\":\"https:\/\/www.openarms.es\/es\/#\/schema\/logo\/image\/\",\"url\":\"https:\/\/www.openarms.es\/wp-content\/uploads\/2025\/03\/BRAND.svg\",\"contentUrl\":\"https:\/\/www.openarms.es\/wp-content\/uploads\/2025\/03\/BRAND.svg\",\"caption\":\"Open Arms\"},\"image\":{\"@id\":\"https:\/\/www.openarms.es\/es\/#\/schema\/logo\/image\/\"}}]}<\/script>\n<!-- \/ Yoast SEO plugin. -->","yoast_head_json":{"title":"Pol\u00edtica de Privacidad y Uso de la Web | Open Arms","description":"Consulta la pol\u00edtica de privacidad, uso de datos, cookies y condiciones legales aplicables al uso del sitio web oficial de Open Arms.","robots":{"index":"index","follow":"follow","max-snippet":"max-snippet:-1","max-image-preview":"max-image-preview:large","max-video-preview":"max-video-preview:-1"},"canonical":"https:\/\/www.openarms.es\/es\/politica-de-privacidad","og_locale":"es_ES","og_type":"article","og_title":"Pol\u00edtica de Privacidad y Uso de la Web | Open Arms","og_description":"Consulta la pol\u00edtica de privacidad, uso de datos, cookies y condiciones legales aplicables al uso del sitio web oficial de Open Arms.","og_url":"https:\/\/www.openarms.es\/es\/politica-de-privacidad","og_site_name":"Open Arms","article_modified_time":"2025-06-02T10:48:58+00:00","twitter_card":"summary_large_image","twitter_misc":{"Tiempo de lectura":"7 minutos"},"schema":{"@context":"https:\/\/schema.org","@graph":[{"@type":"WebPage","@id":"https:\/\/www.openarms.es\/es\/politica-de-privacidad","url":"https:\/\/www.openarms.es\/es\/politica-de-privacidad","name":"Pol\u00edtica de Privacidad y Uso de la Web | Open Arms","isPartOf":{"@id":"https:\/\/www.openarms.es\/es\/#website"},"datePublished":"2025-04-09T08:48:36+00:00","dateModified":"2025-06-02T10:48:58+00:00","description":"Consulta la pol\u00edtica de privacidad, uso de datos, cookies y condiciones legales aplicables al uso del sitio web oficial de Open Arms.","inLanguage":"es","potentialAction":[{"@type":"ReadAction","target":["https:\/\/www.openarms.es\/es\/politica-de-privacidad"]}]},{"@type":"WebSite","@id":"https:\/\/www.openarms.es\/es\/#website","url":"https:\/\/www.openarms.es\/es\/","name":"Open Arms","description":"","publisher":{"@id":"https:\/\/www.openarms.es\/es\/#organization"},"potentialAction":[{"@type":"SearchAction","target":{"@type":"EntryPoint","urlTemplate":"https:\/\/www.openarms.es\/es\/?s={search_term_string}"},"query-input":{"@type":"PropertyValueSpecification","valueRequired":true,"valueName":"search_term_string"}}],"inLanguage":"es"},{"@type":"Organization","@id":"https:\/\/www.openarms.es\/es\/#organization","name":"Open Arms","url":"https:\/\/www.openarms.es\/es\/","logo":{"@type":"ImageObject","inLanguage":"es","@id":"https:\/\/www.openarms.es\/es\/#\/schema\/logo\/image\/","url":"https:\/\/www.openarms.es\/wp-content\/uploads\/2025\/03\/BRAND.svg","contentUrl":"https:\/\/www.openarms.es\/wp-content\/uploads\/2025\/03\/BRAND.svg","caption":"Open Arms"},"image":{"@id":"https:\/\/www.openarms.es\/es\/#\/schema\/logo\/image\/"}}]}},"_links":{"self":[{"href":"https:\/\/www.openarms.es\/es\/wp-json\/wp\/v2\/pages\/563","targetHints":{"allow":["GET"]}}],"collection":[{"href":"https:\/\/www.openarms.es\/es\/wp-json\/wp\/v2\/pages"}],"about":[{"href":"https:\/\/www.openarms.es\/es\/wp-json\/wp\/v2\/types\/page"}],"author":[{"embeddable":true,"href":"https:\/\/www.openarms.es\/es\/wp-json\/wp\/v2\/users\/1"}],"replies":[{"embeddable":true,"href":"https:\/\/www.openarms.es\/es\/wp-json\/wp\/v2\/comments?post=563"}],"version-history":[{"count":9,"href":"https:\/\/www.openarms.es\/es\/wp-json\/wp\/v2\/pages\/563\/revisions"}],"predecessor-version":[{"id":4310,"href":"https:\/\/www.openarms.es\/es\/wp-json\/wp\/v2\/pages\/563\/revisions\/4310"}],"wp:attachment":[{"href":"https:\/\/www.openarms.es\/es\/wp-json\/wp\/v2\/media?parent=563"}],"curies":[{"name":"wp","href":"https:\/\/api.w.org\/{rel}","templated":true}]}}