{"id":567,"date":"2025-04-09T09:06:54","date_gmt":"2025-04-09T09:06:54","guid":{"rendered":"https:\/\/www.openarms.es\/?page_id=567"},"modified":"2025-06-20T07:52:07","modified_gmt":"2025-06-20T07:52:07","slug":"contactanos","status":"publish","type":"page","link":"https:\/\/www.openarms.es\/es\/contactanos","title":{"rendered":"Contactanos"},"content":{"rendered":"\n<div class=\"wp-block-cover alignfull ebavs-header-hero-interior\" style=\"min-height:40rem;aspect-ratio:unset;\"><img loading=\"lazy\" decoding=\"async\" width=\"1024\" height=\"683\" class=\"wp-block-cover__image-background wp-image-4683 size-large\" alt=\"Cont\u00e1ctanos Open Arms\" src=\"https:\/\/www.openarms.es\/wp-content\/uploads\/2025\/06\/contacto-header-1024x683.jpg\" style=\"object-position:34% 48%\" data-object-fit=\"cover\" data-object-position=\"34% 48%\" srcset=\"https:\/\/www.openarms.es\/wp-content\/uploads\/2025\/06\/contacto-header-1024x683.jpg 1024w, https:\/\/www.openarms.es\/wp-content\/uploads\/2025\/06\/contacto-header-300x200.jpg 300w, https:\/\/www.openarms.es\/wp-content\/uploads\/2025\/06\/contacto-header-768x512.jpg 768w, https:\/\/www.openarms.es\/wp-content\/uploads\/2025\/06\/contacto-header-1536x1024.jpg 1536w, https:\/\/www.openarms.es\/wp-content\/uploads\/2025\/06\/contacto-header.jpg 1920w\" sizes=\"auto, (max-width: 1024px) 100vw, 1024px\" \/><span aria-hidden=\"true\" class=\"wp-block-cover__background has-black-background-color has-background-dim-30 has-background-dim\"><\/span><div class=\"wp-block-cover__inner-container is-layout-flow wp-block-cover-is-layout-flow\">\n<div class=\"wp-block-group alignwide has-global-padding is-layout-constrained wp-container-core-group-is-layout-a8a8a09e wp-block-group-is-layout-constrained\" style=\"margin-top:auto;margin-bottom:auto;padding-right:0;padding-left:0\">\n<div class=\"wp-block-group has-global-padding is-content-justification-left is-layout-constrained wp-container-core-group-is-layout-b58f3518 wp-block-group-is-layout-constrained\">\n<h1 class=\"wp-block-heading has-text-align-left has-base-color has-text-color has-xx-large-font-size\">contact\u00e1nos<\/h1>\n<\/div>\n<\/div>\n<\/div><\/div>\n\n\n\n<div class=\"wp-block-cover is-light\" style=\"margin-top:0;margin-bottom:0;padding-top:var(--wp--preset--spacing--48);padding-bottom:var(--wp--preset--spacing--48)\"><img loading=\"lazy\" decoding=\"async\" width=\"1920\" height=\"1080\" class=\"wp-block-cover__image-background wp-image-150\" alt=\"\" src=\"https:\/\/www.openarms.es\/wp-content\/uploads\/2025\/03\/background-texture-white.webp\" data-object-fit=\"cover\" srcset=\"https:\/\/www.openarms.es\/wp-content\/uploads\/2025\/03\/background-texture-white.webp 1920w, https:\/\/www.openarms.es\/wp-content\/uploads\/2025\/03\/background-texture-white-300x169.webp 300w, https:\/\/www.openarms.es\/wp-content\/uploads\/2025\/03\/background-texture-white-1024x576.webp 1024w, https:\/\/www.openarms.es\/wp-content\/uploads\/2025\/03\/background-texture-white-768x432.webp 768w, https:\/\/www.openarms.es\/wp-content\/uploads\/2025\/03\/background-texture-white-1536x864.webp 1536w\" sizes=\"auto, (max-width: 1920px) 100vw, 1920px\" \/><span aria-hidden=\"true\" class=\"wp-block-cover__background has-background-dim\" style=\"background-color:#fcfbfc\"><\/span><div class=\"wp-block-cover__inner-container has-global-padding is-layout-constrained wp-block-cover-is-layout-constrained\">\n<div class=\"wp-block-group has-global-padding is-layout-constrained wp-block-group-is-layout-constrained\">\n<div class=\"wp-block-group ebavs-contact has-global-padding is-layout-constrained wp-block-group-is-layout-constrained\">\n<div class=\"wp-block-columns is-layout-flex wp-container-core-columns-is-layout-28f84493 wp-block-columns-is-layout-flex\">\n<div class=\"wp-block-column is-layout-flow wp-block-column-is-layout-flow\" style=\"flex-basis:30%\">\n<h2 class=\"wp-block-heading has-contrast-color has-text-color has-link-color has-medium-large-font-size wp-elements-2e0de1c51bd69c5ccced181483a4523e\">Si quieres contactarnos, escribe tu mensaje<\/h2>\n<\/div>\n\n\n\n<div class=\"wp-block-column is-layout-flow wp-block-column-is-layout-flow\" style=\"flex-basis:66.66%\">\n<script charset=\"utf-8\" type=\"text\/javascript\" src=\"\/\/js-eu1.hsforms.net\/forms\/embed\/v2.js\"><\/script>\n\t<script>\n\t  hbspt.forms.create({\n\t    portalId: \"145484605\",\n\t    formId: \"b2c10393-30e9-41d9-ae25-49b9e528b8c8\",\n\t    region: \"eu1\"\n\t  });\n\t<\/script>\n<\/div>\n<\/div>\n<\/div>\n<\/div>\n<\/div><\/div>\n","protected":false},"excerpt":{"rendered":"","protected":false},"author":1,"featured_media":4683,"parent":0,"menu_order":0,"comment_status":"closed","ping_status":"closed","template":"page-first-level","meta":{"content-type":"","footnotes":""},"class_list":["post-567","page","type-page","status-publish","has-post-thumbnail","hentry"],"yoast_head":"<!-- This site is optimized with the Yoast SEO plugin v25.9 - https:\/\/yoast.com\/wordpress\/plugins\/seo\/ -->\n<title>Contacto. Escr\u00edbenos y conecta con Open Arms<\/title>\n<meta name=\"description\" content=\"\u00bfTienes dudas o quieres saber m\u00e1s sobre Open Arms? Escr\u00edbenos a trav\u00e9s del formulario y estaremos encantados de ayudarte.\" \/>\n<meta name=\"robots\" content=\"index, follow, max-snippet:-1, max-image-preview:large, max-video-preview:-1\" \/>\n<link rel=\"canonical\" href=\"https:\/\/www.openarms.es\/es\/contactanos\" \/>\n<meta property=\"og:locale\" content=\"es_ES\" \/>\n<meta property=\"og:type\" content=\"article\" \/>\n<meta property=\"og:title\" content=\"Contacto. Escr\u00edbenos y conecta con Open Arms\" \/>\n<meta property=\"og:description\" content=\"\u00bfTienes dudas o quieres saber m\u00e1s sobre Open Arms? Escr\u00edbenos a trav\u00e9s del formulario y estaremos encantados de ayudarte.\" \/>\n<meta property=\"og:url\" content=\"https:\/\/www.openarms.es\/es\/contactanos\" \/>\n<meta property=\"og:site_name\" content=\"Open Arms\" \/>\n<meta property=\"article:modified_time\" content=\"2025-06-20T07:52:07+00:00\" \/>\n<meta property=\"og:image\" content=\"https:\/\/www.openarms.es\/wp-content\/uploads\/2025\/06\/contacto-header.jpg\" \/>\n\t<meta property=\"og:image:width\" content=\"1920\" \/>\n\t<meta property=\"og:image:height\" content=\"1280\" \/>\n\t<meta property=\"og:image:type\" content=\"image\/jpeg\" \/>\n<meta name=\"twitter:card\" content=\"summary_large_image\" \/>\n<meta name=\"twitter:label1\" content=\"Tiempo de lectura\" \/>\n\t<meta name=\"twitter:data1\" content=\"1 minuto\" \/>\n<script type=\"application\/ld+json\" class=\"yoast-schema-graph\">{\"@context\":\"https:\/\/schema.org\",\"@graph\":[{\"@type\":\"WebPage\",\"@id\":\"https:\/\/www.openarms.es\/es\/contactanos\",\"url\":\"https:\/\/www.openarms.es\/es\/contactanos\",\"name\":\"Contacto. Escr\u00edbenos y conecta con Open Arms\",\"isPartOf\":{\"@id\":\"https:\/\/www.openarms.es\/es\/#website\"},\"primaryImageOfPage\":{\"@id\":\"https:\/\/www.openarms.es\/es\/contactanos#primaryimage\"},\"image\":{\"@id\":\"https:\/\/www.openarms.es\/es\/contactanos#primaryimage\"},\"thumbnailUrl\":\"https:\/\/www.openarms.es\/wp-content\/uploads\/2025\/06\/contacto-header.jpg\",\"datePublished\":\"2025-04-09T09:06:54+00:00\",\"dateModified\":\"2025-06-20T07:52:07+00:00\",\"description\":\"\u00bfTienes dudas o quieres saber m\u00e1s sobre Open Arms? Escr\u00edbenos a trav\u00e9s del formulario y estaremos encantados de ayudarte.\",\"inLanguage\":\"es\",\"potentialAction\":[{\"@type\":\"ReadAction\",\"target\":[\"https:\/\/www.openarms.es\/es\/contactanos\"]}]},{\"@type\":\"ImageObject\",\"inLanguage\":\"es\",\"@id\":\"https:\/\/www.openarms.es\/es\/contactanos#primaryimage\",\"url\":\"https:\/\/www.openarms.es\/wp-content\/uploads\/2025\/06\/contacto-header.jpg\",\"contentUrl\":\"https:\/\/www.openarms.es\/wp-content\/uploads\/2025\/06\/contacto-header.jpg\",\"width\":1920,\"height\":1280,\"caption\":\"Cont\u00e1ctanos Open Arms\"},{\"@type\":\"WebSite\",\"@id\":\"https:\/\/www.openarms.es\/es\/#website\",\"url\":\"https:\/\/www.openarms.es\/es\/\",\"name\":\"Open Arms\",\"description\":\"\",\"publisher\":{\"@id\":\"https:\/\/www.openarms.es\/es\/#organization\"},\"potentialAction\":[{\"@type\":\"SearchAction\",\"target\":{\"@type\":\"EntryPoint\",\"urlTemplate\":\"https:\/\/www.openarms.es\/es\/?s={search_term_string}\"},\"query-input\":{\"@type\":\"PropertyValueSpecification\",\"valueRequired\":true,\"valueName\":\"search_term_string\"}}],\"inLanguage\":\"es\"},{\"@type\":\"Organization\",\"@id\":\"https:\/\/www.openarms.es\/es\/#organization\",\"name\":\"Open Arms\",\"url\":\"https:\/\/www.openarms.es\/es\/\",\"logo\":{\"@type\":\"ImageObject\",\"inLanguage\":\"es\",\"@id\":\"https:\/\/www.openarms.es\/es\/#\/schema\/logo\/image\/\",\"url\":\"https:\/\/www.openarms.es\/wp-content\/uploads\/2025\/03\/BRAND.svg\",\"contentUrl\":\"https:\/\/www.openarms.es\/wp-content\/uploads\/2025\/03\/BRAND.svg\",\"caption\":\"Open Arms\"},\"image\":{\"@id\":\"https:\/\/www.openarms.es\/es\/#\/schema\/logo\/image\/\"}}]}<\/script>\n<!-- \/ Yoast SEO plugin. -->","yoast_head_json":{"title":"Contacto. Escr\u00edbenos y conecta con Open Arms","description":"\u00bfTienes dudas o quieres saber m\u00e1s sobre Open Arms? Escr\u00edbenos a trav\u00e9s del formulario y estaremos encantados de ayudarte.","robots":{"index":"index","follow":"follow","max-snippet":"max-snippet:-1","max-image-preview":"max-image-preview:large","max-video-preview":"max-video-preview:-1"},"canonical":"https:\/\/www.openarms.es\/es\/contactanos","og_locale":"es_ES","og_type":"article","og_title":"Contacto. Escr\u00edbenos y conecta con Open Arms","og_description":"\u00bfTienes dudas o quieres saber m\u00e1s sobre Open Arms? Escr\u00edbenos a trav\u00e9s del formulario y estaremos encantados de ayudarte.","og_url":"https:\/\/www.openarms.es\/es\/contactanos","og_site_name":"Open Arms","article_modified_time":"2025-06-20T07:52:07+00:00","og_image":[{"width":1920,"height":1280,"url":"https:\/\/www.openarms.es\/wp-content\/uploads\/2025\/06\/contacto-header.jpg","type":"image\/jpeg"}],"twitter_card":"summary_large_image","twitter_misc":{"Tiempo de lectura":"1 minuto"},"schema":{"@context":"https:\/\/schema.org","@graph":[{"@type":"WebPage","@id":"https:\/\/www.openarms.es\/es\/contactanos","url":"https:\/\/www.openarms.es\/es\/contactanos","name":"Contacto. Escr\u00edbenos y conecta con Open Arms","isPartOf":{"@id":"https:\/\/www.openarms.es\/es\/#website"},"primaryImageOfPage":{"@id":"https:\/\/www.openarms.es\/es\/contactanos#primaryimage"},"image":{"@id":"https:\/\/www.openarms.es\/es\/contactanos#primaryimage"},"thumbnailUrl":"https:\/\/www.openarms.es\/wp-content\/uploads\/2025\/06\/contacto-header.jpg","datePublished":"2025-04-09T09:06:54+00:00","dateModified":"2025-06-20T07:52:07+00:00","description":"\u00bfTienes dudas o quieres saber m\u00e1s sobre Open Arms? Escr\u00edbenos a trav\u00e9s del formulario y estaremos encantados de ayudarte.","inLanguage":"es","potentialAction":[{"@type":"ReadAction","target":["https:\/\/www.openarms.es\/es\/contactanos"]}]},{"@type":"ImageObject","inLanguage":"es","@id":"https:\/\/www.openarms.es\/es\/contactanos#primaryimage","url":"https:\/\/www.openarms.es\/wp-content\/uploads\/2025\/06\/contacto-header.jpg","contentUrl":"https:\/\/www.openarms.es\/wp-content\/uploads\/2025\/06\/contacto-header.jpg","width":1920,"height":1280,"caption":"Cont\u00e1ctanos Open Arms"},{"@type":"WebSite","@id":"https:\/\/www.openarms.es\/es\/#website","url":"https:\/\/www.openarms.es\/es\/","name":"Open Arms","description":"","publisher":{"@id":"https:\/\/www.openarms.es\/es\/#organization"},"potentialAction":[{"@type":"SearchAction","target":{"@type":"EntryPoint","urlTemplate":"https:\/\/www.openarms.es\/es\/?s={search_term_string}"},"query-input":{"@type":"PropertyValueSpecification","valueRequired":true,"valueName":"search_term_string"}}],"inLanguage":"es"},{"@type":"Organization","@id":"https:\/\/www.openarms.es\/es\/#organization","name":"Open Arms","url":"https:\/\/www.openarms.es\/es\/","logo":{"@type":"ImageObject","inLanguage":"es","@id":"https:\/\/www.openarms.es\/es\/#\/schema\/logo\/image\/","url":"https:\/\/www.openarms.es\/wp-content\/uploads\/2025\/03\/BRAND.svg","contentUrl":"https:\/\/www.openarms.es\/wp-content\/uploads\/2025\/03\/BRAND.svg","caption":"Open Arms"},"image":{"@id":"https:\/\/www.openarms.es\/es\/#\/schema\/logo\/image\/"}}]}},"_links":{"self":[{"href":"https:\/\/www.openarms.es\/es\/wp-json\/wp\/v2\/pages\/567","targetHints":{"allow":["GET"]}}],"collection":[{"href":"https:\/\/www.openarms.es\/es\/wp-json\/wp\/v2\/pages"}],"about":[{"href":"https:\/\/www.openarms.es\/es\/wp-json\/wp\/v2\/types\/page"}],"author":[{"embeddable":true,"href":"https:\/\/www.openarms.es\/es\/wp-json\/wp\/v2\/users\/1"}],"replies":[{"embeddable":true,"href":"https:\/\/www.openarms.es\/es\/wp-json\/wp\/v2\/comments?post=567"}],"version-history":[{"count":10,"href":"https:\/\/www.openarms.es\/es\/wp-json\/wp\/v2\/pages\/567\/revisions"}],"predecessor-version":[{"id":4693,"href":"https:\/\/www.openarms.es\/es\/wp-json\/wp\/v2\/pages\/567\/revisions\/4693"}],"wp:featuredmedia":[{"embeddable":true,"href":"https:\/\/www.openarms.es\/es\/wp-json\/wp\/v2\/media\/4683"}],"wp:attachment":[{"href":"https:\/\/www.openarms.es\/es\/wp-json\/wp\/v2\/media?parent=567"}],"curies":[{"name":"wp","href":"https:\/\/api.w.org\/{rel}","templated":true}]}}