{"id":6931,"date":"2025-07-16T13:38:34","date_gmt":"2025-07-16T13:38:34","guid":{"rendered":"https:\/\/www.openarms.es\/?page_id=6931"},"modified":"2025-07-17T07:04:44","modified_gmt":"2025-07-17T07:04:44","slug":"ucrania","status":"publish","type":"page","link":"https:\/\/www.openarms.es\/es\/conflictos\/ucrania","title":{"rendered":"Ucrania"},"content":{"rendered":"\n<div class=\"wp-block-cover alignfull ebavs-header-hero-interior\" style=\"min-height:40rem;aspect-ratio:unset;\"><img loading=\"lazy\" decoding=\"async\" width=\"1024\" height=\"576\" class=\"wp-block-cover__image-background wp-image-6914 size-large\" alt=\"conflicto Ucrania\" src=\"https:\/\/www.openarms.es\/wp-content\/uploads\/2025\/07\/conflicto-ucrania-1024x576.jpg\" data-object-fit=\"cover\" srcset=\"https:\/\/www.openarms.es\/wp-content\/uploads\/2025\/07\/conflicto-ucrania-1024x576.jpg 1024w, https:\/\/www.openarms.es\/wp-content\/uploads\/2025\/07\/conflicto-ucrania-300x169.jpg 300w, https:\/\/www.openarms.es\/wp-content\/uploads\/2025\/07\/conflicto-ucrania-768x432.jpg 768w, https:\/\/www.openarms.es\/wp-content\/uploads\/2025\/07\/conflicto-ucrania-1536x864.jpg 1536w, https:\/\/www.openarms.es\/wp-content\/uploads\/2025\/07\/conflicto-ucrania.jpg 1920w\" sizes=\"auto, (max-width: 1024px) 100vw, 1024px\" \/><span aria-hidden=\"true\" class=\"wp-block-cover__background has-black-background-color has-background-dim-30 has-background-dim\"><\/span><div class=\"wp-block-cover__inner-container is-layout-flow wp-block-cover-is-layout-flow\">\n<div class=\"wp-block-group alignwide has-global-padding is-layout-constrained wp-block-group-is-layout-constrained\" style=\"margin-top:auto;margin-bottom:auto\">\n<div class=\"wp-block-group has-global-padding is-content-justification-left is-layout-constrained wp-container-core-group-is-layout-b58f3518 wp-block-group-is-layout-constrained\">\n<p class=\"has-text-align-left has-base-color has-text-color has-large-font-size\" style=\"font-family:var(--wp--preset--font-family--dinnextltpro)\">CONFLICTOS<\/p>\n\n\n\n<h1 class=\"wp-block-heading has-text-align-left has-base-color has-text-color has-xx-large-font-size\" style=\"margin-top:0;margin-bottom:0\">UCRANIA<\/h1>\n\n\n\n<p class=\"has-base-color has-text-color has-link-color wp-elements-21846d02ef498c3136dea74760136405\" style=\"margin-top:0;margin-bottom:0\">Si crees que ante una guerra hay que proteger la vida de los m\u00e1s vulnerables, eres de los nuestros.<\/p>\n\n\n\n<div class=\"wp-block-buttons is-content-justification-left is-layout-flex wp-container-core-buttons-is-layout-fc4fd283 wp-block-buttons-is-layout-flex\">\n<div class=\"wp-block-button\"><a class=\"wp-block-button__link has-contrast-color has-base-background-color has-text-color has-background has-dinnextltpro-font-family has-custom-font-size wp-element-button\" href=\"https:\/\/help.openarms.es\/miembro-openarms\/?lang=es\" style=\"padding-top:16px;padding-right:24px;padding-bottom:14px;padding-left:24px;font-size:clamp(0.875rem, 0.875rem + ((1vw - 0.2rem) * 0.302), 1.13rem);font-style:normal;font-weight:700;line-height:1;text-transform:uppercase\" target=\"_blank\" rel=\"noreferrer noopener\">Hazte miembro<\/a><\/div>\n<\/div>\n<\/div>\n<\/div>\n<\/div><\/div>\n\n\n\n<div class=\"wp-block-cover alignfull is-light has-parallax\" style=\"margin-top:0;margin-bottom:0;padding-top:0;padding-right:0;padding-bottom:0;padding-left:0\"><div class=\"wp-block-cover__image-background wp-image-999 has-parallax\" style=\"background-position:50% 50%;background-image:url(https:\/\/www.openarms.es\/wp-content\/themes\/openarms\/assets\/images\/openarms-texture.webp)\"><\/div><span aria-hidden=\"true\" class=\"wp-block-cover__background has-base-background-color has-background-dim-80 has-background-dim\"><\/span><div class=\"wp-block-cover__inner-container is-layout-flow wp-block-cover-is-layout-flow\">\n<div class=\"wp-block-group alignwide has-global-padding is-layout-constrained wp-container-core-group-is-layout-8257ab09 wp-block-group-is-layout-constrained\" style=\"margin-top:1rem\">\n<div class=\"wp-block-group alignwide has-global-padding is-layout-constrained wp-block-group-is-layout-constrained\"><div class=\"yoast-breadcrumbs\"><span><span><a href=\"https:\/\/www.openarms.es\/es\/conflictos\">Conflictos<\/a><\/span> &gt; <span class=\"breadcrumb_last\" aria-current=\"page\">Ucrania<\/span><\/span><\/div>\n\n\n<hr class=\"wp-block-separator has-text-color has-gray-color has-alpha-channel-opacity has-gray-background-color has-background is-style-default\" style=\"margin-top:1rem;margin-bottom:4rem\"\/>\n<\/div>\n<\/div>\n\n\n\n<div class=\"wp-block-group has-global-padding is-layout-constrained wp-block-group-is-layout-constrained\">\n<div class=\"wp-block-columns alignwide ebavs-space-between is-layout-flex wp-container-core-columns-is-layout-643ced6b wp-block-columns-is-layout-flex\">\n<div class=\"wp-block-column is-layout-flow wp-block-column-is-layout-flow\" style=\"flex-basis:33%\">\n<h2 class=\"wp-block-heading has-contrast-color has-text-color has-x-large-font-size\" style=\"margin-top:0\">CONTEXTO<\/h2>\n<\/div>\n\n\n\n<div class=\"wp-block-column is-layout-flow wp-block-column-is-layout-flow\" style=\"flex-basis:50%\">\n<p class=\"has-dark-gray-color has-text-color has-medium-font-size\" style=\"line-height:1.14em\">En 2014, Rusia se anexiona la pen\u00ednsula de Crimea tras celebrar un refer\u00e9ndum no reconocido por gran parte de los pa\u00edses del mundo. Durante los a\u00f1os siguientes, la lucha contin\u00faa en el Donb\u00e1s, la parte este de Ucrania que limita con Rusia, entre grupos separatistas prorrusos y las fuerzas del gobierno europe\u00edsta ucraniano.<br><br>En febrero de 2022, la guerra se intensific\u00f3 y se extendi\u00f3 a todo el pa\u00eds con la invasi\u00f3n militar a gran escala iniciada por Vladimir Putin.<\/p>\n<\/div>\n<\/div>\n<\/div>\n\n\n\n<div class=\"wp-block-group has-global-padding is-layout-constrained wp-block-group-is-layout-constrained\">\n<figure class=\"wp-block-image aligncenter size-large has-custom-border\" style=\"margin-top:3rem;margin-bottom:4rem\"><img loading=\"lazy\" decoding=\"async\" width=\"1024\" height=\"683\" src=\"https:\/\/www.openarms.es\/wp-content\/uploads\/2025\/07\/openarms-conflictos-destruccion-ucrania-1024x683.jpg\" alt=\"\" class=\"wp-image-6941\" style=\"border-style:none;border-width:0px;border-radius:16px;aspect-ratio:16\/9;object-fit:cover\" srcset=\"https:\/\/www.openarms.es\/wp-content\/uploads\/2025\/07\/openarms-conflictos-destruccion-ucrania-1024x683.jpg 1024w, https:\/\/www.openarms.es\/wp-content\/uploads\/2025\/07\/openarms-conflictos-destruccion-ucrania-300x200.jpg 300w, https:\/\/www.openarms.es\/wp-content\/uploads\/2025\/07\/openarms-conflictos-destruccion-ucrania-768x512.jpg 768w, https:\/\/www.openarms.es\/wp-content\/uploads\/2025\/07\/openarms-conflictos-destruccion-ucrania-1536x1024.jpg 1536w, https:\/\/www.openarms.es\/wp-content\/uploads\/2025\/07\/openarms-conflictos-destruccion-ucrania.jpg 1680w\" sizes=\"auto, (max-width: 1024px) 100vw, 1024px\" \/><\/figure>\n<\/div>\n\n\n\n<div class=\"wp-block-group has-global-padding is-layout-constrained wp-block-group-is-layout-constrained\">\n<div class=\"wp-block-columns alignwide is-content-justification-space-between is-layout-flow wp-container-core-columns-is-layout-389f1a3f wp-block-columns-is-layout-flow\">\n<div class=\"wp-block-column is-layout-flow wp-block-column-is-layout-flow\" style=\"padding-right:var(--wp--preset--spacing--40);flex-basis:30%\">\n<h3 class=\"wp-block-heading has-black-color has-text-color\" style=\"margin-top:0;margin-bottom:var(--wp--preset--spacing--16);font-size:clamp(1.502rem, 1.502rem + ((1vw - 0.2rem) * 1.181), 2.5rem);\">Evoluci\u00f3n<\/h3>\n<\/div>\n\n\n\n<div class=\"wp-block-column is-vertically-aligned-top is-layout-flow wp-block-column-is-layout-flow\" style=\"padding-right:0;padding-left:0;flex-basis:70%\">\n<ul class=\"wp-block-list\">\n<li class=\"has-small-font-size\" style=\"margin-bottom:var(--wp--preset--spacing--16)\">Las regiones de Donetsk, Luhansk, Zaporiyia y Jers\u00f3n, al sur y este de Ucrania, siguen ocupadas por Rusia y son escenario de duros enfrentamientos.<\/li>\n\n\n\n<li class=\"has-small-font-size\" style=\"margin-bottom:var(--wp--preset--spacing--16)\">Hay millones de afectados por el conflicto, entre desplazados internos y refugiados, estos \u00faltimos principalmente en pa\u00edses europeos vecinos.<\/li>\n\n\n\n<li class=\"has-small-font-size\" style=\"margin-bottom:var(--wp--preset--spacing--16)\">La comunidad internacional ha impuesto sanciones a Rusia, y la OTAN, la UE y otros actores respaldan a Ucrania con asistencia militar, humanitaria y financiera.<\/li>\n\n\n\n<li class=\"has-small-font-size\">El conflicto ha derivado en una crisis energ\u00e9tica y alimentaria a escala global (especialmente por las exportaciones de grano desde Ucrania).<\/li>\n<\/ul>\n<\/div>\n<\/div>\n<\/div>\n\n\n\n<div class=\"wp-block-group alignfull has-global-padding is-layout-constrained wp-container-core-group-is-layout-0c9c989a wp-block-group-is-layout-constrained\" style=\"min-height:0vh;margin-top:0;margin-bottom:0;padding-top:var(--wp--preset--spacing--70);padding-right:var(--wp--preset--spacing--40);padding-bottom:var(--wp--preset--spacing--70);padding-left:var(--wp--preset--spacing--40)\">\n<div class=\"wp-block-columns are-vertically-aligned-top is-content-justification-center is-layout-flex wp-container-core-columns-is-layout-8c19c11b wp-block-columns-is-layout-flex\">\n<div class=\"wp-block-column is-vertically-aligned-top is-layout-flow wp-block-column-is-layout-flow\" style=\"flex-basis:60%\">\n<div class=\"wp-block-group has-contrast-background-color has-background has-global-padding is-layout-constrained wp-container-core-group-is-layout-a91b9633 wp-block-group-is-layout-constrained\" style=\"border-style:none;border-width:0px;border-radius:32px;padding-top:var(--wp--preset--spacing--40);padding-right:2rem;padding-bottom:var(--wp--preset--spacing--40);padding-left:2rem\">\n<h3 class=\"wp-block-heading has-text-align-center has-base-color has-text-color has-link-color wp-elements-aa110e7ffc76eb5589bbd36b67787cee\" style=\"margin-right:0;margin-left:0;padding-right:0;padding-left:0;font-size:clamp(1.502rem, 1.502rem + ((1vw - 0.2rem) * 1.181), 2.5rem);line-height:1.15\">Si crees que toda vida debe ser salvada, impl\u00edcate. Entre todos, podemos salvar muchas m\u00e1s.<\/h3>\n\n\n\n<div class=\"wp-block-buttons is-horizontal is-content-justification-center is-layout-flex wp-container-core-buttons-is-layout-03627597 wp-block-buttons-is-layout-flex\">\n<div class=\"wp-block-button\"><a class=\"wp-block-button__link has-contrast-color has-base-background-color has-text-color has-background has-custom-font-size wp-element-button\" href=\"https:\/\/www.openarms.es\/es\/como-ayudar\/dona\" style=\"padding-top:16px;padding-right:24px;padding-bottom:14px;padding-left:24px;font-size:clamp(14px, 0.875rem + ((1vw - 3.2px) * 0.296), 18px);font-style:normal;font-weight:700\">DONA AHORA<\/a><\/div>\n<\/div>\n<\/div>\n<\/div>\n<\/div>\n<\/div>\n<\/div><\/div>\n\n\n\n<p><\/p>\n","protected":false},"excerpt":{"rendered":"","protected":false},"author":1,"featured_media":6914,"parent":6888,"menu_order":0,"comment_status":"closed","ping_status":"closed","template":"page-interior","meta":{"content-type":"","footnotes":""},"class_list":["post-6931","page","type-page","status-publish","has-post-thumbnail","hentry"],"yoast_head":"<!-- This site is optimized with the Yoast SEO plugin v25.9 - https:\/\/yoast.com\/wordpress\/plugins\/seo\/ -->\n<title>Conflicto en Ucrania: contexto y ayuda humanitaria | Open Arms<\/title>\n<meta name=\"description\" content=\"Descubre el origen y evoluci\u00f3n del conflicto en Ucrania y c\u00f3mo Open Arms act\u00faa para proteger vidas en medio de la guerra.\" \/>\n<meta name=\"robots\" content=\"index, follow, max-snippet:-1, max-image-preview:large, max-video-preview:-1\" \/>\n<link rel=\"canonical\" href=\"https:\/\/www.openarms.es\/es\/conflictos\/ucrania\" \/>\n<meta property=\"og:locale\" content=\"es_ES\" \/>\n<meta property=\"og:type\" content=\"article\" \/>\n<meta property=\"og:title\" content=\"Conflicto en Ucrania: contexto y ayuda humanitaria | Open Arms\" \/>\n<meta property=\"og:description\" content=\"Descubre el origen y evoluci\u00f3n del conflicto en Ucrania y c\u00f3mo Open Arms act\u00faa para proteger vidas en medio de la guerra.\" \/>\n<meta property=\"og:url\" content=\"https:\/\/www.openarms.es\/es\/conflictos\/ucrania\" \/>\n<meta property=\"og:site_name\" content=\"Open Arms\" \/>\n<meta property=\"article:modified_time\" content=\"2025-07-17T07:04:44+00:00\" \/>\n<meta property=\"og:image\" content=\"https:\/\/www.openarms.es\/wp-content\/uploads\/2025\/07\/conflicto-ucrania.jpg\" \/>\n\t<meta property=\"og:image:width\" content=\"1920\" \/>\n\t<meta property=\"og:image:height\" content=\"1080\" \/>\n\t<meta property=\"og:image:type\" content=\"image\/jpeg\" \/>\n<meta name=\"twitter:card\" content=\"summary_large_image\" \/>\n<meta name=\"twitter:label1\" content=\"Tiempo de lectura\" \/>\n\t<meta name=\"twitter:data1\" content=\"2 minutos\" \/>\n<script type=\"application\/ld+json\" class=\"yoast-schema-graph\">{\"@context\":\"https:\/\/schema.org\",\"@graph\":[{\"@type\":\"WebPage\",\"@id\":\"https:\/\/www.openarms.es\/es\/conflictos\/ucrania\",\"url\":\"https:\/\/www.openarms.es\/es\/conflictos\/ucrania\",\"name\":\"Conflicto en Ucrania: contexto y ayuda humanitaria | Open Arms\",\"isPartOf\":{\"@id\":\"https:\/\/www.openarms.es\/es\/#website\"},\"primaryImageOfPage\":{\"@id\":\"https:\/\/www.openarms.es\/es\/conflictos\/ucrania#primaryimage\"},\"image\":{\"@id\":\"https:\/\/www.openarms.es\/es\/conflictos\/ucrania#primaryimage\"},\"thumbnailUrl\":\"https:\/\/www.openarms.es\/wp-content\/uploads\/2025\/07\/conflicto-ucrania.jpg\",\"datePublished\":\"2025-07-16T13:38:34+00:00\",\"dateModified\":\"2025-07-17T07:04:44+00:00\",\"description\":\"Descubre el origen y evoluci\u00f3n del conflicto en Ucrania y c\u00f3mo Open Arms act\u00faa para proteger vidas en medio de la guerra.\",\"breadcrumb\":{\"@id\":\"https:\/\/www.openarms.es\/es\/conflictos\/ucrania#breadcrumb\"},\"inLanguage\":\"es\",\"potentialAction\":[{\"@type\":\"ReadAction\",\"target\":[\"https:\/\/www.openarms.es\/es\/conflictos\/ucrania\"]}]},{\"@type\":\"ImageObject\",\"inLanguage\":\"es\",\"@id\":\"https:\/\/www.openarms.es\/es\/conflictos\/ucrania#primaryimage\",\"url\":\"https:\/\/www.openarms.es\/wp-content\/uploads\/2025\/07\/conflicto-ucrania.jpg\",\"contentUrl\":\"https:\/\/www.openarms.es\/wp-content\/uploads\/2025\/07\/conflicto-ucrania.jpg\",\"width\":1920,\"height\":1080,\"caption\":\"conflicto Ucrania Open Arms\"},{\"@type\":\"BreadcrumbList\",\"@id\":\"https:\/\/www.openarms.es\/es\/conflictos\/ucrania#breadcrumb\",\"itemListElement\":[{\"@type\":\"ListItem\",\"position\":1,\"name\":\"Conflictos\",\"item\":\"https:\/\/www.openarms.es\/es\/conflictos\"},{\"@type\":\"ListItem\",\"position\":2,\"name\":\"Ucrania\"}]},{\"@type\":\"WebSite\",\"@id\":\"https:\/\/www.openarms.es\/es\/#website\",\"url\":\"https:\/\/www.openarms.es\/es\/\",\"name\":\"Open Arms\",\"description\":\"\",\"publisher\":{\"@id\":\"https:\/\/www.openarms.es\/es\/#organization\"},\"potentialAction\":[{\"@type\":\"SearchAction\",\"target\":{\"@type\":\"EntryPoint\",\"urlTemplate\":\"https:\/\/www.openarms.es\/es\/?s={search_term_string}\"},\"query-input\":{\"@type\":\"PropertyValueSpecification\",\"valueRequired\":true,\"valueName\":\"search_term_string\"}}],\"inLanguage\":\"es\"},{\"@type\":\"Organization\",\"@id\":\"https:\/\/www.openarms.es\/es\/#organization\",\"name\":\"Open Arms\",\"url\":\"https:\/\/www.openarms.es\/es\/\",\"logo\":{\"@type\":\"ImageObject\",\"inLanguage\":\"es\",\"@id\":\"https:\/\/www.openarms.es\/es\/#\/schema\/logo\/image\/\",\"url\":\"https:\/\/www.openarms.es\/wp-content\/uploads\/2025\/03\/BRAND.svg\",\"contentUrl\":\"https:\/\/www.openarms.es\/wp-content\/uploads\/2025\/03\/BRAND.svg\",\"caption\":\"Open Arms\"},\"image\":{\"@id\":\"https:\/\/www.openarms.es\/es\/#\/schema\/logo\/image\/\"}}]}<\/script>\n<!-- \/ Yoast SEO plugin. -->","yoast_head_json":{"title":"Conflicto en Ucrania: contexto y ayuda humanitaria | Open Arms","description":"Descubre el origen y evoluci\u00f3n del conflicto en Ucrania y c\u00f3mo Open Arms act\u00faa para proteger vidas en medio de la guerra.","robots":{"index":"index","follow":"follow","max-snippet":"max-snippet:-1","max-image-preview":"max-image-preview:large","max-video-preview":"max-video-preview:-1"},"canonical":"https:\/\/www.openarms.es\/es\/conflictos\/ucrania","og_locale":"es_ES","og_type":"article","og_title":"Conflicto en Ucrania: contexto y ayuda humanitaria | Open Arms","og_description":"Descubre el origen y evoluci\u00f3n del conflicto en Ucrania y c\u00f3mo Open Arms act\u00faa para proteger vidas en medio de la guerra.","og_url":"https:\/\/www.openarms.es\/es\/conflictos\/ucrania","og_site_name":"Open Arms","article_modified_time":"2025-07-17T07:04:44+00:00","og_image":[{"width":1920,"height":1080,"url":"https:\/\/www.openarms.es\/wp-content\/uploads\/2025\/07\/conflicto-ucrania.jpg","type":"image\/jpeg"}],"twitter_card":"summary_large_image","twitter_misc":{"Tiempo de lectura":"2 minutos"},"schema":{"@context":"https:\/\/schema.org","@graph":[{"@type":"WebPage","@id":"https:\/\/www.openarms.es\/es\/conflictos\/ucrania","url":"https:\/\/www.openarms.es\/es\/conflictos\/ucrania","name":"Conflicto en Ucrania: contexto y ayuda humanitaria | Open Arms","isPartOf":{"@id":"https:\/\/www.openarms.es\/es\/#website"},"primaryImageOfPage":{"@id":"https:\/\/www.openarms.es\/es\/conflictos\/ucrania#primaryimage"},"image":{"@id":"https:\/\/www.openarms.es\/es\/conflictos\/ucrania#primaryimage"},"thumbnailUrl":"https:\/\/www.openarms.es\/wp-content\/uploads\/2025\/07\/conflicto-ucrania.jpg","datePublished":"2025-07-16T13:38:34+00:00","dateModified":"2025-07-17T07:04:44+00:00","description":"Descubre el origen y evoluci\u00f3n del conflicto en Ucrania y c\u00f3mo Open Arms act\u00faa para proteger vidas en medio de la guerra.","breadcrumb":{"@id":"https:\/\/www.openarms.es\/es\/conflictos\/ucrania#breadcrumb"},"inLanguage":"es","potentialAction":[{"@type":"ReadAction","target":["https:\/\/www.openarms.es\/es\/conflictos\/ucrania"]}]},{"@type":"ImageObject","inLanguage":"es","@id":"https:\/\/www.openarms.es\/es\/conflictos\/ucrania#primaryimage","url":"https:\/\/www.openarms.es\/wp-content\/uploads\/2025\/07\/conflicto-ucrania.jpg","contentUrl":"https:\/\/www.openarms.es\/wp-content\/uploads\/2025\/07\/conflicto-ucrania.jpg","width":1920,"height":1080,"caption":"conflicto Ucrania Open Arms"},{"@type":"BreadcrumbList","@id":"https:\/\/www.openarms.es\/es\/conflictos\/ucrania#breadcrumb","itemListElement":[{"@type":"ListItem","position":1,"name":"Conflictos","item":"https:\/\/www.openarms.es\/es\/conflictos"},{"@type":"ListItem","position":2,"name":"Ucrania"}]},{"@type":"WebSite","@id":"https:\/\/www.openarms.es\/es\/#website","url":"https:\/\/www.openarms.es\/es\/","name":"Open Arms","description":"","publisher":{"@id":"https:\/\/www.openarms.es\/es\/#organization"},"potentialAction":[{"@type":"SearchAction","target":{"@type":"EntryPoint","urlTemplate":"https:\/\/www.openarms.es\/es\/?s={search_term_string}"},"query-input":{"@type":"PropertyValueSpecification","valueRequired":true,"valueName":"search_term_string"}}],"inLanguage":"es"},{"@type":"Organization","@id":"https:\/\/www.openarms.es\/es\/#organization","name":"Open Arms","url":"https:\/\/www.openarms.es\/es\/","logo":{"@type":"ImageObject","inLanguage":"es","@id":"https:\/\/www.openarms.es\/es\/#\/schema\/logo\/image\/","url":"https:\/\/www.openarms.es\/wp-content\/uploads\/2025\/03\/BRAND.svg","contentUrl":"https:\/\/www.openarms.es\/wp-content\/uploads\/2025\/03\/BRAND.svg","caption":"Open Arms"},"image":{"@id":"https:\/\/www.openarms.es\/es\/#\/schema\/logo\/image\/"}}]}},"_links":{"self":[{"href":"https:\/\/www.openarms.es\/es\/wp-json\/wp\/v2\/pages\/6931","targetHints":{"allow":["GET"]}}],"collection":[{"href":"https:\/\/www.openarms.es\/es\/wp-json\/wp\/v2\/pages"}],"about":[{"href":"https:\/\/www.openarms.es\/es\/wp-json\/wp\/v2\/types\/page"}],"author":[{"embeddable":true,"href":"https:\/\/www.openarms.es\/es\/wp-json\/wp\/v2\/users\/1"}],"replies":[{"embeddable":true,"href":"https:\/\/www.openarms.es\/es\/wp-json\/wp\/v2\/comments?post=6931"}],"version-history":[{"count":6,"href":"https:\/\/www.openarms.es\/es\/wp-json\/wp\/v2\/pages\/6931\/revisions"}],"predecessor-version":[{"id":7038,"href":"https:\/\/www.openarms.es\/es\/wp-json\/wp\/v2\/pages\/6931\/revisions\/7038"}],"up":[{"embeddable":true,"href":"https:\/\/www.openarms.es\/es\/wp-json\/wp\/v2\/pages\/6888"}],"wp:featuredmedia":[{"embeddable":true,"href":"https:\/\/www.openarms.es\/es\/wp-json\/wp\/v2\/media\/6914"}],"wp:attachment":[{"href":"https:\/\/www.openarms.es\/es\/wp-json\/wp\/v2\/media?parent=6931"}],"curies":[{"name":"wp","href":"https:\/\/api.w.org\/{rel}","templated":true}]}}