{"id":7177,"date":"2025-07-23T08:21:09","date_gmt":"2025-07-23T08:21:09","guid":{"rendered":"https:\/\/www.openarms.es\/?page_id=7177"},"modified":"2025-07-28T12:32:53","modified_gmt":"2025-07-28T12:32:53","slug":"afganistan","status":"publish","type":"page","link":"https:\/\/www.openarms.es\/es\/conflictos\/afganistan","title":{"rendered":"Afganist\u00e1n"},"content":{"rendered":"\n<div class=\"wp-block-cover alignfull ebavs-header-hero-interior\" style=\"min-height:40rem;aspect-ratio:unset;\"><span aria-hidden=\"true\" class=\"wp-block-cover__background has-black-background-color has-background-dim-30 has-background-dim\"><\/span><img loading=\"lazy\" decoding=\"async\" width=\"1024\" height=\"597\" src=\"https:\/\/www.openarms.es\/wp-content\/uploads\/2025\/07\/conflicto-afganistan-1024x597.jpg\" class=\"wp-block-cover__image-background wp-post-image\" alt=\"Conflicto Afganistan\" data-object-fit=\"cover\" srcset=\"https:\/\/www.openarms.es\/wp-content\/uploads\/2025\/07\/conflicto-afganistan-1024x597.jpg 1024w, https:\/\/www.openarms.es\/wp-content\/uploads\/2025\/07\/conflicto-afganistan-300x175.jpg 300w, https:\/\/www.openarms.es\/wp-content\/uploads\/2025\/07\/conflicto-afganistan-768x448.jpg 768w, https:\/\/www.openarms.es\/wp-content\/uploads\/2025\/07\/conflicto-afganistan-1536x896.jpg 1536w, https:\/\/www.openarms.es\/wp-content\/uploads\/2025\/07\/conflicto-afganistan.jpg 1920w\" sizes=\"auto, (max-width: 1024px) 100vw, 1024px\" \/><div class=\"wp-block-cover__inner-container is-layout-flow wp-block-cover-is-layout-flow\">\n<div class=\"wp-block-group alignwide has-global-padding is-layout-constrained wp-block-group-is-layout-constrained\" style=\"margin-top:auto;margin-bottom:auto\">\n<div class=\"wp-block-group has-global-padding is-content-justification-left is-layout-constrained wp-container-core-group-is-layout-b58f3518 wp-block-group-is-layout-constrained\">\n<p class=\"has-text-align-left has-base-color has-text-color has-large-font-size\" style=\"font-family:var(--wp--preset--font-family--dinnextltpro)\">CONFLICTOS<\/p>\n\n\n\n<h1 class=\"wp-block-heading has-text-align-left has-base-color has-text-color has-home-large-font-size\" style=\"margin-top:0;margin-bottom:0\">AFGANIST\u00c1N<\/h1>\n\n\n\n<p class=\"has-base-color has-text-color has-link-color wp-elements-f5848c6450306ce4a38ade4b36e7b85d\" style=\"margin-top:0;margin-bottom:0\">Si crees que ante cualquier conflicto hay que proteger la vida de los m\u00e1s vulnerables, eres de los nuestros.<\/p>\n\n\n\n<div class=\"wp-block-buttons is-content-justification-left is-layout-flex wp-container-core-buttons-is-layout-fc4fd283 wp-block-buttons-is-layout-flex\">\n<div class=\"wp-block-button\"><a class=\"wp-block-button__link has-contrast-color has-base-background-color has-text-color has-background has-dinnextltpro-font-family has-custom-font-size wp-element-button\" href=\"https:\/\/help.openarms.es\/miembro-openarms\/?lang=es\" style=\"padding-top:16px;padding-right:24px;padding-bottom:14px;padding-left:24px;font-size:clamp(0.875rem, 0.875rem + ((1vw - 0.2rem) * 0.302), 1.13rem);font-style:normal;font-weight:700;line-height:1;text-transform:uppercase\" target=\"_blank\" rel=\"noreferrer noopener\">Hazte miembro<\/a><\/div>\n<\/div>\n<\/div>\n<\/div>\n<\/div><\/div>\n\n\n\n<div class=\"wp-block-cover alignfull is-light has-parallax\" style=\"margin-top:0;margin-bottom:0;padding-top:0;padding-right:0;padding-bottom:0;padding-left:0\"><div class=\"wp-block-cover__image-background wp-image-999 has-parallax\" style=\"background-position:50% 50%;background-image:url(https:\/\/www.openarms.es\/wp-content\/themes\/openarms\/assets\/images\/openarms-texture.webp)\"><\/div><span aria-hidden=\"true\" class=\"wp-block-cover__background has-base-background-color has-background-dim-80 has-background-dim\"><\/span><div class=\"wp-block-cover__inner-container is-layout-flow wp-block-cover-is-layout-flow\">\n<div class=\"wp-block-group alignwide has-global-padding is-layout-constrained wp-container-core-group-is-layout-8257ab09 wp-block-group-is-layout-constrained\" style=\"margin-top:1rem\">\n<div class=\"wp-block-group alignwide has-global-padding is-layout-constrained wp-block-group-is-layout-constrained\"><div class=\"yoast-breadcrumbs\"><span><span><a href=\"https:\/\/www.openarms.es\/es\/conflictos\">Conflictos<\/a><\/span> &gt; <span class=\"breadcrumb_last\" aria-current=\"page\">Afganist\u00e1n<\/span><\/span><\/div>\n\n\n<hr class=\"wp-block-separator has-text-color has-gray-color has-alpha-channel-opacity has-gray-background-color has-background is-style-default\" style=\"margin-top:1rem;margin-bottom:4rem\"\/>\n<\/div>\n<\/div>\n\n\n\n<div class=\"wp-block-group has-global-padding is-layout-constrained wp-block-group-is-layout-constrained\">\n<div class=\"wp-block-columns alignwide ebavs-space-between is-layout-flex wp-container-core-columns-is-layout-643ced6b wp-block-columns-is-layout-flex\">\n<div class=\"wp-block-column is-layout-flow wp-block-column-is-layout-flow\" style=\"flex-basis:33%\">\n<h2 class=\"wp-block-heading has-contrast-color has-text-color has-x-large-font-size\" style=\"margin-top:0\">CONTEXTO<\/h2>\n<\/div>\n\n\n\n<div class=\"wp-block-column is-layout-flow wp-block-column-is-layout-flow\" style=\"flex-basis:50%\">\n<p class=\"has-dark-gray-color has-text-color has-medium-font-size\" style=\"line-height:1.14em\">Afganist\u00e1n ha sufrido varios golpes de Estado, invasiones extranjeras por parte de los sovi\u00e9ticos y los estadounidenses, guerras civiles y el surgimiento de grupos radicales isl\u00e1micos como los talibanes y el ISIS-K. En concreto, los talibanes retomaron el control tras la retirada de las fuerzas internacionales en 2021. Con ello, reabrieron las viejas tensiones y desaf\u00edos de gobernanza, derechos humanos y seguridad.<\/p>\n\n\n\n<p class=\"has-dark-gray-color has-text-color has-medium-font-size\" style=\"line-height:1.14em\">El pa\u00eds contin\u00faa en una situaci\u00f3n de gran inestabilidad y crisis humanitaria, con un futuro incierto que depende, en gran medida, de c\u00f3mo evolucione la relaci\u00f3n entre el Emirato Talib\u00e1n, la poblaci\u00f3n afgana y la comunidad internacional.<\/p>\n<\/div>\n<\/div>\n<\/div>\n\n\n\n<div class=\"wp-block-group has-global-padding is-layout-constrained wp-block-group-is-layout-constrained\">\n<figure class=\"wp-block-image aligncenter size-full has-custom-border\" style=\"margin-top:3rem;margin-bottom:4rem\"><img loading=\"lazy\" decoding=\"async\" width=\"1024\" height=\"683\" src=\"https:\/\/www.openarms.es\/wp-content\/uploads\/2025\/07\/34004544328_873d5611ea_o.jpg\" alt=\"\" class=\"wp-image-7247\" style=\"border-style:none;border-width:0px;border-radius:16px;aspect-ratio:16\/9;object-fit:cover\" srcset=\"https:\/\/www.openarms.es\/wp-content\/uploads\/2025\/07\/34004544328_873d5611ea_o.jpg 1024w, https:\/\/www.openarms.es\/wp-content\/uploads\/2025\/07\/34004544328_873d5611ea_o-300x200.jpg 300w, https:\/\/www.openarms.es\/wp-content\/uploads\/2025\/07\/34004544328_873d5611ea_o-768x512.jpg 768w\" sizes=\"auto, (max-width: 1024px) 100vw, 1024px\" \/><\/figure>\n<\/div>\n\n\n\n<div class=\"wp-block-group has-global-padding is-layout-constrained wp-block-group-is-layout-constrained\">\n<div class=\"wp-block-columns alignwide is-content-justification-space-between is-layout-flow wp-container-core-columns-is-layout-389f1a3f wp-block-columns-is-layout-flow\">\n<div class=\"wp-block-column is-layout-flow wp-block-column-is-layout-flow\" style=\"padding-right:var(--wp--preset--spacing--40);flex-basis:30%\">\n<h3 class=\"wp-block-heading has-black-color has-text-color\" style=\"margin-top:0;margin-bottom:var(--wp--preset--spacing--16);font-size:clamp(1.502rem, 1.502rem + ((1vw - 0.2rem) * 1.181), 2.5rem);\">Evoluci\u00f3n<\/h3>\n<\/div>\n\n\n\n<div class=\"wp-block-column is-vertically-aligned-top is-layout-flow wp-block-column-is-layout-flow\" style=\"padding-right:0;padding-left:0;flex-basis:70%\">\n<ul class=\"wp-block-list\">\n<li class=\"has-small-font-size\" style=\"margin-bottom:var(--wp--preset--spacing--16)\">Persiste la violencia. Por un lado, est\u00e1 la represi\u00f3n pol\u00edtica de los talibanes. Por otro, grupos insurgentes y terroristas, como el Estado Isl\u00e1mico del Gran Joras\u00e1n o ISIS-K, siguen perpetrando atentados.<\/li>\n\n\n\n<li class=\"has-small-font-size\" style=\"margin-bottom:var(--wp--preset--spacing--16)\">Los derechos de las mujeres y ni\u00f1as se han visto recortados dr\u00e1sticamente con su anulaci\u00f3n en la sociedad, con prohibiciones de educaci\u00f3n secundaria y universitaria. No pueden hablar en p\u00fablico, ni siquiera asomarse a ventanas.<\/li>\n\n\n\n<li class=\"has-small-font-size\" style=\"margin-bottom:var(--wp--preset--spacing--16)\">La ayuda internacional se redujo o se condicion\u00f3, lo que agrav\u00f3 la inseguridad alimentaria y el desplazamiento interno, adem\u00e1s del n\u00famero de refugiados a pa\u00edses vecinos como Pakist\u00e1n e Ir\u00e1n.<br><\/li>\n<\/ul>\n<\/div>\n<\/div>\n<\/div>\n\n\n\n<div class=\"wp-block-group alignfull has-global-padding is-layout-constrained wp-container-core-group-is-layout-0c9c989a wp-block-group-is-layout-constrained\" style=\"min-height:0vh;margin-top:0;margin-bottom:0;padding-top:var(--wp--preset--spacing--70);padding-right:var(--wp--preset--spacing--40);padding-bottom:var(--wp--preset--spacing--70);padding-left:var(--wp--preset--spacing--40)\">\n<div class=\"wp-block-columns are-vertically-aligned-top is-content-justification-center is-layout-flex wp-container-core-columns-is-layout-8c19c11b wp-block-columns-is-layout-flex\">\n<div class=\"wp-block-column is-vertically-aligned-top is-layout-flow wp-block-column-is-layout-flow\" style=\"flex-basis:60%\">\n<div class=\"wp-block-group has-contrast-background-color has-background has-global-padding is-layout-constrained wp-container-core-group-is-layout-a91b9633 wp-block-group-is-layout-constrained\" style=\"border-style:none;border-width:0px;border-radius:32px;padding-top:var(--wp--preset--spacing--40);padding-right:2rem;padding-bottom:var(--wp--preset--spacing--40);padding-left:2rem\">\n<h3 class=\"wp-block-heading has-text-align-center has-base-color has-text-color has-link-color wp-elements-aa110e7ffc76eb5589bbd36b67787cee\" style=\"margin-right:0;margin-left:0;padding-right:0;padding-left:0;font-size:clamp(1.502rem, 1.502rem + ((1vw - 0.2rem) * 1.181), 2.5rem);line-height:1.15\">Si crees que toda vida debe ser salvada, impl\u00edcate. Entre todos, podemos salvar muchas m\u00e1s.<\/h3>\n\n\n\n<div class=\"wp-block-buttons is-horizontal is-content-justification-center is-layout-flex wp-container-core-buttons-is-layout-03627597 wp-block-buttons-is-layout-flex\">\n<div class=\"wp-block-button\"><a class=\"wp-block-button__link has-contrast-color has-base-background-color has-text-color has-background has-custom-font-size wp-element-button\" href=\"https:\/\/www.openarms.es\/es\/como-ayudar\/dona\" style=\"padding-top:16px;padding-right:24px;padding-bottom:14px;padding-left:24px;font-size:clamp(14px, 0.875rem + ((1vw - 3.2px) * 0.296), 18px);font-style:normal;font-weight:700\">DONA AHORA<\/a><\/div>\n<\/div>\n<\/div>\n<\/div>\n<\/div>\n<\/div>\n<\/div><\/div>\n\n\n\n<p><\/p>\n","protected":false},"excerpt":{"rendered":"","protected":false},"author":2,"featured_media":6919,"parent":6888,"menu_order":0,"comment_status":"closed","ping_status":"closed","template":"page-interior","meta":{"content-type":"","footnotes":""},"class_list":["post-7177","page","type-page","status-publish","has-post-thumbnail","hentry"],"yoast_head":"<!-- This site is optimized with the Yoast SEO plugin v25.9 - https:\/\/yoast.com\/wordpress\/plugins\/seo\/ -->\n<title>Conflicto en Afganist\u00e1n contexto y ayuda humanitaria | Open Arms<\/title>\n<meta name=\"description\" content=\"Descubre el origen y evoluci\u00f3n del conflicto en Afganist\u00e1n y c\u00f3mo Open Arms act\u00faa para proteger vidas.\" \/>\n<meta name=\"robots\" content=\"index, follow, max-snippet:-1, max-image-preview:large, max-video-preview:-1\" \/>\n<link rel=\"canonical\" href=\"https:\/\/www.openarms.es\/es\/conflictos\/afganistan\" \/>\n<meta property=\"og:locale\" content=\"es_ES\" \/>\n<meta property=\"og:type\" content=\"article\" \/>\n<meta property=\"og:title\" content=\"Conflicto en Afganist\u00e1n contexto y ayuda humanitaria | Open Arms\" \/>\n<meta property=\"og:description\" content=\"Descubre el origen y evoluci\u00f3n del conflicto en Afganist\u00e1n y c\u00f3mo Open Arms act\u00faa para proteger vidas.\" \/>\n<meta property=\"og:url\" content=\"https:\/\/www.openarms.es\/es\/conflictos\/afganistan\" \/>\n<meta property=\"og:site_name\" content=\"Open Arms\" \/>\n<meta property=\"article:modified_time\" content=\"2025-07-28T12:32:53+00:00\" \/>\n<meta property=\"og:image\" content=\"https:\/\/www.openarms.es\/wp-content\/uploads\/2025\/07\/conflicto-afganistan.jpg\" \/>\n\t<meta property=\"og:image:width\" content=\"1920\" \/>\n\t<meta property=\"og:image:height\" content=\"1120\" \/>\n\t<meta property=\"og:image:type\" content=\"image\/jpeg\" \/>\n<meta name=\"twitter:card\" content=\"summary_large_image\" \/>\n<meta name=\"twitter:label1\" content=\"Tiempo de lectura\" \/>\n\t<meta name=\"twitter:data1\" content=\"2 minutos\" \/>\n<script type=\"application\/ld+json\" class=\"yoast-schema-graph\">{\"@context\":\"https:\/\/schema.org\",\"@graph\":[{\"@type\":\"WebPage\",\"@id\":\"https:\/\/www.openarms.es\/es\/conflictos\/afganistan\",\"url\":\"https:\/\/www.openarms.es\/es\/conflictos\/afganistan\",\"name\":\"Conflicto en Afganist\u00e1n contexto y ayuda humanitaria | Open Arms\",\"isPartOf\":{\"@id\":\"https:\/\/www.openarms.es\/es\/#website\"},\"primaryImageOfPage\":{\"@id\":\"https:\/\/www.openarms.es\/es\/conflictos\/afganistan#primaryimage\"},\"image\":{\"@id\":\"https:\/\/www.openarms.es\/es\/conflictos\/afganistan#primaryimage\"},\"thumbnailUrl\":\"https:\/\/www.openarms.es\/wp-content\/uploads\/2025\/07\/conflicto-afganistan.jpg\",\"datePublished\":\"2025-07-23T08:21:09+00:00\",\"dateModified\":\"2025-07-28T12:32:53+00:00\",\"description\":\"Descubre el origen y evoluci\u00f3n del conflicto en Afganist\u00e1n y c\u00f3mo Open Arms act\u00faa para proteger vidas.\",\"breadcrumb\":{\"@id\":\"https:\/\/www.openarms.es\/es\/conflictos\/afganistan#breadcrumb\"},\"inLanguage\":\"es\",\"potentialAction\":[{\"@type\":\"ReadAction\",\"target\":[\"https:\/\/www.openarms.es\/es\/conflictos\/afganistan\"]}]},{\"@type\":\"ImageObject\",\"inLanguage\":\"es\",\"@id\":\"https:\/\/www.openarms.es\/es\/conflictos\/afganistan#primaryimage\",\"url\":\"https:\/\/www.openarms.es\/wp-content\/uploads\/2025\/07\/conflicto-afganistan.jpg\",\"contentUrl\":\"https:\/\/www.openarms.es\/wp-content\/uploads\/2025\/07\/conflicto-afganistan.jpg\",\"width\":1920,\"height\":1120,\"caption\":\"Conflicto Afganistan\"},{\"@type\":\"BreadcrumbList\",\"@id\":\"https:\/\/www.openarms.es\/es\/conflictos\/afganistan#breadcrumb\",\"itemListElement\":[{\"@type\":\"ListItem\",\"position\":1,\"name\":\"Conflictos\",\"item\":\"https:\/\/www.openarms.es\/es\/conflictos\"},{\"@type\":\"ListItem\",\"position\":2,\"name\":\"Afganist\u00e1n\"}]},{\"@type\":\"WebSite\",\"@id\":\"https:\/\/www.openarms.es\/es\/#website\",\"url\":\"https:\/\/www.openarms.es\/es\/\",\"name\":\"Open Arms\",\"description\":\"\",\"publisher\":{\"@id\":\"https:\/\/www.openarms.es\/es\/#organization\"},\"potentialAction\":[{\"@type\":\"SearchAction\",\"target\":{\"@type\":\"EntryPoint\",\"urlTemplate\":\"https:\/\/www.openarms.es\/es\/?s={search_term_string}\"},\"query-input\":{\"@type\":\"PropertyValueSpecification\",\"valueRequired\":true,\"valueName\":\"search_term_string\"}}],\"inLanguage\":\"es\"},{\"@type\":\"Organization\",\"@id\":\"https:\/\/www.openarms.es\/es\/#organization\",\"name\":\"Open Arms\",\"url\":\"https:\/\/www.openarms.es\/es\/\",\"logo\":{\"@type\":\"ImageObject\",\"inLanguage\":\"es\",\"@id\":\"https:\/\/www.openarms.es\/es\/#\/schema\/logo\/image\/\",\"url\":\"https:\/\/www.openarms.es\/wp-content\/uploads\/2025\/03\/BRAND.svg\",\"contentUrl\":\"https:\/\/www.openarms.es\/wp-content\/uploads\/2025\/03\/BRAND.svg\",\"caption\":\"Open Arms\"},\"image\":{\"@id\":\"https:\/\/www.openarms.es\/es\/#\/schema\/logo\/image\/\"}}]}<\/script>\n<!-- \/ Yoast SEO plugin. -->","yoast_head_json":{"title":"Conflicto en Afganist\u00e1n contexto y ayuda humanitaria | Open Arms","description":"Descubre el origen y evoluci\u00f3n del conflicto en Afganist\u00e1n y c\u00f3mo Open Arms act\u00faa para proteger vidas.","robots":{"index":"index","follow":"follow","max-snippet":"max-snippet:-1","max-image-preview":"max-image-preview:large","max-video-preview":"max-video-preview:-1"},"canonical":"https:\/\/www.openarms.es\/es\/conflictos\/afganistan","og_locale":"es_ES","og_type":"article","og_title":"Conflicto en Afganist\u00e1n contexto y ayuda humanitaria | Open Arms","og_description":"Descubre el origen y evoluci\u00f3n del conflicto en Afganist\u00e1n y c\u00f3mo Open Arms act\u00faa para proteger vidas.","og_url":"https:\/\/www.openarms.es\/es\/conflictos\/afganistan","og_site_name":"Open Arms","article_modified_time":"2025-07-28T12:32:53+00:00","og_image":[{"width":1920,"height":1120,"url":"https:\/\/www.openarms.es\/wp-content\/uploads\/2025\/07\/conflicto-afganistan.jpg","type":"image\/jpeg"}],"twitter_card":"summary_large_image","twitter_misc":{"Tiempo de lectura":"2 minutos"},"schema":{"@context":"https:\/\/schema.org","@graph":[{"@type":"WebPage","@id":"https:\/\/www.openarms.es\/es\/conflictos\/afganistan","url":"https:\/\/www.openarms.es\/es\/conflictos\/afganistan","name":"Conflicto en Afganist\u00e1n contexto y ayuda humanitaria | Open Arms","isPartOf":{"@id":"https:\/\/www.openarms.es\/es\/#website"},"primaryImageOfPage":{"@id":"https:\/\/www.openarms.es\/es\/conflictos\/afganistan#primaryimage"},"image":{"@id":"https:\/\/www.openarms.es\/es\/conflictos\/afganistan#primaryimage"},"thumbnailUrl":"https:\/\/www.openarms.es\/wp-content\/uploads\/2025\/07\/conflicto-afganistan.jpg","datePublished":"2025-07-23T08:21:09+00:00","dateModified":"2025-07-28T12:32:53+00:00","description":"Descubre el origen y evoluci\u00f3n del conflicto en Afganist\u00e1n y c\u00f3mo Open Arms act\u00faa para proteger vidas.","breadcrumb":{"@id":"https:\/\/www.openarms.es\/es\/conflictos\/afganistan#breadcrumb"},"inLanguage":"es","potentialAction":[{"@type":"ReadAction","target":["https:\/\/www.openarms.es\/es\/conflictos\/afganistan"]}]},{"@type":"ImageObject","inLanguage":"es","@id":"https:\/\/www.openarms.es\/es\/conflictos\/afganistan#primaryimage","url":"https:\/\/www.openarms.es\/wp-content\/uploads\/2025\/07\/conflicto-afganistan.jpg","contentUrl":"https:\/\/www.openarms.es\/wp-content\/uploads\/2025\/07\/conflicto-afganistan.jpg","width":1920,"height":1120,"caption":"Conflicto Afganistan"},{"@type":"BreadcrumbList","@id":"https:\/\/www.openarms.es\/es\/conflictos\/afganistan#breadcrumb","itemListElement":[{"@type":"ListItem","position":1,"name":"Conflictos","item":"https:\/\/www.openarms.es\/es\/conflictos"},{"@type":"ListItem","position":2,"name":"Afganist\u00e1n"}]},{"@type":"WebSite","@id":"https:\/\/www.openarms.es\/es\/#website","url":"https:\/\/www.openarms.es\/es\/","name":"Open Arms","description":"","publisher":{"@id":"https:\/\/www.openarms.es\/es\/#organization"},"potentialAction":[{"@type":"SearchAction","target":{"@type":"EntryPoint","urlTemplate":"https:\/\/www.openarms.es\/es\/?s={search_term_string}"},"query-input":{"@type":"PropertyValueSpecification","valueRequired":true,"valueName":"search_term_string"}}],"inLanguage":"es"},{"@type":"Organization","@id":"https:\/\/www.openarms.es\/es\/#organization","name":"Open Arms","url":"https:\/\/www.openarms.es\/es\/","logo":{"@type":"ImageObject","inLanguage":"es","@id":"https:\/\/www.openarms.es\/es\/#\/schema\/logo\/image\/","url":"https:\/\/www.openarms.es\/wp-content\/uploads\/2025\/03\/BRAND.svg","contentUrl":"https:\/\/www.openarms.es\/wp-content\/uploads\/2025\/03\/BRAND.svg","caption":"Open Arms"},"image":{"@id":"https:\/\/www.openarms.es\/es\/#\/schema\/logo\/image\/"}}]}},"_links":{"self":[{"href":"https:\/\/www.openarms.es\/es\/wp-json\/wp\/v2\/pages\/7177","targetHints":{"allow":["GET"]}}],"collection":[{"href":"https:\/\/www.openarms.es\/es\/wp-json\/wp\/v2\/pages"}],"about":[{"href":"https:\/\/www.openarms.es\/es\/wp-json\/wp\/v2\/types\/page"}],"author":[{"embeddable":true,"href":"https:\/\/www.openarms.es\/es\/wp-json\/wp\/v2\/users\/2"}],"replies":[{"embeddable":true,"href":"https:\/\/www.openarms.es\/es\/wp-json\/wp\/v2\/comments?post=7177"}],"version-history":[{"count":5,"href":"https:\/\/www.openarms.es\/es\/wp-json\/wp\/v2\/pages\/7177\/revisions"}],"predecessor-version":[{"id":7277,"href":"https:\/\/www.openarms.es\/es\/wp-json\/wp\/v2\/pages\/7177\/revisions\/7277"}],"up":[{"embeddable":true,"href":"https:\/\/www.openarms.es\/es\/wp-json\/wp\/v2\/pages\/6888"}],"wp:featuredmedia":[{"embeddable":true,"href":"https:\/\/www.openarms.es\/es\/wp-json\/wp\/v2\/media\/6919"}],"wp:attachment":[{"href":"https:\/\/www.openarms.es\/es\/wp-json\/wp\/v2\/media?parent=7177"}],"curies":[{"name":"wp","href":"https:\/\/api.w.org\/{rel}","templated":true}]}}