{"id":7208,"date":"2025-07-23T08:29:38","date_gmt":"2025-07-23T08:29:38","guid":{"rendered":"https:\/\/www.openarms.es\/?page_id=7208"},"modified":"2025-07-31T17:07:51","modified_gmt":"2025-07-31T17:07:51","slug":"ruta-del-mediterraneo-central","status":"publish","type":"page","link":"https:\/\/www.openarms.es\/es\/flujos-migratorios\/ruta-del-mediterraneo-central","title":{"rendered":"Mediterr\u00e1neo Central"},"content":{"rendered":"\n<div class=\"wp-block-cover alignfull ebavs-header-hero-interior\" style=\"min-height:40rem;aspect-ratio:unset;\"><span aria-hidden=\"true\" class=\"wp-block-cover__background has-black-background-color has-background-dim-30 has-background-dim\"><\/span><img loading=\"lazy\" decoding=\"async\" width=\"1024\" height=\"683\" src=\"https:\/\/www.openarms.es\/wp-content\/uploads\/2025\/06\/mediterraneo-central-imagen-1024x683.jpg\" class=\"wp-block-cover__image-background wp-post-image\" alt=\"Mediterr\u00e1neo Central Open Arms\" data-object-fit=\"cover\" srcset=\"https:\/\/www.openarms.es\/wp-content\/uploads\/2025\/06\/mediterraneo-central-imagen-1024x683.jpg 1024w, https:\/\/www.openarms.es\/wp-content\/uploads\/2025\/06\/mediterraneo-central-imagen-300x200.jpg 300w, https:\/\/www.openarms.es\/wp-content\/uploads\/2025\/06\/mediterraneo-central-imagen-768x512.jpg 768w, https:\/\/www.openarms.es\/wp-content\/uploads\/2025\/06\/mediterraneo-central-imagen-1536x1024.jpg 1536w, https:\/\/www.openarms.es\/wp-content\/uploads\/2025\/06\/mediterraneo-central-imagen.jpg 1920w\" sizes=\"auto, (max-width: 1024px) 100vw, 1024px\" \/><div class=\"wp-block-cover__inner-container is-layout-flow wp-block-cover-is-layout-flow\">\n<div class=\"wp-block-group alignwide has-global-padding is-layout-constrained wp-block-group-is-layout-constrained\" style=\"margin-top:auto;margin-bottom:auto\">\n<div class=\"wp-block-group has-global-padding is-content-justification-left is-layout-constrained wp-container-core-group-is-layout-b58f3518 wp-block-group-is-layout-constrained\">\n<p class=\"has-text-align-left has-base-color has-text-color has-large-font-size\" style=\"font-family:var(--wp--preset--font-family--dinnextltpro)\">FLUJOS MIGRATORIOS<\/p>\n\n\n\n<h1 class=\"wp-block-heading has-text-align-left has-base-color has-text-color has-xx-large-font-size\" style=\"margin-top:0;margin-bottom:0\">Mediterr\u00e1neo Central<\/h1>\n\n\n\n<p class=\"has-base-color has-text-color has-link-color wp-elements-64d9a7f6e76a75cc26d37ba543833e48\" style=\"margin-top:0;margin-bottom:0\">Si crees que ninguna vida deber\u00eda ser abandonada a la deriva, eres de los nuestros.<\/p>\n\n\n\n<div class=\"wp-block-buttons is-content-justification-left is-layout-flex wp-container-core-buttons-is-layout-fc4fd283 wp-block-buttons-is-layout-flex\">\n<div class=\"wp-block-button\"><a class=\"wp-block-button__link has-contrast-color has-base-background-color has-text-color has-background has-dinnextltpro-font-family has-custom-font-size wp-element-button\" href=\"https:\/\/help.openarms.es\/miembro-openarms\/?lang=es\" style=\"padding-top:16px;padding-right:24px;padding-bottom:14px;padding-left:24px;font-size:clamp(0.875rem, 0.875rem + ((1vw - 0.2rem) * 0.302), 1.13rem);font-style:normal;font-weight:700;line-height:1;text-transform:uppercase\" target=\"_blank\" rel=\"noreferrer noopener\">Hazte miembro<\/a><\/div>\n<\/div>\n<\/div>\n<\/div>\n<\/div><\/div>\n\n\n\n<div class=\"wp-block-cover alignfull is-light has-parallax\" style=\"margin-top:0;margin-bottom:0;padding-top:0;padding-right:0;padding-bottom:0;padding-left:0\"><div class=\"wp-block-cover__image-background wp-image-999 has-parallax\" style=\"background-position:50% 50%;background-image:url(https:\/\/www.openarms.es\/wp-content\/themes\/openarms\/assets\/images\/openarms-texture.webp)\"><\/div><span aria-hidden=\"true\" class=\"wp-block-cover__background has-base-background-color has-background-dim-80 has-background-dim\"><\/span><div class=\"wp-block-cover__inner-container is-layout-flow wp-block-cover-is-layout-flow\">\n<div class=\"wp-block-group alignwide has-global-padding is-layout-constrained wp-container-core-group-is-layout-8257ab09 wp-block-group-is-layout-constrained\" style=\"margin-top:1rem\">\n<div class=\"wp-block-group alignwide has-global-padding is-layout-constrained wp-block-group-is-layout-constrained\"><div class=\"yoast-breadcrumbs\"><span><span><a href=\"https:\/\/www.openarms.es\/es\/flujos-migratorios\">Flujos Migratorios<\/a><\/span> &gt; <span class=\"breadcrumb_last\" aria-current=\"page\">Mediterr\u00e1neo Central<\/span><\/span><\/div>\n\n\n<hr class=\"wp-block-separator has-text-color has-gray-color has-alpha-channel-opacity has-gray-background-color has-background is-style-default\" style=\"margin-top:1rem;margin-bottom:4rem\"\/>\n<\/div>\n<\/div>\n\n\n\n<div class=\"wp-block-group has-global-padding is-layout-constrained wp-block-group-is-layout-constrained\">\n<div class=\"wp-block-columns alignwide ebavs-space-between is-layout-flex wp-container-core-columns-is-layout-643ced6b wp-block-columns-is-layout-flex\">\n<div class=\"wp-block-column is-layout-flow wp-block-column-is-layout-flow\" style=\"flex-basis:33%\">\n<h2 class=\"wp-block-heading has-contrast-color has-text-color has-x-large-font-size\" style=\"margin-top:0\">La Ruta<\/h2>\n<\/div>\n\n\n\n<div class=\"wp-block-column is-layout-flow wp-block-column-is-layout-flow\" style=\"flex-basis:50%\">\n<p class=\"has-dark-gray-color has-text-color has-medium-font-size\" style=\"line-height:1.14em\">Esta ruta une las costas del norte de \u00c1frica con Italia. Se considera la ruta mar\u00edtima m\u00e1s peligrosa del mundo. Las personas que se arriesgan a tomarla vienen de pa\u00edses muy diversos, desde la zona del Sahel (Mali, N\u00edger, Chad, Sud\u00e1n) hasta \u00c1frica central y occidental (Nigeria, Camer\u00fan, Rep\u00fablica Democr\u00e1tica del Congo, Costa de Marfil, Ghana, Senegal&#8230;).<\/p>\n\n\n\n<p class=\"has-dark-gray-color has-text-color has-medium-font-size\" style=\"line-height:1.14em\">Una vez en territorio italiano, muchas personas buscan continuar hacia otros pa\u00edses de la UE, como Francia o Alemania, aunque los controles internos han endurecido los movimientos secundarios dentro de Europa.<\/p>\n<\/div>\n<\/div>\n<\/div>\n\n\n\n<div class=\"wp-block-group has-global-padding is-layout-constrained wp-block-group-is-layout-constrained\">\n<figure class=\"wp-block-image aligncenter size-large\"><img loading=\"lazy\" decoding=\"async\" width=\"1024\" height=\"683\" src=\"https:\/\/www.openarms.es\/wp-content\/uploads\/2025\/07\/CR_2077-1024x683.jpg\" alt=\"\" class=\"wp-image-7948\" srcset=\"https:\/\/www.openarms.es\/wp-content\/uploads\/2025\/07\/CR_2077-1024x683.jpg 1024w, https:\/\/www.openarms.es\/wp-content\/uploads\/2025\/07\/CR_2077-300x200.jpg 300w, https:\/\/www.openarms.es\/wp-content\/uploads\/2025\/07\/CR_2077-768x512.jpg 768w, https:\/\/www.openarms.es\/wp-content\/uploads\/2025\/07\/CR_2077-1536x1024.jpg 1536w, https:\/\/www.openarms.es\/wp-content\/uploads\/2025\/07\/CR_2077-2048x1366.jpg 2048w\" sizes=\"auto, (max-width: 1024px) 100vw, 1024px\" \/><\/figure>\n<\/div>\n\n\n\n<div class=\"wp-block-group has-global-padding is-layout-constrained wp-block-group-is-layout-constrained\">\n<div class=\"wp-block-columns alignwide is-content-justification-space-between is-layout-flow wp-container-core-columns-is-layout-389f1a3f wp-block-columns-is-layout-flow\">\n<div class=\"wp-block-column is-layout-flow wp-block-column-is-layout-flow\" style=\"padding-right:var(--wp--preset--spacing--40);flex-basis:30%\">\n<h3 class=\"wp-block-heading has-black-color has-text-color\" style=\"margin-top:0;margin-bottom:var(--wp--preset--spacing--16);font-size:clamp(1.502rem, 1.502rem + ((1vw - 0.2rem) * 1.181), 2.5rem);\">Salidas y destinos<\/h3>\n<\/div>\n\n\n\n<div class=\"wp-block-column is-vertically-aligned-top is-layout-flow wp-block-column-is-layout-flow\" style=\"padding-right:0;padding-left:0;flex-basis:70%\">\n<ul class=\"wp-block-list\">\n<li class=\"has-small-font-size\" style=\"margin-bottom:var(--wp--preset--spacing--16)\">Los puntos de salida suelen encontrarse en dos pa\u00edses: Libia y T\u00fanez. Sin embargo, tambi\u00e9n hay salida desde Argelia y Egipto.<\/li>\n\n\n\n<li class=\"has-small-font-size\" style=\"margin-bottom:var(--wp--preset--spacing--16)\">Los destinos m\u00e1s frecuentes son las islas de Lampedusa y Sicilia. En menor medida, tambi\u00e9n hay llegadas a Malta.<\/li>\n<\/ul>\n<\/div>\n<\/div>\n<\/div>\n\n\n\n<div class=\"wp-block-group has-global-padding is-layout-constrained wp-block-group-is-layout-constrained\" style=\"margin-top:var(--wp--preset--spacing--48)\">\n<div class=\"wp-block-columns alignwide is-content-justification-space-between is-layout-flow wp-container-core-columns-is-layout-389f1a3f wp-block-columns-is-layout-flow\">\n<div class=\"wp-block-column is-layout-flow wp-block-column-is-layout-flow\" style=\"padding-right:var(--wp--preset--spacing--40);flex-basis:30%\">\n<h3 class=\"wp-block-heading has-black-color has-text-color\" style=\"margin-top:0;margin-bottom:var(--wp--preset--spacing--16);font-size:clamp(1.502rem, 1.502rem + ((1vw - 0.2rem) * 1.181), 2.5rem);\">Detalles<\/h3>\n<\/div>\n\n\n\n<div class=\"wp-block-column is-vertically-aligned-top is-layout-flow wp-block-column-is-layout-flow\" style=\"padding-right:0;padding-left:0;flex-basis:70%\">\n<p class=\"has-small-font-size\">La mayor\u00eda de las muertes en el Mediterr\u00e1neo ocurren en este corredor. A\u00fan as\u00ed, las cifras ni siquiera son reales: son datos de personas encontradas, que son una parte \u00ednfima parte ya que la mayor\u00eda de personas no lo consiguen. Tampoco hay listado de embarcaciones ni pasaje, al ser traves\u00edas gestionadas por mafias.<\/p>\n\n\n\n<p class=\"has-small-font-size\">Las redes de tr\u00e1fico de personas y la inestabilidad pol\u00edtica en Libia agravan la situaci\u00f3n: muchos migrantes son retenidos en centros de detenci\u00f3n o sufren abusos antes de embarcar. Debido en parte a esa situaci\u00f3n en Libia, en 2023 se ha registrado un repunte significativo de llegadas a Italia desde T\u00fanez. Esta tendencia se acent\u00faa por la crisis econ\u00f3mica y social del pa\u00eds.<\/p>\n\n\n\n<p class=\"has-small-font-size\">El Gobierno italiano ha intentado acuerdos con pa\u00edses de partida y de tr\u00e1nsito para frenar las salidas, mientras que la UE debate nuevos pactos migratorios para hacer frente a la presi\u00f3n en el Mediterr\u00e1neo central.<\/p>\n<\/div>\n<\/div>\n<\/div>\n\n\n\n<div class=\"wp-block-group alignfull has-global-padding is-layout-constrained wp-container-core-group-is-layout-0c9c989a wp-block-group-is-layout-constrained\" style=\"min-height:0vh;margin-top:0;margin-bottom:0;padding-top:var(--wp--preset--spacing--70);padding-right:var(--wp--preset--spacing--40);padding-bottom:var(--wp--preset--spacing--70);padding-left:var(--wp--preset--spacing--40)\">\n<div class=\"wp-block-columns are-vertically-aligned-top is-content-justification-center is-layout-flex wp-container-core-columns-is-layout-8c19c11b wp-block-columns-is-layout-flex\">\n<div class=\"wp-block-column is-vertically-aligned-top is-layout-flow wp-block-column-is-layout-flow\" style=\"flex-basis:60%\">\n<div class=\"wp-block-group has-contrast-background-color has-background has-global-padding is-layout-constrained wp-container-core-group-is-layout-a91b9633 wp-block-group-is-layout-constrained\" style=\"border-style:none;border-width:0px;border-radius:32px;padding-top:var(--wp--preset--spacing--40);padding-right:2rem;padding-bottom:var(--wp--preset--spacing--40);padding-left:2rem\">\n<h3 class=\"wp-block-heading has-text-align-center has-base-color has-text-color has-link-color wp-elements-aa110e7ffc76eb5589bbd36b67787cee\" style=\"margin-right:0;margin-left:0;padding-right:0;padding-left:0;font-size:clamp(1.502rem, 1.502rem + ((1vw - 0.2rem) * 1.181), 2.5rem);line-height:1.15\">Si crees que toda vida debe ser salvada, impl\u00edcate. Entre todos, podemos salvar muchas m\u00e1s.<\/h3>\n\n\n\n<div class=\"wp-block-buttons is-horizontal is-content-justification-center is-layout-flex wp-container-core-buttons-is-layout-03627597 wp-block-buttons-is-layout-flex\">\n<div class=\"wp-block-button\"><a class=\"wp-block-button__link has-contrast-color has-base-background-color has-text-color has-background has-custom-font-size wp-element-button\" href=\"https:\/\/www.openarms.es\/es\/como-ayudar\/dona\" style=\"padding-top:16px;padding-right:24px;padding-bottom:14px;padding-left:24px;font-size:clamp(14px, 0.875rem + ((1vw - 3.2px) * 0.296), 18px);font-style:normal;font-weight:700\">DONA AHORA<\/a><\/div>\n<\/div>\n<\/div>\n<\/div>\n<\/div>\n<\/div>\n<\/div><\/div>\n","protected":false},"excerpt":{"rendered":"","protected":false},"author":2,"featured_media":4549,"parent":6950,"menu_order":0,"comment_status":"closed","ping_status":"closed","template":"page-interior","meta":{"content-type":"","footnotes":""},"class_list":["post-7208","page","type-page","status-publish","has-post-thumbnail","hentry"],"yoast_head":"<!-- This site is optimized with the Yoast SEO plugin v25.9 - https:\/\/yoast.com\/wordpress\/plugins\/seo\/ -->\n<title>Ruta del Mediterr\u00e1neo Central | Open Arms<\/title>\n<meta name=\"description\" content=\"La Ruta del Mediterr\u00e1neo Central, la m\u00e1s letal para migrantes. Salidas desde Libia y T\u00fanez hacia Italia. Inf\u00f3rmate y act\u00faa.\" \/>\n<meta name=\"robots\" content=\"index, follow, max-snippet:-1, max-image-preview:large, max-video-preview:-1\" \/>\n<link rel=\"canonical\" href=\"https:\/\/www.openarms.es\/es\/flujos-migratorios\/ruta-del-mediterraneo-central\" \/>\n<meta property=\"og:locale\" content=\"es_ES\" \/>\n<meta property=\"og:type\" content=\"article\" \/>\n<meta property=\"og:title\" content=\"Ruta del Mediterr\u00e1neo Central | Open Arms\" \/>\n<meta property=\"og:description\" content=\"La Ruta del Mediterr\u00e1neo Central, la m\u00e1s letal para migrantes. Salidas desde Libia y T\u00fanez hacia Italia. Inf\u00f3rmate y act\u00faa.\" \/>\n<meta property=\"og:url\" content=\"https:\/\/www.openarms.es\/es\/flujos-migratorios\/ruta-del-mediterraneo-central\" \/>\n<meta property=\"og:site_name\" content=\"Open Arms\" \/>\n<meta property=\"article:modified_time\" content=\"2025-07-31T17:07:51+00:00\" \/>\n<meta property=\"og:image\" content=\"https:\/\/www.openarms.es\/wp-content\/uploads\/2025\/06\/mediterraneo-central-imagen.jpg\" \/>\n\t<meta property=\"og:image:width\" content=\"1920\" \/>\n\t<meta property=\"og:image:height\" content=\"1280\" \/>\n\t<meta property=\"og:image:type\" content=\"image\/jpeg\" \/>\n<meta name=\"twitter:card\" content=\"summary_large_image\" \/>\n<meta name=\"twitter:label1\" content=\"Tiempo de lectura\" \/>\n\t<meta name=\"twitter:data1\" content=\"2 minutos\" \/>\n<script type=\"application\/ld+json\" class=\"yoast-schema-graph\">{\"@context\":\"https:\/\/schema.org\",\"@graph\":[{\"@type\":\"WebPage\",\"@id\":\"https:\/\/www.openarms.es\/es\/flujos-migratorios\/ruta-del-mediterraneo-central\",\"url\":\"https:\/\/www.openarms.es\/es\/flujos-migratorios\/ruta-del-mediterraneo-central\",\"name\":\"Ruta del Mediterr\u00e1neo Central | Open Arms\",\"isPartOf\":{\"@id\":\"https:\/\/www.openarms.es\/es\/#website\"},\"primaryImageOfPage\":{\"@id\":\"https:\/\/www.openarms.es\/es\/flujos-migratorios\/ruta-del-mediterraneo-central#primaryimage\"},\"image\":{\"@id\":\"https:\/\/www.openarms.es\/es\/flujos-migratorios\/ruta-del-mediterraneo-central#primaryimage\"},\"thumbnailUrl\":\"https:\/\/www.openarms.es\/wp-content\/uploads\/2025\/06\/mediterraneo-central-imagen.jpg\",\"datePublished\":\"2025-07-23T08:29:38+00:00\",\"dateModified\":\"2025-07-31T17:07:51+00:00\",\"description\":\"La Ruta del Mediterr\u00e1neo Central, la m\u00e1s letal para migrantes. Salidas desde Libia y T\u00fanez hacia Italia. Inf\u00f3rmate y act\u00faa.\",\"breadcrumb\":{\"@id\":\"https:\/\/www.openarms.es\/es\/flujos-migratorios\/ruta-del-mediterraneo-central#breadcrumb\"},\"inLanguage\":\"es\",\"potentialAction\":[{\"@type\":\"ReadAction\",\"target\":[\"https:\/\/www.openarms.es\/es\/flujos-migratorios\/ruta-del-mediterraneo-central\"]}]},{\"@type\":\"ImageObject\",\"inLanguage\":\"es\",\"@id\":\"https:\/\/www.openarms.es\/es\/flujos-migratorios\/ruta-del-mediterraneo-central#primaryimage\",\"url\":\"https:\/\/www.openarms.es\/wp-content\/uploads\/2025\/06\/mediterraneo-central-imagen.jpg\",\"contentUrl\":\"https:\/\/www.openarms.es\/wp-content\/uploads\/2025\/06\/mediterraneo-central-imagen.jpg\",\"width\":1920,\"height\":1280,\"caption\":\"Mediterr\u00e1neo Central Open Arms\"},{\"@type\":\"BreadcrumbList\",\"@id\":\"https:\/\/www.openarms.es\/es\/flujos-migratorios\/ruta-del-mediterraneo-central#breadcrumb\",\"itemListElement\":[{\"@type\":\"ListItem\",\"position\":1,\"name\":\"Flujos Migratorios\",\"item\":\"https:\/\/www.openarms.es\/es\/flujos-migratorios\"},{\"@type\":\"ListItem\",\"position\":2,\"name\":\"Mediterr\u00e1neo Central\"}]},{\"@type\":\"WebSite\",\"@id\":\"https:\/\/www.openarms.es\/es\/#website\",\"url\":\"https:\/\/www.openarms.es\/es\/\",\"name\":\"Open Arms\",\"description\":\"\",\"publisher\":{\"@id\":\"https:\/\/www.openarms.es\/es\/#organization\"},\"potentialAction\":[{\"@type\":\"SearchAction\",\"target\":{\"@type\":\"EntryPoint\",\"urlTemplate\":\"https:\/\/www.openarms.es\/es\/?s={search_term_string}\"},\"query-input\":{\"@type\":\"PropertyValueSpecification\",\"valueRequired\":true,\"valueName\":\"search_term_string\"}}],\"inLanguage\":\"es\"},{\"@type\":\"Organization\",\"@id\":\"https:\/\/www.openarms.es\/es\/#organization\",\"name\":\"Open Arms\",\"url\":\"https:\/\/www.openarms.es\/es\/\",\"logo\":{\"@type\":\"ImageObject\",\"inLanguage\":\"es\",\"@id\":\"https:\/\/www.openarms.es\/es\/#\/schema\/logo\/image\/\",\"url\":\"https:\/\/www.openarms.es\/wp-content\/uploads\/2025\/03\/BRAND.svg\",\"contentUrl\":\"https:\/\/www.openarms.es\/wp-content\/uploads\/2025\/03\/BRAND.svg\",\"caption\":\"Open Arms\"},\"image\":{\"@id\":\"https:\/\/www.openarms.es\/es\/#\/schema\/logo\/image\/\"}}]}<\/script>\n<!-- \/ Yoast SEO plugin. -->","yoast_head_json":{"title":"Ruta del Mediterr\u00e1neo Central | Open Arms","description":"La Ruta del Mediterr\u00e1neo Central, la m\u00e1s letal para migrantes. Salidas desde Libia y T\u00fanez hacia Italia. Inf\u00f3rmate y act\u00faa.","robots":{"index":"index","follow":"follow","max-snippet":"max-snippet:-1","max-image-preview":"max-image-preview:large","max-video-preview":"max-video-preview:-1"},"canonical":"https:\/\/www.openarms.es\/es\/flujos-migratorios\/ruta-del-mediterraneo-central","og_locale":"es_ES","og_type":"article","og_title":"Ruta del Mediterr\u00e1neo Central | Open Arms","og_description":"La Ruta del Mediterr\u00e1neo Central, la m\u00e1s letal para migrantes. Salidas desde Libia y T\u00fanez hacia Italia. Inf\u00f3rmate y act\u00faa.","og_url":"https:\/\/www.openarms.es\/es\/flujos-migratorios\/ruta-del-mediterraneo-central","og_site_name":"Open Arms","article_modified_time":"2025-07-31T17:07:51+00:00","og_image":[{"width":1920,"height":1280,"url":"https:\/\/www.openarms.es\/wp-content\/uploads\/2025\/06\/mediterraneo-central-imagen.jpg","type":"image\/jpeg"}],"twitter_card":"summary_large_image","twitter_misc":{"Tiempo de lectura":"2 minutos"},"schema":{"@context":"https:\/\/schema.org","@graph":[{"@type":"WebPage","@id":"https:\/\/www.openarms.es\/es\/flujos-migratorios\/ruta-del-mediterraneo-central","url":"https:\/\/www.openarms.es\/es\/flujos-migratorios\/ruta-del-mediterraneo-central","name":"Ruta del Mediterr\u00e1neo Central | Open Arms","isPartOf":{"@id":"https:\/\/www.openarms.es\/es\/#website"},"primaryImageOfPage":{"@id":"https:\/\/www.openarms.es\/es\/flujos-migratorios\/ruta-del-mediterraneo-central#primaryimage"},"image":{"@id":"https:\/\/www.openarms.es\/es\/flujos-migratorios\/ruta-del-mediterraneo-central#primaryimage"},"thumbnailUrl":"https:\/\/www.openarms.es\/wp-content\/uploads\/2025\/06\/mediterraneo-central-imagen.jpg","datePublished":"2025-07-23T08:29:38+00:00","dateModified":"2025-07-31T17:07:51+00:00","description":"La Ruta del Mediterr\u00e1neo Central, la m\u00e1s letal para migrantes. Salidas desde Libia y T\u00fanez hacia Italia. Inf\u00f3rmate y act\u00faa.","breadcrumb":{"@id":"https:\/\/www.openarms.es\/es\/flujos-migratorios\/ruta-del-mediterraneo-central#breadcrumb"},"inLanguage":"es","potentialAction":[{"@type":"ReadAction","target":["https:\/\/www.openarms.es\/es\/flujos-migratorios\/ruta-del-mediterraneo-central"]}]},{"@type":"ImageObject","inLanguage":"es","@id":"https:\/\/www.openarms.es\/es\/flujos-migratorios\/ruta-del-mediterraneo-central#primaryimage","url":"https:\/\/www.openarms.es\/wp-content\/uploads\/2025\/06\/mediterraneo-central-imagen.jpg","contentUrl":"https:\/\/www.openarms.es\/wp-content\/uploads\/2025\/06\/mediterraneo-central-imagen.jpg","width":1920,"height":1280,"caption":"Mediterr\u00e1neo Central Open Arms"},{"@type":"BreadcrumbList","@id":"https:\/\/www.openarms.es\/es\/flujos-migratorios\/ruta-del-mediterraneo-central#breadcrumb","itemListElement":[{"@type":"ListItem","position":1,"name":"Flujos Migratorios","item":"https:\/\/www.openarms.es\/es\/flujos-migratorios"},{"@type":"ListItem","position":2,"name":"Mediterr\u00e1neo Central"}]},{"@type":"WebSite","@id":"https:\/\/www.openarms.es\/es\/#website","url":"https:\/\/www.openarms.es\/es\/","name":"Open Arms","description":"","publisher":{"@id":"https:\/\/www.openarms.es\/es\/#organization"},"potentialAction":[{"@type":"SearchAction","target":{"@type":"EntryPoint","urlTemplate":"https:\/\/www.openarms.es\/es\/?s={search_term_string}"},"query-input":{"@type":"PropertyValueSpecification","valueRequired":true,"valueName":"search_term_string"}}],"inLanguage":"es"},{"@type":"Organization","@id":"https:\/\/www.openarms.es\/es\/#organization","name":"Open Arms","url":"https:\/\/www.openarms.es\/es\/","logo":{"@type":"ImageObject","inLanguage":"es","@id":"https:\/\/www.openarms.es\/es\/#\/schema\/logo\/image\/","url":"https:\/\/www.openarms.es\/wp-content\/uploads\/2025\/03\/BRAND.svg","contentUrl":"https:\/\/www.openarms.es\/wp-content\/uploads\/2025\/03\/BRAND.svg","caption":"Open Arms"},"image":{"@id":"https:\/\/www.openarms.es\/es\/#\/schema\/logo\/image\/"}}]}},"_links":{"self":[{"href":"https:\/\/www.openarms.es\/es\/wp-json\/wp\/v2\/pages\/7208","targetHints":{"allow":["GET"]}}],"collection":[{"href":"https:\/\/www.openarms.es\/es\/wp-json\/wp\/v2\/pages"}],"about":[{"href":"https:\/\/www.openarms.es\/es\/wp-json\/wp\/v2\/types\/page"}],"author":[{"embeddable":true,"href":"https:\/\/www.openarms.es\/es\/wp-json\/wp\/v2\/users\/2"}],"replies":[{"embeddable":true,"href":"https:\/\/www.openarms.es\/es\/wp-json\/wp\/v2\/comments?post=7208"}],"version-history":[{"count":9,"href":"https:\/\/www.openarms.es\/es\/wp-json\/wp\/v2\/pages\/7208\/revisions"}],"predecessor-version":[{"id":8203,"href":"https:\/\/www.openarms.es\/es\/wp-json\/wp\/v2\/pages\/7208\/revisions\/8203"}],"up":[{"embeddable":true,"href":"https:\/\/www.openarms.es\/es\/wp-json\/wp\/v2\/pages\/6950"}],"wp:featuredmedia":[{"embeddable":true,"href":"https:\/\/www.openarms.es\/es\/wp-json\/wp\/v2\/media\/4549"}],"wp:attachment":[{"href":"https:\/\/www.openarms.es\/es\/wp-json\/wp\/v2\/media?parent=7208"}],"curies":[{"name":"wp","href":"https:\/\/api.w.org\/{rel}","templated":true}]}}