{"id":7435,"date":"2025-07-25T13:03:26","date_gmt":"2025-07-25T13:03:26","guid":{"rendered":"https:\/\/www.openarms.es\/?page_id=7435"},"modified":"2025-07-28T12:23:21","modified_gmt":"2025-07-28T12:23:21","slug":"israel-iran","status":"publish","type":"page","link":"https:\/\/www.openarms.es\/es\/conflictos\/oriente-medio\/israel-iran","title":{"rendered":"Israel &#8211; Ir\u00e1n"},"content":{"rendered":"\n<div class=\"wp-block-cover alignfull ebavs-header-hero-interior\" style=\"min-height:40rem;aspect-ratio:unset;\"><span aria-hidden=\"true\" class=\"wp-block-cover__background has-black-background-color has-background-dim-30 has-background-dim\"><\/span><img loading=\"lazy\" decoding=\"async\" width=\"1024\" height=\"682\" src=\"https:\/\/www.openarms.es\/wp-content\/uploads\/2025\/07\/Pictures_of_the_Israeli_attack_on_Tehran_1_Mehr_2-2-1024x682.jpg\" class=\"wp-block-cover__image-background wp-post-image\" alt=\"\" data-object-fit=\"cover\" srcset=\"https:\/\/www.openarms.es\/wp-content\/uploads\/2025\/07\/Pictures_of_the_Israeli_attack_on_Tehran_1_Mehr_2-2-1024x682.jpg 1024w, https:\/\/www.openarms.es\/wp-content\/uploads\/2025\/07\/Pictures_of_the_Israeli_attack_on_Tehran_1_Mehr_2-2-300x200.jpg 300w, https:\/\/www.openarms.es\/wp-content\/uploads\/2025\/07\/Pictures_of_the_Israeli_attack_on_Tehran_1_Mehr_2-2-768x512.jpg 768w, https:\/\/www.openarms.es\/wp-content\/uploads\/2025\/07\/Pictures_of_the_Israeli_attack_on_Tehran_1_Mehr_2-2.jpg 1280w\" sizes=\"auto, (max-width: 1024px) 100vw, 1024px\" \/><div class=\"wp-block-cover__inner-container is-layout-flow wp-block-cover-is-layout-flow\">\n<div class=\"wp-block-group alignwide has-global-padding is-layout-constrained wp-block-group-is-layout-constrained\" style=\"margin-top:auto;margin-bottom:auto\">\n<div class=\"wp-block-group has-global-padding is-content-justification-left is-layout-constrained wp-container-core-group-is-layout-b58f3518 wp-block-group-is-layout-constrained\">\n<p class=\"has-text-align-left has-base-color has-text-color has-large-font-size\" style=\"font-family:var(--wp--preset--font-family--dinnextltpro)\">CONFLICTOS<\/p>\n\n\n\n<h1 class=\"wp-block-heading has-text-align-left has-base-color has-text-color has-xx-large-font-size\" style=\"margin-top:0;margin-bottom:0\">Isr\u00e1el-IRAN<\/h1>\n\n\n\n<p class=\"has-base-color has-text-color has-link-color wp-elements-f5848c6450306ce4a38ade4b36e7b85d\" style=\"margin-top:0;margin-bottom:0\">Si crees que ante cualquier conflicto hay que proteger la vida de los m\u00e1s vulnerables, eres de los nuestros.<\/p>\n\n\n\n<div class=\"wp-block-buttons is-content-justification-left is-layout-flex wp-container-core-buttons-is-layout-fc4fd283 wp-block-buttons-is-layout-flex\">\n<div class=\"wp-block-button\"><a class=\"wp-block-button__link has-contrast-color has-base-background-color has-text-color has-background has-dinnextltpro-font-family has-custom-font-size wp-element-button\" href=\"https:\/\/help.openarms.es\/miembro-openarms\/?lang=es\" style=\"padding-top:16px;padding-right:24px;padding-bottom:14px;padding-left:24px;font-size:clamp(0.875rem, 0.875rem + ((1vw - 0.2rem) * 0.302), 1.13rem);font-style:normal;font-weight:700;line-height:1;text-transform:uppercase\" target=\"_blank\" rel=\"noreferrer noopener\">Hazte miembro<\/a><\/div>\n<\/div>\n<\/div>\n<\/div>\n<\/div><\/div>\n\n\n\n<div class=\"wp-block-cover alignfull is-light has-parallax\" style=\"margin-top:0;margin-bottom:0;padding-top:0;padding-right:0;padding-bottom:0;padding-left:0\"><div class=\"wp-block-cover__image-background wp-image-999 has-parallax\" style=\"background-position:50% 50%;background-image:url(https:\/\/www.openarms.es\/wp-content\/themes\/openarms\/assets\/images\/openarms-texture.webp)\"><\/div><span aria-hidden=\"true\" class=\"wp-block-cover__background has-base-background-color has-background-dim-80 has-background-dim\"><\/span><div class=\"wp-block-cover__inner-container is-layout-flow wp-block-cover-is-layout-flow\">\n<div class=\"wp-block-group alignwide has-global-padding is-layout-constrained wp-container-core-group-is-layout-8257ab09 wp-block-group-is-layout-constrained\" style=\"margin-top:1rem\">\n<div class=\"wp-block-group alignwide has-global-padding is-layout-constrained wp-block-group-is-layout-constrained\"><div class=\"yoast-breadcrumbs\"><span><span><a href=\"https:\/\/www.openarms.es\/es\/conflictos\">Conflictos<\/a><\/span> &gt; <span><a href=\"https:\/\/www.openarms.es\/es\/conflictos\/oriente-medio\">Oriente Medio<\/a><\/span> &gt; <span class=\"breadcrumb_last\" aria-current=\"page\">Israel &#8211; Ir\u00e1n<\/span><\/span><\/div>\n\n\n<hr class=\"wp-block-separator has-text-color has-gray-color has-alpha-channel-opacity has-gray-background-color has-background is-style-default\" style=\"margin-top:1rem;margin-bottom:4rem\"\/>\n<\/div>\n<\/div>\n\n\n\n<div class=\"wp-block-group has-global-padding is-layout-constrained wp-block-group-is-layout-constrained\">\n<div class=\"wp-block-columns alignwide ebavs-space-between is-layout-flex wp-container-core-columns-is-layout-643ced6b wp-block-columns-is-layout-flex\">\n<div class=\"wp-block-column is-layout-flow wp-block-column-is-layout-flow\" style=\"flex-basis:33%\">\n<h2 class=\"wp-block-heading has-contrast-color has-text-color has-x-large-font-size\" style=\"margin-top:0\">CONTEXTO<\/h2>\n<\/div>\n\n\n\n<div class=\"wp-block-column is-layout-flow wp-block-column-is-layout-flow\" style=\"flex-basis:50%\">\n<p>Ir\u00e1n ha sido durante d\u00e9cadas un actor clave en los equilibrios de poder en Oriente Medio. Su programa nuclear, las tensiones con Estados Unidos e Israel, y su influencia sobre otros conflictos regionales (como Siria, L\u00edbano o Yemen) han generado un clima de constante inestabilidad. En 2024 y 2025, el conflicto escal\u00f3 dr\u00e1sticamente con ataques directos entre Ir\u00e1n e Israel, marcando un nuevo punto de inflexi\u00f3n en la regi\u00f3n.<br><\/p>\n<\/div>\n<\/div>\n<\/div>\n\n\n\n<div class=\"wp-block-group has-global-padding is-layout-constrained wp-block-group-is-layout-constrained\">\n<figure class=\"wp-block-image aligncenter size-large has-custom-border\" style=\"margin-top:3rem;margin-bottom:4rem\"><img loading=\"lazy\" decoding=\"async\" width=\"1024\" height=\"768\" src=\"https:\/\/www.openarms.es\/wp-content\/uploads\/2025\/07\/Iranian_missile_strike_in_Bat_Yam_15_June_2025._IV-1024x768.jpg\" alt=\"\" class=\"wp-image-7264\" style=\"border-style:none;border-width:0px;border-radius:16px;aspect-ratio:16\/9;object-fit:cover\" srcset=\"https:\/\/www.openarms.es\/wp-content\/uploads\/2025\/07\/Iranian_missile_strike_in_Bat_Yam_15_June_2025._IV-1024x768.jpg 1024w, https:\/\/www.openarms.es\/wp-content\/uploads\/2025\/07\/Iranian_missile_strike_in_Bat_Yam_15_June_2025._IV-300x225.jpg 300w, https:\/\/www.openarms.es\/wp-content\/uploads\/2025\/07\/Iranian_missile_strike_in_Bat_Yam_15_June_2025._IV-768x576.jpg 768w, https:\/\/www.openarms.es\/wp-content\/uploads\/2025\/07\/Iranian_missile_strike_in_Bat_Yam_15_June_2025._IV-1536x1152.jpg 1536w, https:\/\/www.openarms.es\/wp-content\/uploads\/2025\/07\/Iranian_missile_strike_in_Bat_Yam_15_June_2025._IV.jpg 1600w\" sizes=\"auto, (max-width: 1024px) 100vw, 1024px\" \/><\/figure>\n<\/div>\n\n\n\n<div class=\"wp-block-group has-global-padding is-layout-constrained wp-block-group-is-layout-constrained\">\n<div class=\"wp-block-columns alignwide is-content-justification-space-between is-layout-flow wp-container-core-columns-is-layout-389f1a3f wp-block-columns-is-layout-flow\">\n<div class=\"wp-block-column is-layout-flow wp-block-column-is-layout-flow\" style=\"padding-right:var(--wp--preset--spacing--40);flex-basis:30%\">\n<h3 class=\"wp-block-heading has-black-color has-text-color\" style=\"margin-top:0;margin-bottom:var(--wp--preset--spacing--16);font-size:clamp(1.502rem, 1.502rem + ((1vw - 0.2rem) * 1.181), 2.5rem);\">EVOLUCI\u00d3N <\/h3>\n<\/div>\n\n\n\n<div class=\"wp-block-column is-vertically-aligned-top is-layout-flow wp-block-column-is-layout-flow\" style=\"padding-right:0;padding-left:0;flex-basis:70%\">\n<ul class=\"wp-block-list\">\n<li class=\"has-small-font-size\" style=\"margin-bottom:var(--wp--preset--spacing--16)\">A mediados de 2025, Israel lanz\u00f3 ataques a\u00e9reos sobre objetivos estrat\u00e9gicos en territorio iran\u00ed, incluidos centros nucleares y bases militares.<\/li>\n\n\n\n<li class=\"has-small-font-size\" style=\"margin-bottom:var(--wp--preset--spacing--16)\">Ir\u00e1n respondi\u00f3 con una ofensiva de misiles y drones, tanto contra Israel como contra intereses internacionales en la regi\u00f3n.<\/li>\n\n\n\n<li class=\"has-small-font-size\" style=\"margin-bottom:var(--wp--preset--spacing--16)\">Las hostilidades han causado cientos de muertos, desplazamientos internos y una creciente represi\u00f3n interna del gobierno iran\u00ed hacia voces disidentes.<\/li>\n\n\n\n<li class=\"has-small-font-size\">La tensi\u00f3n tambi\u00e9n ha impactado a pa\u00edses vecinos y ha agravado a\u00fan m\u00e1s la situaci\u00f3n humanitaria en lugares como Gaza, Siria y Yemen.<\/li>\n\n\n\n<li class=\"has-small-font-size\">La poblaci\u00f3n civil vive bajo un clima de miedo e incertidumbre, con cortes de comunicaci\u00f3n, control social y escasez de recursos en varias zonas del pa\u00eds.<\/li>\n<\/ul>\n<\/div>\n<\/div>\n<\/div>\n\n\n\n<div class=\"wp-block-group alignfull has-global-padding is-layout-constrained wp-container-core-group-is-layout-0c9c989a wp-block-group-is-layout-constrained\" style=\"min-height:0vh;margin-top:0;margin-bottom:0;padding-top:var(--wp--preset--spacing--70);padding-right:var(--wp--preset--spacing--40);padding-bottom:var(--wp--preset--spacing--70);padding-left:var(--wp--preset--spacing--40)\">\n<div class=\"wp-block-columns are-vertically-aligned-top is-content-justification-center is-layout-flex wp-container-core-columns-is-layout-8c19c11b wp-block-columns-is-layout-flex\">\n<div class=\"wp-block-column is-vertically-aligned-top is-layout-flow wp-block-column-is-layout-flow\" style=\"flex-basis:60%\">\n<div class=\"wp-block-group has-contrast-background-color has-background has-global-padding is-layout-constrained wp-container-core-group-is-layout-a91b9633 wp-block-group-is-layout-constrained\" style=\"border-style:none;border-width:0px;border-radius:32px;padding-top:var(--wp--preset--spacing--40);padding-right:2rem;padding-bottom:var(--wp--preset--spacing--40);padding-left:2rem\">\n<h3 class=\"wp-block-heading has-text-align-center has-base-color has-text-color has-link-color wp-elements-aa110e7ffc76eb5589bbd36b67787cee\" style=\"margin-right:0;margin-left:0;padding-right:0;padding-left:0;font-size:clamp(1.502rem, 1.502rem + ((1vw - 0.2rem) * 1.181), 2.5rem);line-height:1.15\">Si crees que toda vida debe ser salvada, impl\u00edcate. Entre todos, podemos salvar muchas m\u00e1s.<\/h3>\n\n\n\n<div class=\"wp-block-buttons is-horizontal is-content-justification-center is-layout-flex wp-container-core-buttons-is-layout-03627597 wp-block-buttons-is-layout-flex\">\n<div class=\"wp-block-button\"><a class=\"wp-block-button__link has-contrast-color has-base-background-color has-text-color has-background has-custom-font-size wp-element-button\" href=\"https:\/\/www.openarms.es\/es\/como-ayudar\/dona\" style=\"padding-top:16px;padding-right:24px;padding-bottom:14px;padding-left:24px;font-size:clamp(14px, 0.875rem + ((1vw - 3.2px) * 0.296), 18px);font-style:normal;font-weight:700\">DONA AHORA<\/a><\/div>\n<\/div>\n<\/div>\n<\/div>\n<\/div>\n<\/div>\n<\/div><\/div>\n\n\n\n<p><\/p>\n","protected":false},"excerpt":{"rendered":"","protected":false},"author":17,"featured_media":7609,"parent":7340,"menu_order":0,"comment_status":"closed","ping_status":"closed","template":"page-interior","meta":{"content-type":"","footnotes":""},"class_list":["post-7435","page","type-page","status-publish","has-post-thumbnail","hentry"],"yoast_head":"<!-- This site is optimized with the Yoast SEO plugin v25.9 - https:\/\/yoast.com\/wordpress\/plugins\/seo\/ -->\n<title>Conflicto Israel Ir\u00e1n: contexto y ayuda humanitaria | Open Arms<\/title>\n<meta name=\"description\" content=\"Descubre el origen y evoluci\u00f3n del conflicto entre Israel y Ir\u00e1n c\u00f3mo Open Arms act\u00faa para proteger vidas.\" \/>\n<meta name=\"robots\" content=\"index, follow, max-snippet:-1, max-image-preview:large, max-video-preview:-1\" \/>\n<link rel=\"canonical\" href=\"https:\/\/www.openarms.es\/es\/conflictos\/oriente-medio\/israel-iran\" \/>\n<meta property=\"og:locale\" content=\"es_ES\" \/>\n<meta property=\"og:type\" content=\"article\" \/>\n<meta property=\"og:title\" content=\"Conflicto Israel Ir\u00e1n: contexto y ayuda humanitaria | Open Arms\" \/>\n<meta property=\"og:description\" content=\"Descubre el origen y evoluci\u00f3n del conflicto entre Israel y Ir\u00e1n c\u00f3mo Open Arms act\u00faa para proteger vidas.\" \/>\n<meta property=\"og:url\" content=\"https:\/\/www.openarms.es\/es\/conflictos\/oriente-medio\/israel-iran\" \/>\n<meta property=\"og:site_name\" content=\"Open Arms\" \/>\n<meta property=\"article:modified_time\" content=\"2025-07-28T12:23:21+00:00\" \/>\n<meta property=\"og:image\" content=\"https:\/\/www.openarms.es\/wp-content\/uploads\/2025\/07\/Pictures_of_the_Israeli_attack_on_Tehran_1_Mehr_2-2.jpg\" \/>\n\t<meta property=\"og:image:width\" content=\"1280\" \/>\n\t<meta property=\"og:image:height\" content=\"853\" \/>\n\t<meta property=\"og:image:type\" content=\"image\/jpeg\" \/>\n<meta name=\"twitter:card\" content=\"summary_large_image\" \/>\n<meta name=\"twitter:label1\" content=\"Tiempo de lectura\" \/>\n\t<meta name=\"twitter:data1\" content=\"2 minutos\" \/>\n<script type=\"application\/ld+json\" class=\"yoast-schema-graph\">{\"@context\":\"https:\/\/schema.org\",\"@graph\":[{\"@type\":\"WebPage\",\"@id\":\"https:\/\/www.openarms.es\/es\/conflictos\/oriente-medio\/israel-iran\",\"url\":\"https:\/\/www.openarms.es\/es\/conflictos\/oriente-medio\/israel-iran\",\"name\":\"Conflicto Israel Ir\u00e1n: contexto y ayuda humanitaria | Open Arms\",\"isPartOf\":{\"@id\":\"https:\/\/www.openarms.es\/es\/#website\"},\"primaryImageOfPage\":{\"@id\":\"https:\/\/www.openarms.es\/es\/conflictos\/oriente-medio\/israel-iran#primaryimage\"},\"image\":{\"@id\":\"https:\/\/www.openarms.es\/es\/conflictos\/oriente-medio\/israel-iran#primaryimage\"},\"thumbnailUrl\":\"https:\/\/www.openarms.es\/wp-content\/uploads\/2025\/07\/Pictures_of_the_Israeli_attack_on_Tehran_1_Mehr_2-2.jpg\",\"datePublished\":\"2025-07-25T13:03:26+00:00\",\"dateModified\":\"2025-07-28T12:23:21+00:00\",\"description\":\"Descubre el origen y evoluci\u00f3n del conflicto entre Israel y Ir\u00e1n c\u00f3mo Open Arms act\u00faa para proteger vidas.\",\"breadcrumb\":{\"@id\":\"https:\/\/www.openarms.es\/es\/conflictos\/oriente-medio\/israel-iran#breadcrumb\"},\"inLanguage\":\"es\",\"potentialAction\":[{\"@type\":\"ReadAction\",\"target\":[\"https:\/\/www.openarms.es\/es\/conflictos\/oriente-medio\/israel-iran\"]}]},{\"@type\":\"ImageObject\",\"inLanguage\":\"es\",\"@id\":\"https:\/\/www.openarms.es\/es\/conflictos\/oriente-medio\/israel-iran#primaryimage\",\"url\":\"https:\/\/www.openarms.es\/wp-content\/uploads\/2025\/07\/Pictures_of_the_Israeli_attack_on_Tehran_1_Mehr_2-2.jpg\",\"contentUrl\":\"https:\/\/www.openarms.es\/wp-content\/uploads\/2025\/07\/Pictures_of_the_Israeli_attack_on_Tehran_1_Mehr_2-2.jpg\",\"width\":1280,\"height\":853},{\"@type\":\"BreadcrumbList\",\"@id\":\"https:\/\/www.openarms.es\/es\/conflictos\/oriente-medio\/israel-iran#breadcrumb\",\"itemListElement\":[{\"@type\":\"ListItem\",\"position\":1,\"name\":\"Conflictos\",\"item\":\"https:\/\/www.openarms.es\/es\/conflictos\"},{\"@type\":\"ListItem\",\"position\":2,\"name\":\"Oriente Medio\",\"item\":\"https:\/\/www.openarms.es\/es\/conflictos\/oriente-medio\"},{\"@type\":\"ListItem\",\"position\":3,\"name\":\"Israel &#8211; Ir\u00e1n\"}]},{\"@type\":\"WebSite\",\"@id\":\"https:\/\/www.openarms.es\/es\/#website\",\"url\":\"https:\/\/www.openarms.es\/es\/\",\"name\":\"Open Arms\",\"description\":\"\",\"publisher\":{\"@id\":\"https:\/\/www.openarms.es\/es\/#organization\"},\"potentialAction\":[{\"@type\":\"SearchAction\",\"target\":{\"@type\":\"EntryPoint\",\"urlTemplate\":\"https:\/\/www.openarms.es\/es\/?s={search_term_string}\"},\"query-input\":{\"@type\":\"PropertyValueSpecification\",\"valueRequired\":true,\"valueName\":\"search_term_string\"}}],\"inLanguage\":\"es\"},{\"@type\":\"Organization\",\"@id\":\"https:\/\/www.openarms.es\/es\/#organization\",\"name\":\"Open Arms\",\"url\":\"https:\/\/www.openarms.es\/es\/\",\"logo\":{\"@type\":\"ImageObject\",\"inLanguage\":\"es\",\"@id\":\"https:\/\/www.openarms.es\/es\/#\/schema\/logo\/image\/\",\"url\":\"https:\/\/www.openarms.es\/wp-content\/uploads\/2025\/03\/BRAND.svg\",\"contentUrl\":\"https:\/\/www.openarms.es\/wp-content\/uploads\/2025\/03\/BRAND.svg\",\"caption\":\"Open Arms\"},\"image\":{\"@id\":\"https:\/\/www.openarms.es\/es\/#\/schema\/logo\/image\/\"}}]}<\/script>\n<!-- \/ Yoast SEO plugin. -->","yoast_head_json":{"title":"Conflicto Israel Ir\u00e1n: contexto y ayuda humanitaria | Open Arms","description":"Descubre el origen y evoluci\u00f3n del conflicto entre Israel y Ir\u00e1n c\u00f3mo Open Arms act\u00faa para proteger vidas.","robots":{"index":"index","follow":"follow","max-snippet":"max-snippet:-1","max-image-preview":"max-image-preview:large","max-video-preview":"max-video-preview:-1"},"canonical":"https:\/\/www.openarms.es\/es\/conflictos\/oriente-medio\/israel-iran","og_locale":"es_ES","og_type":"article","og_title":"Conflicto Israel Ir\u00e1n: contexto y ayuda humanitaria | Open Arms","og_description":"Descubre el origen y evoluci\u00f3n del conflicto entre Israel y Ir\u00e1n c\u00f3mo Open Arms act\u00faa para proteger vidas.","og_url":"https:\/\/www.openarms.es\/es\/conflictos\/oriente-medio\/israel-iran","og_site_name":"Open Arms","article_modified_time":"2025-07-28T12:23:21+00:00","og_image":[{"width":1280,"height":853,"url":"https:\/\/www.openarms.es\/wp-content\/uploads\/2025\/07\/Pictures_of_the_Israeli_attack_on_Tehran_1_Mehr_2-2.jpg","type":"image\/jpeg"}],"twitter_card":"summary_large_image","twitter_misc":{"Tiempo de lectura":"2 minutos"},"schema":{"@context":"https:\/\/schema.org","@graph":[{"@type":"WebPage","@id":"https:\/\/www.openarms.es\/es\/conflictos\/oriente-medio\/israel-iran","url":"https:\/\/www.openarms.es\/es\/conflictos\/oriente-medio\/israel-iran","name":"Conflicto Israel Ir\u00e1n: contexto y ayuda humanitaria | Open Arms","isPartOf":{"@id":"https:\/\/www.openarms.es\/es\/#website"},"primaryImageOfPage":{"@id":"https:\/\/www.openarms.es\/es\/conflictos\/oriente-medio\/israel-iran#primaryimage"},"image":{"@id":"https:\/\/www.openarms.es\/es\/conflictos\/oriente-medio\/israel-iran#primaryimage"},"thumbnailUrl":"https:\/\/www.openarms.es\/wp-content\/uploads\/2025\/07\/Pictures_of_the_Israeli_attack_on_Tehran_1_Mehr_2-2.jpg","datePublished":"2025-07-25T13:03:26+00:00","dateModified":"2025-07-28T12:23:21+00:00","description":"Descubre el origen y evoluci\u00f3n del conflicto entre Israel y Ir\u00e1n c\u00f3mo Open Arms act\u00faa para proteger vidas.","breadcrumb":{"@id":"https:\/\/www.openarms.es\/es\/conflictos\/oriente-medio\/israel-iran#breadcrumb"},"inLanguage":"es","potentialAction":[{"@type":"ReadAction","target":["https:\/\/www.openarms.es\/es\/conflictos\/oriente-medio\/israel-iran"]}]},{"@type":"ImageObject","inLanguage":"es","@id":"https:\/\/www.openarms.es\/es\/conflictos\/oriente-medio\/israel-iran#primaryimage","url":"https:\/\/www.openarms.es\/wp-content\/uploads\/2025\/07\/Pictures_of_the_Israeli_attack_on_Tehran_1_Mehr_2-2.jpg","contentUrl":"https:\/\/www.openarms.es\/wp-content\/uploads\/2025\/07\/Pictures_of_the_Israeli_attack_on_Tehran_1_Mehr_2-2.jpg","width":1280,"height":853},{"@type":"BreadcrumbList","@id":"https:\/\/www.openarms.es\/es\/conflictos\/oriente-medio\/israel-iran#breadcrumb","itemListElement":[{"@type":"ListItem","position":1,"name":"Conflictos","item":"https:\/\/www.openarms.es\/es\/conflictos"},{"@type":"ListItem","position":2,"name":"Oriente Medio","item":"https:\/\/www.openarms.es\/es\/conflictos\/oriente-medio"},{"@type":"ListItem","position":3,"name":"Israel &#8211; Ir\u00e1n"}]},{"@type":"WebSite","@id":"https:\/\/www.openarms.es\/es\/#website","url":"https:\/\/www.openarms.es\/es\/","name":"Open Arms","description":"","publisher":{"@id":"https:\/\/www.openarms.es\/es\/#organization"},"potentialAction":[{"@type":"SearchAction","target":{"@type":"EntryPoint","urlTemplate":"https:\/\/www.openarms.es\/es\/?s={search_term_string}"},"query-input":{"@type":"PropertyValueSpecification","valueRequired":true,"valueName":"search_term_string"}}],"inLanguage":"es"},{"@type":"Organization","@id":"https:\/\/www.openarms.es\/es\/#organization","name":"Open Arms","url":"https:\/\/www.openarms.es\/es\/","logo":{"@type":"ImageObject","inLanguage":"es","@id":"https:\/\/www.openarms.es\/es\/#\/schema\/logo\/image\/","url":"https:\/\/www.openarms.es\/wp-content\/uploads\/2025\/03\/BRAND.svg","contentUrl":"https:\/\/www.openarms.es\/wp-content\/uploads\/2025\/03\/BRAND.svg","caption":"Open Arms"},"image":{"@id":"https:\/\/www.openarms.es\/es\/#\/schema\/logo\/image\/"}}]}},"_links":{"self":[{"href":"https:\/\/www.openarms.es\/es\/wp-json\/wp\/v2\/pages\/7435","targetHints":{"allow":["GET"]}}],"collection":[{"href":"https:\/\/www.openarms.es\/es\/wp-json\/wp\/v2\/pages"}],"about":[{"href":"https:\/\/www.openarms.es\/es\/wp-json\/wp\/v2\/types\/page"}],"author":[{"embeddable":true,"href":"https:\/\/www.openarms.es\/es\/wp-json\/wp\/v2\/users\/17"}],"replies":[{"embeddable":true,"href":"https:\/\/www.openarms.es\/es\/wp-json\/wp\/v2\/comments?post=7435"}],"version-history":[{"count":3,"href":"https:\/\/www.openarms.es\/es\/wp-json\/wp\/v2\/pages\/7435\/revisions"}],"predecessor-version":[{"id":7614,"href":"https:\/\/www.openarms.es\/es\/wp-json\/wp\/v2\/pages\/7435\/revisions\/7614"}],"up":[{"embeddable":true,"href":"https:\/\/www.openarms.es\/es\/wp-json\/wp\/v2\/pages\/7340"}],"wp:featuredmedia":[{"embeddable":true,"href":"https:\/\/www.openarms.es\/es\/wp-json\/wp\/v2\/media\/7609"}],"wp:attachment":[{"href":"https:\/\/www.openarms.es\/es\/wp-json\/wp\/v2\/media?parent=7435"}],"curies":[{"name":"wp","href":"https:\/\/api.w.org\/{rel}","templated":true}]}}