{"id":8715,"date":"2026-04-29T08:50:55","date_gmt":"2026-04-29T08:50:55","guid":{"rendered":"https:\/\/www.openarms.es\/?page_id=8715"},"modified":"2026-04-29T09:27:35","modified_gmt":"2026-04-29T09:27:35","slug":"hola-luz","status":"publish","type":"page","link":"https:\/\/www.openarms.es\/es\/como-ayudar\/hola-luz","title":{"rendered":"Hola Luz"},"content":{"rendered":"\n<div class=\"wp-block-cover alignfull ebavs-header-hero-interior\" style=\"min-height:40rem;aspect-ratio:unset;\"><span aria-hidden=\"true\" class=\"wp-block-cover__background has-black-background-color has-background-dim\"><\/span><img loading=\"lazy\" decoding=\"async\" width=\"1136\" height=\"442\" src=\"https:\/\/www.openarms.es\/wp-content\/uploads\/2025\/03\/openarms-salvamento.webp\" class=\"wp-block-cover__image-background wp-post-image\" alt=\"Salvamento en Mar Open Arms\" data-object-fit=\"cover\" srcset=\"https:\/\/www.openarms.es\/wp-content\/uploads\/2025\/03\/openarms-salvamento.webp 1136w, https:\/\/www.openarms.es\/wp-content\/uploads\/2025\/03\/openarms-salvamento-300x117.webp 300w, https:\/\/www.openarms.es\/wp-content\/uploads\/2025\/03\/openarms-salvamento-1024x398.webp 1024w, https:\/\/www.openarms.es\/wp-content\/uploads\/2025\/03\/openarms-salvamento-768x299.webp 768w\" sizes=\"auto, (max-width: 1136px) 100vw, 1136px\" \/><div class=\"wp-block-cover__inner-container is-layout-flow wp-block-cover-is-layout-flow\">\n<div class=\"wp-block-group alignwide has-global-padding is-layout-constrained wp-container-core-group-is-layout-a8a8a09e wp-block-group-is-layout-constrained\" style=\"margin-top:auto;margin-bottom:auto;padding-right:0;padding-left:0\">\n<div class=\"wp-block-group has-global-padding is-content-justification-left is-layout-constrained wp-container-core-group-is-layout-b58f3518 wp-block-group-is-layout-constrained\">\n<p class=\"has-text-align-left has-base-color has-text-color has-large-font-size\" style=\"font-family:var(--wp--preset--font-family--dinnextltpro)\">C\u00d3MO AYUDAR<\/p>\n\n\n\n<h1 class=\"wp-block-heading has-text-align-left has-base-color has-text-color has-x-large-font-size\" style=\"margin-top:0;margin-bottom:0\">OPEN ARMS X Hola Luz<\/h1>\n<\/div>\n<\/div>\n<\/div><\/div>\n\n\n\n<div class=\"wp-block-cover alignfull is-light has-parallax\" style=\"margin-top:0;margin-bottom:0;padding-top:0;padding-right:0;padding-bottom:0;padding-left:0\"><div class=\"wp-block-cover__image-background wp-image-999 has-parallax\" style=\"background-position:50% 50%;background-image:url(https:\/\/www.openarms.es\/wp-content\/themes\/openarms\/assets\/images\/openarms-texture.webp)\"><\/div><span aria-hidden=\"true\" class=\"wp-block-cover__background has-base-background-color has-background-dim-80 has-background-dim\"><\/span><div class=\"wp-block-cover__inner-container is-layout-flow wp-block-cover-is-layout-flow\">\n<div class=\"wp-block-group has-global-padding is-layout-constrained wp-container-core-group-is-layout-8257ab09 wp-block-group-is-layout-constrained\" style=\"margin-top:1rem\">\n<div class=\"wp-block-group alignwide has-global-padding is-layout-constrained wp-block-group-is-layout-constrained\"><div class=\"yoast-breadcrumbs\"><span><span><a href=\"https:\/\/www.openarms.es\/es\/como-ayudar\">C\u00f3mo ayudar<\/a><\/span> &gt; <span class=\"breadcrumb_last\" aria-current=\"page\">Hola Luz<\/span><\/span><\/div>\n\n\n<hr class=\"wp-block-separator has-text-color has-gray-color has-alpha-channel-opacity has-gray-background-color has-background is-style-default\" style=\"margin-top:1rem;margin-bottom:4rem\"\/>\n<\/div>\n<\/div>\n\n\n\n<div class=\"wp-block-group has-global-padding is-layout-constrained wp-block-group-is-layout-constrained\" style=\"margin-bottom:var(--wp--preset--spacing--64)\">\n<div class=\"wp-block-group has-global-padding is-layout-constrained wp-block-group-is-layout-constrained\">\n<div class=\"wp-block-columns alignwide ebavs-space-between is-layout-flex wp-container-core-columns-is-layout-643ced6b wp-block-columns-is-layout-flex\">\n<div class=\"wp-block-column is-layout-flow wp-block-column-is-layout-flow\" style=\"flex-basis:33%\">\n<h2 class=\"wp-block-heading has-contrast-color has-text-color has-small-large-font-size\" style=\"margin-top:0\"><strong>ALIANZAS QUE SUMAN<\/strong><\/h2>\n<\/div>\n\n\n\n<div class=\"wp-block-column is-layout-flow wp-block-column-is-layout-flow\" style=\"flex-basis:50%\">\n<p class=\"has-dark-gray-color has-text-color has-medium-font-size\" style=\"line-height:1.14em\">Esta alianza nace de una convicci\u00f3n com\u00fan: <strong>poner a las personas en el centro y actuar para construir un futuro m\u00e1s justo.<\/strong><\/p>\n\n\n\n<p class=\"has-dark-gray-color has-text-color has-medium-font-size\" style=\"line-height:1.14em\">Holaluz es una compa\u00f1\u00eda de <strong>energ\u00eda 100% renovable<\/strong>, comprometida con acelerar la transici\u00f3n energ\u00e9tica y reducir el impacto ambiental.<\/p>\n<\/div>\n<\/div>\n<\/div>\n\n\n\n<div class=\"wp-block-group has-global-padding is-layout-constrained wp-block-group-is-layout-constrained\">\n<div class=\"wp-block-columns alignwide ebavs-space-between is-layout-flex wp-container-core-columns-is-layout-643ced6b wp-block-columns-is-layout-flex\">\n<div class=\"wp-block-column is-layout-flow wp-block-column-is-layout-flow\" style=\"flex-basis:33%\">\n<h2 class=\"wp-block-heading has-contrast-color has-text-color has-small-large-font-size\" style=\"margin-top:0\"><strong>LA ENERG\u00cdA <\/strong><br><strong>QUE SALVA VIDAS<\/strong><\/h2>\n<\/div>\n\n\n\n<div class=\"wp-block-column is-layout-flow wp-block-column-is-layout-flow\" style=\"flex-basis:50%\">\n<p class=\"has-dark-gray-color has-text-color has-medium-font-size\" style=\"line-height:1.14em\">Open Arms y Holaluz nos hemos unido para proponerte algo extraordinariamente simple: <strong>convertir la luz de tu casa en una donaci\u00f3n recurrente contribuyendo<\/strong>, a\u00f1o tras a\u00f1o, a hacer mayor la misi\u00f3n de Open Arms.<\/p>\n<\/div>\n<\/div>\n<\/div>\n<\/div>\n\n\n\n<div class=\"wp-block-group has-global-padding is-layout-constrained wp-block-group-is-layout-constrained\">\n<h2 class=\"wp-block-heading has-text-align-center has-contrast-color has-text-color has-link-color wp-elements-92fc0de464b58203f83e9f57194d0339\">As\u00ed funciona<\/h2>\n\n\n\n<div class=\"wp-block-columns is-layout-flex wp-container-core-columns-is-layout-28f84493 wp-block-columns-is-layout-flex\">\n<div class=\"wp-block-column is-layout-flow wp-block-column-is-layout-flow\">\n<figure class=\"wp-block-image aligncenter size-full is-resized\"><img decoding=\"async\" src=\"https:\/\/open-arms.c.wetopi.com\/wp-content\/uploads\/2026\/04\/ICONO3.png\" alt=\"\" class=\"wp-image-8918\" style=\"object-fit:cover;width:120px;height:120px\"\/><\/figure>\n\n\n\n<p class=\"has-text-align-center has-dark-gray-color has-text-color has-link-color has-small-font-size wp-elements-9438b4738e26eda6b30768e31ae469b4\" style=\"font-style:normal;font-weight:400;line-height:1.15\"><strong>Contratas tu luz con Holaluz:<\/strong> <br>energ\u00eda 100% verde<\/p>\n<\/div>\n\n\n\n<div class=\"wp-block-column is-layout-flow wp-block-column-is-layout-flow\">\n<figure class=\"wp-block-image aligncenter size-full is-resized\"><img decoding=\"async\" src=\"https:\/\/open-arms.c.wetopi.com\/wp-content\/uploads\/2026\/04\/ICONO.png\" alt=\"\" class=\"wp-image-8923\" style=\"object-fit:cover;width:120px;height:120px\"\/><\/figure>\n\n\n\n<p class=\"has-text-align-center has-dark-gray-color has-text-color has-link-color has-small-font-size wp-elements-ce975d77fe897273907b8cbc8aa8aac5\" style=\"font-style:normal;font-weight:400;line-height:1.15\">Holaluz realiza<strong> una donaci\u00f3n de \u20ac100 euro<\/strong> a Open Arms el primer a\u00f1o a tu nombre y aportaciones recurrentes los a\u00f1os posteriores<br><\/p>\n<\/div>\n\n\n\n<div class=\"wp-block-column is-layout-flow wp-block-column-is-layout-flow\">\n<figure class=\"wp-block-image aligncenter size-full is-resized\"><img decoding=\"async\" src=\"https:\/\/open-arms.c.wetopi.com\/wp-content\/uploads\/2026\/04\/ICONO2.png\" alt=\"\" class=\"wp-image-8928\" style=\"object-fit:cover;width:120px;height:120px\"\/><\/figure>\n\n\n\n<p class=\"has-text-align-center has-dark-gray-color has-text-color has-link-color has-small-font-size wp-elements-832a079622999a3beebde7ddf491112b\" style=\"font-style:normal;font-weight:400;line-height:1.15\"><strong>T\u00fa no pagas m\u00e1s<\/strong> y<strong> <\/strong>puedes beneficiarte de deducciones fiscales<\/p>\n<\/div>\n<\/div>\n\n\n\n<hr class=\"wp-block-separator has-text-color has-contrast-color has-alpha-channel-opacity has-contrast-background-color has-background is-style-default\" style=\"margin-top:4rem;margin-bottom:4rem\"\/>\n<\/div>\n<\/div><\/div>\n\n\n\n<div class=\"wp-block-cover\" style=\"margin-top:0;margin-bottom:0;min-height:302px;aspect-ratio:unset;\"><img loading=\"lazy\" decoding=\"async\" width=\"1920\" height=\"1080\" class=\"wp-block-cover__image-background wp-image-466\" alt=\"\" src=\"https:\/\/open-arms.c.wetopi.com\/wp-content\/uploads\/2025\/03\/background-texture-black.jpg\" data-object-fit=\"cover\" srcset=\"https:\/\/www.openarms.es\/wp-content\/uploads\/2025\/03\/background-texture-black.jpg 1920w, https:\/\/www.openarms.es\/wp-content\/uploads\/2025\/03\/background-texture-black-300x169.jpg 300w, https:\/\/www.openarms.es\/wp-content\/uploads\/2025\/03\/background-texture-black-1024x576.jpg 1024w, https:\/\/www.openarms.es\/wp-content\/uploads\/2025\/03\/background-texture-black-768x432.jpg 768w, https:\/\/www.openarms.es\/wp-content\/uploads\/2025\/03\/background-texture-black-1536x864.jpg 1536w\" sizes=\"auto, (max-width: 1920px) 100vw, 1920px\" \/><span aria-hidden=\"true\" class=\"wp-block-cover__background has-background-dim\" style=\"background-color:#343434\"><\/span><div class=\"wp-block-cover__inner-container has-global-padding is-layout-constrained wp-block-cover-is-layout-constrained\">\n<div class=\"wp-block-group has-global-padding is-layout-constrained wp-container-core-group-is-layout-df9632c3 wp-block-group-is-layout-constrained\">\n<div class=\"wp-block-columns is-layout-flex wp-container-core-columns-is-layout-28f84493 wp-block-columns-is-layout-flex\">\n<div class=\"wp-block-column is-layout-flow wp-block-column-is-layout-flow\">\n<h2 class=\"wp-block-heading has-text-align-center has-large-font-size\">\u00bfQUIERES M\u00c1S INFORMACI\u00d3N?<\/h2>\n\n\n\n<p class=\"has-text-align-center has-base-color has-text-color has-link-color wp-elements-9515e7d9544832f2babbfc5557f6780a\">&nbsp;consulta la pagina de Holaluz<\/p>\n\n\n\n<div class=\"wp-block-buttons is-content-justification-center is-layout-flex wp-container-core-buttons-is-layout-a89b3969 wp-block-buttons-is-layout-flex\">\n<div class=\"wp-block-button\"><a class=\"wp-block-button__link wp-element-button\" href=\"https:\/\/larevoluciondelostejados.holaluz.com\/open-arms\" target=\"_blank\" rel=\"noreferrer noopener\">INFORMATE AQU\u00cd<\/a><\/div>\n<\/div>\n<\/div>\n\n\n\n<div class=\"wp-block-column is-layout-flow wp-block-column-is-layout-flow\">\n<p class=\"has-text-align-center has-base-color has-text-color has-link-color wp-elements-6e05a18b68ff6cd1de91fe0b2097f7b7\">o contacta gratis Holaluz al<\/p>\n\n\n\n<h2 class=\"wp-block-heading has-text-align-center\">&nbsp;<strong>900 999 907<\/strong><\/h2>\n\n\n\n<p class=\"has-text-align-center\">de 9:00 a 19:00 de lunes a jueves<br>y viernes de 9:00 a 15:00<\/p>\n<\/div>\n<\/div>\n<\/div>\n<\/div><\/div>\n","protected":false},"excerpt":{"rendered":"","protected":false},"author":1,"featured_media":448,"parent":26,"menu_order":0,"comment_status":"closed","ping_status":"closed","template":"page-interior","meta":{"content-type":"","footnotes":""},"class_list":["post-8715","page","type-page","status-publish","has-post-thumbnail","hentry"],"yoast_head":"<!-- This site is optimized with the Yoast SEO plugin v27.4 - https:\/\/yoast.com\/product\/yoast-seo-wordpress\/ -->\n<title>Hola Luz<\/title>\n<meta name=\"description\" content=\"Habla de Open Arms, comparte en redes, organiza acciones solidarias o crea tu campa\u00f1a. Tu voz tambi\u00e9n puede salvar vidas.\" \/>\n<meta name=\"robots\" content=\"index, follow, max-snippet:-1, max-image-preview:large, max-video-preview:-1\" \/>\n<link rel=\"canonical\" href=\"https:\/\/www.openarms.es\/es\/como-ayudar\/hola-luz\" \/>\n<meta property=\"og:locale\" content=\"es_ES\" \/>\n<meta property=\"og:type\" content=\"article\" \/>\n<meta property=\"og:title\" content=\"Hola Luz\" \/>\n<meta property=\"og:description\" content=\"Habla de Open Arms, comparte en redes, organiza acciones solidarias o crea tu campa\u00f1a. Tu voz tambi\u00e9n puede salvar vidas.\" \/>\n<meta property=\"og:url\" content=\"https:\/\/www.openarms.es\/es\/como-ayudar\/hola-luz\" \/>\n<meta property=\"og:site_name\" content=\"Open Arms\" \/>\n<meta property=\"article:modified_time\" content=\"2026-04-29T09:27:35+00:00\" \/>\n<meta property=\"og:image\" content=\"https:\/\/www.openarms.es\/wp-content\/uploads\/2025\/03\/openarms-salvamento.webp\" \/>\n\t<meta property=\"og:image:width\" content=\"1136\" \/>\n\t<meta property=\"og:image:height\" content=\"442\" \/>\n\t<meta property=\"og:image:type\" content=\"image\/webp\" \/>\n<meta name=\"twitter:card\" content=\"summary_large_image\" \/>\n<meta name=\"twitter:label1\" content=\"Tiempo de lectura\" \/>\n\t<meta name=\"twitter:data1\" content=\"2 minutos\" \/>\n<script type=\"application\/ld+json\" class=\"yoast-schema-graph\">{\"@context\":\"https:\\\/\\\/schema.org\",\"@graph\":[{\"@type\":\"WebPage\",\"@id\":\"https:\\\/\\\/www.openarms.es\\\/es\\\/como-ayudar\\\/hola-luz\",\"url\":\"https:\\\/\\\/www.openarms.es\\\/es\\\/como-ayudar\\\/hola-luz\",\"name\":\"Hola Luz\",\"isPartOf\":{\"@id\":\"https:\\\/\\\/www.openarms.es\\\/es\\\/#website\"},\"primaryImageOfPage\":{\"@id\":\"https:\\\/\\\/www.openarms.es\\\/es\\\/como-ayudar\\\/hola-luz#primaryimage\"},\"image\":{\"@id\":\"https:\\\/\\\/www.openarms.es\\\/es\\\/como-ayudar\\\/hola-luz#primaryimage\"},\"thumbnailUrl\":\"https:\\\/\\\/www.openarms.es\\\/wp-content\\\/uploads\\\/2025\\\/03\\\/openarms-salvamento.webp\",\"datePublished\":\"2026-04-29T08:50:55+00:00\",\"dateModified\":\"2026-04-29T09:27:35+00:00\",\"description\":\"Habla de Open Arms, comparte en redes, organiza acciones solidarias o crea tu campa\u00f1a. Tu voz tambi\u00e9n puede salvar vidas.\",\"breadcrumb\":{\"@id\":\"https:\\\/\\\/www.openarms.es\\\/es\\\/como-ayudar\\\/hola-luz#breadcrumb\"},\"inLanguage\":\"es\",\"potentialAction\":[{\"@type\":\"ReadAction\",\"target\":[\"https:\\\/\\\/www.openarms.es\\\/es\\\/como-ayudar\\\/hola-luz\"]}]},{\"@type\":\"ImageObject\",\"inLanguage\":\"es\",\"@id\":\"https:\\\/\\\/www.openarms.es\\\/es\\\/como-ayudar\\\/hola-luz#primaryimage\",\"url\":\"https:\\\/\\\/www.openarms.es\\\/wp-content\\\/uploads\\\/2025\\\/03\\\/openarms-salvamento.webp\",\"contentUrl\":\"https:\\\/\\\/www.openarms.es\\\/wp-content\\\/uploads\\\/2025\\\/03\\\/openarms-salvamento.webp\",\"width\":1136,\"height\":442,\"caption\":\"Salvamento en Mar Open Arms\"},{\"@type\":\"BreadcrumbList\",\"@id\":\"https:\\\/\\\/www.openarms.es\\\/es\\\/como-ayudar\\\/hola-luz#breadcrumb\",\"itemListElement\":[{\"@type\":\"ListItem\",\"position\":1,\"name\":\"C\u00f3mo ayudar\",\"item\":\"https:\\\/\\\/www.openarms.es\\\/es\\\/como-ayudar\"},{\"@type\":\"ListItem\",\"position\":2,\"name\":\"Hola Luz\"}]},{\"@type\":\"WebSite\",\"@id\":\"https:\\\/\\\/www.openarms.es\\\/es\\\/#website\",\"url\":\"https:\\\/\\\/www.openarms.es\\\/es\\\/\",\"name\":\"Open Arms\",\"description\":\"\",\"publisher\":{\"@id\":\"https:\\\/\\\/www.openarms.es\\\/es\\\/#organization\"},\"potentialAction\":[{\"@type\":\"SearchAction\",\"target\":{\"@type\":\"EntryPoint\",\"urlTemplate\":\"https:\\\/\\\/www.openarms.es\\\/es\\\/?s={search_term_string}\"},\"query-input\":{\"@type\":\"PropertyValueSpecification\",\"valueRequired\":true,\"valueName\":\"search_term_string\"}}],\"inLanguage\":\"es\"},{\"@type\":\"Organization\",\"@id\":\"https:\\\/\\\/www.openarms.es\\\/es\\\/#organization\",\"name\":\"Open Arms\",\"url\":\"https:\\\/\\\/www.openarms.es\\\/es\\\/\",\"logo\":{\"@type\":\"ImageObject\",\"inLanguage\":\"es\",\"@id\":\"https:\\\/\\\/www.openarms.es\\\/es\\\/#\\\/schema\\\/logo\\\/image\\\/\",\"url\":\"https:\\\/\\\/www.openarms.es\\\/wp-content\\\/uploads\\\/2025\\\/03\\\/BRAND.svg\",\"contentUrl\":\"https:\\\/\\\/www.openarms.es\\\/wp-content\\\/uploads\\\/2025\\\/03\\\/BRAND.svg\",\"caption\":\"Open Arms\"},\"image\":{\"@id\":\"https:\\\/\\\/www.openarms.es\\\/es\\\/#\\\/schema\\\/logo\\\/image\\\/\"}}]}<\/script>\n<!-- \/ Yoast SEO plugin. -->","yoast_head_json":{"title":"Hola Luz","description":"Habla de Open Arms, comparte en redes, organiza acciones solidarias o crea tu campa\u00f1a. Tu voz tambi\u00e9n puede salvar vidas.","robots":{"index":"index","follow":"follow","max-snippet":"max-snippet:-1","max-image-preview":"max-image-preview:large","max-video-preview":"max-video-preview:-1"},"canonical":"https:\/\/www.openarms.es\/es\/como-ayudar\/hola-luz","og_locale":"es_ES","og_type":"article","og_title":"Hola Luz","og_description":"Habla de Open Arms, comparte en redes, organiza acciones solidarias o crea tu campa\u00f1a. Tu voz tambi\u00e9n puede salvar vidas.","og_url":"https:\/\/www.openarms.es\/es\/como-ayudar\/hola-luz","og_site_name":"Open Arms","article_modified_time":"2026-04-29T09:27:35+00:00","og_image":[{"width":1136,"height":442,"url":"https:\/\/www.openarms.es\/wp-content\/uploads\/2025\/03\/openarms-salvamento.webp","type":"image\/webp"}],"twitter_card":"summary_large_image","twitter_misc":{"Tiempo de lectura":"2 minutos"},"schema":{"@context":"https:\/\/schema.org","@graph":[{"@type":"WebPage","@id":"https:\/\/www.openarms.es\/es\/como-ayudar\/hola-luz","url":"https:\/\/www.openarms.es\/es\/como-ayudar\/hola-luz","name":"Hola Luz","isPartOf":{"@id":"https:\/\/www.openarms.es\/es\/#website"},"primaryImageOfPage":{"@id":"https:\/\/www.openarms.es\/es\/como-ayudar\/hola-luz#primaryimage"},"image":{"@id":"https:\/\/www.openarms.es\/es\/como-ayudar\/hola-luz#primaryimage"},"thumbnailUrl":"https:\/\/www.openarms.es\/wp-content\/uploads\/2025\/03\/openarms-salvamento.webp","datePublished":"2026-04-29T08:50:55+00:00","dateModified":"2026-04-29T09:27:35+00:00","description":"Habla de Open Arms, comparte en redes, organiza acciones solidarias o crea tu campa\u00f1a. Tu voz tambi\u00e9n puede salvar vidas.","breadcrumb":{"@id":"https:\/\/www.openarms.es\/es\/como-ayudar\/hola-luz#breadcrumb"},"inLanguage":"es","potentialAction":[{"@type":"ReadAction","target":["https:\/\/www.openarms.es\/es\/como-ayudar\/hola-luz"]}]},{"@type":"ImageObject","inLanguage":"es","@id":"https:\/\/www.openarms.es\/es\/como-ayudar\/hola-luz#primaryimage","url":"https:\/\/www.openarms.es\/wp-content\/uploads\/2025\/03\/openarms-salvamento.webp","contentUrl":"https:\/\/www.openarms.es\/wp-content\/uploads\/2025\/03\/openarms-salvamento.webp","width":1136,"height":442,"caption":"Salvamento en Mar Open Arms"},{"@type":"BreadcrumbList","@id":"https:\/\/www.openarms.es\/es\/como-ayudar\/hola-luz#breadcrumb","itemListElement":[{"@type":"ListItem","position":1,"name":"C\u00f3mo ayudar","item":"https:\/\/www.openarms.es\/es\/como-ayudar"},{"@type":"ListItem","position":2,"name":"Hola Luz"}]},{"@type":"WebSite","@id":"https:\/\/www.openarms.es\/es\/#website","url":"https:\/\/www.openarms.es\/es\/","name":"Open Arms","description":"","publisher":{"@id":"https:\/\/www.openarms.es\/es\/#organization"},"potentialAction":[{"@type":"SearchAction","target":{"@type":"EntryPoint","urlTemplate":"https:\/\/www.openarms.es\/es\/?s={search_term_string}"},"query-input":{"@type":"PropertyValueSpecification","valueRequired":true,"valueName":"search_term_string"}}],"inLanguage":"es"},{"@type":"Organization","@id":"https:\/\/www.openarms.es\/es\/#organization","name":"Open Arms","url":"https:\/\/www.openarms.es\/es\/","logo":{"@type":"ImageObject","inLanguage":"es","@id":"https:\/\/www.openarms.es\/es\/#\/schema\/logo\/image\/","url":"https:\/\/www.openarms.es\/wp-content\/uploads\/2025\/03\/BRAND.svg","contentUrl":"https:\/\/www.openarms.es\/wp-content\/uploads\/2025\/03\/BRAND.svg","caption":"Open Arms"},"image":{"@id":"https:\/\/www.openarms.es\/es\/#\/schema\/logo\/image\/"}}]}},"_links":{"self":[{"href":"https:\/\/www.openarms.es\/es\/wp-json\/wp\/v2\/pages\/8715","targetHints":{"allow":["GET"]}}],"collection":[{"href":"https:\/\/www.openarms.es\/es\/wp-json\/wp\/v2\/pages"}],"about":[{"href":"https:\/\/www.openarms.es\/es\/wp-json\/wp\/v2\/types\/page"}],"author":[{"embeddable":true,"href":"https:\/\/www.openarms.es\/es\/wp-json\/wp\/v2\/users\/1"}],"replies":[{"embeddable":true,"href":"https:\/\/www.openarms.es\/es\/wp-json\/wp\/v2\/comments?post=8715"}],"version-history":[{"count":3,"href":"https:\/\/www.openarms.es\/es\/wp-json\/wp\/v2\/pages\/8715\/revisions"}],"predecessor-version":[{"id":8737,"href":"https:\/\/www.openarms.es\/es\/wp-json\/wp\/v2\/pages\/8715\/revisions\/8737"}],"up":[{"embeddable":true,"href":"https:\/\/www.openarms.es\/es\/wp-json\/wp\/v2\/pages\/26"}],"wp:featuredmedia":[{"embeddable":true,"href":"https:\/\/www.openarms.es\/es\/wp-json\/wp\/v2\/media\/448"}],"wp:attachment":[{"href":"https:\/\/www.openarms.es\/es\/wp-json\/wp\/v2\/media?parent=8715"}],"curies":[{"name":"wp","href":"https:\/\/api.w.org\/{rel}","templated":true}]}}