{"id":96,"date":"2025-03-06T16:31:30","date_gmt":"2025-03-06T16:31:30","guid":{"rendered":"https:\/\/www.openarms.es\/?page_id=96"},"modified":"2025-06-20T07:54:28","modified_gmt":"2025-06-20T07:54:28","slug":"que-hacemos","status":"publish","type":"page","link":"https:\/\/www.openarms.es\/es\/que-hacemos","title":{"rendered":"Qu\u00e9 Hacemos"},"content":{"rendered":"\n<div class=\"wp-block-cover alignfull ebavs-header-hero\" style=\"min-height:100vh;aspect-ratio:unset;\"><img loading=\"lazy\" decoding=\"async\" width=\"1512\" height=\"779\" class=\"wp-block-cover__image-background wp-image-106\" alt=\"\" src=\"https:\/\/www.openarms.es\/wp-content\/uploads\/2025\/03\/que-hacemos.webp\" data-object-fit=\"cover\" srcset=\"https:\/\/www.openarms.es\/wp-content\/uploads\/2025\/03\/que-hacemos.webp 1512w, https:\/\/www.openarms.es\/wp-content\/uploads\/2025\/03\/que-hacemos-300x155.webp 300w, https:\/\/www.openarms.es\/wp-content\/uploads\/2025\/03\/que-hacemos-1024x528.webp 1024w, https:\/\/www.openarms.es\/wp-content\/uploads\/2025\/03\/que-hacemos-768x396.webp 768w\" sizes=\"auto, (max-width: 1512px) 100vw, 1512px\" \/><span aria-hidden=\"true\" class=\"wp-block-cover__background has-black-background-color has-background-dim\"><\/span><div class=\"wp-block-cover__inner-container is-layout-flow wp-block-cover-is-layout-flow\">\n<div class=\"wp-block-group alignwide has-global-padding is-content-justification-center is-layout-constrained wp-container-core-group-is-layout-b8a69c6b wp-block-group-is-layout-constrained\" style=\"margin-top:auto;margin-bottom:auto;padding-right:0;padding-left:0\">\n<div class=\"wp-block-group alignwide has-global-padding is-content-justification-left is-layout-constrained wp-container-core-group-is-layout-b58f3518 wp-block-group-is-layout-constrained\">\n<h1 class=\"wp-block-heading has-text-align-left has-base-color has-text-color has-xx-large-font-size\">Qu\u00e9 Hacemos<\/h1>\n\n\n\n<p class=\"has-text-align-left has-base-color has-text-color has-large-font-size\" style=\"margin-bottom:2rem;font-family:var(--wp--preset--font-family--dinnextltpro)\">Todo lo que hacemos tiene un \u00fanico objetivo: salvar vidas. Si te parece un objetivo que merece la pena apoyar, \u00fanete a nosotros.<\/p>\n\n\n\n<div class=\"wp-block-buttons hazte-miembro-boton is-content-justification-left is-layout-flex wp-container-core-buttons-is-layout-fc4fd283 wp-block-buttons-is-layout-flex\">\n<div class=\"wp-block-button\"><a class=\"wp-block-button__link has-contrast-color has-base-background-color has-text-color has-background has-dinnextltpro-font-family has-custom-font-size wp-element-button\" href=\"https:\/\/help.openarms.es\/miembro-openarms\/?lang=es\" style=\"padding-top:16px;padding-right:24px;padding-bottom:14px;padding-left:24px;font-size:clamp(0.875rem, 0.875rem + ((1vw - 0.2rem) * 0.302), 1.13rem);font-style:normal;font-weight:700;line-height:1;text-transform:uppercase\" target=\"_blank\" rel=\"noreferrer noopener\">Hazte miembro<\/a><\/div>\n<\/div>\n<\/div>\n<\/div>\n<\/div><\/div>\n\n\n\n<div class=\"wp-block-group alignwide ebavs-hero-menu desktop has-global-padding is-content-justification-center is-layout-constrained wp-block-group-is-layout-constrained\">\n<div class=\"wp-block-group alignwide has-global-padding is-content-justification-right is-layout-constrained wp-container-core-group-is-layout-f1f2ed93 wp-block-group-is-layout-constrained\">\n<div class=\"wp-block-group ebavs-hero-menu-inner has-contrast-background-color has-background has-global-padding is-content-justification-right is-layout-constrained wp-container-core-group-is-layout-87057a5b wp-block-group-is-layout-constrained\" style=\"border-top-left-radius:16px;border-top-right-radius:16px;min-height:18rem;padding-top:var(--wp--preset--spacing--32);padding-right:var(--wp--preset--spacing--32);padding-bottom:var(--wp--preset--spacing--32);padding-left:var(--wp--preset--spacing--32)\">\n<div class=\"wp-block-columns is-layout-flex wp-container-core-columns-is-layout-28f84493 wp-block-columns-is-layout-flex\">\n<div class=\"wp-block-column has-global-padding is-content-justification-right is-layout-constrained wp-container-core-column-is-layout-7550a36c wp-block-column-is-layout-constrained\" style=\"padding-bottom:var(--wp--preset--spacing--24)\">\n<p class=\"has-base-color has-text-color has-link-color has-pfdinstencil-font-family has-small-font-size wp-elements-5093809b740e3aed935cbbddc345195e\" style=\"text-transform:uppercase\">En esta secci\u00f3n<\/p>\n\n\n\n<hr class=\"wp-block-separator has-text-color has-base-color has-alpha-channel-opacity has-base-background-color has-background\"\/>\n\n\n\n<p class=\"has-base-color has-text-color has-link-color has-medium-font-size wp-elements-1d677dc065f77484fa3523be7efffab9\"><a href=\"https:\/\/www.openarms.es\/es\/que-hacemos\/misiones\" data-type=\"page\" data-id=\"143\">Misiones Humanitarias<\/a><\/p>\n\n\n\n<p class=\"has-base-color has-text-color has-link-color has-medium-font-size wp-elements-8fcd8d3d9910b5232aaf8a7aeccd46f0\"><a href=\"https:\/\/www.openarms.es\/es\/que-hacemos\/proyecto-origen\" data-type=\"page\" data-id=\"327\">Proyecto Origen<\/a><\/p>\n\n\n\n<p class=\"has-base-color has-text-color has-link-color has-medium-font-size wp-elements-4b76b968a0335e7e0e0322309d8fbb77\"><a href=\"https:\/\/www.openarms.es\/es\/que-hacemos\/educacion-para-la-libertad\" data-type=\"page\" data-id=\"387\">Proyecto Educaci\u00f3n<\/a><\/p>\n<\/div>\n<\/div>\n<\/div>\n<\/div>\n<\/div>\n\n\n\n<figure class=\"wp-block-image aligncenter size-large arrow-scroll\"><img loading=\"lazy\" decoding=\"async\" width=\"16\" height=\"41\" src=\"https:\/\/www.openarms.es\/wp-content\/uploads\/2025\/05\/icon-arrow-down.svg\" alt=\"\" class=\"wp-image-2766\"\/><\/figure>\n\n\n\n<div class=\"wp-block-cover alignfull is-light has-parallax\" style=\"margin-top:0;margin-bottom:0;padding-top:var(--wp--preset--spacing--50);padding-right:0;padding-bottom:var(--wp--preset--spacing--50);padding-left:0\"><div class=\"wp-block-cover__image-background wp-image-999 has-parallax\" style=\"background-position:50% 50%;background-image:url(https:\/\/www.openarms.es\/wp-content\/themes\/openarms\/assets\/images\/openarms-texture.webp)\"><\/div><span aria-hidden=\"true\" class=\"wp-block-cover__background has-base-background-color has-background-dim-80 has-background-dim\"><\/span><div class=\"wp-block-cover__inner-container is-layout-flow wp-block-cover-is-layout-flow\">\n<div class=\"wp-block-group has-global-padding is-layout-constrained wp-block-group-is-layout-constrained\">\n<ul class=\"wp-block-list dropdown-section mobile has-contrast-color has-text-color has-link-color wp-elements-08cca0aa6789c7c91ca80c8e2e46e667\">\n<li class=\"dropdown-toggle header-link\">En Esta Secci\u00f3n<\/li>\n\n\n\n<li><a href=\"https:\/\/www.openarms.es\/es\/que-hacemos\/misiones\" data-type=\"page\" data-id=\"143\">Misiones Humanitarias<\/a><\/li>\n\n\n\n<li><a href=\"https:\/\/www.openarms.es\/es\/que-hacemos\/proyecto-origen\" data-type=\"page\" data-id=\"327\">Proyecto Origen<\/a><\/li>\n\n\n\n<li><a href=\"https:\/\/www.openarms.es\/es\/que-hacemos\/educacion-para-la-libertad\" data-type=\"page\" data-id=\"387\">Proyecto Educaci\u00f3n<\/a><\/li>\n<\/ul>\n<\/div>\n\n\n\n<div class=\"wp-block-group alignfull is-layout-constrained wp-container-core-group-is-layout-10 wp-block-group-is-layout-constrained has-global-padding\" style=\"margin-top:var(--wp--preset--spacing--48);margin-bottom:var(--wp--preset--spacing--48);padding-top:var(--wp--preset--spacing--50);padding-bottom:var(--wp--preset--spacing--50)\">\n<div class=\"wp-block-columns ebavs-space-between is-layout-flex wp-container-core-columns-is-layout-0b339b1a wp-block-columns-is-layout-flex\">\n<div class=\"wp-block-column is-layout-flow wp-block-column-is-layout-flow\" style=\"flex-basis:30%\">\n<h2 class=\"wp-block-heading has-contrast-color has-text-color has-link-color wp-elements-fed0b8aac629ba1a553fb199c5a0a5a1\"><strong>En el mar salvamos vidas, en tierra buscamos soluciones.<\/strong><\/h2>\n<\/div>\n\n\n\n<div class=\"wp-block-column is-vertically-aligned-center is-layout-flow wp-block-column-is-layout-flow\" style=\"flex-basis:50%\">\n<p class=\"has-large-font-size\" style=\"line-height:1.14em\">Llevamos 10 a\u00f1os salvando vidas, y lo seguiremos haciendo. Pero esa no es nuestra \u00fanica \u00e1rea de acci\u00f3n. Intentamos evitar m\u00e1s muertes en el mar, generando alternativas en los pa\u00edses de origen, donde informamos de los riesgos de migrar por v\u00edas no seguras y formamos a las personas para que puedan emprender y tener oportunidades de futuro sin tener que arriesgar la vida en un trayecto incierto. Y<strong> <\/strong>adem\u00e1s, estamos en los pa\u00edses de acogida para sensibilizar a los m\u00e1s j\u00f3venes. Todo nuestro trabajo se divide en tres grandes frentes.<\/p>\n<\/div>\n<\/div>\n<\/div>\n\n\n\n<hr class=\"wp-block-separator has-text-color has-contrast-color has-alpha-channel-opacity has-contrast-background-color has-background is-style-wide is-style-wide--1\" style=\"margin-top:0rem;margin-bottom:4rem\"\/>\n\n\n\n<div class=\"wp-block-group alignfull is-layout-constrained wp-container-core-group-is-layout-10 wp-block-group-is-layout-constrained has-global-padding\" style=\"padding-top:var(--wp--preset--spacing--50);padding-bottom:var(--wp--preset--spacing--50)\">\n<div class=\"wp-block-columns alignwide is-layout-flex wp-container-core-columns-is-layout-00723822 wp-block-columns-is-layout-flex\">\n<div class=\"wp-block-column is-layout-flow wp-block-column-is-layout-flow\" style=\"flex-basis:50%\">\n<figure class=\"wp-block-image size-full\"><img loading=\"lazy\" decoding=\"async\" width=\"2560\" height=\"1707\" src=\"https:\/\/www.openarms.es\/wp-content\/uploads\/2025\/03\/flota-scaled.webp\" alt=\"\" class=\"wp-image-119\" style=\"aspect-ratio:16\/9;object-fit:cover\" srcset=\"https:\/\/www.openarms.es\/wp-content\/uploads\/2025\/03\/flota-scaled.webp 2560w, https:\/\/www.openarms.es\/wp-content\/uploads\/2025\/03\/flota-300x200.webp 300w, https:\/\/www.openarms.es\/wp-content\/uploads\/2025\/03\/flota-1024x683.webp 1024w, https:\/\/www.openarms.es\/wp-content\/uploads\/2025\/03\/flota-768x512.webp 768w, https:\/\/www.openarms.es\/wp-content\/uploads\/2025\/03\/flota-1536x1024.webp 1536w, https:\/\/www.openarms.es\/wp-content\/uploads\/2025\/03\/flota-2048x1366.webp 2048w\" sizes=\"auto, (max-width: 2560px) 100vw, 2560px\" \/><\/figure>\n<\/div>\n\n\n\n<div class=\"wp-block-column desktop is-layout-flow wp-block-column-is-layout-flow\" style=\"flex-basis:5%\"><\/div>\n\n\n\n<div class=\"wp-block-column is-vertically-aligned-center is-layout-flow wp-block-column-is-layout-flow\">\n<h3 class=\"wp-block-heading has-dark-gray-color has-text-color has-link-color wp-elements-60c2c7df2aea30c6e5d9f3f4aad69e5e\"><strong>Misiones humanitarias<\/strong><\/h3>\n\n\n\n<p class=\"has-large-font-size\" style=\"line-height:1.14em\">Una vida vale lo mismo cuando se pierde ahogada en el Mediterr\u00e1neo central, sepultada en una emergencia como la DANA de Valencia, o en una invasi\u00f3n como la de Ucrania<strong>. Todas merecen nuestro esfuerzo por salvarlas.<\/strong><br><\/p>\n\n\n\n<div class=\"wp-block-buttons is-layout-flex wp-block-buttons-is-layout-flex\">\n<div class=\"wp-block-button\"><a class=\"wp-block-button__link wp-element-button\" href=\"https:\/\/www.openarms.es\/es\/que-hacemos\/misiones\">Descubre m\u00e1s<\/a><\/div>\n<\/div>\n<\/div>\n\n\n\n<div class=\"wp-block-column desktop is-layout-flow wp-block-column-is-layout-flow\" style=\"flex-basis:5%\"><\/div>\n<\/div>\n<\/div>\n\n\n\n<div class=\"wp-block-group alignfull is-layout-constrained wp-container-core-group-is-layout-10 wp-block-group-is-layout-constrained has-global-padding\" style=\"padding-top:var(--wp--preset--spacing--50);padding-bottom:var(--wp--preset--spacing--50)\">\n<div class=\"wp-block-columns alignwide is-layout-flex wp-container-core-columns-is-layout-00723822 wp-block-columns-is-layout-flex\">\n<div class=\"wp-block-column desktop is-layout-flow wp-block-column-is-layout-flow\" style=\"flex-basis:5%\"><\/div>\n\n\n\n<div class=\"wp-block-column is-vertically-aligned-center order-2 is-layout-flow wp-block-column-is-layout-flow\">\n<h3 class=\"wp-block-heading has-dark-gray-color has-text-color has-link-color wp-elements-42a465a20c25f922a49cbc869ac69e7f\">Proyecto #Origen<\/h3>\n\n\n\n<p class=\"has-large-font-size\" style=\"line-height:1.14em\">Una vez en el mar, ya no hay soluci\u00f3n. Por eso, trabajamos en \u00c1frica Occidental para explicar las condiciones reales de migraci\u00f3n irregular y empoderar a las comunidades de origen para <strong>construir alternativas reales.<\/strong><br><\/p>\n\n\n\n<div class=\"wp-block-buttons is-layout-flex wp-block-buttons-is-layout-flex\">\n<div class=\"wp-block-button\"><a class=\"wp-block-button__link wp-element-button\" href=\"https:\/\/www.openarms.es\/es\/que-hacemos\/proyecto-origen\">Descubre m\u00e1s<\/a><\/div>\n<\/div>\n<\/div>\n\n\n\n<div class=\"wp-block-column desktop is-layout-flow wp-block-column-is-layout-flow\" style=\"flex-basis:5%\"><\/div>\n\n\n\n<div class=\"wp-block-column order-1 is-layout-flow wp-block-column-is-layout-flow\" style=\"flex-basis:50%\">\n<figure class=\"wp-block-image size-full\"><img loading=\"lazy\" decoding=\"async\" width=\"1230\" height=\"1125\" src=\"https:\/\/www.openarms.es\/wp-content\/uploads\/2025\/03\/portada-misiones.webp\" alt=\"Origen Open Arms\" class=\"wp-image-230\" style=\"aspect-ratio:16\/9;object-fit:cover\" srcset=\"https:\/\/www.openarms.es\/wp-content\/uploads\/2025\/03\/portada-misiones.webp 1230w, https:\/\/www.openarms.es\/wp-content\/uploads\/2025\/03\/portada-misiones-300x274.webp 300w, https:\/\/www.openarms.es\/wp-content\/uploads\/2025\/03\/portada-misiones-1024x937.webp 1024w, https:\/\/www.openarms.es\/wp-content\/uploads\/2025\/03\/portada-misiones-768x702.webp 768w\" sizes=\"auto, (max-width: 1230px) 100vw, 1230px\" \/><\/figure>\n<\/div>\n<\/div>\n<\/div>\n\n\n\n<div class=\"wp-block-group alignfull is-layout-constrained wp-container-core-group-is-layout-10 wp-block-group-is-layout-constrained has-global-padding\" style=\"padding-top:var(--wp--preset--spacing--50);padding-bottom:var(--wp--preset--spacing--50)\">\n<div class=\"wp-block-columns alignwide is-layout-flex wp-container-core-columns-is-layout-00723822 wp-block-columns-is-layout-flex\">\n<div class=\"wp-block-column order-1 is-layout-flow wp-block-column-is-layout-flow\" style=\"flex-basis:50%\">\n<figure class=\"wp-block-image size-full\"><img loading=\"lazy\" decoding=\"async\" width=\"2560\" height=\"1707\" src=\"https:\/\/www.openarms.es\/wp-content\/uploads\/2025\/03\/escuela-scaled.webp\" alt=\"\" class=\"wp-image-232\" style=\"aspect-ratio:16\/9;object-fit:cover\" srcset=\"https:\/\/www.openarms.es\/wp-content\/uploads\/2025\/03\/escuela-scaled.webp 2560w, https:\/\/www.openarms.es\/wp-content\/uploads\/2025\/03\/escuela-300x200.webp 300w, https:\/\/www.openarms.es\/wp-content\/uploads\/2025\/03\/escuela-1024x683.webp 1024w, https:\/\/www.openarms.es\/wp-content\/uploads\/2025\/03\/escuela-768x512.webp 768w, https:\/\/www.openarms.es\/wp-content\/uploads\/2025\/03\/escuela-1536x1024.webp 1536w, https:\/\/www.openarms.es\/wp-content\/uploads\/2025\/03\/escuela-2048x1366.webp 2048w\" sizes=\"auto, (max-width: 2560px) 100vw, 2560px\" \/><\/figure>\n<\/div>\n\n\n\n<div class=\"wp-block-column desktop is-layout-flow wp-block-column-is-layout-flow\" style=\"flex-basis:5%\"><\/div>\n\n\n\n<div class=\"wp-block-column is-vertically-aligned-center order-2 is-layout-flow wp-block-column-is-layout-flow\">\n<h3 class=\"wp-block-heading has-dark-gray-color has-text-color has-link-color wp-elements-f4f491cf4ea6d06075c695d1c8e5c43f\"><strong>Educaci\u00f3n para la libertad<\/strong><br><\/h3>\n\n\n\n<p class=\"has-large-font-size\" style=\"line-height:1.14em\">Creemos en la necesidad de <strong>educar y sensibilizar a las comunidades escolares en pa\u00edses de acogida.<\/strong> Por eso, compartimos las voces de las personas rescatadas y transmitimos los derechos humanos, la empat\u00eda y el pensamiento cr\u00edtico.<br><\/p>\n\n\n\n<div class=\"wp-block-buttons is-layout-flex wp-block-buttons-is-layout-flex\">\n<div class=\"wp-block-button\"><a class=\"wp-block-button__link wp-element-button\" href=\"https:\/\/www.openarms.es\/es\/que-hacemos\/educacion-para-la-libertad\">Descubre m\u00e1s<\/a><\/div>\n<\/div>\n<\/div>\n\n\n\n<div class=\"wp-block-column desktop is-layout-flow wp-block-column-is-layout-flow\" style=\"flex-basis:5%\"><\/div>\n<\/div>\n<\/div>\n\n\n\n<hr class=\"wp-block-separator has-text-color has-contrast-color has-alpha-channel-opacity has-contrast-background-color has-background is-style-wide is-style-wide--2\" style=\"margin-top:var(--wp--preset--spacing--40);margin-bottom:var(--wp--preset--spacing--64)\"\/>\n\n\n\n<div class=\"wp-block-group alignfull has-global-padding is-layout-constrained wp-block-group-is-layout-constrained\" style=\"min-height:0vh;margin-top:0;margin-bottom:0;padding-bottom:var(--wp--preset--spacing--24)\">\n<div class=\"wp-block-columns are-vertically-aligned-top is-content-justification-center is-layout-flex wp-container-core-columns-is-layout-8c19c11b wp-block-columns-is-layout-flex\">\n<div class=\"wp-block-column is-vertically-aligned-top is-layout-flow wp-block-column-is-layout-flow\" style=\"flex-basis:60%\">\n<div class=\"wp-block-group has-contrast-background-color has-background has-global-padding is-layout-constrained wp-container-core-group-is-layout-a91b9633 wp-block-group-is-layout-constrained\" style=\"border-style:none;border-width:0px;border-radius:32px;padding-top:var(--wp--preset--spacing--40);padding-right:2rem;padding-bottom:var(--wp--preset--spacing--40);padding-left:2rem\">\n<h3 class=\"wp-block-heading has-text-align-center has-base-color has-text-color has-link-color wp-elements-aa110e7ffc76eb5589bbd36b67787cee\" style=\"margin-right:0;margin-left:0;padding-right:0;padding-left:0;font-size:clamp(1.502rem, 1.502rem + ((1vw - 0.2rem) * 1.181), 2.5rem);line-height:1.15\">Si crees que toda vida debe ser salvada, impl\u00edcate. Entre todos, podemos salvar muchas m\u00e1s.<\/h3>\n\n\n\n<div class=\"wp-block-buttons is-horizontal is-content-justification-center is-layout-flex wp-container-core-buttons-is-layout-03627597 wp-block-buttons-is-layout-flex\">\n<div class=\"wp-block-button\"><a class=\"wp-block-button__link has-contrast-color has-base-background-color has-text-color has-background has-custom-font-size wp-element-button\" href=\"https:\/\/www.openarms.es\/es\/como-ayudar\/dona\" style=\"padding-top:16px;padding-right:24px;padding-bottom:14px;padding-left:24px;font-size:clamp(14px, 0.875rem + ((1vw - 3.2px) * 0.296), 18px);font-style:normal;font-weight:700\">DONA AHORA<\/a><\/div>\n<\/div>\n<\/div>\n<\/div>\n<\/div>\n<\/div>\n<\/div><\/div>\n","protected":false},"excerpt":{"rendered":"<p>En esta secci\u00f3n Misiones Humanitarias Proyecto Origen Proyecto Educaci\u00f3n<\/p>\n","protected":false},"author":1,"featured_media":106,"parent":0,"menu_order":0,"comment_status":"closed","ping_status":"closed","template":"page-first-level","meta":{"content-type":"","footnotes":""},"class_list":["post-96","page","type-page","status-publish","has-post-thumbnail","hentry"],"yoast_head":"<!-- This site is optimized with the Yoast SEO plugin v25.9 - https:\/\/yoast.com\/wordpress\/plugins\/seo\/ -->\n<title>Qu\u00e9 hacemos: Misiones y ayuda humanitaria | Openarms<\/title>\n<meta name=\"description\" content=\"Open Arms: Salvamos vidas en el mar y en tierra. Actuamos en emergencias y defendemos derechos donde m\u00e1s se necesitan.\" \/>\n<meta name=\"robots\" content=\"index, follow, max-snippet:-1, max-image-preview:large, max-video-preview:-1\" \/>\n<link rel=\"canonical\" href=\"https:\/\/www.openarms.es\/es\/que-hacemos\" \/>\n<meta property=\"og:locale\" content=\"es_ES\" \/>\n<meta property=\"og:type\" content=\"article\" \/>\n<meta property=\"og:title\" content=\"Qu\u00e9 hacemos: Misiones y ayuda humanitaria | Openarms\" \/>\n<meta property=\"og:description\" content=\"Open Arms: Salvamos vidas en el mar y en tierra. Actuamos en emergencias y defendemos derechos donde m\u00e1s se necesitan.\" \/>\n<meta property=\"og:url\" content=\"https:\/\/www.openarms.es\/es\/que-hacemos\" \/>\n<meta property=\"og:site_name\" content=\"Open Arms\" \/>\n<meta property=\"article:modified_time\" content=\"2025-06-20T07:54:28+00:00\" \/>\n<meta property=\"og:image\" content=\"https:\/\/www.openarms.es\/wp-content\/uploads\/2025\/03\/que-hacemos.webp\" \/>\n\t<meta property=\"og:image:width\" content=\"1512\" \/>\n\t<meta property=\"og:image:height\" content=\"779\" \/>\n\t<meta property=\"og:image:type\" content=\"image\/webp\" \/>\n<meta name=\"twitter:card\" content=\"summary_large_image\" \/>\n<meta name=\"twitter:label1\" content=\"Tiempo de lectura\" \/>\n\t<meta name=\"twitter:data1\" content=\"3 minutos\" \/>\n<script type=\"application\/ld+json\" class=\"yoast-schema-graph\">{\"@context\":\"https:\/\/schema.org\",\"@graph\":[{\"@type\":\"WebPage\",\"@id\":\"https:\/\/www.openarms.es\/es\/que-hacemos\",\"url\":\"https:\/\/www.openarms.es\/es\/que-hacemos\",\"name\":\"Qu\u00e9 hacemos: Misiones y ayuda humanitaria | Openarms\",\"isPartOf\":{\"@id\":\"https:\/\/www.openarms.es\/es\/#website\"},\"primaryImageOfPage\":{\"@id\":\"https:\/\/www.openarms.es\/es\/que-hacemos#primaryimage\"},\"image\":{\"@id\":\"https:\/\/www.openarms.es\/es\/que-hacemos#primaryimage\"},\"thumbnailUrl\":\"https:\/\/www.openarms.es\/wp-content\/uploads\/2025\/03\/que-hacemos.webp\",\"datePublished\":\"2025-03-06T16:31:30+00:00\",\"dateModified\":\"2025-06-20T07:54:28+00:00\",\"description\":\"Open Arms: Salvamos vidas en el mar y en tierra. Actuamos en emergencias y defendemos derechos donde m\u00e1s se necesitan.\",\"inLanguage\":\"es\",\"potentialAction\":[{\"@type\":\"ReadAction\",\"target\":[\"https:\/\/www.openarms.es\/es\/que-hacemos\"]}]},{\"@type\":\"ImageObject\",\"inLanguage\":\"es\",\"@id\":\"https:\/\/www.openarms.es\/es\/que-hacemos#primaryimage\",\"url\":\"https:\/\/www.openarms.es\/wp-content\/uploads\/2025\/03\/que-hacemos.webp\",\"contentUrl\":\"https:\/\/www.openarms.es\/wp-content\/uploads\/2025\/03\/que-hacemos.webp\",\"width\":1512,\"height\":779,\"caption\":\"Qu\u00e9 hacemos Open Arms\"},{\"@type\":\"WebSite\",\"@id\":\"https:\/\/www.openarms.es\/es\/#website\",\"url\":\"https:\/\/www.openarms.es\/es\/\",\"name\":\"Open Arms\",\"description\":\"\",\"publisher\":{\"@id\":\"https:\/\/www.openarms.es\/es\/#organization\"},\"potentialAction\":[{\"@type\":\"SearchAction\",\"target\":{\"@type\":\"EntryPoint\",\"urlTemplate\":\"https:\/\/www.openarms.es\/es\/?s={search_term_string}\"},\"query-input\":{\"@type\":\"PropertyValueSpecification\",\"valueRequired\":true,\"valueName\":\"search_term_string\"}}],\"inLanguage\":\"es\"},{\"@type\":\"Organization\",\"@id\":\"https:\/\/www.openarms.es\/es\/#organization\",\"name\":\"Open Arms\",\"url\":\"https:\/\/www.openarms.es\/es\/\",\"logo\":{\"@type\":\"ImageObject\",\"inLanguage\":\"es\",\"@id\":\"https:\/\/www.openarms.es\/es\/#\/schema\/logo\/image\/\",\"url\":\"https:\/\/www.openarms.es\/wp-content\/uploads\/2025\/03\/BRAND.svg\",\"contentUrl\":\"https:\/\/www.openarms.es\/wp-content\/uploads\/2025\/03\/BRAND.svg\",\"caption\":\"Open Arms\"},\"image\":{\"@id\":\"https:\/\/www.openarms.es\/es\/#\/schema\/logo\/image\/\"}}]}<\/script>\n<!-- \/ Yoast SEO plugin. -->","yoast_head_json":{"title":"Qu\u00e9 hacemos: Misiones y ayuda humanitaria | Openarms","description":"Open Arms: Salvamos vidas en el mar y en tierra. Actuamos en emergencias y defendemos derechos donde m\u00e1s se necesitan.","robots":{"index":"index","follow":"follow","max-snippet":"max-snippet:-1","max-image-preview":"max-image-preview:large","max-video-preview":"max-video-preview:-1"},"canonical":"https:\/\/www.openarms.es\/es\/que-hacemos","og_locale":"es_ES","og_type":"article","og_title":"Qu\u00e9 hacemos: Misiones y ayuda humanitaria | Openarms","og_description":"Open Arms: Salvamos vidas en el mar y en tierra. Actuamos en emergencias y defendemos derechos donde m\u00e1s se necesitan.","og_url":"https:\/\/www.openarms.es\/es\/que-hacemos","og_site_name":"Open Arms","article_modified_time":"2025-06-20T07:54:28+00:00","og_image":[{"width":1512,"height":779,"url":"https:\/\/www.openarms.es\/wp-content\/uploads\/2025\/03\/que-hacemos.webp","type":"image\/webp"}],"twitter_card":"summary_large_image","twitter_misc":{"Tiempo de lectura":"3 minutos"},"schema":{"@context":"https:\/\/schema.org","@graph":[{"@type":"WebPage","@id":"https:\/\/www.openarms.es\/es\/que-hacemos","url":"https:\/\/www.openarms.es\/es\/que-hacemos","name":"Qu\u00e9 hacemos: Misiones y ayuda humanitaria | Openarms","isPartOf":{"@id":"https:\/\/www.openarms.es\/es\/#website"},"primaryImageOfPage":{"@id":"https:\/\/www.openarms.es\/es\/que-hacemos#primaryimage"},"image":{"@id":"https:\/\/www.openarms.es\/es\/que-hacemos#primaryimage"},"thumbnailUrl":"https:\/\/www.openarms.es\/wp-content\/uploads\/2025\/03\/que-hacemos.webp","datePublished":"2025-03-06T16:31:30+00:00","dateModified":"2025-06-20T07:54:28+00:00","description":"Open Arms: Salvamos vidas en el mar y en tierra. Actuamos en emergencias y defendemos derechos donde m\u00e1s se necesitan.","inLanguage":"es","potentialAction":[{"@type":"ReadAction","target":["https:\/\/www.openarms.es\/es\/que-hacemos"]}]},{"@type":"ImageObject","inLanguage":"es","@id":"https:\/\/www.openarms.es\/es\/que-hacemos#primaryimage","url":"https:\/\/www.openarms.es\/wp-content\/uploads\/2025\/03\/que-hacemos.webp","contentUrl":"https:\/\/www.openarms.es\/wp-content\/uploads\/2025\/03\/que-hacemos.webp","width":1512,"height":779,"caption":"Qu\u00e9 hacemos Open Arms"},{"@type":"WebSite","@id":"https:\/\/www.openarms.es\/es\/#website","url":"https:\/\/www.openarms.es\/es\/","name":"Open Arms","description":"","publisher":{"@id":"https:\/\/www.openarms.es\/es\/#organization"},"potentialAction":[{"@type":"SearchAction","target":{"@type":"EntryPoint","urlTemplate":"https:\/\/www.openarms.es\/es\/?s={search_term_string}"},"query-input":{"@type":"PropertyValueSpecification","valueRequired":true,"valueName":"search_term_string"}}],"inLanguage":"es"},{"@type":"Organization","@id":"https:\/\/www.openarms.es\/es\/#organization","name":"Open Arms","url":"https:\/\/www.openarms.es\/es\/","logo":{"@type":"ImageObject","inLanguage":"es","@id":"https:\/\/www.openarms.es\/es\/#\/schema\/logo\/image\/","url":"https:\/\/www.openarms.es\/wp-content\/uploads\/2025\/03\/BRAND.svg","contentUrl":"https:\/\/www.openarms.es\/wp-content\/uploads\/2025\/03\/BRAND.svg","caption":"Open Arms"},"image":{"@id":"https:\/\/www.openarms.es\/es\/#\/schema\/logo\/image\/"}}]}},"_links":{"self":[{"href":"https:\/\/www.openarms.es\/es\/wp-json\/wp\/v2\/pages\/96","targetHints":{"allow":["GET"]}}],"collection":[{"href":"https:\/\/www.openarms.es\/es\/wp-json\/wp\/v2\/pages"}],"about":[{"href":"https:\/\/www.openarms.es\/es\/wp-json\/wp\/v2\/types\/page"}],"author":[{"embeddable":true,"href":"https:\/\/www.openarms.es\/es\/wp-json\/wp\/v2\/users\/1"}],"replies":[{"embeddable":true,"href":"https:\/\/www.openarms.es\/es\/wp-json\/wp\/v2\/comments?post=96"}],"version-history":[{"count":10,"href":"https:\/\/www.openarms.es\/es\/wp-json\/wp\/v2\/pages\/96\/revisions"}],"predecessor-version":[{"id":6262,"href":"https:\/\/www.openarms.es\/es\/wp-json\/wp\/v2\/pages\/96\/revisions\/6262"}],"wp:featuredmedia":[{"embeddable":true,"href":"https:\/\/www.openarms.es\/es\/wp-json\/wp\/v2\/media\/106"}],"wp:attachment":[{"href":"https:\/\/www.openarms.es\/es\/wp-json\/wp\/v2\/media?parent=96"}],"curies":[{"name":"wp","href":"https:\/\/api.w.org\/{rel}","templated":true}]}}