{"id":4385,"date":"2025-03-26T10:26:01","date_gmt":"2025-03-26T10:26:01","guid":{"rendered":"https:\/\/www.openarms.es\/comment-aider\/partage"},"modified":"2025-06-20T08:47:55","modified_gmt":"2025-06-20T08:47:55","slug":"partage","status":"publish","type":"page","link":"https:\/\/www.openarms.es\/fr\/comment-aider\/partage","title":{"rendered":"Partage"},"content":{"rendered":"\n<div class=\"wp-block-cover alignfull ebavs-header-hero-interior\" style=\"min-height:40rem;aspect-ratio:unset;\"><img loading=\"lazy\" decoding=\"async\" width=\"1136\" height=\"442\" class=\"wp-block-cover__image-background wp-image-448\" alt=\"\" src=\"https:\/\/www.openarms.es\/wp-content\/uploads\/2025\/03\/openarms-salvamento.webp\" data-object-fit=\"cover\" srcset=\"https:\/\/www.openarms.es\/wp-content\/uploads\/2025\/03\/openarms-salvamento.webp 1136w, https:\/\/www.openarms.es\/wp-content\/uploads\/2025\/03\/openarms-salvamento-300x117.webp 300w, https:\/\/www.openarms.es\/wp-content\/uploads\/2025\/03\/openarms-salvamento-1024x398.webp 1024w, https:\/\/www.openarms.es\/wp-content\/uploads\/2025\/03\/openarms-salvamento-768x299.webp 768w\" sizes=\"auto, (max-width: 1136px) 100vw, 1136px\" \/><span aria-hidden=\"true\" class=\"wp-block-cover__background has-black-background-color has-background-dim\"><\/span><div class=\"wp-block-cover__inner-container is-layout-flow wp-block-cover-is-layout-flow\">\n<div class=\"wp-block-group alignwide has-global-padding is-layout-constrained wp-container-core-group-is-layout-a8a8a09e wp-block-group-is-layout-constrained\" style=\"margin-top:auto;margin-bottom:auto;padding-right:0;padding-left:0\">\n<div class=\"wp-block-group has-global-padding is-content-justification-left is-layout-constrained wp-container-core-group-is-layout-b58f3518 wp-block-group-is-layout-constrained\">\n<p class=\"has-text-align-left has-base-color has-text-color has-large-font-size\" style=\"font-family:var(--wp--preset--font-family--dinnextltpro)\">COMMENT AIDER<\/p>\n\n\n\n<h1 class=\"wp-block-heading has-text-align-left has-base-color has-text-color has-xx-large-font-size\" style=\"margin-top:0;margin-bottom:0\">PARTAGE<\/h1>\n<\/div>\n<\/div>\n<\/div><\/div>\n\n<div class=\"wp-block-cover alignfull is-light has-parallax\" style=\"margin-top:0;margin-bottom:0;padding-top:0;padding-right:0;padding-bottom:0;padding-left:0\"><div class=\"wp-block-cover__image-background wp-image-999 has-parallax\" style=\"background-position:50% 50%;background-image:url(https:\/\/www.openarms.es\/wp-content\/themes\/openarms\/assets\/images\/openarms-texture.webp)\"><\/div><span aria-hidden=\"true\" class=\"wp-block-cover__background has-base-background-color has-background-dim-80 has-background-dim\"><\/span><div class=\"wp-block-cover__inner-container is-layout-flow wp-block-cover-is-layout-flow\">\n<div class=\"wp-block-group has-global-padding is-layout-constrained wp-container-core-group-is-layout-8257ab09 wp-block-group-is-layout-constrained\" style=\"margin-top:1rem\">\n<div class=\"wp-block-group alignwide has-global-padding is-layout-constrained wp-block-group-is-layout-constrained\"><div class=\"yoast-breadcrumbs\"><span><span><a href=\"https:\/\/www.openarms.es\/fr\/comment-aider\">Comment aider<\/a><\/span> &gt; <span class=\"breadcrumb_last\" aria-current=\"page\">Partage<\/span><\/span><\/div>\n\n\n<hr class=\"wp-block-separator has-text-color has-gray-color has-alpha-channel-opacity has-gray-background-color has-background is-style-default\" style=\"margin-top:1rem;margin-bottom:4rem\"\/>\n<\/div>\n<\/div>\n\n\n\n<div class=\"wp-block-group has-global-padding is-layout-constrained wp-block-group-is-layout-constrained\" style=\"margin-bottom:var(--wp--preset--spacing--64)\">\n<div class=\"wp-block-group has-global-padding is-layout-constrained wp-block-group-is-layout-constrained\">\n<div class=\"wp-block-columns alignwide ebavs-space-between is-layout-flex wp-container-core-columns-is-layout-643ced6b wp-block-columns-is-layout-flex\">\n<div class=\"wp-block-column is-layout-flow wp-block-column-is-layout-flow\" style=\"flex-basis:33%\">\n<h2 class=\"wp-block-heading has-contrast-color has-text-color has-x-large-font-size\" style=\"margin-top:0\">Fais conna\u00eetre notre travail<\/h2>\n<\/div>\n\n\n\n<div class=\"wp-block-column is-layout-flow wp-block-column-is-layout-flow\" style=\"flex-basis:50%\">\n<p class=\"has-dark-gray-color has-text-color has-medium-font-size\" style=\"line-height:1.14em\">Il y a plein de fa\u00e7ons de le faire. Sois cr\u00e9atif ou cr\u00e9ative. Voici quelques id\u00e9es :<\/p>\n<\/div>\n<\/div>\n<\/div>\n\n\n\n<div class=\"wp-block-columns is-layout-flex wp-container-core-columns-is-layout-28f84493 wp-block-columns-is-layout-flex\">\n<div class=\"wp-block-column is-layout-flow wp-block-column-is-layout-flow\">\n<div class=\"wp-block-columns is-not-stacked-on-mobile is-layout-flex wp-container-core-columns-is-layout-8f061566 wp-block-columns-is-layout-flex\" style=\"margin-bottom:3rem\">\n<div class=\"wp-block-column has-global-padding is-content-justification-center is-layout-constrained wp-container-core-column-is-layout-91bde7bd wp-block-column-is-layout-constrained\" style=\"flex-basis:30%\">\n<figure class=\"wp-block-image alignfull size-full difunde-icon\"><img loading=\"lazy\" decoding=\"async\" width=\"160\" height=\"160\" src=\"https:\/\/www.openarms.es\/wp-content\/uploads\/2025\/06\/icon-like.svg\" alt=\"Icono Like Open Arms\" class=\"wp-image-4613\"\/><\/figure>\n<\/div>\n\n\n\n<div class=\"wp-block-column is-vertically-aligned-center is-style-default is-layout-flow wp-block-column-is-layout-flow\" style=\"padding-right:0;padding-left:0;flex-basis:70%\">\n<p class=\"has-dark-gray-color has-text-color has-link-color has-small-font-size wp-elements-bdae9618f75040f63bfc489d854118fb\" style=\"margin-top:0;margin-bottom:0\">Suis-nous sur <a href=\"https:\/\/www.instagram.com\/openarms_fund\" target=\"_blank\" rel=\"noreferrer noopener\">Instagram<\/a>, <a href=\"https:\/\/www.facebook.com\/openarmsfund\" target=\"_blank\" rel=\"noreferrer noopener\">Facebook<\/a>, <a href=\"https:\/\/bsky.app\/profile\/openarmsfund.bsky.social\" target=\"_blank\" rel=\"noreferrer noopener\">Bluesky<\/a> y <a href=\"https:\/\/www.linkedin.com\/company\/open-arms-fund\/\" target=\"_blank\" rel=\"noreferrer noopener\">Linkedin<\/a>. Partage nos histoires et publications.<\/p>\n<\/div>\n<\/div>\n\n\n\n<div class=\"wp-block-columns is-not-stacked-on-mobile is-layout-flex wp-container-core-columns-is-layout-8f061566 wp-block-columns-is-layout-flex\" style=\"margin-bottom:3rem\">\n<div class=\"wp-block-column has-global-padding is-content-justification-center is-layout-constrained wp-container-core-column-is-layout-91bde7bd wp-block-column-is-layout-constrained\" style=\"flex-basis:30%\">\n<figure class=\"wp-block-image alignfull size-full difunde-icon\"><img loading=\"lazy\" decoding=\"async\" width=\"160\" height=\"160\" src=\"https:\/\/www.openarms.es\/wp-content\/uploads\/2025\/06\/icon-hablar.svg\" alt=\"Icono hablar Open Arms\" class=\"wp-image-4597\"\/><\/figure>\n<\/div>\n\n\n\n<div class=\"wp-block-column is-vertically-aligned-center is-style-default is-layout-flow wp-block-column-is-layout-flow\" style=\"padding-right:0;padding-left:0;flex-basis:70%\">\n<p class=\"has-dark-gray-color has-text-color has-link-color has-small-font-size wp-elements-ca75d2b93f125f8e68e5a42884405b75\" style=\"margin-top:0;margin-bottom:0\">Organise une pr\u00e9sentation dans ton travail pour raconter ce que tu sais sur Open Arms.<\/p>\n<\/div>\n<\/div>\n\n\n\n<div class=\"wp-block-columns is-not-stacked-on-mobile is-layout-flex wp-container-core-columns-is-layout-8f061566 wp-block-columns-is-layout-flex\" style=\"margin-bottom:3rem\">\n<div class=\"wp-block-column has-global-padding is-content-justification-center is-layout-constrained wp-container-core-column-is-layout-91bde7bd wp-block-column-is-layout-constrained\" style=\"flex-basis:30%\">\n<figure class=\"wp-block-image alignfull size-full difunde-icon\"><img loading=\"lazy\" decoding=\"async\" width=\"160\" height=\"160\" src=\"https:\/\/www.openarms.es\/wp-content\/uploads\/2025\/06\/icon-comida.svg\" alt=\"Icono Comida Solidaria Open Arms\" class=\"wp-image-4608\"\/><\/figure>\n<\/div>\n\n\n\n<div class=\"wp-block-column is-vertically-aligned-center is-style-default is-layout-flow wp-block-column-is-layout-flow\" style=\"padding-right:0;padding-left:0;flex-basis:70%\">\n<p class=\"has-dark-gray-color has-text-color has-link-color has-small-font-size wp-elements-9153ad6d0f466e41ee0f29b7e3728809\" style=\"margin-top:0;margin-bottom:0\">Organise un repas solidaire dans ton quartier ou ton village.<\/p>\n<\/div>\n<\/div>\n\n\n\n<div class=\"wp-block-columns is-not-stacked-on-mobile is-layout-flex wp-container-core-columns-is-layout-8f061566 wp-block-columns-is-layout-flex\" style=\"margin-bottom:3rem\">\n<div class=\"wp-block-column has-global-padding is-content-justification-center is-layout-constrained wp-container-core-column-is-layout-91bde7bd wp-block-column-is-layout-constrained\" style=\"flex-basis:30%\">\n<figure class=\"wp-block-image alignfull size-full difunde-icon\"><img loading=\"lazy\" decoding=\"async\" width=\"160\" height=\"160\" src=\"https:\/\/www.openarms.es\/wp-content\/uploads\/2025\/06\/icon-hablar.svg\" alt=\"Icono hablar Open Arms\" class=\"wp-image-4597\"\/><\/figure>\n<\/div>\n\n\n\n<div class=\"wp-block-column is-vertically-aligned-center is-style-default is-layout-flow wp-block-column-is-layout-flow\" style=\"padding-right:0;padding-left:0;flex-basis:70%\">\n<p class=\"has-dark-gray-color has-text-color has-link-color has-small-font-size wp-elements-25faa5499664b110e7de3d8aab967ace\" style=\"margin-top:0;margin-bottom:0\">Parle de notre travail \u00e0 tes amis et \u00e0 ta famille.<\/p>\n<\/div>\n<\/div>\n<\/div>\n\n\n\n<div class=\"wp-block-column is-layout-flow wp-block-column-is-layout-flow\">\n<div class=\"wp-block-columns is-not-stacked-on-mobile is-layout-flex wp-container-core-columns-is-layout-8f061566 wp-block-columns-is-layout-flex\" style=\"margin-bottom:3rem\">\n<div class=\"wp-block-column has-global-padding is-content-justification-center is-layout-constrained wp-container-core-column-is-layout-91bde7bd wp-block-column-is-layout-constrained\" style=\"flex-basis:30%\">\n<figure class=\"wp-block-image alignfull size-full difunde-icon\"><img loading=\"lazy\" decoding=\"async\" width=\"160\" height=\"160\" src=\"https:\/\/www.openarms.es\/wp-content\/uploads\/2025\/06\/icon-correr.svg\" alt=\"Icono Carrera Solidaria Open Arms\" class=\"wp-image-4603\"\/><\/figure>\n<\/div>\n\n\n\n<div class=\"wp-block-column is-vertically-aligned-center is-style-default is-layout-flow wp-block-column-is-layout-flow\" style=\"padding-right:0;padding-left:0;flex-basis:70%\">\n<p class=\"has-dark-gray-color has-text-color has-link-color has-small-font-size wp-elements-a90f0209de28b80d94fe20442d6be050\" style=\"margin-top:0;margin-bottom:0\">Organise une course et cours pour notre cause.<\/p>\n<\/div>\n<\/div>\n\n\n\n<div class=\"wp-block-columns is-not-stacked-on-mobile is-layout-flex wp-container-core-columns-is-layout-8f061566 wp-block-columns-is-layout-flex\" style=\"margin-bottom:3rem\">\n<div class=\"wp-block-column has-global-padding is-content-justification-center is-layout-constrained wp-container-core-column-is-layout-91bde7bd wp-block-column-is-layout-constrained\" style=\"flex-basis:30%\">\n<figure class=\"wp-block-image alignfull size-full difunde-icon\"><img loading=\"lazy\" decoding=\"async\" width=\"160\" height=\"160\" src=\"https:\/\/www.openarms.es\/wp-content\/uploads\/2025\/06\/icon-pastel.svg\" alt=\"Icono Pastel Solidario Open Arms\" class=\"wp-image-4618\"\/><\/figure>\n<\/div>\n\n\n\n<div class=\"wp-block-column is-vertically-aligned-center is-style-default is-layout-flow wp-block-column-is-layout-flow\" style=\"padding-right:0;padding-left:0;flex-basis:70%\">\n<p class=\"has-dark-gray-color has-text-color has-link-color has-small-font-size wp-elements-fb5c8647a9bb2dce7d3cce75d606f7c5\" style=\"margin-top:0;margin-bottom:0\">Fais des g\u00e2teaux solidaires et vends-les pour collecter des dons.<\/p>\n<\/div>\n<\/div>\n\n\n\n<div class=\"wp-block-columns is-not-stacked-on-mobile is-layout-flex wp-container-core-columns-is-layout-8f061566 wp-block-columns-is-layout-flex\" style=\"margin-bottom:3rem\">\n<div class=\"wp-block-column has-global-padding is-content-justification-center is-layout-constrained wp-container-core-column-is-layout-91bde7bd wp-block-column-is-layout-constrained\" style=\"flex-basis:30%\">\n<figure class=\"wp-block-image alignfull size-full difunde-icon\"><img loading=\"lazy\" decoding=\"async\" width=\"160\" height=\"160\" src=\"https:\/\/www.openarms.es\/wp-content\/uploads\/2025\/06\/icon-regalo.svg\" alt=\"Icono Regalo Solidario Open Arms\" class=\"wp-image-4623\"\/><\/figure>\n<\/div>\n\n\n\n<div class=\"wp-block-column is-vertically-aligned-center is-style-default is-layout-flow wp-block-column-is-layout-flow\" style=\"padding-right:0;padding-left:0;flex-basis:70%\">\n<p class=\"has-dark-gray-color has-text-color has-link-color has-small-font-size wp-elements-82752316fc9c1cdcdc4ac05b7d79cfa4\" style=\"margin-top:0;margin-bottom:0\">Fais des cadeaux solidaires. Ach\u00e8te dans notre <a href=\"https:\/\/regalosalvavidas.openarms.es\/fr\" target=\"_blank\" rel=\"noreferrer noopener\" data-type=\"link\" data-id=\"https:\/\/regalosalvavidas.openarms.es\/\">boutique en ligne<\/a> certains de nos cadeaux salvateurs ou offre une donation au nom d&rsquo;un ami.<\/p>\n<\/div>\n<\/div>\n\n\n\n<div class=\"wp-block-columns is-not-stacked-on-mobile is-layout-flex wp-container-core-columns-is-layout-8f061566 wp-block-columns-is-layout-flex\" style=\"margin-bottom:3rem\">\n<div class=\"wp-block-column has-global-padding is-content-justification-center is-layout-constrained wp-container-core-column-is-layout-91bde7bd wp-block-column-is-layout-constrained\" style=\"flex-basis:30%\">\n<figure class=\"wp-block-image alignfull size-full difunde-icon\"><img loading=\"lazy\" decoding=\"async\" width=\"160\" height=\"160\" src=\"https:\/\/www.openarms.es\/wp-content\/uploads\/2025\/06\/icon-sobre.svg\" alt=\"Icono Email Open Arms\" class=\"wp-image-4592\"\/><\/figure>\n<\/div>\n\n\n\n<div class=\"wp-block-column is-vertically-aligned-center is-style-default is-layout-flow wp-block-column-is-layout-flow\" style=\"padding-right:0;padding-left:0;flex-basis:70%\">\n<p class=\"has-dark-gray-color has-text-color has-link-color has-small-font-size wp-elements-637e2c5c7a33551243fa53a00715aadc\" style=\"margin-top:0;margin-bottom:0\">Si tu veux plus d\u2019id\u00e9es, contacte-nous par email \u00e0 <a href=\"mailto:info@openarms.es\">info@openarms.es<\/a><\/p>\n<\/div>\n<\/div>\n<\/div>\n<\/div>\n<\/div>\n<\/div><\/div>\n","protected":false},"excerpt":{"rendered":"","protected":false},"author":1,"featured_media":3311,"parent":4375,"menu_order":0,"comment_status":"closed","ping_status":"closed","template":"page-interior","meta":{"content-type":"","footnotes":""},"class_list":["post-4385","page","type-page","status-publish","has-post-thumbnail","hentry"],"yoast_head":"<!-- This site is optimized with the Yoast SEO plugin v25.9 - https:\/\/yoast.com\/wordpress\/plugins\/seo\/ -->\n<title>Diffuse : Partage et soutiens notre mission | Open Arms<\/title>\n<meta name=\"description\" content=\"Parle d\u2019Open Arms, partage sur les r\u00e9seaux, organise des actions solidaires ou cr\u00e9e ta campagne. Ta voix peut aussi sauver des vies.\" \/>\n<meta name=\"robots\" content=\"index, follow, max-snippet:-1, max-image-preview:large, max-video-preview:-1\" \/>\n<link rel=\"canonical\" href=\"https:\/\/www.openarms.es\/fr\/comment-aider\/partage\" \/>\n<meta property=\"og:locale\" content=\"fr_FR\" \/>\n<meta property=\"og:type\" content=\"article\" \/>\n<meta property=\"og:title\" content=\"Diffuse : Partage et soutiens notre mission | Open Arms\" \/>\n<meta property=\"og:description\" content=\"Parle d\u2019Open Arms, partage sur les r\u00e9seaux, organise des actions solidaires ou cr\u00e9e ta campagne. Ta voix peut aussi sauver des vies.\" \/>\n<meta property=\"og:url\" content=\"https:\/\/www.openarms.es\/fr\/comment-aider\/partage\" \/>\n<meta property=\"og:site_name\" content=\"Open Arms\" \/>\n<meta property=\"article:modified_time\" content=\"2025-06-20T08:47:55+00:00\" \/>\n<meta property=\"og:image\" content=\"https:\/\/www.openarms.es\/wp-content\/uploads\/2025\/03\/openarms-salvamento.webp\" \/>\n\t<meta property=\"og:image:width\" content=\"1136\" \/>\n\t<meta property=\"og:image:height\" content=\"442\" \/>\n\t<meta property=\"og:image:type\" content=\"image\/webp\" \/>\n<meta name=\"twitter:card\" content=\"summary_large_image\" \/>\n<meta name=\"twitter:label1\" content=\"Dur\u00e9e de lecture estim\u00e9e\" \/>\n\t<meta name=\"twitter:data1\" content=\"1 minute\" \/>\n<script type=\"application\/ld+json\" class=\"yoast-schema-graph\">{\"@context\":\"https:\/\/schema.org\",\"@graph\":[{\"@type\":\"WebPage\",\"@id\":\"https:\/\/www.openarms.es\/fr\/comment-aider\/partage\",\"url\":\"https:\/\/www.openarms.es\/fr\/comment-aider\/partage\",\"name\":\"Diffuse : Partage et soutiens notre mission | Open Arms\",\"isPartOf\":{\"@id\":\"https:\/\/www.openarms.es\/fr#website\"},\"primaryImageOfPage\":{\"@id\":\"https:\/\/www.openarms.es\/fr\/comment-aider\/partage#primaryimage\"},\"image\":{\"@id\":\"https:\/\/www.openarms.es\/fr\/comment-aider\/partage#primaryimage\"},\"thumbnailUrl\":\"https:\/\/www.openarms.es\/wp-content\/uploads\/2025\/03\/openarms-salvamento.webp\",\"datePublished\":\"2025-03-26T10:26:01+00:00\",\"dateModified\":\"2025-06-20T08:47:55+00:00\",\"description\":\"Parle d\u2019Open Arms, partage sur les r\u00e9seaux, organise des actions solidaires ou cr\u00e9e ta campagne. Ta voix peut aussi sauver des vies.\",\"breadcrumb\":{\"@id\":\"https:\/\/www.openarms.es\/fr\/comment-aider\/partage#breadcrumb\"},\"inLanguage\":\"fr-FR\",\"potentialAction\":[{\"@type\":\"ReadAction\",\"target\":[\"https:\/\/www.openarms.es\/fr\/comment-aider\/partage\"]}]},{\"@type\":\"ImageObject\",\"inLanguage\":\"fr-FR\",\"@id\":\"https:\/\/www.openarms.es\/fr\/comment-aider\/partage#primaryimage\",\"url\":\"https:\/\/www.openarms.es\/wp-content\/uploads\/2025\/03\/openarms-salvamento.webp\",\"contentUrl\":\"https:\/\/www.openarms.es\/wp-content\/uploads\/2025\/03\/openarms-salvamento.webp\",\"width\":1136,\"height\":442,\"caption\":\"Salvamento en Mar Open Arms\"},{\"@type\":\"BreadcrumbList\",\"@id\":\"https:\/\/www.openarms.es\/fr\/comment-aider\/partage#breadcrumb\",\"itemListElement\":[{\"@type\":\"ListItem\",\"position\":1,\"name\":\"Comment aider\",\"item\":\"https:\/\/www.openarms.es\/fr\/comment-aider\"},{\"@type\":\"ListItem\",\"position\":2,\"name\":\"Partage\"}]},{\"@type\":\"WebSite\",\"@id\":\"https:\/\/www.openarms.es\/fr#website\",\"url\":\"https:\/\/www.openarms.es\/fr\",\"name\":\"Open Arms\",\"description\":\"\",\"publisher\":{\"@id\":\"https:\/\/www.openarms.es\/fr#organization\"},\"potentialAction\":[{\"@type\":\"SearchAction\",\"target\":{\"@type\":\"EntryPoint\",\"urlTemplate\":\"https:\/\/www.openarms.es\/fr?s={search_term_string}\"},\"query-input\":{\"@type\":\"PropertyValueSpecification\",\"valueRequired\":true,\"valueName\":\"search_term_string\"}}],\"inLanguage\":\"fr-FR\"},{\"@type\":\"Organization\",\"@id\":\"https:\/\/www.openarms.es\/fr#organization\",\"name\":\"Open Arms\",\"url\":\"https:\/\/www.openarms.es\/fr\",\"logo\":{\"@type\":\"ImageObject\",\"inLanguage\":\"fr-FR\",\"@id\":\"https:\/\/www.openarms.es\/fr#\/schema\/logo\/image\/\",\"url\":\"https:\/\/www.openarms.es\/wp-content\/uploads\/2025\/03\/BRAND.svg\",\"contentUrl\":\"https:\/\/www.openarms.es\/wp-content\/uploads\/2025\/03\/BRAND.svg\",\"caption\":\"Open Arms\"},\"image\":{\"@id\":\"https:\/\/www.openarms.es\/fr#\/schema\/logo\/image\/\"}}]}<\/script>\n<!-- \/ Yoast SEO plugin. -->","yoast_head_json":{"title":"Diffuse : Partage et soutiens notre mission | Open Arms","description":"Parle d\u2019Open Arms, partage sur les r\u00e9seaux, organise des actions solidaires ou cr\u00e9e ta campagne. Ta voix peut aussi sauver des vies.","robots":{"index":"index","follow":"follow","max-snippet":"max-snippet:-1","max-image-preview":"max-image-preview:large","max-video-preview":"max-video-preview:-1"},"canonical":"https:\/\/www.openarms.es\/fr\/comment-aider\/partage","og_locale":"fr_FR","og_type":"article","og_title":"Diffuse : Partage et soutiens notre mission | Open Arms","og_description":"Parle d\u2019Open Arms, partage sur les r\u00e9seaux, organise des actions solidaires ou cr\u00e9e ta campagne. Ta voix peut aussi sauver des vies.","og_url":"https:\/\/www.openarms.es\/fr\/comment-aider\/partage","og_site_name":"Open Arms","article_modified_time":"2025-06-20T08:47:55+00:00","og_image":[{"width":1136,"height":442,"url":"https:\/\/www.openarms.es\/wp-content\/uploads\/2025\/03\/openarms-salvamento.webp","type":"image\/webp"}],"twitter_card":"summary_large_image","twitter_misc":{"Dur\u00e9e de lecture estim\u00e9e":"1 minute"},"schema":{"@context":"https:\/\/schema.org","@graph":[{"@type":"WebPage","@id":"https:\/\/www.openarms.es\/fr\/comment-aider\/partage","url":"https:\/\/www.openarms.es\/fr\/comment-aider\/partage","name":"Diffuse : Partage et soutiens notre mission | Open Arms","isPartOf":{"@id":"https:\/\/www.openarms.es\/fr#website"},"primaryImageOfPage":{"@id":"https:\/\/www.openarms.es\/fr\/comment-aider\/partage#primaryimage"},"image":{"@id":"https:\/\/www.openarms.es\/fr\/comment-aider\/partage#primaryimage"},"thumbnailUrl":"https:\/\/www.openarms.es\/wp-content\/uploads\/2025\/03\/openarms-salvamento.webp","datePublished":"2025-03-26T10:26:01+00:00","dateModified":"2025-06-20T08:47:55+00:00","description":"Parle d\u2019Open Arms, partage sur les r\u00e9seaux, organise des actions solidaires ou cr\u00e9e ta campagne. Ta voix peut aussi sauver des vies.","breadcrumb":{"@id":"https:\/\/www.openarms.es\/fr\/comment-aider\/partage#breadcrumb"},"inLanguage":"fr-FR","potentialAction":[{"@type":"ReadAction","target":["https:\/\/www.openarms.es\/fr\/comment-aider\/partage"]}]},{"@type":"ImageObject","inLanguage":"fr-FR","@id":"https:\/\/www.openarms.es\/fr\/comment-aider\/partage#primaryimage","url":"https:\/\/www.openarms.es\/wp-content\/uploads\/2025\/03\/openarms-salvamento.webp","contentUrl":"https:\/\/www.openarms.es\/wp-content\/uploads\/2025\/03\/openarms-salvamento.webp","width":1136,"height":442,"caption":"Salvamento en Mar Open Arms"},{"@type":"BreadcrumbList","@id":"https:\/\/www.openarms.es\/fr\/comment-aider\/partage#breadcrumb","itemListElement":[{"@type":"ListItem","position":1,"name":"Comment aider","item":"https:\/\/www.openarms.es\/fr\/comment-aider"},{"@type":"ListItem","position":2,"name":"Partage"}]},{"@type":"WebSite","@id":"https:\/\/www.openarms.es\/fr#website","url":"https:\/\/www.openarms.es\/fr","name":"Open Arms","description":"","publisher":{"@id":"https:\/\/www.openarms.es\/fr#organization"},"potentialAction":[{"@type":"SearchAction","target":{"@type":"EntryPoint","urlTemplate":"https:\/\/www.openarms.es\/fr?s={search_term_string}"},"query-input":{"@type":"PropertyValueSpecification","valueRequired":true,"valueName":"search_term_string"}}],"inLanguage":"fr-FR"},{"@type":"Organization","@id":"https:\/\/www.openarms.es\/fr#organization","name":"Open Arms","url":"https:\/\/www.openarms.es\/fr","logo":{"@type":"ImageObject","inLanguage":"fr-FR","@id":"https:\/\/www.openarms.es\/fr#\/schema\/logo\/image\/","url":"https:\/\/www.openarms.es\/wp-content\/uploads\/2025\/03\/BRAND.svg","contentUrl":"https:\/\/www.openarms.es\/wp-content\/uploads\/2025\/03\/BRAND.svg","caption":"Open Arms"},"image":{"@id":"https:\/\/www.openarms.es\/fr#\/schema\/logo\/image\/"}}]}},"_links":{"self":[{"href":"https:\/\/www.openarms.es\/fr\/wp-json\/wp\/v2\/pages\/4385","targetHints":{"allow":["GET"]}}],"collection":[{"href":"https:\/\/www.openarms.es\/fr\/wp-json\/wp\/v2\/pages"}],"about":[{"href":"https:\/\/www.openarms.es\/fr\/wp-json\/wp\/v2\/types\/page"}],"author":[{"embeddable":true,"href":"https:\/\/www.openarms.es\/fr\/wp-json\/wp\/v2\/users\/1"}],"replies":[{"embeddable":true,"href":"https:\/\/www.openarms.es\/fr\/wp-json\/wp\/v2\/comments?post=4385"}],"version-history":[{"count":4,"href":"https:\/\/www.openarms.es\/fr\/wp-json\/wp\/v2\/pages\/4385\/revisions"}],"predecessor-version":[{"id":5644,"href":"https:\/\/www.openarms.es\/fr\/wp-json\/wp\/v2\/pages\/4385\/revisions\/5644"}],"up":[{"embeddable":true,"href":"https:\/\/www.openarms.es\/fr\/wp-json\/wp\/v2\/pages\/4375"}],"wp:featuredmedia":[{"embeddable":true,"href":"https:\/\/www.openarms.es\/fr\/wp-json\/wp\/v2\/media\/3311"}],"wp:attachment":[{"href":"https:\/\/www.openarms.es\/fr\/wp-json\/wp\/v2\/media?parent=4385"}],"curies":[{"name":"wp","href":"https:\/\/api.w.org\/{rel}","templated":true}]}}