{"id":4388,"date":"2025-01-23T17:57:56","date_gmt":"2025-01-23T17:57:56","guid":{"rendered":"https:\/\/www.openarms.es\/comment-aider\/fais-un-don"},"modified":"2025-07-01T15:17:20","modified_gmt":"2025-07-01T15:17:20","slug":"fais-un-don","status":"publish","type":"page","link":"https:\/\/www.openarms.es\/fr\/comment-aider\/fais-un-don","title":{"rendered":"Fais un don"},"content":{"rendered":"\n<div class=\"wp-block-cover alignfull ebavs-header-hero-interior\" style=\"min-height:40rem;aspect-ratio:unset;\"><img loading=\"lazy\" decoding=\"async\" width=\"1024\" height=\"683\" class=\"wp-block-cover__image-background wp-image-6103 size-large\" alt=\"\" src=\"https:\/\/www.openarms.es\/wp-content\/uploads\/2025\/06\/DSC09752-1024x683.jpg\" data-object-fit=\"cover\" srcset=\"https:\/\/www.openarms.es\/wp-content\/uploads\/2025\/06\/DSC09752-1024x683.jpg 1024w, https:\/\/www.openarms.es\/wp-content\/uploads\/2025\/06\/DSC09752-300x200.jpg 300w, https:\/\/www.openarms.es\/wp-content\/uploads\/2025\/06\/DSC09752-768x512.jpg 768w, https:\/\/www.openarms.es\/wp-content\/uploads\/2025\/06\/DSC09752-1536x1024.jpg 1536w, https:\/\/www.openarms.es\/wp-content\/uploads\/2025\/06\/DSC09752-2048x1365.jpg 2048w\" sizes=\"auto, (max-width: 1024px) 100vw, 1024px\" \/><span aria-hidden=\"true\" class=\"wp-block-cover__background has-black-background-color has-background-dim-20 has-background-dim\"><\/span><div class=\"wp-block-cover__inner-container is-layout-flow wp-block-cover-is-layout-flow\">\n<div class=\"wp-block-group alignwide has-global-padding is-layout-constrained wp-container-core-group-is-layout-a8a8a09e wp-block-group-is-layout-constrained\" style=\"margin-top:auto;margin-bottom:auto;padding-right:0;padding-left:0\">\n<div class=\"wp-block-group has-global-padding is-content-justification-left is-layout-constrained wp-container-core-group-is-layout-b58f3518 wp-block-group-is-layout-constrained\">\n<p class=\"has-text-align-left has-base-color has-text-color has-large-font-size\" style=\"font-family:var(--wp--preset--font-family--dinnextltpro)\">COMMENT AIDER<\/p>\n\n\n\n<h1 class=\"wp-block-heading has-text-align-left has-base-color has-text-color has-xx-large-font-size\" style=\"margin-top:0;margin-bottom:0\">FAIS UN DON<\/h1>\n<\/div>\n<\/div>\n<\/div><\/div>\n\n<div class=\"wp-block-cover alignfull is-light has-parallax\" style=\"margin-top:0;margin-bottom:0;padding-top:0;padding-right:0;padding-bottom:0;padding-left:0\"><div class=\"wp-block-cover__image-background wp-image-999 has-parallax\" style=\"background-position:50% 50%;background-image:url(https:\/\/www.openarms.es\/wp-content\/themes\/openarms\/assets\/images\/openarms-texture.webp)\"><\/div><span aria-hidden=\"true\" class=\"wp-block-cover__background has-base-background-color has-background-dim-80 has-background-dim\"><\/span><div class=\"wp-block-cover__inner-container is-layout-flow wp-block-cover-is-layout-flow\">\n<div class=\"wp-block-group has-global-padding is-layout-constrained wp-block-group-is-layout-constrained\" style=\"margin-top:1rem\"><div class=\"yoast-breadcrumbs\"><span><span><a href=\"https:\/\/www.openarms.es\/fr\/comment-aider\">Comment aider<\/a><\/span> &gt; <span class=\"breadcrumb_last\" aria-current=\"page\">Fais un don<\/span><\/span><\/div>\n\n\n<hr class=\"wp-block-separator has-text-color has-gray-color has-alpha-channel-opacity has-gray-background-color has-background is-style-default\" style=\"margin-top:1rem;margin-bottom:4rem\"\/>\n<\/div>\n\n\n\n<div class=\"wp-block-group has-global-padding is-layout-constrained wp-block-group-is-layout-constrained\">\n<div class=\"wp-block-group has-global-padding is-layout-constrained wp-block-group-is-layout-constrained\">\n<div class=\"wp-block-columns alignwide ebavs-space-between is-layout-flex wp-container-core-columns-is-layout-643ced6b wp-block-columns-is-layout-flex\">\n<div class=\"wp-block-column is-layout-flow wp-block-column-is-layout-flow\" style=\"flex-basis:33%\">\n<h2 class=\"wp-block-heading has-contrast-color has-text-color has-x-large-font-size\" style=\"margin-top:0\">TON DON SAUVE DES VIES<\/h2>\n<\/div>\n\n\n\n<div class=\"wp-block-column is-layout-flow wp-block-column-is-layout-flow\" style=\"flex-basis:50%\">\n<p class=\"has-dark-gray-color has-text-color\" style=\"font-family:var(--wp--preset--font-family--dinnextltpro);font-size:clamp(17.905px, 1.119rem + ((1vw - 3.2px) * 0.747), 28px);line-height:1.14em\"><p data-start=\"39\" data-end=\"140\"><strong data-start=\"39\" data-end=\"140\">Ton don compte plus que ce que tu imagines.<br data-start=\"84\" data-end=\"87\"\/><\/strong>Il sert \u00e0 sauver une autre vie en mer ou sur terre.<\/p><br\/><p data-start=\"142\" data-end=\"317\"><strong data-start=\"142\" data-end=\"317\">Suis les \u00e9tapes suivantes pour faire un don.<\/strong><br data-start=\"188\" data-end=\"191\"\/>Tu peux le faire par carte bancaire, PayPal, virement bancaire ou pr\u00e9l\u00e8vement automatique et b\u00e9n\u00e9ficier d&rsquo;avantages fiscaux.<\/p><\/p>\n<\/div>\n<\/div>\n<\/div>\n\n\n\n<div class=\"wp-block-group alignwide center dona-max-w has-global-padding is-layout-constrained wp-block-group-is-layout-constrained\" style=\"margin-top:var(--wp--preset--spacing--48);margin-bottom:var(--wp--preset--spacing--48)\">\n<iframe id=\"scIframe\" title=\"Formulario de pago\" scrolling=\"yes\" src=\"https:\/\/www.stockcrowd.com\/payment-e3111a2d-635d-11ea-b551-ac1f6b804d94?style=oarms&#038;lang=fr\" allow=\"payment *\" style=\"border:0px; width: 100%\"><\/iframe><br\/><script id=\"integrationJs\" type=\"text\/javascript\" src=\"https:\/\/www.stockcrowd.com\/resources\/js\/templates\/payment\/dp\/integracion-embeded.js\"><\/script><br\/>\n<\/div>\n\n\n\n<div class=\"wp-block-group has-global-padding is-layout-constrained wp-block-group-is-layout-constrained\">\n<hr class=\"wp-block-separator has-text-color has-contrast-color has-alpha-channel-opacity has-contrast-background-color has-background is-style-wide is-style-wide--1\" style=\"margin-top:4rem;margin-bottom:4rem\"\/>\n<\/div>\n\n\n\n<div class=\"wp-block-group has-global-padding is-layout-constrained wp-block-group-is-layout-constrained\">\n<div class=\"wp-block-columns alignwide ebavs-space-between is-layout-flex wp-container-core-columns-is-layout-643ced6b wp-block-columns-is-layout-flex\">\n<div class=\"wp-block-column is-layout-flow wp-block-column-is-layout-flow\" style=\"flex-basis:33%\">\n<h3 class=\"wp-block-heading has-dinnextltpro-font-family\">Autres m\u00e9thodes de paiement<\/h3>\n<\/div>\n\n\n\n<div class=\"wp-block-column is-layout-flow wp-block-column-is-layout-flow\" style=\"flex-basis:33%\">\n<p class=\"has-dark-gray-color has-text-color\" style=\"font-size:clamp(1.25rem, 1.25rem + ((1vw - 0.2rem) * 0.888), 2rem);line-height:1.15\"><strong>Virement<\/strong><\/p>\n\n\n\n<p class=\"has-dark-gray-color has-text-color has-x-small-font-size\" style=\"line-height:1.14em\">Si tu pr\u00e9f\u00e8res faire un virement bancaire, tu peux le faire sur ce num\u00e9ro de compte :<\/p>\n\n\n\n<div class=\"wp-block-columns are-vertically-aligned-center is-not-stacked-on-mobile is-layout-flex wp-container-core-columns-is-layout-323d006d wp-block-columns-is-layout-flex\" style=\"margin-top:var(--wp--preset--spacing--24);margin-bottom:var(--wp--preset--spacing--24)\">\n<div class=\"wp-block-column is-vertically-aligned-center is-layout-flow wp-block-column-is-layout-flow\" style=\"flex-basis:17rem\">\n<p class=\"has-dark-gray-color has-text-color has-link-color has-x-small-font-size wp-elements-9b506a51cf12badf6b9a800b925e8a7a\"><strong>ES37 1491 0001 2930 0007 6060<\/strong><\/p>\n<\/div>\n\n\n\n<div class=\"wp-block-column is-vertically-aligned-center is-layout-flow wp-block-column-is-layout-flow\" style=\"flex-basis:34px\">\n<figure class=\"wp-block-image size-full copy-to-clipboard-cc\"><img decoding=\"async\" src=\"https:\/\/www.openarms.es\/wp-content\/uploads\/2025\/03\/openarms-copy-icon.svg\" alt=\"\" class=\"wp-image-463\" title=\"\"\/><\/figure>\n<\/div>\n<\/div>\n\n\n\n<p class=\"has-link-color has-xxx-small-font-size wp-elements-15c048810a2ac741f90a7aa0b4f983d3\">Pour recevoir ton certificat de don, envoie un email \u00e0<a href=\"mailto:atenciondonante@openarms.es\"> atenciondonante@openarms.es<\/a> avec ton nom complet, ta carte d&rsquo;identit\u00e9 et le justificatif du virement.<\/p>\n<\/div>\n\n\n\n<div class=\"wp-block-column is-layout-flow wp-block-column-is-layout-flow\" style=\"flex-basis:33%\">\n<p class=\"has-dark-gray-color has-text-color\" style=\"font-size:clamp(1.25rem, 1.25rem + ((1vw - 0.2rem) * 0.888), 2rem);line-height:1.15\"><strong>Bizum<\/strong><\/p>\n\n\n\n<p class=\"has-dark-gray-color has-text-color has-x-small-font-size\" style=\"line-height:1.14em\">Tu peux faire ton don par Bizum avec le code suivant :<\/p>\n\n\n\n<div class=\"wp-block-columns are-vertically-aligned-center is-not-stacked-on-mobile is-layout-flex wp-container-core-columns-is-layout-323d006d wp-block-columns-is-layout-flex\" style=\"margin-top:var(--wp--preset--spacing--24);margin-bottom:var(--wp--preset--spacing--24)\">\n<div class=\"wp-block-column is-vertically-aligned-center is-layout-flow wp-block-column-is-layout-flow\" style=\"flex-basis:4rem\">\n<p class=\"has-dark-gray-color has-text-color has-link-color has-x-small-font-size wp-elements-df930eab237bbbb37c883ac478b7baad\"><strong>11230<\/strong><\/p>\n<\/div>\n\n\n\n<div class=\"wp-block-column is-vertically-aligned-center is-layout-flow wp-block-column-is-layout-flow\" style=\"flex-basis:34px\">\n<figure class=\"wp-block-image size-full copy-to-clipboard-bizum\"><img decoding=\"async\" src=\"https:\/\/www.openarms.es\/wp-content\/uploads\/2025\/03\/openarms-copy-icon.svg\" alt=\"\" class=\"wp-image-463\"\/><\/figure>\n<\/div>\n<\/div>\n\n\n\n<p class=\"has-link-color has-xxx-small-font-size wp-elements-a864d312a3fd1c3fd447873edf71a875\">Rappelle-toi qu&rsquo;il n&rsquo;est pas possible de d\u00e9livrer des certificats de don pour les dons effectu\u00e9s via Bizum.<\/p>\n<\/div>\n<\/div>\n<\/div>\n<\/div>\n<\/div><\/div>\n\n<div class=\"wp-block-cover\" style=\"min-height:302px;aspect-ratio:unset;\"><img loading=\"lazy\" decoding=\"async\" width=\"1920\" height=\"1080\" class=\"wp-block-cover__image-background wp-image-466\" alt=\"\" src=\"https:\/\/www.openarms.es\/wp-content\/uploads\/2025\/03\/background-texture-black.jpg\" data-object-fit=\"cover\" srcset=\"https:\/\/www.openarms.es\/wp-content\/uploads\/2025\/03\/background-texture-black.jpg 1920w, https:\/\/www.openarms.es\/wp-content\/uploads\/2025\/03\/background-texture-black-300x169.jpg 300w, https:\/\/www.openarms.es\/wp-content\/uploads\/2025\/03\/background-texture-black-1024x576.jpg 1024w, https:\/\/www.openarms.es\/wp-content\/uploads\/2025\/03\/background-texture-black-768x432.jpg 768w, https:\/\/www.openarms.es\/wp-content\/uploads\/2025\/03\/background-texture-black-1536x864.jpg 1536w\" sizes=\"auto, (max-width: 1920px) 100vw, 1920px\" \/><span aria-hidden=\"true\" class=\"wp-block-cover__background has-background-dim\" style=\"background-color:#343434\"><\/span><div class=\"wp-block-cover__inner-container has-global-padding is-layout-constrained wp-block-cover-is-layout-constrained\">\n<div class=\"wp-block-group is-vertical is-content-justification-center is-layout-flex wp-container-core-group-is-layout-fa38c63a wp-block-group-is-layout-flex\">\n<h2 class=\"wp-block-heading has-text-align-center\" style=\"font-size:clamp(1.502rem, 1.502rem + ((1vw - 0.2rem) * 1.181), 2.5rem);\">As-tu besoin d\u2019aide pour ton don ?<\/h2>\n\n\n\n<p class=\"has-text-align-center has-medium-font-size\">Contacte-nous<\/p>\n<\/div>\n\n\n\n<div class=\"wp-block-group has-global-padding is-layout-constrained wp-container-core-group-is-layout-df9632c3 wp-block-group-is-layout-constrained\">\n<div class=\"wp-block-columns is-layout-flex wp-container-core-columns-is-layout-28f84493 wp-block-columns-is-layout-flex\">\n<div class=\"wp-block-column is-layout-flow wp-block-column-is-layout-flow\">\n<figure class=\"wp-block-image aligncenter size-full\"><img decoding=\"async\" src=\"https:\/\/www.openarms.es\/wp-content\/uploads\/2025\/03\/openarms-icon-whatsapp-openarms.svg\" alt=\"\" class=\"wp-image-472\"\/><\/figure>\n\n\n\n<p class=\"has-text-align-center has-base-color has-text-color has-link-color wp-elements-7c1a93a23aad176bd4e8d2f2af59eed0\">WhatsApp <a href=\"https:\/\/wa.me\/34652148203\" target=\"_blank\" rel=\"noreferrer noopener\">+34 652148203<\/a><\/p>\n<\/div>\n\n\n\n<div class=\"wp-block-column is-layout-flow wp-block-column-is-layout-flow\">\n<figure class=\"wp-block-image aligncenter size-full\"><img decoding=\"async\" src=\"https:\/\/www.openarms.es\/wp-content\/uploads\/2025\/03\/openarms-icon-email.svg\" alt=\"\" class=\"wp-image-469\"\/><\/figure>\n\n\n\n<p class=\"has-text-align-center has-base-color has-text-color has-link-color wp-elements-1feddf92ba01e4bf9a32cef9b8b7115c\"><a href=\"mailto:atenciondonante@openarms.es\">atenciondonante@openarms.es<\/a><\/p>\n<\/div>\n<\/div>\n<\/div>\n<\/div><\/div>\n\n<p><\/p>\n","protected":false},"excerpt":{"rendered":"","protected":false},"author":1,"featured_media":2532,"parent":4375,"menu_order":0,"comment_status":"closed","ping_status":"closed","template":"page-interior","meta":{"content-type":"","footnotes":""},"class_list":["post-4388","page","type-page","status-publish","has-post-thumbnail","hentry"],"yoast_head":"<!-- This site is optimized with the Yoast SEO plugin v25.9 - https:\/\/yoast.com\/wordpress\/plugins\/seo\/ -->\n<title>Fais un don : Ta contribution sauve des vies aujourd&#039;hui | Open Arms<\/title>\n<meta name=\"description\" content=\"Avec ton don \u00e0 Open Arms, tu prot\u00e8ges des vies en mer et sur terre. Fais un don via Bizum, carte, PayPal ou virement.\" \/>\n<meta name=\"robots\" content=\"index, follow, max-snippet:-1, max-image-preview:large, max-video-preview:-1\" \/>\n<link rel=\"canonical\" href=\"https:\/\/www.openarms.es\/fr\/comment-aider\/fais-un-don\" \/>\n<meta property=\"og:locale\" content=\"fr_FR\" \/>\n<meta property=\"og:type\" content=\"article\" \/>\n<meta property=\"og:title\" content=\"Fais un don : Ta contribution sauve des vies aujourd&#039;hui | Open Arms\" \/>\n<meta property=\"og:description\" content=\"Avec ton don \u00e0 Open Arms, tu prot\u00e8ges des vies en mer et sur terre. Fais un don via Bizum, carte, PayPal ou virement.\" \/>\n<meta property=\"og:url\" content=\"https:\/\/www.openarms.es\/fr\/comment-aider\/fais-un-don\" \/>\n<meta property=\"og:site_name\" content=\"Open Arms\" \/>\n<meta property=\"article:modified_time\" content=\"2025-07-01T15:17:20+00:00\" \/>\n<meta property=\"og:image\" content=\"https:\/\/www.openarms.es\/wp-content\/uploads\/2025\/05\/5x1000-scaled.webp\" \/>\n\t<meta property=\"og:image:width\" content=\"2560\" \/>\n\t<meta property=\"og:image:height\" content=\"1707\" \/>\n\t<meta property=\"og:image:type\" content=\"image\/webp\" \/>\n<meta name=\"twitter:card\" content=\"summary_large_image\" \/>\n<meta name=\"twitter:label1\" content=\"Dur\u00e9e de lecture estim\u00e9e\" \/>\n\t<meta name=\"twitter:data1\" content=\"1 minute\" \/>\n<script type=\"application\/ld+json\" class=\"yoast-schema-graph\">{\"@context\":\"https:\/\/schema.org\",\"@graph\":[{\"@type\":\"WebPage\",\"@id\":\"https:\/\/www.openarms.es\/fr\/comment-aider\/fais-un-don\",\"url\":\"https:\/\/www.openarms.es\/fr\/comment-aider\/fais-un-don\",\"name\":\"Fais un don : Ta contribution sauve des vies aujourd'hui | Open Arms\",\"isPartOf\":{\"@id\":\"https:\/\/www.openarms.es\/fr#website\"},\"primaryImageOfPage\":{\"@id\":\"https:\/\/www.openarms.es\/fr\/comment-aider\/fais-un-don#primaryimage\"},\"image\":{\"@id\":\"https:\/\/www.openarms.es\/fr\/comment-aider\/fais-un-don#primaryimage\"},\"thumbnailUrl\":\"https:\/\/www.openarms.es\/wp-content\/uploads\/2025\/05\/5x1000-scaled.webp\",\"datePublished\":\"2025-01-23T17:57:56+00:00\",\"dateModified\":\"2025-07-01T15:17:20+00:00\",\"description\":\"Avec ton don \u00e0 Open Arms, tu prot\u00e8ges des vies en mer et sur terre. Fais un don via Bizum, carte, PayPal ou virement.\",\"breadcrumb\":{\"@id\":\"https:\/\/www.openarms.es\/fr\/comment-aider\/fais-un-don#breadcrumb\"},\"inLanguage\":\"fr-FR\",\"potentialAction\":[{\"@type\":\"ReadAction\",\"target\":[\"https:\/\/www.openarms.es\/fr\/comment-aider\/fais-un-don\"]}]},{\"@type\":\"ImageObject\",\"inLanguage\":\"fr-FR\",\"@id\":\"https:\/\/www.openarms.es\/fr\/comment-aider\/fais-un-don#primaryimage\",\"url\":\"https:\/\/www.openarms.es\/wp-content\/uploads\/2025\/05\/5x1000-scaled.webp\",\"contentUrl\":\"https:\/\/www.openarms.es\/wp-content\/uploads\/2025\/05\/5x1000-scaled.webp\",\"width\":2560,\"height\":1707,\"caption\":\"5x1000\"},{\"@type\":\"BreadcrumbList\",\"@id\":\"https:\/\/www.openarms.es\/fr\/comment-aider\/fais-un-don#breadcrumb\",\"itemListElement\":[{\"@type\":\"ListItem\",\"position\":1,\"name\":\"Comment aider\",\"item\":\"https:\/\/www.openarms.es\/fr\/comment-aider\"},{\"@type\":\"ListItem\",\"position\":2,\"name\":\"Fais un don\"}]},{\"@type\":\"WebSite\",\"@id\":\"https:\/\/www.openarms.es\/fr#website\",\"url\":\"https:\/\/www.openarms.es\/fr\",\"name\":\"Open Arms\",\"description\":\"\",\"publisher\":{\"@id\":\"https:\/\/www.openarms.es\/fr#organization\"},\"potentialAction\":[{\"@type\":\"SearchAction\",\"target\":{\"@type\":\"EntryPoint\",\"urlTemplate\":\"https:\/\/www.openarms.es\/fr?s={search_term_string}\"},\"query-input\":{\"@type\":\"PropertyValueSpecification\",\"valueRequired\":true,\"valueName\":\"search_term_string\"}}],\"inLanguage\":\"fr-FR\"},{\"@type\":\"Organization\",\"@id\":\"https:\/\/www.openarms.es\/fr#organization\",\"name\":\"Open Arms\",\"url\":\"https:\/\/www.openarms.es\/fr\",\"logo\":{\"@type\":\"ImageObject\",\"inLanguage\":\"fr-FR\",\"@id\":\"https:\/\/www.openarms.es\/fr#\/schema\/logo\/image\/\",\"url\":\"https:\/\/www.openarms.es\/wp-content\/uploads\/2025\/03\/BRAND.svg\",\"contentUrl\":\"https:\/\/www.openarms.es\/wp-content\/uploads\/2025\/03\/BRAND.svg\",\"caption\":\"Open Arms\"},\"image\":{\"@id\":\"https:\/\/www.openarms.es\/fr#\/schema\/logo\/image\/\"}}]}<\/script>\n<!-- \/ Yoast SEO plugin. -->","yoast_head_json":{"title":"Fais un don : Ta contribution sauve des vies aujourd'hui | Open Arms","description":"Avec ton don \u00e0 Open Arms, tu prot\u00e8ges des vies en mer et sur terre. Fais un don via Bizum, carte, PayPal ou virement.","robots":{"index":"index","follow":"follow","max-snippet":"max-snippet:-1","max-image-preview":"max-image-preview:large","max-video-preview":"max-video-preview:-1"},"canonical":"https:\/\/www.openarms.es\/fr\/comment-aider\/fais-un-don","og_locale":"fr_FR","og_type":"article","og_title":"Fais un don : Ta contribution sauve des vies aujourd'hui | Open Arms","og_description":"Avec ton don \u00e0 Open Arms, tu prot\u00e8ges des vies en mer et sur terre. Fais un don via Bizum, carte, PayPal ou virement.","og_url":"https:\/\/www.openarms.es\/fr\/comment-aider\/fais-un-don","og_site_name":"Open Arms","article_modified_time":"2025-07-01T15:17:20+00:00","og_image":[{"width":2560,"height":1707,"url":"https:\/\/www.openarms.es\/wp-content\/uploads\/2025\/05\/5x1000-scaled.webp","type":"image\/webp"}],"twitter_card":"summary_large_image","twitter_misc":{"Dur\u00e9e de lecture estim\u00e9e":"1 minute"},"schema":{"@context":"https:\/\/schema.org","@graph":[{"@type":"WebPage","@id":"https:\/\/www.openarms.es\/fr\/comment-aider\/fais-un-don","url":"https:\/\/www.openarms.es\/fr\/comment-aider\/fais-un-don","name":"Fais un don : Ta contribution sauve des vies aujourd'hui | Open Arms","isPartOf":{"@id":"https:\/\/www.openarms.es\/fr#website"},"primaryImageOfPage":{"@id":"https:\/\/www.openarms.es\/fr\/comment-aider\/fais-un-don#primaryimage"},"image":{"@id":"https:\/\/www.openarms.es\/fr\/comment-aider\/fais-un-don#primaryimage"},"thumbnailUrl":"https:\/\/www.openarms.es\/wp-content\/uploads\/2025\/05\/5x1000-scaled.webp","datePublished":"2025-01-23T17:57:56+00:00","dateModified":"2025-07-01T15:17:20+00:00","description":"Avec ton don \u00e0 Open Arms, tu prot\u00e8ges des vies en mer et sur terre. Fais un don via Bizum, carte, PayPal ou virement.","breadcrumb":{"@id":"https:\/\/www.openarms.es\/fr\/comment-aider\/fais-un-don#breadcrumb"},"inLanguage":"fr-FR","potentialAction":[{"@type":"ReadAction","target":["https:\/\/www.openarms.es\/fr\/comment-aider\/fais-un-don"]}]},{"@type":"ImageObject","inLanguage":"fr-FR","@id":"https:\/\/www.openarms.es\/fr\/comment-aider\/fais-un-don#primaryimage","url":"https:\/\/www.openarms.es\/wp-content\/uploads\/2025\/05\/5x1000-scaled.webp","contentUrl":"https:\/\/www.openarms.es\/wp-content\/uploads\/2025\/05\/5x1000-scaled.webp","width":2560,"height":1707,"caption":"5x1000"},{"@type":"BreadcrumbList","@id":"https:\/\/www.openarms.es\/fr\/comment-aider\/fais-un-don#breadcrumb","itemListElement":[{"@type":"ListItem","position":1,"name":"Comment aider","item":"https:\/\/www.openarms.es\/fr\/comment-aider"},{"@type":"ListItem","position":2,"name":"Fais un don"}]},{"@type":"WebSite","@id":"https:\/\/www.openarms.es\/fr#website","url":"https:\/\/www.openarms.es\/fr","name":"Open Arms","description":"","publisher":{"@id":"https:\/\/www.openarms.es\/fr#organization"},"potentialAction":[{"@type":"SearchAction","target":{"@type":"EntryPoint","urlTemplate":"https:\/\/www.openarms.es\/fr?s={search_term_string}"},"query-input":{"@type":"PropertyValueSpecification","valueRequired":true,"valueName":"search_term_string"}}],"inLanguage":"fr-FR"},{"@type":"Organization","@id":"https:\/\/www.openarms.es\/fr#organization","name":"Open Arms","url":"https:\/\/www.openarms.es\/fr","logo":{"@type":"ImageObject","inLanguage":"fr-FR","@id":"https:\/\/www.openarms.es\/fr#\/schema\/logo\/image\/","url":"https:\/\/www.openarms.es\/wp-content\/uploads\/2025\/03\/BRAND.svg","contentUrl":"https:\/\/www.openarms.es\/wp-content\/uploads\/2025\/03\/BRAND.svg","caption":"Open Arms"},"image":{"@id":"https:\/\/www.openarms.es\/fr#\/schema\/logo\/image\/"}}]}},"_links":{"self":[{"href":"https:\/\/www.openarms.es\/fr\/wp-json\/wp\/v2\/pages\/4388","targetHints":{"allow":["GET"]}}],"collection":[{"href":"https:\/\/www.openarms.es\/fr\/wp-json\/wp\/v2\/pages"}],"about":[{"href":"https:\/\/www.openarms.es\/fr\/wp-json\/wp\/v2\/types\/page"}],"author":[{"embeddable":true,"href":"https:\/\/www.openarms.es\/fr\/wp-json\/wp\/v2\/users\/1"}],"replies":[{"embeddable":true,"href":"https:\/\/www.openarms.es\/fr\/wp-json\/wp\/v2\/comments?post=4388"}],"version-history":[{"count":10,"href":"https:\/\/www.openarms.es\/fr\/wp-json\/wp\/v2\/pages\/4388\/revisions"}],"predecessor-version":[{"id":6667,"href":"https:\/\/www.openarms.es\/fr\/wp-json\/wp\/v2\/pages\/4388\/revisions\/6667"}],"up":[{"embeddable":true,"href":"https:\/\/www.openarms.es\/fr\/wp-json\/wp\/v2\/pages\/4375"}],"wp:featuredmedia":[{"embeddable":true,"href":"https:\/\/www.openarms.es\/fr\/wp-json\/wp\/v2\/media\/2532"}],"wp:attachment":[{"href":"https:\/\/www.openarms.es\/fr\/wp-json\/wp\/v2\/media?parent=4388"}],"curies":[{"name":"wp","href":"https:\/\/api.w.org\/{rel}","templated":true}]}}