{"id":4397,"date":"2025-03-26T10:42:35","date_gmt":"2025-03-26T10:42:35","guid":{"rendered":"https:\/\/www.openarms.es\/comment-aider\/heritage-solidaire"},"modified":"2025-06-20T07:50:44","modified_gmt":"2025-06-20T07:50:44","slug":"heritage-solidaire","status":"publish","type":"page","link":"https:\/\/www.openarms.es\/fr\/comment-aider\/heritage-solidaire","title":{"rendered":"H\u00e9ritage Solidaire"},"content":{"rendered":"\n<div class=\"wp-block-cover alignfull ebavs-header-hero-interior\" style=\"min-height:40rem;aspect-ratio:unset;\"><img loading=\"lazy\" decoding=\"async\" width=\"1024\" height=\"576\" class=\"wp-block-cover__image-background wp-image-4582 size-large\" alt=\"Legado Solidario Open Arms\" src=\"https:\/\/www.openarms.es\/wp-content\/uploads\/2025\/06\/legado-solidario-header-1024x576.jpg\" data-object-fit=\"cover\" srcset=\"https:\/\/www.openarms.es\/wp-content\/uploads\/2025\/06\/legado-solidario-header-1024x576.jpg 1024w, https:\/\/www.openarms.es\/wp-content\/uploads\/2025\/06\/legado-solidario-header-300x169.jpg 300w, https:\/\/www.openarms.es\/wp-content\/uploads\/2025\/06\/legado-solidario-header-768x432.jpg 768w, https:\/\/www.openarms.es\/wp-content\/uploads\/2025\/06\/legado-solidario-header-1536x864.jpg 1536w, https:\/\/www.openarms.es\/wp-content\/uploads\/2025\/06\/legado-solidario-header.jpg 1920w\" sizes=\"auto, (max-width: 1024px) 100vw, 1024px\" \/><span aria-hidden=\"true\" class=\"wp-block-cover__background has-black-background-color has-background-dim-30 has-background-dim\"><\/span><div class=\"wp-block-cover__inner-container is-layout-flow wp-block-cover-is-layout-flow\">\n<div class=\"wp-block-group alignwide has-global-padding is-layout-constrained wp-block-group-is-layout-constrained\" style=\"margin-top:auto;margin-bottom:auto\">\n<div class=\"wp-block-group has-global-padding is-content-justification-left is-layout-constrained wp-container-core-group-is-layout-b58f3518 wp-block-group-is-layout-constrained\">\n<p class=\"has-text-align-left has-base-color has-text-color has-large-font-size\" style=\"font-family:var(--wp--preset--font-family--dinnextltpro)\">COMMENT AIDER<\/p>\n\n\n\n<h1 class=\"wp-block-heading has-text-align-left has-base-color has-text-color has-xx-large-font-size\" style=\"margin-top:0;margin-bottom:0\">H\u00c9RITAGE SOLIDAIRE<\/h1>\n<\/div>\n<\/div>\n<\/div><\/div>\n\n<div class=\"wp-block-cover alignfull is-light has-parallax\" style=\"margin-top:0;margin-bottom:0;padding-top:0;padding-right:0;padding-bottom:0;padding-left:0\"><div class=\"wp-block-cover__image-background wp-image-999 has-parallax\" style=\"background-position:50% 50%;background-image:url(https:\/\/www.openarms.es\/wp-content\/themes\/openarms\/assets\/images\/openarms-texture.webp)\"><\/div><span aria-hidden=\"true\" class=\"wp-block-cover__background has-base-background-color has-background-dim-80 has-background-dim\"><\/span><div class=\"wp-block-cover__inner-container is-layout-flow wp-block-cover-is-layout-flow\">\n<div class=\"wp-block-group has-global-padding is-layout-constrained wp-block-group-is-layout-constrained\">\n<div class=\"wp-block-group has-global-padding is-layout-constrained wp-container-core-group-is-layout-8257ab09 wp-block-group-is-layout-constrained\" style=\"margin-top:1rem\"><div class=\"yoast-breadcrumbs\"><span><span><a href=\"https:\/\/www.openarms.es\/fr\/comment-aider\">Comment aider<\/a><\/span> &gt; <span class=\"breadcrumb_last\" aria-current=\"page\">H\u00e9ritage Solidaire<\/span><\/span><\/div>\n\n\n<hr class=\"wp-block-separator has-text-color has-gray-color has-alpha-channel-opacity has-gray-background-color has-background is-style-default\" style=\"margin-top:1rem;margin-bottom:4rem\"\/>\n<\/div>\n\n\n\n<div class=\"wp-block-columns is-layout-flex wp-container-core-columns-is-layout-28f84493 wp-block-columns-is-layout-flex\">\n<div class=\"wp-block-column is-layout-flow wp-block-column-is-layout-flow\" style=\"padding-right:var(--wp--preset--spacing--70);flex-basis:40%\">\n<h2 class=\"wp-block-heading has-contrast-color has-text-color has-link-color has-medium-large-font-size wp-elements-bbe623e92c8b6d106165913e87dae826\" style=\"padding-right:var(--wp--preset--spacing--40)\">Veux-tu inclure Open Arms comme b\u00e9n\u00e9ficiaire dans ton testament ?<\/h2>\n<\/div>\n\n\n\n<div class=\"wp-block-column is-layout-flow wp-block-column-is-layout-flow\" style=\"flex-basis:50%\">\n<p class=\"has-dark-gray-color has-text-color has-link-color wp-elements-4b37eb4bcc93d86f3ae096b412711fe7\"><p data-start=\"53\" data-end=\"138\">Fais de la solidarit\u00e9 ton h\u00e9ritage. Tu continueras \u00e0 sauver des vies \u00e0 la d\u00e9rive.<\/p><br\/><p data-start=\"140\" data-end=\"208\" data-is-last-node=\"\" data-is-only-node=\"\">Pour cela, nous te recommandons de suivre les \u00e9tapes suivantes :<\/p><\/p>\n\n\n\n<div class=\"wp-block-columns is-layout-flex wp-container-core-columns-is-layout-41af6779 wp-block-columns-is-layout-flex\" style=\"margin-top:var(--wp--preset--spacing--48);margin-bottom:var(--wp--preset--spacing--48)\">\n<div class=\"wp-block-column has-global-padding is-content-justification-center is-layout-constrained wp-container-core-column-is-layout-91bde7bd wp-block-column-is-layout-constrained\" style=\"flex-basis:30%\">\n<figure class=\"wp-block-image alignleft size-full is-resized\"><img loading=\"lazy\" decoding=\"async\" width=\"160\" height=\"160\" src=\"https:\/\/www.openarms.es\/wp-content\/uploads\/2025\/06\/icon-hablar.svg\" alt=\"Ic&#xF4;ne parlante Open Arms\" class=\"wp-image-4597\" style=\"width:150px\"\/><\/figure>\n<\/div>\n\n\n\n<div class=\"wp-block-column is-vertically-aligned-center is-style-default is-layout-flow wp-block-column-is-layout-flow\" style=\"padding-right:0;padding-left:0;flex-basis:90%\">\n<p class=\"has-dark-gray-color has-text-color has-link-color has-small-font-size wp-elements-211f58407a579dced648327e00ba8872\" style=\"margin-top:0;margin-bottom:0\">R\u00e9fl\u00e9chis et consulte un notaire pour r\u00e9diger ton testament.<\/p>\n<\/div>\n<\/div>\n\n\n\n<div class=\"wp-block-columns is-layout-flex wp-container-core-columns-is-layout-724899e6 wp-block-columns-is-layout-flex\" style=\"margin-bottom:3rem\">\n<div class=\"wp-block-column has-global-padding is-content-justification-center is-layout-constrained wp-container-core-column-is-layout-91bde7bd wp-block-column-is-layout-constrained\" style=\"flex-basis:30%\">\n<figure class=\"wp-block-image alignleft size-full is-resized\"><img loading=\"lazy\" decoding=\"async\" width=\"160\" height=\"160\" src=\"https:\/\/www.openarms.es\/wp-content\/uploads\/2025\/06\/icon-sobre.svg\" alt=\"Ic&#xF4;ne de courrier &#xE9;lectronique Open Arms\" class=\"wp-image-4592\" style=\"width:150px\"\/><\/figure>\n<\/div>\n\n\n\n<div class=\"wp-block-column is-vertically-aligned-center is-style-default is-layout-flow wp-block-column-is-layout-flow\" style=\"padding-right:0;padding-left:0;flex-basis:90%\">\n<p class=\"has-dark-gray-color has-text-color has-link-color has-small-font-size wp-elements-52a3b49dca2ae5acc503dc8143bf7fb9\" style=\"margin-top:0;margin-bottom:0\">Contacte-nous pour nous informer que tu as inclus Open Arms dans ton testament, et nous veillerons \u00e0 ce que ta volont\u00e9 soit respect\u00e9e. Tu peux le faire ici :<\/p>\n\n\n\n<ul class=\"wp-block-list has-dark-gray-color has-text-color has-link-color has-small-font-size wp-elements-a7c426073ba76f984649565d1be3b72e\">\n<li class=\"has-dark-gray-color has-text-color has-link-color wp-elements-f6f867cbf334ae77c37775ed80500248\">T\u00e9l\u00e9phone: <a href=\"tel:+34931282830\">93 128 28 30<\/a><\/li>\n\n\n\n<li>Email: <a href=\"mailto:laura@openarms.es\">laura@openarms.es<\/a><\/li>\n<\/ul>\n<\/div>\n<\/div>\n<\/div>\n<\/div>\n<\/div>\n<\/div><\/div>\n\n<p><\/p>\n","protected":false},"excerpt":{"rendered":"","protected":false},"author":1,"featured_media":4585,"parent":4375,"menu_order":0,"comment_status":"closed","ping_status":"closed","template":"page-interior","meta":{"content-type":"","footnotes":""},"class_list":["post-4397","page","type-page","status-publish","has-post-thumbnail","hentry"],"yoast_head":"<!-- This site is optimized with the Yoast SEO plugin v25.9 - https:\/\/yoast.com\/wordpress\/plugins\/seo\/ -->\n<title>H\u00e9ritage solidaire : Ta volont\u00e9 peut sauver des vies | Open Arms<\/title>\n<meta name=\"description\" content=\"Inclue Open Arms dans ton testament et transforme ton h\u00e9ritage en vie. Assure-toi que ta solidarit\u00e9 continue de prot\u00e9ger ceux qui en ont le plus besoin.\" \/>\n<meta name=\"robots\" content=\"index, follow, max-snippet:-1, max-image-preview:large, max-video-preview:-1\" \/>\n<link rel=\"canonical\" href=\"https:\/\/www.openarms.es\/fr\/comment-aider\/heritage-solidaire\" \/>\n<meta property=\"og:locale\" content=\"fr_FR\" \/>\n<meta property=\"og:type\" content=\"article\" \/>\n<meta property=\"og:title\" content=\"H\u00e9ritage solidaire : Ta volont\u00e9 peut sauver des vies | Open Arms\" \/>\n<meta property=\"og:description\" content=\"Inclue Open Arms dans ton testament et transforme ton h\u00e9ritage en vie. Assure-toi que ta solidarit\u00e9 continue de prot\u00e9ger ceux qui en ont le plus besoin.\" \/>\n<meta property=\"og:url\" content=\"https:\/\/www.openarms.es\/fr\/comment-aider\/heritage-solidaire\" \/>\n<meta property=\"og:site_name\" content=\"Open Arms\" \/>\n<meta property=\"article:modified_time\" content=\"2025-06-20T07:50:44+00:00\" \/>\n<meta property=\"og:image\" content=\"https:\/\/www.openarms.es\/wp-content\/uploads\/2025\/06\/legado-solidario-header.jpg\" \/>\n\t<meta property=\"og:image:width\" content=\"1920\" \/>\n\t<meta property=\"og:image:height\" content=\"1080\" \/>\n\t<meta property=\"og:image:type\" content=\"image\/jpeg\" \/>\n<meta name=\"twitter:card\" content=\"summary_large_image\" \/>\n<script type=\"application\/ld+json\" class=\"yoast-schema-graph\">{\"@context\":\"https:\/\/schema.org\",\"@graph\":[{\"@type\":\"WebPage\",\"@id\":\"https:\/\/www.openarms.es\/fr\/comment-aider\/heritage-solidaire\",\"url\":\"https:\/\/www.openarms.es\/fr\/comment-aider\/heritage-solidaire\",\"name\":\"H\u00e9ritage solidaire : Ta volont\u00e9 peut sauver des vies | Open Arms\",\"isPartOf\":{\"@id\":\"https:\/\/www.openarms.es\/fr#website\"},\"primaryImageOfPage\":{\"@id\":\"https:\/\/www.openarms.es\/fr\/comment-aider\/heritage-solidaire#primaryimage\"},\"image\":{\"@id\":\"https:\/\/www.openarms.es\/fr\/comment-aider\/heritage-solidaire#primaryimage\"},\"thumbnailUrl\":\"https:\/\/www.openarms.es\/wp-content\/uploads\/2025\/06\/legado-solidario-header.jpg\",\"datePublished\":\"2025-03-26T10:42:35+00:00\",\"dateModified\":\"2025-06-20T07:50:44+00:00\",\"description\":\"Inclue Open Arms dans ton testament et transforme ton h\u00e9ritage en vie. Assure-toi que ta solidarit\u00e9 continue de prot\u00e9ger ceux qui en ont le plus besoin.\",\"breadcrumb\":{\"@id\":\"https:\/\/www.openarms.es\/fr\/comment-aider\/heritage-solidaire#breadcrumb\"},\"inLanguage\":\"fr-FR\",\"potentialAction\":[{\"@type\":\"ReadAction\",\"target\":[\"https:\/\/www.openarms.es\/fr\/comment-aider\/heritage-solidaire\"]}]},{\"@type\":\"ImageObject\",\"inLanguage\":\"fr-FR\",\"@id\":\"https:\/\/www.openarms.es\/fr\/comment-aider\/heritage-solidaire#primaryimage\",\"url\":\"https:\/\/www.openarms.es\/wp-content\/uploads\/2025\/06\/legado-solidario-header.jpg\",\"contentUrl\":\"https:\/\/www.openarms.es\/wp-content\/uploads\/2025\/06\/legado-solidario-header.jpg\",\"width\":1920,\"height\":1080,\"caption\":\"Legado Solidario Open Arms\"},{\"@type\":\"BreadcrumbList\",\"@id\":\"https:\/\/www.openarms.es\/fr\/comment-aider\/heritage-solidaire#breadcrumb\",\"itemListElement\":[{\"@type\":\"ListItem\",\"position\":1,\"name\":\"Comment aider\",\"item\":\"https:\/\/www.openarms.es\/fr\/comment-aider\"},{\"@type\":\"ListItem\",\"position\":2,\"name\":\"H\u00e9ritage Solidaire\"}]},{\"@type\":\"WebSite\",\"@id\":\"https:\/\/www.openarms.es\/fr#website\",\"url\":\"https:\/\/www.openarms.es\/fr\",\"name\":\"Open Arms\",\"description\":\"\",\"publisher\":{\"@id\":\"https:\/\/www.openarms.es\/fr#organization\"},\"potentialAction\":[{\"@type\":\"SearchAction\",\"target\":{\"@type\":\"EntryPoint\",\"urlTemplate\":\"https:\/\/www.openarms.es\/fr?s={search_term_string}\"},\"query-input\":{\"@type\":\"PropertyValueSpecification\",\"valueRequired\":true,\"valueName\":\"search_term_string\"}}],\"inLanguage\":\"fr-FR\"},{\"@type\":\"Organization\",\"@id\":\"https:\/\/www.openarms.es\/fr#organization\",\"name\":\"Open Arms\",\"url\":\"https:\/\/www.openarms.es\/fr\",\"logo\":{\"@type\":\"ImageObject\",\"inLanguage\":\"fr-FR\",\"@id\":\"https:\/\/www.openarms.es\/fr#\/schema\/logo\/image\/\",\"url\":\"https:\/\/www.openarms.es\/wp-content\/uploads\/2025\/03\/BRAND.svg\",\"contentUrl\":\"https:\/\/www.openarms.es\/wp-content\/uploads\/2025\/03\/BRAND.svg\",\"caption\":\"Open Arms\"},\"image\":{\"@id\":\"https:\/\/www.openarms.es\/fr#\/schema\/logo\/image\/\"}}]}<\/script>\n<!-- \/ Yoast SEO plugin. -->","yoast_head_json":{"title":"H\u00e9ritage solidaire : Ta volont\u00e9 peut sauver des vies | Open Arms","description":"Inclue Open Arms dans ton testament et transforme ton h\u00e9ritage en vie. Assure-toi que ta solidarit\u00e9 continue de prot\u00e9ger ceux qui en ont le plus besoin.","robots":{"index":"index","follow":"follow","max-snippet":"max-snippet:-1","max-image-preview":"max-image-preview:large","max-video-preview":"max-video-preview:-1"},"canonical":"https:\/\/www.openarms.es\/fr\/comment-aider\/heritage-solidaire","og_locale":"fr_FR","og_type":"article","og_title":"H\u00e9ritage solidaire : Ta volont\u00e9 peut sauver des vies | Open Arms","og_description":"Inclue Open Arms dans ton testament et transforme ton h\u00e9ritage en vie. Assure-toi que ta solidarit\u00e9 continue de prot\u00e9ger ceux qui en ont le plus besoin.","og_url":"https:\/\/www.openarms.es\/fr\/comment-aider\/heritage-solidaire","og_site_name":"Open Arms","article_modified_time":"2025-06-20T07:50:44+00:00","og_image":[{"width":1920,"height":1080,"url":"https:\/\/www.openarms.es\/wp-content\/uploads\/2025\/06\/legado-solidario-header.jpg","type":"image\/jpeg"}],"twitter_card":"summary_large_image","schema":{"@context":"https:\/\/schema.org","@graph":[{"@type":"WebPage","@id":"https:\/\/www.openarms.es\/fr\/comment-aider\/heritage-solidaire","url":"https:\/\/www.openarms.es\/fr\/comment-aider\/heritage-solidaire","name":"H\u00e9ritage solidaire : Ta volont\u00e9 peut sauver des vies | Open Arms","isPartOf":{"@id":"https:\/\/www.openarms.es\/fr#website"},"primaryImageOfPage":{"@id":"https:\/\/www.openarms.es\/fr\/comment-aider\/heritage-solidaire#primaryimage"},"image":{"@id":"https:\/\/www.openarms.es\/fr\/comment-aider\/heritage-solidaire#primaryimage"},"thumbnailUrl":"https:\/\/www.openarms.es\/wp-content\/uploads\/2025\/06\/legado-solidario-header.jpg","datePublished":"2025-03-26T10:42:35+00:00","dateModified":"2025-06-20T07:50:44+00:00","description":"Inclue Open Arms dans ton testament et transforme ton h\u00e9ritage en vie. Assure-toi que ta solidarit\u00e9 continue de prot\u00e9ger ceux qui en ont le plus besoin.","breadcrumb":{"@id":"https:\/\/www.openarms.es\/fr\/comment-aider\/heritage-solidaire#breadcrumb"},"inLanguage":"fr-FR","potentialAction":[{"@type":"ReadAction","target":["https:\/\/www.openarms.es\/fr\/comment-aider\/heritage-solidaire"]}]},{"@type":"ImageObject","inLanguage":"fr-FR","@id":"https:\/\/www.openarms.es\/fr\/comment-aider\/heritage-solidaire#primaryimage","url":"https:\/\/www.openarms.es\/wp-content\/uploads\/2025\/06\/legado-solidario-header.jpg","contentUrl":"https:\/\/www.openarms.es\/wp-content\/uploads\/2025\/06\/legado-solidario-header.jpg","width":1920,"height":1080,"caption":"Legado Solidario Open Arms"},{"@type":"BreadcrumbList","@id":"https:\/\/www.openarms.es\/fr\/comment-aider\/heritage-solidaire#breadcrumb","itemListElement":[{"@type":"ListItem","position":1,"name":"Comment aider","item":"https:\/\/www.openarms.es\/fr\/comment-aider"},{"@type":"ListItem","position":2,"name":"H\u00e9ritage Solidaire"}]},{"@type":"WebSite","@id":"https:\/\/www.openarms.es\/fr#website","url":"https:\/\/www.openarms.es\/fr","name":"Open Arms","description":"","publisher":{"@id":"https:\/\/www.openarms.es\/fr#organization"},"potentialAction":[{"@type":"SearchAction","target":{"@type":"EntryPoint","urlTemplate":"https:\/\/www.openarms.es\/fr?s={search_term_string}"},"query-input":{"@type":"PropertyValueSpecification","valueRequired":true,"valueName":"search_term_string"}}],"inLanguage":"fr-FR"},{"@type":"Organization","@id":"https:\/\/www.openarms.es\/fr#organization","name":"Open Arms","url":"https:\/\/www.openarms.es\/fr","logo":{"@type":"ImageObject","inLanguage":"fr-FR","@id":"https:\/\/www.openarms.es\/fr#\/schema\/logo\/image\/","url":"https:\/\/www.openarms.es\/wp-content\/uploads\/2025\/03\/BRAND.svg","contentUrl":"https:\/\/www.openarms.es\/wp-content\/uploads\/2025\/03\/BRAND.svg","caption":"Open Arms"},"image":{"@id":"https:\/\/www.openarms.es\/fr#\/schema\/logo\/image\/"}}]}},"_links":{"self":[{"href":"https:\/\/www.openarms.es\/fr\/wp-json\/wp\/v2\/pages\/4397","targetHints":{"allow":["GET"]}}],"collection":[{"href":"https:\/\/www.openarms.es\/fr\/wp-json\/wp\/v2\/pages"}],"about":[{"href":"https:\/\/www.openarms.es\/fr\/wp-json\/wp\/v2\/types\/page"}],"author":[{"embeddable":true,"href":"https:\/\/www.openarms.es\/fr\/wp-json\/wp\/v2\/users\/1"}],"replies":[{"embeddable":true,"href":"https:\/\/www.openarms.es\/fr\/wp-json\/wp\/v2\/comments?post=4397"}],"version-history":[{"count":3,"href":"https:\/\/www.openarms.es\/fr\/wp-json\/wp\/v2\/pages\/4397\/revisions"}],"predecessor-version":[{"id":5441,"href":"https:\/\/www.openarms.es\/fr\/wp-json\/wp\/v2\/pages\/4397\/revisions\/5441"}],"up":[{"embeddable":true,"href":"https:\/\/www.openarms.es\/fr\/wp-json\/wp\/v2\/pages\/4375"}],"wp:featuredmedia":[{"embeddable":true,"href":"https:\/\/www.openarms.es\/fr\/wp-json\/wp\/v2\/media\/4585"}],"wp:attachment":[{"href":"https:\/\/www.openarms.es\/fr\/wp-json\/wp\/v2\/media?parent=4397"}],"curies":[{"name":"wp","href":"https:\/\/api.w.org\/{rel}","templated":true}]}}