{"id":4432,"date":"2025-05-15T08:02:43","date_gmt":"2025-05-15T08:02:43","guid":{"rendered":"https:\/\/www.openarms.es\/que-faisons-nous\/missions-humanitaires\/urgences\/covid-19"},"modified":"2025-06-20T08:59:34","modified_gmt":"2025-06-20T08:59:34","slug":"covid-19","status":"publish","type":"page","link":"https:\/\/www.openarms.es\/fr\/que-faisons-nous\/missions-humanitaires\/urgences\/covid-19","title":{"rendered":"Covid-19"},"content":{"rendered":"\n<div class=\"wp-block-cover alignfull ebavs-header-hero-interior\" style=\"min-height:40rem;aspect-ratio:unset;\"><img loading=\"lazy\" decoding=\"async\" width=\"1024\" height=\"682\" class=\"wp-block-cover__image-background wp-image-3160 size-large\" alt=\"Covid-19 Open Arms Santi Palacios\" src=\"https:\/\/www.openarms.es\/wp-content\/uploads\/2025\/05\/covid-035_Santi-Palacios_2020-1024x682.jpg\" data-object-fit=\"cover\" srcset=\"https:\/\/www.openarms.es\/wp-content\/uploads\/2025\/05\/covid-035_Santi-Palacios_2020-1024x682.jpg 1024w, https:\/\/www.openarms.es\/wp-content\/uploads\/2025\/05\/covid-035_Santi-Palacios_2020-300x200.jpg 300w, https:\/\/www.openarms.es\/wp-content\/uploads\/2025\/05\/covid-035_Santi-Palacios_2020-768x512.jpg 768w, https:\/\/www.openarms.es\/wp-content\/uploads\/2025\/05\/covid-035_Santi-Palacios_2020-1536x1024.jpg 1536w, https:\/\/www.openarms.es\/wp-content\/uploads\/2025\/05\/covid-035_Santi-Palacios_2020.jpg 2000w\" sizes=\"auto, (max-width: 1024px) 100vw, 1024px\" \/><span aria-hidden=\"true\" class=\"wp-block-cover__background has-black-background-color has-background-dim-30 has-background-dim\"><\/span><div class=\"wp-block-cover__inner-container is-layout-flow wp-block-cover-is-layout-flow\">\n<div class=\"wp-block-group alignwide has-global-padding is-layout-constrained wp-block-group-is-layout-constrained\" style=\"margin-top:auto;margin-bottom:auto\">\n<div class=\"wp-block-group has-global-padding is-content-justification-left is-layout-constrained wp-container-core-group-is-layout-b58f3518 wp-block-group-is-layout-constrained\">\n<p class=\"has-text-align-left has-base-color has-text-color has-large-font-size\" style=\"font-family:var(--wp--preset--font-family--dinnextltpro)\">URGENCES<\/p>\n\n\n\n<h1 class=\"wp-block-heading has-text-align-left has-base-color has-text-color has-xx-large-font-size\" style=\"margin-top:0;margin-bottom:0\">Covid-19<\/h1>\n\n\n\n<p class=\"has-base-color has-text-color has-link-color wp-elements-e5d53a35187e7e20ee5ff4f87608583a\" style=\"margin-top:0;margin-bottom:0\">Si tu crois qu&rsquo;en cas de pand\u00e9mie, il faut prot\u00e9ger la vie des plus vuln\u00e9rables, tu es des n\u00f4tres.<\/p>\n\n\n\n<div class=\"wp-block-buttons is-content-justification-left is-layout-flex wp-container-core-buttons-is-layout-fc4fd283 wp-block-buttons-is-layout-flex\">\n<div class=\"wp-block-button\"><a class=\"wp-block-button__link has-contrast-color has-base-background-color has-text-color has-background has-dinnextltpro-font-family has-custom-font-size wp-element-button\" href=\"https:\/\/help.openarms.es\/miembro-openarms\/?lang=fr\" style=\"padding-top:16px;padding-right:24px;padding-bottom:14px;padding-left:24px;font-size:clamp(0.875rem, 0.875rem + ((1vw - 0.2rem) * 0.302), 1.13rem);font-style:normal;font-weight:700;line-height:1;text-transform:uppercase\" target=\"_blank\" rel=\"noreferrer noopener\">Deviens membre<\/a><\/div>\n<\/div>\n<\/div>\n<\/div>\n<\/div><\/div>\n\n<div class=\"wp-block-cover alignfull is-light has-parallax\" style=\"margin-top:0;margin-bottom:0;padding-top:0;padding-right:0;padding-bottom:0;padding-left:0\"><div class=\"wp-block-cover__image-background wp-image-999 has-parallax\" style=\"background-position:50% 50%;background-image:url(https:\/\/www.openarms.es\/wp-content\/themes\/openarms\/assets\/images\/openarms-texture.webp)\"><\/div><span aria-hidden=\"true\" class=\"wp-block-cover__background has-base-background-color has-background-dim-80 has-background-dim\"><\/span><div class=\"wp-block-cover__inner-container is-layout-flow wp-block-cover-is-layout-flow\">\n<div class=\"wp-block-group alignwide has-global-padding is-layout-constrained wp-container-core-group-is-layout-8257ab09 wp-block-group-is-layout-constrained\" style=\"margin-top:1rem\">\n<div class=\"wp-block-group alignwide has-global-padding is-layout-constrained wp-block-group-is-layout-constrained\"><div class=\"yoast-breadcrumbs\"><span><span><a href=\"https:\/\/www.openarms.es\/fr\/que-faisons-nous\">Que faisons-nous<\/a><\/span> &gt; <span><a href=\"https:\/\/www.openarms.es\/fr\/que-faisons-nous\/missions-humanitaires\">Missions humanitaires<\/a><\/span> &gt; <span><a href=\"https:\/\/www.openarms.es\/fr\/que-faisons-nous\/missions-humanitaires\/urgences\">Urgences<\/a><\/span> &gt; <span class=\"breadcrumb_last\" aria-current=\"page\">Covid-19<\/span><\/span><\/div>\n\n\n<hr class=\"wp-block-separator has-text-color has-gray-color has-alpha-channel-opacity has-gray-background-color has-background is-style-default\" style=\"margin-top:1rem;margin-bottom:4rem\"\/>\n<\/div>\n<\/div>\n\n\n\n<div class=\"wp-block-group has-global-padding is-layout-constrained wp-block-group-is-layout-constrained\">\n<div class=\"wp-block-columns alignwide ebavs-space-between is-layout-flex wp-container-core-columns-is-layout-643ced6b wp-block-columns-is-layout-flex\">\n<div class=\"wp-block-column is-layout-flow wp-block-column-is-layout-flow\" style=\"flex-basis:33%\">\n<h2 class=\"wp-block-heading has-contrast-color has-text-color has-x-large-font-size\" style=\"margin-top:0\"><strong>Covid-19<\/strong><br\/><\/h2>\n<\/div>\n\n\n\n<div class=\"wp-block-column is-layout-flow wp-block-column-is-layout-flow\" style=\"flex-basis:50%\">\n<p class=\"has-dark-gray-color has-text-color has-medium-font-size\" style=\"line-height:1.14em\">Pendant l&rsquo;urgence sanitaire, nous sommes intervenus dans les maisons de retraite et avons rejoint les \u00e9quipes m\u00e9dicales pour aider \u00e0 <strong>prot\u00e9ger la vie des plus vuln\u00e9rables : les personnes \u00e2g\u00e9es<\/strong>.<\/p>\n<\/div>\n<\/div>\n<\/div>\n\n\n\n<div class=\"wp-block-group has-global-padding is-layout-constrained wp-block-group-is-layout-constrained\">\n<figure class=\"wp-block-image aligncenter size-large has-custom-border\" style=\"margin-top:3rem;margin-bottom:4rem\"><img loading=\"lazy\" decoding=\"async\" width=\"1024\" height=\"683\" src=\"https:\/\/www.openarms.es\/wp-content\/uploads\/2025\/05\/covid-image-02-1024x683.jpg\" alt=\"Covid-19 Open Arms 01\" class=\"wp-image-3688\" style=\"border-style:none;border-width:0px;border-radius:16px;aspect-ratio:16\/9;object-fit:cover\" srcset=\"https:\/\/www.openarms.es\/wp-content\/uploads\/2025\/05\/covid-image-02-1024x683.jpg 1024w, https:\/\/www.openarms.es\/wp-content\/uploads\/2025\/05\/covid-image-02-300x200.jpg 300w, https:\/\/www.openarms.es\/wp-content\/uploads\/2025\/05\/covid-image-02-768x512.jpg 768w, https:\/\/www.openarms.es\/wp-content\/uploads\/2025\/05\/covid-image-02-1536x1025.jpg 1536w, https:\/\/www.openarms.es\/wp-content\/uploads\/2025\/05\/covid-image-02.jpg 1920w\" sizes=\"auto, (max-width: 1024px) 100vw, 1024px\" \/><\/figure>\n<\/div>\n\n\n\n<div class=\"wp-block-group has-global-padding is-layout-constrained wp-block-group-is-layout-constrained\">\n<hr class=\"wp-block-separator has-text-color has-contrast-color has-alpha-channel-opacity has-contrast-background-color has-background is-style-wide is-style-wide--1\" style=\"margin-top:4rem;margin-bottom:4rem\"\/>\n<\/div>\n\n\n\n<div class=\"wp-block-group has-global-padding is-layout-constrained wp-block-group-is-layout-constrained\">\n<div class=\"wp-block-columns alignwide ebavs-space-between is-layout-flex wp-container-core-columns-is-layout-643ced6b wp-block-columns-is-layout-flex\">\n<div class=\"wp-block-column is-layout-flow wp-block-column-is-layout-flow\" style=\"flex-basis:33%\">\n<h3 class=\"wp-block-heading has-dinnextltpro-font-family\"><strong>Transfert de personnes \u00e2g\u00e9es<\/strong><\/h3>\n<\/div>\n\n\n\n<div class=\"wp-block-column is-layout-flow wp-block-column-is-layout-flow\" style=\"flex-basis:33%\">\n<p class=\"has-dark-gray-color has-text-color has-medium-font-size\" style=\"line-height:1.14em\">Le Covid-19 a eu un effet d\u00e9vastateur sur les maisons de retraite. C&rsquo;est pourquoi <strong>Open Arms a collabor\u00e9 avec la mairie de Barcelon<\/strong>e pour le transfert de personnes \u00e2g\u00e9es depuis les maisons de retraite \u00e0 travers cinq unit\u00e9s, chacune compos\u00e9e de deux volontaires, afin d&rsquo;<strong>arr\u00eater la cha\u00eene de contamination et \u00e9viter les d\u00e9c\u00e8s<\/strong>.<\/p>\n\n\n\n<p class=\"has-dark-gray-color has-text-color\" style=\"font-family:var(--wp--preset--font-family--dinnextltpro);font-size:clamp(17.905px, 1.119rem + ((1vw - 3.2px) * 0.747), 28px);line-height:1.14em\"><\/p>\n<\/div>\n\n\n\n<div class=\"wp-block-column is-layout-flow wp-block-column-is-layout-flow\" style=\"flex-basis:33%\">\n<p class=\"has-dark-gray-color has-text-color has-medium-font-size\" style=\"line-height:1.14em\">La d\u00e9tection pr\u00e9coce du virus a \u00e9t\u00e9 l&rsquo;une des mesures les plus utiles pour freiner la propagation. Open Arms a mis \u00e0 la disposition du D\u00e9partement de la Sant\u00e9 de Catalogne <strong>un dispositif de 30 v\u00e9hicules et plus de 70 volontaires<\/strong> form\u00e9s. Tous se sont joints aux \u00e9quipes de soins primaires pour effectuer des tests et collecter des \u00e9chantillons aupr\u00e8s des personnes vivant dans les environs des maisons de retraite.<\/p>\n<\/div>\n<\/div>\n<\/div>\n\n\n\n<div class=\"wp-block-group has-global-padding is-layout-constrained wp-block-group-is-layout-constrained\">\n<figure class=\"wp-block-image aligncenter size-large has-custom-border\" style=\"margin-top:3rem;margin-bottom:4rem\"><img loading=\"lazy\" decoding=\"async\" width=\"1024\" height=\"683\" src=\"https:\/\/www.openarms.es\/wp-content\/uploads\/2025\/05\/covid-image-01-1024x683.jpg\" alt=\"Covid-19 Open Arms 02\" class=\"wp-image-3693\" style=\"border-style:none;border-width:0px;border-radius:16px;aspect-ratio:16\/9;object-fit:cover\" srcset=\"https:\/\/www.openarms.es\/wp-content\/uploads\/2025\/05\/covid-image-01-1024x683.jpg 1024w, https:\/\/www.openarms.es\/wp-content\/uploads\/2025\/05\/covid-image-01-300x200.jpg 300w, https:\/\/www.openarms.es\/wp-content\/uploads\/2025\/05\/covid-image-01-768x512.jpg 768w, https:\/\/www.openarms.es\/wp-content\/uploads\/2025\/05\/covid-image-01-1536x1024.jpg 1536w, https:\/\/www.openarms.es\/wp-content\/uploads\/2025\/05\/covid-image-01.jpg 1920w\" sizes=\"auto, (max-width: 1024px) 100vw, 1024px\" \/><\/figure>\n<\/div>\n\n\n\n<div class=\"wp-block-group has-global-padding is-layout-constrained wp-block-group-is-layout-constrained\">\n<hr class=\"wp-block-separator has-text-color has-contrast-color has-alpha-channel-opacity has-contrast-background-color has-background is-style-wide is-style-wide--2\" style=\"margin-top:4rem;margin-bottom:4rem\"\/>\n<\/div>\n\n\n\n<div class=\"wp-block-group has-global-padding is-layout-constrained wp-block-group-is-layout-constrained\">\n<div class=\"wp-block-columns alignwide ebavs-space-between is-layout-flex wp-container-core-columns-is-layout-643ced6b wp-block-columns-is-layout-flex\">\n<div class=\"wp-block-column is-layout-flow wp-block-column-is-layout-flow\" style=\"flex-basis:33%\">\n<h3 class=\"wp-block-heading has-dinnextltpro-font-family\"><strong>Assistance aux travailleurs saisonniers<\/strong><\/h3>\n<\/div>\n\n\n\n<div class=\"wp-block-column is-layout-flow wp-block-column-is-layout-flow\" style=\"flex-basis:33%\">\n<p class=\"has-dark-gray-color has-text-color has-medium-font-size\" style=\"line-height:1.14em\">Pendant les rebonds de Covid-19, la maladie a frapp\u00e9 durement les travailleurs saisonniers dans des r\u00e9gions comme le Segri\u00e0 (Lleida).<\/p>\n<\/div>\n\n\n\n<div class=\"wp-block-column is-layout-flow wp-block-column-is-layout-flow\" style=\"flex-basis:33%\">\n<p class=\"has-dark-gray-color has-text-color has-medium-font-size\" style=\"line-height:1.14em\">Open Arms a conclu un accord de collaboration avec les mairies de la r\u00e9gion et le Consell Comarcal du Segri\u00e0 pour l&rsquo;<strong>assistance aux travailleurs saisonniers dans la r\u00e9colte des fruits et aux personnes en situation de vuln\u00e9rabilit\u00e9<\/strong> diagnostiqu\u00e9es positives au COVID-19, asymptomatiques ou pr\u00e9sentant des cas l\u00e9gers.<\/p>\n<\/div>\n<\/div>\n<\/div>\n\n\n\n<div class=\"wp-block-group alignfull has-global-padding is-layout-constrained wp-container-core-group-is-layout-0c9c989a wp-block-group-is-layout-constrained\" style=\"min-height:0vh;margin-top:0;margin-bottom:0;padding-top:var(--wp--preset--spacing--70);padding-right:var(--wp--preset--spacing--40);padding-bottom:var(--wp--preset--spacing--70);padding-left:var(--wp--preset--spacing--40)\">\n<div class=\"wp-block-columns are-vertically-aligned-top is-content-justification-center is-layout-flex wp-container-core-columns-is-layout-8c19c11b wp-block-columns-is-layout-flex\">\n<div class=\"wp-block-column is-vertically-aligned-top is-layout-flow wp-block-column-is-layout-flow\" style=\"flex-basis:60%\">\n<div class=\"wp-block-group has-contrast-background-color has-background has-global-padding is-layout-constrained wp-container-core-group-is-layout-a91b9633 wp-block-group-is-layout-constrained\" style=\"border-style:none;border-width:0px;border-radius:32px;padding-top:var(--wp--preset--spacing--40);padding-right:2rem;padding-bottom:var(--wp--preset--spacing--40);padding-left:2rem\">\n<h3 class=\"wp-block-heading has-text-align-center has-base-color has-text-color has-link-color wp-elements-0925c158e1c62a4a90edb86eeb50ddb4\" style=\"margin-right:0;margin-left:0;padding-right:0;padding-left:0;font-size:clamp(1.502rem, 1.502rem + ((1vw - 0.2rem) * 1.181), 2.5rem);line-height:1.15\">Si tu crois que chaque vie m\u00e9rite d\u2019\u00eatre sauv\u00e9e, implique-toi. Ensemble, nous pouvons en sauver beaucoup d\u2019autres.<\/h3>\n\n\n\n<div class=\"wp-block-buttons is-horizontal is-content-justification-center is-layout-flex wp-container-core-buttons-is-layout-03627597 wp-block-buttons-is-layout-flex\">\n<div class=\"wp-block-button\"><a class=\"wp-block-button__link has-contrast-color has-base-background-color has-text-color has-background has-custom-font-size wp-element-button\" href=\"https:\/\/www.openarms.es\/fr\/comment-aider\/fais-un-don\" style=\"padding-top:16px;padding-right:24px;padding-bottom:14px;padding-left:24px;font-size:clamp(14px, 0.875rem + ((1vw - 3.2px) * 0.296), 18px);font-style:normal;font-weight:700\">FAIS UN DON<\/a><\/div>\n<\/div>\n<\/div>\n<\/div>\n<\/div>\n<\/div>\n<\/div><\/div>\n","protected":false},"excerpt":{"rendered":"","protected":false},"author":1,"featured_media":3163,"parent":4426,"menu_order":0,"comment_status":"closed","ping_status":"closed","template":"page-interior","meta":{"content-type":"","footnotes":""},"class_list":["post-4432","page","type-page","status-publish","has-post-thumbnail","hentry"],"yoast_head":"<!-- This site is optimized with the Yoast SEO plugin v25.9 - https:\/\/yoast.com\/wordpress\/plugins\/seo\/ -->\n<title>Covid-19 : Soutien dans les maisons de retraite et les urgences | Open Arms<\/title>\n<meta name=\"description\" content=\"Pendant la pand\u00e9mie, Open Arms a prot\u00e9g\u00e9 les plus vuln\u00e9rables dans les maisons de retraite, avec des transferts, des tests et une assistance aux personnes \u00e0 risque.\" \/>\n<meta name=\"robots\" content=\"index, follow, max-snippet:-1, max-image-preview:large, max-video-preview:-1\" \/>\n<link rel=\"canonical\" href=\"https:\/\/www.openarms.es\/fr\/que-faisons-nous\/missions-humanitaires\/urgences\/covid-19\" \/>\n<meta property=\"og:locale\" content=\"fr_FR\" \/>\n<meta property=\"og:type\" content=\"article\" \/>\n<meta property=\"og:title\" content=\"Covid-19 : Soutien dans les maisons de retraite et les urgences | Open Arms\" \/>\n<meta property=\"og:description\" content=\"Pendant la pand\u00e9mie, Open Arms a prot\u00e9g\u00e9 les plus vuln\u00e9rables dans les maisons de retraite, avec des transferts, des tests et une assistance aux personnes \u00e0 risque.\" \/>\n<meta property=\"og:url\" content=\"https:\/\/www.openarms.es\/fr\/que-faisons-nous\/missions-humanitaires\/urgences\/covid-19\" \/>\n<meta property=\"og:site_name\" content=\"Open Arms\" \/>\n<meta property=\"article:modified_time\" content=\"2025-06-20T08:59:34+00:00\" \/>\n<meta property=\"og:image\" content=\"https:\/\/www.openarms.es\/wp-content\/uploads\/2025\/05\/covid-035_Santi-Palacios_2020.jpg\" \/>\n\t<meta property=\"og:image:width\" content=\"2000\" \/>\n\t<meta property=\"og:image:height\" content=\"1333\" \/>\n\t<meta property=\"og:image:type\" content=\"image\/jpeg\" \/>\n<meta name=\"twitter:card\" content=\"summary_large_image\" \/>\n<meta name=\"twitter:label1\" content=\"Dur\u00e9e de lecture estim\u00e9e\" \/>\n\t<meta name=\"twitter:data1\" content=\"2 minutes\" \/>\n<script type=\"application\/ld+json\" class=\"yoast-schema-graph\">{\"@context\":\"https:\/\/schema.org\",\"@graph\":[{\"@type\":\"WebPage\",\"@id\":\"https:\/\/www.openarms.es\/fr\/que-faisons-nous\/missions-humanitaires\/urgences\/covid-19\",\"url\":\"https:\/\/www.openarms.es\/fr\/que-faisons-nous\/missions-humanitaires\/urgences\/covid-19\",\"name\":\"Covid-19 : Soutien dans les maisons de retraite et les urgences | Open Arms\",\"isPartOf\":{\"@id\":\"https:\/\/www.openarms.es\/fr#website\"},\"primaryImageOfPage\":{\"@id\":\"https:\/\/www.openarms.es\/fr\/que-faisons-nous\/missions-humanitaires\/urgences\/covid-19#primaryimage\"},\"image\":{\"@id\":\"https:\/\/www.openarms.es\/fr\/que-faisons-nous\/missions-humanitaires\/urgences\/covid-19#primaryimage\"},\"thumbnailUrl\":\"https:\/\/www.openarms.es\/wp-content\/uploads\/2025\/05\/covid-035_Santi-Palacios_2020.jpg\",\"datePublished\":\"2025-05-15T08:02:43+00:00\",\"dateModified\":\"2025-06-20T08:59:34+00:00\",\"description\":\"Pendant la pand\u00e9mie, Open Arms a prot\u00e9g\u00e9 les plus vuln\u00e9rables dans les maisons de retraite, avec des transferts, des tests et une assistance aux personnes \u00e0 risque.\",\"breadcrumb\":{\"@id\":\"https:\/\/www.openarms.es\/fr\/que-faisons-nous\/missions-humanitaires\/urgences\/covid-19#breadcrumb\"},\"inLanguage\":\"fr-FR\",\"potentialAction\":[{\"@type\":\"ReadAction\",\"target\":[\"https:\/\/www.openarms.es\/fr\/que-faisons-nous\/missions-humanitaires\/urgences\/covid-19\"]}]},{\"@type\":\"ImageObject\",\"inLanguage\":\"fr-FR\",\"@id\":\"https:\/\/www.openarms.es\/fr\/que-faisons-nous\/missions-humanitaires\/urgences\/covid-19#primaryimage\",\"url\":\"https:\/\/www.openarms.es\/wp-content\/uploads\/2025\/05\/covid-035_Santi-Palacios_2020.jpg\",\"contentUrl\":\"https:\/\/www.openarms.es\/wp-content\/uploads\/2025\/05\/covid-035_Santi-Palacios_2020.jpg\",\"width\":2000,\"height\":1333,\"caption\":\"Covid-19 Open Arms Santi Palacios\"},{\"@type\":\"BreadcrumbList\",\"@id\":\"https:\/\/www.openarms.es\/fr\/que-faisons-nous\/missions-humanitaires\/urgences\/covid-19#breadcrumb\",\"itemListElement\":[{\"@type\":\"ListItem\",\"position\":1,\"name\":\"Que faisons-nous\",\"item\":\"https:\/\/www.openarms.es\/fr\/que-faisons-nous\"},{\"@type\":\"ListItem\",\"position\":2,\"name\":\"Missions humanitaires\",\"item\":\"https:\/\/www.openarms.es\/fr\/que-faisons-nous\/missions-humanitaires\"},{\"@type\":\"ListItem\",\"position\":3,\"name\":\"Urgences\",\"item\":\"https:\/\/www.openarms.es\/fr\/que-faisons-nous\/missions-humanitaires\/urgences\"},{\"@type\":\"ListItem\",\"position\":4,\"name\":\"Covid-19\"}]},{\"@type\":\"WebSite\",\"@id\":\"https:\/\/www.openarms.es\/fr#website\",\"url\":\"https:\/\/www.openarms.es\/fr\",\"name\":\"Open Arms\",\"description\":\"\",\"publisher\":{\"@id\":\"https:\/\/www.openarms.es\/fr#organization\"},\"potentialAction\":[{\"@type\":\"SearchAction\",\"target\":{\"@type\":\"EntryPoint\",\"urlTemplate\":\"https:\/\/www.openarms.es\/fr?s={search_term_string}\"},\"query-input\":{\"@type\":\"PropertyValueSpecification\",\"valueRequired\":true,\"valueName\":\"search_term_string\"}}],\"inLanguage\":\"fr-FR\"},{\"@type\":\"Organization\",\"@id\":\"https:\/\/www.openarms.es\/fr#organization\",\"name\":\"Open Arms\",\"url\":\"https:\/\/www.openarms.es\/fr\",\"logo\":{\"@type\":\"ImageObject\",\"inLanguage\":\"fr-FR\",\"@id\":\"https:\/\/www.openarms.es\/fr#\/schema\/logo\/image\/\",\"url\":\"https:\/\/www.openarms.es\/wp-content\/uploads\/2025\/03\/BRAND.svg\",\"contentUrl\":\"https:\/\/www.openarms.es\/wp-content\/uploads\/2025\/03\/BRAND.svg\",\"caption\":\"Open Arms\"},\"image\":{\"@id\":\"https:\/\/www.openarms.es\/fr#\/schema\/logo\/image\/\"}}]}<\/script>\n<!-- \/ Yoast SEO plugin. -->","yoast_head_json":{"title":"Covid-19 : Soutien dans les maisons de retraite et les urgences | Open Arms","description":"Pendant la pand\u00e9mie, Open Arms a prot\u00e9g\u00e9 les plus vuln\u00e9rables dans les maisons de retraite, avec des transferts, des tests et une assistance aux personnes \u00e0 risque.","robots":{"index":"index","follow":"follow","max-snippet":"max-snippet:-1","max-image-preview":"max-image-preview:large","max-video-preview":"max-video-preview:-1"},"canonical":"https:\/\/www.openarms.es\/fr\/que-faisons-nous\/missions-humanitaires\/urgences\/covid-19","og_locale":"fr_FR","og_type":"article","og_title":"Covid-19 : Soutien dans les maisons de retraite et les urgences | Open Arms","og_description":"Pendant la pand\u00e9mie, Open Arms a prot\u00e9g\u00e9 les plus vuln\u00e9rables dans les maisons de retraite, avec des transferts, des tests et une assistance aux personnes \u00e0 risque.","og_url":"https:\/\/www.openarms.es\/fr\/que-faisons-nous\/missions-humanitaires\/urgences\/covid-19","og_site_name":"Open Arms","article_modified_time":"2025-06-20T08:59:34+00:00","og_image":[{"width":2000,"height":1333,"url":"https:\/\/www.openarms.es\/wp-content\/uploads\/2025\/05\/covid-035_Santi-Palacios_2020.jpg","type":"image\/jpeg"}],"twitter_card":"summary_large_image","twitter_misc":{"Dur\u00e9e de lecture estim\u00e9e":"2 minutes"},"schema":{"@context":"https:\/\/schema.org","@graph":[{"@type":"WebPage","@id":"https:\/\/www.openarms.es\/fr\/que-faisons-nous\/missions-humanitaires\/urgences\/covid-19","url":"https:\/\/www.openarms.es\/fr\/que-faisons-nous\/missions-humanitaires\/urgences\/covid-19","name":"Covid-19 : Soutien dans les maisons de retraite et les urgences | Open Arms","isPartOf":{"@id":"https:\/\/www.openarms.es\/fr#website"},"primaryImageOfPage":{"@id":"https:\/\/www.openarms.es\/fr\/que-faisons-nous\/missions-humanitaires\/urgences\/covid-19#primaryimage"},"image":{"@id":"https:\/\/www.openarms.es\/fr\/que-faisons-nous\/missions-humanitaires\/urgences\/covid-19#primaryimage"},"thumbnailUrl":"https:\/\/www.openarms.es\/wp-content\/uploads\/2025\/05\/covid-035_Santi-Palacios_2020.jpg","datePublished":"2025-05-15T08:02:43+00:00","dateModified":"2025-06-20T08:59:34+00:00","description":"Pendant la pand\u00e9mie, Open Arms a prot\u00e9g\u00e9 les plus vuln\u00e9rables dans les maisons de retraite, avec des transferts, des tests et une assistance aux personnes \u00e0 risque.","breadcrumb":{"@id":"https:\/\/www.openarms.es\/fr\/que-faisons-nous\/missions-humanitaires\/urgences\/covid-19#breadcrumb"},"inLanguage":"fr-FR","potentialAction":[{"@type":"ReadAction","target":["https:\/\/www.openarms.es\/fr\/que-faisons-nous\/missions-humanitaires\/urgences\/covid-19"]}]},{"@type":"ImageObject","inLanguage":"fr-FR","@id":"https:\/\/www.openarms.es\/fr\/que-faisons-nous\/missions-humanitaires\/urgences\/covid-19#primaryimage","url":"https:\/\/www.openarms.es\/wp-content\/uploads\/2025\/05\/covid-035_Santi-Palacios_2020.jpg","contentUrl":"https:\/\/www.openarms.es\/wp-content\/uploads\/2025\/05\/covid-035_Santi-Palacios_2020.jpg","width":2000,"height":1333,"caption":"Covid-19 Open Arms Santi Palacios"},{"@type":"BreadcrumbList","@id":"https:\/\/www.openarms.es\/fr\/que-faisons-nous\/missions-humanitaires\/urgences\/covid-19#breadcrumb","itemListElement":[{"@type":"ListItem","position":1,"name":"Que faisons-nous","item":"https:\/\/www.openarms.es\/fr\/que-faisons-nous"},{"@type":"ListItem","position":2,"name":"Missions humanitaires","item":"https:\/\/www.openarms.es\/fr\/que-faisons-nous\/missions-humanitaires"},{"@type":"ListItem","position":3,"name":"Urgences","item":"https:\/\/www.openarms.es\/fr\/que-faisons-nous\/missions-humanitaires\/urgences"},{"@type":"ListItem","position":4,"name":"Covid-19"}]},{"@type":"WebSite","@id":"https:\/\/www.openarms.es\/fr#website","url":"https:\/\/www.openarms.es\/fr","name":"Open Arms","description":"","publisher":{"@id":"https:\/\/www.openarms.es\/fr#organization"},"potentialAction":[{"@type":"SearchAction","target":{"@type":"EntryPoint","urlTemplate":"https:\/\/www.openarms.es\/fr?s={search_term_string}"},"query-input":{"@type":"PropertyValueSpecification","valueRequired":true,"valueName":"search_term_string"}}],"inLanguage":"fr-FR"},{"@type":"Organization","@id":"https:\/\/www.openarms.es\/fr#organization","name":"Open Arms","url":"https:\/\/www.openarms.es\/fr","logo":{"@type":"ImageObject","inLanguage":"fr-FR","@id":"https:\/\/www.openarms.es\/fr#\/schema\/logo\/image\/","url":"https:\/\/www.openarms.es\/wp-content\/uploads\/2025\/03\/BRAND.svg","contentUrl":"https:\/\/www.openarms.es\/wp-content\/uploads\/2025\/03\/BRAND.svg","caption":"Open Arms"},"image":{"@id":"https:\/\/www.openarms.es\/fr#\/schema\/logo\/image\/"}}]}},"_links":{"self":[{"href":"https:\/\/www.openarms.es\/fr\/wp-json\/wp\/v2\/pages\/4432","targetHints":{"allow":["GET"]}}],"collection":[{"href":"https:\/\/www.openarms.es\/fr\/wp-json\/wp\/v2\/pages"}],"about":[{"href":"https:\/\/www.openarms.es\/fr\/wp-json\/wp\/v2\/types\/page"}],"author":[{"embeddable":true,"href":"https:\/\/www.openarms.es\/fr\/wp-json\/wp\/v2\/users\/1"}],"replies":[{"embeddable":true,"href":"https:\/\/www.openarms.es\/fr\/wp-json\/wp\/v2\/comments?post=4432"}],"version-history":[{"count":4,"href":"https:\/\/www.openarms.es\/fr\/wp-json\/wp\/v2\/pages\/4432\/revisions"}],"predecessor-version":[{"id":6297,"href":"https:\/\/www.openarms.es\/fr\/wp-json\/wp\/v2\/pages\/4432\/revisions\/6297"}],"up":[{"embeddable":true,"href":"https:\/\/www.openarms.es\/fr\/wp-json\/wp\/v2\/pages\/4426"}],"wp:featuredmedia":[{"embeddable":true,"href":"https:\/\/www.openarms.es\/fr\/wp-json\/wp\/v2\/media\/3163"}],"wp:attachment":[{"href":"https:\/\/www.openarms.es\/fr\/wp-json\/wp\/v2\/media?parent=4432"}],"curies":[{"name":"wp","href":"https:\/\/api.w.org\/{rel}","templated":true}]}}