{"id":4473,"date":"2025-05-15T08:24:50","date_gmt":"2025-05-15T08:24:50","guid":{"rendered":"https:\/\/www.openarms.es\/que-faisons-nous\/missions-humanitaires\/vols-humanitaires\/mozambique"},"modified":"2025-07-25T14:16:10","modified_gmt":"2025-07-25T14:16:10","slug":"mozambique","status":"publish","type":"page","link":"https:\/\/www.openarms.es\/fr\/que-faisons-nous\/missions-humanitaires\/vols-humanitaires\/mozambique","title":{"rendered":"Mozambique"},"content":{"rendered":"\n<div class=\"wp-block-cover alignfull ebavs-header-hero-interior\" style=\"min-height:40rem;aspect-ratio:unset;\"><img loading=\"lazy\" decoding=\"async\" width=\"1024\" height=\"683\" class=\"wp-block-cover__image-background wp-image-6701 size-large\" alt=\"\" src=\"https:\/\/www.openarms.es\/wp-content\/uploads\/2025\/07\/08_Open-Arms-1024x683.jpg\" data-object-fit=\"cover\" srcset=\"https:\/\/www.openarms.es\/wp-content\/uploads\/2025\/07\/08_Open-Arms-1024x683.jpg 1024w, https:\/\/www.openarms.es\/wp-content\/uploads\/2025\/07\/08_Open-Arms-300x200.jpg 300w, https:\/\/www.openarms.es\/wp-content\/uploads\/2025\/07\/08_Open-Arms-768x512.jpg 768w, https:\/\/www.openarms.es\/wp-content\/uploads\/2025\/07\/08_Open-Arms-1536x1024.jpg 1536w, https:\/\/www.openarms.es\/wp-content\/uploads\/2025\/07\/08_Open-Arms-2048x1365.jpg 2048w\" sizes=\"auto, (max-width: 1024px) 100vw, 1024px\" \/><span aria-hidden=\"true\" class=\"wp-block-cover__background has-black-background-color has-background-dim-40 has-background-dim\"><\/span><div class=\"wp-block-cover__inner-container is-layout-flow wp-block-cover-is-layout-flow\">\n<div class=\"wp-block-group alignwide has-global-padding is-layout-constrained wp-container-core-group-is-layout-a8a8a09e wp-block-group-is-layout-constrained\" style=\"margin-top:auto;margin-bottom:auto;padding-right:0;padding-left:0\">\n<div class=\"wp-block-group has-global-padding is-content-justification-left is-layout-constrained wp-container-core-group-is-layout-b58f3518 wp-block-group-is-layout-constrained\">\n<p class=\"has-text-align-left has-base-color has-text-color has-large-font-size\" style=\"text-transform:uppercase\">Vols humanitaires<\/p>\n\n\n\n<h1 class=\"wp-block-heading has-text-align-left has-base-color has-text-color has-link-color has-xx-large-font-size wp-elements-4c085033c9370b358b18d165d8173e15\" style=\"margin-top:0;margin-bottom:0\">Mozambique<\/h1>\n\n\n\n<p class=\"has-base-color has-text-color has-link-color wp-elements-87b0de43e871d5ae43ea0723fabdf0cf\" style=\"margin-top:0;margin-bottom:0\">Si tu penses qu\u2019il faut envoyer de l\u2019aide \u00e0 ceux qui en ont le plus besoin, tu fais partie des n\u00f4tres.<\/p>\n\n\n\n<div class=\"wp-block-buttons is-content-justification-left is-layout-flex wp-container-core-buttons-is-layout-fc4fd283 wp-block-buttons-is-layout-flex\">\n<div class=\"wp-block-button\"><a class=\"wp-block-button__link has-contrast-color has-base-background-color has-text-color has-background has-dinnextltpro-font-family has-custom-font-size wp-element-button\" href=\"https:\/\/help.openarms.es\/miembro-openarms\/?lang=fr\" style=\"padding-top:16px;padding-right:24px;padding-bottom:14px;padding-left:24px;font-size:clamp(0.875rem, 0.875rem + ((1vw - 0.2rem) * 0.302), 1.13rem);font-style:normal;font-weight:700;line-height:1;text-transform:uppercase\" target=\"_blank\" rel=\"noreferrer noopener\">Deviens membre<\/a><\/div>\n<\/div>\n<\/div>\n<\/div>\n<\/div><\/div>\n\n<div class=\"wp-block-cover alignfull is-light has-parallax\" style=\"margin-top:0;margin-bottom:var(--wp--preset--spacing--50);padding-top:0;padding-right:0;padding-bottom:0;padding-left:0\"><div class=\"wp-block-cover__image-background wp-image-999 has-parallax\" style=\"background-position:50% 50%;background-image:url(https:\/\/www.openarms.es\/wp-content\/themes\/openarms\/assets\/images\/openarms-texture.webp)\"><\/div><span aria-hidden=\"true\" class=\"wp-block-cover__background has-base-background-color has-background-dim-80 has-background-dim\"><\/span><div class=\"wp-block-cover__inner-container is-layout-flow wp-block-cover-is-layout-flow\">\n<div class=\"wp-block-group has-global-padding is-layout-constrained wp-block-group-is-layout-constrained\">\n<div class=\"wp-block-group has-global-padding is-layout-constrained wp-container-core-group-is-layout-8257ab09 wp-block-group-is-layout-constrained\" style=\"margin-top:1rem\"><div class=\"yoast-breadcrumbs\"><span><span><a href=\"https:\/\/www.openarms.es\/fr\/que-faisons-nous\">Que faisons-nous<\/a><\/span> &gt; <span><a href=\"https:\/\/www.openarms.es\/fr\/que-faisons-nous\/missions-humanitaires\">Missions humanitaires<\/a><\/span> &gt; <span><a href=\"https:\/\/www.openarms.es\/fr\/que-faisons-nous\/missions-humanitaires\/vols-humanitaires\">Vols humanitaires<\/a><\/span> &gt; <span class=\"breadcrumb_last\" aria-current=\"page\">Mozambique<\/span><\/span><\/div>\n\n\n<hr class=\"wp-block-separator has-text-color has-gray-color has-alpha-channel-opacity has-gray-background-color has-background is-style-default\" style=\"margin-top:1rem;margin-bottom:4rem\"\/>\n<\/div>\n\n\n\n<div class=\"wp-block-columns is-layout-flex wp-container-core-columns-is-layout-28f84493 wp-block-columns-is-layout-flex\">\n<div class=\"wp-block-column is-layout-flow wp-block-column-is-layout-flow\" style=\"padding-right:var(--wp--preset--spacing--70);flex-basis:40%\">\n<h2 class=\"wp-block-heading has-contrast-color has-text-color has-link-color has-medium-large-font-size wp-elements-2587ac45980d7c6a7cca8e12b77912e2\" style=\"padding-right:var(--wp--preset--spacing--40)\"><strong>Mozambique<\/strong><br\/><\/h2>\n<\/div>\n\n\n\n<div class=\"wp-block-column is-layout-flow wp-block-column-is-layout-flow\" style=\"flex-basis:50%\">\n<p>La situation \u00e0 Cabo Delgado, sur la c\u00f4te nord du Mozambique, est <strong>critique selon ACNUR<\/strong>. Depuis 2017, la r\u00e9gion subit des attaques indiscrimin\u00e9es r\u00e9p\u00e9t\u00e9es de la part de groupes arm\u00e9s affili\u00e9s \u00e0 l\u2019\u00c9tat islamique qui d\u00e9truisent les villages, torturent, violent et tuent leurs communaut\u00e9s. <strong>Plus de 2 800 personnes ont perdu la vie<\/strong> \u00e0 cause de ces attaques, et <strong>730 000 Mozambicains de cette r\u00e9gion ont quitt\u00e9 leur terre<\/strong>. Le tout dans une situation aggrav\u00e9e par la pauvret\u00e9 chronique, les crises climatiques successives et les flamb\u00e9es r\u00e9currentes de maladies.<\/p>\n\n\n\n<p>Dans une tentative d\u2019att\u00e9nuer la grave crise humanitaire, en 2021, <strong>nous avons envoy\u00e9 conjointement avec Solidaire 33 tonnes de nourriture<\/strong>. Celles-ci ont \u00e9t\u00e9 remises \u00e0 Caritas Mozambique et comprenaient des l\u00e9gumes secs, des conserves de poisson, du riz et de l\u2019huile de tournesol. L\u2019envoi a pu \u00eatre effectu\u00e9 \u00e0 bord d\u2019un Boeing 787 de Solidaire, qui a atterri \u00e0 Nacala (Mozambique), avec le soutien de l\u2019entreprise logistique Transjunior.<\/p>\n<\/div>\n<\/div>\n\n\n\n<div class=\"wp-block-group alignwide has-global-padding is-layout-constrained wp-container-core-group-is-layout-82100965 wp-block-group-is-layout-constrained\" style=\"min-height:0vh;margin-top:0;margin-bottom:0;padding-top:var(--wp--preset--spacing--64);padding-right:0;padding-bottom:var(--wp--preset--spacing--64);padding-left:0\">\n<figure class=\"wp-block-image aligncenter size-full is-resized h-fixed\"><img loading=\"lazy\" decoding=\"async\" width=\"2560\" height=\"1707\" src=\"https:\/\/www.openarms.es\/wp-content\/uploads\/2025\/07\/10_Open-Arms-scaled.jpg\" alt=\"\" class=\"wp-image-6711\" style=\"aspect-ratio:16\/9;object-fit:cover;width:auto;height:600px\" srcset=\"https:\/\/www.openarms.es\/wp-content\/uploads\/2025\/07\/10_Open-Arms-scaled.jpg 2560w, https:\/\/www.openarms.es\/wp-content\/uploads\/2025\/07\/10_Open-Arms-300x200.jpg 300w, https:\/\/www.openarms.es\/wp-content\/uploads\/2025\/07\/10_Open-Arms-1024x683.jpg 1024w, https:\/\/www.openarms.es\/wp-content\/uploads\/2025\/07\/10_Open-Arms-768x512.jpg 768w, https:\/\/www.openarms.es\/wp-content\/uploads\/2025\/07\/10_Open-Arms-1536x1024.jpg 1536w, https:\/\/www.openarms.es\/wp-content\/uploads\/2025\/07\/10_Open-Arms-2048x1366.jpg 2048w\" sizes=\"auto, (max-width: 2560px) 100vw, 2560px\" \/><figcaption class=\"wp-element-caption\">Un vol humanitaire, initiative solidaire organis\u00e9e par les ONG Open Arms et Solidaire, atterrit avec 33 tonnes de nourriture \u00e0 l\u2019a\u00e9roport de Nacala, dans le nord du Mozambique. <br\/><\/figcaption><\/figure>\n<\/div>\n\n\n\n<hr class=\"wp-block-separator has-text-color has-contrast-color has-alpha-channel-opacity has-contrast-background-color has-background\" style=\"margin-top:var(--wp--preset--spacing--24);margin-bottom:var(--wp--preset--spacing--64)\"\/>\n<\/div>\n\n\n\n<div class=\"wp-block-group alignfull has-global-padding is-layout-constrained wp-container-core-group-is-layout-74ccbb19 wp-block-group-is-layout-constrained\" style=\"min-height:0vh;margin-top:0;margin-bottom:0;padding-right:var(--wp--preset--spacing--40);padding-left:var(--wp--preset--spacing--40)\">\n<div class=\"wp-block-columns are-vertically-aligned-top is-content-justification-center is-layout-flex wp-container-core-columns-is-layout-8c19c11b wp-block-columns-is-layout-flex\">\n<div class=\"wp-block-column is-vertically-aligned-top is-layout-flow wp-block-column-is-layout-flow\" style=\"flex-basis:60%\">\n<div class=\"wp-block-group has-contrast-background-color has-background has-global-padding is-layout-constrained wp-container-core-group-is-layout-a91b9633 wp-block-group-is-layout-constrained\" style=\"border-style:none;border-width:0px;border-radius:32px;padding-top:var(--wp--preset--spacing--40);padding-right:2rem;padding-bottom:var(--wp--preset--spacing--40);padding-left:2rem\">\n<h3 class=\"wp-block-heading has-text-align-center has-base-color has-text-color has-link-color wp-elements-0925c158e1c62a4a90edb86eeb50ddb4\" style=\"margin-right:0;margin-left:0;padding-right:0;padding-left:0;font-size:clamp(1.502rem, 1.502rem + ((1vw - 0.2rem) * 1.181), 2.5rem);line-height:1.15\">Si tu crois que chaque vie m\u00e9rite d\u2019\u00eatre sauv\u00e9e, implique-toi. Ensemble, nous pouvons en sauver beaucoup d\u2019autres.<\/h3>\n\n\n\n<div class=\"wp-block-buttons is-horizontal is-content-justification-center is-layout-flex wp-container-core-buttons-is-layout-03627597 wp-block-buttons-is-layout-flex\">\n<div class=\"wp-block-button\"><a class=\"wp-block-button__link has-contrast-color has-base-background-color has-text-color has-background has-custom-font-size wp-element-button\" href=\"https:\/\/www.openarms.es\/como-ayudar\/dona\" style=\"padding-top:16px;padding-right:24px;padding-bottom:14px;padding-left:24px;font-size:clamp(14px, 0.875rem + ((1vw - 3.2px) * 0.296), 18px);font-style:normal;font-weight:700\">FAIS UN DON<\/a><\/div>\n<\/div>\n<\/div>\n<\/div>\n<\/div>\n<\/div>\n<\/div><\/div>\n","protected":false},"excerpt":{"rendered":"","protected":false},"author":1,"featured_media":3664,"parent":4462,"menu_order":0,"comment_status":"closed","ping_status":"closed","template":"page-interior","meta":{"content-type":"","footnotes":""},"class_list":["post-4473","page","type-page","status-publish","has-post-thumbnail","hentry"],"yoast_head":"<!-- This site is optimized with the Yoast SEO plugin v25.9 - https:\/\/yoast.com\/wordpress\/plugins\/seo\/ -->\n<title>Mozambique : Aide alimentaire urgente | Open Arms<\/title>\n<meta name=\"description\" content=\"Open Arms a envoy\u00e9 33 tonnes de nourriture au Mozambique en 2021, soutenant des communaut\u00e9s d\u00e9plac\u00e9es par la violence et les crises climatiques.\" \/>\n<meta name=\"robots\" content=\"index, follow, max-snippet:-1, max-image-preview:large, max-video-preview:-1\" \/>\n<link rel=\"canonical\" href=\"https:\/\/www.openarms.es\/fr\/que-faisons-nous\/missions-humanitaires\/vols-humanitaires\/mozambique\" \/>\n<meta property=\"og:locale\" content=\"fr_FR\" \/>\n<meta property=\"og:type\" content=\"article\" \/>\n<meta property=\"og:title\" content=\"Mozambique : Aide alimentaire urgente | Open Arms\" \/>\n<meta property=\"og:description\" content=\"Open Arms a envoy\u00e9 33 tonnes de nourriture au Mozambique en 2021, soutenant des communaut\u00e9s d\u00e9plac\u00e9es par la violence et les crises climatiques.\" \/>\n<meta property=\"og:url\" content=\"https:\/\/www.openarms.es\/fr\/que-faisons-nous\/missions-humanitaires\/vols-humanitaires\/mozambique\" \/>\n<meta property=\"og:site_name\" content=\"Open Arms\" \/>\n<meta property=\"article:modified_time\" content=\"2025-07-25T14:16:10+00:00\" \/>\n<meta property=\"og:image\" content=\"https:\/\/www.openarms.es\/wp-content\/uploads\/2025\/05\/Header_Mozambique.jpg\" \/>\n\t<meta property=\"og:image:width\" content=\"1600\" \/>\n\t<meta property=\"og:image:height\" content=\"300\" \/>\n\t<meta property=\"og:image:type\" content=\"image\/jpeg\" \/>\n<meta name=\"twitter:card\" content=\"summary_large_image\" \/>\n<meta name=\"twitter:label1\" content=\"Dur\u00e9e de lecture estim\u00e9e\" \/>\n\t<meta name=\"twitter:data1\" content=\"1 minute\" \/>\n<script type=\"application\/ld+json\" class=\"yoast-schema-graph\">{\"@context\":\"https:\/\/schema.org\",\"@graph\":[{\"@type\":\"WebPage\",\"@id\":\"https:\/\/www.openarms.es\/fr\/que-faisons-nous\/missions-humanitaires\/vols-humanitaires\/mozambique\",\"url\":\"https:\/\/www.openarms.es\/fr\/que-faisons-nous\/missions-humanitaires\/vols-humanitaires\/mozambique\",\"name\":\"Mozambique : Aide alimentaire urgente | Open Arms\",\"isPartOf\":{\"@id\":\"https:\/\/www.openarms.es\/fr#website\"},\"primaryImageOfPage\":{\"@id\":\"https:\/\/www.openarms.es\/fr\/que-faisons-nous\/missions-humanitaires\/vols-humanitaires\/mozambique#primaryimage\"},\"image\":{\"@id\":\"https:\/\/www.openarms.es\/fr\/que-faisons-nous\/missions-humanitaires\/vols-humanitaires\/mozambique#primaryimage\"},\"thumbnailUrl\":\"https:\/\/www.openarms.es\/wp-content\/uploads\/2025\/05\/Header_Mozambique.jpg\",\"datePublished\":\"2025-05-15T08:24:50+00:00\",\"dateModified\":\"2025-07-25T14:16:10+00:00\",\"description\":\"Open Arms a envoy\u00e9 33 tonnes de nourriture au Mozambique en 2021, soutenant des communaut\u00e9s d\u00e9plac\u00e9es par la violence et les crises climatiques.\",\"breadcrumb\":{\"@id\":\"https:\/\/www.openarms.es\/fr\/que-faisons-nous\/missions-humanitaires\/vols-humanitaires\/mozambique#breadcrumb\"},\"inLanguage\":\"fr-FR\",\"potentialAction\":[{\"@type\":\"ReadAction\",\"target\":[\"https:\/\/www.openarms.es\/fr\/que-faisons-nous\/missions-humanitaires\/vols-humanitaires\/mozambique\"]}]},{\"@type\":\"ImageObject\",\"inLanguage\":\"fr-FR\",\"@id\":\"https:\/\/www.openarms.es\/fr\/que-faisons-nous\/missions-humanitaires\/vols-humanitaires\/mozambique#primaryimage\",\"url\":\"https:\/\/www.openarms.es\/wp-content\/uploads\/2025\/05\/Header_Mozambique.jpg\",\"contentUrl\":\"https:\/\/www.openarms.es\/wp-content\/uploads\/2025\/05\/Header_Mozambique.jpg\",\"width\":1600,\"height\":300},{\"@type\":\"BreadcrumbList\",\"@id\":\"https:\/\/www.openarms.es\/fr\/que-faisons-nous\/missions-humanitaires\/vols-humanitaires\/mozambique#breadcrumb\",\"itemListElement\":[{\"@type\":\"ListItem\",\"position\":1,\"name\":\"Que faisons-nous\",\"item\":\"https:\/\/www.openarms.es\/fr\/que-faisons-nous\"},{\"@type\":\"ListItem\",\"position\":2,\"name\":\"Missions humanitaires\",\"item\":\"https:\/\/www.openarms.es\/fr\/que-faisons-nous\/missions-humanitaires\"},{\"@type\":\"ListItem\",\"position\":3,\"name\":\"Vols humanitaires\",\"item\":\"https:\/\/www.openarms.es\/fr\/que-faisons-nous\/missions-humanitaires\/vols-humanitaires\"},{\"@type\":\"ListItem\",\"position\":4,\"name\":\"Mozambique\"}]},{\"@type\":\"WebSite\",\"@id\":\"https:\/\/www.openarms.es\/fr#website\",\"url\":\"https:\/\/www.openarms.es\/fr\",\"name\":\"Open Arms\",\"description\":\"\",\"publisher\":{\"@id\":\"https:\/\/www.openarms.es\/fr#organization\"},\"potentialAction\":[{\"@type\":\"SearchAction\",\"target\":{\"@type\":\"EntryPoint\",\"urlTemplate\":\"https:\/\/www.openarms.es\/fr?s={search_term_string}\"},\"query-input\":{\"@type\":\"PropertyValueSpecification\",\"valueRequired\":true,\"valueName\":\"search_term_string\"}}],\"inLanguage\":\"fr-FR\"},{\"@type\":\"Organization\",\"@id\":\"https:\/\/www.openarms.es\/fr#organization\",\"name\":\"Open Arms\",\"url\":\"https:\/\/www.openarms.es\/fr\",\"logo\":{\"@type\":\"ImageObject\",\"inLanguage\":\"fr-FR\",\"@id\":\"https:\/\/www.openarms.es\/fr#\/schema\/logo\/image\/\",\"url\":\"https:\/\/www.openarms.es\/wp-content\/uploads\/2025\/03\/BRAND.svg\",\"contentUrl\":\"https:\/\/www.openarms.es\/wp-content\/uploads\/2025\/03\/BRAND.svg\",\"caption\":\"Open Arms\"},\"image\":{\"@id\":\"https:\/\/www.openarms.es\/fr#\/schema\/logo\/image\/\"}}]}<\/script>\n<!-- \/ Yoast SEO plugin. -->","yoast_head_json":{"title":"Mozambique : Aide alimentaire urgente | Open Arms","description":"Open Arms a envoy\u00e9 33 tonnes de nourriture au Mozambique en 2021, soutenant des communaut\u00e9s d\u00e9plac\u00e9es par la violence et les crises climatiques.","robots":{"index":"index","follow":"follow","max-snippet":"max-snippet:-1","max-image-preview":"max-image-preview:large","max-video-preview":"max-video-preview:-1"},"canonical":"https:\/\/www.openarms.es\/fr\/que-faisons-nous\/missions-humanitaires\/vols-humanitaires\/mozambique","og_locale":"fr_FR","og_type":"article","og_title":"Mozambique : Aide alimentaire urgente | Open Arms","og_description":"Open Arms a envoy\u00e9 33 tonnes de nourriture au Mozambique en 2021, soutenant des communaut\u00e9s d\u00e9plac\u00e9es par la violence et les crises climatiques.","og_url":"https:\/\/www.openarms.es\/fr\/que-faisons-nous\/missions-humanitaires\/vols-humanitaires\/mozambique","og_site_name":"Open Arms","article_modified_time":"2025-07-25T14:16:10+00:00","og_image":[{"width":1600,"height":300,"url":"https:\/\/www.openarms.es\/wp-content\/uploads\/2025\/05\/Header_Mozambique.jpg","type":"image\/jpeg"}],"twitter_card":"summary_large_image","twitter_misc":{"Dur\u00e9e de lecture estim\u00e9e":"1 minute"},"schema":{"@context":"https:\/\/schema.org","@graph":[{"@type":"WebPage","@id":"https:\/\/www.openarms.es\/fr\/que-faisons-nous\/missions-humanitaires\/vols-humanitaires\/mozambique","url":"https:\/\/www.openarms.es\/fr\/que-faisons-nous\/missions-humanitaires\/vols-humanitaires\/mozambique","name":"Mozambique : Aide alimentaire urgente | Open Arms","isPartOf":{"@id":"https:\/\/www.openarms.es\/fr#website"},"primaryImageOfPage":{"@id":"https:\/\/www.openarms.es\/fr\/que-faisons-nous\/missions-humanitaires\/vols-humanitaires\/mozambique#primaryimage"},"image":{"@id":"https:\/\/www.openarms.es\/fr\/que-faisons-nous\/missions-humanitaires\/vols-humanitaires\/mozambique#primaryimage"},"thumbnailUrl":"https:\/\/www.openarms.es\/wp-content\/uploads\/2025\/05\/Header_Mozambique.jpg","datePublished":"2025-05-15T08:24:50+00:00","dateModified":"2025-07-25T14:16:10+00:00","description":"Open Arms a envoy\u00e9 33 tonnes de nourriture au Mozambique en 2021, soutenant des communaut\u00e9s d\u00e9plac\u00e9es par la violence et les crises climatiques.","breadcrumb":{"@id":"https:\/\/www.openarms.es\/fr\/que-faisons-nous\/missions-humanitaires\/vols-humanitaires\/mozambique#breadcrumb"},"inLanguage":"fr-FR","potentialAction":[{"@type":"ReadAction","target":["https:\/\/www.openarms.es\/fr\/que-faisons-nous\/missions-humanitaires\/vols-humanitaires\/mozambique"]}]},{"@type":"ImageObject","inLanguage":"fr-FR","@id":"https:\/\/www.openarms.es\/fr\/que-faisons-nous\/missions-humanitaires\/vols-humanitaires\/mozambique#primaryimage","url":"https:\/\/www.openarms.es\/wp-content\/uploads\/2025\/05\/Header_Mozambique.jpg","contentUrl":"https:\/\/www.openarms.es\/wp-content\/uploads\/2025\/05\/Header_Mozambique.jpg","width":1600,"height":300},{"@type":"BreadcrumbList","@id":"https:\/\/www.openarms.es\/fr\/que-faisons-nous\/missions-humanitaires\/vols-humanitaires\/mozambique#breadcrumb","itemListElement":[{"@type":"ListItem","position":1,"name":"Que faisons-nous","item":"https:\/\/www.openarms.es\/fr\/que-faisons-nous"},{"@type":"ListItem","position":2,"name":"Missions humanitaires","item":"https:\/\/www.openarms.es\/fr\/que-faisons-nous\/missions-humanitaires"},{"@type":"ListItem","position":3,"name":"Vols humanitaires","item":"https:\/\/www.openarms.es\/fr\/que-faisons-nous\/missions-humanitaires\/vols-humanitaires"},{"@type":"ListItem","position":4,"name":"Mozambique"}]},{"@type":"WebSite","@id":"https:\/\/www.openarms.es\/fr#website","url":"https:\/\/www.openarms.es\/fr","name":"Open Arms","description":"","publisher":{"@id":"https:\/\/www.openarms.es\/fr#organization"},"potentialAction":[{"@type":"SearchAction","target":{"@type":"EntryPoint","urlTemplate":"https:\/\/www.openarms.es\/fr?s={search_term_string}"},"query-input":{"@type":"PropertyValueSpecification","valueRequired":true,"valueName":"search_term_string"}}],"inLanguage":"fr-FR"},{"@type":"Organization","@id":"https:\/\/www.openarms.es\/fr#organization","name":"Open Arms","url":"https:\/\/www.openarms.es\/fr","logo":{"@type":"ImageObject","inLanguage":"fr-FR","@id":"https:\/\/www.openarms.es\/fr#\/schema\/logo\/image\/","url":"https:\/\/www.openarms.es\/wp-content\/uploads\/2025\/03\/BRAND.svg","contentUrl":"https:\/\/www.openarms.es\/wp-content\/uploads\/2025\/03\/BRAND.svg","caption":"Open Arms"},"image":{"@id":"https:\/\/www.openarms.es\/fr#\/schema\/logo\/image\/"}}]}},"_links":{"self":[{"href":"https:\/\/www.openarms.es\/fr\/wp-json\/wp\/v2\/pages\/4473","targetHints":{"allow":["GET"]}}],"collection":[{"href":"https:\/\/www.openarms.es\/fr\/wp-json\/wp\/v2\/pages"}],"about":[{"href":"https:\/\/www.openarms.es\/fr\/wp-json\/wp\/v2\/types\/page"}],"author":[{"embeddable":true,"href":"https:\/\/www.openarms.es\/fr\/wp-json\/wp\/v2\/users\/1"}],"replies":[{"embeddable":true,"href":"https:\/\/www.openarms.es\/fr\/wp-json\/wp\/v2\/comments?post=4473"}],"version-history":[{"count":7,"href":"https:\/\/www.openarms.es\/fr\/wp-json\/wp\/v2\/pages\/4473\/revisions"}],"predecessor-version":[{"id":7487,"href":"https:\/\/www.openarms.es\/fr\/wp-json\/wp\/v2\/pages\/4473\/revisions\/7487"}],"up":[{"embeddable":true,"href":"https:\/\/www.openarms.es\/fr\/wp-json\/wp\/v2\/pages\/4462"}],"wp:featuredmedia":[{"embeddable":true,"href":"https:\/\/www.openarms.es\/fr\/wp-json\/wp\/v2\/media\/3664"}],"wp:attachment":[{"href":"https:\/\/www.openarms.es\/fr\/wp-json\/wp\/v2\/media?parent=4473"}],"curies":[{"name":"wp","href":"https:\/\/api.w.org\/{rel}","templated":true}]}}