{"id":4477,"date":"2025-05-15T08:17:06","date_gmt":"2025-05-15T08:17:06","guid":{"rendered":"https:\/\/www.openarms.es\/que-faisons-nous\/missions-humanitaires\/vols-humanitaires\/niger"},"modified":"2025-06-20T09:18:25","modified_gmt":"2025-06-20T09:18:25","slug":"niger","status":"publish","type":"page","link":"https:\/\/www.openarms.es\/fr\/que-faisons-nous\/missions-humanitaires\/vols-humanitaires\/niger","title":{"rendered":"Niger"},"content":{"rendered":"\n<div class=\"wp-block-cover alignfull ebavs-header-hero-interior\" style=\"min-height:40rem;aspect-ratio:unset;\"><img loading=\"lazy\" decoding=\"async\" width=\"1024\" height=\"576\" class=\"wp-block-cover__image-background wp-image-2905 size-large\" alt=\"vuelos humanitarios Open Arms\" src=\"https:\/\/www.openarms.es\/wp-content\/uploads\/2025\/05\/niger-1024x576.jpg\" data-object-fit=\"cover\" srcset=\"https:\/\/www.openarms.es\/wp-content\/uploads\/2025\/05\/niger-1024x576.jpg 1024w, https:\/\/www.openarms.es\/wp-content\/uploads\/2025\/05\/niger-300x169.jpg 300w, https:\/\/www.openarms.es\/wp-content\/uploads\/2025\/05\/niger-768x432.jpg 768w, https:\/\/www.openarms.es\/wp-content\/uploads\/2025\/05\/niger.jpg 1280w\" sizes=\"auto, (max-width: 1024px) 100vw, 1024px\" \/><span aria-hidden=\"true\" class=\"wp-block-cover__background has-black-background-color has-background-dim\"><\/span><div class=\"wp-block-cover__inner-container is-layout-flow wp-block-cover-is-layout-flow\">\n<div class=\"wp-block-group alignwide has-global-padding is-layout-constrained wp-container-core-group-is-layout-a8a8a09e wp-block-group-is-layout-constrained\" style=\"margin-top:auto;margin-bottom:auto;padding-right:0;padding-left:0\">\n<div class=\"wp-block-group has-global-padding is-content-justification-left is-layout-constrained wp-container-core-group-is-layout-b58f3518 wp-block-group-is-layout-constrained\">\n<p class=\"has-text-align-left has-base-color has-text-color has-large-font-size\" style=\"text-transform:uppercase\">Vols humanitaires<\/p>\n\n\n\n<h1 class=\"wp-block-heading has-text-align-left has-base-color has-text-color has-xx-large-font-size\" style=\"margin-top:0;margin-bottom:0\">Niger<\/h1>\n\n\n\n<p class=\"has-base-color has-text-color has-link-color wp-elements-91813cafab3ddfdf3fedd8da515d672d\" style=\"margin-top:0;margin-bottom:0\">Si tu penses qu\u2019en situation d\u2019urgence il faut prot\u00e9ger la vie des plus vuln\u00e9rables, tu fais partie des n\u00f4tres.<\/p>\n\n\n\n<div class=\"wp-block-buttons is-content-justification-left is-layout-flex wp-container-core-buttons-is-layout-fc4fd283 wp-block-buttons-is-layout-flex\">\n<div class=\"wp-block-button\"><a class=\"wp-block-button__link has-contrast-color has-base-background-color has-text-color has-background has-dinnextltpro-font-family has-custom-font-size wp-element-button\" href=\"https:\/\/help.openarms.es\/miembro-openarms\/?lang=fr\" style=\"padding-top:16px;padding-right:24px;padding-bottom:14px;padding-left:24px;font-size:clamp(0.875rem, 0.875rem + ((1vw - 0.2rem) * 0.302), 1.13rem);font-style:normal;font-weight:700;line-height:1;text-transform:uppercase\" target=\"_blank\" rel=\"noreferrer noopener\">Deviens membre<\/a><\/div>\n<\/div>\n<\/div>\n<\/div>\n<\/div><\/div>\n\n<div class=\"wp-block-cover alignfull is-light has-parallax\" style=\"margin-top:0;margin-bottom:var(--wp--preset--spacing--50);padding-top:0;padding-right:0;padding-bottom:0;padding-left:0\"><div class=\"wp-block-cover__image-background wp-image-999 has-parallax\" style=\"background-position:50% 50%;background-image:url(https:\/\/www.openarms.es\/wp-content\/themes\/openarms\/assets\/images\/openarms-texture.webp)\"><\/div><span aria-hidden=\"true\" class=\"wp-block-cover__background has-base-background-color has-background-dim-80 has-background-dim\"><\/span><div class=\"wp-block-cover__inner-container is-layout-flow wp-block-cover-is-layout-flow\">\n<div class=\"wp-block-group has-global-padding is-layout-constrained wp-block-group-is-layout-constrained\">\n<div class=\"wp-block-group has-global-padding is-layout-constrained wp-container-core-group-is-layout-8257ab09 wp-block-group-is-layout-constrained\" style=\"margin-top:1rem\"><div class=\"yoast-breadcrumbs\"><span><span><a href=\"https:\/\/www.openarms.es\/fr\/que-faisons-nous\">Que faisons-nous<\/a><\/span> &gt; <span><a href=\"https:\/\/www.openarms.es\/fr\/que-faisons-nous\/missions-humanitaires\">Missions humanitaires<\/a><\/span> &gt; <span><a href=\"https:\/\/www.openarms.es\/fr\/que-faisons-nous\/missions-humanitaires\/vols-humanitaires\">Vols humanitaires<\/a><\/span> &gt; <span class=\"breadcrumb_last\" aria-current=\"page\">Niger<\/span><\/span><\/div>\n\n\n<hr class=\"wp-block-separator has-text-color has-gray-color has-alpha-channel-opacity has-gray-background-color has-background is-style-default\" style=\"margin-top:1rem;margin-bottom:4rem\"\/>\n<\/div>\n\n\n\n<div class=\"wp-block-columns is-layout-flex wp-container-core-columns-is-layout-28f84493 wp-block-columns-is-layout-flex\">\n<div class=\"wp-block-column is-layout-flow wp-block-column-is-layout-flow\" style=\"padding-right:var(--wp--preset--spacing--70);flex-basis:40%\">\n<h2 class=\"wp-block-heading has-contrast-color has-text-color has-link-color has-medium-large-font-size wp-elements-78ae78b98c8a9e981b16189ddc836bae\" style=\"padding-right:var(--wp--preset--spacing--40)\"><strong>Niger<\/strong><\/h2>\n<\/div>\n\n\n\n<div class=\"wp-block-column is-layout-flow wp-block-column-is-layout-flow\" style=\"flex-basis:50%\">\n<p>Le projet europ\u00e9en COMET se d\u00e9roule entre des organisations de plusieurs pays, avec pour objectif de <strong>mettre en s\u00e9curit\u00e9 des personnes en situation de vuln\u00e9rabilit\u00e9 extr\u00eame<\/strong> et de leur offrir accueil et protection en Italie.<\/p>\n\n\n\n<p>Dans le cadre de ce projet, nous avons r\u00e9ussi \u00e0 cr\u00e9er un couloir humanitaire entre Niamey (Niger) et l\u2019Italie pour <strong>\u00e9vacuer, en deux vols, 148 personnes r\u00e9fugi\u00e9es provenant de pays de la r\u00e9gion tels que le Nigeria, le Mali ou le Cameroun<\/strong>. Pour celles et ceux qui fuient les conflits, les guerres ou la famine, c\u2019est l\u2019<strong>alternative s\u00fbre<\/strong> \u00e0 la plus grande fosse commune du monde : la M\u00e9diterran\u00e9e.<\/p>\n<\/div>\n<\/div>\n\n\n\n<div class=\"wp-block-group alignwide has-global-padding is-layout-constrained wp-container-core-group-is-layout-82100965 wp-block-group-is-layout-constrained\" style=\"min-height:0vh;margin-top:0;margin-bottom:0;padding-top:var(--wp--preset--spacing--64);padding-right:0;padding-bottom:var(--wp--preset--spacing--64);padding-left:0\">\n<figure class=\"wp-block-image aligncenter size-full is-resized h-fixed\"><img loading=\"lazy\" decoding=\"async\" width=\"1920\" height=\"1280\" src=\"https:\/\/www.openarms.es\/wp-content\/uploads\/2025\/05\/niger-02.jpg\" alt=\"Vol humanitaire Niger\" class=\"wp-image-3678\" style=\"aspect-ratio:16\/9;object-fit:cover;width:auto;height:600px\" srcset=\"https:\/\/www.openarms.es\/wp-content\/uploads\/2025\/05\/niger-02.jpg 1920w, https:\/\/www.openarms.es\/wp-content\/uploads\/2025\/05\/niger-02-300x200.jpg 300w, https:\/\/www.openarms.es\/wp-content\/uploads\/2025\/05\/niger-02-1024x683.jpg 1024w, https:\/\/www.openarms.es\/wp-content\/uploads\/2025\/05\/niger-02-768x512.jpg 768w, https:\/\/www.openarms.es\/wp-content\/uploads\/2025\/05\/niger-02-1536x1024.jpg 1536w\" sizes=\"auto, (max-width: 1920px) 100vw, 1920px\" \/><\/figure>\n<\/div>\n\n\n\n<hr class=\"wp-block-separator has-text-color has-contrast-color has-alpha-channel-opacity has-contrast-background-color has-background\" style=\"margin-top:var(--wp--preset--spacing--24);margin-bottom:var(--wp--preset--spacing--64)\"\/>\n<\/div>\n\n\n\n<div class=\"wp-block-group alignfull has-global-padding is-layout-constrained wp-container-core-group-is-layout-74ccbb19 wp-block-group-is-layout-constrained\" style=\"min-height:0vh;margin-top:0;margin-bottom:0;padding-right:var(--wp--preset--spacing--40);padding-left:var(--wp--preset--spacing--40)\">\n<div class=\"wp-block-columns are-vertically-aligned-top is-content-justification-center is-layout-flex wp-container-core-columns-is-layout-8c19c11b wp-block-columns-is-layout-flex\">\n<div class=\"wp-block-column is-vertically-aligned-top is-layout-flow wp-block-column-is-layout-flow\" style=\"flex-basis:60%\">\n<div class=\"wp-block-group has-contrast-background-color has-background has-global-padding is-layout-constrained wp-container-core-group-is-layout-a91b9633 wp-block-group-is-layout-constrained\" style=\"border-style:none;border-width:0px;border-radius:32px;padding-top:var(--wp--preset--spacing--40);padding-right:2rem;padding-bottom:var(--wp--preset--spacing--40);padding-left:2rem\">\n<h3 class=\"wp-block-heading has-text-align-center has-base-color has-text-color has-link-color wp-elements-0925c158e1c62a4a90edb86eeb50ddb4\" style=\"margin-right:0;margin-left:0;padding-right:0;padding-left:0;font-size:clamp(1.502rem, 1.502rem + ((1vw - 0.2rem) * 1.181), 2.5rem);line-height:1.15\">Si tu crois que chaque vie m\u00e9rite d\u2019\u00eatre sauv\u00e9e, implique-toi. Ensemble, nous pouvons en sauver beaucoup d\u2019autres.<\/h3>\n\n\n\n<div class=\"wp-block-buttons is-horizontal is-content-justification-center is-layout-flex wp-container-core-buttons-is-layout-03627597 wp-block-buttons-is-layout-flex\">\n<div class=\"wp-block-button\"><a class=\"wp-block-button__link has-contrast-color has-base-background-color has-text-color has-background has-custom-font-size wp-element-button\" href=\"https:\/\/www.openarms.es\/fr\/comment-aider\/fais-un-don\" style=\"padding-top:16px;padding-right:24px;padding-bottom:14px;padding-left:24px;font-size:clamp(14px, 0.875rem + ((1vw - 3.2px) * 0.296), 18px);font-style:normal;font-weight:700\">FAIS UN DON<\/a><\/div>\n<\/div>\n<\/div>\n<\/div>\n<\/div>\n<\/div>\n<\/div><\/div>\n","protected":false},"excerpt":{"rendered":"","protected":false},"author":1,"featured_media":2908,"parent":4462,"menu_order":0,"comment_status":"closed","ping_status":"closed","template":"page-interior","meta":{"content-type":"","footnotes":""},"class_list":["post-4477","page","type-page","status-publish","has-post-thumbnail","hentry"],"yoast_head":"<!-- This site is optimized with the Yoast SEO plugin v25.9 - https:\/\/yoast.com\/wordpress\/plugins\/seo\/ -->\n<title>Niger : Couloir a\u00e9rien s\u00e9curis\u00e9 pour les r\u00e9fugi\u00e9s | Open Arms<\/title>\n<meta name=\"description\" content=\"Open Arms a \u00e9vacu\u00e9 148 personnes du Niger vers l\u2019Italie. Un couloir humanitaire pour fuir les guerres, la faim et \u00e9viter la M\u00e9diterran\u00e9e.\" \/>\n<meta name=\"robots\" content=\"index, follow, max-snippet:-1, max-image-preview:large, max-video-preview:-1\" \/>\n<link rel=\"canonical\" href=\"https:\/\/www.openarms.es\/fr\/que-faisons-nous\/missions-humanitaires\/vols-humanitaires\/niger\" \/>\n<meta property=\"og:locale\" content=\"fr_FR\" \/>\n<meta property=\"og:type\" content=\"article\" \/>\n<meta property=\"og:title\" content=\"Niger : Couloir a\u00e9rien s\u00e9curis\u00e9 pour les r\u00e9fugi\u00e9s | Open Arms\" \/>\n<meta property=\"og:description\" content=\"Open Arms a \u00e9vacu\u00e9 148 personnes du Niger vers l\u2019Italie. Un couloir humanitaire pour fuir les guerres, la faim et \u00e9viter la M\u00e9diterran\u00e9e.\" \/>\n<meta property=\"og:url\" content=\"https:\/\/www.openarms.es\/fr\/que-faisons-nous\/missions-humanitaires\/vols-humanitaires\/niger\" \/>\n<meta property=\"og:site_name\" content=\"Open Arms\" \/>\n<meta property=\"article:modified_time\" content=\"2025-06-20T09:18:25+00:00\" \/>\n<meta property=\"og:image\" content=\"https:\/\/www.openarms.es\/wp-content\/uploads\/2025\/05\/niger.jpg\" \/>\n\t<meta property=\"og:image:width\" content=\"1280\" \/>\n\t<meta property=\"og:image:height\" content=\"720\" \/>\n\t<meta property=\"og:image:type\" content=\"image\/jpeg\" \/>\n<meta name=\"twitter:card\" content=\"summary_large_image\" \/>\n<meta name=\"twitter:label1\" content=\"Dur\u00e9e de lecture estim\u00e9e\" \/>\n\t<meta name=\"twitter:data1\" content=\"1 minute\" \/>\n<script type=\"application\/ld+json\" class=\"yoast-schema-graph\">{\"@context\":\"https:\/\/schema.org\",\"@graph\":[{\"@type\":\"WebPage\",\"@id\":\"https:\/\/www.openarms.es\/fr\/que-faisons-nous\/missions-humanitaires\/vols-humanitaires\/niger\",\"url\":\"https:\/\/www.openarms.es\/fr\/que-faisons-nous\/missions-humanitaires\/vols-humanitaires\/niger\",\"name\":\"Niger : Couloir a\u00e9rien s\u00e9curis\u00e9 pour les r\u00e9fugi\u00e9s | Open Arms\",\"isPartOf\":{\"@id\":\"https:\/\/www.openarms.es\/fr#website\"},\"primaryImageOfPage\":{\"@id\":\"https:\/\/www.openarms.es\/fr\/que-faisons-nous\/missions-humanitaires\/vols-humanitaires\/niger#primaryimage\"},\"image\":{\"@id\":\"https:\/\/www.openarms.es\/fr\/que-faisons-nous\/missions-humanitaires\/vols-humanitaires\/niger#primaryimage\"},\"thumbnailUrl\":\"https:\/\/www.openarms.es\/wp-content\/uploads\/2025\/05\/niger.jpg\",\"datePublished\":\"2025-05-15T08:17:06+00:00\",\"dateModified\":\"2025-06-20T09:18:25+00:00\",\"description\":\"Open Arms a \u00e9vacu\u00e9 148 personnes du Niger vers l\u2019Italie. Un couloir humanitaire pour fuir les guerres, la faim et \u00e9viter la M\u00e9diterran\u00e9e.\",\"breadcrumb\":{\"@id\":\"https:\/\/www.openarms.es\/fr\/que-faisons-nous\/missions-humanitaires\/vols-humanitaires\/niger#breadcrumb\"},\"inLanguage\":\"fr-FR\",\"potentialAction\":[{\"@type\":\"ReadAction\",\"target\":[\"https:\/\/www.openarms.es\/fr\/que-faisons-nous\/missions-humanitaires\/vols-humanitaires\/niger\"]}]},{\"@type\":\"ImageObject\",\"inLanguage\":\"fr-FR\",\"@id\":\"https:\/\/www.openarms.es\/fr\/que-faisons-nous\/missions-humanitaires\/vols-humanitaires\/niger#primaryimage\",\"url\":\"https:\/\/www.openarms.es\/wp-content\/uploads\/2025\/05\/niger.jpg\",\"contentUrl\":\"https:\/\/www.openarms.es\/wp-content\/uploads\/2025\/05\/niger.jpg\",\"width\":1280,\"height\":720,\"caption\":\"vuelos humanitarios Open Arms\"},{\"@type\":\"BreadcrumbList\",\"@id\":\"https:\/\/www.openarms.es\/fr\/que-faisons-nous\/missions-humanitaires\/vols-humanitaires\/niger#breadcrumb\",\"itemListElement\":[{\"@type\":\"ListItem\",\"position\":1,\"name\":\"Que faisons-nous\",\"item\":\"https:\/\/www.openarms.es\/fr\/que-faisons-nous\"},{\"@type\":\"ListItem\",\"position\":2,\"name\":\"Missions humanitaires\",\"item\":\"https:\/\/www.openarms.es\/fr\/que-faisons-nous\/missions-humanitaires\"},{\"@type\":\"ListItem\",\"position\":3,\"name\":\"Vols humanitaires\",\"item\":\"https:\/\/www.openarms.es\/fr\/que-faisons-nous\/missions-humanitaires\/vols-humanitaires\"},{\"@type\":\"ListItem\",\"position\":4,\"name\":\"Niger\"}]},{\"@type\":\"WebSite\",\"@id\":\"https:\/\/www.openarms.es\/fr#website\",\"url\":\"https:\/\/www.openarms.es\/fr\",\"name\":\"Open Arms\",\"description\":\"\",\"publisher\":{\"@id\":\"https:\/\/www.openarms.es\/fr#organization\"},\"potentialAction\":[{\"@type\":\"SearchAction\",\"target\":{\"@type\":\"EntryPoint\",\"urlTemplate\":\"https:\/\/www.openarms.es\/fr?s={search_term_string}\"},\"query-input\":{\"@type\":\"PropertyValueSpecification\",\"valueRequired\":true,\"valueName\":\"search_term_string\"}}],\"inLanguage\":\"fr-FR\"},{\"@type\":\"Organization\",\"@id\":\"https:\/\/www.openarms.es\/fr#organization\",\"name\":\"Open Arms\",\"url\":\"https:\/\/www.openarms.es\/fr\",\"logo\":{\"@type\":\"ImageObject\",\"inLanguage\":\"fr-FR\",\"@id\":\"https:\/\/www.openarms.es\/fr#\/schema\/logo\/image\/\",\"url\":\"https:\/\/www.openarms.es\/wp-content\/uploads\/2025\/03\/BRAND.svg\",\"contentUrl\":\"https:\/\/www.openarms.es\/wp-content\/uploads\/2025\/03\/BRAND.svg\",\"caption\":\"Open Arms\"},\"image\":{\"@id\":\"https:\/\/www.openarms.es\/fr#\/schema\/logo\/image\/\"}}]}<\/script>\n<!-- \/ Yoast SEO plugin. -->","yoast_head_json":{"title":"Niger : Couloir a\u00e9rien s\u00e9curis\u00e9 pour les r\u00e9fugi\u00e9s | Open Arms","description":"Open Arms a \u00e9vacu\u00e9 148 personnes du Niger vers l\u2019Italie. Un couloir humanitaire pour fuir les guerres, la faim et \u00e9viter la M\u00e9diterran\u00e9e.","robots":{"index":"index","follow":"follow","max-snippet":"max-snippet:-1","max-image-preview":"max-image-preview:large","max-video-preview":"max-video-preview:-1"},"canonical":"https:\/\/www.openarms.es\/fr\/que-faisons-nous\/missions-humanitaires\/vols-humanitaires\/niger","og_locale":"fr_FR","og_type":"article","og_title":"Niger : Couloir a\u00e9rien s\u00e9curis\u00e9 pour les r\u00e9fugi\u00e9s | Open Arms","og_description":"Open Arms a \u00e9vacu\u00e9 148 personnes du Niger vers l\u2019Italie. Un couloir humanitaire pour fuir les guerres, la faim et \u00e9viter la M\u00e9diterran\u00e9e.","og_url":"https:\/\/www.openarms.es\/fr\/que-faisons-nous\/missions-humanitaires\/vols-humanitaires\/niger","og_site_name":"Open Arms","article_modified_time":"2025-06-20T09:18:25+00:00","og_image":[{"width":1280,"height":720,"url":"https:\/\/www.openarms.es\/wp-content\/uploads\/2025\/05\/niger.jpg","type":"image\/jpeg"}],"twitter_card":"summary_large_image","twitter_misc":{"Dur\u00e9e de lecture estim\u00e9e":"1 minute"},"schema":{"@context":"https:\/\/schema.org","@graph":[{"@type":"WebPage","@id":"https:\/\/www.openarms.es\/fr\/que-faisons-nous\/missions-humanitaires\/vols-humanitaires\/niger","url":"https:\/\/www.openarms.es\/fr\/que-faisons-nous\/missions-humanitaires\/vols-humanitaires\/niger","name":"Niger : Couloir a\u00e9rien s\u00e9curis\u00e9 pour les r\u00e9fugi\u00e9s | Open Arms","isPartOf":{"@id":"https:\/\/www.openarms.es\/fr#website"},"primaryImageOfPage":{"@id":"https:\/\/www.openarms.es\/fr\/que-faisons-nous\/missions-humanitaires\/vols-humanitaires\/niger#primaryimage"},"image":{"@id":"https:\/\/www.openarms.es\/fr\/que-faisons-nous\/missions-humanitaires\/vols-humanitaires\/niger#primaryimage"},"thumbnailUrl":"https:\/\/www.openarms.es\/wp-content\/uploads\/2025\/05\/niger.jpg","datePublished":"2025-05-15T08:17:06+00:00","dateModified":"2025-06-20T09:18:25+00:00","description":"Open Arms a \u00e9vacu\u00e9 148 personnes du Niger vers l\u2019Italie. Un couloir humanitaire pour fuir les guerres, la faim et \u00e9viter la M\u00e9diterran\u00e9e.","breadcrumb":{"@id":"https:\/\/www.openarms.es\/fr\/que-faisons-nous\/missions-humanitaires\/vols-humanitaires\/niger#breadcrumb"},"inLanguage":"fr-FR","potentialAction":[{"@type":"ReadAction","target":["https:\/\/www.openarms.es\/fr\/que-faisons-nous\/missions-humanitaires\/vols-humanitaires\/niger"]}]},{"@type":"ImageObject","inLanguage":"fr-FR","@id":"https:\/\/www.openarms.es\/fr\/que-faisons-nous\/missions-humanitaires\/vols-humanitaires\/niger#primaryimage","url":"https:\/\/www.openarms.es\/wp-content\/uploads\/2025\/05\/niger.jpg","contentUrl":"https:\/\/www.openarms.es\/wp-content\/uploads\/2025\/05\/niger.jpg","width":1280,"height":720,"caption":"vuelos humanitarios Open Arms"},{"@type":"BreadcrumbList","@id":"https:\/\/www.openarms.es\/fr\/que-faisons-nous\/missions-humanitaires\/vols-humanitaires\/niger#breadcrumb","itemListElement":[{"@type":"ListItem","position":1,"name":"Que faisons-nous","item":"https:\/\/www.openarms.es\/fr\/que-faisons-nous"},{"@type":"ListItem","position":2,"name":"Missions humanitaires","item":"https:\/\/www.openarms.es\/fr\/que-faisons-nous\/missions-humanitaires"},{"@type":"ListItem","position":3,"name":"Vols humanitaires","item":"https:\/\/www.openarms.es\/fr\/que-faisons-nous\/missions-humanitaires\/vols-humanitaires"},{"@type":"ListItem","position":4,"name":"Niger"}]},{"@type":"WebSite","@id":"https:\/\/www.openarms.es\/fr#website","url":"https:\/\/www.openarms.es\/fr","name":"Open Arms","description":"","publisher":{"@id":"https:\/\/www.openarms.es\/fr#organization"},"potentialAction":[{"@type":"SearchAction","target":{"@type":"EntryPoint","urlTemplate":"https:\/\/www.openarms.es\/fr?s={search_term_string}"},"query-input":{"@type":"PropertyValueSpecification","valueRequired":true,"valueName":"search_term_string"}}],"inLanguage":"fr-FR"},{"@type":"Organization","@id":"https:\/\/www.openarms.es\/fr#organization","name":"Open Arms","url":"https:\/\/www.openarms.es\/fr","logo":{"@type":"ImageObject","inLanguage":"fr-FR","@id":"https:\/\/www.openarms.es\/fr#\/schema\/logo\/image\/","url":"https:\/\/www.openarms.es\/wp-content\/uploads\/2025\/03\/BRAND.svg","contentUrl":"https:\/\/www.openarms.es\/wp-content\/uploads\/2025\/03\/BRAND.svg","caption":"Open Arms"},"image":{"@id":"https:\/\/www.openarms.es\/fr#\/schema\/logo\/image\/"}}]}},"_links":{"self":[{"href":"https:\/\/www.openarms.es\/fr\/wp-json\/wp\/v2\/pages\/4477","targetHints":{"allow":["GET"]}}],"collection":[{"href":"https:\/\/www.openarms.es\/fr\/wp-json\/wp\/v2\/pages"}],"about":[{"href":"https:\/\/www.openarms.es\/fr\/wp-json\/wp\/v2\/types\/page"}],"author":[{"embeddable":true,"href":"https:\/\/www.openarms.es\/fr\/wp-json\/wp\/v2\/users\/1"}],"replies":[{"embeddable":true,"href":"https:\/\/www.openarms.es\/fr\/wp-json\/wp\/v2\/comments?post=4477"}],"version-history":[{"count":5,"href":"https:\/\/www.openarms.es\/fr\/wp-json\/wp\/v2\/pages\/4477\/revisions"}],"predecessor-version":[{"id":6577,"href":"https:\/\/www.openarms.es\/fr\/wp-json\/wp\/v2\/pages\/4477\/revisions\/6577"}],"up":[{"embeddable":true,"href":"https:\/\/www.openarms.es\/fr\/wp-json\/wp\/v2\/pages\/4462"}],"wp:featuredmedia":[{"embeddable":true,"href":"https:\/\/www.openarms.es\/fr\/wp-json\/wp\/v2\/media\/2908"}],"wp:attachment":[{"href":"https:\/\/www.openarms.es\/fr\/wp-json\/wp\/v2\/media?parent=4477"}],"curies":[{"name":"wp","href":"https:\/\/api.w.org\/{rel}","templated":true}]}}