{"id":4481,"date":"2025-05-15T08:14:47","date_gmt":"2025-05-15T08:14:47","guid":{"rendered":"https:\/\/www.openarms.es\/que-faisons-nous\/missions-humanitaires\/vols-humanitaires\/ukraine"},"modified":"2025-06-20T09:18:40","modified_gmt":"2025-06-20T09:18:40","slug":"ukraine","status":"publish","type":"page","link":"https:\/\/www.openarms.es\/fr\/que-faisons-nous\/missions-humanitaires\/vols-humanitaires\/ukraine","title":{"rendered":"UKRAINE"},"content":{"rendered":"\n<div class=\"wp-block-cover alignfull ebavs-header-hero-interior\" style=\"min-height:40rem;aspect-ratio:unset;\"><img loading=\"lazy\" decoding=\"async\" width=\"1024\" height=\"576\" class=\"wp-block-cover__image-background wp-image-2911 size-large\" alt=\"\" src=\"https:\/\/www.openarms.es\/wp-content\/uploads\/2025\/05\/india-bg-1024x576.jpg\" data-object-fit=\"cover\" srcset=\"https:\/\/www.openarms.es\/wp-content\/uploads\/2025\/05\/india-bg-1024x576.jpg 1024w, https:\/\/www.openarms.es\/wp-content\/uploads\/2025\/05\/india-bg-300x169.jpg 300w, https:\/\/www.openarms.es\/wp-content\/uploads\/2025\/05\/india-bg-768x432.jpg 768w, https:\/\/www.openarms.es\/wp-content\/uploads\/2025\/05\/india-bg-1536x864.jpg 1536w, https:\/\/www.openarms.es\/wp-content\/uploads\/2025\/05\/india-bg.jpg 1920w\" sizes=\"auto, (max-width: 1024px) 100vw, 1024px\" \/><span aria-hidden=\"true\" class=\"wp-block-cover__background has-black-background-color has-background-dim\"><\/span><div class=\"wp-block-cover__inner-container is-layout-flow wp-block-cover-is-layout-flow\">\n<div class=\"wp-block-group alignwide has-global-padding is-layout-constrained wp-container-core-group-is-layout-a8a8a09e wp-block-group-is-layout-constrained\" style=\"margin-top:auto;margin-bottom:auto;padding-right:0;padding-left:0\">\n<div class=\"wp-block-group has-global-padding is-content-justification-left is-layout-constrained wp-container-core-group-is-layout-b58f3518 wp-block-group-is-layout-constrained\">\n<p class=\"has-text-align-left has-base-color has-text-color has-large-font-size\" style=\"text-transform:uppercase\">Vols humanitaires<\/p>\n\n\n\n<h1 class=\"wp-block-heading has-text-align-left has-base-color has-text-color has-xx-large-font-size\" style=\"margin-top:0;margin-bottom:0\">UKRAINE<\/h1>\n\n\n\n<p class=\"has-base-color has-text-color has-link-color wp-elements-eeccc99749a3dc9fe74e428fd6112df4\" style=\"margin-top:0;margin-bottom:0\">Si tu penses qu\u2019en temps de guerre il faut prot\u00e9ger la vie des plus vuln\u00e9rables, tu fais partie des n\u00f4tres.<\/p>\n\n\n\n<div class=\"wp-block-buttons is-content-justification-left is-layout-flex wp-container-core-buttons-is-layout-fc4fd283 wp-block-buttons-is-layout-flex\">\n<div class=\"wp-block-button\"><a class=\"wp-block-button__link has-contrast-color has-base-background-color has-text-color has-background has-dinnextltpro-font-family has-custom-font-size wp-element-button\" href=\"https:\/\/help.openarms.es\/miembro-openarms\/?lang=fr\" style=\"padding-top:16px;padding-right:24px;padding-bottom:14px;padding-left:24px;font-size:clamp(0.875rem, 0.875rem + ((1vw - 0.2rem) * 0.302), 1.13rem);font-style:normal;font-weight:700;line-height:1;text-transform:uppercase\" target=\"_blank\" rel=\"noreferrer noopener\">Deviens membre<\/a><\/div>\n<\/div>\n<\/div>\n<\/div>\n<\/div><\/div>\n\n<div class=\"wp-block-cover alignfull is-light has-parallax\" style=\"margin-top:0;margin-bottom:var(--wp--preset--spacing--50);padding-top:0;padding-right:0;padding-bottom:0;padding-left:0\"><div class=\"wp-block-cover__image-background wp-image-999 has-parallax\" style=\"background-position:50% 50%;background-image:url(https:\/\/www.openarms.es\/wp-content\/themes\/openarms\/assets\/images\/openarms-texture.webp)\"><\/div><span aria-hidden=\"true\" class=\"wp-block-cover__background has-base-background-color has-background-dim-80 has-background-dim\"><\/span><div class=\"wp-block-cover__inner-container is-layout-flow wp-block-cover-is-layout-flow\">\n<div class=\"wp-block-group has-global-padding is-layout-constrained wp-block-group-is-layout-constrained\">\n<div class=\"wp-block-group has-global-padding is-layout-constrained wp-container-core-group-is-layout-8257ab09 wp-block-group-is-layout-constrained\" style=\"margin-top:1rem\"><div class=\"yoast-breadcrumbs\"><span><span><a href=\"https:\/\/www.openarms.es\/fr\/que-faisons-nous\">Que faisons-nous<\/a><\/span> &gt; <span><a href=\"https:\/\/www.openarms.es\/fr\/que-faisons-nous\/missions-humanitaires\">Missions humanitaires<\/a><\/span> &gt; <span><a href=\"https:\/\/www.openarms.es\/fr\/que-faisons-nous\/missions-humanitaires\/vols-humanitaires\">Vols humanitaires<\/a><\/span> &gt; <span class=\"breadcrumb_last\" aria-current=\"page\">UKRAINE<\/span><\/span><\/div>\n\n\n<hr class=\"wp-block-separator has-text-color has-gray-color has-alpha-channel-opacity has-gray-background-color has-background is-style-default\" style=\"margin-top:1rem;margin-bottom:4rem\"\/>\n<\/div>\n\n\n\n<div class=\"wp-block-columns is-layout-flex wp-container-core-columns-is-layout-28f84493 wp-block-columns-is-layout-flex\">\n<div class=\"wp-block-column is-layout-flow wp-block-column-is-layout-flow\" style=\"padding-right:var(--wp--preset--spacing--70);flex-basis:40%\">\n<h2 class=\"wp-block-heading has-contrast-color has-text-color has-link-color has-medium-large-font-size wp-elements-f443588158b2af0f3e80d3ee87d52f19\" style=\"padding-right:var(--wp--preset--spacing--40)\"><strong>Ukraine<\/strong><\/h2>\n<\/div>\n\n\n\n<div class=\"wp-block-column is-layout-flow wp-block-column-is-layout-flow\" style=\"flex-basis:50%\">\n<p>L\u2019invasion d\u00e9vastatrice de l\u2019Ukraine par l\u2019arm\u00e9e russe a oblig\u00e9 plus de 6,5 millions de personnes \u00e0 quitter le pays, devenant <strong>la plus grande urgence humanitaire en Europe depuis la Seconde Guerre mondiale<\/strong>.<\/p>\n\n\n\n<p>Open Arms ne pouvait pas rester \u00e0 l\u2019\u00e9cart. Pour r\u00e9pondre imm\u00e9diatement \u00e0 l\u2019urgence, l\u2019organisation a <strong>\u00e9tabli une base op\u00e9rationnelle avec une \u00e9quipe d\u00e9ploy\u00e9e \u00e0 Varsovie (Pologne)<\/strong> et a aid\u00e9 \u00e0 la protection des personnes les plus vuln\u00e9rables, en collaborant avec d\u2019autres entit\u00e9s de la soci\u00e9t\u00e9 civile.<\/p>\n\n\n\n<p>Depuis le 12 mars 2022, nous coordonnons une op\u00e9ration d\u2019\u00e9vacuation a\u00e9rienne avec 16 vols humanitaires au d\u00e9part de Varsovie (Pologne) \u00e0 destination de diff\u00e9rents lieux d\u2019accueil tels que Barcelone, Madrid, le Canada et Rome, entre autres ; gr\u00e2ce \u00e0 l\u2019alliance strat\u00e9gique avec Solidaire, qui a mis \u00e0 disposition un avion Boeing 787-8. Ainsi, <strong>nous avons mis en s\u00e9curit\u00e9 plus de 2 800 personnes r\u00e9fugi\u00e9es<\/strong>, principalement des personnes \u00e2g\u00e9es et des m\u00e8res avec de jeunes enfants.<\/p>\n<\/div>\n<\/div>\n\n\n\n<div class=\"wp-block-group alignwide has-global-padding is-layout-constrained wp-container-core-group-is-layout-82100965 wp-block-group-is-layout-constrained\" style=\"min-height:0vh;margin-top:0;margin-bottom:0;padding-top:var(--wp--preset--spacing--64);padding-right:0;padding-bottom:var(--wp--preset--spacing--64);padding-left:0\">\n<figure class=\"wp-block-image aligncenter size-full is-resized h-fixed\"><img loading=\"lazy\" decoding=\"async\" width=\"800\" height=\"600\" src=\"https:\/\/www.openarms.es\/wp-content\/uploads\/2025\/03\/oxigeno.webp\" alt=\"\" class=\"wp-image-321\" style=\"aspect-ratio:16\/9;object-fit:cover;width:auto;height:600px\" srcset=\"https:\/\/www.openarms.es\/wp-content\/uploads\/2025\/03\/oxigeno.webp 800w, https:\/\/www.openarms.es\/wp-content\/uploads\/2025\/03\/oxigeno-300x225.webp 300w, https:\/\/www.openarms.es\/wp-content\/uploads\/2025\/03\/oxigeno-768x576.webp 768w\" sizes=\"auto, (max-width: 800px) 100vw, 800px\" \/><\/figure>\n<\/div>\n\n\n\n<hr class=\"wp-block-separator has-text-color has-contrast-color has-alpha-channel-opacity has-contrast-background-color has-background\" style=\"margin-top:var(--wp--preset--spacing--24);margin-bottom:var(--wp--preset--spacing--64)\"\/>\n<\/div>\n\n\n\n<div class=\"wp-block-group alignfull has-global-padding is-layout-constrained wp-container-core-group-is-layout-74ccbb19 wp-block-group-is-layout-constrained\" style=\"min-height:0vh;margin-top:0;margin-bottom:0;padding-right:var(--wp--preset--spacing--40);padding-left:var(--wp--preset--spacing--40)\">\n<div class=\"wp-block-columns are-vertically-aligned-top is-content-justification-center is-layout-flex wp-container-core-columns-is-layout-8c19c11b wp-block-columns-is-layout-flex\">\n<div class=\"wp-block-column is-vertically-aligned-top is-layout-flow wp-block-column-is-layout-flow\" style=\"flex-basis:60%\">\n<div class=\"wp-block-group has-contrast-background-color has-background has-global-padding is-layout-constrained wp-container-core-group-is-layout-a91b9633 wp-block-group-is-layout-constrained\" style=\"border-style:none;border-width:0px;border-radius:32px;padding-top:var(--wp--preset--spacing--40);padding-right:2rem;padding-bottom:var(--wp--preset--spacing--40);padding-left:2rem\">\n<h3 class=\"wp-block-heading has-text-align-center has-base-color has-text-color has-link-color wp-elements-0925c158e1c62a4a90edb86eeb50ddb4\" style=\"margin-right:0;margin-left:0;padding-right:0;padding-left:0;font-size:clamp(1.502rem, 1.502rem + ((1vw - 0.2rem) * 1.181), 2.5rem);line-height:1.15\">Si tu crois que chaque vie m\u00e9rite d\u2019\u00eatre sauv\u00e9e, implique-toi. Ensemble, nous pouvons en sauver beaucoup d\u2019autres.<\/h3>\n\n\n\n<div class=\"wp-block-buttons is-horizontal is-content-justification-center is-layout-flex wp-container-core-buttons-is-layout-03627597 wp-block-buttons-is-layout-flex\">\n<div class=\"wp-block-button\"><a class=\"wp-block-button__link has-contrast-color has-base-background-color has-text-color has-background has-custom-font-size wp-element-button\" href=\"https:\/\/www.openarms.es\/fr\/comment-aider\/fais-un-don\" style=\"padding-top:16px;padding-right:24px;padding-bottom:14px;padding-left:24px;font-size:clamp(14px, 0.875rem + ((1vw - 3.2px) * 0.296), 18px);font-style:normal;font-weight:700\">FAIS UN DON<\/a><\/div>\n<\/div>\n<\/div>\n<\/div>\n<\/div>\n<\/div>\n<\/div><\/div>\n","protected":false},"excerpt":{"rendered":"","protected":false},"author":1,"featured_media":2914,"parent":4462,"menu_order":0,"comment_status":"closed","ping_status":"closed","template":"page-interior","meta":{"content-type":"","footnotes":""},"class_list":["post-4481","page","type-page","status-publish","has-post-thumbnail","hentry"],"yoast_head":"<!-- This site is optimized with the Yoast SEO plugin v25.9 - https:\/\/yoast.com\/wordpress\/plugins\/seo\/ -->\n<title>Ukraine : Vols humanitaires pour sauver des vies | Open Arms<\/title>\n<meta name=\"description\" content=\"Open Arms a \u00e9vacu\u00e9 plus de 2 800 personnes depuis Varsovie lors de 16 vols humanitaires. Nous prot\u00e9geons les vies vuln\u00e9rables dans les conflits arm\u00e9s.\" \/>\n<meta name=\"robots\" content=\"index, follow, max-snippet:-1, max-image-preview:large, max-video-preview:-1\" \/>\n<link rel=\"canonical\" href=\"https:\/\/www.openarms.es\/fr\/que-faisons-nous\/missions-humanitaires\/vols-humanitaires\/ukraine\" \/>\n<meta property=\"og:locale\" content=\"fr_FR\" \/>\n<meta property=\"og:type\" content=\"article\" \/>\n<meta property=\"og:title\" content=\"Ukraine : Vols humanitaires pour sauver des vies | Open Arms\" \/>\n<meta property=\"og:description\" content=\"Open Arms a \u00e9vacu\u00e9 plus de 2 800 personnes depuis Varsovie lors de 16 vols humanitaires. Nous prot\u00e9geons les vies vuln\u00e9rables dans les conflits arm\u00e9s.\" \/>\n<meta property=\"og:url\" content=\"https:\/\/www.openarms.es\/fr\/que-faisons-nous\/missions-humanitaires\/vols-humanitaires\/ukraine\" \/>\n<meta property=\"og:site_name\" content=\"Open Arms\" \/>\n<meta property=\"article:modified_time\" content=\"2025-06-20T09:18:40+00:00\" \/>\n<meta property=\"og:image\" content=\"https:\/\/www.openarms.es\/wp-content\/uploads\/2025\/05\/india-bg.jpg\" \/>\n\t<meta property=\"og:image:width\" content=\"1920\" \/>\n\t<meta property=\"og:image:height\" content=\"1080\" \/>\n\t<meta property=\"og:image:type\" content=\"image\/jpeg\" \/>\n<meta name=\"twitter:card\" content=\"summary_large_image\" \/>\n<meta name=\"twitter:label1\" content=\"Dur\u00e9e de lecture estim\u00e9e\" \/>\n\t<meta name=\"twitter:data1\" content=\"1 minute\" \/>\n<script type=\"application\/ld+json\" class=\"yoast-schema-graph\">{\"@context\":\"https:\/\/schema.org\",\"@graph\":[{\"@type\":\"WebPage\",\"@id\":\"https:\/\/www.openarms.es\/fr\/que-faisons-nous\/missions-humanitaires\/vols-humanitaires\/ukraine\",\"url\":\"https:\/\/www.openarms.es\/fr\/que-faisons-nous\/missions-humanitaires\/vols-humanitaires\/ukraine\",\"name\":\"Ukraine : Vols humanitaires pour sauver des vies | Open Arms\",\"isPartOf\":{\"@id\":\"https:\/\/www.openarms.es\/fr#website\"},\"primaryImageOfPage\":{\"@id\":\"https:\/\/www.openarms.es\/fr\/que-faisons-nous\/missions-humanitaires\/vols-humanitaires\/ukraine#primaryimage\"},\"image\":{\"@id\":\"https:\/\/www.openarms.es\/fr\/que-faisons-nous\/missions-humanitaires\/vols-humanitaires\/ukraine#primaryimage\"},\"thumbnailUrl\":\"https:\/\/www.openarms.es\/wp-content\/uploads\/2025\/05\/india-bg.jpg\",\"datePublished\":\"2025-05-15T08:14:47+00:00\",\"dateModified\":\"2025-06-20T09:18:40+00:00\",\"description\":\"Open Arms a \u00e9vacu\u00e9 plus de 2 800 personnes depuis Varsovie lors de 16 vols humanitaires. Nous prot\u00e9geons les vies vuln\u00e9rables dans les conflits arm\u00e9s.\",\"breadcrumb\":{\"@id\":\"https:\/\/www.openarms.es\/fr\/que-faisons-nous\/missions-humanitaires\/vols-humanitaires\/ukraine#breadcrumb\"},\"inLanguage\":\"fr-FR\",\"potentialAction\":[{\"@type\":\"ReadAction\",\"target\":[\"https:\/\/www.openarms.es\/fr\/que-faisons-nous\/missions-humanitaires\/vols-humanitaires\/ukraine\"]}]},{\"@type\":\"ImageObject\",\"inLanguage\":\"fr-FR\",\"@id\":\"https:\/\/www.openarms.es\/fr\/que-faisons-nous\/missions-humanitaires\/vols-humanitaires\/ukraine#primaryimage\",\"url\":\"https:\/\/www.openarms.es\/wp-content\/uploads\/2025\/05\/india-bg.jpg\",\"contentUrl\":\"https:\/\/www.openarms.es\/wp-content\/uploads\/2025\/05\/india-bg.jpg\",\"width\":1920,\"height\":1080,\"caption\":\"India Open Arms\"},{\"@type\":\"BreadcrumbList\",\"@id\":\"https:\/\/www.openarms.es\/fr\/que-faisons-nous\/missions-humanitaires\/vols-humanitaires\/ukraine#breadcrumb\",\"itemListElement\":[{\"@type\":\"ListItem\",\"position\":1,\"name\":\"Que faisons-nous\",\"item\":\"https:\/\/www.openarms.es\/fr\/que-faisons-nous\"},{\"@type\":\"ListItem\",\"position\":2,\"name\":\"Missions humanitaires\",\"item\":\"https:\/\/www.openarms.es\/fr\/que-faisons-nous\/missions-humanitaires\"},{\"@type\":\"ListItem\",\"position\":3,\"name\":\"Vols humanitaires\",\"item\":\"https:\/\/www.openarms.es\/fr\/que-faisons-nous\/missions-humanitaires\/vols-humanitaires\"},{\"@type\":\"ListItem\",\"position\":4,\"name\":\"UKRAINE\"}]},{\"@type\":\"WebSite\",\"@id\":\"https:\/\/www.openarms.es\/fr#website\",\"url\":\"https:\/\/www.openarms.es\/fr\",\"name\":\"Open Arms\",\"description\":\"\",\"publisher\":{\"@id\":\"https:\/\/www.openarms.es\/fr#organization\"},\"potentialAction\":[{\"@type\":\"SearchAction\",\"target\":{\"@type\":\"EntryPoint\",\"urlTemplate\":\"https:\/\/www.openarms.es\/fr?s={search_term_string}\"},\"query-input\":{\"@type\":\"PropertyValueSpecification\",\"valueRequired\":true,\"valueName\":\"search_term_string\"}}],\"inLanguage\":\"fr-FR\"},{\"@type\":\"Organization\",\"@id\":\"https:\/\/www.openarms.es\/fr#organization\",\"name\":\"Open Arms\",\"url\":\"https:\/\/www.openarms.es\/fr\",\"logo\":{\"@type\":\"ImageObject\",\"inLanguage\":\"fr-FR\",\"@id\":\"https:\/\/www.openarms.es\/fr#\/schema\/logo\/image\/\",\"url\":\"https:\/\/www.openarms.es\/wp-content\/uploads\/2025\/03\/BRAND.svg\",\"contentUrl\":\"https:\/\/www.openarms.es\/wp-content\/uploads\/2025\/03\/BRAND.svg\",\"caption\":\"Open Arms\"},\"image\":{\"@id\":\"https:\/\/www.openarms.es\/fr#\/schema\/logo\/image\/\"}}]}<\/script>\n<!-- \/ Yoast SEO plugin. -->","yoast_head_json":{"title":"Ukraine : Vols humanitaires pour sauver des vies | Open Arms","description":"Open Arms a \u00e9vacu\u00e9 plus de 2 800 personnes depuis Varsovie lors de 16 vols humanitaires. Nous prot\u00e9geons les vies vuln\u00e9rables dans les conflits arm\u00e9s.","robots":{"index":"index","follow":"follow","max-snippet":"max-snippet:-1","max-image-preview":"max-image-preview:large","max-video-preview":"max-video-preview:-1"},"canonical":"https:\/\/www.openarms.es\/fr\/que-faisons-nous\/missions-humanitaires\/vols-humanitaires\/ukraine","og_locale":"fr_FR","og_type":"article","og_title":"Ukraine : Vols humanitaires pour sauver des vies | Open Arms","og_description":"Open Arms a \u00e9vacu\u00e9 plus de 2 800 personnes depuis Varsovie lors de 16 vols humanitaires. Nous prot\u00e9geons les vies vuln\u00e9rables dans les conflits arm\u00e9s.","og_url":"https:\/\/www.openarms.es\/fr\/que-faisons-nous\/missions-humanitaires\/vols-humanitaires\/ukraine","og_site_name":"Open Arms","article_modified_time":"2025-06-20T09:18:40+00:00","og_image":[{"width":1920,"height":1080,"url":"https:\/\/www.openarms.es\/wp-content\/uploads\/2025\/05\/india-bg.jpg","type":"image\/jpeg"}],"twitter_card":"summary_large_image","twitter_misc":{"Dur\u00e9e de lecture estim\u00e9e":"1 minute"},"schema":{"@context":"https:\/\/schema.org","@graph":[{"@type":"WebPage","@id":"https:\/\/www.openarms.es\/fr\/que-faisons-nous\/missions-humanitaires\/vols-humanitaires\/ukraine","url":"https:\/\/www.openarms.es\/fr\/que-faisons-nous\/missions-humanitaires\/vols-humanitaires\/ukraine","name":"Ukraine : Vols humanitaires pour sauver des vies | Open Arms","isPartOf":{"@id":"https:\/\/www.openarms.es\/fr#website"},"primaryImageOfPage":{"@id":"https:\/\/www.openarms.es\/fr\/que-faisons-nous\/missions-humanitaires\/vols-humanitaires\/ukraine#primaryimage"},"image":{"@id":"https:\/\/www.openarms.es\/fr\/que-faisons-nous\/missions-humanitaires\/vols-humanitaires\/ukraine#primaryimage"},"thumbnailUrl":"https:\/\/www.openarms.es\/wp-content\/uploads\/2025\/05\/india-bg.jpg","datePublished":"2025-05-15T08:14:47+00:00","dateModified":"2025-06-20T09:18:40+00:00","description":"Open Arms a \u00e9vacu\u00e9 plus de 2 800 personnes depuis Varsovie lors de 16 vols humanitaires. Nous prot\u00e9geons les vies vuln\u00e9rables dans les conflits arm\u00e9s.","breadcrumb":{"@id":"https:\/\/www.openarms.es\/fr\/que-faisons-nous\/missions-humanitaires\/vols-humanitaires\/ukraine#breadcrumb"},"inLanguage":"fr-FR","potentialAction":[{"@type":"ReadAction","target":["https:\/\/www.openarms.es\/fr\/que-faisons-nous\/missions-humanitaires\/vols-humanitaires\/ukraine"]}]},{"@type":"ImageObject","inLanguage":"fr-FR","@id":"https:\/\/www.openarms.es\/fr\/que-faisons-nous\/missions-humanitaires\/vols-humanitaires\/ukraine#primaryimage","url":"https:\/\/www.openarms.es\/wp-content\/uploads\/2025\/05\/india-bg.jpg","contentUrl":"https:\/\/www.openarms.es\/wp-content\/uploads\/2025\/05\/india-bg.jpg","width":1920,"height":1080,"caption":"India Open Arms"},{"@type":"BreadcrumbList","@id":"https:\/\/www.openarms.es\/fr\/que-faisons-nous\/missions-humanitaires\/vols-humanitaires\/ukraine#breadcrumb","itemListElement":[{"@type":"ListItem","position":1,"name":"Que faisons-nous","item":"https:\/\/www.openarms.es\/fr\/que-faisons-nous"},{"@type":"ListItem","position":2,"name":"Missions humanitaires","item":"https:\/\/www.openarms.es\/fr\/que-faisons-nous\/missions-humanitaires"},{"@type":"ListItem","position":3,"name":"Vols humanitaires","item":"https:\/\/www.openarms.es\/fr\/que-faisons-nous\/missions-humanitaires\/vols-humanitaires"},{"@type":"ListItem","position":4,"name":"UKRAINE"}]},{"@type":"WebSite","@id":"https:\/\/www.openarms.es\/fr#website","url":"https:\/\/www.openarms.es\/fr","name":"Open Arms","description":"","publisher":{"@id":"https:\/\/www.openarms.es\/fr#organization"},"potentialAction":[{"@type":"SearchAction","target":{"@type":"EntryPoint","urlTemplate":"https:\/\/www.openarms.es\/fr?s={search_term_string}"},"query-input":{"@type":"PropertyValueSpecification","valueRequired":true,"valueName":"search_term_string"}}],"inLanguage":"fr-FR"},{"@type":"Organization","@id":"https:\/\/www.openarms.es\/fr#organization","name":"Open Arms","url":"https:\/\/www.openarms.es\/fr","logo":{"@type":"ImageObject","inLanguage":"fr-FR","@id":"https:\/\/www.openarms.es\/fr#\/schema\/logo\/image\/","url":"https:\/\/www.openarms.es\/wp-content\/uploads\/2025\/03\/BRAND.svg","contentUrl":"https:\/\/www.openarms.es\/wp-content\/uploads\/2025\/03\/BRAND.svg","caption":"Open Arms"},"image":{"@id":"https:\/\/www.openarms.es\/fr#\/schema\/logo\/image\/"}}]}},"_links":{"self":[{"href":"https:\/\/www.openarms.es\/fr\/wp-json\/wp\/v2\/pages\/4481","targetHints":{"allow":["GET"]}}],"collection":[{"href":"https:\/\/www.openarms.es\/fr\/wp-json\/wp\/v2\/pages"}],"about":[{"href":"https:\/\/www.openarms.es\/fr\/wp-json\/wp\/v2\/types\/page"}],"author":[{"embeddable":true,"href":"https:\/\/www.openarms.es\/fr\/wp-json\/wp\/v2\/users\/1"}],"replies":[{"embeddable":true,"href":"https:\/\/www.openarms.es\/fr\/wp-json\/wp\/v2\/comments?post=4481"}],"version-history":[{"count":6,"href":"https:\/\/www.openarms.es\/fr\/wp-json\/wp\/v2\/pages\/4481\/revisions"}],"predecessor-version":[{"id":6347,"href":"https:\/\/www.openarms.es\/fr\/wp-json\/wp\/v2\/pages\/4481\/revisions\/6347"}],"up":[{"embeddable":true,"href":"https:\/\/www.openarms.es\/fr\/wp-json\/wp\/v2\/pages\/4462"}],"wp:featuredmedia":[{"embeddable":true,"href":"https:\/\/www.openarms.es\/fr\/wp-json\/wp\/v2\/media\/2914"}],"wp:attachment":[{"href":"https:\/\/www.openarms.es\/fr\/wp-json\/wp\/v2\/media?parent=4481"}],"curies":[{"name":"wp","href":"https:\/\/api.w.org\/{rel}","templated":true}]}}