{"id":4511,"date":"2025-03-27T09:45:06","date_gmt":"2025-03-27T09:45:06","guid":{"rendered":"https:\/\/www.openarms.es\/qui-sommes-nous\/les-debuts-lesbos"},"modified":"2025-06-20T09:27:40","modified_gmt":"2025-06-20T09:27:40","slug":"les-debuts-lesbos","status":"publish","type":"page","link":"https:\/\/www.openarms.es\/fr\/qui-sommes-nous\/les-debuts-lesbos","title":{"rendered":"Les D\u00e9buts (LESBOS)"},"content":{"rendered":"\n<div class=\"wp-block-cover alignfull ebavs-header-hero-interior\" style=\"min-height:40rem;aspect-ratio:unset;\"><img loading=\"lazy\" decoding=\"async\" width=\"1772\" height=\"1181\" class=\"wp-block-cover__image-background wp-image-483\" alt=\"\" src=\"https:\/\/www.openarms.es\/wp-content\/uploads\/2025\/03\/openarms-inicios-lesbos.webp\" data-object-fit=\"cover\" srcset=\"https:\/\/www.openarms.es\/wp-content\/uploads\/2025\/03\/openarms-inicios-lesbos.webp 1772w, https:\/\/www.openarms.es\/wp-content\/uploads\/2025\/03\/openarms-inicios-lesbos-300x200.webp 300w, https:\/\/www.openarms.es\/wp-content\/uploads\/2025\/03\/openarms-inicios-lesbos-1024x682.webp 1024w, https:\/\/www.openarms.es\/wp-content\/uploads\/2025\/03\/openarms-inicios-lesbos-768x512.webp 768w, https:\/\/www.openarms.es\/wp-content\/uploads\/2025\/03\/openarms-inicios-lesbos-1536x1024.webp 1536w\" sizes=\"auto, (max-width: 1772px) 100vw, 1772px\" \/><span aria-hidden=\"true\" class=\"wp-block-cover__background has-black-background-color has-background-dim\"><\/span><div class=\"wp-block-cover__inner-container is-layout-flow wp-block-cover-is-layout-flow\">\n<div class=\"wp-block-group alignwide has-global-padding is-layout-constrained wp-container-core-group-is-layout-a8a8a09e wp-block-group-is-layout-constrained\" style=\"margin-top:auto;margin-bottom:auto;padding-right:0;padding-left:0\">\n<div class=\"wp-block-group has-global-padding is-content-justification-left is-layout-constrained wp-container-core-group-is-layout-b58f3518 wp-block-group-is-layout-constrained\">\n<p class=\"has-text-align-left has-base-color has-text-color has-large-font-size\" style=\"font-family:var(--wp--preset--font-family--dinnextltpro)\">QUI SOMMES-NOUS<\/p>\n\n\n\n<h1 class=\"wp-block-heading has-text-align-left has-base-color has-text-color has-xx-large-font-size\" style=\"margin-top:0;margin-bottom:0\">Les D\u00e9buts (LESBOS)<\/h1>\n\n\n\n<p class=\"has-base-color has-text-color has-link-color wp-elements-287cca1ef32b39b7f3d854f9555b7d0d\" style=\"margin-top:0;margin-bottom:0\">Si l&rsquo;image du petit Alan Kurdi vous a \u00e9galement \u00e9mu, vous \u00eates des n\u00f4tres.<\/p>\n\n\n\n<div class=\"wp-block-buttons is-content-justification-left is-layout-flex wp-container-core-buttons-is-layout-fc4fd283 wp-block-buttons-is-layout-flex\">\n<div class=\"wp-block-button\"><a class=\"wp-block-button__link has-contrast-color has-base-background-color has-text-color has-background has-dinnextltpro-font-family has-custom-font-size wp-element-button\" href=\"https:\/\/help.openarms.es\/miembro-openarms\/?lang=fr\" style=\"padding-top:16px;padding-right:24px;padding-bottom:14px;padding-left:24px;font-size:clamp(0.875rem, 0.875rem + ((1vw - 0.2rem) * 0.302), 1.13rem);font-style:normal;font-weight:700;line-height:1;text-transform:uppercase\" target=\"_blank\" rel=\"noreferrer noopener\">Deviens membre<\/a><\/div>\n<\/div>\n<\/div>\n<\/div>\n<\/div><\/div>\n\n<div class=\"wp-block-cover alignfull is-light has-parallax\" style=\"margin-top:0;margin-bottom:0;padding-top:0;padding-right:0;padding-bottom:0;padding-left:0\"><div class=\"wp-block-cover__image-background wp-image-999 has-parallax\" style=\"background-position:50% 50%;background-image:url(https:\/\/www.openarms.es\/wp-content\/themes\/openarms\/assets\/images\/openarms-texture.webp)\"><\/div><span aria-hidden=\"true\" class=\"wp-block-cover__background has-base-background-color has-background-dim-80 has-background-dim\"><\/span><div class=\"wp-block-cover__inner-container is-layout-flow wp-block-cover-is-layout-flow\">\n<div class=\"wp-block-group has-global-padding is-layout-constrained wp-block-group-is-layout-constrained\" style=\"margin-top:1rem\"><div class=\"yoast-breadcrumbs\"><span><span><a href=\"https:\/\/www.openarms.es\/fr\/qui-sommes-nous\">Qui sommes-nous<\/a><\/span> &gt; <span class=\"breadcrumb_last\" aria-current=\"page\">Les D\u00e9buts (LESBOS)<\/span><\/span><\/div>\n\n\n<hr class=\"wp-block-separator has-text-color has-gray-color has-alpha-channel-opacity has-gray-background-color has-background is-style-default\" style=\"margin-top:1rem;margin-bottom:4rem\"\/>\n<\/div>\n\n\n\n<div class=\"wp-block-group has-global-padding is-layout-constrained wp-block-group-is-layout-constrained\">\n<div class=\"wp-block-group has-global-padding is-layout-constrained wp-block-group-is-layout-constrained\">\n<div class=\"wp-block-columns alignwide ebavs-space-between is-layout-flex wp-container-core-columns-is-layout-643ced6b wp-block-columns-is-layout-flex\">\n<div class=\"wp-block-column is-layout-flow wp-block-column-is-layout-flow\" style=\"flex-basis:33%\">\n<h2 class=\"wp-block-heading has-contrast-color has-text-color has-x-large-font-size\" style=\"margin-top:0\">Notre premi\u00e8re mission : Lesbos<\/h2>\n<\/div>\n\n\n\n<div class=\"wp-block-column is-layout-flow wp-block-column-is-layout-flow\" style=\"flex-basis:50%\">\n<p class=\"has-dark-gray-color has-text-color has-medium-font-size\" style=\"line-height:1.14em\">En septembre 2015, nous \u00e9tions d\u00e9j\u00e0 sauveteurs depuis des ann\u00e9es. Mais la photographie du petit Alan Kurdi noy\u00e9 sur une plage nous a pouss\u00e9s \u00e0 voyager d&rsquo;urgence \u00e0 Lesbos pour porter secours \u00e0 des centaines de r\u00e9fugi\u00e9s syriens et d&rsquo;autres pays comme l&rsquo;Afghanistan ou l&rsquo;Irak, fuyant les guerres et les conflits.<br\/><br\/>Nous sommes arriv\u00e9s sur la c\u00f4te grecque avec 15 000 \u20ac de nos propres poches. Nous les avons investis pour aider aux op\u00e9rations de sauvetage pendant un mois. Nous avons r\u00e9ussi \u00e0 prot\u00e9ger plus de 20 embarcations par jour, avec environ 60 personnes \u00e0 bord chacune, y compris des personnes \u00e2g\u00e9es et des enfants. Lorsque nous avons entrepris ce voyage, nous ne nous attendions pas \u00e0 recevoir des dons, mais apr\u00e8s cela, ils ont commenc\u00e9 \u00e0 affluer.<\/p>\n<\/div>\n<\/div>\n<\/div>\n\n\n\n<figure class=\"wp-block-image aligncenter size-large is-resized has-custom-border h-lesbos\" style=\"margin-top:3rem;margin-bottom:4rem\"><img loading=\"lazy\" decoding=\"async\" width=\"1024\" height=\"683\" src=\"https:\/\/www.openarms.es\/wp-content\/uploads\/2025\/06\/lesbos-image-02-1024x683.jpg\" alt=\"Rescate Lesbos Open Arms\" class=\"wp-image-4667\" style=\"border-style:none;border-width:0px;border-radius:16px;aspect-ratio:16\/9;object-fit:cover;width:auto;height:600px\" srcset=\"https:\/\/www.openarms.es\/wp-content\/uploads\/2025\/06\/lesbos-image-02-1024x683.jpg 1024w, https:\/\/www.openarms.es\/wp-content\/uploads\/2025\/06\/lesbos-image-02-300x200.jpg 300w, https:\/\/www.openarms.es\/wp-content\/uploads\/2025\/06\/lesbos-image-02-768x512.jpg 768w, https:\/\/www.openarms.es\/wp-content\/uploads\/2025\/06\/lesbos-image-02-1536x1024.jpg 1536w, https:\/\/www.openarms.es\/wp-content\/uploads\/2025\/06\/lesbos-image-02.jpg 1920w\" sizes=\"auto, (max-width: 1024px) 100vw, 1024px\" \/><\/figure>\n\n\n\n<hr class=\"wp-block-separator has-text-color has-contrast-color has-alpha-channel-opacity has-contrast-background-color has-background is-style-wide is-style-wide--1\" style=\"margin-top:4rem;margin-bottom:4rem\"\/>\n\n\n\n<div class=\"wp-block-group has-global-padding is-layout-constrained wp-block-group-is-layout-constrained\">\n<div class=\"wp-block-columns alignwide ebavs-space-between is-layout-flex wp-container-core-columns-is-layout-643ced6b wp-block-columns-is-layout-flex\">\n<div class=\"wp-block-column is-layout-flow wp-block-column-is-layout-flow\" style=\"flex-basis:30%\">\n<h3 class=\"wp-block-heading has-dinnextltpro-font-family\">Que sommes-nous parvenus \u00e0 accomplir ?<\/h3>\n<\/div>\n\n\n\n<div class=\"wp-block-column is-layout-flow wp-block-column-is-layout-flow\" style=\"flex-basis:70%\">\n<p class=\"has-dark-gray-color has-text-color has-small-font-size\" style=\"line-height:1.14em\">De septembre 2015 \u00e0 mars 2016, date de l&rsquo;accord entre l&rsquo;Union europ\u00e9enne et la Turquie visant \u00e0 bloquer la route migratoire par Lesbos, nous avons r\u00e9ussi \u00e0 :<\/p>\n\n\n\n<div class=\"wp-block-columns is-layout-flex wp-container-core-columns-is-layout-b0bab6eb wp-block-columns-is-layout-flex\" style=\"margin-top:var(--wp--preset--spacing--40);margin-bottom:var(--wp--preset--spacing--40)\">\n<div class=\"wp-block-column is-layout-flow wp-block-column-is-layout-flow\">\n<p class=\"has-contrast-color has-text-color has-link-color has-pfdinstencil-font-family wp-elements-16d17477672cdae35a1df8bad9d2ae0c\" style=\"font-size:clamp(1.743rem, 1.743rem + ((1vw - 0.2rem) * 1.488), 3rem);\">143.358<\/p>\n\n\n\n<p>personnes aid\u00e9es \u00e0 atteindre la c\u00f4te <\/p>\n<\/div>\n\n\n\n<div class=\"wp-block-column is-layout-flow wp-block-column-is-layout-flow\">\n<p class=\"has-contrast-color has-text-color has-link-color has-pfdinstencil-font-family wp-elements-c24d3dc2495028e132e3cb12e16972a8\" style=\"font-size:clamp(1.743rem, 1.743rem + ((1vw - 0.2rem) * 1.488), 3rem);\">10.273<\/p>\n\n\n\n<p style=\"padding-top:0;padding-bottom:0\">personnes secourues \u00e0 la d\u00e9rive<\/p>\n<\/div>\n<\/div>\n\n\n\n<div class=\"wp-block-columns is-layout-flex wp-container-core-columns-is-layout-b0bab6eb wp-block-columns-is-layout-flex\" style=\"margin-top:var(--wp--preset--spacing--40);margin-bottom:var(--wp--preset--spacing--40)\">\n<div class=\"wp-block-column is-layout-flow wp-block-column-is-layout-flow\">\n<p class=\"has-contrast-color has-text-color has-link-color has-pfdinstencil-font-family wp-elements-2ecb9e999b03045356e79b707099f3f6\" style=\"font-size:clamp(1.743rem, 1.743rem + ((1vw - 0.2rem) * 1.488), 3rem);\">9.067<\/p>\n\n\n\n<p>personnes secourues sur les falaises<\/p>\n<\/div>\n\n\n\n<div class=\"wp-block-column is-layout-flow wp-block-column-is-layout-flow\">\n<p class=\"has-contrast-color has-text-color has-link-color has-pfdinstencil-font-family wp-elements-b450c8c55ded787f69773dc603f4ee20\" style=\"font-size:clamp(1.743rem, 1.743rem + ((1vw - 0.2rem) * 1.488), 3rem);\">475<\/p>\n\n\n\n<p>personnes secourues dans l&rsquo;eau avec un risque \u00e9lev\u00e9 de noyade<\/p>\n<\/div>\n<\/div>\n<\/div>\n<\/div>\n<\/div>\n\n\n\n<hr class=\"wp-block-separator has-text-color has-contrast-color has-alpha-channel-opacity has-contrast-background-color has-background is-style-wide is-style-wide--2\" style=\"margin-top:4rem;margin-bottom:4rem\"\/>\n\n\n\n<div class=\"wp-block-group has-global-padding is-layout-constrained wp-block-group-is-layout-constrained\">\n<div class=\"wp-block-columns alignwide ebavs-space-between is-layout-flex wp-container-core-columns-is-layout-643ced6b wp-block-columns-is-layout-flex\">\n<div class=\"wp-block-column is-layout-flow wp-block-column-is-layout-flow\" style=\"flex-basis:30%\">\n<h3 class=\"wp-block-heading has-dinnextltpro-font-family\">Nous avons \u00e9largi notre champ d&rsquo;action<\/h3>\n<\/div>\n\n\n\n<div class=\"wp-block-column is-layout-flow wp-block-column-is-layout-flow\" style=\"flex-basis:70%\">\n<p class=\"has-dark-gray-color has-text-color has-small-font-size\" style=\"line-height:1.14em\">Suite \u00e0 l&rsquo;accord entre l&rsquo;Europe et la Turquie, la route migratoire passant par Lesbos a \u00e9t\u00e9 ferm\u00e9e. De nouvelles routes, plus longues et plus dangereuses, ont ainsi \u00e9t\u00e9 cr\u00e9\u00e9es en M\u00e9diterran\u00e9e. Face \u00e0 l&rsquo;inaction des autorit\u00e9s, nous avons donc d\u00e9cid\u00e9 d&rsquo;\u00e9tendre notre base \u00e0 la <a href=\"https:\/\/www.openarms.es\/fr\/que-hacemos\/misiones\/mediterraneo\">M\u00e9diterran\u00e9e centrale<\/a>. \u00c0 ce jour, nous avons sauv\u00e9 plus de 70\u00a0000 vies dans le monde.<\/p>\n<\/div>\n<\/div>\n<\/div>\n<\/div>\n\n\n\n<div class=\"wp-block-group alignfull has-global-padding is-layout-constrained wp-block-group-is-layout-constrained\" style=\"min-height:0vh;margin-top:0;margin-bottom:0;padding-top:var(--wp--preset--spacing--70);padding-bottom:var(--wp--preset--spacing--70)\">\n<div class=\"wp-block-columns are-vertically-aligned-top is-content-justification-center is-layout-flex wp-container-core-columns-is-layout-8c19c11b wp-block-columns-is-layout-flex\">\n<div class=\"wp-block-column is-vertically-aligned-top is-layout-flow wp-block-column-is-layout-flow\" style=\"flex-basis:60%\">\n<div class=\"wp-block-group has-contrast-background-color has-background has-global-padding is-layout-constrained wp-container-core-group-is-layout-a91b9633 wp-block-group-is-layout-constrained\" style=\"border-style:none;border-width:0px;border-radius:32px;padding-top:var(--wp--preset--spacing--40);padding-right:2rem;padding-bottom:var(--wp--preset--spacing--40);padding-left:2rem\">\n<h3 class=\"wp-block-heading has-text-align-center has-base-color has-text-color has-link-color wp-elements-0925c158e1c62a4a90edb86eeb50ddb4\" style=\"margin-right:0;margin-left:0;padding-right:0;padding-left:0;font-size:clamp(1.502rem, 1.502rem + ((1vw - 0.2rem) * 1.181), 2.5rem);line-height:1.15\">Si tu crois que chaque vie m\u00e9rite d\u2019\u00eatre sauv\u00e9e, implique-toi. Ensemble, nous pouvons en sauver beaucoup d\u2019autres.<\/h3>\n\n\n\n<div class=\"wp-block-buttons is-horizontal is-content-justification-center is-layout-flex wp-container-core-buttons-is-layout-03627597 wp-block-buttons-is-layout-flex\">\n<div class=\"wp-block-button\"><a class=\"wp-block-button__link has-contrast-color has-base-background-color has-text-color has-background has-custom-font-size wp-element-button\" href=\"https:\/\/www.openarms.es\/fr\/comment-aider\/fais-un-don\" style=\"padding-top:16px;padding-right:24px;padding-bottom:14px;padding-left:24px;font-size:clamp(14px, 0.875rem + ((1vw - 3.2px) * 0.296), 18px);font-style:normal;font-weight:700\">FAIS UN DON<\/a><\/div>\n<\/div>\n<\/div>\n<\/div>\n<\/div>\n<\/div>\n<\/div><\/div>\n","protected":false},"excerpt":{"rendered":"","protected":false},"author":1,"featured_media":3283,"parent":4491,"menu_order":0,"comment_status":"closed","ping_status":"closed","template":"page-interior","meta":{"content-type":"","footnotes":""},"class_list":["post-4511","page","type-page","status-publish","has-post-thumbnail","hentry"],"yoast_head":"<!-- This site is optimized with the Yoast SEO plugin v25.9 - https:\/\/yoast.com\/wordpress\/plugins\/seo\/ -->\n<title>Les D\u00e9buts \u00e0 Lesbos : Premi\u00e8re mission de sauvetage | Open Arms<\/title>\n<meta name=\"description\" content=\"Tout a commenc\u00e9 \u00e0 Lesbos, en 2015. Open Arms a sauv\u00e9 des milliers de personnes apr\u00e8s l&#039;image d&#039;Alan Kurdi. C&#039;est ainsi qu&#039;est n\u00e9e notre mission de prot\u00e9ger des vies.\" \/>\n<meta name=\"robots\" content=\"index, follow, max-snippet:-1, max-image-preview:large, max-video-preview:-1\" \/>\n<link rel=\"canonical\" href=\"https:\/\/www.openarms.es\/fr\/qui-sommes-nous\/les-debuts-lesbos\" \/>\n<meta property=\"og:locale\" content=\"fr_FR\" \/>\n<meta property=\"og:type\" content=\"article\" \/>\n<meta property=\"og:title\" content=\"Les D\u00e9buts \u00e0 Lesbos : Premi\u00e8re mission de sauvetage | Open Arms\" \/>\n<meta property=\"og:description\" content=\"Tout a commenc\u00e9 \u00e0 Lesbos, en 2015. Open Arms a sauv\u00e9 des milliers de personnes apr\u00e8s l&#039;image d&#039;Alan Kurdi. C&#039;est ainsi qu&#039;est n\u00e9e notre mission de prot\u00e9ger des vies.\" \/>\n<meta property=\"og:url\" content=\"https:\/\/www.openarms.es\/fr\/qui-sommes-nous\/les-debuts-lesbos\" \/>\n<meta property=\"og:site_name\" content=\"Open Arms\" \/>\n<meta property=\"article:modified_time\" content=\"2025-06-20T09:27:40+00:00\" \/>\n<meta property=\"og:image\" content=\"https:\/\/www.openarms.es\/wp-content\/uploads\/2025\/03\/openarms-inicios-lesbos.webp\" \/>\n\t<meta property=\"og:image:width\" content=\"1772\" \/>\n\t<meta property=\"og:image:height\" content=\"1181\" \/>\n\t<meta property=\"og:image:type\" content=\"image\/webp\" \/>\n<meta name=\"twitter:card\" content=\"summary_large_image\" \/>\n<meta name=\"twitter:label1\" content=\"Dur\u00e9e de lecture estim\u00e9e\" \/>\n\t<meta name=\"twitter:data1\" content=\"2 minutes\" \/>\n<script type=\"application\/ld+json\" class=\"yoast-schema-graph\">{\"@context\":\"https:\/\/schema.org\",\"@graph\":[{\"@type\":\"WebPage\",\"@id\":\"https:\/\/www.openarms.es\/fr\/qui-sommes-nous\/les-debuts-lesbos\",\"url\":\"https:\/\/www.openarms.es\/fr\/qui-sommes-nous\/les-debuts-lesbos\",\"name\":\"Les D\u00e9buts \u00e0 Lesbos : Premi\u00e8re mission de sauvetage | Open Arms\",\"isPartOf\":{\"@id\":\"https:\/\/www.openarms.es\/fr#website\"},\"primaryImageOfPage\":{\"@id\":\"https:\/\/www.openarms.es\/fr\/qui-sommes-nous\/les-debuts-lesbos#primaryimage\"},\"image\":{\"@id\":\"https:\/\/www.openarms.es\/fr\/qui-sommes-nous\/les-debuts-lesbos#primaryimage\"},\"thumbnailUrl\":\"https:\/\/www.openarms.es\/wp-content\/uploads\/2025\/03\/openarms-inicios-lesbos.webp\",\"datePublished\":\"2025-03-27T09:45:06+00:00\",\"dateModified\":\"2025-06-20T09:27:40+00:00\",\"description\":\"Tout a commenc\u00e9 \u00e0 Lesbos, en 2015. Open Arms a sauv\u00e9 des milliers de personnes apr\u00e8s l'image d'Alan Kurdi. C'est ainsi qu'est n\u00e9e notre mission de prot\u00e9ger des vies.\",\"breadcrumb\":{\"@id\":\"https:\/\/www.openarms.es\/fr\/qui-sommes-nous\/les-debuts-lesbos#breadcrumb\"},\"inLanguage\":\"fr-FR\",\"potentialAction\":[{\"@type\":\"ReadAction\",\"target\":[\"https:\/\/www.openarms.es\/fr\/qui-sommes-nous\/les-debuts-lesbos\"]}]},{\"@type\":\"ImageObject\",\"inLanguage\":\"fr-FR\",\"@id\":\"https:\/\/www.openarms.es\/fr\/qui-sommes-nous\/les-debuts-lesbos#primaryimage\",\"url\":\"https:\/\/www.openarms.es\/wp-content\/uploads\/2025\/03\/openarms-inicios-lesbos.webp\",\"contentUrl\":\"https:\/\/www.openarms.es\/wp-content\/uploads\/2025\/03\/openarms-inicios-lesbos.webp\",\"width\":1772,\"height\":1181,\"caption\":\"Open Arms Inicios Lesbos Salvamento\"},{\"@type\":\"BreadcrumbList\",\"@id\":\"https:\/\/www.openarms.es\/fr\/qui-sommes-nous\/les-debuts-lesbos#breadcrumb\",\"itemListElement\":[{\"@type\":\"ListItem\",\"position\":1,\"name\":\"Qui sommes-nous\",\"item\":\"https:\/\/www.openarms.es\/fr\/qui-sommes-nous\"},{\"@type\":\"ListItem\",\"position\":2,\"name\":\"Les D\u00e9buts (LESBOS)\"}]},{\"@type\":\"WebSite\",\"@id\":\"https:\/\/www.openarms.es\/fr#website\",\"url\":\"https:\/\/www.openarms.es\/fr\",\"name\":\"Open Arms\",\"description\":\"\",\"publisher\":{\"@id\":\"https:\/\/www.openarms.es\/fr#organization\"},\"potentialAction\":[{\"@type\":\"SearchAction\",\"target\":{\"@type\":\"EntryPoint\",\"urlTemplate\":\"https:\/\/www.openarms.es\/fr?s={search_term_string}\"},\"query-input\":{\"@type\":\"PropertyValueSpecification\",\"valueRequired\":true,\"valueName\":\"search_term_string\"}}],\"inLanguage\":\"fr-FR\"},{\"@type\":\"Organization\",\"@id\":\"https:\/\/www.openarms.es\/fr#organization\",\"name\":\"Open Arms\",\"url\":\"https:\/\/www.openarms.es\/fr\",\"logo\":{\"@type\":\"ImageObject\",\"inLanguage\":\"fr-FR\",\"@id\":\"https:\/\/www.openarms.es\/fr#\/schema\/logo\/image\/\",\"url\":\"https:\/\/www.openarms.es\/wp-content\/uploads\/2025\/03\/BRAND.svg\",\"contentUrl\":\"https:\/\/www.openarms.es\/wp-content\/uploads\/2025\/03\/BRAND.svg\",\"caption\":\"Open Arms\"},\"image\":{\"@id\":\"https:\/\/www.openarms.es\/fr#\/schema\/logo\/image\/\"}}]}<\/script>\n<!-- \/ Yoast SEO plugin. -->","yoast_head_json":{"title":"Les D\u00e9buts \u00e0 Lesbos : Premi\u00e8re mission de sauvetage | Open Arms","description":"Tout a commenc\u00e9 \u00e0 Lesbos, en 2015. Open Arms a sauv\u00e9 des milliers de personnes apr\u00e8s l'image d'Alan Kurdi. C'est ainsi qu'est n\u00e9e notre mission de prot\u00e9ger des vies.","robots":{"index":"index","follow":"follow","max-snippet":"max-snippet:-1","max-image-preview":"max-image-preview:large","max-video-preview":"max-video-preview:-1"},"canonical":"https:\/\/www.openarms.es\/fr\/qui-sommes-nous\/les-debuts-lesbos","og_locale":"fr_FR","og_type":"article","og_title":"Les D\u00e9buts \u00e0 Lesbos : Premi\u00e8re mission de sauvetage | Open Arms","og_description":"Tout a commenc\u00e9 \u00e0 Lesbos, en 2015. Open Arms a sauv\u00e9 des milliers de personnes apr\u00e8s l'image d'Alan Kurdi. C'est ainsi qu'est n\u00e9e notre mission de prot\u00e9ger des vies.","og_url":"https:\/\/www.openarms.es\/fr\/qui-sommes-nous\/les-debuts-lesbos","og_site_name":"Open Arms","article_modified_time":"2025-06-20T09:27:40+00:00","og_image":[{"width":1772,"height":1181,"url":"https:\/\/www.openarms.es\/wp-content\/uploads\/2025\/03\/openarms-inicios-lesbos.webp","type":"image\/webp"}],"twitter_card":"summary_large_image","twitter_misc":{"Dur\u00e9e de lecture estim\u00e9e":"2 minutes"},"schema":{"@context":"https:\/\/schema.org","@graph":[{"@type":"WebPage","@id":"https:\/\/www.openarms.es\/fr\/qui-sommes-nous\/les-debuts-lesbos","url":"https:\/\/www.openarms.es\/fr\/qui-sommes-nous\/les-debuts-lesbos","name":"Les D\u00e9buts \u00e0 Lesbos : Premi\u00e8re mission de sauvetage | Open Arms","isPartOf":{"@id":"https:\/\/www.openarms.es\/fr#website"},"primaryImageOfPage":{"@id":"https:\/\/www.openarms.es\/fr\/qui-sommes-nous\/les-debuts-lesbos#primaryimage"},"image":{"@id":"https:\/\/www.openarms.es\/fr\/qui-sommes-nous\/les-debuts-lesbos#primaryimage"},"thumbnailUrl":"https:\/\/www.openarms.es\/wp-content\/uploads\/2025\/03\/openarms-inicios-lesbos.webp","datePublished":"2025-03-27T09:45:06+00:00","dateModified":"2025-06-20T09:27:40+00:00","description":"Tout a commenc\u00e9 \u00e0 Lesbos, en 2015. Open Arms a sauv\u00e9 des milliers de personnes apr\u00e8s l'image d'Alan Kurdi. C'est ainsi qu'est n\u00e9e notre mission de prot\u00e9ger des vies.","breadcrumb":{"@id":"https:\/\/www.openarms.es\/fr\/qui-sommes-nous\/les-debuts-lesbos#breadcrumb"},"inLanguage":"fr-FR","potentialAction":[{"@type":"ReadAction","target":["https:\/\/www.openarms.es\/fr\/qui-sommes-nous\/les-debuts-lesbos"]}]},{"@type":"ImageObject","inLanguage":"fr-FR","@id":"https:\/\/www.openarms.es\/fr\/qui-sommes-nous\/les-debuts-lesbos#primaryimage","url":"https:\/\/www.openarms.es\/wp-content\/uploads\/2025\/03\/openarms-inicios-lesbos.webp","contentUrl":"https:\/\/www.openarms.es\/wp-content\/uploads\/2025\/03\/openarms-inicios-lesbos.webp","width":1772,"height":1181,"caption":"Open Arms Inicios Lesbos Salvamento"},{"@type":"BreadcrumbList","@id":"https:\/\/www.openarms.es\/fr\/qui-sommes-nous\/les-debuts-lesbos#breadcrumb","itemListElement":[{"@type":"ListItem","position":1,"name":"Qui sommes-nous","item":"https:\/\/www.openarms.es\/fr\/qui-sommes-nous"},{"@type":"ListItem","position":2,"name":"Les D\u00e9buts (LESBOS)"}]},{"@type":"WebSite","@id":"https:\/\/www.openarms.es\/fr#website","url":"https:\/\/www.openarms.es\/fr","name":"Open Arms","description":"","publisher":{"@id":"https:\/\/www.openarms.es\/fr#organization"},"potentialAction":[{"@type":"SearchAction","target":{"@type":"EntryPoint","urlTemplate":"https:\/\/www.openarms.es\/fr?s={search_term_string}"},"query-input":{"@type":"PropertyValueSpecification","valueRequired":true,"valueName":"search_term_string"}}],"inLanguage":"fr-FR"},{"@type":"Organization","@id":"https:\/\/www.openarms.es\/fr#organization","name":"Open Arms","url":"https:\/\/www.openarms.es\/fr","logo":{"@type":"ImageObject","inLanguage":"fr-FR","@id":"https:\/\/www.openarms.es\/fr#\/schema\/logo\/image\/","url":"https:\/\/www.openarms.es\/wp-content\/uploads\/2025\/03\/BRAND.svg","contentUrl":"https:\/\/www.openarms.es\/wp-content\/uploads\/2025\/03\/BRAND.svg","caption":"Open Arms"},"image":{"@id":"https:\/\/www.openarms.es\/fr#\/schema\/logo\/image\/"}}]}},"_links":{"self":[{"href":"https:\/\/www.openarms.es\/fr\/wp-json\/wp\/v2\/pages\/4511","targetHints":{"allow":["GET"]}}],"collection":[{"href":"https:\/\/www.openarms.es\/fr\/wp-json\/wp\/v2\/pages"}],"about":[{"href":"https:\/\/www.openarms.es\/fr\/wp-json\/wp\/v2\/types\/page"}],"author":[{"embeddable":true,"href":"https:\/\/www.openarms.es\/fr\/wp-json\/wp\/v2\/users\/1"}],"replies":[{"embeddable":true,"href":"https:\/\/www.openarms.es\/fr\/wp-json\/wp\/v2\/comments?post=4511"}],"version-history":[{"count":6,"href":"https:\/\/www.openarms.es\/fr\/wp-json\/wp\/v2\/pages\/4511\/revisions"}],"predecessor-version":[{"id":6586,"href":"https:\/\/www.openarms.es\/fr\/wp-json\/wp\/v2\/pages\/4511\/revisions\/6586"}],"up":[{"embeddable":true,"href":"https:\/\/www.openarms.es\/fr\/wp-json\/wp\/v2\/pages\/4491"}],"wp:featuredmedia":[{"embeddable":true,"href":"https:\/\/www.openarms.es\/fr\/wp-json\/wp\/v2\/media\/3283"}],"wp:attachment":[{"href":"https:\/\/www.openarms.es\/fr\/wp-json\/wp\/v2\/media?parent=4511"}],"curies":[{"name":"wp","href":"https:\/\/api.w.org\/{rel}","templated":true}]}}