{"id":7005,"date":"2025-07-16T14:27:29","date_gmt":"2025-07-16T14:27:29","guid":{"rendered":"https:\/\/www.openarms.es\/?page_id=7005"},"modified":"2025-07-31T17:10:31","modified_gmt":"2025-07-31T17:10:31","slug":"route-de-la-mediterranee-occidentale-et-de-latlantique","status":"publish","type":"page","link":"https:\/\/www.openarms.es\/fr\/flux-migratoires\/route-de-la-mediterranee-occidentale-et-de-latlantique","title":{"rendered":"M\u00e9diterran\u00e9e occidentale et de l\u2019Atlantique"},"content":{"rendered":"\n<div class=\"wp-block-cover alignfull ebavs-header-hero-interior\" style=\"min-height:40rem;aspect-ratio:unset;\"><img loading=\"lazy\" decoding=\"async\" width=\"1024\" height=\"683\" class=\"wp-block-cover__image-background wp-image-6963 size-large\" alt=\"Openarms mediterraneo Occidental\" src=\"https:\/\/www.openarms.es\/wp-content\/uploads\/2025\/07\/openarms-mediterraneo-occidental-1024x683.jpg\" data-object-fit=\"cover\" srcset=\"https:\/\/www.openarms.es\/wp-content\/uploads\/2025\/07\/openarms-mediterraneo-occidental-1024x683.jpg 1024w, https:\/\/www.openarms.es\/wp-content\/uploads\/2025\/07\/openarms-mediterraneo-occidental-300x200.jpg 300w, https:\/\/www.openarms.es\/wp-content\/uploads\/2025\/07\/openarms-mediterraneo-occidental-768x512.jpg 768w, https:\/\/www.openarms.es\/wp-content\/uploads\/2025\/07\/openarms-mediterraneo-occidental-1536x1024.jpg 1536w, https:\/\/www.openarms.es\/wp-content\/uploads\/2025\/07\/openarms-mediterraneo-occidental.jpg 1920w\" sizes=\"auto, (max-width: 1024px) 100vw, 1024px\" \/><span aria-hidden=\"true\" class=\"wp-block-cover__background has-black-background-color has-background-dim-30 has-background-dim\"><\/span><div class=\"wp-block-cover__inner-container is-layout-flow wp-block-cover-is-layout-flow\">\n<div class=\"wp-block-group alignwide has-global-padding is-layout-constrained wp-block-group-is-layout-constrained\" style=\"margin-top:auto;margin-bottom:auto\">\n<div class=\"wp-block-group has-global-padding is-content-justification-left is-layout-constrained wp-container-core-group-is-layout-b58f3518 wp-block-group-is-layout-constrained\">\n<p class=\"has-text-align-left has-base-color has-text-color has-large-font-size\" style=\"font-family:var(--wp--preset--font-family--dinnextltpro)\">FLUX MIGRATOIRES<\/p>\n\n\n\n<h1 class=\"wp-block-heading has-text-align-left has-base-color has-text-color has-xx-large-font-size\" style=\"margin-top:0;margin-bottom:0\">M\u00e9diterran\u00e9e Occidentale et de l\u2019Atlantique<\/h1>\n\n\n\n<p class=\"has-base-color has-text-color has-link-color wp-elements-c1d36d5a82008c6799f97f01bd06d083\" style=\"margin-top:0;margin-bottom:0\">Si tu crois que toute vie doit \u00eatre sauv\u00e9e, implique-toi. Ensemble, nous pouvons en sauver beaucoup plus.<br\/><\/p>\n\n\n\n<div class=\"wp-block-buttons is-content-justification-left is-layout-flex wp-container-core-buttons-is-layout-fc4fd283 wp-block-buttons-is-layout-flex\">\n<div class=\"wp-block-button\"><a class=\"wp-block-button__link has-contrast-color has-base-background-color has-text-color has-background has-dinnextltpro-font-family has-custom-font-size wp-element-button\" href=\"https:\/\/help.openarms.es\/miembro-openarms\/?lang=fr\" style=\"padding-top:16px;padding-right:24px;padding-bottom:14px;padding-left:24px;font-size:clamp(0.875rem, 0.875rem + ((1vw - 0.2rem) * 0.302), 1.13rem);font-style:normal;font-weight:700;line-height:1;text-transform:uppercase\" target=\"_blank\" rel=\"noreferrer noopener\">Deviens membre<\/a><\/div>\n<\/div>\n<\/div>\n<\/div>\n<\/div><\/div>\n\n<div class=\"wp-block-cover alignfull is-light has-parallax\" style=\"margin-top:0;margin-bottom:0;padding-top:0;padding-right:0;padding-bottom:0;padding-left:0\"><div class=\"wp-block-cover__image-background wp-image-999 has-parallax\" style=\"background-position:50% 50%;background-image:url(https:\/\/www.openarms.es\/wp-content\/themes\/openarms\/assets\/images\/openarms-texture.webp)\"><\/div><span aria-hidden=\"true\" class=\"wp-block-cover__background has-base-background-color has-background-dim-80 has-background-dim\"><\/span><div class=\"wp-block-cover__inner-container is-layout-flow wp-block-cover-is-layout-flow\">\n<div class=\"wp-block-group alignwide has-global-padding is-layout-constrained wp-container-core-group-is-layout-8257ab09 wp-block-group-is-layout-constrained\" style=\"margin-top:1rem\">\n<div class=\"wp-block-group alignwide has-global-padding is-layout-constrained wp-block-group-is-layout-constrained\"><div class=\"yoast-breadcrumbs\"><span><span><a href=\"https:\/\/www.openarms.es\/fr\/flux-migratoires\">Flux migratoires<\/a><\/span> &gt; <span class=\"breadcrumb_last\" aria-current=\"page\">M\u00e9diterran\u00e9e occidentale et de l\u2019Atlantique<\/span><\/span><\/div>\n\n\n<hr class=\"wp-block-separator has-text-color has-gray-color has-alpha-channel-opacity has-gray-background-color has-background is-style-default\" style=\"margin-top:1rem;margin-bottom:4rem\"\/>\n<\/div>\n<\/div>\n\n\n\n<div class=\"wp-block-group has-global-padding is-layout-constrained wp-block-group-is-layout-constrained\">\n<div class=\"wp-block-columns alignwide ebavs-space-between is-layout-flex wp-container-core-columns-is-layout-643ced6b wp-block-columns-is-layout-flex\">\n<div class=\"wp-block-column is-layout-flow wp-block-column-is-layout-flow\" style=\"flex-basis:33%\">\n<h2 class=\"wp-block-heading has-contrast-color has-text-color has-x-large-font-size\" style=\"margin-top:0\">La Route<\/h2>\n<\/div>\n\n\n\n<div class=\"wp-block-column is-layout-flow wp-block-column-is-layout-flow\" style=\"flex-basis:50%\">\n<p class=\"has-dark-gray-color has-text-color has-medium-font-size\" style=\"line-height:1.14em\">La route de la M\u00e9diterran\u00e9e occidentale relie g\u00e9n\u00e9ralement les c\u00f4tes du nord-ouest de l\u2019Afrique \u00e0 l\u2019Espagne. Les personnes migrantes empruntant cette route viennent principalement de pays d\u2019Afrique subsaharienne et occidentale, tels que le Maroc, l\u2019Alg\u00e9rie, le Mali, le Niger, le S\u00e9n\u00e9gal, la Guin\u00e9e et le Burkina Faso. Elles partent souvent des c\u00f4tes du Maroc, de l\u2019Alg\u00e9rie et parfois de la Mauritanie, bien qu\u2019il existe \u00e9galement des ports de d\u00e9part au S\u00e9n\u00e9gal.<br\/><\/p>\n<\/div>\n<\/div>\n<\/div>\n\n\n\n<div class=\"wp-block-group has-global-padding is-layout-constrained wp-block-group-is-layout-constrained\">\n<figure class=\"wp-block-image aligncenter size-large\"><img loading=\"lazy\" decoding=\"async\" width=\"1024\" height=\"683\" src=\"https:\/\/www.openarms.es\/wp-content\/uploads\/2025\/07\/CR_0009-1024x683.jpg\" alt=\"\" class=\"wp-image-7943\" style=\"aspect-ratio:16\/9;object-fit:contain\" srcset=\"https:\/\/www.openarms.es\/wp-content\/uploads\/2025\/07\/CR_0009-1024x683.jpg 1024w, https:\/\/www.openarms.es\/wp-content\/uploads\/2025\/07\/CR_0009-300x200.jpg 300w, https:\/\/www.openarms.es\/wp-content\/uploads\/2025\/07\/CR_0009-768x512.jpg 768w, https:\/\/www.openarms.es\/wp-content\/uploads\/2025\/07\/CR_0009-1536x1024.jpg 1536w, https:\/\/www.openarms.es\/wp-content\/uploads\/2025\/07\/CR_0009-2048x1365.jpg 2048w\" sizes=\"auto, (max-width: 1024px) 100vw, 1024px\" \/><\/figure>\n<\/div>\n\n\n\n<div class=\"wp-block-group has-global-padding is-layout-constrained wp-block-group-is-layout-constrained\">\n<div class=\"wp-block-columns alignwide is-content-justification-space-between is-layout-flow wp-container-core-columns-is-layout-389f1a3f wp-block-columns-is-layout-flow\">\n<div class=\"wp-block-column is-layout-flow wp-block-column-is-layout-flow\" style=\"padding-right:var(--wp--preset--spacing--40);flex-basis:30%\">\n<h3 class=\"wp-block-heading has-black-color has-text-color\" style=\"margin-top:0;margin-bottom:var(--wp--preset--spacing--16);font-size:clamp(1.502rem, 1.502rem + ((1vw - 0.2rem) * 1.181), 2.5rem);\">D\u00e9parts et destinations<\/h3>\n<\/div>\n\n\n\n<div class=\"wp-block-column is-vertically-aligned-top is-layout-flow wp-block-column-is-layout-flow\" style=\"padding-right:0;padding-left:0;flex-basis:70%\">\n<ul class=\"wp-block-list\">\n<li class=\"has-small-font-size\" style=\"margin-bottom:var(--wp--preset--spacing--16)\">Les d\u00e9parts les plus fr\u00e9quents vers la p\u00e9ninsule ont lieu depuis la r\u00e9gion de Tanger (d\u00e9troit de Gibraltar) et le Rif marocain, ainsi que depuis l\u2019Alg\u00e9rie.<br\/><\/li>\n\n\n\n<li class=\"has-small-font-size\" style=\"margin-bottom:var(--wp--preset--spacing--16)\">Des d\u00e9parts ont \u00e9galement lieu depuis les c\u00f4tes de l\u2019Alg\u00e9rie vers les \u00eeles Bal\u00e9ares.<\/li>\n\n\n\n<li class=\"has-small-font-size\" style=\"margin-bottom:var(--wp--preset--spacing--16)\">Enfin, il existe des d\u00e9parts, bien que plus rares, depuis le Sahara occidental vers les Canaries, sur ce qu\u2019on appelle la \u00ab route atlantique \u00bb. Ils partent du sud du Maroc, de la Mauritanie et du S\u00e9n\u00e9gal. Sur cette route, Salvamento Mar\u00edtimo est en op\u00e9ration.<br\/><\/li>\n\n\n\n<li class=\"has-small-font-size\">Une autre destination pour les personnes tentant d\u2019entrer dans l\u2019UE, cette fois par voie terrestre, sont les villes autonomes de Ceuta et Melilla.<br\/><\/li>\n<\/ul>\n<\/div>\n<\/div>\n<\/div>\n\n\n\n<div class=\"wp-block-group has-global-padding is-layout-constrained wp-block-group-is-layout-constrained\" style=\"margin-top:var(--wp--preset--spacing--48)\">\n<div class=\"wp-block-columns alignwide is-content-justification-space-between is-layout-flow wp-container-core-columns-is-layout-389f1a3f wp-block-columns-is-layout-flow\">\n<div class=\"wp-block-column is-layout-flow wp-block-column-is-layout-flow\" style=\"padding-right:var(--wp--preset--spacing--40);flex-basis:30%\">\n<h3 class=\"wp-block-heading has-black-color has-text-color\" style=\"margin-top:0;margin-bottom:var(--wp--preset--spacing--16);font-size:clamp(1.502rem, 1.502rem + ((1vw - 0.2rem) * 1.181), 2.5rem);\">D\u00e9tails<\/h3>\n<\/div>\n\n\n\n<div class=\"wp-block-column is-vertically-aligned-top is-layout-flow wp-block-column-is-layout-flow\" style=\"padding-right:0;padding-left:0;flex-basis:70%\">\n<p class=\"has-small-font-size\">En g\u00e9n\u00e9ral, la route reliant le Maroc \u00e0 la p\u00e9ninsule a fluctu\u00e9 en fonction des politiques de contr\u00f4le aux fronti\u00e8res et des accords conclus entre les deux pays.<br\/><br\/>La route vers les \u00eeles Canaries a augment\u00e9 en 2020 et 2021, restant \u00e9lev\u00e9e en 2022 et 2023. Cela est d\u00fb principalement \u00e0 un contr\u00f4le renforc\u00e9 en M\u00e9diterran\u00e9e et \u00e0 la recherche de routes alternatives plus longues, mais tout aussi dangereuses.<\/p>\n<\/div>\n<\/div>\n<\/div>\n\n\n\n<div class=\"wp-block-group alignfull has-global-padding is-layout-constrained wp-container-core-group-is-layout-0c9c989a wp-block-group-is-layout-constrained\" style=\"min-height:0vh;margin-top:0;margin-bottom:0;padding-top:var(--wp--preset--spacing--70);padding-right:var(--wp--preset--spacing--40);padding-bottom:var(--wp--preset--spacing--70);padding-left:var(--wp--preset--spacing--40)\">\n<div class=\"wp-block-columns are-vertically-aligned-top is-content-justification-center is-layout-flex wp-container-core-columns-is-layout-8c19c11b wp-block-columns-is-layout-flex\">\n<div class=\"wp-block-column is-vertically-aligned-top is-layout-flow wp-block-column-is-layout-flow\" style=\"flex-basis:60%\">\n<div class=\"wp-block-group has-contrast-background-color has-background has-global-padding is-layout-constrained wp-container-core-group-is-layout-a91b9633 wp-block-group-is-layout-constrained\" style=\"border-style:none;border-width:0px;border-radius:32px;padding-top:var(--wp--preset--spacing--40);padding-right:2rem;padding-bottom:var(--wp--preset--spacing--40);padding-left:2rem\">\n<h3 class=\"wp-block-heading has-text-align-center has-base-color has-text-color has-link-color wp-elements-0925c158e1c62a4a90edb86eeb50ddb4\" style=\"margin-right:0;margin-left:0;padding-right:0;padding-left:0;font-size:clamp(1.502rem, 1.502rem + ((1vw - 0.2rem) * 1.181), 2.5rem);line-height:1.15\">Si tu crois que chaque vie m\u00e9rite d\u2019\u00eatre sauv\u00e9e, implique-toi. Ensemble, nous pouvons en sauver beaucoup d\u2019autres.<\/h3>\n\n\n\n<div class=\"wp-block-buttons is-horizontal is-content-justification-center is-layout-flex wp-container-core-buttons-is-layout-03627597 wp-block-buttons-is-layout-flex\">\n<div class=\"wp-block-button\"><a class=\"wp-block-button__link has-contrast-color has-base-background-color has-text-color has-background has-custom-font-size wp-element-button\" href=\"https:\/\/www.openarms.es\/fr\/comment-aider\/fais-un-don\" style=\"padding-top:16px;padding-right:24px;padding-bottom:14px;padding-left:24px;font-size:clamp(14px, 0.875rem + ((1vw - 3.2px) * 0.296), 18px);font-style:normal;font-weight:700\">FAIS UN DON<\/a><\/div>\n<\/div>\n<\/div>\n<\/div>\n<\/div>\n<\/div>\n<\/div><\/div>\n","protected":false},"excerpt":{"rendered":"","protected":false},"author":1,"featured_media":6966,"parent":6952,"menu_order":0,"comment_status":"closed","ping_status":"closed","template":"page-interior","meta":{"content-type":"","footnotes":""},"class_list":["post-7005","page","type-page","status-publish","has-post-thumbnail","hentry"],"yoast_head":"<!-- This site is optimized with the Yoast SEO plugin v25.9 - https:\/\/yoast.com\/wordpress\/plugins\/seo\/ -->\n<title>Route de la M\u00e9diterran\u00e9e occidentale | Open Arms<\/title>\n<meta name=\"description\" content=\"D\u00e9couvrez la Route de la M\u00e9diterran\u00e9e occidentale : origine et destination de milliers de personnes migrantes en provenance d\u2019Afrique. Informez-vous, agissez et sauvez des vies.\" \/>\n<meta name=\"robots\" content=\"index, follow, max-snippet:-1, max-image-preview:large, max-video-preview:-1\" \/>\n<link rel=\"canonical\" href=\"https:\/\/www.openarms.es\/fr\/flux-migratoires\/route-de-la-mediterranee-occidentale-et-de-latlantique\" \/>\n<meta property=\"og:locale\" content=\"fr_FR\" \/>\n<meta property=\"og:type\" content=\"article\" \/>\n<meta property=\"og:title\" content=\"Route de la M\u00e9diterran\u00e9e occidentale | Open Arms\" \/>\n<meta property=\"og:description\" content=\"D\u00e9couvrez la Route de la M\u00e9diterran\u00e9e occidentale : origine et destination de milliers de personnes migrantes en provenance d\u2019Afrique. Informez-vous, agissez et sauvez des vies.\" \/>\n<meta property=\"og:url\" content=\"https:\/\/www.openarms.es\/fr\/flux-migratoires\/route-de-la-mediterranee-occidentale-et-de-latlantique\" \/>\n<meta property=\"og:site_name\" content=\"Open Arms\" \/>\n<meta property=\"article:modified_time\" content=\"2025-07-31T17:10:31+00:00\" \/>\n<meta property=\"og:image\" content=\"https:\/\/www.openarms.es\/wp-content\/uploads\/2025\/07\/openarms-mediterraneo-occidental.jpg\" \/>\n\t<meta property=\"og:image:width\" content=\"1920\" \/>\n\t<meta property=\"og:image:height\" content=\"1280\" \/>\n\t<meta property=\"og:image:type\" content=\"image\/jpeg\" \/>\n<meta name=\"twitter:card\" content=\"summary_large_image\" \/>\n<meta name=\"twitter:label1\" content=\"Dur\u00e9e de lecture estim\u00e9e\" \/>\n\t<meta name=\"twitter:data1\" content=\"2 minutes\" \/>\n<script type=\"application\/ld+json\" class=\"yoast-schema-graph\">{\"@context\":\"https:\/\/schema.org\",\"@graph\":[{\"@type\":\"WebPage\",\"@id\":\"https:\/\/www.openarms.es\/fr\/flux-migratoires\/route-de-la-mediterranee-occidentale-et-de-latlantique\",\"url\":\"https:\/\/www.openarms.es\/fr\/flux-migratoires\/route-de-la-mediterranee-occidentale-et-de-latlantique\",\"name\":\"Route de la M\u00e9diterran\u00e9e occidentale | Open Arms\",\"isPartOf\":{\"@id\":\"https:\/\/www.openarms.es\/fr#website\"},\"primaryImageOfPage\":{\"@id\":\"https:\/\/www.openarms.es\/fr\/flux-migratoires\/route-de-la-mediterranee-occidentale-et-de-latlantique#primaryimage\"},\"image\":{\"@id\":\"https:\/\/www.openarms.es\/fr\/flux-migratoires\/route-de-la-mediterranee-occidentale-et-de-latlantique#primaryimage\"},\"thumbnailUrl\":\"https:\/\/www.openarms.es\/wp-content\/uploads\/2025\/07\/openarms-mediterraneo-occidental.jpg\",\"datePublished\":\"2025-07-16T14:27:29+00:00\",\"dateModified\":\"2025-07-31T17:10:31+00:00\",\"description\":\"D\u00e9couvrez la Route de la M\u00e9diterran\u00e9e occidentale : origine et destination de milliers de personnes migrantes en provenance d\u2019Afrique. Informez-vous, agissez et sauvez des vies.\",\"breadcrumb\":{\"@id\":\"https:\/\/www.openarms.es\/fr\/flux-migratoires\/route-de-la-mediterranee-occidentale-et-de-latlantique#breadcrumb\"},\"inLanguage\":\"fr-FR\",\"potentialAction\":[{\"@type\":\"ReadAction\",\"target\":[\"https:\/\/www.openarms.es\/fr\/flux-migratoires\/route-de-la-mediterranee-occidentale-et-de-latlantique\"]}]},{\"@type\":\"ImageObject\",\"inLanguage\":\"fr-FR\",\"@id\":\"https:\/\/www.openarms.es\/fr\/flux-migratoires\/route-de-la-mediterranee-occidentale-et-de-latlantique#primaryimage\",\"url\":\"https:\/\/www.openarms.es\/wp-content\/uploads\/2025\/07\/openarms-mediterraneo-occidental.jpg\",\"contentUrl\":\"https:\/\/www.openarms.es\/wp-content\/uploads\/2025\/07\/openarms-mediterraneo-occidental.jpg\",\"width\":1920,\"height\":1280,\"caption\":\"Openarms mediterraneo Occidental\"},{\"@type\":\"BreadcrumbList\",\"@id\":\"https:\/\/www.openarms.es\/fr\/flux-migratoires\/route-de-la-mediterranee-occidentale-et-de-latlantique#breadcrumb\",\"itemListElement\":[{\"@type\":\"ListItem\",\"position\":1,\"name\":\"Flux migratoires\",\"item\":\"https:\/\/www.openarms.es\/fr\/flux-migratoires\"},{\"@type\":\"ListItem\",\"position\":2,\"name\":\"M\u00e9diterran\u00e9e occidentale et de l\u2019Atlantique\"}]},{\"@type\":\"WebSite\",\"@id\":\"https:\/\/www.openarms.es\/fr#website\",\"url\":\"https:\/\/www.openarms.es\/fr\",\"name\":\"Open Arms\",\"description\":\"\",\"publisher\":{\"@id\":\"https:\/\/www.openarms.es\/fr#organization\"},\"potentialAction\":[{\"@type\":\"SearchAction\",\"target\":{\"@type\":\"EntryPoint\",\"urlTemplate\":\"https:\/\/www.openarms.es\/fr?s={search_term_string}\"},\"query-input\":{\"@type\":\"PropertyValueSpecification\",\"valueRequired\":true,\"valueName\":\"search_term_string\"}}],\"inLanguage\":\"fr-FR\"},{\"@type\":\"Organization\",\"@id\":\"https:\/\/www.openarms.es\/fr#organization\",\"name\":\"Open Arms\",\"url\":\"https:\/\/www.openarms.es\/fr\",\"logo\":{\"@type\":\"ImageObject\",\"inLanguage\":\"fr-FR\",\"@id\":\"https:\/\/www.openarms.es\/fr#\/schema\/logo\/image\/\",\"url\":\"https:\/\/www.openarms.es\/wp-content\/uploads\/2025\/03\/BRAND.svg\",\"contentUrl\":\"https:\/\/www.openarms.es\/wp-content\/uploads\/2025\/03\/BRAND.svg\",\"caption\":\"Open Arms\"},\"image\":{\"@id\":\"https:\/\/www.openarms.es\/fr#\/schema\/logo\/image\/\"}}]}<\/script>\n<!-- \/ Yoast SEO plugin. -->","yoast_head_json":{"title":"Route de la M\u00e9diterran\u00e9e occidentale | Open Arms","description":"D\u00e9couvrez la Route de la M\u00e9diterran\u00e9e occidentale : origine et destination de milliers de personnes migrantes en provenance d\u2019Afrique. Informez-vous, agissez et sauvez des vies.","robots":{"index":"index","follow":"follow","max-snippet":"max-snippet:-1","max-image-preview":"max-image-preview:large","max-video-preview":"max-video-preview:-1"},"canonical":"https:\/\/www.openarms.es\/fr\/flux-migratoires\/route-de-la-mediterranee-occidentale-et-de-latlantique","og_locale":"fr_FR","og_type":"article","og_title":"Route de la M\u00e9diterran\u00e9e occidentale | Open Arms","og_description":"D\u00e9couvrez la Route de la M\u00e9diterran\u00e9e occidentale : origine et destination de milliers de personnes migrantes en provenance d\u2019Afrique. Informez-vous, agissez et sauvez des vies.","og_url":"https:\/\/www.openarms.es\/fr\/flux-migratoires\/route-de-la-mediterranee-occidentale-et-de-latlantique","og_site_name":"Open Arms","article_modified_time":"2025-07-31T17:10:31+00:00","og_image":[{"width":1920,"height":1280,"url":"https:\/\/www.openarms.es\/wp-content\/uploads\/2025\/07\/openarms-mediterraneo-occidental.jpg","type":"image\/jpeg"}],"twitter_card":"summary_large_image","twitter_misc":{"Dur\u00e9e de lecture estim\u00e9e":"2 minutes"},"schema":{"@context":"https:\/\/schema.org","@graph":[{"@type":"WebPage","@id":"https:\/\/www.openarms.es\/fr\/flux-migratoires\/route-de-la-mediterranee-occidentale-et-de-latlantique","url":"https:\/\/www.openarms.es\/fr\/flux-migratoires\/route-de-la-mediterranee-occidentale-et-de-latlantique","name":"Route de la M\u00e9diterran\u00e9e occidentale | Open Arms","isPartOf":{"@id":"https:\/\/www.openarms.es\/fr#website"},"primaryImageOfPage":{"@id":"https:\/\/www.openarms.es\/fr\/flux-migratoires\/route-de-la-mediterranee-occidentale-et-de-latlantique#primaryimage"},"image":{"@id":"https:\/\/www.openarms.es\/fr\/flux-migratoires\/route-de-la-mediterranee-occidentale-et-de-latlantique#primaryimage"},"thumbnailUrl":"https:\/\/www.openarms.es\/wp-content\/uploads\/2025\/07\/openarms-mediterraneo-occidental.jpg","datePublished":"2025-07-16T14:27:29+00:00","dateModified":"2025-07-31T17:10:31+00:00","description":"D\u00e9couvrez la Route de la M\u00e9diterran\u00e9e occidentale : origine et destination de milliers de personnes migrantes en provenance d\u2019Afrique. Informez-vous, agissez et sauvez des vies.","breadcrumb":{"@id":"https:\/\/www.openarms.es\/fr\/flux-migratoires\/route-de-la-mediterranee-occidentale-et-de-latlantique#breadcrumb"},"inLanguage":"fr-FR","potentialAction":[{"@type":"ReadAction","target":["https:\/\/www.openarms.es\/fr\/flux-migratoires\/route-de-la-mediterranee-occidentale-et-de-latlantique"]}]},{"@type":"ImageObject","inLanguage":"fr-FR","@id":"https:\/\/www.openarms.es\/fr\/flux-migratoires\/route-de-la-mediterranee-occidentale-et-de-latlantique#primaryimage","url":"https:\/\/www.openarms.es\/wp-content\/uploads\/2025\/07\/openarms-mediterraneo-occidental.jpg","contentUrl":"https:\/\/www.openarms.es\/wp-content\/uploads\/2025\/07\/openarms-mediterraneo-occidental.jpg","width":1920,"height":1280,"caption":"Openarms mediterraneo Occidental"},{"@type":"BreadcrumbList","@id":"https:\/\/www.openarms.es\/fr\/flux-migratoires\/route-de-la-mediterranee-occidentale-et-de-latlantique#breadcrumb","itemListElement":[{"@type":"ListItem","position":1,"name":"Flux migratoires","item":"https:\/\/www.openarms.es\/fr\/flux-migratoires"},{"@type":"ListItem","position":2,"name":"M\u00e9diterran\u00e9e occidentale et de l\u2019Atlantique"}]},{"@type":"WebSite","@id":"https:\/\/www.openarms.es\/fr#website","url":"https:\/\/www.openarms.es\/fr","name":"Open Arms","description":"","publisher":{"@id":"https:\/\/www.openarms.es\/fr#organization"},"potentialAction":[{"@type":"SearchAction","target":{"@type":"EntryPoint","urlTemplate":"https:\/\/www.openarms.es\/fr?s={search_term_string}"},"query-input":{"@type":"PropertyValueSpecification","valueRequired":true,"valueName":"search_term_string"}}],"inLanguage":"fr-FR"},{"@type":"Organization","@id":"https:\/\/www.openarms.es\/fr#organization","name":"Open Arms","url":"https:\/\/www.openarms.es\/fr","logo":{"@type":"ImageObject","inLanguage":"fr-FR","@id":"https:\/\/www.openarms.es\/fr#\/schema\/logo\/image\/","url":"https:\/\/www.openarms.es\/wp-content\/uploads\/2025\/03\/BRAND.svg","contentUrl":"https:\/\/www.openarms.es\/wp-content\/uploads\/2025\/03\/BRAND.svg","caption":"Open Arms"},"image":{"@id":"https:\/\/www.openarms.es\/fr#\/schema\/logo\/image\/"}}]}},"_links":{"self":[{"href":"https:\/\/www.openarms.es\/fr\/wp-json\/wp\/v2\/pages\/7005","targetHints":{"allow":["GET"]}}],"collection":[{"href":"https:\/\/www.openarms.es\/fr\/wp-json\/wp\/v2\/pages"}],"about":[{"href":"https:\/\/www.openarms.es\/fr\/wp-json\/wp\/v2\/types\/page"}],"author":[{"embeddable":true,"href":"https:\/\/www.openarms.es\/fr\/wp-json\/wp\/v2\/users\/1"}],"replies":[{"embeddable":true,"href":"https:\/\/www.openarms.es\/fr\/wp-json\/wp\/v2\/comments?post=7005"}],"version-history":[{"count":10,"href":"https:\/\/www.openarms.es\/fr\/wp-json\/wp\/v2\/pages\/7005\/revisions"}],"predecessor-version":[{"id":8216,"href":"https:\/\/www.openarms.es\/fr\/wp-json\/wp\/v2\/pages\/7005\/revisions\/8216"}],"up":[{"embeddable":true,"href":"https:\/\/www.openarms.es\/fr\/wp-json\/wp\/v2\/pages\/6952"}],"wp:featuredmedia":[{"embeddable":true,"href":"https:\/\/www.openarms.es\/fr\/wp-json\/wp\/v2\/media\/6966"}],"wp:attachment":[{"href":"https:\/\/www.openarms.es\/fr\/wp-json\/wp\/v2\/media?parent=7005"}],"curies":[{"name":"wp","href":"https:\/\/api.w.org\/{rel}","templated":true}]}}