{"id":7168,"date":"2025-07-23T08:18:32","date_gmt":"2025-07-23T08:18:32","guid":{"rendered":"https:\/\/www.openarms.es\/?page_id=7168"},"modified":"2025-07-31T09:13:28","modified_gmt":"2025-07-31T09:13:28","slug":"syrie","status":"publish","type":"page","link":"https:\/\/www.openarms.es\/fr\/conflits\/moyen-orient\/syrie","title":{"rendered":"Syrie"},"content":{"rendered":"\n<div class=\"wp-block-cover alignfull ebavs-header-hero-interior\" style=\"min-height:40rem;aspect-ratio:unset;\"><span aria-hidden=\"true\" class=\"wp-block-cover__background has-black-background-color has-background-dim-30 has-background-dim\"><\/span><img loading=\"lazy\" decoding=\"async\" width=\"1024\" height=\"683\" src=\"https:\/\/www.openarms.es\/wp-content\/uploads\/2025\/07\/pexels-ahmed-akacha-3313934-10629465-1024x683.jpg\" class=\"wp-block-cover__image-background wp-post-image\" alt=\"\" data-object-fit=\"cover\" srcset=\"https:\/\/www.openarms.es\/wp-content\/uploads\/2025\/07\/pexels-ahmed-akacha-3313934-10629465-1024x683.jpg 1024w, https:\/\/www.openarms.es\/wp-content\/uploads\/2025\/07\/pexels-ahmed-akacha-3313934-10629465-300x200.jpg 300w, https:\/\/www.openarms.es\/wp-content\/uploads\/2025\/07\/pexels-ahmed-akacha-3313934-10629465-768x512.jpg 768w, https:\/\/www.openarms.es\/wp-content\/uploads\/2025\/07\/pexels-ahmed-akacha-3313934-10629465-1536x1024.jpg 1536w, https:\/\/www.openarms.es\/wp-content\/uploads\/2025\/07\/pexels-ahmed-akacha-3313934-10629465-2048x1365.jpg 2048w\" sizes=\"auto, (max-width: 1024px) 100vw, 1024px\" \/><div class=\"wp-block-cover__inner-container is-layout-flow wp-block-cover-is-layout-flow\">\n<div class=\"wp-block-group alignwide has-global-padding is-layout-constrained wp-block-group-is-layout-constrained\" style=\"margin-top:auto;margin-bottom:auto\">\n<div class=\"wp-block-group has-global-padding is-content-justification-left is-layout-constrained wp-container-core-group-is-layout-b58f3518 wp-block-group-is-layout-constrained\">\n<p class=\"has-text-align-left has-base-color has-text-color has-large-font-size\" style=\"font-family:var(--wp--preset--font-family--dinnextltpro)\">CONFLITS<\/p>\n\n\n\n<h1 class=\"wp-block-heading has-text-align-left has-base-color has-text-color has-xx-large-font-size\" style=\"margin-top:0;margin-bottom:0\">SYRIE<\/h1>\n\n\n\n<p class=\"has-base-color has-text-color has-link-color wp-elements-8df07a0883909bca7e792407e11f52cd\" style=\"margin-top:0;margin-bottom:0\">Si tu penses qu\u2019en temps de guerre il faut prot\u00e9ger la vie des plus vuln\u00e9rables, alors tu es des n\u00f4tres.<\/p>\n\n\n\n<div class=\"wp-block-buttons is-content-justification-left is-layout-flex wp-container-core-buttons-is-layout-fc4fd283 wp-block-buttons-is-layout-flex\">\n<div class=\"wp-block-button\"><a class=\"wp-block-button__link has-contrast-color has-base-background-color has-text-color has-background has-dinnextltpro-font-family has-custom-font-size wp-element-button\" href=\"https:\/\/help.openarms.es\/miembro-openarms\/?lang=fr\" style=\"padding-top:16px;padding-right:24px;padding-bottom:14px;padding-left:24px;font-size:clamp(0.875rem, 0.875rem + ((1vw - 0.2rem) * 0.302), 1.13rem);font-style:normal;font-weight:700;line-height:1;text-transform:uppercase\" target=\"_blank\" rel=\"noreferrer noopener\">Deviens membre<\/a><\/div>\n<\/div>\n<\/div>\n<\/div>\n<\/div><\/div>\n\n<div class=\"wp-block-cover alignfull is-light has-parallax\" style=\"margin-top:0;margin-bottom:0;padding-top:0;padding-right:0;padding-bottom:0;padding-left:0\"><div class=\"wp-block-cover__image-background wp-image-999 has-parallax\" style=\"background-position:50% 50%;background-image:url(https:\/\/www.openarms.es\/wp-content\/themes\/openarms\/assets\/images\/openarms-texture.webp)\"><\/div><span aria-hidden=\"true\" class=\"wp-block-cover__background has-base-background-color has-background-dim-80 has-background-dim\"><\/span><div class=\"wp-block-cover__inner-container is-layout-flow wp-block-cover-is-layout-flow\">\n<div class=\"wp-block-group alignwide has-global-padding is-layout-constrained wp-container-core-group-is-layout-8257ab09 wp-block-group-is-layout-constrained\" style=\"margin-top:1rem\">\n<div class=\"wp-block-group alignwide has-global-padding is-layout-constrained wp-block-group-is-layout-constrained\"><div class=\"yoast-breadcrumbs\"><span><span><a href=\"https:\/\/www.openarms.es\/fr\/conflits\">Conflits<\/a><\/span> &gt; <span><a href=\"https:\/\/www.openarms.es\/fr\/conflits\/moyen-orient\">Moyen-Orient<\/a><\/span> &gt; <span class=\"breadcrumb_last\" aria-current=\"page\">Syrie<\/span><\/span><\/div>\n\n\n<hr class=\"wp-block-separator has-text-color has-gray-color has-alpha-channel-opacity has-gray-background-color has-background is-style-default\" style=\"margin-top:1rem;margin-bottom:4rem\"\/>\n<\/div>\n<\/div>\n\n\n\n<div class=\"wp-block-group has-global-padding is-layout-constrained wp-block-group-is-layout-constrained\">\n<div class=\"wp-block-columns alignwide ebavs-space-between is-layout-flex wp-container-core-columns-is-layout-643ced6b wp-block-columns-is-layout-flex\">\n<div class=\"wp-block-column is-layout-flow wp-block-column-is-layout-flow\" style=\"flex-basis:33%\">\n<h2 class=\"wp-block-heading has-contrast-color has-text-color has-x-large-font-size\" style=\"margin-top:0\">CONTEXTE<\/h2>\n<\/div>\n\n\n\n<div class=\"wp-block-column is-layout-flow wp-block-column-is-layout-flow\" style=\"flex-basis:50%\">\n<p>La guerre civile syrienne a commenc\u00e9 en 2011 par des manifestations contre le r\u00e9gime de Bachar el-Assad. Apr\u00e8s plus d\u2019une d\u00e9cennie de conflit, le r\u00e9gime a \u00e9t\u00e9 renvers\u00e9 en d\u00e9cembre 2024 par une coalition rebelle dirig\u00e9e par Hayat Tahrir al-Cham (HTS). Un nouveau gouvernement de transition, dirig\u00e9 par Ahmed al-Sharaa (Abou Mohammad al-Golani), a pris le pouvoir avec une reconnaissance internationale, bien que des accusations de violence et d\u2019exclusion politique persistent.<br\/><\/p>\n<\/div>\n<\/div>\n<\/div>\n\n\n\n<div class=\"wp-block-group has-global-padding is-layout-constrained wp-block-group-is-layout-constrained\">\n<figure class=\"wp-block-image aligncenter size-large has-custom-border\" style=\"margin-top:3rem;margin-bottom:4rem\"><img loading=\"lazy\" decoding=\"async\" width=\"1024\" height=\"683\" src=\"https:\/\/www.openarms.es\/wp-content\/uploads\/2025\/07\/pexels-ahmed-akacha-3313934-15803784-1024x683.jpg\" alt=\"\" class=\"wp-image-7234\" style=\"border-style:none;border-width:0px;border-radius:16px;aspect-ratio:16\/9;object-fit:cover\" srcset=\"https:\/\/www.openarms.es\/wp-content\/uploads\/2025\/07\/pexels-ahmed-akacha-3313934-15803784-1024x683.jpg 1024w, https:\/\/www.openarms.es\/wp-content\/uploads\/2025\/07\/pexels-ahmed-akacha-3313934-15803784-300x200.jpg 300w, https:\/\/www.openarms.es\/wp-content\/uploads\/2025\/07\/pexels-ahmed-akacha-3313934-15803784-768x512.jpg 768w, https:\/\/www.openarms.es\/wp-content\/uploads\/2025\/07\/pexels-ahmed-akacha-3313934-15803784-1536x1024.jpg 1536w, https:\/\/www.openarms.es\/wp-content\/uploads\/2025\/07\/pexels-ahmed-akacha-3313934-15803784-2048x1365.jpg 2048w\" sizes=\"auto, (max-width: 1024px) 100vw, 1024px\" \/><\/figure>\n<\/div>\n\n\n\n<div class=\"wp-block-group has-global-padding is-layout-constrained wp-block-group-is-layout-constrained\">\n<div class=\"wp-block-columns alignwide is-content-justification-space-between is-layout-flow wp-container-core-columns-is-layout-389f1a3f wp-block-columns-is-layout-flow\">\n<div class=\"wp-block-column is-layout-flow wp-block-column-is-layout-flow\" style=\"padding-right:var(--wp--preset--spacing--40);flex-basis:30%\">\n<h3 class=\"wp-block-heading has-black-color has-text-color\" style=\"margin-top:0;margin-bottom:var(--wp--preset--spacing--16);font-size:clamp(1.502rem, 1.502rem + ((1vw - 0.2rem) * 1.181), 2.5rem);\">\u00c9VOLUTION<\/h3>\n<\/div>\n\n\n\n<div class=\"wp-block-column is-vertically-aligned-top is-layout-flow wp-block-column-is-layout-flow\" style=\"padding-right:0;padding-left:0;flex-basis:70%\">\n<ul class=\"wp-block-list\">\n<li class=\"has-small-font-size\" style=\"margin-bottom:var(--wp--preset--spacing--16)\">Le gouvernement de transition contr\u00f4le la majeure partie du pays, mais il fait face \u00e0 une r\u00e9sistance dans des zones comme le nord-est, sous contr\u00f4le kurde (FDS), et \u00e0 Idleb, o\u00f9 les tensions persistent.<br\/><\/li>\n\n\n\n<li class=\"has-small-font-size\" style=\"margin-bottom:var(--wp--preset--spacing--16)\">La guerre a laiss\u00e9 plus de 6 millions de d\u00e9plac\u00e9s internes et entre 5 et 6 millions de r\u00e9fugi\u00e9s, principalement sous le r\u00e9gime d\u2019el-Assad. Il n\u2019existe toujours aucune garantie de retour en toute s\u00e9curit\u00e9.<br\/><\/li>\n\n\n\n<li class=\"has-small-font-size\" style=\"margin-bottom:var(--wp--preset--spacing--16)\">Idleb reste un foyer de conflit entre les acteurs locaux et les forces du nouveau gouvernement, dans un contexte de crise humanitaire persistante.<br\/><\/li>\n\n\n\n<li class=\"has-small-font-size\">Bien que la fin du conflit ait \u00e9t\u00e9 proclam\u00e9e, le pays traverse une p\u00e9riode de r\u00e9pression, de purges et de r\u00e9formes \u00e9conomiques impopulaires, sans v\u00e9ritable transition vers la paix.<br\/><\/li>\n<\/ul>\n<\/div>\n<\/div>\n<\/div>\n\n\n\n<div class=\"wp-block-group alignfull has-global-padding is-layout-constrained wp-container-core-group-is-layout-0c9c989a wp-block-group-is-layout-constrained\" style=\"min-height:0vh;margin-top:0;margin-bottom:0;padding-top:var(--wp--preset--spacing--70);padding-right:var(--wp--preset--spacing--40);padding-bottom:var(--wp--preset--spacing--70);padding-left:var(--wp--preset--spacing--40)\">\n<div class=\"wp-block-columns are-vertically-aligned-top is-content-justification-center is-layout-flex wp-container-core-columns-is-layout-8c19c11b wp-block-columns-is-layout-flex\">\n<div class=\"wp-block-column is-vertically-aligned-top is-layout-flow wp-block-column-is-layout-flow\" style=\"flex-basis:60%\">\n<div class=\"wp-block-group has-contrast-background-color has-background has-global-padding is-layout-constrained wp-container-core-group-is-layout-a91b9633 wp-block-group-is-layout-constrained\" style=\"border-style:none;border-width:0px;border-radius:32px;padding-top:var(--wp--preset--spacing--40);padding-right:2rem;padding-bottom:var(--wp--preset--spacing--40);padding-left:2rem\">\n<h3 class=\"wp-block-heading has-text-align-center has-base-color has-text-color has-link-color wp-elements-0925c158e1c62a4a90edb86eeb50ddb4\" style=\"margin-right:0;margin-left:0;padding-right:0;padding-left:0;font-size:clamp(1.502rem, 1.502rem + ((1vw - 0.2rem) * 1.181), 2.5rem);line-height:1.15\">Si tu crois que chaque vie m\u00e9rite d\u2019\u00eatre sauv\u00e9e, implique-toi. Ensemble, nous pouvons en sauver beaucoup d\u2019autres.<\/h3>\n\n\n\n<div class=\"wp-block-buttons is-horizontal is-content-justification-center is-layout-flex wp-container-core-buttons-is-layout-03627597 wp-block-buttons-is-layout-flex\">\n<div class=\"wp-block-button\"><a class=\"wp-block-button__link has-contrast-color has-base-background-color has-text-color has-background has-custom-font-size wp-element-button\" href=\"https:\/\/www.openarms.es\/fr\/comment-aider\/fais-un-don\" style=\"padding-top:16px;padding-right:24px;padding-bottom:14px;padding-left:24px;font-size:clamp(14px, 0.875rem + ((1vw - 3.2px) * 0.296), 18px);font-style:normal;font-weight:700\">FAIS UN DON<\/a><\/div>\n<\/div>\n<\/div>\n<\/div>\n<\/div>\n<\/div>\n<\/div><\/div>\n\n<p><\/p>\n","protected":false},"excerpt":{"rendered":"","protected":false},"author":2,"featured_media":7232,"parent":7342,"menu_order":0,"comment_status":"closed","ping_status":"closed","template":"page-interior","meta":{"content-type":"","footnotes":""},"class_list":["post-7168","page","type-page","status-publish","has-post-thumbnail","hentry"],"yoast_head":"<!-- This site is optimized with the Yoast SEO plugin v25.9 - https:\/\/yoast.com\/wordpress\/plugins\/seo\/ -->\n<title>Conflit en Syrie : contexte et aide humanitaire | Open Arms<\/title>\n<meta name=\"description\" content=\"D\u00e9couvrez l\u2019origine et l\u2019\u00e9volution du conflit en Syrie, ainsi que l\u2019action d\u2019Open Arms pour prot\u00e9ger des vies.\" \/>\n<meta name=\"robots\" content=\"index, follow, max-snippet:-1, max-image-preview:large, max-video-preview:-1\" \/>\n<link rel=\"canonical\" href=\"https:\/\/www.openarms.es\/fr\/conflits\/moyen-orient\/syrie\" \/>\n<meta property=\"og:locale\" content=\"fr_FR\" \/>\n<meta property=\"og:type\" content=\"article\" \/>\n<meta property=\"og:title\" content=\"Conflit en Syrie : contexte et aide humanitaire | Open Arms\" \/>\n<meta property=\"og:description\" content=\"D\u00e9couvrez l\u2019origine et l\u2019\u00e9volution du conflit en Syrie, ainsi que l\u2019action d\u2019Open Arms pour prot\u00e9ger des vies.\" \/>\n<meta property=\"og:url\" content=\"https:\/\/www.openarms.es\/fr\/conflits\/moyen-orient\/syrie\" \/>\n<meta property=\"og:site_name\" content=\"Open Arms\" \/>\n<meta property=\"article:modified_time\" content=\"2025-07-31T09:13:28+00:00\" \/>\n<meta property=\"og:image\" content=\"https:\/\/www.openarms.es\/wp-content\/uploads\/2025\/07\/pexels-ahmed-akacha-3313934-10629465-scaled.jpg\" \/>\n\t<meta property=\"og:image:width\" content=\"2560\" \/>\n\t<meta property=\"og:image:height\" content=\"1707\" \/>\n\t<meta property=\"og:image:type\" content=\"image\/jpeg\" \/>\n<meta name=\"twitter:card\" content=\"summary_large_image\" \/>\n<meta name=\"twitter:label1\" content=\"Dur\u00e9e de lecture estim\u00e9e\" \/>\n\t<meta name=\"twitter:data1\" content=\"1 minute\" \/>\n<script type=\"application\/ld+json\" class=\"yoast-schema-graph\">{\"@context\":\"https:\/\/schema.org\",\"@graph\":[{\"@type\":\"WebPage\",\"@id\":\"https:\/\/www.openarms.es\/fr\/conflits\/moyen-orient\/syrie\",\"url\":\"https:\/\/www.openarms.es\/fr\/conflits\/moyen-orient\/syrie\",\"name\":\"Conflit en Syrie : contexte et aide humanitaire | Open Arms\",\"isPartOf\":{\"@id\":\"https:\/\/www.openarms.es\/fr#website\"},\"primaryImageOfPage\":{\"@id\":\"https:\/\/www.openarms.es\/fr\/conflits\/moyen-orient\/syrie#primaryimage\"},\"image\":{\"@id\":\"https:\/\/www.openarms.es\/fr\/conflits\/moyen-orient\/syrie#primaryimage\"},\"thumbnailUrl\":\"https:\/\/www.openarms.es\/wp-content\/uploads\/2025\/07\/pexels-ahmed-akacha-3313934-10629465-scaled.jpg\",\"datePublished\":\"2025-07-23T08:18:32+00:00\",\"dateModified\":\"2025-07-31T09:13:28+00:00\",\"description\":\"D\u00e9couvrez l\u2019origine et l\u2019\u00e9volution du conflit en Syrie, ainsi que l\u2019action d\u2019Open Arms pour prot\u00e9ger des vies.\",\"breadcrumb\":{\"@id\":\"https:\/\/www.openarms.es\/fr\/conflits\/moyen-orient\/syrie#breadcrumb\"},\"inLanguage\":\"fr-FR\",\"potentialAction\":[{\"@type\":\"ReadAction\",\"target\":[\"https:\/\/www.openarms.es\/fr\/conflits\/moyen-orient\/syrie\"]}]},{\"@type\":\"ImageObject\",\"inLanguage\":\"fr-FR\",\"@id\":\"https:\/\/www.openarms.es\/fr\/conflits\/moyen-orient\/syrie#primaryimage\",\"url\":\"https:\/\/www.openarms.es\/wp-content\/uploads\/2025\/07\/pexels-ahmed-akacha-3313934-10629465-scaled.jpg\",\"contentUrl\":\"https:\/\/www.openarms.es\/wp-content\/uploads\/2025\/07\/pexels-ahmed-akacha-3313934-10629465-scaled.jpg\",\"width\":2560,\"height\":1707},{\"@type\":\"BreadcrumbList\",\"@id\":\"https:\/\/www.openarms.es\/fr\/conflits\/moyen-orient\/syrie#breadcrumb\",\"itemListElement\":[{\"@type\":\"ListItem\",\"position\":1,\"name\":\"Conflits\",\"item\":\"https:\/\/www.openarms.es\/fr\/conflits\"},{\"@type\":\"ListItem\",\"position\":2,\"name\":\"Moyen-Orient\",\"item\":\"https:\/\/www.openarms.es\/fr\/conflits\/moyen-orient\"},{\"@type\":\"ListItem\",\"position\":3,\"name\":\"Syrie\"}]},{\"@type\":\"WebSite\",\"@id\":\"https:\/\/www.openarms.es\/fr#website\",\"url\":\"https:\/\/www.openarms.es\/fr\",\"name\":\"Open Arms\",\"description\":\"\",\"publisher\":{\"@id\":\"https:\/\/www.openarms.es\/fr#organization\"},\"potentialAction\":[{\"@type\":\"SearchAction\",\"target\":{\"@type\":\"EntryPoint\",\"urlTemplate\":\"https:\/\/www.openarms.es\/fr?s={search_term_string}\"},\"query-input\":{\"@type\":\"PropertyValueSpecification\",\"valueRequired\":true,\"valueName\":\"search_term_string\"}}],\"inLanguage\":\"fr-FR\"},{\"@type\":\"Organization\",\"@id\":\"https:\/\/www.openarms.es\/fr#organization\",\"name\":\"Open Arms\",\"url\":\"https:\/\/www.openarms.es\/fr\",\"logo\":{\"@type\":\"ImageObject\",\"inLanguage\":\"fr-FR\",\"@id\":\"https:\/\/www.openarms.es\/fr#\/schema\/logo\/image\/\",\"url\":\"https:\/\/www.openarms.es\/wp-content\/uploads\/2025\/03\/BRAND.svg\",\"contentUrl\":\"https:\/\/www.openarms.es\/wp-content\/uploads\/2025\/03\/BRAND.svg\",\"caption\":\"Open Arms\"},\"image\":{\"@id\":\"https:\/\/www.openarms.es\/fr#\/schema\/logo\/image\/\"}}]}<\/script>\n<!-- \/ Yoast SEO plugin. -->","yoast_head_json":{"title":"Conflit en Syrie : contexte et aide humanitaire | Open Arms","description":"D\u00e9couvrez l\u2019origine et l\u2019\u00e9volution du conflit en Syrie, ainsi que l\u2019action d\u2019Open Arms pour prot\u00e9ger des vies.","robots":{"index":"index","follow":"follow","max-snippet":"max-snippet:-1","max-image-preview":"max-image-preview:large","max-video-preview":"max-video-preview:-1"},"canonical":"https:\/\/www.openarms.es\/fr\/conflits\/moyen-orient\/syrie","og_locale":"fr_FR","og_type":"article","og_title":"Conflit en Syrie : contexte et aide humanitaire | Open Arms","og_description":"D\u00e9couvrez l\u2019origine et l\u2019\u00e9volution du conflit en Syrie, ainsi que l\u2019action d\u2019Open Arms pour prot\u00e9ger des vies.","og_url":"https:\/\/www.openarms.es\/fr\/conflits\/moyen-orient\/syrie","og_site_name":"Open Arms","article_modified_time":"2025-07-31T09:13:28+00:00","og_image":[{"width":2560,"height":1707,"url":"https:\/\/www.openarms.es\/wp-content\/uploads\/2025\/07\/pexels-ahmed-akacha-3313934-10629465-scaled.jpg","type":"image\/jpeg"}],"twitter_card":"summary_large_image","twitter_misc":{"Dur\u00e9e de lecture estim\u00e9e":"1 minute"},"schema":{"@context":"https:\/\/schema.org","@graph":[{"@type":"WebPage","@id":"https:\/\/www.openarms.es\/fr\/conflits\/moyen-orient\/syrie","url":"https:\/\/www.openarms.es\/fr\/conflits\/moyen-orient\/syrie","name":"Conflit en Syrie : contexte et aide humanitaire | Open Arms","isPartOf":{"@id":"https:\/\/www.openarms.es\/fr#website"},"primaryImageOfPage":{"@id":"https:\/\/www.openarms.es\/fr\/conflits\/moyen-orient\/syrie#primaryimage"},"image":{"@id":"https:\/\/www.openarms.es\/fr\/conflits\/moyen-orient\/syrie#primaryimage"},"thumbnailUrl":"https:\/\/www.openarms.es\/wp-content\/uploads\/2025\/07\/pexels-ahmed-akacha-3313934-10629465-scaled.jpg","datePublished":"2025-07-23T08:18:32+00:00","dateModified":"2025-07-31T09:13:28+00:00","description":"D\u00e9couvrez l\u2019origine et l\u2019\u00e9volution du conflit en Syrie, ainsi que l\u2019action d\u2019Open Arms pour prot\u00e9ger des vies.","breadcrumb":{"@id":"https:\/\/www.openarms.es\/fr\/conflits\/moyen-orient\/syrie#breadcrumb"},"inLanguage":"fr-FR","potentialAction":[{"@type":"ReadAction","target":["https:\/\/www.openarms.es\/fr\/conflits\/moyen-orient\/syrie"]}]},{"@type":"ImageObject","inLanguage":"fr-FR","@id":"https:\/\/www.openarms.es\/fr\/conflits\/moyen-orient\/syrie#primaryimage","url":"https:\/\/www.openarms.es\/wp-content\/uploads\/2025\/07\/pexels-ahmed-akacha-3313934-10629465-scaled.jpg","contentUrl":"https:\/\/www.openarms.es\/wp-content\/uploads\/2025\/07\/pexels-ahmed-akacha-3313934-10629465-scaled.jpg","width":2560,"height":1707},{"@type":"BreadcrumbList","@id":"https:\/\/www.openarms.es\/fr\/conflits\/moyen-orient\/syrie#breadcrumb","itemListElement":[{"@type":"ListItem","position":1,"name":"Conflits","item":"https:\/\/www.openarms.es\/fr\/conflits"},{"@type":"ListItem","position":2,"name":"Moyen-Orient","item":"https:\/\/www.openarms.es\/fr\/conflits\/moyen-orient"},{"@type":"ListItem","position":3,"name":"Syrie"}]},{"@type":"WebSite","@id":"https:\/\/www.openarms.es\/fr#website","url":"https:\/\/www.openarms.es\/fr","name":"Open Arms","description":"","publisher":{"@id":"https:\/\/www.openarms.es\/fr#organization"},"potentialAction":[{"@type":"SearchAction","target":{"@type":"EntryPoint","urlTemplate":"https:\/\/www.openarms.es\/fr?s={search_term_string}"},"query-input":{"@type":"PropertyValueSpecification","valueRequired":true,"valueName":"search_term_string"}}],"inLanguage":"fr-FR"},{"@type":"Organization","@id":"https:\/\/www.openarms.es\/fr#organization","name":"Open Arms","url":"https:\/\/www.openarms.es\/fr","logo":{"@type":"ImageObject","inLanguage":"fr-FR","@id":"https:\/\/www.openarms.es\/fr#\/schema\/logo\/image\/","url":"https:\/\/www.openarms.es\/wp-content\/uploads\/2025\/03\/BRAND.svg","contentUrl":"https:\/\/www.openarms.es\/wp-content\/uploads\/2025\/03\/BRAND.svg","caption":"Open Arms"},"image":{"@id":"https:\/\/www.openarms.es\/fr#\/schema\/logo\/image\/"}}]}},"_links":{"self":[{"href":"https:\/\/www.openarms.es\/fr\/wp-json\/wp\/v2\/pages\/7168","targetHints":{"allow":["GET"]}}],"collection":[{"href":"https:\/\/www.openarms.es\/fr\/wp-json\/wp\/v2\/pages"}],"about":[{"href":"https:\/\/www.openarms.es\/fr\/wp-json\/wp\/v2\/types\/page"}],"author":[{"embeddable":true,"href":"https:\/\/www.openarms.es\/fr\/wp-json\/wp\/v2\/users\/2"}],"replies":[{"embeddable":true,"href":"https:\/\/www.openarms.es\/fr\/wp-json\/wp\/v2\/comments?post=7168"}],"version-history":[{"count":5,"href":"https:\/\/www.openarms.es\/fr\/wp-json\/wp\/v2\/pages\/7168\/revisions"}],"predecessor-version":[{"id":8013,"href":"https:\/\/www.openarms.es\/fr\/wp-json\/wp\/v2\/pages\/7168\/revisions\/8013"}],"up":[{"embeddable":true,"href":"https:\/\/www.openarms.es\/fr\/wp-json\/wp\/v2\/pages\/7342"}],"wp:featuredmedia":[{"embeddable":true,"href":"https:\/\/www.openarms.es\/fr\/wp-json\/wp\/v2\/media\/7232"}],"wp:attachment":[{"href":"https:\/\/www.openarms.es\/fr\/wp-json\/wp\/v2\/media?parent=7168"}],"curies":[{"name":"wp","href":"https:\/\/api.w.org\/{rel}","templated":true}]}}