{"id":7189,"date":"2025-07-23T08:21:54","date_gmt":"2025-07-23T08:21:54","guid":{"rendered":"https:\/\/www.openarms.es\/?page_id=7189"},"modified":"2025-07-28T12:42:15","modified_gmt":"2025-07-28T12:42:15","slug":"sahel","status":"publish","type":"page","link":"https:\/\/www.openarms.es\/fr\/conflits\/afrique-subsaharienne\/sahel","title":{"rendered":"Sahel"},"content":{"rendered":"\n<div class=\"wp-block-cover alignfull ebavs-header-hero-interior\" style=\"min-height:40rem;aspect-ratio:unset;\"><span aria-hidden=\"true\" class=\"wp-block-cover__background has-black-background-color has-background-dim-30 has-background-dim\"><\/span><img loading=\"lazy\" decoding=\"async\" width=\"800\" height=\"534\" src=\"https:\/\/www.openarms.es\/wp-content\/uploads\/2025\/07\/sudan3.webp\" class=\"wp-block-cover__image-background wp-post-image\" alt=\"\" data-object-fit=\"cover\" srcset=\"https:\/\/www.openarms.es\/wp-content\/uploads\/2025\/07\/sudan3.webp 800w, https:\/\/www.openarms.es\/wp-content\/uploads\/2025\/07\/sudan3-300x200.webp 300w, https:\/\/www.openarms.es\/wp-content\/uploads\/2025\/07\/sudan3-768x513.webp 768w\" sizes=\"auto, (max-width: 800px) 100vw, 800px\" \/><div class=\"wp-block-cover__inner-container is-layout-flow wp-block-cover-is-layout-flow\">\n<div class=\"wp-block-group alignwide has-global-padding is-layout-constrained wp-block-group-is-layout-constrained\" style=\"margin-top:auto;margin-bottom:auto\">\n<div class=\"wp-block-group has-global-padding is-content-justification-left is-layout-constrained wp-container-core-group-is-layout-b58f3518 wp-block-group-is-layout-constrained\">\n<p class=\"has-text-align-left has-base-color has-text-color has-large-font-size\" style=\"font-family:var(--wp--preset--font-family--dinnextltpro)\">CONFLITS<\/p>\n\n\n\n<h1 class=\"wp-block-heading alignwide has-text-align-left has-base-color has-text-color has-xx-large-font-size\" style=\"margin-top:0;margin-bottom:0\">Sahel<\/h1>\n\n\n\n<p class=\"has-base-color has-text-color has-link-color wp-elements-8df07a0883909bca7e792407e11f52cd\" style=\"margin-top:0;margin-bottom:0\">Si tu penses qu\u2019en temps de guerre il faut prot\u00e9ger la vie des plus vuln\u00e9rables, alors tu es des n\u00f4tres.<\/p>\n\n\n\n<div class=\"wp-block-buttons is-content-justification-left is-layout-flex wp-container-core-buttons-is-layout-fc4fd283 wp-block-buttons-is-layout-flex\">\n<div class=\"wp-block-button\"><a class=\"wp-block-button__link has-contrast-color has-base-background-color has-text-color has-background has-dinnextltpro-font-family has-custom-font-size wp-element-button\" href=\"https:\/\/help.openarms.es\/miembro-openarms\/?lang=fr\" style=\"padding-top:16px;padding-right:24px;padding-bottom:14px;padding-left:24px;font-size:clamp(0.875rem, 0.875rem + ((1vw - 0.2rem) * 0.302), 1.13rem);font-style:normal;font-weight:700;line-height:1;text-transform:uppercase\" target=\"_blank\" rel=\"noreferrer noopener\">Deviens membre<\/a><\/div>\n<\/div>\n<\/div>\n<\/div>\n<\/div><\/div>\n\n<div class=\"wp-block-cover alignfull is-light has-parallax\" style=\"margin-top:0;margin-bottom:0;padding-top:0;padding-right:0;padding-bottom:0;padding-left:0\"><div class=\"wp-block-cover__image-background wp-image-999 has-parallax\" style=\"background-position:50% 50%;background-image:url(https:\/\/www.openarms.es\/wp-content\/themes\/openarms\/assets\/images\/openarms-texture.webp)\"><\/div><span aria-hidden=\"true\" class=\"wp-block-cover__background has-base-background-color has-background-dim-80 has-background-dim\"><\/span><div class=\"wp-block-cover__inner-container is-layout-flow wp-block-cover-is-layout-flow\">\n<div class=\"wp-block-group alignwide has-global-padding is-layout-constrained wp-container-core-group-is-layout-8257ab09 wp-block-group-is-layout-constrained\" style=\"margin-top:1rem\">\n<div class=\"wp-block-group alignwide has-global-padding is-layout-constrained wp-block-group-is-layout-constrained\"><div class=\"yoast-breadcrumbs\"><span><span><a href=\"https:\/\/www.openarms.es\/fr\/conflits\">Conflits<\/a><\/span> &gt; <span><a href=\"https:\/\/www.openarms.es\/fr\/conflits\/afrique-subsaharienne\">Afrique subsaharienne<\/a><\/span> &gt; <span class=\"breadcrumb_last\" aria-current=\"page\">Sahel<\/span><\/span><\/div>\n\n\n<hr class=\"wp-block-separator has-text-color has-gray-color has-alpha-channel-opacity has-gray-background-color has-background is-style-default\" style=\"margin-top:1rem;margin-bottom:4rem\"\/>\n<\/div>\n<\/div>\n\n\n\n<div class=\"wp-block-group has-global-padding is-layout-constrained wp-block-group-is-layout-constrained\">\n<div class=\"wp-block-columns alignwide ebavs-space-between is-layout-flex wp-container-core-columns-is-layout-643ced6b wp-block-columns-is-layout-flex\">\n<div class=\"wp-block-column is-layout-flow wp-block-column-is-layout-flow\" style=\"flex-basis:33%\">\n<h2 class=\"wp-block-heading has-contrast-color has-text-color has-x-large-font-size\" style=\"margin-top:0\">CONTEXTE<\/h2>\n<\/div>\n\n\n\n<div class=\"wp-block-column is-layout-flow wp-block-column-is-layout-flow\" style=\"flex-basis:50%\">\n<p>\u00c0 l\u2019expansion de groupes djihadistes li\u00e9s \u00e0 Al-Qa\u00efda et \u00e0 l\u2019\u00c9tat islamique s\u2019ajoutent des tensions ethniques et des coups d\u2019\u00c9tat, comme au Mali, au Burkina Faso ou au Niger.<br\/><\/p>\n\n\n\n<p class=\"has-dark-gray-color has-text-color has-medium-font-size\" style=\"line-height:1.14em\"><br\/><br\/><\/p>\n<\/div>\n<\/div>\n<\/div>\n\n\n\n<div class=\"wp-block-group has-global-padding is-layout-constrained wp-block-group-is-layout-constrained\">\n<figure class=\"wp-block-image aligncenter size-full has-custom-border\" style=\"margin-top:3rem;margin-bottom:4rem\"><img loading=\"lazy\" decoding=\"async\" width=\"1024\" height=\"683\" src=\"https:\/\/www.openarms.es\/wp-content\/uploads\/2025\/07\/sudan.webp\" alt=\"\" class=\"wp-image-7633\" style=\"border-style:none;border-width:0px;border-radius:16px;aspect-ratio:16\/9;object-fit:cover\" srcset=\"https:\/\/www.openarms.es\/wp-content\/uploads\/2025\/07\/sudan.webp 1024w, https:\/\/www.openarms.es\/wp-content\/uploads\/2025\/07\/sudan-300x200.webp 300w, https:\/\/www.openarms.es\/wp-content\/uploads\/2025\/07\/sudan-768x512.webp 768w\" sizes=\"auto, (max-width: 1024px) 100vw, 1024px\" \/><\/figure>\n<\/div>\n\n\n\n<div class=\"wp-block-group has-global-padding is-layout-constrained wp-block-group-is-layout-constrained\">\n<div class=\"wp-block-columns alignwide is-content-justification-space-between is-layout-flow wp-container-core-columns-is-layout-389f1a3f wp-block-columns-is-layout-flow\">\n<div class=\"wp-block-column is-layout-flow wp-block-column-is-layout-flow\" style=\"padding-right:var(--wp--preset--spacing--40);flex-basis:30%\">\n<h3 class=\"wp-block-heading has-black-color has-text-color\" style=\"margin-top:0;margin-bottom:var(--wp--preset--spacing--16);font-size:clamp(1.502rem, 1.502rem + ((1vw - 0.2rem) * 1.181), 2.5rem);\">\u00c9volution<\/h3>\n<\/div>\n\n\n\n<div class=\"wp-block-column is-vertically-aligned-top is-layout-flow wp-block-column-is-layout-flow\" style=\"padding-right:0;padding-left:0;flex-basis:70%\">\n<ul class=\"wp-block-list\">\n<li class=\"has-small-font-size\" style=\"margin-bottom:var(--wp--preset--spacing--16)\">Le Burkina Faso est devenu l\u2019un des th\u00e9\u00e2tres les plus meurtriers, avec des attaques r\u00e9currentes contre les civils et les forces de s\u00e9curit\u00e9.<br\/><\/li>\n\n\n\n<li class=\"has-small-font-size\" style=\"margin-bottom:var(--wp--preset--spacing--16)\">Au Mali, apr\u00e8s le retrait partiel des troupes fran\u00e7aises et l\u2019augmentation de l\u2019influence russe (via les mercenaires du groupe Wagner), le conflit se poursuit avec des niveaux de violence \u00e9lev\u00e9s.<br\/><\/li>\n\n\n\n<li class=\"has-small-font-size\" style=\"margin-bottom:var(--wp--preset--spacing--16)\">Le Niger a \u00e9galement subi un coup d\u2019\u00c9tat en 2023, cr\u00e9ant un contexte d\u2019incertitude accrue dans la r\u00e9gion.<br\/><\/li>\n\n\n\n<li class=\"has-small-font-size\">La d\u00e9t\u00e9rioration de la s\u00e9curit\u00e9, combin\u00e9e \u00e0 la crise climatique qui touche la r\u00e9gion, provoque des d\u00e9placements massifs \u00e0 l\u2019int\u00e9rieur et \u00e0 l\u2019ext\u00e9rieur de ces pays.<br\/><\/li>\n<\/ul>\n<\/div>\n<\/div>\n<\/div>\n\n\n\n<div class=\"wp-block-group alignfull has-global-padding is-layout-constrained wp-container-core-group-is-layout-0c9c989a wp-block-group-is-layout-constrained\" style=\"min-height:0vh;margin-top:0;margin-bottom:0;padding-top:var(--wp--preset--spacing--70);padding-right:var(--wp--preset--spacing--40);padding-bottom:var(--wp--preset--spacing--70);padding-left:var(--wp--preset--spacing--40)\">\n<div class=\"wp-block-columns are-vertically-aligned-top is-content-justification-center is-layout-flex wp-container-core-columns-is-layout-8c19c11b wp-block-columns-is-layout-flex\">\n<div class=\"wp-block-column is-vertically-aligned-top is-layout-flow wp-block-column-is-layout-flow\" style=\"flex-basis:60%\">\n<div class=\"wp-block-group has-contrast-background-color has-background has-global-padding is-layout-constrained wp-container-core-group-is-layout-a91b9633 wp-block-group-is-layout-constrained\" style=\"border-style:none;border-width:0px;border-radius:32px;padding-top:var(--wp--preset--spacing--40);padding-right:2rem;padding-bottom:var(--wp--preset--spacing--40);padding-left:2rem\">\n<h3 class=\"wp-block-heading has-text-align-center has-base-color has-text-color has-link-color wp-elements-0925c158e1c62a4a90edb86eeb50ddb4\" style=\"margin-right:0;margin-left:0;padding-right:0;padding-left:0;font-size:clamp(1.502rem, 1.502rem + ((1vw - 0.2rem) * 1.181), 2.5rem);line-height:1.15\">Si tu crois que chaque vie m\u00e9rite d\u2019\u00eatre sauv\u00e9e, implique-toi. Ensemble, nous pouvons en sauver beaucoup d\u2019autres.<\/h3>\n\n\n\n<div class=\"wp-block-buttons is-horizontal is-content-justification-center is-layout-flex wp-container-core-buttons-is-layout-03627597 wp-block-buttons-is-layout-flex\">\n<div class=\"wp-block-button\"><a class=\"wp-block-button__link has-contrast-color has-base-background-color has-text-color has-background has-custom-font-size wp-element-button\" href=\"https:\/\/www.openarms.es\/fr\/comment-aider\/fais-un-don\" style=\"padding-top:16px;padding-right:24px;padding-bottom:14px;padding-left:24px;font-size:clamp(14px, 0.875rem + ((1vw - 3.2px) * 0.296), 18px);font-style:normal;font-weight:700\">FAIS UN DON<\/a><\/div>\n<\/div>\n<\/div>\n<\/div>\n<\/div>\n\n\n\n<p><\/p>\n<\/div>\n<\/div><\/div>\n","protected":false},"excerpt":{"rendered":"","protected":false},"author":2,"featured_media":7647,"parent":7362,"menu_order":0,"comment_status":"closed","ping_status":"closed","template":"page-interior","meta":{"content-type":"","footnotes":""},"class_list":["post-7189","page","type-page","status-publish","has-post-thumbnail","hentry"],"yoast_head":"<!-- This site is optimized with the Yoast SEO plugin v25.9 - https:\/\/yoast.com\/wordpress\/plugins\/seo\/ -->\n<title>Conflit au Sahel : contexte et aide humanitaire | Open Arms<\/title>\n<meta name=\"description\" content=\"D\u00e9couvrez l\u2019origine et l\u2019\u00e9volution du conflit au Sahel, ainsi que l\u2019action d\u2019Open Arms pour prot\u00e9ger des vies.\" \/>\n<meta name=\"robots\" content=\"index, follow, max-snippet:-1, max-image-preview:large, max-video-preview:-1\" \/>\n<link rel=\"canonical\" href=\"https:\/\/www.openarms.es\/fr\/conflits\/afrique-subsaharienne\/sahel\" \/>\n<meta property=\"og:locale\" content=\"fr_FR\" \/>\n<meta property=\"og:type\" content=\"article\" \/>\n<meta property=\"og:title\" content=\"Conflit au Sahel : contexte et aide humanitaire | Open Arms\" \/>\n<meta property=\"og:description\" content=\"D\u00e9couvrez l\u2019origine et l\u2019\u00e9volution du conflit au Sahel, ainsi que l\u2019action d\u2019Open Arms pour prot\u00e9ger des vies.\" \/>\n<meta property=\"og:url\" content=\"https:\/\/www.openarms.es\/fr\/conflits\/afrique-subsaharienne\/sahel\" \/>\n<meta property=\"og:site_name\" content=\"Open Arms\" \/>\n<meta property=\"article:modified_time\" content=\"2025-07-28T12:42:15+00:00\" \/>\n<meta property=\"og:image\" content=\"https:\/\/www.openarms.es\/wp-content\/uploads\/2025\/07\/sudan3.webp\" \/>\n\t<meta property=\"og:image:width\" content=\"800\" \/>\n\t<meta property=\"og:image:height\" content=\"534\" \/>\n\t<meta property=\"og:image:type\" content=\"image\/webp\" \/>\n<meta name=\"twitter:card\" content=\"summary_large_image\" \/>\n<meta name=\"twitter:label1\" content=\"Dur\u00e9e de lecture estim\u00e9e\" \/>\n\t<meta name=\"twitter:data1\" content=\"1 minute\" \/>\n<script type=\"application\/ld+json\" class=\"yoast-schema-graph\">{\"@context\":\"https:\/\/schema.org\",\"@graph\":[{\"@type\":\"WebPage\",\"@id\":\"https:\/\/www.openarms.es\/fr\/conflits\/afrique-subsaharienne\/sahel\",\"url\":\"https:\/\/www.openarms.es\/fr\/conflits\/afrique-subsaharienne\/sahel\",\"name\":\"Conflit au Sahel : contexte et aide humanitaire | Open Arms\",\"isPartOf\":{\"@id\":\"https:\/\/www.openarms.es\/fr#website\"},\"primaryImageOfPage\":{\"@id\":\"https:\/\/www.openarms.es\/fr\/conflits\/afrique-subsaharienne\/sahel#primaryimage\"},\"image\":{\"@id\":\"https:\/\/www.openarms.es\/fr\/conflits\/afrique-subsaharienne\/sahel#primaryimage\"},\"thumbnailUrl\":\"https:\/\/www.openarms.es\/wp-content\/uploads\/2025\/07\/sudan3.webp\",\"datePublished\":\"2025-07-23T08:21:54+00:00\",\"dateModified\":\"2025-07-28T12:42:15+00:00\",\"description\":\"D\u00e9couvrez l\u2019origine et l\u2019\u00e9volution du conflit au Sahel, ainsi que l\u2019action d\u2019Open Arms pour prot\u00e9ger des vies.\",\"breadcrumb\":{\"@id\":\"https:\/\/www.openarms.es\/fr\/conflits\/afrique-subsaharienne\/sahel#breadcrumb\"},\"inLanguage\":\"fr-FR\",\"potentialAction\":[{\"@type\":\"ReadAction\",\"target\":[\"https:\/\/www.openarms.es\/fr\/conflits\/afrique-subsaharienne\/sahel\"]}]},{\"@type\":\"ImageObject\",\"inLanguage\":\"fr-FR\",\"@id\":\"https:\/\/www.openarms.es\/fr\/conflits\/afrique-subsaharienne\/sahel#primaryimage\",\"url\":\"https:\/\/www.openarms.es\/wp-content\/uploads\/2025\/07\/sudan3.webp\",\"contentUrl\":\"https:\/\/www.openarms.es\/wp-content\/uploads\/2025\/07\/sudan3.webp\",\"width\":800,\"height\":534},{\"@type\":\"BreadcrumbList\",\"@id\":\"https:\/\/www.openarms.es\/fr\/conflits\/afrique-subsaharienne\/sahel#breadcrumb\",\"itemListElement\":[{\"@type\":\"ListItem\",\"position\":1,\"name\":\"Conflits\",\"item\":\"https:\/\/www.openarms.es\/fr\/conflits\"},{\"@type\":\"ListItem\",\"position\":2,\"name\":\"Afrique subsaharienne\",\"item\":\"https:\/\/www.openarms.es\/fr\/conflits\/afrique-subsaharienne\"},{\"@type\":\"ListItem\",\"position\":3,\"name\":\"Sahel\"}]},{\"@type\":\"WebSite\",\"@id\":\"https:\/\/www.openarms.es\/fr#website\",\"url\":\"https:\/\/www.openarms.es\/fr\",\"name\":\"Open Arms\",\"description\":\"\",\"publisher\":{\"@id\":\"https:\/\/www.openarms.es\/fr#organization\"},\"potentialAction\":[{\"@type\":\"SearchAction\",\"target\":{\"@type\":\"EntryPoint\",\"urlTemplate\":\"https:\/\/www.openarms.es\/fr?s={search_term_string}\"},\"query-input\":{\"@type\":\"PropertyValueSpecification\",\"valueRequired\":true,\"valueName\":\"search_term_string\"}}],\"inLanguage\":\"fr-FR\"},{\"@type\":\"Organization\",\"@id\":\"https:\/\/www.openarms.es\/fr#organization\",\"name\":\"Open Arms\",\"url\":\"https:\/\/www.openarms.es\/fr\",\"logo\":{\"@type\":\"ImageObject\",\"inLanguage\":\"fr-FR\",\"@id\":\"https:\/\/www.openarms.es\/fr#\/schema\/logo\/image\/\",\"url\":\"https:\/\/www.openarms.es\/wp-content\/uploads\/2025\/03\/BRAND.svg\",\"contentUrl\":\"https:\/\/www.openarms.es\/wp-content\/uploads\/2025\/03\/BRAND.svg\",\"caption\":\"Open Arms\"},\"image\":{\"@id\":\"https:\/\/www.openarms.es\/fr#\/schema\/logo\/image\/\"}}]}<\/script>\n<!-- \/ Yoast SEO plugin. -->","yoast_head_json":{"title":"Conflit au Sahel : contexte et aide humanitaire | Open Arms","description":"D\u00e9couvrez l\u2019origine et l\u2019\u00e9volution du conflit au Sahel, ainsi que l\u2019action d\u2019Open Arms pour prot\u00e9ger des vies.","robots":{"index":"index","follow":"follow","max-snippet":"max-snippet:-1","max-image-preview":"max-image-preview:large","max-video-preview":"max-video-preview:-1"},"canonical":"https:\/\/www.openarms.es\/fr\/conflits\/afrique-subsaharienne\/sahel","og_locale":"fr_FR","og_type":"article","og_title":"Conflit au Sahel : contexte et aide humanitaire | Open Arms","og_description":"D\u00e9couvrez l\u2019origine et l\u2019\u00e9volution du conflit au Sahel, ainsi que l\u2019action d\u2019Open Arms pour prot\u00e9ger des vies.","og_url":"https:\/\/www.openarms.es\/fr\/conflits\/afrique-subsaharienne\/sahel","og_site_name":"Open Arms","article_modified_time":"2025-07-28T12:42:15+00:00","og_image":[{"width":800,"height":534,"url":"https:\/\/www.openarms.es\/wp-content\/uploads\/2025\/07\/sudan3.webp","type":"image\/webp"}],"twitter_card":"summary_large_image","twitter_misc":{"Dur\u00e9e de lecture estim\u00e9e":"1 minute"},"schema":{"@context":"https:\/\/schema.org","@graph":[{"@type":"WebPage","@id":"https:\/\/www.openarms.es\/fr\/conflits\/afrique-subsaharienne\/sahel","url":"https:\/\/www.openarms.es\/fr\/conflits\/afrique-subsaharienne\/sahel","name":"Conflit au Sahel : contexte et aide humanitaire | Open Arms","isPartOf":{"@id":"https:\/\/www.openarms.es\/fr#website"},"primaryImageOfPage":{"@id":"https:\/\/www.openarms.es\/fr\/conflits\/afrique-subsaharienne\/sahel#primaryimage"},"image":{"@id":"https:\/\/www.openarms.es\/fr\/conflits\/afrique-subsaharienne\/sahel#primaryimage"},"thumbnailUrl":"https:\/\/www.openarms.es\/wp-content\/uploads\/2025\/07\/sudan3.webp","datePublished":"2025-07-23T08:21:54+00:00","dateModified":"2025-07-28T12:42:15+00:00","description":"D\u00e9couvrez l\u2019origine et l\u2019\u00e9volution du conflit au Sahel, ainsi que l\u2019action d\u2019Open Arms pour prot\u00e9ger des vies.","breadcrumb":{"@id":"https:\/\/www.openarms.es\/fr\/conflits\/afrique-subsaharienne\/sahel#breadcrumb"},"inLanguage":"fr-FR","potentialAction":[{"@type":"ReadAction","target":["https:\/\/www.openarms.es\/fr\/conflits\/afrique-subsaharienne\/sahel"]}]},{"@type":"ImageObject","inLanguage":"fr-FR","@id":"https:\/\/www.openarms.es\/fr\/conflits\/afrique-subsaharienne\/sahel#primaryimage","url":"https:\/\/www.openarms.es\/wp-content\/uploads\/2025\/07\/sudan3.webp","contentUrl":"https:\/\/www.openarms.es\/wp-content\/uploads\/2025\/07\/sudan3.webp","width":800,"height":534},{"@type":"BreadcrumbList","@id":"https:\/\/www.openarms.es\/fr\/conflits\/afrique-subsaharienne\/sahel#breadcrumb","itemListElement":[{"@type":"ListItem","position":1,"name":"Conflits","item":"https:\/\/www.openarms.es\/fr\/conflits"},{"@type":"ListItem","position":2,"name":"Afrique subsaharienne","item":"https:\/\/www.openarms.es\/fr\/conflits\/afrique-subsaharienne"},{"@type":"ListItem","position":3,"name":"Sahel"}]},{"@type":"WebSite","@id":"https:\/\/www.openarms.es\/fr#website","url":"https:\/\/www.openarms.es\/fr","name":"Open Arms","description":"","publisher":{"@id":"https:\/\/www.openarms.es\/fr#organization"},"potentialAction":[{"@type":"SearchAction","target":{"@type":"EntryPoint","urlTemplate":"https:\/\/www.openarms.es\/fr?s={search_term_string}"},"query-input":{"@type":"PropertyValueSpecification","valueRequired":true,"valueName":"search_term_string"}}],"inLanguage":"fr-FR"},{"@type":"Organization","@id":"https:\/\/www.openarms.es\/fr#organization","name":"Open Arms","url":"https:\/\/www.openarms.es\/fr","logo":{"@type":"ImageObject","inLanguage":"fr-FR","@id":"https:\/\/www.openarms.es\/fr#\/schema\/logo\/image\/","url":"https:\/\/www.openarms.es\/wp-content\/uploads\/2025\/03\/BRAND.svg","contentUrl":"https:\/\/www.openarms.es\/wp-content\/uploads\/2025\/03\/BRAND.svg","caption":"Open Arms"},"image":{"@id":"https:\/\/www.openarms.es\/fr#\/schema\/logo\/image\/"}}]}},"_links":{"self":[{"href":"https:\/\/www.openarms.es\/fr\/wp-json\/wp\/v2\/pages\/7189","targetHints":{"allow":["GET"]}}],"collection":[{"href":"https:\/\/www.openarms.es\/fr\/wp-json\/wp\/v2\/pages"}],"about":[{"href":"https:\/\/www.openarms.es\/fr\/wp-json\/wp\/v2\/types\/page"}],"author":[{"embeddable":true,"href":"https:\/\/www.openarms.es\/fr\/wp-json\/wp\/v2\/users\/2"}],"replies":[{"embeddable":true,"href":"https:\/\/www.openarms.es\/fr\/wp-json\/wp\/v2\/comments?post=7189"}],"version-history":[{"count":4,"href":"https:\/\/www.openarms.es\/fr\/wp-json\/wp\/v2\/pages\/7189\/revisions"}],"predecessor-version":[{"id":7651,"href":"https:\/\/www.openarms.es\/fr\/wp-json\/wp\/v2\/pages\/7189\/revisions\/7651"}],"up":[{"embeddable":true,"href":"https:\/\/www.openarms.es\/fr\/wp-json\/wp\/v2\/pages\/7362"}],"wp:featuredmedia":[{"embeddable":true,"href":"https:\/\/www.openarms.es\/fr\/wp-json\/wp\/v2\/media\/7647"}],"wp:attachment":[{"href":"https:\/\/www.openarms.es\/fr\/wp-json\/wp\/v2\/media?parent=7189"}],"curies":[{"name":"wp","href":"https:\/\/api.w.org\/{rel}","templated":true}]}}