{"id":7201,"date":"2025-07-23T08:28:06","date_gmt":"2025-07-23T08:28:06","guid":{"rendered":"https:\/\/www.openarms.es\/?page_id=7201"},"modified":"2025-07-31T17:12:23","modified_gmt":"2025-07-31T17:12:23","slug":"route-de-la-mediterranee-orientale","status":"publish","type":"page","link":"https:\/\/www.openarms.es\/fr\/flux-migratoires\/route-de-la-mediterranee-orientale","title":{"rendered":"M\u00e9diterran\u00e9e orientale"},"content":{"rendered":"\n<div class=\"wp-block-cover alignfull ebavs-header-hero-interior\" style=\"min-height:40rem;aspect-ratio:unset;\"><span aria-hidden=\"true\" class=\"wp-block-cover__background has-black-background-color has-background-dim-30 has-background-dim\"><\/span><img loading=\"lazy\" decoding=\"async\" width=\"1024\" height=\"683\" src=\"https:\/\/www.openarms.es\/wp-content\/uploads\/2025\/07\/P8A9728-1024x683.jpg\" class=\"wp-block-cover__image-background wp-post-image\" alt=\"\" data-object-fit=\"cover\" srcset=\"https:\/\/www.openarms.es\/wp-content\/uploads\/2025\/07\/P8A9728-1024x683.jpg 1024w, https:\/\/www.openarms.es\/wp-content\/uploads\/2025\/07\/P8A9728-300x200.jpg 300w, https:\/\/www.openarms.es\/wp-content\/uploads\/2025\/07\/P8A9728-768x512.jpg 768w, https:\/\/www.openarms.es\/wp-content\/uploads\/2025\/07\/P8A9728-1536x1024.jpg 1536w, https:\/\/www.openarms.es\/wp-content\/uploads\/2025\/07\/P8A9728-2048x1365.jpg 2048w\" sizes=\"auto, (max-width: 1024px) 100vw, 1024px\" \/><div class=\"wp-block-cover__inner-container is-layout-flow wp-block-cover-is-layout-flow\">\n<div class=\"wp-block-group alignwide has-global-padding is-layout-constrained wp-block-group-is-layout-constrained\" style=\"margin-top:auto;margin-bottom:auto\">\n<div class=\"wp-block-group has-global-padding is-content-justification-left is-layout-constrained wp-container-core-group-is-layout-b58f3518 wp-block-group-is-layout-constrained\">\n<p class=\"has-text-align-left has-base-color has-text-color has-large-font-size\" style=\"font-family:var(--wp--preset--font-family--dinnextltpro)\">FLUX MIGRATOIRES<\/p>\n\n\n\n<h1 class=\"wp-block-heading has-text-align-left has-base-color has-text-color has-xx-large-font-size\" style=\"margin-top:0;margin-bottom:0\">M\u00e9diterran\u00e9e orientale<\/h1>\n\n\n\n<p class=\"has-base-color has-text-color has-link-color wp-elements-8d4636275c824e08ff0c03280266fb40\" style=\"margin-top:0;margin-bottom:0\">Si tu crois que chaque vie m\u00e9rite d\u2019\u00eatre sauv\u00e9e, implique-toi. Ensemble, nous pouvons en sauver beaucoup d\u2019autres.<\/p>\n\n\n\n<div class=\"wp-block-buttons is-content-justification-left is-layout-flex wp-container-core-buttons-is-layout-fc4fd283 wp-block-buttons-is-layout-flex\">\n<div class=\"wp-block-button\"><a class=\"wp-block-button__link has-contrast-color has-base-background-color has-text-color has-background has-dinnextltpro-font-family has-custom-font-size wp-element-button\" href=\"https:\/\/help.openarms.es\/miembro-openarms\/?lang=fr\" style=\"padding-top:16px;padding-right:24px;padding-bottom:14px;padding-left:24px;font-size:clamp(0.875rem, 0.875rem + ((1vw - 0.2rem) * 0.302), 1.13rem);font-style:normal;font-weight:700;line-height:1;text-transform:uppercase\" target=\"_blank\" rel=\"noreferrer noopener\">Deviens membre<\/a><\/div>\n<\/div>\n<\/div>\n<\/div>\n<\/div><\/div>\n\n<div class=\"wp-block-cover alignfull is-light has-parallax\" style=\"margin-top:0;margin-bottom:0;padding-top:0;padding-right:0;padding-bottom:0;padding-left:0\"><div class=\"wp-block-cover__image-background wp-image-999 has-parallax\" style=\"background-position:50% 50%;background-image:url(https:\/\/www.openarms.es\/wp-content\/themes\/openarms\/assets\/images\/openarms-texture.webp)\"><\/div><span aria-hidden=\"true\" class=\"wp-block-cover__background has-base-background-color has-background-dim-80 has-background-dim\"><\/span><div class=\"wp-block-cover__inner-container is-layout-flow wp-block-cover-is-layout-flow\">\n<div class=\"wp-block-group alignwide has-global-padding is-layout-constrained wp-container-core-group-is-layout-8257ab09 wp-block-group-is-layout-constrained\" style=\"margin-top:1rem\">\n<div class=\"wp-block-group alignwide has-global-padding is-layout-constrained wp-block-group-is-layout-constrained\"><div class=\"yoast-breadcrumbs\"><span><span><a href=\"https:\/\/www.openarms.es\/fr\/flux-migratoires\">Flux migratoires<\/a><\/span> &gt; <span class=\"breadcrumb_last\" aria-current=\"page\">M\u00e9diterran\u00e9e orientale<\/span><\/span><\/div>\n\n\n<hr class=\"wp-block-separator has-text-color has-gray-color has-alpha-channel-opacity has-gray-background-color has-background is-style-default\" style=\"margin-top:1rem;margin-bottom:4rem\"\/>\n<\/div>\n<\/div>\n\n\n\n<div class=\"wp-block-group has-global-padding is-layout-constrained wp-block-group-is-layout-constrained\">\n<div class=\"wp-block-columns alignwide ebavs-space-between is-layout-flex wp-container-core-columns-is-layout-643ced6b wp-block-columns-is-layout-flex\">\n<div class=\"wp-block-column is-layout-flow wp-block-column-is-layout-flow\" style=\"flex-basis:33%\">\n<h2 class=\"wp-block-heading has-contrast-color has-text-color has-x-large-font-size\" style=\"margin-top:0\">La Route<\/h2>\n<\/div>\n\n\n\n<div class=\"wp-block-column is-layout-flow wp-block-column-is-layout-flow\" style=\"flex-basis:50%\">\n<p class=\"has-dark-gray-color has-text-color has-medium-font-size\" style=\"line-height:1.14em\">C\u2019est la route qui relie majoritairement les c\u00f4tes de la Turquie aux \u00eeles grecques, bien qu\u2019il y ait aussi des points de d\u00e9part depuis la Libye et, dans une moindre mesure, l\u2019\u00c9gypte. Elle a eu une grande importance entre 2015 et 2016, lors de la crise des r\u00e9fugi\u00e9s syriens, p\u00e9riode pendant laquelle des centaines de milliers de personnes arrivaient aux \u00eeles grecques.<br\/><\/p>\n\n\n\n<p class=\"has-dark-gray-color has-text-color has-medium-font-size\" style=\"line-height:1.14em\">Aujourd\u2019hui, les personnes qui empruntent cette route viennent surtout de Syrie, d\u2019Afghanistan, d\u2019Irak, d\u2019\u00c9rythr\u00e9e, de Somalie, d\u2019\u00c9thiopie et, dans une moindre mesure, du Soudan, du Soudan du Sud ou des r\u00e9gions les plus orientales de la RDC et de l\u2019Ouganda. Bien que ce soit la route la plus courte vers l\u2019Europe, elle reste tr\u00e8s risqu\u00e9e, car aux difficult\u00e9s inh\u00e9rentes au trajet s\u2019ajoutent des refoulements par la police grecque, l\u2019abandon de personnes en mer dans des embarcations pneumatiques, etc.<br\/><\/p>\n<\/div>\n<\/div>\n<\/div>\n\n\n\n<div class=\"wp-block-group has-global-padding is-layout-constrained wp-block-group-is-layout-constrained\">\n<figure class=\"wp-block-image aligncenter size-large\"><img loading=\"lazy\" decoding=\"async\" width=\"1024\" height=\"682\" src=\"https:\/\/www.openarms.es\/wp-content\/uploads\/2025\/07\/photo1691069088-1024x682.jpeg\" alt=\"\" class=\"wp-image-8029\" srcset=\"https:\/\/www.openarms.es\/wp-content\/uploads\/2025\/07\/photo1691069088-1024x682.jpeg 1024w, https:\/\/www.openarms.es\/wp-content\/uploads\/2025\/07\/photo1691069088-300x200.jpeg 300w, https:\/\/www.openarms.es\/wp-content\/uploads\/2025\/07\/photo1691069088-768x512.jpeg 768w, https:\/\/www.openarms.es\/wp-content\/uploads\/2025\/07\/photo1691069088.jpeg 1280w\" sizes=\"auto, (max-width: 1024px) 100vw, 1024px\" \/><\/figure>\n<\/div>\n\n\n\n<div class=\"wp-block-group has-global-padding is-layout-constrained wp-block-group-is-layout-constrained\">\n<div class=\"wp-block-columns alignwide is-content-justification-space-between is-layout-flow wp-container-core-columns-is-layout-389f1a3f wp-block-columns-is-layout-flow\">\n<div class=\"wp-block-column is-layout-flow wp-block-column-is-layout-flow\" style=\"padding-right:var(--wp--preset--spacing--40);flex-basis:30%\">\n<h3 class=\"wp-block-heading has-black-color has-text-color\" style=\"margin-top:0;margin-bottom:var(--wp--preset--spacing--16);font-size:clamp(1.502rem, 1.502rem + ((1vw - 0.2rem) * 1.181), 2.5rem);\">Salidas y destinos<\/h3>\n<\/div>\n\n\n\n<div class=\"wp-block-column is-vertically-aligned-top is-layout-flow wp-block-column-is-layout-flow\" style=\"padding-right:0;padding-left:0;flex-basis:70%\">\n<ul class=\"wp-block-list\">\n<li class=\"has-small-font-size\" style=\"margin-bottom:var(--wp--preset--spacing--16)\">Le plus grand nombre de d\u00e9parts a lieu depuis les c\u00f4tes de la Turquie, notamment dans des r\u00e9gions de la mer \u00c9g\u00e9e telles qu\u2019Izmir, Mugla ou Bal\u0131kesir. Avant d\u2019atteindre la c\u00f4te turque, il y a parfois des d\u00e9placements terrestres depuis la Syrie, l\u2019Irak, l\u2019Afghanistan ou l\u2019Iran.<br\/><\/li>\n\n\n\n<li class=\"has-small-font-size\" style=\"margin-bottom:var(--wp--preset--spacing--16)\">La destination est constitu\u00e9e par les \u00eeles grecques proches des c\u00f4tes turques, comme Lesbos, Samos, Chios, Kos ou Leros, entre autres.<br\/><\/li>\n\n\n\n<li class=\"has-small-font-size\" style=\"margin-bottom:var(--wp--preset--spacing--16)\">Par la suite, les personnes migrantes ou r\u00e9fugi\u00e9es peuvent chercher \u00e0 poursuivre vers la partie continentale de la Gr\u00e8ce et continuer leur parcours vers des pays d\u2019Europe occidentale via ce qu\u2019on appelle la \u00ab route des Balkans \u00bb.<br\/><\/li>\n<\/ul>\n<\/div>\n<\/div>\n<\/div>\n\n\n\n<div class=\"wp-block-group has-global-padding is-layout-constrained wp-block-group-is-layout-constrained\" style=\"margin-top:var(--wp--preset--spacing--48)\">\n<div class=\"wp-block-columns alignwide is-content-justification-space-between is-layout-flow wp-container-core-columns-is-layout-389f1a3f wp-block-columns-is-layout-flow\">\n<div class=\"wp-block-column is-layout-flow wp-block-column-is-layout-flow\" style=\"padding-right:var(--wp--preset--spacing--40);flex-basis:30%\">\n<h3 class=\"wp-block-heading has-black-color has-text-color\" style=\"margin-top:0;margin-bottom:var(--wp--preset--spacing--16);font-size:clamp(1.502rem, 1.502rem + ((1vw - 0.2rem) * 1.181), 2.5rem);\">D\u00e9tails<\/h3>\n<\/div>\n\n\n\n<div class=\"wp-block-column is-vertically-aligned-top is-layout-flow wp-block-column-is-layout-flow\" style=\"padding-right:0;padding-left:0;flex-basis:70%\">\n<p class=\"has-small-font-size\">\u00c0 partir de 2016, l\u2019UE et la Turquie ont sign\u00e9 un accord qui a consid\u00e9rablement r\u00e9duit les arriv\u00e9es, bien que les d\u00e9parts se poursuivent, notamment de personnes de nationalit\u00e9s syrienne, afghane ou irakienne. En effet, en 2022 et 2023, on a observ\u00e9 une reprise des d\u00e9parts, bien que tr\u00e8s \u00e9loign\u00e9e des chiffres massifs de 2015 et 2016.<\/p>\n<\/div>\n<\/div>\n<\/div>\n\n\n\n<div class=\"wp-block-group alignfull has-global-padding is-layout-constrained wp-container-core-group-is-layout-0c9c989a wp-block-group-is-layout-constrained\" style=\"min-height:0vh;margin-top:0;margin-bottom:0;padding-top:var(--wp--preset--spacing--70);padding-right:var(--wp--preset--spacing--40);padding-bottom:var(--wp--preset--spacing--70);padding-left:var(--wp--preset--spacing--40)\">\n<div class=\"wp-block-columns are-vertically-aligned-top is-content-justification-center is-layout-flex wp-container-core-columns-is-layout-8c19c11b wp-block-columns-is-layout-flex\">\n<div class=\"wp-block-column is-vertically-aligned-top is-layout-flow wp-block-column-is-layout-flow\" style=\"flex-basis:60%\">\n<div class=\"wp-block-group has-contrast-background-color has-background has-global-padding is-layout-constrained wp-container-core-group-is-layout-a91b9633 wp-block-group-is-layout-constrained\" style=\"border-style:none;border-width:0px;border-radius:32px;padding-top:var(--wp--preset--spacing--40);padding-right:2rem;padding-bottom:var(--wp--preset--spacing--40);padding-left:2rem\">\n<h3 class=\"wp-block-heading has-text-align-center has-base-color has-text-color has-link-color wp-elements-0925c158e1c62a4a90edb86eeb50ddb4\" style=\"margin-right:0;margin-left:0;padding-right:0;padding-left:0;font-size:clamp(1.502rem, 1.502rem + ((1vw - 0.2rem) * 1.181), 2.5rem);line-height:1.15\">Si tu crois que chaque vie m\u00e9rite d\u2019\u00eatre sauv\u00e9e, implique-toi. Ensemble, nous pouvons en sauver beaucoup d\u2019autres.<\/h3>\n\n\n\n<div class=\"wp-block-buttons is-horizontal is-content-justification-center is-layout-flex wp-container-core-buttons-is-layout-03627597 wp-block-buttons-is-layout-flex\">\n<div class=\"wp-block-button\"><a class=\"wp-block-button__link has-contrast-color has-base-background-color has-text-color has-background has-custom-font-size wp-element-button\" href=\"https:\/\/www.openarms.es\/fr\/comment-aider\/fais-un-don\" style=\"padding-top:16px;padding-right:24px;padding-bottom:14px;padding-left:24px;font-size:clamp(14px, 0.875rem + ((1vw - 3.2px) * 0.296), 18px);font-style:normal;font-weight:700\">FAIS UN DON<\/a><\/div>\n<\/div>\n<\/div>\n<\/div>\n<\/div>\n<\/div>\n<\/div><\/div>\n","protected":false},"excerpt":{"rendered":"","protected":false},"author":2,"featured_media":7327,"parent":6952,"menu_order":0,"comment_status":"closed","ping_status":"closed","template":"page-interior","meta":{"content-type":"","footnotes":""},"class_list":["post-7201","page","type-page","status-publish","has-post-thumbnail","hentry"],"yoast_head":"<!-- This site is optimized with the Yoast SEO plugin v25.9 - https:\/\/yoast.com\/wordpress\/plugins\/seo\/ -->\n<title>Route de la M\u00e9diterran\u00e9e orientale | Open Arms<\/title>\n<meta name=\"description\" content=\"D\u00e9couvrez la route migratoire qui relie l\u2019Afrique du Nord \u00e0 l\u2019Espagne et comment Open Arms prot\u00e8ge des vies lors de leur travers\u00e9e vers l\u2019Europe.\" \/>\n<meta name=\"robots\" content=\"index, follow, max-snippet:-1, max-image-preview:large, max-video-preview:-1\" \/>\n<link rel=\"canonical\" href=\"https:\/\/www.openarms.es\/fr\/flux-migratoires\/route-de-la-mediterranee-orientale\" \/>\n<meta property=\"og:locale\" content=\"fr_FR\" \/>\n<meta property=\"og:type\" content=\"article\" \/>\n<meta property=\"og:title\" content=\"Route de la M\u00e9diterran\u00e9e orientale | Open Arms\" \/>\n<meta property=\"og:description\" content=\"D\u00e9couvrez la route migratoire qui relie l\u2019Afrique du Nord \u00e0 l\u2019Espagne et comment Open Arms prot\u00e8ge des vies lors de leur travers\u00e9e vers l\u2019Europe.\" \/>\n<meta property=\"og:url\" content=\"https:\/\/www.openarms.es\/fr\/flux-migratoires\/route-de-la-mediterranee-orientale\" \/>\n<meta property=\"og:site_name\" content=\"Open Arms\" \/>\n<meta property=\"article:modified_time\" content=\"2025-07-31T17:12:23+00:00\" \/>\n<meta property=\"og:image\" content=\"https:\/\/www.openarms.es\/wp-content\/uploads\/2025\/07\/P8A9728-scaled.jpg\" \/>\n\t<meta property=\"og:image:width\" content=\"2560\" \/>\n\t<meta property=\"og:image:height\" content=\"1707\" \/>\n\t<meta property=\"og:image:type\" content=\"image\/jpeg\" \/>\n<meta name=\"twitter:card\" content=\"summary_large_image\" \/>\n<meta name=\"twitter:label1\" content=\"Dur\u00e9e de lecture estim\u00e9e\" \/>\n\t<meta name=\"twitter:data1\" content=\"3 minutes\" \/>\n<script type=\"application\/ld+json\" class=\"yoast-schema-graph\">{\"@context\":\"https:\/\/schema.org\",\"@graph\":[{\"@type\":\"WebPage\",\"@id\":\"https:\/\/www.openarms.es\/fr\/flux-migratoires\/route-de-la-mediterranee-orientale\",\"url\":\"https:\/\/www.openarms.es\/fr\/flux-migratoires\/route-de-la-mediterranee-orientale\",\"name\":\"Route de la M\u00e9diterran\u00e9e orientale | Open Arms\",\"isPartOf\":{\"@id\":\"https:\/\/www.openarms.es\/fr#website\"},\"primaryImageOfPage\":{\"@id\":\"https:\/\/www.openarms.es\/fr\/flux-migratoires\/route-de-la-mediterranee-orientale#primaryimage\"},\"image\":{\"@id\":\"https:\/\/www.openarms.es\/fr\/flux-migratoires\/route-de-la-mediterranee-orientale#primaryimage\"},\"thumbnailUrl\":\"https:\/\/www.openarms.es\/wp-content\/uploads\/2025\/07\/P8A9728-scaled.jpg\",\"datePublished\":\"2025-07-23T08:28:06+00:00\",\"dateModified\":\"2025-07-31T17:12:23+00:00\",\"description\":\"D\u00e9couvrez la route migratoire qui relie l\u2019Afrique du Nord \u00e0 l\u2019Espagne et comment Open Arms prot\u00e8ge des vies lors de leur travers\u00e9e vers l\u2019Europe.\",\"breadcrumb\":{\"@id\":\"https:\/\/www.openarms.es\/fr\/flux-migratoires\/route-de-la-mediterranee-orientale#breadcrumb\"},\"inLanguage\":\"fr-FR\",\"potentialAction\":[{\"@type\":\"ReadAction\",\"target\":[\"https:\/\/www.openarms.es\/fr\/flux-migratoires\/route-de-la-mediterranee-orientale\"]}]},{\"@type\":\"ImageObject\",\"inLanguage\":\"fr-FR\",\"@id\":\"https:\/\/www.openarms.es\/fr\/flux-migratoires\/route-de-la-mediterranee-orientale#primaryimage\",\"url\":\"https:\/\/www.openarms.es\/wp-content\/uploads\/2025\/07\/P8A9728-scaled.jpg\",\"contentUrl\":\"https:\/\/www.openarms.es\/wp-content\/uploads\/2025\/07\/P8A9728-scaled.jpg\",\"width\":2560,\"height\":1707},{\"@type\":\"BreadcrumbList\",\"@id\":\"https:\/\/www.openarms.es\/fr\/flux-migratoires\/route-de-la-mediterranee-orientale#breadcrumb\",\"itemListElement\":[{\"@type\":\"ListItem\",\"position\":1,\"name\":\"Flux migratoires\",\"item\":\"https:\/\/www.openarms.es\/fr\/flux-migratoires\"},{\"@type\":\"ListItem\",\"position\":2,\"name\":\"M\u00e9diterran\u00e9e orientale\"}]},{\"@type\":\"WebSite\",\"@id\":\"https:\/\/www.openarms.es\/fr#website\",\"url\":\"https:\/\/www.openarms.es\/fr\",\"name\":\"Open Arms\",\"description\":\"\",\"publisher\":{\"@id\":\"https:\/\/www.openarms.es\/fr#organization\"},\"potentialAction\":[{\"@type\":\"SearchAction\",\"target\":{\"@type\":\"EntryPoint\",\"urlTemplate\":\"https:\/\/www.openarms.es\/fr?s={search_term_string}\"},\"query-input\":{\"@type\":\"PropertyValueSpecification\",\"valueRequired\":true,\"valueName\":\"search_term_string\"}}],\"inLanguage\":\"fr-FR\"},{\"@type\":\"Organization\",\"@id\":\"https:\/\/www.openarms.es\/fr#organization\",\"name\":\"Open Arms\",\"url\":\"https:\/\/www.openarms.es\/fr\",\"logo\":{\"@type\":\"ImageObject\",\"inLanguage\":\"fr-FR\",\"@id\":\"https:\/\/www.openarms.es\/fr#\/schema\/logo\/image\/\",\"url\":\"https:\/\/www.openarms.es\/wp-content\/uploads\/2025\/03\/BRAND.svg\",\"contentUrl\":\"https:\/\/www.openarms.es\/wp-content\/uploads\/2025\/03\/BRAND.svg\",\"caption\":\"Open Arms\"},\"image\":{\"@id\":\"https:\/\/www.openarms.es\/fr#\/schema\/logo\/image\/\"}}]}<\/script>\n<!-- \/ Yoast SEO plugin. -->","yoast_head_json":{"title":"Route de la M\u00e9diterran\u00e9e orientale | Open Arms","description":"D\u00e9couvrez la route migratoire qui relie l\u2019Afrique du Nord \u00e0 l\u2019Espagne et comment Open Arms prot\u00e8ge des vies lors de leur travers\u00e9e vers l\u2019Europe.","robots":{"index":"index","follow":"follow","max-snippet":"max-snippet:-1","max-image-preview":"max-image-preview:large","max-video-preview":"max-video-preview:-1"},"canonical":"https:\/\/www.openarms.es\/fr\/flux-migratoires\/route-de-la-mediterranee-orientale","og_locale":"fr_FR","og_type":"article","og_title":"Route de la M\u00e9diterran\u00e9e orientale | Open Arms","og_description":"D\u00e9couvrez la route migratoire qui relie l\u2019Afrique du Nord \u00e0 l\u2019Espagne et comment Open Arms prot\u00e8ge des vies lors de leur travers\u00e9e vers l\u2019Europe.","og_url":"https:\/\/www.openarms.es\/fr\/flux-migratoires\/route-de-la-mediterranee-orientale","og_site_name":"Open Arms","article_modified_time":"2025-07-31T17:12:23+00:00","og_image":[{"width":2560,"height":1707,"url":"https:\/\/www.openarms.es\/wp-content\/uploads\/2025\/07\/P8A9728-scaled.jpg","type":"image\/jpeg"}],"twitter_card":"summary_large_image","twitter_misc":{"Dur\u00e9e de lecture estim\u00e9e":"3 minutes"},"schema":{"@context":"https:\/\/schema.org","@graph":[{"@type":"WebPage","@id":"https:\/\/www.openarms.es\/fr\/flux-migratoires\/route-de-la-mediterranee-orientale","url":"https:\/\/www.openarms.es\/fr\/flux-migratoires\/route-de-la-mediterranee-orientale","name":"Route de la M\u00e9diterran\u00e9e orientale | Open Arms","isPartOf":{"@id":"https:\/\/www.openarms.es\/fr#website"},"primaryImageOfPage":{"@id":"https:\/\/www.openarms.es\/fr\/flux-migratoires\/route-de-la-mediterranee-orientale#primaryimage"},"image":{"@id":"https:\/\/www.openarms.es\/fr\/flux-migratoires\/route-de-la-mediterranee-orientale#primaryimage"},"thumbnailUrl":"https:\/\/www.openarms.es\/wp-content\/uploads\/2025\/07\/P8A9728-scaled.jpg","datePublished":"2025-07-23T08:28:06+00:00","dateModified":"2025-07-31T17:12:23+00:00","description":"D\u00e9couvrez la route migratoire qui relie l\u2019Afrique du Nord \u00e0 l\u2019Espagne et comment Open Arms prot\u00e8ge des vies lors de leur travers\u00e9e vers l\u2019Europe.","breadcrumb":{"@id":"https:\/\/www.openarms.es\/fr\/flux-migratoires\/route-de-la-mediterranee-orientale#breadcrumb"},"inLanguage":"fr-FR","potentialAction":[{"@type":"ReadAction","target":["https:\/\/www.openarms.es\/fr\/flux-migratoires\/route-de-la-mediterranee-orientale"]}]},{"@type":"ImageObject","inLanguage":"fr-FR","@id":"https:\/\/www.openarms.es\/fr\/flux-migratoires\/route-de-la-mediterranee-orientale#primaryimage","url":"https:\/\/www.openarms.es\/wp-content\/uploads\/2025\/07\/P8A9728-scaled.jpg","contentUrl":"https:\/\/www.openarms.es\/wp-content\/uploads\/2025\/07\/P8A9728-scaled.jpg","width":2560,"height":1707},{"@type":"BreadcrumbList","@id":"https:\/\/www.openarms.es\/fr\/flux-migratoires\/route-de-la-mediterranee-orientale#breadcrumb","itemListElement":[{"@type":"ListItem","position":1,"name":"Flux migratoires","item":"https:\/\/www.openarms.es\/fr\/flux-migratoires"},{"@type":"ListItem","position":2,"name":"M\u00e9diterran\u00e9e orientale"}]},{"@type":"WebSite","@id":"https:\/\/www.openarms.es\/fr#website","url":"https:\/\/www.openarms.es\/fr","name":"Open Arms","description":"","publisher":{"@id":"https:\/\/www.openarms.es\/fr#organization"},"potentialAction":[{"@type":"SearchAction","target":{"@type":"EntryPoint","urlTemplate":"https:\/\/www.openarms.es\/fr?s={search_term_string}"},"query-input":{"@type":"PropertyValueSpecification","valueRequired":true,"valueName":"search_term_string"}}],"inLanguage":"fr-FR"},{"@type":"Organization","@id":"https:\/\/www.openarms.es\/fr#organization","name":"Open Arms","url":"https:\/\/www.openarms.es\/fr","logo":{"@type":"ImageObject","inLanguage":"fr-FR","@id":"https:\/\/www.openarms.es\/fr#\/schema\/logo\/image\/","url":"https:\/\/www.openarms.es\/wp-content\/uploads\/2025\/03\/BRAND.svg","contentUrl":"https:\/\/www.openarms.es\/wp-content\/uploads\/2025\/03\/BRAND.svg","caption":"Open Arms"},"image":{"@id":"https:\/\/www.openarms.es\/fr#\/schema\/logo\/image\/"}}]}},"_links":{"self":[{"href":"https:\/\/www.openarms.es\/fr\/wp-json\/wp\/v2\/pages\/7201","targetHints":{"allow":["GET"]}}],"collection":[{"href":"https:\/\/www.openarms.es\/fr\/wp-json\/wp\/v2\/pages"}],"about":[{"href":"https:\/\/www.openarms.es\/fr\/wp-json\/wp\/v2\/types\/page"}],"author":[{"embeddable":true,"href":"https:\/\/www.openarms.es\/fr\/wp-json\/wp\/v2\/users\/2"}],"replies":[{"embeddable":true,"href":"https:\/\/www.openarms.es\/fr\/wp-json\/wp\/v2\/comments?post=7201"}],"version-history":[{"count":10,"href":"https:\/\/www.openarms.es\/fr\/wp-json\/wp\/v2\/pages\/7201\/revisions"}],"predecessor-version":[{"id":8224,"href":"https:\/\/www.openarms.es\/fr\/wp-json\/wp\/v2\/pages\/7201\/revisions\/8224"}],"up":[{"embeddable":true,"href":"https:\/\/www.openarms.es\/fr\/wp-json\/wp\/v2\/pages\/6952"}],"wp:featuredmedia":[{"embeddable":true,"href":"https:\/\/www.openarms.es\/fr\/wp-json\/wp\/v2\/media\/7327"}],"wp:attachment":[{"href":"https:\/\/www.openarms.es\/fr\/wp-json\/wp\/v2\/media?parent=7201"}],"curies":[{"name":"wp","href":"https:\/\/api.w.org\/{rel}","templated":true}]}}