{"id":7210,"date":"2025-07-23T08:29:38","date_gmt":"2025-07-23T08:29:38","guid":{"rendered":"https:\/\/www.openarms.es\/?page_id=7210"},"modified":"2025-07-31T17:09:12","modified_gmt":"2025-07-31T17:09:12","slug":"route-de-la-mediterranee-centrale","status":"publish","type":"page","link":"https:\/\/www.openarms.es\/fr\/flux-migratoires\/route-de-la-mediterranee-centrale","title":{"rendered":"M\u00e9diterran\u00e9e centrale"},"content":{"rendered":"\n<div class=\"wp-block-cover alignfull ebavs-header-hero-interior\" style=\"min-height:40rem;aspect-ratio:unset;\"><span aria-hidden=\"true\" class=\"wp-block-cover__background has-black-background-color has-background-dim-30 has-background-dim\"><\/span><img loading=\"lazy\" decoding=\"async\" width=\"1024\" height=\"683\" src=\"https:\/\/www.openarms.es\/wp-content\/uploads\/2025\/06\/mediterraneo-central-imagen-1024x683.jpg\" class=\"wp-block-cover__image-background wp-post-image\" alt=\"Mediterr\u00e1neo Central Open Arms\" data-object-fit=\"cover\" srcset=\"https:\/\/www.openarms.es\/wp-content\/uploads\/2025\/06\/mediterraneo-central-imagen-1024x683.jpg 1024w, https:\/\/www.openarms.es\/wp-content\/uploads\/2025\/06\/mediterraneo-central-imagen-300x200.jpg 300w, https:\/\/www.openarms.es\/wp-content\/uploads\/2025\/06\/mediterraneo-central-imagen-768x512.jpg 768w, https:\/\/www.openarms.es\/wp-content\/uploads\/2025\/06\/mediterraneo-central-imagen-1536x1024.jpg 1536w, https:\/\/www.openarms.es\/wp-content\/uploads\/2025\/06\/mediterraneo-central-imagen.jpg 1920w\" sizes=\"auto, (max-width: 1024px) 100vw, 1024px\" \/><div class=\"wp-block-cover__inner-container is-layout-flow wp-block-cover-is-layout-flow\">\n<div class=\"wp-block-group alignwide has-global-padding is-layout-constrained wp-block-group-is-layout-constrained\" style=\"margin-top:auto;margin-bottom:auto\">\n<div class=\"wp-block-group has-global-padding is-content-justification-left is-layout-constrained wp-container-core-group-is-layout-b58f3518 wp-block-group-is-layout-constrained\">\n<p class=\"has-text-align-left has-base-color has-text-color has-large-font-size\" style=\"font-family:var(--wp--preset--font-family--dinnextltpro)\">FLUX MIGRATOIRES<\/p>\n\n\n\n<h1 class=\"wp-block-heading has-text-align-left has-base-color has-text-color has-xx-large-font-size\" style=\"margin-top:0;margin-bottom:0\">M\u00e9diterran\u00e9e centrale<\/h1>\n\n\n\n<p class=\"has-base-color has-text-color has-link-color wp-elements-28aedb85b1b8bb92fd593af7f365798d\" style=\"margin-top:0;margin-bottom:0\">Si tu penses qu\u2019aucune vie ne devrait \u00eatre abandonn\u00e9e \u00e0 la d\u00e9rive, tu fais partie des n\u00f4tres.<br\/><\/p>\n\n\n\n<div class=\"wp-block-buttons is-content-justification-left is-layout-flex wp-container-core-buttons-is-layout-fc4fd283 wp-block-buttons-is-layout-flex\">\n<div class=\"wp-block-button\"><a class=\"wp-block-button__link has-contrast-color has-base-background-color has-text-color has-background has-dinnextltpro-font-family has-custom-font-size wp-element-button\" href=\"https:\/\/help.openarms.es\/miembro-openarms\/?lang=fr\" style=\"padding-top:16px;padding-right:24px;padding-bottom:14px;padding-left:24px;font-size:clamp(0.875rem, 0.875rem + ((1vw - 0.2rem) * 0.302), 1.13rem);font-style:normal;font-weight:700;line-height:1;text-transform:uppercase\" target=\"_blank\" rel=\"noreferrer noopener\">Deviens membre<\/a><\/div>\n<\/div>\n<\/div>\n<\/div>\n<\/div><\/div>\n\n<div class=\"wp-block-cover alignfull is-light has-parallax\" style=\"margin-top:0;margin-bottom:0;padding-top:0;padding-right:0;padding-bottom:0;padding-left:0\"><div class=\"wp-block-cover__image-background wp-image-999 has-parallax\" style=\"background-position:50% 50%;background-image:url(https:\/\/www.openarms.es\/wp-content\/themes\/openarms\/assets\/images\/openarms-texture.webp)\"><\/div><span aria-hidden=\"true\" class=\"wp-block-cover__background has-base-background-color has-background-dim-80 has-background-dim\"><\/span><div class=\"wp-block-cover__inner-container is-layout-flow wp-block-cover-is-layout-flow\">\n<div class=\"wp-block-group alignwide has-global-padding is-layout-constrained wp-container-core-group-is-layout-8257ab09 wp-block-group-is-layout-constrained\" style=\"margin-top:1rem\">\n<div class=\"wp-block-group alignwide has-global-padding is-layout-constrained wp-block-group-is-layout-constrained\"><div class=\"yoast-breadcrumbs\"><span><span><a href=\"https:\/\/www.openarms.es\/fr\/flux-migratoires\">Flux migratoires<\/a><\/span> &gt; <span class=\"breadcrumb_last\" aria-current=\"page\">M\u00e9diterran\u00e9e centrale<\/span><\/span><\/div>\n\n\n<hr class=\"wp-block-separator has-text-color has-gray-color has-alpha-channel-opacity has-gray-background-color has-background is-style-default\" style=\"margin-top:1rem;margin-bottom:4rem\"\/>\n<\/div>\n<\/div>\n\n\n\n<div class=\"wp-block-group has-global-padding is-layout-constrained wp-block-group-is-layout-constrained\">\n<div class=\"wp-block-columns alignwide ebavs-space-between is-layout-flex wp-container-core-columns-is-layout-643ced6b wp-block-columns-is-layout-flex\">\n<div class=\"wp-block-column is-layout-flow wp-block-column-is-layout-flow\" style=\"flex-basis:33%\">\n<h2 class=\"wp-block-heading has-contrast-color has-text-color has-x-large-font-size\" style=\"margin-top:0\">La Route<\/h2>\n<\/div>\n\n\n\n<div class=\"wp-block-column is-layout-flow wp-block-column-is-layout-flow\" style=\"flex-basis:50%\">\n<p class=\"has-dark-gray-color has-text-color has-medium-font-size\" style=\"line-height:1.14em\">Cette route relie les c\u00f4tes de l\u2019Afrique du Nord \u00e0 l\u2019Italie. Elle est consid\u00e9r\u00e9e comme la route maritime la plus dangereuse au monde. Les personnes qui prennent ce risque viennent de pays tr\u00e8s divers, depuis la zone du Sahel (Mali, Niger, Tchad, Soudan) jusqu\u2019\u00e0 l\u2019Afrique centrale et occidentale (Nigeria, Cameroun, R\u00e9publique d\u00e9mocratique du Congo, C\u00f4te d\u2019Ivoire, Ghana, S\u00e9n\u00e9gal\u2026).<br\/><\/p>\n\n\n\n<p class=\"has-dark-gray-color has-text-color has-medium-font-size\" style=\"line-height:1.14em\">Une fois sur le territoire italien, de nombreuses personnes cherchent \u00e0 poursuivre leur route vers d\u2019autres pays de l\u2019UE, comme la France ou l\u2019Allemagne, bien que les contr\u00f4les internes aient renforc\u00e9 les restrictions sur les d\u00e9placements secondaires en Europe.<br\/><\/p>\n<\/div>\n<\/div>\n<\/div>\n\n\n\n<div class=\"wp-block-group has-global-padding is-layout-constrained wp-block-group-is-layout-constrained\">\n<figure class=\"wp-block-image aligncenter size-large\"><img loading=\"lazy\" decoding=\"async\" width=\"1024\" height=\"683\" src=\"https:\/\/www.openarms.es\/wp-content\/uploads\/2025\/07\/CR_2077-1024x683.jpg\" alt=\"\" class=\"wp-image-7948\" srcset=\"https:\/\/www.openarms.es\/wp-content\/uploads\/2025\/07\/CR_2077-1024x683.jpg 1024w, https:\/\/www.openarms.es\/wp-content\/uploads\/2025\/07\/CR_2077-300x200.jpg 300w, https:\/\/www.openarms.es\/wp-content\/uploads\/2025\/07\/CR_2077-768x512.jpg 768w, https:\/\/www.openarms.es\/wp-content\/uploads\/2025\/07\/CR_2077-1536x1024.jpg 1536w, https:\/\/www.openarms.es\/wp-content\/uploads\/2025\/07\/CR_2077-2048x1366.jpg 2048w\" sizes=\"auto, (max-width: 1024px) 100vw, 1024px\" \/><\/figure>\n<\/div>\n\n\n\n<div class=\"wp-block-group has-global-padding is-layout-constrained wp-block-group-is-layout-constrained\">\n<div class=\"wp-block-columns alignwide is-content-justification-space-between is-layout-flow wp-container-core-columns-is-layout-389f1a3f wp-block-columns-is-layout-flow\">\n<div class=\"wp-block-column is-layout-flow wp-block-column-is-layout-flow\" style=\"padding-right:var(--wp--preset--spacing--40);flex-basis:30%\">\n<h3 class=\"wp-block-heading has-black-color has-text-color\" style=\"margin-top:0;margin-bottom:var(--wp--preset--spacing--16);font-size:clamp(1.502rem, 1.502rem + ((1vw - 0.2rem) * 1.181), 2.5rem);\">Salidas y destinos<\/h3>\n<\/div>\n\n\n\n<div class=\"wp-block-column is-vertically-aligned-top is-layout-flow wp-block-column-is-layout-flow\" style=\"padding-right:0;padding-left:0;flex-basis:70%\">\n<ul class=\"wp-block-list\">\n<li class=\"has-small-font-size\" style=\"margin-bottom:var(--wp--preset--spacing--16)\">Les points de d\u00e9part se trouvent g\u00e9n\u00e9ralement dans deux pays : la Libye et la Tunisie. Cependant, il y a aussi des d\u00e9parts depuis l\u2019Alg\u00e9rie et l\u2019\u00c9gypte.<br\/><\/li>\n\n\n\n<li class=\"has-small-font-size\" style=\"margin-bottom:var(--wp--preset--spacing--16)\">Les destinations les plus fr\u00e9quentes sont les \u00eeles de Lampedusa et la Sicile. Dans une moindre mesure, il y a aussi des arriv\u00e9es \u00e0 Malte.<br\/><\/li>\n<\/ul>\n<\/div>\n<\/div>\n<\/div>\n\n\n\n<div class=\"wp-block-group has-global-padding is-layout-constrained wp-block-group-is-layout-constrained\" style=\"margin-top:var(--wp--preset--spacing--48)\">\n<div class=\"wp-block-columns alignwide is-content-justification-space-between is-layout-flow wp-container-core-columns-is-layout-389f1a3f wp-block-columns-is-layout-flow\">\n<div class=\"wp-block-column is-layout-flow wp-block-column-is-layout-flow\" style=\"padding-right:var(--wp--preset--spacing--40);flex-basis:30%\">\n<h3 class=\"wp-block-heading has-black-color has-text-color\" style=\"margin-top:0;margin-bottom:var(--wp--preset--spacing--16);font-size:clamp(1.502rem, 1.502rem + ((1vw - 0.2rem) * 1.181), 2.5rem);\">Detalles<\/h3>\n<\/div>\n\n\n\n<div class=\"wp-block-column is-vertically-aligned-top is-layout-flow wp-block-column-is-layout-flow\" style=\"padding-right:0;padding-left:0;flex-basis:70%\">\n<p class=\"has-small-font-size\">La majorit\u00e9 des d\u00e9c\u00e8s en M\u00e9diterran\u00e9e surviennent dans ce corridor. Pourtant, les chiffres ne refl\u00e8tent m\u00eame pas la r\u00e9alit\u00e9 : ils correspondent aux personnes retrouv\u00e9es, qui ne repr\u00e9sentent qu\u2019une infime partie, car la plupart des personnes n\u2019y parviennent pas. Il n\u2019existe pas non plus de liste des embarcations ni des passagers, ces travers\u00e9es \u00e9tant organis\u00e9es par des r\u00e9seaux mafieux.<br\/><\/p>\n\n\n\n<p class=\"has-small-font-size\">Les r\u00e9seaux de trafic de personnes et l\u2019instabilit\u00e9 politique en Libye aggravent la situation : de nombreux migrants sont retenus dans des centres de d\u00e9tention ou subissent des abus avant d\u2019embarquer. En partie \u00e0 cause de cette situation en Libye, on a constat\u00e9 en 2023 une augmentation significative des arriv\u00e9es en Italie depuis la Tunisie. Cette tendance est accentu\u00e9e par la crise \u00e9conomique et sociale du pays.<br\/><\/p>\n\n\n\n<p class=\"has-small-font-size\">Le gouvernement italien a tent\u00e9 de conclure des accords avec les pays de d\u00e9part et de transit pour freiner les d\u00e9parts, tandis que l\u2019UE d\u00e9bat de nouveaux pactes migratoires afin de faire face \u00e0 la pression en M\u00e9diterran\u00e9e centrale.<br\/><\/p>\n<\/div>\n<\/div>\n<\/div>\n\n\n\n<div class=\"wp-block-group alignfull has-global-padding is-layout-constrained wp-container-core-group-is-layout-0c9c989a wp-block-group-is-layout-constrained\" style=\"min-height:0vh;margin-top:0;margin-bottom:0;padding-top:var(--wp--preset--spacing--70);padding-right:var(--wp--preset--spacing--40);padding-bottom:var(--wp--preset--spacing--70);padding-left:var(--wp--preset--spacing--40)\">\n<div class=\"wp-block-columns are-vertically-aligned-top is-content-justification-center is-layout-flex wp-container-core-columns-is-layout-8c19c11b wp-block-columns-is-layout-flex\">\n<div class=\"wp-block-column is-vertically-aligned-top is-layout-flow wp-block-column-is-layout-flow\" style=\"flex-basis:60%\">\n<div class=\"wp-block-group has-contrast-background-color has-background has-global-padding is-layout-constrained wp-container-core-group-is-layout-a91b9633 wp-block-group-is-layout-constrained\" style=\"border-style:none;border-width:0px;border-radius:32px;padding-top:var(--wp--preset--spacing--40);padding-right:2rem;padding-bottom:var(--wp--preset--spacing--40);padding-left:2rem\">\n<h3 class=\"wp-block-heading has-text-align-center has-base-color has-text-color has-link-color wp-elements-0925c158e1c62a4a90edb86eeb50ddb4\" style=\"margin-right:0;margin-left:0;padding-right:0;padding-left:0;font-size:clamp(1.502rem, 1.502rem + ((1vw - 0.2rem) * 1.181), 2.5rem);line-height:1.15\">Si tu crois que chaque vie m\u00e9rite d\u2019\u00eatre sauv\u00e9e, implique-toi. Ensemble, nous pouvons en sauver beaucoup d\u2019autres.<\/h3>\n\n\n\n<div class=\"wp-block-buttons is-horizontal is-content-justification-center is-layout-flex wp-container-core-buttons-is-layout-03627597 wp-block-buttons-is-layout-flex\">\n<div class=\"wp-block-button\"><a class=\"wp-block-button__link has-contrast-color has-base-background-color has-text-color has-background has-custom-font-size wp-element-button\" href=\"https:\/\/www.openarms.es\/fr\/comment-aider\/fais-un-don\" style=\"padding-top:16px;padding-right:24px;padding-bottom:14px;padding-left:24px;font-size:clamp(14px, 0.875rem + ((1vw - 3.2px) * 0.296), 18px);font-style:normal;font-weight:700\">FAIS UN DON<\/a><\/div>\n<\/div>\n<\/div>\n<\/div>\n<\/div>\n<\/div>\n<\/div><\/div>\n","protected":false},"excerpt":{"rendered":"","protected":false},"author":2,"featured_media":4552,"parent":6952,"menu_order":0,"comment_status":"closed","ping_status":"closed","template":"page-interior","meta":{"content-type":"","footnotes":""},"class_list":["post-7210","page","type-page","status-publish","has-post-thumbnail","hentry"],"yoast_head":"<!-- This site is optimized with the Yoast SEO plugin v25.9 - https:\/\/yoast.com\/wordpress\/plugins\/seo\/ -->\n<title>Route de la M\u00e9diterran\u00e9e centrale | Open Arms<\/title>\n<meta name=\"description\" content=\"La route de la M\u00e9diterran\u00e9e centrale, la plus meurtri\u00e8re pour les migrants. D\u00e9parts de Libye et de Tunisie vers l\u2019Italie. Informez-vous et agissez.\" \/>\n<meta name=\"robots\" content=\"index, follow, max-snippet:-1, max-image-preview:large, max-video-preview:-1\" \/>\n<link rel=\"canonical\" href=\"https:\/\/www.openarms.es\/fr\/flux-migratoires\/route-de-la-mediterranee-centrale\" \/>\n<meta property=\"og:locale\" content=\"fr_FR\" \/>\n<meta property=\"og:type\" content=\"article\" \/>\n<meta property=\"og:title\" content=\"Route de la M\u00e9diterran\u00e9e centrale | Open Arms\" \/>\n<meta property=\"og:description\" content=\"La route de la M\u00e9diterran\u00e9e centrale, la plus meurtri\u00e8re pour les migrants. D\u00e9parts de Libye et de Tunisie vers l\u2019Italie. Informez-vous et agissez.\" \/>\n<meta property=\"og:url\" content=\"https:\/\/www.openarms.es\/fr\/flux-migratoires\/route-de-la-mediterranee-centrale\" \/>\n<meta property=\"og:site_name\" content=\"Open Arms\" \/>\n<meta property=\"article:modified_time\" content=\"2025-07-31T17:09:12+00:00\" \/>\n<meta property=\"og:image\" content=\"https:\/\/www.openarms.es\/wp-content\/uploads\/2025\/06\/mediterraneo-central-imagen.jpg\" \/>\n\t<meta property=\"og:image:width\" content=\"1920\" \/>\n\t<meta property=\"og:image:height\" content=\"1280\" \/>\n\t<meta property=\"og:image:type\" content=\"image\/jpeg\" \/>\n<meta name=\"twitter:card\" content=\"summary_large_image\" \/>\n<meta name=\"twitter:label1\" content=\"Dur\u00e9e de lecture estim\u00e9e\" \/>\n\t<meta name=\"twitter:data1\" content=\"3 minutes\" \/>\n<script type=\"application\/ld+json\" class=\"yoast-schema-graph\">{\"@context\":\"https:\/\/schema.org\",\"@graph\":[{\"@type\":\"WebPage\",\"@id\":\"https:\/\/www.openarms.es\/fr\/flux-migratoires\/route-de-la-mediterranee-centrale\",\"url\":\"https:\/\/www.openarms.es\/fr\/flux-migratoires\/route-de-la-mediterranee-centrale\",\"name\":\"Route de la M\u00e9diterran\u00e9e centrale | Open Arms\",\"isPartOf\":{\"@id\":\"https:\/\/www.openarms.es\/fr#website\"},\"primaryImageOfPage\":{\"@id\":\"https:\/\/www.openarms.es\/fr\/flux-migratoires\/route-de-la-mediterranee-centrale#primaryimage\"},\"image\":{\"@id\":\"https:\/\/www.openarms.es\/fr\/flux-migratoires\/route-de-la-mediterranee-centrale#primaryimage\"},\"thumbnailUrl\":\"https:\/\/www.openarms.es\/wp-content\/uploads\/2025\/06\/mediterraneo-central-imagen.jpg\",\"datePublished\":\"2025-07-23T08:29:38+00:00\",\"dateModified\":\"2025-07-31T17:09:12+00:00\",\"description\":\"La route de la M\u00e9diterran\u00e9e centrale, la plus meurtri\u00e8re pour les migrants. D\u00e9parts de Libye et de Tunisie vers l\u2019Italie. Informez-vous et agissez.\",\"breadcrumb\":{\"@id\":\"https:\/\/www.openarms.es\/fr\/flux-migratoires\/route-de-la-mediterranee-centrale#breadcrumb\"},\"inLanguage\":\"fr-FR\",\"potentialAction\":[{\"@type\":\"ReadAction\",\"target\":[\"https:\/\/www.openarms.es\/fr\/flux-migratoires\/route-de-la-mediterranee-centrale\"]}]},{\"@type\":\"ImageObject\",\"inLanguage\":\"fr-FR\",\"@id\":\"https:\/\/www.openarms.es\/fr\/flux-migratoires\/route-de-la-mediterranee-centrale#primaryimage\",\"url\":\"https:\/\/www.openarms.es\/wp-content\/uploads\/2025\/06\/mediterraneo-central-imagen.jpg\",\"contentUrl\":\"https:\/\/www.openarms.es\/wp-content\/uploads\/2025\/06\/mediterraneo-central-imagen.jpg\",\"width\":1920,\"height\":1280,\"caption\":\"Mediterr\u00e1neo Central Open Arms\"},{\"@type\":\"BreadcrumbList\",\"@id\":\"https:\/\/www.openarms.es\/fr\/flux-migratoires\/route-de-la-mediterranee-centrale#breadcrumb\",\"itemListElement\":[{\"@type\":\"ListItem\",\"position\":1,\"name\":\"Flux migratoires\",\"item\":\"https:\/\/www.openarms.es\/fr\/flux-migratoires\"},{\"@type\":\"ListItem\",\"position\":2,\"name\":\"M\u00e9diterran\u00e9e centrale\"}]},{\"@type\":\"WebSite\",\"@id\":\"https:\/\/www.openarms.es\/fr#website\",\"url\":\"https:\/\/www.openarms.es\/fr\",\"name\":\"Open Arms\",\"description\":\"\",\"publisher\":{\"@id\":\"https:\/\/www.openarms.es\/fr#organization\"},\"potentialAction\":[{\"@type\":\"SearchAction\",\"target\":{\"@type\":\"EntryPoint\",\"urlTemplate\":\"https:\/\/www.openarms.es\/fr?s={search_term_string}\"},\"query-input\":{\"@type\":\"PropertyValueSpecification\",\"valueRequired\":true,\"valueName\":\"search_term_string\"}}],\"inLanguage\":\"fr-FR\"},{\"@type\":\"Organization\",\"@id\":\"https:\/\/www.openarms.es\/fr#organization\",\"name\":\"Open Arms\",\"url\":\"https:\/\/www.openarms.es\/fr\",\"logo\":{\"@type\":\"ImageObject\",\"inLanguage\":\"fr-FR\",\"@id\":\"https:\/\/www.openarms.es\/fr#\/schema\/logo\/image\/\",\"url\":\"https:\/\/www.openarms.es\/wp-content\/uploads\/2025\/03\/BRAND.svg\",\"contentUrl\":\"https:\/\/www.openarms.es\/wp-content\/uploads\/2025\/03\/BRAND.svg\",\"caption\":\"Open Arms\"},\"image\":{\"@id\":\"https:\/\/www.openarms.es\/fr#\/schema\/logo\/image\/\"}}]}<\/script>\n<!-- \/ Yoast SEO plugin. -->","yoast_head_json":{"title":"Route de la M\u00e9diterran\u00e9e centrale | Open Arms","description":"La route de la M\u00e9diterran\u00e9e centrale, la plus meurtri\u00e8re pour les migrants. D\u00e9parts de Libye et de Tunisie vers l\u2019Italie. Informez-vous et agissez.","robots":{"index":"index","follow":"follow","max-snippet":"max-snippet:-1","max-image-preview":"max-image-preview:large","max-video-preview":"max-video-preview:-1"},"canonical":"https:\/\/www.openarms.es\/fr\/flux-migratoires\/route-de-la-mediterranee-centrale","og_locale":"fr_FR","og_type":"article","og_title":"Route de la M\u00e9diterran\u00e9e centrale | Open Arms","og_description":"La route de la M\u00e9diterran\u00e9e centrale, la plus meurtri\u00e8re pour les migrants. D\u00e9parts de Libye et de Tunisie vers l\u2019Italie. Informez-vous et agissez.","og_url":"https:\/\/www.openarms.es\/fr\/flux-migratoires\/route-de-la-mediterranee-centrale","og_site_name":"Open Arms","article_modified_time":"2025-07-31T17:09:12+00:00","og_image":[{"width":1920,"height":1280,"url":"https:\/\/www.openarms.es\/wp-content\/uploads\/2025\/06\/mediterraneo-central-imagen.jpg","type":"image\/jpeg"}],"twitter_card":"summary_large_image","twitter_misc":{"Dur\u00e9e de lecture estim\u00e9e":"3 minutes"},"schema":{"@context":"https:\/\/schema.org","@graph":[{"@type":"WebPage","@id":"https:\/\/www.openarms.es\/fr\/flux-migratoires\/route-de-la-mediterranee-centrale","url":"https:\/\/www.openarms.es\/fr\/flux-migratoires\/route-de-la-mediterranee-centrale","name":"Route de la M\u00e9diterran\u00e9e centrale | Open Arms","isPartOf":{"@id":"https:\/\/www.openarms.es\/fr#website"},"primaryImageOfPage":{"@id":"https:\/\/www.openarms.es\/fr\/flux-migratoires\/route-de-la-mediterranee-centrale#primaryimage"},"image":{"@id":"https:\/\/www.openarms.es\/fr\/flux-migratoires\/route-de-la-mediterranee-centrale#primaryimage"},"thumbnailUrl":"https:\/\/www.openarms.es\/wp-content\/uploads\/2025\/06\/mediterraneo-central-imagen.jpg","datePublished":"2025-07-23T08:29:38+00:00","dateModified":"2025-07-31T17:09:12+00:00","description":"La route de la M\u00e9diterran\u00e9e centrale, la plus meurtri\u00e8re pour les migrants. D\u00e9parts de Libye et de Tunisie vers l\u2019Italie. Informez-vous et agissez.","breadcrumb":{"@id":"https:\/\/www.openarms.es\/fr\/flux-migratoires\/route-de-la-mediterranee-centrale#breadcrumb"},"inLanguage":"fr-FR","potentialAction":[{"@type":"ReadAction","target":["https:\/\/www.openarms.es\/fr\/flux-migratoires\/route-de-la-mediterranee-centrale"]}]},{"@type":"ImageObject","inLanguage":"fr-FR","@id":"https:\/\/www.openarms.es\/fr\/flux-migratoires\/route-de-la-mediterranee-centrale#primaryimage","url":"https:\/\/www.openarms.es\/wp-content\/uploads\/2025\/06\/mediterraneo-central-imagen.jpg","contentUrl":"https:\/\/www.openarms.es\/wp-content\/uploads\/2025\/06\/mediterraneo-central-imagen.jpg","width":1920,"height":1280,"caption":"Mediterr\u00e1neo Central Open Arms"},{"@type":"BreadcrumbList","@id":"https:\/\/www.openarms.es\/fr\/flux-migratoires\/route-de-la-mediterranee-centrale#breadcrumb","itemListElement":[{"@type":"ListItem","position":1,"name":"Flux migratoires","item":"https:\/\/www.openarms.es\/fr\/flux-migratoires"},{"@type":"ListItem","position":2,"name":"M\u00e9diterran\u00e9e centrale"}]},{"@type":"WebSite","@id":"https:\/\/www.openarms.es\/fr#website","url":"https:\/\/www.openarms.es\/fr","name":"Open Arms","description":"","publisher":{"@id":"https:\/\/www.openarms.es\/fr#organization"},"potentialAction":[{"@type":"SearchAction","target":{"@type":"EntryPoint","urlTemplate":"https:\/\/www.openarms.es\/fr?s={search_term_string}"},"query-input":{"@type":"PropertyValueSpecification","valueRequired":true,"valueName":"search_term_string"}}],"inLanguage":"fr-FR"},{"@type":"Organization","@id":"https:\/\/www.openarms.es\/fr#organization","name":"Open Arms","url":"https:\/\/www.openarms.es\/fr","logo":{"@type":"ImageObject","inLanguage":"fr-FR","@id":"https:\/\/www.openarms.es\/fr#\/schema\/logo\/image\/","url":"https:\/\/www.openarms.es\/wp-content\/uploads\/2025\/03\/BRAND.svg","contentUrl":"https:\/\/www.openarms.es\/wp-content\/uploads\/2025\/03\/BRAND.svg","caption":"Open Arms"},"image":{"@id":"https:\/\/www.openarms.es\/fr#\/schema\/logo\/image\/"}}]}},"_links":{"self":[{"href":"https:\/\/www.openarms.es\/fr\/wp-json\/wp\/v2\/pages\/7210","targetHints":{"allow":["GET"]}}],"collection":[{"href":"https:\/\/www.openarms.es\/fr\/wp-json\/wp\/v2\/pages"}],"about":[{"href":"https:\/\/www.openarms.es\/fr\/wp-json\/wp\/v2\/types\/page"}],"author":[{"embeddable":true,"href":"https:\/\/www.openarms.es\/fr\/wp-json\/wp\/v2\/users\/2"}],"replies":[{"embeddable":true,"href":"https:\/\/www.openarms.es\/fr\/wp-json\/wp\/v2\/comments?post=7210"}],"version-history":[{"count":10,"href":"https:\/\/www.openarms.es\/fr\/wp-json\/wp\/v2\/pages\/7210\/revisions"}],"predecessor-version":[{"id":8207,"href":"https:\/\/www.openarms.es\/fr\/wp-json\/wp\/v2\/pages\/7210\/revisions\/8207"}],"up":[{"embeddable":true,"href":"https:\/\/www.openarms.es\/fr\/wp-json\/wp\/v2\/pages\/6952"}],"wp:featuredmedia":[{"embeddable":true,"href":"https:\/\/www.openarms.es\/fr\/wp-json\/wp\/v2\/media\/4552"}],"wp:attachment":[{"href":"https:\/\/www.openarms.es\/fr\/wp-json\/wp\/v2\/media?parent=7210"}],"curies":[{"name":"wp","href":"https:\/\/api.w.org\/{rel}","templated":true}]}}