{"id":7437,"date":"2025-07-25T13:03:26","date_gmt":"2025-07-25T13:03:26","guid":{"rendered":"https:\/\/www.openarms.es\/?page_id=7437"},"modified":"2025-07-31T09:13:53","modified_gmt":"2025-07-31T09:13:53","slug":"israel-iran","status":"publish","type":"page","link":"https:\/\/www.openarms.es\/fr\/conflits\/moyen-orient\/israel-iran","title":{"rendered":"Isra\u00ebl-Iran"},"content":{"rendered":"\n<div class=\"wp-block-cover alignfull ebavs-header-hero-interior\" style=\"min-height:40rem;aspect-ratio:unset;\"><span aria-hidden=\"true\" class=\"wp-block-cover__background has-black-background-color has-background-dim-30 has-background-dim\"><\/span><img loading=\"lazy\" decoding=\"async\" width=\"1024\" height=\"682\" src=\"https:\/\/www.openarms.es\/wp-content\/uploads\/2025\/07\/Pictures_of_the_Israeli_attack_on_Tehran_1_Mehr_2-2-1024x682.jpg\" class=\"wp-block-cover__image-background wp-post-image\" alt=\"\" data-object-fit=\"cover\" srcset=\"https:\/\/www.openarms.es\/wp-content\/uploads\/2025\/07\/Pictures_of_the_Israeli_attack_on_Tehran_1_Mehr_2-2-1024x682.jpg 1024w, https:\/\/www.openarms.es\/wp-content\/uploads\/2025\/07\/Pictures_of_the_Israeli_attack_on_Tehran_1_Mehr_2-2-300x200.jpg 300w, https:\/\/www.openarms.es\/wp-content\/uploads\/2025\/07\/Pictures_of_the_Israeli_attack_on_Tehran_1_Mehr_2-2-768x512.jpg 768w, https:\/\/www.openarms.es\/wp-content\/uploads\/2025\/07\/Pictures_of_the_Israeli_attack_on_Tehran_1_Mehr_2-2.jpg 1280w\" sizes=\"auto, (max-width: 1024px) 100vw, 1024px\" \/><div class=\"wp-block-cover__inner-container is-layout-flow wp-block-cover-is-layout-flow\">\n<div class=\"wp-block-group alignwide has-global-padding is-layout-constrained wp-block-group-is-layout-constrained\" style=\"margin-top:auto;margin-bottom:auto\">\n<div class=\"wp-block-group has-global-padding is-content-justification-left is-layout-constrained wp-container-core-group-is-layout-b58f3518 wp-block-group-is-layout-constrained\">\n<p class=\"has-text-align-left has-base-color has-text-color has-large-font-size\" style=\"font-family:var(--wp--preset--font-family--dinnextltpro)\">CONFLITS<\/p>\n\n\n\n<h1 class=\"wp-block-heading has-text-align-left has-base-color has-text-color has-xx-large-font-size\" style=\"margin-top:0;margin-bottom:0\">Isra\u00ebl-Iran<\/h1>\n\n\n\n<p class=\"has-base-color has-text-color has-link-color wp-elements-8df07a0883909bca7e792407e11f52cd\" style=\"margin-top:0;margin-bottom:0\">Si tu penses qu\u2019en temps de guerre il faut prot\u00e9ger la vie des plus vuln\u00e9rables, alors tu es des n\u00f4tres.<\/p>\n\n\n\n<div class=\"wp-block-buttons is-content-justification-left is-layout-flex wp-container-core-buttons-is-layout-fc4fd283 wp-block-buttons-is-layout-flex\">\n<div class=\"wp-block-button\"><a class=\"wp-block-button__link has-contrast-color has-base-background-color has-text-color has-background has-dinnextltpro-font-family has-custom-font-size wp-element-button\" href=\"https:\/\/help.openarms.es\/miembro-openarms\/?lang=fr\" style=\"padding-top:16px;padding-right:24px;padding-bottom:14px;padding-left:24px;font-size:clamp(0.875rem, 0.875rem + ((1vw - 0.2rem) * 0.302), 1.13rem);font-style:normal;font-weight:700;line-height:1;text-transform:uppercase\" target=\"_blank\" rel=\"noreferrer noopener\">Deviens membre<\/a><\/div>\n<\/div>\n<\/div>\n<\/div>\n<\/div><\/div>\n\n<div class=\"wp-block-cover alignfull is-light has-parallax\" style=\"margin-top:0;margin-bottom:0;padding-top:0;padding-right:0;padding-bottom:0;padding-left:0\"><div class=\"wp-block-cover__image-background wp-image-999 has-parallax\" style=\"background-position:50% 50%;background-image:url(https:\/\/www.openarms.es\/wp-content\/themes\/openarms\/assets\/images\/openarms-texture.webp)\"><\/div><span aria-hidden=\"true\" class=\"wp-block-cover__background has-base-background-color has-background-dim-80 has-background-dim\"><\/span><div class=\"wp-block-cover__inner-container is-layout-flow wp-block-cover-is-layout-flow\">\n<div class=\"wp-block-group alignwide has-global-padding is-layout-constrained wp-container-core-group-is-layout-8257ab09 wp-block-group-is-layout-constrained\" style=\"margin-top:1rem\">\n<div class=\"wp-block-group alignwide has-global-padding is-layout-constrained wp-block-group-is-layout-constrained\"><div class=\"yoast-breadcrumbs\"><span><span><a href=\"https:\/\/www.openarms.es\/fr\/conflits\">Conflits<\/a><\/span> &gt; <span><a href=\"https:\/\/www.openarms.es\/fr\/conflits\/moyen-orient\">Moyen-Orient<\/a><\/span> &gt; <span class=\"breadcrumb_last\" aria-current=\"page\">Isra\u00ebl-Iran<\/span><\/span><\/div>\n\n\n<hr class=\"wp-block-separator has-text-color has-gray-color has-alpha-channel-opacity has-gray-background-color has-background is-style-default\" style=\"margin-top:1rem;margin-bottom:4rem\"\/>\n<\/div>\n<\/div>\n\n\n\n<div class=\"wp-block-group has-global-padding is-layout-constrained wp-block-group-is-layout-constrained\">\n<div class=\"wp-block-columns alignwide ebavs-space-between is-layout-flex wp-container-core-columns-is-layout-643ced6b wp-block-columns-is-layout-flex\">\n<div class=\"wp-block-column is-layout-flow wp-block-column-is-layout-flow\" style=\"flex-basis:33%\">\n<h2 class=\"wp-block-heading has-contrast-color has-text-color has-x-large-font-size\" style=\"margin-top:0\">CONTEXTE<\/h2>\n<\/div>\n\n\n\n<div class=\"wp-block-column is-layout-flow wp-block-column-is-layout-flow\" style=\"flex-basis:50%\">\n<p>L\u2019Iran est depuis des d\u00e9cennies un acteur cl\u00e9 dans les \u00e9quilibres de pouvoir au Moyen-Orient. Son programme nucl\u00e9aire, les tensions avec les \u00c9tats-Unis et Isra\u00ebl, ainsi que son influence sur d\u2019autres conflits r\u00e9gionaux (comme en Syrie, au Liban ou au Y\u00e9men), ont g\u00e9n\u00e9r\u00e9 un climat d\u2019instabilit\u00e9 permanente. En 2024 et 2025, le conflit s\u2019est intensifi\u00e9 de mani\u00e8re spectaculaire avec des attaques directes entre l\u2019Iran et Isra\u00ebl, marquant un nouveau tournant dans la r\u00e9gion.<\/p>\n<\/div>\n<\/div>\n<\/div>\n\n\n\n<div class=\"wp-block-group has-global-padding is-layout-constrained wp-block-group-is-layout-constrained\">\n<figure class=\"wp-block-image aligncenter size-large has-custom-border\" style=\"margin-top:3rem;margin-bottom:4rem\"><img loading=\"lazy\" decoding=\"async\" width=\"1024\" height=\"768\" src=\"https:\/\/www.openarms.es\/wp-content\/uploads\/2025\/07\/Iranian_missile_strike_in_Bat_Yam_15_June_2025._IV-1024x768.jpg\" alt=\"\" class=\"wp-image-7264\" style=\"border-style:none;border-width:0px;border-radius:16px;aspect-ratio:16\/9;object-fit:cover\" srcset=\"https:\/\/www.openarms.es\/wp-content\/uploads\/2025\/07\/Iranian_missile_strike_in_Bat_Yam_15_June_2025._IV-1024x768.jpg 1024w, https:\/\/www.openarms.es\/wp-content\/uploads\/2025\/07\/Iranian_missile_strike_in_Bat_Yam_15_June_2025._IV-300x225.jpg 300w, https:\/\/www.openarms.es\/wp-content\/uploads\/2025\/07\/Iranian_missile_strike_in_Bat_Yam_15_June_2025._IV-768x576.jpg 768w, https:\/\/www.openarms.es\/wp-content\/uploads\/2025\/07\/Iranian_missile_strike_in_Bat_Yam_15_June_2025._IV-1536x1152.jpg 1536w, https:\/\/www.openarms.es\/wp-content\/uploads\/2025\/07\/Iranian_missile_strike_in_Bat_Yam_15_June_2025._IV.jpg 1600w\" sizes=\"auto, (max-width: 1024px) 100vw, 1024px\" \/><\/figure>\n<\/div>\n\n\n\n<div class=\"wp-block-group has-global-padding is-layout-constrained wp-block-group-is-layout-constrained\">\n<div class=\"wp-block-columns alignwide is-content-justification-space-between is-layout-flow wp-container-core-columns-is-layout-389f1a3f wp-block-columns-is-layout-flow\">\n<div class=\"wp-block-column is-layout-flow wp-block-column-is-layout-flow\" style=\"padding-right:var(--wp--preset--spacing--40);flex-basis:30%\">\n<h3 class=\"wp-block-heading has-black-color has-text-color\" style=\"margin-top:0;margin-bottom:var(--wp--preset--spacing--16);font-size:clamp(1.502rem, 1.502rem + ((1vw - 0.2rem) * 1.181), 2.5rem);\">\u00c9VOLUTION<\/h3>\n<\/div>\n\n\n\n<div class=\"wp-block-column is-vertically-aligned-top is-layout-flow wp-block-column-is-layout-flow\" style=\"padding-right:0;padding-left:0;flex-basis:70%\">\n<ul class=\"wp-block-list\">\n<li class=\"has-small-font-size\" style=\"margin-bottom:var(--wp--preset--spacing--16)\">\u00c0 la mi-2025, Isra\u00ebl a lanc\u00e9 des frappes a\u00e9riennes sur des cibles strat\u00e9giques en territoire iranien, y compris des centres nucl\u00e9aires et des bases militaires.<br\/><\/li>\n\n\n\n<li class=\"has-small-font-size\" style=\"margin-bottom:var(--wp--preset--spacing--16)\">L\u2019Iran a r\u00e9pliqu\u00e9 par une offensive de missiles et de drones, visant \u00e0 la fois Isra\u00ebl et des int\u00e9r\u00eats internationaux dans la r\u00e9gion.<br\/><\/li>\n\n\n\n<li class=\"has-small-font-size\" style=\"margin-bottom:var(--wp--preset--spacing--16)\">Les hostilit\u00e9s ont fait des centaines de morts, provoqu\u00e9 des d\u00e9placements internes et entra\u00een\u00e9 une r\u00e9pression croissante du gouvernement iranien contre les voix dissidentes.<br\/><\/li>\n\n\n\n<li class=\"has-small-font-size\">La tension a \u00e9galement affect\u00e9 les pays voisins et a encore aggrav\u00e9 la situation humanitaire dans des lieux comme Gaza, la Syrie et le Y\u00e9men.<br\/><\/li>\n\n\n\n<li class=\"has-small-font-size\">La population civile vit dans un climat de peur et d\u2019incertitude, avec des coupures de communication, un contr\u00f4le social accru et une p\u00e9nurie de ressources dans plusieurs r\u00e9gions du pays.<br\/><\/li>\n<\/ul>\n<\/div>\n<\/div>\n<\/div>\n\n\n\n<div class=\"wp-block-group alignfull has-global-padding is-layout-constrained wp-container-core-group-is-layout-0c9c989a wp-block-group-is-layout-constrained\" style=\"min-height:0vh;margin-top:0;margin-bottom:0;padding-top:var(--wp--preset--spacing--70);padding-right:var(--wp--preset--spacing--40);padding-bottom:var(--wp--preset--spacing--70);padding-left:var(--wp--preset--spacing--40)\">\n<div class=\"wp-block-columns are-vertically-aligned-top is-content-justification-center is-layout-flex wp-container-core-columns-is-layout-8c19c11b wp-block-columns-is-layout-flex\">\n<div class=\"wp-block-column is-vertically-aligned-top is-layout-flow wp-block-column-is-layout-flow\" style=\"flex-basis:60%\">\n<div class=\"wp-block-group has-contrast-background-color has-background has-global-padding is-layout-constrained wp-container-core-group-is-layout-a91b9633 wp-block-group-is-layout-constrained\" style=\"border-style:none;border-width:0px;border-radius:32px;padding-top:var(--wp--preset--spacing--40);padding-right:2rem;padding-bottom:var(--wp--preset--spacing--40);padding-left:2rem\">\n<h3 class=\"wp-block-heading has-text-align-center has-base-color has-text-color has-link-color wp-elements-0925c158e1c62a4a90edb86eeb50ddb4\" style=\"margin-right:0;margin-left:0;padding-right:0;padding-left:0;font-size:clamp(1.502rem, 1.502rem + ((1vw - 0.2rem) * 1.181), 2.5rem);line-height:1.15\">Si tu crois que chaque vie m\u00e9rite d\u2019\u00eatre sauv\u00e9e, implique-toi. Ensemble, nous pouvons en sauver beaucoup d\u2019autres.<\/h3>\n\n\n\n<div class=\"wp-block-buttons is-horizontal is-content-justification-center is-layout-flex wp-container-core-buttons-is-layout-03627597 wp-block-buttons-is-layout-flex\">\n<div class=\"wp-block-button\"><a class=\"wp-block-button__link has-contrast-color has-base-background-color has-text-color has-background has-custom-font-size wp-element-button\" href=\"https:\/\/www.openarms.es\/fr\/comment-aider\/fais-un-don\" style=\"padding-top:16px;padding-right:24px;padding-bottom:14px;padding-left:24px;font-size:clamp(14px, 0.875rem + ((1vw - 3.2px) * 0.296), 18px);font-style:normal;font-weight:700\">FAIS UN DON<\/a><\/div>\n<\/div>\n<\/div>\n<\/div>\n<\/div>\n<\/div>\n<\/div><\/div>\n\n<p><\/p>\n","protected":false},"excerpt":{"rendered":"","protected":false},"author":17,"featured_media":7612,"parent":7342,"menu_order":0,"comment_status":"closed","ping_status":"closed","template":"page-interior","meta":{"content-type":"","footnotes":""},"class_list":["post-7437","page","type-page","status-publish","has-post-thumbnail","hentry"],"yoast_head":"<!-- This site is optimized with the Yoast SEO plugin v25.9 - https:\/\/yoast.com\/wordpress\/plugins\/seo\/ -->\n<title>Conflit Isra\u00ebl-Iran : contexte et aide humanitaire | Open Arms<\/title>\n<meta name=\"description\" content=\"D\u00e9couvrez l\u2019origine et l\u2019\u00e9volution du conflit entre Isra\u00ebl et l\u2019Iran, ainsi que l\u2019action d\u2019Open Arms pour prot\u00e9ger des vies.\" \/>\n<meta name=\"robots\" content=\"index, follow, max-snippet:-1, max-image-preview:large, max-video-preview:-1\" \/>\n<link rel=\"canonical\" href=\"https:\/\/www.openarms.es\/fr\/conflits\/moyen-orient\/israel-iran\" \/>\n<meta property=\"og:locale\" content=\"fr_FR\" \/>\n<meta property=\"og:type\" content=\"article\" \/>\n<meta property=\"og:title\" content=\"Conflit Isra\u00ebl-Iran : contexte et aide humanitaire | Open Arms\" \/>\n<meta property=\"og:description\" content=\"D\u00e9couvrez l\u2019origine et l\u2019\u00e9volution du conflit entre Isra\u00ebl et l\u2019Iran, ainsi que l\u2019action d\u2019Open Arms pour prot\u00e9ger des vies.\" \/>\n<meta property=\"og:url\" content=\"https:\/\/www.openarms.es\/fr\/conflits\/moyen-orient\/israel-iran\" \/>\n<meta property=\"og:site_name\" content=\"Open Arms\" \/>\n<meta property=\"article:modified_time\" content=\"2025-07-31T09:13:53+00:00\" \/>\n<meta property=\"og:image\" content=\"https:\/\/www.openarms.es\/wp-content\/uploads\/2025\/07\/Pictures_of_the_Israeli_attack_on_Tehran_1_Mehr_2-2.jpg\" \/>\n\t<meta property=\"og:image:width\" content=\"1280\" \/>\n\t<meta property=\"og:image:height\" content=\"853\" \/>\n\t<meta property=\"og:image:type\" content=\"image\/jpeg\" \/>\n<meta name=\"twitter:card\" content=\"summary_large_image\" \/>\n<meta name=\"twitter:label1\" content=\"Dur\u00e9e de lecture estim\u00e9e\" \/>\n\t<meta name=\"twitter:data1\" content=\"1 minute\" \/>\n<script type=\"application\/ld+json\" class=\"yoast-schema-graph\">{\"@context\":\"https:\/\/schema.org\",\"@graph\":[{\"@type\":\"WebPage\",\"@id\":\"https:\/\/www.openarms.es\/fr\/conflits\/moyen-orient\/israel-iran\",\"url\":\"https:\/\/www.openarms.es\/fr\/conflits\/moyen-orient\/israel-iran\",\"name\":\"Conflit Isra\u00ebl-Iran : contexte et aide humanitaire | Open Arms\",\"isPartOf\":{\"@id\":\"https:\/\/www.openarms.es\/fr#website\"},\"primaryImageOfPage\":{\"@id\":\"https:\/\/www.openarms.es\/fr\/conflits\/moyen-orient\/israel-iran#primaryimage\"},\"image\":{\"@id\":\"https:\/\/www.openarms.es\/fr\/conflits\/moyen-orient\/israel-iran#primaryimage\"},\"thumbnailUrl\":\"https:\/\/www.openarms.es\/wp-content\/uploads\/2025\/07\/Pictures_of_the_Israeli_attack_on_Tehran_1_Mehr_2-2.jpg\",\"datePublished\":\"2025-07-25T13:03:26+00:00\",\"dateModified\":\"2025-07-31T09:13:53+00:00\",\"description\":\"D\u00e9couvrez l\u2019origine et l\u2019\u00e9volution du conflit entre Isra\u00ebl et l\u2019Iran, ainsi que l\u2019action d\u2019Open Arms pour prot\u00e9ger des vies.\",\"breadcrumb\":{\"@id\":\"https:\/\/www.openarms.es\/fr\/conflits\/moyen-orient\/israel-iran#breadcrumb\"},\"inLanguage\":\"fr-FR\",\"potentialAction\":[{\"@type\":\"ReadAction\",\"target\":[\"https:\/\/www.openarms.es\/fr\/conflits\/moyen-orient\/israel-iran\"]}]},{\"@type\":\"ImageObject\",\"inLanguage\":\"fr-FR\",\"@id\":\"https:\/\/www.openarms.es\/fr\/conflits\/moyen-orient\/israel-iran#primaryimage\",\"url\":\"https:\/\/www.openarms.es\/wp-content\/uploads\/2025\/07\/Pictures_of_the_Israeli_attack_on_Tehran_1_Mehr_2-2.jpg\",\"contentUrl\":\"https:\/\/www.openarms.es\/wp-content\/uploads\/2025\/07\/Pictures_of_the_Israeli_attack_on_Tehran_1_Mehr_2-2.jpg\",\"width\":1280,\"height\":853},{\"@type\":\"BreadcrumbList\",\"@id\":\"https:\/\/www.openarms.es\/fr\/conflits\/moyen-orient\/israel-iran#breadcrumb\",\"itemListElement\":[{\"@type\":\"ListItem\",\"position\":1,\"name\":\"Conflits\",\"item\":\"https:\/\/www.openarms.es\/fr\/conflits\"},{\"@type\":\"ListItem\",\"position\":2,\"name\":\"Moyen-Orient\",\"item\":\"https:\/\/www.openarms.es\/fr\/conflits\/moyen-orient\"},{\"@type\":\"ListItem\",\"position\":3,\"name\":\"Isra\u00ebl-Iran\"}]},{\"@type\":\"WebSite\",\"@id\":\"https:\/\/www.openarms.es\/fr#website\",\"url\":\"https:\/\/www.openarms.es\/fr\",\"name\":\"Open Arms\",\"description\":\"\",\"publisher\":{\"@id\":\"https:\/\/www.openarms.es\/fr#organization\"},\"potentialAction\":[{\"@type\":\"SearchAction\",\"target\":{\"@type\":\"EntryPoint\",\"urlTemplate\":\"https:\/\/www.openarms.es\/fr?s={search_term_string}\"},\"query-input\":{\"@type\":\"PropertyValueSpecification\",\"valueRequired\":true,\"valueName\":\"search_term_string\"}}],\"inLanguage\":\"fr-FR\"},{\"@type\":\"Organization\",\"@id\":\"https:\/\/www.openarms.es\/fr#organization\",\"name\":\"Open Arms\",\"url\":\"https:\/\/www.openarms.es\/fr\",\"logo\":{\"@type\":\"ImageObject\",\"inLanguage\":\"fr-FR\",\"@id\":\"https:\/\/www.openarms.es\/fr#\/schema\/logo\/image\/\",\"url\":\"https:\/\/www.openarms.es\/wp-content\/uploads\/2025\/03\/BRAND.svg\",\"contentUrl\":\"https:\/\/www.openarms.es\/wp-content\/uploads\/2025\/03\/BRAND.svg\",\"caption\":\"Open Arms\"},\"image\":{\"@id\":\"https:\/\/www.openarms.es\/fr#\/schema\/logo\/image\/\"}}]}<\/script>\n<!-- \/ Yoast SEO plugin. -->","yoast_head_json":{"title":"Conflit Isra\u00ebl-Iran : contexte et aide humanitaire | Open Arms","description":"D\u00e9couvrez l\u2019origine et l\u2019\u00e9volution du conflit entre Isra\u00ebl et l\u2019Iran, ainsi que l\u2019action d\u2019Open Arms pour prot\u00e9ger des vies.","robots":{"index":"index","follow":"follow","max-snippet":"max-snippet:-1","max-image-preview":"max-image-preview:large","max-video-preview":"max-video-preview:-1"},"canonical":"https:\/\/www.openarms.es\/fr\/conflits\/moyen-orient\/israel-iran","og_locale":"fr_FR","og_type":"article","og_title":"Conflit Isra\u00ebl-Iran : contexte et aide humanitaire | Open Arms","og_description":"D\u00e9couvrez l\u2019origine et l\u2019\u00e9volution du conflit entre Isra\u00ebl et l\u2019Iran, ainsi que l\u2019action d\u2019Open Arms pour prot\u00e9ger des vies.","og_url":"https:\/\/www.openarms.es\/fr\/conflits\/moyen-orient\/israel-iran","og_site_name":"Open Arms","article_modified_time":"2025-07-31T09:13:53+00:00","og_image":[{"width":1280,"height":853,"url":"https:\/\/www.openarms.es\/wp-content\/uploads\/2025\/07\/Pictures_of_the_Israeli_attack_on_Tehran_1_Mehr_2-2.jpg","type":"image\/jpeg"}],"twitter_card":"summary_large_image","twitter_misc":{"Dur\u00e9e de lecture estim\u00e9e":"1 minute"},"schema":{"@context":"https:\/\/schema.org","@graph":[{"@type":"WebPage","@id":"https:\/\/www.openarms.es\/fr\/conflits\/moyen-orient\/israel-iran","url":"https:\/\/www.openarms.es\/fr\/conflits\/moyen-orient\/israel-iran","name":"Conflit Isra\u00ebl-Iran : contexte et aide humanitaire | Open Arms","isPartOf":{"@id":"https:\/\/www.openarms.es\/fr#website"},"primaryImageOfPage":{"@id":"https:\/\/www.openarms.es\/fr\/conflits\/moyen-orient\/israel-iran#primaryimage"},"image":{"@id":"https:\/\/www.openarms.es\/fr\/conflits\/moyen-orient\/israel-iran#primaryimage"},"thumbnailUrl":"https:\/\/www.openarms.es\/wp-content\/uploads\/2025\/07\/Pictures_of_the_Israeli_attack_on_Tehran_1_Mehr_2-2.jpg","datePublished":"2025-07-25T13:03:26+00:00","dateModified":"2025-07-31T09:13:53+00:00","description":"D\u00e9couvrez l\u2019origine et l\u2019\u00e9volution du conflit entre Isra\u00ebl et l\u2019Iran, ainsi que l\u2019action d\u2019Open Arms pour prot\u00e9ger des vies.","breadcrumb":{"@id":"https:\/\/www.openarms.es\/fr\/conflits\/moyen-orient\/israel-iran#breadcrumb"},"inLanguage":"fr-FR","potentialAction":[{"@type":"ReadAction","target":["https:\/\/www.openarms.es\/fr\/conflits\/moyen-orient\/israel-iran"]}]},{"@type":"ImageObject","inLanguage":"fr-FR","@id":"https:\/\/www.openarms.es\/fr\/conflits\/moyen-orient\/israel-iran#primaryimage","url":"https:\/\/www.openarms.es\/wp-content\/uploads\/2025\/07\/Pictures_of_the_Israeli_attack_on_Tehran_1_Mehr_2-2.jpg","contentUrl":"https:\/\/www.openarms.es\/wp-content\/uploads\/2025\/07\/Pictures_of_the_Israeli_attack_on_Tehran_1_Mehr_2-2.jpg","width":1280,"height":853},{"@type":"BreadcrumbList","@id":"https:\/\/www.openarms.es\/fr\/conflits\/moyen-orient\/israel-iran#breadcrumb","itemListElement":[{"@type":"ListItem","position":1,"name":"Conflits","item":"https:\/\/www.openarms.es\/fr\/conflits"},{"@type":"ListItem","position":2,"name":"Moyen-Orient","item":"https:\/\/www.openarms.es\/fr\/conflits\/moyen-orient"},{"@type":"ListItem","position":3,"name":"Isra\u00ebl-Iran"}]},{"@type":"WebSite","@id":"https:\/\/www.openarms.es\/fr#website","url":"https:\/\/www.openarms.es\/fr","name":"Open Arms","description":"","publisher":{"@id":"https:\/\/www.openarms.es\/fr#organization"},"potentialAction":[{"@type":"SearchAction","target":{"@type":"EntryPoint","urlTemplate":"https:\/\/www.openarms.es\/fr?s={search_term_string}"},"query-input":{"@type":"PropertyValueSpecification","valueRequired":true,"valueName":"search_term_string"}}],"inLanguage":"fr-FR"},{"@type":"Organization","@id":"https:\/\/www.openarms.es\/fr#organization","name":"Open Arms","url":"https:\/\/www.openarms.es\/fr","logo":{"@type":"ImageObject","inLanguage":"fr-FR","@id":"https:\/\/www.openarms.es\/fr#\/schema\/logo\/image\/","url":"https:\/\/www.openarms.es\/wp-content\/uploads\/2025\/03\/BRAND.svg","contentUrl":"https:\/\/www.openarms.es\/wp-content\/uploads\/2025\/03\/BRAND.svg","caption":"Open Arms"},"image":{"@id":"https:\/\/www.openarms.es\/fr#\/schema\/logo\/image\/"}}]}},"_links":{"self":[{"href":"https:\/\/www.openarms.es\/fr\/wp-json\/wp\/v2\/pages\/7437","targetHints":{"allow":["GET"]}}],"collection":[{"href":"https:\/\/www.openarms.es\/fr\/wp-json\/wp\/v2\/pages"}],"about":[{"href":"https:\/\/www.openarms.es\/fr\/wp-json\/wp\/v2\/types\/page"}],"author":[{"embeddable":true,"href":"https:\/\/www.openarms.es\/fr\/wp-json\/wp\/v2\/users\/17"}],"replies":[{"embeddable":true,"href":"https:\/\/www.openarms.es\/fr\/wp-json\/wp\/v2\/comments?post=7437"}],"version-history":[{"count":6,"href":"https:\/\/www.openarms.es\/fr\/wp-json\/wp\/v2\/pages\/7437\/revisions"}],"predecessor-version":[{"id":8017,"href":"https:\/\/www.openarms.es\/fr\/wp-json\/wp\/v2\/pages\/7437\/revisions\/8017"}],"up":[{"embeddable":true,"href":"https:\/\/www.openarms.es\/fr\/wp-json\/wp\/v2\/pages\/7342"}],"wp:featuredmedia":[{"embeddable":true,"href":"https:\/\/www.openarms.es\/fr\/wp-json\/wp\/v2\/media\/7612"}],"wp:attachment":[{"href":"https:\/\/www.openarms.es\/fr\/wp-json\/wp\/v2\/media?parent=7437"}],"curies":[{"name":"wp","href":"https:\/\/api.w.org\/{rel}","templated":true}]}}