{"id":2528,"date":"2025-05-05T13:50:19","date_gmt":"2025-05-05T13:50:19","guid":{"rendered":"https:\/\/www.openarms.es\/?page_id=2528"},"modified":"2026-04-07T09:51:45","modified_gmt":"2026-04-07T09:51:45","slug":"5x1000","status":"publish","type":"page","link":"https:\/\/www.openarms.es\/it\/5x1000","title":{"rendered":"5&#215;1000"},"content":{"rendered":"\n<div class=\"wp-block-cover alignfull ebavs-header-hero-interior\" style=\"min-height:639px;aspect-ratio:unset;\"><span aria-hidden=\"true\" class=\"wp-block-cover__background has-black-background-color has-background-dim\"><\/span><img loading=\"lazy\" decoding=\"async\" width=\"1024\" height=\"372\" src=\"https:\/\/www.openarms.es\/wp-content\/uploads\/2026\/04\/HEADER-1024x372.jpg\" class=\"wp-block-cover__image-background wp-post-image\" alt=\"\" data-object-fit=\"cover\" data-object-position=\"52% 50%\" style=\"object-position:52% 50%;\" srcset=\"https:\/\/www.openarms.es\/wp-content\/uploads\/2026\/04\/HEADER-1024x372.jpg 1024w, https:\/\/www.openarms.es\/wp-content\/uploads\/2026\/04\/HEADER-300x109.jpg 300w, https:\/\/www.openarms.es\/wp-content\/uploads\/2026\/04\/HEADER-768x279.jpg 768w, https:\/\/www.openarms.es\/wp-content\/uploads\/2026\/04\/HEADER-1536x558.jpg 1536w, https:\/\/www.openarms.es\/wp-content\/uploads\/2026\/04\/HEADER.jpg 1600w\" sizes=\"auto, (max-width: 1024px) 100vw, 1024px\" \/><div class=\"wp-block-cover__inner-container is-layout-flow wp-block-cover-is-layout-flow\">\n<div class=\"wp-block-group alignwide has-global-padding is-layout-constrained wp-block-group-is-layout-constrained\" style=\"margin-top:auto;margin-bottom:auto\">\n<div class=\"wp-block-group has-global-padding is-content-justification-left is-layout-constrained wp-container-core-group-is-layout-b58f3518 wp-block-group-is-layout-constrained\">\n<p class=\"has-text-align-left has-base-color has-text-color has-large-font-size\" style=\"margin-bottom:2rem;font-family:var(--wp--preset--font-family--dinnextltpro)\"><\/p>\n\n\n\n<h1 class=\"wp-block-heading has-text-align-left has-base-color has-text-color has-xx-large-font-size\">IL TUO 5&#215;1000 A OPEN ARMS<\/h1>\n<\/div>\n<\/div>\n<\/div><\/div>\n\n\n\n<div class=\"wp-block-cover alignfull is-light has-parallax\" style=\"margin-top:0;margin-bottom:0;padding-top:0;padding-right:0;padding-bottom:var(--wp--preset--spacing--50);padding-left:0\"><div class=\"wp-block-cover__image-background wp-image-999 has-parallax\" style=\"background-position:50% 50%;background-image:url(https:\/\/www.openarms.es\/wp-content\/themes\/openarms\/assets\/images\/openarms-texture.webp)\"><\/div><span aria-hidden=\"true\" class=\"wp-block-cover__background has-base-background-color has-background-dim-80 has-background-dim\"><\/span><div class=\"wp-block-cover__inner-container is-layout-flow wp-block-cover-is-layout-flow\">\n<div class=\"wp-block-group has-global-padding is-layout-constrained wp-block-group-is-layout-constrained\">\n<div class=\"wp-block-group has-global-padding is-layout-constrained wp-block-group-is-layout-constrained\" style=\"margin-top:1rem\"><div class=\"yoast-breadcrumbs\"><span><span class=\"breadcrumb_last\" aria-current=\"page\">5&#215;1000<\/span><\/span><\/div>\n\n\n<hr class=\"wp-block-separator has-text-color has-gray-color has-alpha-channel-opacity has-gray-background-color has-background is-style-default\" style=\"margin-top:1rem;margin-bottom:4rem\"\/>\n<\/div>\n\n\n\n<div class=\"wp-block-columns is-layout-flex wp-container-core-columns-is-layout-28f84493 wp-block-columns-is-layout-flex\">\n<div class=\"wp-block-column is-layout-flow wp-block-column-is-layout-flow\" style=\"padding-right:var(--wp--preset--spacing--70);flex-basis:40%\">\n<h2 class=\"wp-block-heading has-contrast-color has-text-color has-link-color has-medium-large-font-size wp-elements-703a6697b04c56d9e927a2da68bfc8e7\" style=\"padding-right:var(--wp--preset--spacing--40)\">FIRMARE PER DONARE IL 5X1000 a open Arms<\/h2>\n<\/div>\n\n\n\n<div class=\"wp-block-column is-layout-flow wp-block-column-is-layout-flow\" style=\"flex-basis:50%\">\n<p class=\"has-dark-gray-color has-text-color has-link-color wp-elements-8b82290b7edb910ec7b4d1a72d14f157\">Da quando salvare vite \u00e8 diventato un reato?<br><br>Da quando chi soccorre \u00e8 considerato un criminale?<br><br>Salvare chi rischia la vita \u00e8 il gesto pi\u00f9 umano e naturale, non smetteremo mai di provare a mettere&nbsp;il mondo nel verso giusto.<br><br>Anche tu puoi fare un piccolo&nbsp;ma prezioso gesto per aiutarci:<\/p>\n\n\n\n<h3 class=\"wp-block-heading\">inserisci il codice fiscale: 97996290587\u2028nella tua dichiarazione dei redditi<\/h3>\n\n\n\n<p>La tua firma render\u00e0 possibili le missioni in mare e i voli umanitari. Il tuo 5&#215;1000 si trasformer\u00e0 in salvagenti, cibo, coperte. Il calore di una Italia civile che d\u00e0 valore all&#8217;accoglienza e alla solidariet\u00e0.<\/p>\n<\/div>\n<\/div>\n\n\n\n<div class=\"wp-block-group alignwide has-global-padding is-layout-constrained wp-container-core-group-is-layout-82100965 wp-block-group-is-layout-constrained\" style=\"min-height:0vh;margin-top:0;margin-bottom:0;padding-top:var(--wp--preset--spacing--64);padding-right:0;padding-bottom:var(--wp--preset--spacing--64);padding-left:0\">\n<figure class=\"wp-block-image aligncenter size-full is-resized\"><img loading=\"lazy\" decoding=\"async\" width=\"1600\" height=\"900\" src=\"https:\/\/www.openarms.es\/wp-content\/uploads\/2026\/03\/WhatsApp-Image-2026-03-26-at-13.43.49.jpeg\" alt=\"\" class=\"wp-image-8600\" style=\"aspect-ratio:16\/9;object-fit:cover;width:795px;height:auto\" srcset=\"https:\/\/www.openarms.es\/wp-content\/uploads\/2026\/03\/WhatsApp-Image-2026-03-26-at-13.43.49.jpeg 1600w, https:\/\/www.openarms.es\/wp-content\/uploads\/2026\/03\/WhatsApp-Image-2026-03-26-at-13.43.49-300x169.jpeg 300w, https:\/\/www.openarms.es\/wp-content\/uploads\/2026\/03\/WhatsApp-Image-2026-03-26-at-13.43.49-1024x576.jpeg 1024w, https:\/\/www.openarms.es\/wp-content\/uploads\/2026\/03\/WhatsApp-Image-2026-03-26-at-13.43.49-768x432.jpeg 768w, https:\/\/www.openarms.es\/wp-content\/uploads\/2026\/03\/WhatsApp-Image-2026-03-26-at-13.43.49-1536x864.jpeg 1536w\" sizes=\"auto, (max-width: 1600px) 100vw, 1600px\" \/><\/figure>\n<\/div>\n\n\n\n<hr class=\"wp-block-separator has-text-color has-contrast-color has-alpha-channel-opacity has-contrast-background-color has-background\" style=\"margin-top:0;margin-bottom:var(--wp--preset--spacing--64)\"\/>\n\n\n\n<div class=\"wp-block-group has-global-padding is-layout-constrained wp-block-group-is-layout-constrained\">\n<div class=\"wp-block-columns alignwide are-vertically-aligned-top is-content-justification-space-between is-layout-flow wp-block-columns-is-layout-flow\">\n<div class=\"wp-block-column is-vertically-aligned-top is-layout-flow wp-block-column-is-layout-flow\" style=\"flex-basis:30%\">\n<h3 class=\"wp-block-heading has-black-color has-text-color\" style=\"margin-top:0;font-size:clamp(1.502rem, 1.502rem + ((1vw - 0.2rem) * 1.181), 2.5rem);\">Cos&#8217;\u00e8 il 5&#215;1000 e quanto vale<\/h3>\n<\/div>\n\n\n\n<div class=\"wp-block-column is-vertically-aligned-top is-layout-flow wp-block-column-is-layout-flow\" style=\"padding-right:0;padding-left:var(--wp--preset--spacing--40);flex-basis:75%\">\n<p class=\"has-dark-gray-color has-text-color\" style=\"font-family:var(--wp--preset--font-family--dinnextltpro);font-size:clamp(15.747px, 0.984rem + ((1vw - 3.2px) * 0.61), 24px);line-height:1.14em\">Il 5\u00d71000 \u00e8 un modo semplice, veloce e a costo zero per sostenere le attivit\u00e0 di Open Arms, senza alcun onere aggiuntivo per il contribuente.<br><br>La scelta di destinare il 5 per mille pu\u00f2 essere effettuata ogni anno insieme alla presentazione della dichiarazione dei redditi.<\/p>\n\n\n\n<figure class=\"wp-block-table is-style-regular ebavs-layout has-small-font-size\" style=\"margin-top:var(--wp--preset--spacing--48);margin-bottom:var(--wp--preset--spacing--48)\"><table class=\"has-fixed-layout\" style=\"border-top-color:var(--wp--preset--color--contrast);border-top-width:1px;border-right-style:none;border-right-width:0px;border-bottom-color:var(--wp--preset--color--gray);border-bottom-width:1px;border-left-style:none;border-left-width:0px\"><thead><tr><th class=\"has-text-align-left\" data-align=\"left\"><strong>REDDITO<\/strong><\/th><th class=\"has-text-align-left\" data-align=\"left\"><strong>5&#215;1000<\/strong><\/th><th class=\"has-text-align-left\" data-align=\"left\"><strong>COSA PUOI FARE<\/strong><\/th><\/tr><\/thead><tbody><tr><td class=\"has-text-align-left\" data-align=\"left\">15.000 \u20ac<\/td><td class=\"has-text-align-left\" data-align=\"left\">17 \u20ac<\/td><td class=\"has-text-align-left\" data-align=\"left\">Fornisci abiti, coperte e cibo a due persone nel tragitto verso la terra ferma.<\/td><\/tr><tr><td class=\"has-text-align-left\" data-align=\"left\">30.000 \u20ac<\/td><td class=\"has-text-align-left\" data-align=\"left\">39 \u20ac<\/td><td class=\"has-text-align-left\" data-align=\"left\">Assicuri giubbotti salvagente a 5 bambini per garantire la loro sicurezza.<\/td><\/tr><tr><td class=\"has-text-align-left\" data-align=\"left\">50.000 \u20ac<\/td><td class=\"has-text-align-left\" data-align=\"left\">77 \u20ac<\/td><td class=\"has-text-align-left\" data-align=\"left\">Permetti di accogliere 9 persone a bordo della nostra imbarcazione e assicurare la sua manutenzione.<\/td><\/tr><\/tbody><\/table><\/figure>\n<\/div>\n<\/div>\n<\/div>\n\n\n\n<hr class=\"wp-block-separator has-text-color has-contrast-color has-alpha-channel-opacity has-contrast-background-color has-background\" style=\"margin-top:var(--wp--preset--spacing--64);margin-bottom:var(--wp--preset--spacing--64)\"\/>\n\n\n\n<div class=\"wp-block-group has-global-padding is-layout-constrained wp-block-group-is-layout-constrained\">\n<div class=\"wp-block-columns alignwide are-vertically-aligned-top is-content-justification-space-between is-layout-flow wp-container-core-columns-is-layout-18577e13 wp-block-columns-is-layout-flow\" style=\"margin-bottom:var(--wp--preset--spacing--60)\">\n<div class=\"wp-block-column is-vertically-aligned-top is-layout-flow wp-block-column-is-layout-flow\" style=\"flex-basis:30%\">\n<h3 class=\"wp-block-heading has-black-color has-text-color\" style=\"margin-top:0;font-size:clamp(1.502rem, 1.502rem + ((1vw - 0.2rem) * 1.181), 2.5rem);\">Entidades colaboradoras<\/h3>\n<\/div>\n\n\n\n<div class=\"wp-block-column is-vertically-aligned-top is-layout-flow wp-block-column-is-layout-flow\" style=\"padding-right:0;padding-left:var(--wp--preset--spacing--40);flex-basis:75%\">\n<p class=\"has-dark-gray-color has-text-color\" style=\"font-family:var(--wp--preset--font-family--dinnextltpro);font-size:clamp(15.747px, 0.984rem + ((1vw - 3.2px) * 0.61), 24px);line-height:1.14em\">Basta firmare nel riquadro del 5&#215;1000 &#8220;Sostegno degli Enti del Terzo settore&#8221; e inserire il codice fiscale di Open Arms 97996290587.<\/p>\n\n\n\n<figure class=\"wp-block-image size-large\"><img loading=\"lazy\" decoding=\"async\" width=\"1024\" height=\"821\" src=\"https:\/\/www.openarms.es\/wp-content\/uploads\/2025\/05\/scelta-per-la-destinazione-1024x821.webp\" alt=\"scelta-per-la-destinazione openarms\" class=\"wp-image-2549\" srcset=\"https:\/\/www.openarms.es\/wp-content\/uploads\/2025\/05\/scelta-per-la-destinazione-1024x821.webp 1024w, https:\/\/www.openarms.es\/wp-content\/uploads\/2025\/05\/scelta-per-la-destinazione-300x241.webp 300w, https:\/\/www.openarms.es\/wp-content\/uploads\/2025\/05\/scelta-per-la-destinazione-768x616.webp 768w, https:\/\/www.openarms.es\/wp-content\/uploads\/2025\/05\/scelta-per-la-destinazione.webp 1536w\" sizes=\"auto, (max-width: 1024px) 100vw, 1024px\" \/><\/figure>\n\n\n\n<p>Se fai la dichiarazione precompilata online, seleziona la voce &#8220;Sostegno del volontariato e delle altre organizzazioni non lucrative e di utilit\u00e0 sociale&#8221; e inserisci nel riquadro il codice fiscale di Open Arms.<\/p>\n<\/div>\n<\/div>\n<\/div>\n<\/div>\n<\/div><\/div>\n","protected":false},"excerpt":{"rendered":"","protected":false},"author":1,"featured_media":8617,"parent":0,"menu_order":0,"comment_status":"closed","ping_status":"closed","template":"page-interior","meta":{"content-type":"","footnotes":""},"class_list":["post-2528","page","type-page","status-publish","has-post-thumbnail","hentry"],"yoast_head":"<!-- This site is optimized with the Yoast SEO plugin v25.9 - https:\/\/yoast.com\/wordpress\/plugins\/seo\/ -->\n<title>5x1000 - Open Arms<\/title>\n<meta name=\"robots\" content=\"index, follow, max-snippet:-1, max-image-preview:large, max-video-preview:-1\" \/>\n<link rel=\"canonical\" href=\"https:\/\/www.openarms.es\/it\/5x1000\" \/>\n<meta property=\"og:locale\" content=\"it_IT\" \/>\n<meta property=\"og:type\" content=\"article\" \/>\n<meta property=\"og:title\" content=\"5x1000 - Open Arms\" \/>\n<meta property=\"og:url\" content=\"https:\/\/www.openarms.es\/it\/5x1000\" \/>\n<meta property=\"og:site_name\" content=\"Open Arms\" \/>\n<meta property=\"article:modified_time\" content=\"2026-04-07T09:51:45+00:00\" \/>\n<meta property=\"og:image\" content=\"https:\/\/www.openarms.es\/wp-content\/uploads\/2026\/04\/HEADER.jpg\" \/>\n\t<meta property=\"og:image:width\" content=\"1600\" \/>\n\t<meta property=\"og:image:height\" content=\"581\" \/>\n\t<meta property=\"og:image:type\" content=\"image\/jpeg\" \/>\n<meta name=\"twitter:card\" content=\"summary_large_image\" \/>\n<meta name=\"twitter:label1\" content=\"Tempo di lettura stimato\" \/>\n\t<meta name=\"twitter:data1\" content=\"2 minuti\" \/>\n<script type=\"application\/ld+json\" class=\"yoast-schema-graph\">{\"@context\":\"https:\/\/schema.org\",\"@graph\":[{\"@type\":\"WebPage\",\"@id\":\"https:\/\/www.openarms.es\/it\/5x1000\",\"url\":\"https:\/\/www.openarms.es\/it\/5x1000\",\"name\":\"5x1000 - Open Arms\",\"isPartOf\":{\"@id\":\"https:\/\/www.openarms.es\/it#website\"},\"primaryImageOfPage\":{\"@id\":\"https:\/\/www.openarms.es\/it\/5x1000#primaryimage\"},\"image\":{\"@id\":\"https:\/\/www.openarms.es\/it\/5x1000#primaryimage\"},\"thumbnailUrl\":\"https:\/\/www.openarms.es\/wp-content\/uploads\/2026\/04\/HEADER.jpg\",\"datePublished\":\"2025-05-05T13:50:19+00:00\",\"dateModified\":\"2026-04-07T09:51:45+00:00\",\"inLanguage\":\"it-IT\",\"potentialAction\":[{\"@type\":\"ReadAction\",\"target\":[\"https:\/\/www.openarms.es\/it\/5x1000\"]}]},{\"@type\":\"ImageObject\",\"inLanguage\":\"it-IT\",\"@id\":\"https:\/\/www.openarms.es\/it\/5x1000#primaryimage\",\"url\":\"https:\/\/www.openarms.es\/wp-content\/uploads\/2026\/04\/HEADER.jpg\",\"contentUrl\":\"https:\/\/www.openarms.es\/wp-content\/uploads\/2026\/04\/HEADER.jpg\",\"width\":1600,\"height\":581},{\"@type\":\"WebSite\",\"@id\":\"https:\/\/www.openarms.es\/it#website\",\"url\":\"https:\/\/www.openarms.es\/it\",\"name\":\"Open Arms\",\"description\":\"\",\"publisher\":{\"@id\":\"https:\/\/www.openarms.es\/it#organization\"},\"potentialAction\":[{\"@type\":\"SearchAction\",\"target\":{\"@type\":\"EntryPoint\",\"urlTemplate\":\"https:\/\/www.openarms.es\/it?s={search_term_string}\"},\"query-input\":{\"@type\":\"PropertyValueSpecification\",\"valueRequired\":true,\"valueName\":\"search_term_string\"}}],\"inLanguage\":\"it-IT\"},{\"@type\":\"Organization\",\"@id\":\"https:\/\/www.openarms.es\/it#organization\",\"name\":\"Open Arms\",\"url\":\"https:\/\/www.openarms.es\/it\",\"logo\":{\"@type\":\"ImageObject\",\"inLanguage\":\"it-IT\",\"@id\":\"https:\/\/www.openarms.es\/it#\/schema\/logo\/image\/\",\"url\":\"https:\/\/www.openarms.es\/wp-content\/uploads\/2025\/03\/BRAND.svg\",\"contentUrl\":\"https:\/\/www.openarms.es\/wp-content\/uploads\/2025\/03\/BRAND.svg\",\"caption\":\"Open Arms\"},\"image\":{\"@id\":\"https:\/\/www.openarms.es\/it#\/schema\/logo\/image\/\"}}]}<\/script>\n<!-- \/ Yoast SEO plugin. -->","yoast_head_json":{"title":"5x1000 - Open Arms","robots":{"index":"index","follow":"follow","max-snippet":"max-snippet:-1","max-image-preview":"max-image-preview:large","max-video-preview":"max-video-preview:-1"},"canonical":"https:\/\/www.openarms.es\/it\/5x1000","og_locale":"it_IT","og_type":"article","og_title":"5x1000 - Open Arms","og_url":"https:\/\/www.openarms.es\/it\/5x1000","og_site_name":"Open Arms","article_modified_time":"2026-04-07T09:51:45+00:00","og_image":[{"width":1600,"height":581,"url":"https:\/\/www.openarms.es\/wp-content\/uploads\/2026\/04\/HEADER.jpg","type":"image\/jpeg"}],"twitter_card":"summary_large_image","twitter_misc":{"Tempo di lettura stimato":"2 minuti"},"schema":{"@context":"https:\/\/schema.org","@graph":[{"@type":"WebPage","@id":"https:\/\/www.openarms.es\/it\/5x1000","url":"https:\/\/www.openarms.es\/it\/5x1000","name":"5x1000 - Open Arms","isPartOf":{"@id":"https:\/\/www.openarms.es\/it#website"},"primaryImageOfPage":{"@id":"https:\/\/www.openarms.es\/it\/5x1000#primaryimage"},"image":{"@id":"https:\/\/www.openarms.es\/it\/5x1000#primaryimage"},"thumbnailUrl":"https:\/\/www.openarms.es\/wp-content\/uploads\/2026\/04\/HEADER.jpg","datePublished":"2025-05-05T13:50:19+00:00","dateModified":"2026-04-07T09:51:45+00:00","inLanguage":"it-IT","potentialAction":[{"@type":"ReadAction","target":["https:\/\/www.openarms.es\/it\/5x1000"]}]},{"@type":"ImageObject","inLanguage":"it-IT","@id":"https:\/\/www.openarms.es\/it\/5x1000#primaryimage","url":"https:\/\/www.openarms.es\/wp-content\/uploads\/2026\/04\/HEADER.jpg","contentUrl":"https:\/\/www.openarms.es\/wp-content\/uploads\/2026\/04\/HEADER.jpg","width":1600,"height":581},{"@type":"WebSite","@id":"https:\/\/www.openarms.es\/it#website","url":"https:\/\/www.openarms.es\/it","name":"Open Arms","description":"","publisher":{"@id":"https:\/\/www.openarms.es\/it#organization"},"potentialAction":[{"@type":"SearchAction","target":{"@type":"EntryPoint","urlTemplate":"https:\/\/www.openarms.es\/it?s={search_term_string}"},"query-input":{"@type":"PropertyValueSpecification","valueRequired":true,"valueName":"search_term_string"}}],"inLanguage":"it-IT"},{"@type":"Organization","@id":"https:\/\/www.openarms.es\/it#organization","name":"Open Arms","url":"https:\/\/www.openarms.es\/it","logo":{"@type":"ImageObject","inLanguage":"it-IT","@id":"https:\/\/www.openarms.es\/it#\/schema\/logo\/image\/","url":"https:\/\/www.openarms.es\/wp-content\/uploads\/2025\/03\/BRAND.svg","contentUrl":"https:\/\/www.openarms.es\/wp-content\/uploads\/2025\/03\/BRAND.svg","caption":"Open Arms"},"image":{"@id":"https:\/\/www.openarms.es\/it#\/schema\/logo\/image\/"}}]}},"_links":{"self":[{"href":"https:\/\/www.openarms.es\/it\/wp-json\/wp\/v2\/pages\/2528","targetHints":{"allow":["GET"]}}],"collection":[{"href":"https:\/\/www.openarms.es\/it\/wp-json\/wp\/v2\/pages"}],"about":[{"href":"https:\/\/www.openarms.es\/it\/wp-json\/wp\/v2\/types\/page"}],"author":[{"embeddable":true,"href":"https:\/\/www.openarms.es\/it\/wp-json\/wp\/v2\/users\/1"}],"replies":[{"embeddable":true,"href":"https:\/\/www.openarms.es\/it\/wp-json\/wp\/v2\/comments?post=2528"}],"version-history":[{"count":10,"href":"https:\/\/www.openarms.es\/it\/wp-json\/wp\/v2\/pages\/2528\/revisions"}],"predecessor-version":[{"id":8624,"href":"https:\/\/www.openarms.es\/it\/wp-json\/wp\/v2\/pages\/2528\/revisions\/8624"}],"wp:featuredmedia":[{"embeddable":true,"href":"https:\/\/www.openarms.es\/it\/wp-json\/wp\/v2\/media\/8617"}],"wp:attachment":[{"href":"https:\/\/www.openarms.es\/it\/wp-json\/wp\/v2\/media?parent=2528"}],"curies":[{"name":"wp","href":"https:\/\/api.w.org\/{rel}","templated":true}]}}