{"id":4527,"date":"2025-04-09T08:48:36","date_gmt":"2025-04-09T08:48:36","guid":{"rendered":"https:\/\/www.openarms.es\/politica-sulla-privacy"},"modified":"2025-06-19T13:43:01","modified_gmt":"2025-06-19T13:43:01","slug":"politica-sulla-privacy","status":"publish","type":"page","link":"https:\/\/www.openarms.es\/it\/politica-sulla-privacy","title":{"rendered":"Politica sulla Privacy"},"content":{"rendered":"\n<div class=\"wp-block-group has-global-padding is-layout-constrained wp-block-group-is-layout-constrained\">\n<div class=\"wp-block-columns alignwide ebavs-space-between is-layout-flex wp-container-core-columns-is-layout-643ced6b wp-block-columns-is-layout-flex\">\n<div class=\"wp-block-column is-layout-flow wp-block-column-is-layout-flow\" style=\"flex-basis:30%\">\n<h2 class=\"wp-block-heading has-contrast-color has-text-color has-medium-large-font-size\" style=\"margin-top:0\">La tua privacy \u00e8 il nostro impegno<\/h2>\n<\/div>\n\n\n\n<div class=\"wp-block-column is-layout-flow wp-block-column-is-layout-flow\" style=\"flex-basis:70%\">\n<h3 class=\"wp-block-heading has-dark-gray-color has-text-color has-link-color has-dinnextltpro-font-family wp-elements-73f0314382307d721d9c27121a81a0d5\">Ambito di applicazione<\/h3>\n\n\n\n<p class=\"has-dark-gray-color has-text-color has-link-color has-small-font-size wp-elements-efea059c76596aa6c0c9105f7dfbe70c\" style=\"line-height:1.14em\"><p data-start=\"57\" data-end=\"306\"><strong data-start=\"57\" data-end=\"100\">FUNDACI\u00d3N PROA (PRO-ACTIVA \u201cOPEN ARMS\u201d)<\/strong> si impegna a proteggere la privacy degli utenti che accedono al sito web indicato di seguito e che ha il seguente indirizzo: <a class=\"\" href=\"https:\/\/www.openarms.es\" target=\"_new\" rel=\"noopener\" data-start=\"226\" data-end=\"276\">https:\/\/www.openarms.es<\/a> (d&#8217;ora in avanti, il \u201cSito\u201d).<\/p><br\/><p data-start=\"308\" data-end=\"415\">I contenuti del Sito sono di propriet\u00e0 o sono gestiti, concessi in licenza o controllati da Fundaci\u00f3n PROA.<\/p><br\/><p data-start=\"417\" data-end=\"1011\">L\u2019utilizzo di questo Sito conferisce la condizione di utente (di seguito, l\u2019\u201cUtente\u201d). L\u2019Utente pu\u00f2 navigare e utilizzare il Sito senza dover fornire alcun dato personale. Gli unici dati personali ai quali Fundaci\u00f3n PROA avr\u00e0 accesso saranno quelli che l\u2019Utente fornir\u00e0 volontariamente tramite i moduli predisposti a tale scopo, oppure contattando Fundaci\u00f3n PROA tramite e-mail o qualsiasi altro mezzo previsto dal Sito. Se i dati personali vengono raccolti tramite cookie, l\u2019Utente sar\u00e0 debitamente informato attraverso la Politica sui Cookie e secondo quanto previsto dalla normativa vigente.<\/p><br\/><p data-start=\"1013\" data-end=\"1396\">Il presente documento espone la nostra politica in merito alla raccolta e all\u2019utilizzo dei dati personali tramite il nostro Sito o dispositivi ausiliari come smartphone o tablet. L\u2019utilizzo del Sito implica l\u2019accettazione da parte dell\u2019Utente delle disposizioni contenute nella presente Informativa sulla Privacy e il trattamento dei suoi dati personali secondo quanto qui stabilito.<\/p><br\/><p data-start=\"1398\" data-end=\"1817\">Si prega di notare che, sebbene sul nostro Sito possano essere presenti link ad altri siti web, la presente Informativa sulla Privacy si applica esclusivamente al Sito e non ai siti di altre societ\u00e0 o organizzazioni ai quali il Sito potrebbe rimandare. Fundaci\u00f3n PROA non controlla n\u00e9 approva i contenuti di siti terzi e non si assume alcuna responsabilit\u00e0 per i contenuti o per le politiche sulla privacy di tali siti.<\/p><\/p>\n\n\n\n<h3 class=\"wp-block-heading has-dark-gray-color has-text-color has-link-color has-dinnextltpro-font-family wp-elements-fe3964870171d4a6a9d2283e62b8277e\" style=\"padding-top:var(--wp--preset--spacing--32)\">Ambito di applicazione<\/h3>\n\n\n\n<p class=\"has-dark-gray-color has-text-color has-small-font-size\" style=\"line-height:1.14em\"><p data-start=\"80\" data-end=\"451\">Fatte le premesse e in conformit\u00e0 a quanto stabilito nel <strong data-start=\"137\" data-end=\"205\">Regolamento (UE) 2016\/679 DEL PARLAMENTO EUROPEO E DEL CONSIGLIO<\/strong> del 27 aprile 2016 relativo alla protezione delle persone fisiche con riguardo al trattamento dei dati personali e alla libera circolazione di tali dati, nonch\u00e9 in conformit\u00e0 alla normativa vigente, procediamo a fornire le seguenti informazioni:<\/p><br\/><p data-start=\"453\" data-end=\"518\"><strong data-start=\"453\" data-end=\"518\">1. Il responsabile del trattamento dei suoi dati personali \u00e8:<\/strong><\/p><br\/><p data-start=\"520\" data-end=\"663\">Fundaci\u00f3n PROA (PRO-ACTIVA \u201cOPEN ARMS\u201d)<br data-start=\"559\" data-end=\"562\"\/>C.I.F. G66752239<br data-start=\"578\" data-end=\"581\"\/>Calle Rector numero 95, piano terra, Badalona, Catalogna (08912)<br data-start=\"645\" data-end=\"648\"\/>T. 93 128 28 30<\/p><br\/><p data-start=\"665\" data-end=\"778\">\u00c8 possibile contattare il Responsabile della Protezione dei Dati (DPO) all\u2019indirizzo e-mail: <strong data-start=\"758\" data-end=\"778\"><a class=\"cursor-pointer\" rel=\"noopener\" data-start=\"760\" data-end=\"776\">info@openarms.es<\/a><\/strong><\/p><br\/><p data-start=\"780\" data-end=\"851\"><strong data-start=\"780\" data-end=\"851\">2. Dati trattati, registro delle attivit\u00e0 di trattamento e finalit\u00e0<\/strong><\/p><br\/><p data-start=\"853\" data-end=\"1342\">Per quanto riguarda il trattamento dei dati personali che ci vengono forniti, o di qualsiasi altro dato che possa essere generato a seguito dell\u2019esecuzione del servizio affidatoci, informiamo che tali dati saranno inseriti nel sistema di trattamento dati di propriet\u00e0 e responsabilit\u00e0 di Fundaci\u00f3n PROA, e che il trattamento di tali dati avverr\u00e0 con espresso consenso dell\u2019interessato, in modo lecito, corretto, trasparente, adeguato, pertinente, limitato, esatto e aggiornato, al fine di:<\/p><br\/><br\/><ul data-start=\"1344\" data-end=\"1439\">&#13;\n \t<li data-start=\"1344\" data-end=\"1406\">&#13;\n<p data-start=\"1346\" data-end=\"1406\">Inviarle informazioni che possano essere di suo interesse.<\/p>&#13;\n<\/li>&#13;\n \t<li data-start=\"1407\" data-end=\"1439\">&#13;\n<p data-start=\"1409\" data-end=\"1439\">Rispondere alle sue richieste.<\/p>&#13;\n<\/li>&#13;\n<\/ul><br\/><p data-start=\"1441\" data-end=\"1604\">Fermo restando l\u2019obbligo di accettare la Newsletter, l\u2019utente presta il proprio consenso espresso a ricevere comunicazioni elettroniche da parte di Fundaci\u00f3n PROA.<\/p><\/p>\n<\/div>\n<\/div>\n<\/div>\n\n<hr class=\"wp-block-separator has-text-color has-contrast-color has-alpha-channel-opacity has-contrast-background-color has-background\" style=\"margin-top:var(--wp--preset--spacing--70);margin-bottom:var(--wp--preset--spacing--70)\"\/>\n\n<div class=\"wp-block-group has-global-padding is-layout-constrained wp-block-group-is-layout-constrained\">\n<div class=\"wp-block-columns alignwide ebavs-space-between is-layout-flex wp-container-core-columns-is-layout-643ced6b wp-block-columns-is-layout-flex\">\n<div class=\"wp-block-column is-layout-flow wp-block-column-is-layout-flow\" style=\"flex-basis:30%\">\n<h2 class=\"wp-block-heading has-contrast-color has-text-color has-medium-large-font-size\" style=\"margin-top:0\">Politica sui cookie<\/h2>\n<\/div>\n\n\n\n<div class=\"wp-block-column is-layout-flow wp-block-column-is-layout-flow\" style=\"flex-basis:70%\">\n<h3 class=\"wp-block-heading has-dark-gray-color has-text-color has-link-color has-dinnextltpro-font-family wp-elements-fc4ca5abe1a68a061bba04914f6adecc\">Che cos\u2019\u00e8 un cookie?<\/h3>\n\n\n\n<p class=\"has-dark-gray-color has-text-color has-link-color has-small-font-size wp-elements-1ba3be9426eb6f36644590db054129d2\" style=\"line-height:1.14em\"><p data-start=\"57\" data-end=\"818\">Un cookie \u00e8 un file che viene scaricato sul suo computer quando accede a determinate pagine web. I cookie consentono a un sito web, tra le altre cose, di memorizzare e recuperare informazioni sulle abitudini di navigazione di un utente o del suo dispositivo e, a seconda delle informazioni contenute e del modo in cui il dispositivo viene utilizzato, possono essere usati per riconoscere l\u2019utente.<br data-start=\"454\" data-end=\"457\"\/>Il browser dell\u2019utente memorizza i cookie sul disco rigido solo durante la sessione corrente, occupando uno spazio minimo e senza danneggiare il computer. I cookie non contengono alcun tipo di informazione personale specifica e la maggior parte di essi viene eliminata dal disco rigido al termine della sessione di navigazione (i cosiddetti cookie di sessione).<\/p><br\/><p data-start=\"820\" data-end=\"1015\">La maggior parte dei browser accetta i cookie come impostazione predefinita e, indipendentemente da questi, consente o impedisce i cookie temporanei o memorizzati nelle impostazioni di sicurezza.<\/p><br\/><p data-start=\"1017\" data-end=\"1224\">Senza il suo consenso \u2014 mediante l\u2019attivazione dei cookie nel browser \u2014 Fundaci\u00f3n PROA non collegher\u00e0 ai cookie i dati memorizzati con i dati personali forniti al momento della registrazione o dell\u2019acquisto.<\/p><\/p>\n\n\n\n<h3 class=\"wp-block-heading has-dark-gray-color has-text-color has-link-color has-dinnextltpro-font-family wp-elements-269bd7ef05b21ed59016fffa502f344a\" style=\"padding-top:var(--wp--preset--spacing--32)\">Perch\u00e9 Fundaci\u00f3n PROA utilizza i cookie?<\/h3>\n\n\n\n<p class=\"has-dark-gray-color has-text-color has-small-font-size\" style=\"line-height:1.14em\">I cookie sono una parte importante del funzionamento del nostro sito web. La funzione principale dei nostri cookie \u00e8 migliorare l\u2019esperienza di navigazione dell\u2019utente. Ad esempio, possono essere utilizzati per ricordare la lingua scelta durante la navigazione e per le visite future.<\/p>\n\n\n\n<h3 class=\"wp-block-heading has-dark-gray-color has-text-color has-link-color has-dinnextltpro-font-family wp-elements-8dc368a97209b66ccca3d13b82aa978e\" style=\"padding-top:var(--wp--preset--spacing--32)\">Quali tipi di cookie esistono?<\/h3>\n\n\n\n<ul class=\"wp-block-list\">\n<li class=\"has-dark-gray-color has-text-color has-link-color has-small-font-size wp-elements-395a2d93d2abc0f31824decbc77c1844\"><strong data-start=\"57\" data-end=\"76\">Cookie tecnici:<\/strong><br data-start=\"76\" data-end=\"79\"\/>Sono quelli che permettono all\u2019utente di navigare su un sito web, una piattaforma o un\u2019applicazione e di utilizzare le diverse opzioni o servizi disponibili, come ad esempio: controllare il traffico e la comunicazione dei dati, identificare la sessione, accedere ad aree ad accesso riservato, ricordare gli elementi che compongono un ordine, effettuare il processo di acquisto di un ordine, inoltrare la richiesta di iscrizione o partecipazione a un evento, utilizzare elementi di sicurezza durante la navigazione, memorizzare contenuti per la diffusione di video o audio o condividere contenuti tramite i social network.<\/li>\n\n\n\n<li class=\"has-dark-gray-color has-text-color has-link-color has-small-font-size wp-elements-afd8919e3071a8d8aa502133346e4fb2\"><strong data-start=\"45\" data-end=\"68\">Cookie di sessione:<\/strong><br data-start=\"68\" data-end=\"71\"\/>Raccolgono e memorizzano dati durante la sessione dell\u2019utente, ad esempio per l\u2019erogazione di un servizio. Vengono eliminati al termine della sessione.<\/li>\n\n\n\n<li class=\"has-dark-gray-color has-text-color has-link-color has-small-font-size wp-elements-c8f26d867d9f66408cb8e430e6f23eda\"><strong data-start=\"45\" data-end=\"77\">Cookie di personalizzazione:<\/strong><br data-start=\"77\" data-end=\"80\"\/>Sono quelli che permettono all\u2019utente di accedere al servizio con alcune caratteristiche generali predefinite in base a una serie di criteri presenti sul terminale dell\u2019utente, come ad esempio la lingua, il tipo di browser attraverso il quale accede al servizio, la configurazione regionale da cui accede al servizio, ecc.<\/li>\n<\/ul>\n<\/div>\n<\/div>\n<\/div>\n\n<hr class=\"wp-block-separator has-text-color has-contrast-color has-alpha-channel-opacity has-contrast-background-color has-background\" style=\"margin-top:var(--wp--preset--spacing--70);margin-bottom:var(--wp--preset--spacing--70)\"\/>\n\n<div class=\"wp-block-group has-global-padding is-layout-constrained wp-block-group-is-layout-constrained\">\n<div class=\"wp-block-columns alignwide ebavs-space-between is-layout-flex wp-container-core-columns-is-layout-643ced6b wp-block-columns-is-layout-flex\">\n<div class=\"wp-block-column is-layout-flow wp-block-column-is-layout-flow\" style=\"flex-basis:30%\">\n<h2 class=\"wp-block-heading has-contrast-color has-text-color has-medium-large-font-size\" style=\"margin-top:0\">Termini e condizioni d\u2019uso<\/h2>\n<\/div>\n\n\n\n<div class=\"wp-block-column is-layout-flow wp-block-column-is-layout-flow\" style=\"flex-basis:70%\">\n<h3 class=\"wp-block-heading has-dark-gray-color has-text-color has-link-color has-dinnextltpro-font-family wp-elements-ffc6f5f68f1568d0af45e343129543f3\">Introduzione<\/h3>\n\n\n\n<p class=\"has-dark-gray-color has-text-color has-link-color has-small-font-size wp-elements-aac5eb36e9a9325fadc0cf81a61832f8\" style=\"line-height:1.14em\"><p data-start=\"57\" data-end=\"269\">Il presente documento, cos\u00ec come quelli in esso menzionati, stabilisce le condizioni che regolano l\u2019utilizzo del seguente sito web (di seguito, le \u201cCondizioni\u201d): <a class=\"\" href=\"https:\/\/www.openarms.es\" target=\"_new\" rel=\"noopener\" data-start=\"219\" data-end=\"269\">https:\/\/www.openarms.es<\/a><\/p><br\/><p data-start=\"271\" data-end=\"767\">La invitiamo a leggere attentamente le presenti Condizioni, la nostra Politica sui Cookie e la nostra Politica sulla Privacy (congiuntamente, le \u201cPolitiche di Protezione dei Dati\u201d) prima di utilizzare questo sito web. Utilizzando questo sito web, l\u2019utente accetta espressamente di essere vincolato da queste Condizioni e dalle nostre Politiche di Protezione dei Dati; pertanto, se non \u00e8 d\u2019accordo con tutte le Condizioni e le Politiche di Protezione dei Dati, non deve utilizzare questo sito web.<\/p><br\/><p data-start=\"769\" data-end=\"918\">Per qualsiasi domanda relativa alle Condizioni o alle Politiche di Protezione dei Dati, \u00e8 possibile contattarci tramite il nostro modulo di contatto.<\/p><br\/><p data-start=\"920\" data-end=\"1059\">Il contratto potr\u00e0 essere formalizzato, a scelta dell\u2019utente, in una delle lingue in cui le Condizioni sono disponibili su questo sito web.<\/p><\/p>\n\n\n\n<ol class=\"wp-block-list\">\n<li class=\"has-dark-gray-color has-text-color has-link-color has-small-font-size wp-elements-02cc74132e9774c9dbd0de9a736aefdd\">El usuario se compromete a utilizar los contenidos en nuestro Sitio Web de conformidad con la Ley y los t\u00e9rminos y condiciones generales y particulares de los servicios que ofrece&nbsp;Fundaci\u00f3n PROA en cada momento, debiendo abstenerse de emplearlos para:\n<ol style=\"list-style-type:lower-alpha\" class=\"wp-block-list has-small-font-size\">\n<li>Svolgere attivit\u00e0 illecite, contrarie alla buona fede, agli usi, alla morale o all\u2019ordine pubblico.<br\/><br\/><\/li>\n\n\n\n<li>Svolgere attivit\u00e0 che costituiscano una violazione della normativa in materia di propriet\u00e0 intellettuale e industriale o di qualsiasi altra norma dell\u2019ordinamento giuridico applicabile.<\/li>\n\n\n\n<li>Riprodurre, duplicare, vendere o sfruttare a fini commerciali qualsiasi contenuto del Sito Web.<\/li>\n\n\n\n<li>Diffondere contenuti di carattere razzista, xenofobo, pornografico, di apologia del terrorismo e\/o che violino i diritti umani.<br\/><br\/><\/li>\n<\/ol>\n<\/li>\n\n\n\n<li class=\"has-dark-gray-color has-text-color has-link-color has-small-font-size wp-elements-92b5d9cbd2cdb4ccf69d0b00672c4445\">Si informa che il Titolare del trattamento \u00e8 la Fondazione:<br data-start=\"116\" data-end=\"119\"\/><strong data-start=\"119\" data-end=\"162\">FUNDACI\u00d3N PROA (PRO-ACTIVA \u201cOPEN ARMS\u201d)<\/strong>, con C.I.F. G66752239, con sede legale in Calle Rector numero 95, piano terra, Badalona, Catalogna (08912), e con indirizzo e-mail <strong data-start=\"294\" data-end=\"314\"><a class=\"cursor-pointer\" rel=\"noopener\" data-start=\"296\" data-end=\"312\">info@openarms.es<\/a><\/strong>, ai fini dell\u2019esercizio dei diritti di accesso, rettifica, cancellazione e opposizione previsti dalla legge.<\/li>\n\n\n\n<li class=\"has-dark-gray-color has-text-color has-link-color has-small-font-size wp-elements-11e444dead5681501f2da7b20aaf3850\">Le nostre raccomandazioni e\/o valutazioni riguardanti i servizi e\/o i contenuti, cos\u00ec come l\u2019annuncio di promozioni, devono essere considerate dall\u2019utente come previsioni formulate in buona fede, senza che possano essere intese come dichiarazioni di fatto n\u00e9 come parte di alcun contratto con l\u2019utente.<\/li>\n<\/ol>\n<\/div>\n<\/div>\n<\/div>\n\n<div class=\"wp-block-group alignwide has-global-padding is-content-justification-center is-layout-constrained wp-container-core-group-is-layout-cfb377b4 wp-block-group-is-layout-constrained\" style=\"min-height:0vh;margin-top:0;margin-bottom:0;padding-top:var(--wp--preset--spacing--70);padding-right:var(--wp--preset--spacing--40);padding-bottom:var(--wp--preset--spacing--70);padding-left:var(--wp--preset--spacing--40)\">\n<div class=\"wp-block-columns are-vertically-aligned-top is-content-justification-center is-layout-flex wp-container-core-columns-is-layout-8c19c11b wp-block-columns-is-layout-flex\">\n<div class=\"wp-block-column is-vertically-aligned-top is-layout-flow wp-block-column-is-layout-flow\" style=\"flex-basis:60%\">\n<div class=\"wp-block-group has-contrast-background-color has-background has-global-padding is-layout-constrained wp-container-core-group-is-layout-a91b9633 wp-block-group-is-layout-constrained\" style=\"border-style:none;border-width:0px;border-radius:32px;padding-top:var(--wp--preset--spacing--40);padding-right:2rem;padding-bottom:var(--wp--preset--spacing--40);padding-left:2rem\">\n<h3 class=\"wp-block-heading has-text-align-center has-base-color has-text-color has-link-color wp-elements-3bfe18b11918e16c90eefec674520aa8\" style=\"margin-right:0;margin-left:0;padding-right:0;padding-left:0;font-size:clamp(1.502rem, 1.502rem + ((1vw - 0.2rem) * 1.181), 2.5rem);line-height:1.15\">Se credi che ogni vita debba essere salvata, impegnati. Insieme, possiamo salvarne molte di pi\u00f9.<\/h3>\n\n\n\n<div class=\"wp-block-buttons is-horizontal is-content-justification-center is-layout-flex wp-container-core-buttons-is-layout-03627597 wp-block-buttons-is-layout-flex\">\n<div class=\"wp-block-button\"><a class=\"wp-block-button__link has-contrast-color has-base-background-color has-text-color has-background has-custom-font-size wp-element-button\" href=\"https:\/\/www.openarms.es\/it\/come-aiutare\/dona-ora\" style=\"padding-top:16px;padding-right:24px;padding-bottom:14px;padding-left:24px;font-size:clamp(14px, 0.875rem + ((1vw - 3.2px) * 0.296), 18px);font-style:normal;font-weight:700\">DONA ORA<\/a><\/div>\n<\/div>\n<\/div>\n<\/div>\n<\/div>\n<\/div>\n","protected":false},"excerpt":{"rendered":"<p>La tua privacy \u00e8 il nostro impegno Ambito di applicazione FUNDACI\u00d3N PROA (PRO-ACTIVA \u201cOPEN ARMS\u201d) si impegna a proteggere la privacy degli utenti che accedono al sito web indicato di seguito e che ha il seguente indirizzo: https:\/\/www.openarms.es (d&#8217;ora in avanti, il \u201cSito\u201d). I contenuti del Sito sono di propriet\u00e0 o sono gestiti, concessi in [&hellip;]<\/p>\n","protected":false},"author":1,"featured_media":0,"parent":0,"menu_order":0,"comment_status":"closed","ping_status":"closed","template":"","meta":{"content-type":"","footnotes":""},"class_list":["post-4527","page","type-page","status-publish","hentry"],"yoast_head":"<!-- This site is optimized with the Yoast SEO plugin v25.9 - https:\/\/yoast.com\/wordpress\/plugins\/seo\/ -->\n<title>Politica sulla Privacy e Utilizzo del Sito Web | Open Arms<\/title>\n<meta name=\"description\" content=\"Consulta la politica sulla privacy, l\u2019utilizzo dei dati, i cookie e le condizioni legali applicabili all\u2019uso del sito ufficiale di Open Arms.\" \/>\n<meta name=\"robots\" content=\"index, follow, max-snippet:-1, max-image-preview:large, max-video-preview:-1\" \/>\n<link rel=\"canonical\" href=\"https:\/\/www.openarms.es\/it\/politica-sulla-privacy\" \/>\n<meta property=\"og:locale\" content=\"it_IT\" \/>\n<meta property=\"og:type\" content=\"article\" \/>\n<meta property=\"og:title\" content=\"Politica sulla Privacy e Utilizzo del Sito Web | Open Arms\" \/>\n<meta property=\"og:description\" content=\"Consulta la politica sulla privacy, l\u2019utilizzo dei dati, i cookie e le condizioni legali applicabili all\u2019uso del sito ufficiale di Open Arms.\" \/>\n<meta property=\"og:url\" content=\"https:\/\/www.openarms.es\/it\/politica-sulla-privacy\" \/>\n<meta property=\"og:site_name\" content=\"Open Arms\" \/>\n<meta property=\"article:modified_time\" content=\"2025-06-19T13:43:01+00:00\" \/>\n<meta name=\"twitter:card\" content=\"summary_large_image\" \/>\n<meta name=\"twitter:label1\" content=\"Tempo di lettura stimato\" \/>\n\t<meta name=\"twitter:data1\" content=\"7 minuti\" \/>\n<script type=\"application\/ld+json\" class=\"yoast-schema-graph\">{\"@context\":\"https:\/\/schema.org\",\"@graph\":[{\"@type\":\"WebPage\",\"@id\":\"https:\/\/www.openarms.es\/it\/politica-sulla-privacy\",\"url\":\"https:\/\/www.openarms.es\/it\/politica-sulla-privacy\",\"name\":\"Politica sulla Privacy e Utilizzo del Sito Web | Open Arms\",\"isPartOf\":{\"@id\":\"https:\/\/www.openarms.es\/it#website\"},\"datePublished\":\"2025-04-09T08:48:36+00:00\",\"dateModified\":\"2025-06-19T13:43:01+00:00\",\"description\":\"Consulta la politica sulla privacy, l\u2019utilizzo dei dati, i cookie e le condizioni legali applicabili all\u2019uso del sito ufficiale di Open Arms.\",\"inLanguage\":\"it-IT\",\"potentialAction\":[{\"@type\":\"ReadAction\",\"target\":[\"https:\/\/www.openarms.es\/it\/politica-sulla-privacy\"]}]},{\"@type\":\"WebSite\",\"@id\":\"https:\/\/www.openarms.es\/it#website\",\"url\":\"https:\/\/www.openarms.es\/it\",\"name\":\"Open Arms\",\"description\":\"\",\"publisher\":{\"@id\":\"https:\/\/www.openarms.es\/it#organization\"},\"potentialAction\":[{\"@type\":\"SearchAction\",\"target\":{\"@type\":\"EntryPoint\",\"urlTemplate\":\"https:\/\/www.openarms.es\/it?s={search_term_string}\"},\"query-input\":{\"@type\":\"PropertyValueSpecification\",\"valueRequired\":true,\"valueName\":\"search_term_string\"}}],\"inLanguage\":\"it-IT\"},{\"@type\":\"Organization\",\"@id\":\"https:\/\/www.openarms.es\/it#organization\",\"name\":\"Open Arms\",\"url\":\"https:\/\/www.openarms.es\/it\",\"logo\":{\"@type\":\"ImageObject\",\"inLanguage\":\"it-IT\",\"@id\":\"https:\/\/www.openarms.es\/it#\/schema\/logo\/image\/\",\"url\":\"https:\/\/www.openarms.es\/wp-content\/uploads\/2025\/03\/BRAND.svg\",\"contentUrl\":\"https:\/\/www.openarms.es\/wp-content\/uploads\/2025\/03\/BRAND.svg\",\"caption\":\"Open Arms\"},\"image\":{\"@id\":\"https:\/\/www.openarms.es\/it#\/schema\/logo\/image\/\"}}]}<\/script>\n<!-- \/ Yoast SEO plugin. -->","yoast_head_json":{"title":"Politica sulla Privacy e Utilizzo del Sito Web | Open Arms","description":"Consulta la politica sulla privacy, l\u2019utilizzo dei dati, i cookie e le condizioni legali applicabili all\u2019uso del sito ufficiale di Open Arms.","robots":{"index":"index","follow":"follow","max-snippet":"max-snippet:-1","max-image-preview":"max-image-preview:large","max-video-preview":"max-video-preview:-1"},"canonical":"https:\/\/www.openarms.es\/it\/politica-sulla-privacy","og_locale":"it_IT","og_type":"article","og_title":"Politica sulla Privacy e Utilizzo del Sito Web | Open Arms","og_description":"Consulta la politica sulla privacy, l\u2019utilizzo dei dati, i cookie e le condizioni legali applicabili all\u2019uso del sito ufficiale di Open Arms.","og_url":"https:\/\/www.openarms.es\/it\/politica-sulla-privacy","og_site_name":"Open Arms","article_modified_time":"2025-06-19T13:43:01+00:00","twitter_card":"summary_large_image","twitter_misc":{"Tempo di lettura stimato":"7 minuti"},"schema":{"@context":"https:\/\/schema.org","@graph":[{"@type":"WebPage","@id":"https:\/\/www.openarms.es\/it\/politica-sulla-privacy","url":"https:\/\/www.openarms.es\/it\/politica-sulla-privacy","name":"Politica sulla Privacy e Utilizzo del Sito Web | Open Arms","isPartOf":{"@id":"https:\/\/www.openarms.es\/it#website"},"datePublished":"2025-04-09T08:48:36+00:00","dateModified":"2025-06-19T13:43:01+00:00","description":"Consulta la politica sulla privacy, l\u2019utilizzo dei dati, i cookie e le condizioni legali applicabili all\u2019uso del sito ufficiale di Open Arms.","inLanguage":"it-IT","potentialAction":[{"@type":"ReadAction","target":["https:\/\/www.openarms.es\/it\/politica-sulla-privacy"]}]},{"@type":"WebSite","@id":"https:\/\/www.openarms.es\/it#website","url":"https:\/\/www.openarms.es\/it","name":"Open Arms","description":"","publisher":{"@id":"https:\/\/www.openarms.es\/it#organization"},"potentialAction":[{"@type":"SearchAction","target":{"@type":"EntryPoint","urlTemplate":"https:\/\/www.openarms.es\/it?s={search_term_string}"},"query-input":{"@type":"PropertyValueSpecification","valueRequired":true,"valueName":"search_term_string"}}],"inLanguage":"it-IT"},{"@type":"Organization","@id":"https:\/\/www.openarms.es\/it#organization","name":"Open Arms","url":"https:\/\/www.openarms.es\/it","logo":{"@type":"ImageObject","inLanguage":"it-IT","@id":"https:\/\/www.openarms.es\/it#\/schema\/logo\/image\/","url":"https:\/\/www.openarms.es\/wp-content\/uploads\/2025\/03\/BRAND.svg","contentUrl":"https:\/\/www.openarms.es\/wp-content\/uploads\/2025\/03\/BRAND.svg","caption":"Open Arms"},"image":{"@id":"https:\/\/www.openarms.es\/it#\/schema\/logo\/image\/"}}]}},"_links":{"self":[{"href":"https:\/\/www.openarms.es\/it\/wp-json\/wp\/v2\/pages\/4527","targetHints":{"allow":["GET"]}}],"collection":[{"href":"https:\/\/www.openarms.es\/it\/wp-json\/wp\/v2\/pages"}],"about":[{"href":"https:\/\/www.openarms.es\/it\/wp-json\/wp\/v2\/types\/page"}],"author":[{"embeddable":true,"href":"https:\/\/www.openarms.es\/it\/wp-json\/wp\/v2\/users\/1"}],"replies":[{"embeddable":true,"href":"https:\/\/www.openarms.es\/it\/wp-json\/wp\/v2\/comments?post=4527"}],"version-history":[{"count":4,"href":"https:\/\/www.openarms.es\/it\/wp-json\/wp\/v2\/pages\/4527\/revisions"}],"predecessor-version":[{"id":6501,"href":"https:\/\/www.openarms.es\/it\/wp-json\/wp\/v2\/pages\/4527\/revisions\/6501"}],"wp:attachment":[{"href":"https:\/\/www.openarms.es\/it\/wp-json\/wp\/v2\/media?parent=4527"}],"curies":[{"name":"wp","href":"https:\/\/api.w.org\/{rel}","templated":true}]}}