{"id":5432,"date":"2025-03-27T09:45:06","date_gmt":"2025-03-27T09:45:06","guid":{"rendered":"https:\/\/www.openarms.es\/chi-siamo\/gli-inizi-lesbos"},"modified":"2025-06-20T09:28:57","modified_gmt":"2025-06-20T09:28:57","slug":"gli-inizi-lesbos","status":"publish","type":"page","link":"https:\/\/www.openarms.es\/it\/chi-siamo\/gli-inizi-lesbos","title":{"rendered":"Gli inizi (LESBOS)"},"content":{"rendered":"\n<div class=\"wp-block-cover alignfull ebavs-header-hero-interior\" style=\"min-height:40rem;aspect-ratio:unset;\"><img loading=\"lazy\" decoding=\"async\" width=\"1772\" height=\"1181\" class=\"wp-block-cover__image-background wp-image-483\" alt=\"\" src=\"https:\/\/www.openarms.es\/wp-content\/uploads\/2025\/03\/openarms-inicios-lesbos.webp\" data-object-fit=\"cover\" srcset=\"https:\/\/www.openarms.es\/wp-content\/uploads\/2025\/03\/openarms-inicios-lesbos.webp 1772w, https:\/\/www.openarms.es\/wp-content\/uploads\/2025\/03\/openarms-inicios-lesbos-300x200.webp 300w, https:\/\/www.openarms.es\/wp-content\/uploads\/2025\/03\/openarms-inicios-lesbos-1024x682.webp 1024w, https:\/\/www.openarms.es\/wp-content\/uploads\/2025\/03\/openarms-inicios-lesbos-768x512.webp 768w, https:\/\/www.openarms.es\/wp-content\/uploads\/2025\/03\/openarms-inicios-lesbos-1536x1024.webp 1536w\" sizes=\"auto, (max-width: 1772px) 100vw, 1772px\" \/><span aria-hidden=\"true\" class=\"wp-block-cover__background has-black-background-color has-background-dim\"><\/span><div class=\"wp-block-cover__inner-container is-layout-flow wp-block-cover-is-layout-flow\">\n<div class=\"wp-block-group alignwide has-global-padding is-layout-constrained wp-container-core-group-is-layout-a8a8a09e wp-block-group-is-layout-constrained\" style=\"margin-top:auto;margin-bottom:auto;padding-right:0;padding-left:0\">\n<div class=\"wp-block-group has-global-padding is-content-justification-left is-layout-constrained wp-container-core-group-is-layout-b58f3518 wp-block-group-is-layout-constrained\">\n<p class=\"has-text-align-left has-base-color has-text-color has-large-font-size\" style=\"font-family:var(--wp--preset--font-family--dinnextltpro)\">CHI SIAMO<\/p>\n\n\n\n<h1 class=\"wp-block-heading has-text-align-left has-base-color has-text-color has-xx-large-font-size\" style=\"margin-top:0;margin-bottom:0\">Gli inizi (Lesbos)<\/h1>\n\n\n\n<p class=\"has-base-color has-text-color has-link-color wp-elements-66d7aa2a09fa14a9e876f0a76abbcc78\" style=\"margin-top:0;margin-bottom:0\">Se anche tu hai sentito l&#8217;immagine del piccolo Alan Kurdi, sei uno di noi.<\/p>\n\n\n\n<div class=\"wp-block-buttons is-content-justification-left is-layout-flex wp-container-core-buttons-is-layout-fc4fd283 wp-block-buttons-is-layout-flex\">\n<div class=\"wp-block-button\"><a class=\"wp-block-button__link has-contrast-color has-base-background-color has-text-color has-background has-dinnextltpro-font-family has-custom-font-size wp-element-button\" href=\"https:\/\/help.openarms.es\/miembro-openarms\/?lang=it\" style=\"padding-top:16px;padding-right:24px;padding-bottom:14px;padding-left:24px;font-size:clamp(0.875rem, 0.875rem + ((1vw - 0.2rem) * 0.302), 1.13rem);font-style:normal;font-weight:700;line-height:1;text-transform:uppercase\" target=\"_blank\" rel=\"noreferrer noopener\">Diventa Membro<\/a><\/div>\n<\/div>\n<\/div>\n<\/div>\n<\/div><\/div>\n\n<div class=\"wp-block-cover alignfull is-light has-parallax\" style=\"margin-top:0;margin-bottom:0;padding-top:0;padding-right:0;padding-bottom:0;padding-left:0\"><div class=\"wp-block-cover__image-background wp-image-999 has-parallax\" style=\"background-position:50% 50%;background-image:url(https:\/\/www.openarms.es\/wp-content\/themes\/openarms\/assets\/images\/openarms-texture.webp)\"><\/div><span aria-hidden=\"true\" class=\"wp-block-cover__background has-base-background-color has-background-dim-80 has-background-dim\"><\/span><div class=\"wp-block-cover__inner-container is-layout-flow wp-block-cover-is-layout-flow\">\n<div class=\"wp-block-group has-global-padding is-layout-constrained wp-block-group-is-layout-constrained\" style=\"margin-top:1rem\"><div class=\"yoast-breadcrumbs\"><span><span><a href=\"https:\/\/www.openarms.es\/it\/chi-siamo\">Chi siamo<\/a><\/span> &gt; <span class=\"breadcrumb_last\" aria-current=\"page\">Gli inizi (LESBOS)<\/span><\/span><\/div>\n\n\n<hr class=\"wp-block-separator has-text-color has-gray-color has-alpha-channel-opacity has-gray-background-color has-background is-style-default\" style=\"margin-top:1rem;margin-bottom:4rem\"\/>\n<\/div>\n\n\n\n<div class=\"wp-block-group has-global-padding is-layout-constrained wp-block-group-is-layout-constrained\">\n<div class=\"wp-block-group has-global-padding is-layout-constrained wp-block-group-is-layout-constrained\">\n<div class=\"wp-block-columns alignwide ebavs-space-between is-layout-flex wp-container-core-columns-is-layout-643ced6b wp-block-columns-is-layout-flex\">\n<div class=\"wp-block-column is-layout-flow wp-block-column-is-layout-flow\" style=\"flex-basis:33%\">\n<h2 class=\"wp-block-heading has-contrast-color has-text-color has-x-large-font-size\" style=\"margin-top:0\">La nostra prima missione: Lesbos<\/h2>\n<\/div>\n\n\n\n<div class=\"wp-block-column is-layout-flow wp-block-column-is-layout-flow\" style=\"flex-basis:50%\">\n<p class=\"has-dark-gray-color has-text-color has-medium-font-size\" style=\"line-height:1.14em\">A settembre 2015, facevamo i bagnini da anni. Ma la foto del piccolo Alan Kurdi annegato su una spiaggia ci ha spinto a recarci urgentemente a Lesbo per aiutare centinaia di rifugiati siriani e persone provenienti da altri paesi come l&#8217;Afghanistan e l&#8217;Iraq, in fuga da guerre e conflitti.<br\/><br\/>Siamo arrivati \u200b\u200bsulla costa greca con 15.000 euro di tasca nostra. Li abbiamo investiti in operazioni di soccorso per un mese. Siamo riusciti a proteggere pi\u00f9 di 20 imbarcazioni al giorno, con circa 60 persone a bordo, inclusi anziani e bambini. Quando siamo partiti, non ci aspettavamo di ricevere donazioni, ma poi hanno iniziato ad arrivare.<\/p>\n<\/div>\n<\/div>\n<\/div>\n\n\n\n<figure class=\"wp-block-image aligncenter size-large is-resized has-custom-border h-lesbos\" style=\"margin-top:3rem;margin-bottom:4rem\"><img loading=\"lazy\" decoding=\"async\" width=\"1024\" height=\"683\" src=\"https:\/\/www.openarms.es\/wp-content\/uploads\/2025\/06\/lesbos-image-02-1024x683.jpg\" alt=\"Soccorso a braccia aperte di Lesbos\" class=\"wp-image-4667\" style=\"border-style:none;border-width:0px;border-radius:16px;aspect-ratio:16\/9;object-fit:cover;width:auto;height:600px\" srcset=\"https:\/\/www.openarms.es\/wp-content\/uploads\/2025\/06\/lesbos-image-02-1024x683.jpg 1024w, https:\/\/www.openarms.es\/wp-content\/uploads\/2025\/06\/lesbos-image-02-300x200.jpg 300w, https:\/\/www.openarms.es\/wp-content\/uploads\/2025\/06\/lesbos-image-02-768x512.jpg 768w, https:\/\/www.openarms.es\/wp-content\/uploads\/2025\/06\/lesbos-image-02-1536x1024.jpg 1536w, https:\/\/www.openarms.es\/wp-content\/uploads\/2025\/06\/lesbos-image-02.jpg 1920w\" sizes=\"auto, (max-width: 1024px) 100vw, 1024px\" \/><\/figure>\n\n\n\n<hr class=\"wp-block-separator has-text-color has-contrast-color has-alpha-channel-opacity has-contrast-background-color has-background is-style-wide is-style-wide--1\" style=\"margin-top:4rem;margin-bottom:4rem\"\/>\n\n\n\n<div class=\"wp-block-group has-global-padding is-layout-constrained wp-block-group-is-layout-constrained\">\n<div class=\"wp-block-columns alignwide ebavs-space-between is-layout-flex wp-container-core-columns-is-layout-643ced6b wp-block-columns-is-layout-flex\">\n<div class=\"wp-block-column is-layout-flow wp-block-column-is-layout-flow\" style=\"flex-basis:30%\">\n<h3 class=\"wp-block-heading has-dinnextltpro-font-family\">Cosa abbiamo ottenuto?<\/h3>\n<\/div>\n\n\n\n<div class=\"wp-block-column is-layout-flow wp-block-column-is-layout-flow\" style=\"flex-basis:70%\">\n<p class=\"has-dark-gray-color has-text-color has-small-font-size\" style=\"line-height:1.14em\">Da settembre 2015 a marzo 2016, data dell\u2019accordo tra Unione Europea e Turchia per la chiusura della rotta migratoria di Lesbo, abbiamo ottenuto:<\/p>\n\n\n\n<div class=\"wp-block-columns is-layout-flex wp-container-core-columns-is-layout-b0bab6eb wp-block-columns-is-layout-flex\" style=\"margin-top:var(--wp--preset--spacing--40);margin-bottom:var(--wp--preset--spacing--40)\">\n<div class=\"wp-block-column is-layout-flow wp-block-column-is-layout-flow\">\n<p class=\"has-contrast-color has-text-color has-link-color has-pfdinstencil-font-family wp-elements-16d17477672cdae35a1df8bad9d2ae0c\" style=\"font-size:clamp(1.743rem, 1.743rem + ((1vw - 0.2rem) * 1.488), 3rem);\">143.358<\/p>\n\n\n\n<p>le persone aiutarono a raggiungere la costa<\/p>\n<\/div>\n\n\n\n<div class=\"wp-block-column is-layout-flow wp-block-column-is-layout-flow\">\n<p class=\"has-contrast-color has-text-color has-link-color has-pfdinstencil-font-family wp-elements-c24d3dc2495028e132e3cb12e16972a8\" style=\"font-size:clamp(1.743rem, 1.743rem + ((1vw - 0.2rem) * 1.488), 3rem);\">10.273<\/p>\n\n\n\n<p style=\"padding-top:0;padding-bottom:0\">persone salvate alla deriva<\/p>\n<\/div>\n<\/div>\n\n\n\n<div class=\"wp-block-columns is-layout-flex wp-container-core-columns-is-layout-b0bab6eb wp-block-columns-is-layout-flex\" style=\"margin-top:var(--wp--preset--spacing--40);margin-bottom:var(--wp--preset--spacing--40)\">\n<div class=\"wp-block-column is-layout-flow wp-block-column-is-layout-flow\">\n<p class=\"has-contrast-color has-text-color has-link-color has-pfdinstencil-font-family wp-elements-2ecb9e999b03045356e79b707099f3f6\" style=\"font-size:clamp(1.743rem, 1.743rem + ((1vw - 0.2rem) * 1.488), 3rem);\">9.067<\/p>\n\n\n\n<p>persone salvate sulle scogliere<\/p>\n<\/div>\n\n\n\n<div class=\"wp-block-column is-layout-flow wp-block-column-is-layout-flow\">\n<p class=\"has-contrast-color has-text-color has-link-color has-pfdinstencil-font-family wp-elements-b450c8c55ded787f69773dc603f4ee20\" style=\"font-size:clamp(1.743rem, 1.743rem + ((1vw - 0.2rem) * 1.488), 3rem);\">475<\/p>\n\n\n\n<p>persone salvate dall&#8217;acqua ad alto rischio di annegamento.<\/p>\n<\/div>\n<\/div>\n<\/div>\n<\/div>\n<\/div>\n\n\n\n<hr class=\"wp-block-separator has-text-color has-contrast-color has-alpha-channel-opacity has-contrast-background-color has-background is-style-wide is-style-wide--2\" style=\"margin-top:4rem;margin-bottom:4rem\"\/>\n\n\n\n<div class=\"wp-block-group has-global-padding is-layout-constrained wp-block-group-is-layout-constrained\">\n<div class=\"wp-block-columns alignwide ebavs-space-between is-layout-flex wp-container-core-columns-is-layout-643ced6b wp-block-columns-is-layout-flex\">\n<div class=\"wp-block-column is-layout-flow wp-block-column-is-layout-flow\" style=\"flex-basis:30%\">\n<h3 class=\"wp-block-heading has-dinnextltpro-font-family\">Ampliamo il nostro raggio d&#8217;azione<\/h3>\n<\/div>\n\n\n\n<div class=\"wp-block-column is-layout-flow wp-block-column-is-layout-flow\" style=\"flex-basis:70%\">\n<p class=\"has-dark-gray-color has-text-color has-small-font-size\" style=\"line-height:1.14em\">Con l&#8217;accordo tra Europa e Turchia, la rotta migratoria attraverso Lesbo \u00e8 stata chiusa. Ci\u00f2 ha portato alla creazione di nuove rotte, pi\u00f9 lunghe e pericolose, nel Mediterraneo. Pertanto, data la mancanza di interventi da parte delle fonti ufficiali, abbiamo deciso di espandere la nostra base nel <a href=\"https:\/\/www.openarms.es\/it\/que-hacemos\/misiones\/mediterraneo\">Mediterraneo Centrale<\/a>. Ad oggi, abbiamo salvato pi\u00f9 di 70.000 vite in diverse parti del mondo.<\/p>\n<\/div>\n<\/div>\n<\/div>\n<\/div>\n\n\n\n<div class=\"wp-block-group alignfull has-global-padding is-layout-constrained wp-block-group-is-layout-constrained\" style=\"min-height:0vh;margin-top:0;margin-bottom:0;padding-top:var(--wp--preset--spacing--70);padding-bottom:var(--wp--preset--spacing--70)\">\n<div class=\"wp-block-columns are-vertically-aligned-top is-content-justification-center is-layout-flex wp-container-core-columns-is-layout-8c19c11b wp-block-columns-is-layout-flex\">\n<div class=\"wp-block-column is-vertically-aligned-top is-layout-flow wp-block-column-is-layout-flow\" style=\"flex-basis:60%\">\n<div class=\"wp-block-group has-contrast-background-color has-background has-global-padding is-layout-constrained wp-container-core-group-is-layout-a91b9633 wp-block-group-is-layout-constrained\" style=\"border-style:none;border-width:0px;border-radius:32px;padding-top:var(--wp--preset--spacing--40);padding-right:2rem;padding-bottom:var(--wp--preset--spacing--40);padding-left:2rem\">\n<h3 class=\"wp-block-heading has-text-align-center has-base-color has-text-color has-link-color wp-elements-3bfe18b11918e16c90eefec674520aa8\" style=\"margin-right:0;margin-left:0;padding-right:0;padding-left:0;font-size:clamp(1.502rem, 1.502rem + ((1vw - 0.2rem) * 1.181), 2.5rem);line-height:1.15\">Se credi che ogni vita debba essere salvata, impegnati. Insieme, possiamo salvarne molte di pi\u00f9.<\/h3>\n\n\n\n<div class=\"wp-block-buttons is-horizontal is-content-justification-center is-layout-flex wp-container-core-buttons-is-layout-03627597 wp-block-buttons-is-layout-flex\">\n<div class=\"wp-block-button\"><a class=\"wp-block-button__link has-contrast-color has-base-background-color has-text-color has-background has-custom-font-size wp-element-button\" href=\"https:\/\/www.openarms.es\/it\/come-aiutare\/dona-ora\" style=\"padding-top:16px;padding-right:24px;padding-bottom:14px;padding-left:24px;font-size:clamp(14px, 0.875rem + ((1vw - 3.2px) * 0.296), 18px);font-style:normal;font-weight:700\">DONA ORA<\/a><\/div>\n<\/div>\n<\/div>\n<\/div>\n<\/div>\n<\/div>\n<\/div><\/div>\n","protected":false},"excerpt":{"rendered":"","protected":false},"author":1,"featured_media":3284,"parent":5070,"menu_order":0,"comment_status":"closed","ping_status":"closed","template":"page-interior","meta":{"content-type":"","footnotes":""},"class_list":["post-5432","page","type-page","status-publish","has-post-thumbnail","hentry"],"yoast_head":"<!-- This site is optimized with the Yoast SEO plugin v25.9 - https:\/\/yoast.com\/wordpress\/plugins\/seo\/ -->\n<title>Gli inizi a Lesbo: prima missione di salvataggio | Open Arms<\/title>\n<meta name=\"description\" content=\"Tutto \u00e8 iniziato a Lesbo nel 2015. Open Arms ha salvato migliaia di persone seguendo l&#039;esempio di Alan Kurdi. Cos\u00ec \u00e8 nata la nostra missione: proteggere vite umane.\" \/>\n<meta name=\"robots\" content=\"index, follow, max-snippet:-1, max-image-preview:large, max-video-preview:-1\" \/>\n<link rel=\"canonical\" href=\"https:\/\/www.openarms.es\/it\/chi-siamo\/gli-inizi-lesbos\" \/>\n<meta property=\"og:locale\" content=\"it_IT\" \/>\n<meta property=\"og:type\" content=\"article\" \/>\n<meta property=\"og:title\" content=\"Gli inizi a Lesbo: prima missione di salvataggio | Open Arms\" \/>\n<meta property=\"og:description\" content=\"Tutto \u00e8 iniziato a Lesbo nel 2015. Open Arms ha salvato migliaia di persone seguendo l&#039;esempio di Alan Kurdi. Cos\u00ec \u00e8 nata la nostra missione: proteggere vite umane.\" \/>\n<meta property=\"og:url\" content=\"https:\/\/www.openarms.es\/it\/chi-siamo\/gli-inizi-lesbos\" \/>\n<meta property=\"og:site_name\" content=\"Open Arms\" \/>\n<meta property=\"article:modified_time\" content=\"2025-06-20T09:28:57+00:00\" \/>\n<meta property=\"og:image\" content=\"https:\/\/www.openarms.es\/wp-content\/uploads\/2025\/03\/openarms-inicios-lesbos.webp\" \/>\n\t<meta property=\"og:image:width\" content=\"1772\" \/>\n\t<meta property=\"og:image:height\" content=\"1181\" \/>\n\t<meta property=\"og:image:type\" content=\"image\/webp\" \/>\n<meta name=\"twitter:card\" content=\"summary_large_image\" \/>\n<meta name=\"twitter:label1\" content=\"Tempo di lettura stimato\" \/>\n\t<meta name=\"twitter:data1\" content=\"1 minuto\" \/>\n<script type=\"application\/ld+json\" class=\"yoast-schema-graph\">{\"@context\":\"https:\/\/schema.org\",\"@graph\":[{\"@type\":\"WebPage\",\"@id\":\"https:\/\/www.openarms.es\/it\/chi-siamo\/gli-inizi-lesbos\",\"url\":\"https:\/\/www.openarms.es\/it\/chi-siamo\/gli-inizi-lesbos\",\"name\":\"Gli inizi a Lesbo: prima missione di salvataggio | Open Arms\",\"isPartOf\":{\"@id\":\"https:\/\/www.openarms.es\/it#website\"},\"primaryImageOfPage\":{\"@id\":\"https:\/\/www.openarms.es\/it\/chi-siamo\/gli-inizi-lesbos#primaryimage\"},\"image\":{\"@id\":\"https:\/\/www.openarms.es\/it\/chi-siamo\/gli-inizi-lesbos#primaryimage\"},\"thumbnailUrl\":\"https:\/\/www.openarms.es\/wp-content\/uploads\/2025\/03\/openarms-inicios-lesbos.webp\",\"datePublished\":\"2025-03-27T09:45:06+00:00\",\"dateModified\":\"2025-06-20T09:28:57+00:00\",\"description\":\"Tutto \u00e8 iniziato a Lesbo nel 2015. Open Arms ha salvato migliaia di persone seguendo l'esempio di Alan Kurdi. Cos\u00ec \u00e8 nata la nostra missione: proteggere vite umane.\",\"breadcrumb\":{\"@id\":\"https:\/\/www.openarms.es\/it\/chi-siamo\/gli-inizi-lesbos#breadcrumb\"},\"inLanguage\":\"it-IT\",\"potentialAction\":[{\"@type\":\"ReadAction\",\"target\":[\"https:\/\/www.openarms.es\/it\/chi-siamo\/gli-inizi-lesbos\"]}]},{\"@type\":\"ImageObject\",\"inLanguage\":\"it-IT\",\"@id\":\"https:\/\/www.openarms.es\/it\/chi-siamo\/gli-inizi-lesbos#primaryimage\",\"url\":\"https:\/\/www.openarms.es\/wp-content\/uploads\/2025\/03\/openarms-inicios-lesbos.webp\",\"contentUrl\":\"https:\/\/www.openarms.es\/wp-content\/uploads\/2025\/03\/openarms-inicios-lesbos.webp\",\"width\":1772,\"height\":1181,\"caption\":\"Open Arms Inicios Lesbos Salvamento\"},{\"@type\":\"BreadcrumbList\",\"@id\":\"https:\/\/www.openarms.es\/it\/chi-siamo\/gli-inizi-lesbos#breadcrumb\",\"itemListElement\":[{\"@type\":\"ListItem\",\"position\":1,\"name\":\"Chi siamo\",\"item\":\"https:\/\/www.openarms.es\/it\/chi-siamo\"},{\"@type\":\"ListItem\",\"position\":2,\"name\":\"Gli inizi (LESBOS)\"}]},{\"@type\":\"WebSite\",\"@id\":\"https:\/\/www.openarms.es\/it#website\",\"url\":\"https:\/\/www.openarms.es\/it\",\"name\":\"Open Arms\",\"description\":\"\",\"publisher\":{\"@id\":\"https:\/\/www.openarms.es\/it#organization\"},\"potentialAction\":[{\"@type\":\"SearchAction\",\"target\":{\"@type\":\"EntryPoint\",\"urlTemplate\":\"https:\/\/www.openarms.es\/it?s={search_term_string}\"},\"query-input\":{\"@type\":\"PropertyValueSpecification\",\"valueRequired\":true,\"valueName\":\"search_term_string\"}}],\"inLanguage\":\"it-IT\"},{\"@type\":\"Organization\",\"@id\":\"https:\/\/www.openarms.es\/it#organization\",\"name\":\"Open Arms\",\"url\":\"https:\/\/www.openarms.es\/it\",\"logo\":{\"@type\":\"ImageObject\",\"inLanguage\":\"it-IT\",\"@id\":\"https:\/\/www.openarms.es\/it#\/schema\/logo\/image\/\",\"url\":\"https:\/\/www.openarms.es\/wp-content\/uploads\/2025\/03\/BRAND.svg\",\"contentUrl\":\"https:\/\/www.openarms.es\/wp-content\/uploads\/2025\/03\/BRAND.svg\",\"caption\":\"Open Arms\"},\"image\":{\"@id\":\"https:\/\/www.openarms.es\/it#\/schema\/logo\/image\/\"}}]}<\/script>\n<!-- \/ Yoast SEO plugin. -->","yoast_head_json":{"title":"Gli inizi a Lesbo: prima missione di salvataggio | Open Arms","description":"Tutto \u00e8 iniziato a Lesbo nel 2015. Open Arms ha salvato migliaia di persone seguendo l'esempio di Alan Kurdi. Cos\u00ec \u00e8 nata la nostra missione: proteggere vite umane.","robots":{"index":"index","follow":"follow","max-snippet":"max-snippet:-1","max-image-preview":"max-image-preview:large","max-video-preview":"max-video-preview:-1"},"canonical":"https:\/\/www.openarms.es\/it\/chi-siamo\/gli-inizi-lesbos","og_locale":"it_IT","og_type":"article","og_title":"Gli inizi a Lesbo: prima missione di salvataggio | Open Arms","og_description":"Tutto \u00e8 iniziato a Lesbo nel 2015. Open Arms ha salvato migliaia di persone seguendo l'esempio di Alan Kurdi. Cos\u00ec \u00e8 nata la nostra missione: proteggere vite umane.","og_url":"https:\/\/www.openarms.es\/it\/chi-siamo\/gli-inizi-lesbos","og_site_name":"Open Arms","article_modified_time":"2025-06-20T09:28:57+00:00","og_image":[{"width":1772,"height":1181,"url":"https:\/\/www.openarms.es\/wp-content\/uploads\/2025\/03\/openarms-inicios-lesbos.webp","type":"image\/webp"}],"twitter_card":"summary_large_image","twitter_misc":{"Tempo di lettura stimato":"1 minuto"},"schema":{"@context":"https:\/\/schema.org","@graph":[{"@type":"WebPage","@id":"https:\/\/www.openarms.es\/it\/chi-siamo\/gli-inizi-lesbos","url":"https:\/\/www.openarms.es\/it\/chi-siamo\/gli-inizi-lesbos","name":"Gli inizi a Lesbo: prima missione di salvataggio | Open Arms","isPartOf":{"@id":"https:\/\/www.openarms.es\/it#website"},"primaryImageOfPage":{"@id":"https:\/\/www.openarms.es\/it\/chi-siamo\/gli-inizi-lesbos#primaryimage"},"image":{"@id":"https:\/\/www.openarms.es\/it\/chi-siamo\/gli-inizi-lesbos#primaryimage"},"thumbnailUrl":"https:\/\/www.openarms.es\/wp-content\/uploads\/2025\/03\/openarms-inicios-lesbos.webp","datePublished":"2025-03-27T09:45:06+00:00","dateModified":"2025-06-20T09:28:57+00:00","description":"Tutto \u00e8 iniziato a Lesbo nel 2015. Open Arms ha salvato migliaia di persone seguendo l'esempio di Alan Kurdi. Cos\u00ec \u00e8 nata la nostra missione: proteggere vite umane.","breadcrumb":{"@id":"https:\/\/www.openarms.es\/it\/chi-siamo\/gli-inizi-lesbos#breadcrumb"},"inLanguage":"it-IT","potentialAction":[{"@type":"ReadAction","target":["https:\/\/www.openarms.es\/it\/chi-siamo\/gli-inizi-lesbos"]}]},{"@type":"ImageObject","inLanguage":"it-IT","@id":"https:\/\/www.openarms.es\/it\/chi-siamo\/gli-inizi-lesbos#primaryimage","url":"https:\/\/www.openarms.es\/wp-content\/uploads\/2025\/03\/openarms-inicios-lesbos.webp","contentUrl":"https:\/\/www.openarms.es\/wp-content\/uploads\/2025\/03\/openarms-inicios-lesbos.webp","width":1772,"height":1181,"caption":"Open Arms Inicios Lesbos Salvamento"},{"@type":"BreadcrumbList","@id":"https:\/\/www.openarms.es\/it\/chi-siamo\/gli-inizi-lesbos#breadcrumb","itemListElement":[{"@type":"ListItem","position":1,"name":"Chi siamo","item":"https:\/\/www.openarms.es\/it\/chi-siamo"},{"@type":"ListItem","position":2,"name":"Gli inizi (LESBOS)"}]},{"@type":"WebSite","@id":"https:\/\/www.openarms.es\/it#website","url":"https:\/\/www.openarms.es\/it","name":"Open Arms","description":"","publisher":{"@id":"https:\/\/www.openarms.es\/it#organization"},"potentialAction":[{"@type":"SearchAction","target":{"@type":"EntryPoint","urlTemplate":"https:\/\/www.openarms.es\/it?s={search_term_string}"},"query-input":{"@type":"PropertyValueSpecification","valueRequired":true,"valueName":"search_term_string"}}],"inLanguage":"it-IT"},{"@type":"Organization","@id":"https:\/\/www.openarms.es\/it#organization","name":"Open Arms","url":"https:\/\/www.openarms.es\/it","logo":{"@type":"ImageObject","inLanguage":"it-IT","@id":"https:\/\/www.openarms.es\/it#\/schema\/logo\/image\/","url":"https:\/\/www.openarms.es\/wp-content\/uploads\/2025\/03\/BRAND.svg","contentUrl":"https:\/\/www.openarms.es\/wp-content\/uploads\/2025\/03\/BRAND.svg","caption":"Open Arms"},"image":{"@id":"https:\/\/www.openarms.es\/it#\/schema\/logo\/image\/"}}]}},"_links":{"self":[{"href":"https:\/\/www.openarms.es\/it\/wp-json\/wp\/v2\/pages\/5432","targetHints":{"allow":["GET"]}}],"collection":[{"href":"https:\/\/www.openarms.es\/it\/wp-json\/wp\/v2\/pages"}],"about":[{"href":"https:\/\/www.openarms.es\/it\/wp-json\/wp\/v2\/types\/page"}],"author":[{"embeddable":true,"href":"https:\/\/www.openarms.es\/it\/wp-json\/wp\/v2\/users\/1"}],"replies":[{"embeddable":true,"href":"https:\/\/www.openarms.es\/it\/wp-json\/wp\/v2\/comments?post=5432"}],"version-history":[{"count":6,"href":"https:\/\/www.openarms.es\/it\/wp-json\/wp\/v2\/pages\/5432\/revisions"}],"predecessor-version":[{"id":6587,"href":"https:\/\/www.openarms.es\/it\/wp-json\/wp\/v2\/pages\/5432\/revisions\/6587"}],"up":[{"embeddable":true,"href":"https:\/\/www.openarms.es\/it\/wp-json\/wp\/v2\/pages\/5070"}],"wp:featuredmedia":[{"embeddable":true,"href":"https:\/\/www.openarms.es\/it\/wp-json\/wp\/v2\/media\/3284"}],"wp:attachment":[{"href":"https:\/\/www.openarms.es\/it\/wp-json\/wp\/v2\/media?parent=5432"}],"curies":[{"name":"wp","href":"https:\/\/api.w.org\/{rel}","templated":true}]}}