{"id":5435,"date":"2025-05-15T07:57:36","date_gmt":"2025-05-15T07:57:36","guid":{"rendered":"https:\/\/www.openarms.es\/cosa-facciamo\/missioni-umanitarie\/emergenze\/terremoto-de-siria-y-turquia"},"modified":"2025-06-20T09:00:27","modified_gmt":"2025-06-20T09:00:27","slug":"terremoto-de-siria-e-turquia","status":"publish","type":"page","link":"https:\/\/www.openarms.es\/it\/cosa-facciamo\/missioni-umanitarie\/emergenze\/terremoto-de-siria-e-turquia","title":{"rendered":"Terremoto da Siria e Turchia"},"content":{"rendered":"\n<div class=\"wp-block-cover alignfull ebavs-header-hero-interior\" style=\"min-height:40rem;aspect-ratio:unset;\"><img loading=\"lazy\" decoding=\"async\" width=\"1024\" height=\"683\" class=\"wp-block-cover__image-background wp-image-233 size-large\" alt=\"Terremoto Turqu\u00eda y Siria Open Arms\" src=\"https:\/\/www.openarms.es\/wp-content\/uploads\/2025\/03\/ruinas-1024x683.webp\" data-object-fit=\"cover\" srcset=\"https:\/\/www.openarms.es\/wp-content\/uploads\/2025\/03\/ruinas-1024x683.webp 1024w, https:\/\/www.openarms.es\/wp-content\/uploads\/2025\/03\/ruinas-300x200.webp 300w, https:\/\/www.openarms.es\/wp-content\/uploads\/2025\/03\/ruinas-768x512.webp 768w, https:\/\/www.openarms.es\/wp-content\/uploads\/2025\/03\/ruinas-1536x1024.webp 1536w, https:\/\/www.openarms.es\/wp-content\/uploads\/2025\/03\/ruinas-2048x1366.webp 2048w\" sizes=\"auto, (max-width: 1024px) 100vw, 1024px\" \/><span aria-hidden=\"true\" class=\"wp-block-cover__background has-black-background-color has-background-dim-40 has-background-dim\"><\/span><div class=\"wp-block-cover__inner-container is-layout-flow wp-block-cover-is-layout-flow\">\n<div class=\"wp-block-group alignwide has-global-padding is-layout-constrained wp-block-group-is-layout-constrained\" style=\"margin-top:auto;margin-bottom:auto\">\n<div class=\"wp-block-group has-global-padding is-content-justification-left is-layout-constrained wp-container-core-group-is-layout-b58f3518 wp-block-group-is-layout-constrained\">\n<p class=\"has-text-align-left has-base-color has-text-color has-large-font-size\" style=\"font-family:var(--wp--preset--font-family--dinnextltpro)\">EMERGENZE<\/p>\n\n\n\n<h1 class=\"wp-block-heading has-text-align-left has-base-color has-text-color has-xx-large-font-size\" style=\"margin-top:0;margin-bottom:0\">Terremoto da Siria e Turchia<\/h1>\n\n\n\n<p class=\"has-base-color has-text-color has-link-color wp-elements-040ae3f7debd25e4f8184f5d9b969eae\" style=\"margin-top:0;margin-bottom:0\">Se credi che la vita meriti di essere protetta anche sulla terraferma, sei uno di noi.<\/p>\n\n\n\n<div class=\"wp-block-buttons is-content-justification-left is-layout-flex wp-container-core-buttons-is-layout-fc4fd283 wp-block-buttons-is-layout-flex\">\n<div class=\"wp-block-button\"><a class=\"wp-block-button__link has-contrast-color has-base-background-color has-text-color has-background has-dinnextltpro-font-family has-custom-font-size wp-element-button\" href=\"https:\/\/help.openarms.es\/miembro-openarms\/?lang=it\" style=\"padding-top:16px;padding-right:24px;padding-bottom:14px;padding-left:24px;font-size:clamp(0.875rem, 0.875rem + ((1vw - 0.2rem) * 0.302), 1.13rem);font-style:normal;font-weight:700;line-height:1;text-transform:uppercase\" target=\"_blank\" rel=\"noreferrer noopener\">Diventa Membro<\/a><\/div>\n<\/div>\n<\/div>\n<\/div>\n<\/div><\/div>\n\n<div class=\"wp-block-cover alignfull is-light has-parallax\" style=\"margin-top:0;margin-bottom:0;padding-top:0;padding-right:0;padding-bottom:0;padding-left:0\"><div class=\"wp-block-cover__image-background wp-image-999 has-parallax\" style=\"background-position:50% 50%;background-image:url(https:\/\/www.openarms.es\/wp-content\/themes\/openarms\/assets\/images\/openarms-texture.webp)\"><\/div><span aria-hidden=\"true\" class=\"wp-block-cover__background has-base-background-color has-background-dim-80 has-background-dim\"><\/span><div class=\"wp-block-cover__inner-container is-layout-flow wp-block-cover-is-layout-flow\">\n<div class=\"wp-block-group alignwide has-global-padding is-layout-constrained wp-container-core-group-is-layout-8257ab09 wp-block-group-is-layout-constrained\" style=\"margin-top:1rem\">\n<div class=\"wp-block-group alignwide has-global-padding is-layout-constrained wp-block-group-is-layout-constrained\"><div class=\"yoast-breadcrumbs\"><span><span><a href=\"https:\/\/www.openarms.es\/it\/cosa-facciamo\">Cosa Facciamo<\/a><\/span> &gt; <span><a href=\"https:\/\/www.openarms.es\/it\/cosa-facciamo\/missioni-umanitarie\">Missioni umanitarie<\/a><\/span> &gt; <span><a href=\"https:\/\/www.openarms.es\/it\/cosa-facciamo\/missioni-umanitarie\/emergenze\">Emergenze<\/a><\/span> &gt; <span class=\"breadcrumb_last\" aria-current=\"page\">Terremoto da Siria e Turchia<\/span><\/span><\/div>\n\n\n<hr class=\"wp-block-separator has-text-color has-gray-color has-alpha-channel-opacity has-gray-background-color has-background is-style-default\" style=\"margin-top:1rem;margin-bottom:4rem\"\/>\n<\/div>\n<\/div>\n\n\n\n<div class=\"wp-block-group has-global-padding is-layout-constrained wp-block-group-is-layout-constrained\">\n<div class=\"wp-block-columns alignwide ebavs-space-between is-layout-flex wp-container-core-columns-is-layout-643ced6b wp-block-columns-is-layout-flex\">\n<div class=\"wp-block-column is-layout-flow wp-block-column-is-layout-flow\" style=\"flex-basis:33%\">\n<h2 class=\"wp-block-heading has-contrast-color has-text-color has-x-large-font-size\" style=\"margin-top:0\"><strong>Terremoto da Siria e Turchia<\/strong><\/h2>\n<\/div>\n\n\n\n<div class=\"wp-block-column is-layout-flow wp-block-column-is-layout-flow\" style=\"flex-basis:50%\">\n<p class=\"has-dark-gray-color has-text-color has-medium-font-size\" style=\"line-height:1.14em\">Il devastante terremoto del 2023 \u00e8 stato uno dei pi\u00f9 forti che abbiano colpito la regione negli ultimi 100 anni. <strong>Ha ucciso pi\u00f9 di 55.000 persone e ne ha colpite altre milioni,<\/strong> in un luogo gi\u00e0 devastato da 12 anni di conflitto.<\/p>\n<\/div>\n<\/div>\n<\/div>\n\n\n\n<div class=\"wp-block-group has-global-padding is-layout-constrained wp-block-group-is-layout-constrained\">\n<figure class=\"wp-block-image aligncenter size-large has-custom-border\" style=\"margin-top:3rem;margin-bottom:4rem\"><img loading=\"lazy\" decoding=\"async\" width=\"1024\" height=\"636\" src=\"https:\/\/www.openarms.es\/wp-content\/uploads\/2025\/03\/siria-1024x636.webp\" alt=\"Siria Open Arms\" class=\"wp-image-158\" style=\"border-style:none;border-width:0px;border-radius:16px;aspect-ratio:16\/9;object-fit:cover\" srcset=\"https:\/\/www.openarms.es\/wp-content\/uploads\/2025\/03\/siria-1024x636.webp 1024w, https:\/\/www.openarms.es\/wp-content\/uploads\/2025\/03\/siria-300x186.webp 300w, https:\/\/www.openarms.es\/wp-content\/uploads\/2025\/03\/siria-768x477.webp 768w, https:\/\/www.openarms.es\/wp-content\/uploads\/2025\/03\/siria-1536x953.webp 1536w, https:\/\/www.openarms.es\/wp-content\/uploads\/2025\/03\/siria.webp 1600w\" sizes=\"auto, (max-width: 1024px) 100vw, 1024px\" \/><\/figure>\n<\/div>\n\n\n\n<div class=\"wp-block-group has-global-padding is-layout-constrained wp-block-group-is-layout-constrained\">\n<hr class=\"wp-block-separator has-text-color has-contrast-color has-alpha-channel-opacity has-contrast-background-color has-background is-style-wide is-style-wide--1\" style=\"margin-top:4rem;margin-bottom:4rem\"\/>\n<\/div>\n\n\n\n<div class=\"wp-block-group has-global-padding is-layout-constrained wp-block-group-is-layout-constrained\">\n<div class=\"wp-block-columns alignwide ebavs-space-between is-layout-flex wp-container-core-columns-is-layout-643ced6b wp-block-columns-is-layout-flex\">\n<div class=\"wp-block-column is-layout-flow wp-block-column-is-layout-flow\" style=\"flex-basis:33%\">\n<h3 class=\"wp-block-heading has-dinnextltpro-font-family\"><strong>Un team di specialisti<\/strong><\/h3>\n<\/div>\n\n\n\n<div class=\"wp-block-column is-layout-flow wp-block-column-is-layout-flow\" style=\"flex-basis:33%\">\n<p class=\"has-dark-gray-color has-text-color has-medium-font-size\" style=\"line-height:1.14em\">Uniamo le forze con specialisti in disastri ed emergenze internazionali<\/p>\n\n\n\n<p class=\"has-dark-gray-color has-text-color has-medium-font-size\" style=\"line-height:1.14em\">Da SAR \u2013 SAR NAVARRA per creare una squadra di valutazione dei disastri ed <strong>essere in grado di svolgere una missione sul campo.<\/strong><\/p>\n\n\n\n<p class=\"has-dark-gray-color has-text-color has-medium-font-size\" style=\"line-height:1.14em\">Grazie a un&#8217;attiva campagna di raccolta fondi e alle partnership con reti ospedaliere in tutto il paese, abbiamo raccolto fondi, attrezzature mediche, materiali di consumo e forniture ortopediche.<\/p>\n\n\n\n<p class=\"has-dark-gray-color has-text-color\" style=\"font-family:var(--wp--preset--font-family--dinnextltpro);font-size:clamp(17.905px, 1.119rem + ((1vw - 3.2px) * 0.747), 28px);line-height:1.14em\"><\/p>\n<\/div>\n\n\n\n<div class=\"wp-block-column is-layout-flow wp-block-column-is-layout-flow\" style=\"flex-basis:33%\">\n<p class=\"has-dark-gray-color has-text-color has-medium-font-size\" style=\"line-height:1.14em\">Abbiamo collaborato con Solidaire, in collaborazione con la Syrian People&#8217;s Support Association, per consegnare tutti questi aiuti umanitari e rifornire tre ospedali nella Siria occidentale (l&#8217;ospedale di Aqrabat, l&#8217;ospedale di beneficenza di Atmeh e l&#8217;ospedale di Al Shifaa), che hanno dovuto operare in condizioni molto difficili durante l&#8217;emergenza, ancora pi\u00f9 gravi con le loro capacit\u00e0 ridotte dopo 12 anni di conflitto nella zona.<\/p>\n\n\n\n<p class=\"has-medium-font-size\">Queste azioni erano dirette alla seconda fase dell&#8217;emergenza, focalizzandosi sull&#8217;assistenza medica ai feriti e ai vulnerabili, in un contesto di temperature gelide e aiuti umanitari insufficienti in alcune zone colpite dal terremoto e difficilmente accessibili a causa del conflitto in corso.<\/p>\n\n\n\n<p class=\"has-dark-gray-color has-text-color\" style=\"font-family:var(--wp--preset--font-family--dinnextltpro);font-size:clamp(17.905px, 1.119rem + ((1vw - 3.2px) * 0.747), 28px);line-height:1.14em\"><br\/><\/p>\n<\/div>\n<\/div>\n<\/div>\n\n\n\n<div class=\"wp-block-group has-global-padding is-layout-constrained wp-block-group-is-layout-constrained\">\n<figure class=\"wp-block-image aligncenter size-large has-custom-border\" style=\"margin-top:3rem;margin-bottom:4rem\"><img loading=\"lazy\" decoding=\"async\" width=\"1024\" height=\"683\" src=\"https:\/\/www.openarms.es\/wp-content\/uploads\/2025\/05\/terremoto-siria-turquia-02-1024x683.jpg\" alt=\"Terremoto Siria 02\" class=\"wp-image-3703\" style=\"border-style:none;border-width:0px;border-radius:16px;aspect-ratio:16\/9;object-fit:cover\" srcset=\"https:\/\/www.openarms.es\/wp-content\/uploads\/2025\/05\/terremoto-siria-turquia-02-1024x683.jpg 1024w, https:\/\/www.openarms.es\/wp-content\/uploads\/2025\/05\/terremoto-siria-turquia-02-300x200.jpg 300w, https:\/\/www.openarms.es\/wp-content\/uploads\/2025\/05\/terremoto-siria-turquia-02-768x512.jpg 768w, https:\/\/www.openarms.es\/wp-content\/uploads\/2025\/05\/terremoto-siria-turquia-02-1536x1024.jpg 1536w, https:\/\/www.openarms.es\/wp-content\/uploads\/2025\/05\/terremoto-siria-turquia-02.jpg 1920w\" sizes=\"auto, (max-width: 1024px) 100vw, 1024px\" \/><\/figure>\n<\/div>\n\n\n\n<div class=\"wp-block-group has-global-padding is-layout-constrained wp-block-group-is-layout-constrained\">\n<hr class=\"wp-block-separator has-text-color has-contrast-color has-alpha-channel-opacity has-contrast-background-color has-background is-style-wide is-style-wide--2\" style=\"margin-top:4rem;margin-bottom:4rem\"\/>\n<\/div>\n\n\n\n<div class=\"wp-block-group alignfull has-global-padding is-layout-constrained wp-container-core-group-is-layout-0c9c989a wp-block-group-is-layout-constrained\" style=\"min-height:0vh;margin-top:0;margin-bottom:0;padding-top:var(--wp--preset--spacing--70);padding-right:var(--wp--preset--spacing--40);padding-bottom:var(--wp--preset--spacing--70);padding-left:var(--wp--preset--spacing--40)\">\n<div class=\"wp-block-columns are-vertically-aligned-top is-content-justification-center is-layout-flex wp-container-core-columns-is-layout-8c19c11b wp-block-columns-is-layout-flex\">\n<div class=\"wp-block-column is-vertically-aligned-top is-layout-flow wp-block-column-is-layout-flow\" style=\"flex-basis:60%\">\n<div class=\"wp-block-group has-contrast-background-color has-background has-global-padding is-layout-constrained wp-container-core-group-is-layout-a91b9633 wp-block-group-is-layout-constrained\" style=\"border-style:none;border-width:0px;border-radius:32px;padding-top:var(--wp--preset--spacing--40);padding-right:2rem;padding-bottom:var(--wp--preset--spacing--40);padding-left:2rem\">\n<h3 class=\"wp-block-heading has-text-align-center has-base-color has-text-color has-link-color wp-elements-3bfe18b11918e16c90eefec674520aa8\" style=\"margin-right:0;margin-left:0;padding-right:0;padding-left:0;font-size:clamp(1.502rem, 1.502rem + ((1vw - 0.2rem) * 1.181), 2.5rem);line-height:1.15\">Se credi che ogni vita debba essere salvata, impegnati. Insieme, possiamo salvarne molte di pi\u00f9.<\/h3>\n\n\n\n<div class=\"wp-block-buttons is-horizontal is-content-justification-center is-layout-flex wp-container-core-buttons-is-layout-03627597 wp-block-buttons-is-layout-flex\">\n<div class=\"wp-block-button\"><a class=\"wp-block-button__link has-contrast-color has-base-background-color has-text-color has-background has-custom-font-size wp-element-button\" href=\"https:\/\/www.openarms.es\/it\/come-aiutare\/dona-ora\" style=\"padding-top:16px;padding-right:24px;padding-bottom:14px;padding-left:24px;font-size:clamp(14px, 0.875rem + ((1vw - 3.2px) * 0.296), 18px);font-style:normal;font-weight:700\">DONA ORA<\/a><\/div>\n<\/div>\n<\/div>\n<\/div>\n<\/div>\n<\/div>\n<\/div><\/div>\n","protected":false},"excerpt":{"rendered":"","protected":false},"author":1,"featured_media":3179,"parent":4784,"menu_order":0,"comment_status":"closed","ping_status":"closed","template":"page-interior","meta":{"content-type":"","footnotes":""},"class_list":["post-5435","page","type-page","status-publish","has-post-thumbnail","hentry"],"yoast_head":"<!-- This site is optimized with the Yoast SEO plugin v25.9 - https:\/\/yoast.com\/wordpress\/plugins\/seo\/ -->\n<title>Terremoto in Siria e Turchia: Emergenza Medica | Open Arms<\/title>\n<meta name=\"description\" content=\"Open Arms ha supportato gli ospedali in Siria dopo il terremoto del 2023. Abbiamo inviato aiuti medici in un&#039;area devastata e povera di risorse.\" \/>\n<meta name=\"robots\" content=\"index, follow, max-snippet:-1, max-image-preview:large, max-video-preview:-1\" \/>\n<link rel=\"canonical\" href=\"https:\/\/www.openarms.es\/it\/cosa-facciamo\/missioni-umanitarie\/emergenze\/terremoto-de-siria-e-turquia\" \/>\n<meta property=\"og:locale\" content=\"it_IT\" \/>\n<meta property=\"og:type\" content=\"article\" \/>\n<meta property=\"og:title\" content=\"Terremoto in Siria e Turchia: Emergenza Medica | Open Arms\" \/>\n<meta property=\"og:description\" content=\"Open Arms ha supportato gli ospedali in Siria dopo il terremoto del 2023. Abbiamo inviato aiuti medici in un&#039;area devastata e povera di risorse.\" \/>\n<meta property=\"og:url\" content=\"https:\/\/www.openarms.es\/it\/cosa-facciamo\/missioni-umanitarie\/emergenze\/terremoto-de-siria-e-turquia\" \/>\n<meta property=\"og:site_name\" content=\"Open Arms\" \/>\n<meta property=\"article:modified_time\" content=\"2025-06-20T09:00:27+00:00\" \/>\n<meta property=\"og:image\" content=\"https:\/\/www.openarms.es\/wp-content\/uploads\/2025\/05\/terremoto-siria-turquia-01.jpg\" \/>\n\t<meta property=\"og:image:width\" content=\"1920\" \/>\n\t<meta property=\"og:image:height\" content=\"1080\" \/>\n\t<meta property=\"og:image:type\" content=\"image\/jpeg\" \/>\n<meta name=\"twitter:card\" content=\"summary_large_image\" \/>\n<meta name=\"twitter:label1\" content=\"Tempo di lettura stimato\" \/>\n\t<meta name=\"twitter:data1\" content=\"1 minuto\" \/>\n<script type=\"application\/ld+json\" class=\"yoast-schema-graph\">{\"@context\":\"https:\/\/schema.org\",\"@graph\":[{\"@type\":\"WebPage\",\"@id\":\"https:\/\/www.openarms.es\/it\/cosa-facciamo\/missioni-umanitarie\/emergenze\/terremoto-de-siria-e-turquia\",\"url\":\"https:\/\/www.openarms.es\/it\/cosa-facciamo\/missioni-umanitarie\/emergenze\/terremoto-de-siria-e-turquia\",\"name\":\"Terremoto in Siria e Turchia: Emergenza Medica | Open Arms\",\"isPartOf\":{\"@id\":\"https:\/\/www.openarms.es\/it#website\"},\"primaryImageOfPage\":{\"@id\":\"https:\/\/www.openarms.es\/it\/cosa-facciamo\/missioni-umanitarie\/emergenze\/terremoto-de-siria-e-turquia#primaryimage\"},\"image\":{\"@id\":\"https:\/\/www.openarms.es\/it\/cosa-facciamo\/missioni-umanitarie\/emergenze\/terremoto-de-siria-e-turquia#primaryimage\"},\"thumbnailUrl\":\"https:\/\/www.openarms.es\/wp-content\/uploads\/2025\/05\/terremoto-siria-turquia-01.jpg\",\"datePublished\":\"2025-05-15T07:57:36+00:00\",\"dateModified\":\"2025-06-20T09:00:27+00:00\",\"description\":\"Open Arms ha supportato gli ospedali in Siria dopo il terremoto del 2023. Abbiamo inviato aiuti medici in un'area devastata e povera di risorse.\",\"breadcrumb\":{\"@id\":\"https:\/\/www.openarms.es\/it\/cosa-facciamo\/missioni-umanitarie\/emergenze\/terremoto-de-siria-e-turquia#breadcrumb\"},\"inLanguage\":\"it-IT\",\"potentialAction\":[{\"@type\":\"ReadAction\",\"target\":[\"https:\/\/www.openarms.es\/it\/cosa-facciamo\/missioni-umanitarie\/emergenze\/terremoto-de-siria-e-turquia\"]}]},{\"@type\":\"ImageObject\",\"inLanguage\":\"it-IT\",\"@id\":\"https:\/\/www.openarms.es\/it\/cosa-facciamo\/missioni-umanitarie\/emergenze\/terremoto-de-siria-e-turquia#primaryimage\",\"url\":\"https:\/\/www.openarms.es\/wp-content\/uploads\/2025\/05\/terremoto-siria-turquia-01.jpg\",\"contentUrl\":\"https:\/\/www.openarms.es\/wp-content\/uploads\/2025\/05\/terremoto-siria-turquia-01.jpg\",\"width\":1920,\"height\":1080,\"caption\":\"Terremoto S\u00edria Turquia Open Arms\"},{\"@type\":\"BreadcrumbList\",\"@id\":\"https:\/\/www.openarms.es\/it\/cosa-facciamo\/missioni-umanitarie\/emergenze\/terremoto-de-siria-e-turquia#breadcrumb\",\"itemListElement\":[{\"@type\":\"ListItem\",\"position\":1,\"name\":\"Cosa Facciamo\",\"item\":\"https:\/\/www.openarms.es\/it\/cosa-facciamo\"},{\"@type\":\"ListItem\",\"position\":2,\"name\":\"Missioni umanitarie\",\"item\":\"https:\/\/www.openarms.es\/it\/cosa-facciamo\/missioni-umanitarie\"},{\"@type\":\"ListItem\",\"position\":3,\"name\":\"Emergenze\",\"item\":\"https:\/\/www.openarms.es\/it\/cosa-facciamo\/missioni-umanitarie\/emergenze\"},{\"@type\":\"ListItem\",\"position\":4,\"name\":\"Terremoto da Siria e Turchia\"}]},{\"@type\":\"WebSite\",\"@id\":\"https:\/\/www.openarms.es\/it#website\",\"url\":\"https:\/\/www.openarms.es\/it\",\"name\":\"Open Arms\",\"description\":\"\",\"publisher\":{\"@id\":\"https:\/\/www.openarms.es\/it#organization\"},\"potentialAction\":[{\"@type\":\"SearchAction\",\"target\":{\"@type\":\"EntryPoint\",\"urlTemplate\":\"https:\/\/www.openarms.es\/it?s={search_term_string}\"},\"query-input\":{\"@type\":\"PropertyValueSpecification\",\"valueRequired\":true,\"valueName\":\"search_term_string\"}}],\"inLanguage\":\"it-IT\"},{\"@type\":\"Organization\",\"@id\":\"https:\/\/www.openarms.es\/it#organization\",\"name\":\"Open Arms\",\"url\":\"https:\/\/www.openarms.es\/it\",\"logo\":{\"@type\":\"ImageObject\",\"inLanguage\":\"it-IT\",\"@id\":\"https:\/\/www.openarms.es\/it#\/schema\/logo\/image\/\",\"url\":\"https:\/\/www.openarms.es\/wp-content\/uploads\/2025\/03\/BRAND.svg\",\"contentUrl\":\"https:\/\/www.openarms.es\/wp-content\/uploads\/2025\/03\/BRAND.svg\",\"caption\":\"Open Arms\"},\"image\":{\"@id\":\"https:\/\/www.openarms.es\/it#\/schema\/logo\/image\/\"}}]}<\/script>\n<!-- \/ Yoast SEO plugin. -->","yoast_head_json":{"title":"Terremoto in Siria e Turchia: Emergenza Medica | Open Arms","description":"Open Arms ha supportato gli ospedali in Siria dopo il terremoto del 2023. Abbiamo inviato aiuti medici in un'area devastata e povera di risorse.","robots":{"index":"index","follow":"follow","max-snippet":"max-snippet:-1","max-image-preview":"max-image-preview:large","max-video-preview":"max-video-preview:-1"},"canonical":"https:\/\/www.openarms.es\/it\/cosa-facciamo\/missioni-umanitarie\/emergenze\/terremoto-de-siria-e-turquia","og_locale":"it_IT","og_type":"article","og_title":"Terremoto in Siria e Turchia: Emergenza Medica | Open Arms","og_description":"Open Arms ha supportato gli ospedali in Siria dopo il terremoto del 2023. Abbiamo inviato aiuti medici in un'area devastata e povera di risorse.","og_url":"https:\/\/www.openarms.es\/it\/cosa-facciamo\/missioni-umanitarie\/emergenze\/terremoto-de-siria-e-turquia","og_site_name":"Open Arms","article_modified_time":"2025-06-20T09:00:27+00:00","og_image":[{"width":1920,"height":1080,"url":"https:\/\/www.openarms.es\/wp-content\/uploads\/2025\/05\/terremoto-siria-turquia-01.jpg","type":"image\/jpeg"}],"twitter_card":"summary_large_image","twitter_misc":{"Tempo di lettura stimato":"1 minuto"},"schema":{"@context":"https:\/\/schema.org","@graph":[{"@type":"WebPage","@id":"https:\/\/www.openarms.es\/it\/cosa-facciamo\/missioni-umanitarie\/emergenze\/terremoto-de-siria-e-turquia","url":"https:\/\/www.openarms.es\/it\/cosa-facciamo\/missioni-umanitarie\/emergenze\/terremoto-de-siria-e-turquia","name":"Terremoto in Siria e Turchia: Emergenza Medica | Open Arms","isPartOf":{"@id":"https:\/\/www.openarms.es\/it#website"},"primaryImageOfPage":{"@id":"https:\/\/www.openarms.es\/it\/cosa-facciamo\/missioni-umanitarie\/emergenze\/terremoto-de-siria-e-turquia#primaryimage"},"image":{"@id":"https:\/\/www.openarms.es\/it\/cosa-facciamo\/missioni-umanitarie\/emergenze\/terremoto-de-siria-e-turquia#primaryimage"},"thumbnailUrl":"https:\/\/www.openarms.es\/wp-content\/uploads\/2025\/05\/terremoto-siria-turquia-01.jpg","datePublished":"2025-05-15T07:57:36+00:00","dateModified":"2025-06-20T09:00:27+00:00","description":"Open Arms ha supportato gli ospedali in Siria dopo il terremoto del 2023. Abbiamo inviato aiuti medici in un'area devastata e povera di risorse.","breadcrumb":{"@id":"https:\/\/www.openarms.es\/it\/cosa-facciamo\/missioni-umanitarie\/emergenze\/terremoto-de-siria-e-turquia#breadcrumb"},"inLanguage":"it-IT","potentialAction":[{"@type":"ReadAction","target":["https:\/\/www.openarms.es\/it\/cosa-facciamo\/missioni-umanitarie\/emergenze\/terremoto-de-siria-e-turquia"]}]},{"@type":"ImageObject","inLanguage":"it-IT","@id":"https:\/\/www.openarms.es\/it\/cosa-facciamo\/missioni-umanitarie\/emergenze\/terremoto-de-siria-e-turquia#primaryimage","url":"https:\/\/www.openarms.es\/wp-content\/uploads\/2025\/05\/terremoto-siria-turquia-01.jpg","contentUrl":"https:\/\/www.openarms.es\/wp-content\/uploads\/2025\/05\/terremoto-siria-turquia-01.jpg","width":1920,"height":1080,"caption":"Terremoto S\u00edria Turquia Open Arms"},{"@type":"BreadcrumbList","@id":"https:\/\/www.openarms.es\/it\/cosa-facciamo\/missioni-umanitarie\/emergenze\/terremoto-de-siria-e-turquia#breadcrumb","itemListElement":[{"@type":"ListItem","position":1,"name":"Cosa Facciamo","item":"https:\/\/www.openarms.es\/it\/cosa-facciamo"},{"@type":"ListItem","position":2,"name":"Missioni umanitarie","item":"https:\/\/www.openarms.es\/it\/cosa-facciamo\/missioni-umanitarie"},{"@type":"ListItem","position":3,"name":"Emergenze","item":"https:\/\/www.openarms.es\/it\/cosa-facciamo\/missioni-umanitarie\/emergenze"},{"@type":"ListItem","position":4,"name":"Terremoto da Siria e Turchia"}]},{"@type":"WebSite","@id":"https:\/\/www.openarms.es\/it#website","url":"https:\/\/www.openarms.es\/it","name":"Open Arms","description":"","publisher":{"@id":"https:\/\/www.openarms.es\/it#organization"},"potentialAction":[{"@type":"SearchAction","target":{"@type":"EntryPoint","urlTemplate":"https:\/\/www.openarms.es\/it?s={search_term_string}"},"query-input":{"@type":"PropertyValueSpecification","valueRequired":true,"valueName":"search_term_string"}}],"inLanguage":"it-IT"},{"@type":"Organization","@id":"https:\/\/www.openarms.es\/it#organization","name":"Open Arms","url":"https:\/\/www.openarms.es\/it","logo":{"@type":"ImageObject","inLanguage":"it-IT","@id":"https:\/\/www.openarms.es\/it#\/schema\/logo\/image\/","url":"https:\/\/www.openarms.es\/wp-content\/uploads\/2025\/03\/BRAND.svg","contentUrl":"https:\/\/www.openarms.es\/wp-content\/uploads\/2025\/03\/BRAND.svg","caption":"Open Arms"},"image":{"@id":"https:\/\/www.openarms.es\/it#\/schema\/logo\/image\/"}}]}},"_links":{"self":[{"href":"https:\/\/www.openarms.es\/it\/wp-json\/wp\/v2\/pages\/5435","targetHints":{"allow":["GET"]}}],"collection":[{"href":"https:\/\/www.openarms.es\/it\/wp-json\/wp\/v2\/pages"}],"about":[{"href":"https:\/\/www.openarms.es\/it\/wp-json\/wp\/v2\/types\/page"}],"author":[{"embeddable":true,"href":"https:\/\/www.openarms.es\/it\/wp-json\/wp\/v2\/users\/1"}],"replies":[{"embeddable":true,"href":"https:\/\/www.openarms.es\/it\/wp-json\/wp\/v2\/comments?post=5435"}],"version-history":[{"count":8,"href":"https:\/\/www.openarms.es\/it\/wp-json\/wp\/v2\/pages\/5435\/revisions"}],"predecessor-version":[{"id":6566,"href":"https:\/\/www.openarms.es\/it\/wp-json\/wp\/v2\/pages\/5435\/revisions\/6566"}],"up":[{"embeddable":true,"href":"https:\/\/www.openarms.es\/it\/wp-json\/wp\/v2\/pages\/4784"}],"wp:featuredmedia":[{"embeddable":true,"href":"https:\/\/www.openarms.es\/it\/wp-json\/wp\/v2\/media\/3179"}],"wp:attachment":[{"href":"https:\/\/www.openarms.es\/it\/wp-json\/wp\/v2\/media?parent=5435"}],"curies":[{"name":"wp","href":"https:\/\/api.w.org\/{rel}","templated":true}]}}