{"id":7006,"date":"2025-07-16T14:27:29","date_gmt":"2025-07-16T14:27:29","guid":{"rendered":"https:\/\/www.openarms.es\/?page_id=7006"},"modified":"2025-07-31T17:10:50","modified_gmt":"2025-07-31T17:10:50","slug":"rotta-del-mediterraneo-occidentale-e-atlantica","status":"publish","type":"page","link":"https:\/\/www.openarms.es\/it\/flussi-migratori\/rotta-del-mediterraneo-occidentale-e-atlantica","title":{"rendered":"Mediterraneo Occidentale e Atlantica"},"content":{"rendered":"\n<div class=\"wp-block-cover alignfull ebavs-header-hero-interior\" style=\"min-height:40rem;aspect-ratio:unset;\"><img loading=\"lazy\" decoding=\"async\" width=\"1024\" height=\"683\" class=\"wp-block-cover__image-background wp-image-6963 size-large\" alt=\"Openarms mediterraneo Occidental\" src=\"https:\/\/www.openarms.es\/wp-content\/uploads\/2025\/07\/openarms-mediterraneo-occidental-1024x683.jpg\" data-object-fit=\"cover\" srcset=\"https:\/\/www.openarms.es\/wp-content\/uploads\/2025\/07\/openarms-mediterraneo-occidental-1024x683.jpg 1024w, https:\/\/www.openarms.es\/wp-content\/uploads\/2025\/07\/openarms-mediterraneo-occidental-300x200.jpg 300w, https:\/\/www.openarms.es\/wp-content\/uploads\/2025\/07\/openarms-mediterraneo-occidental-768x512.jpg 768w, https:\/\/www.openarms.es\/wp-content\/uploads\/2025\/07\/openarms-mediterraneo-occidental-1536x1024.jpg 1536w, https:\/\/www.openarms.es\/wp-content\/uploads\/2025\/07\/openarms-mediterraneo-occidental.jpg 1920w\" sizes=\"auto, (max-width: 1024px) 100vw, 1024px\" \/><span aria-hidden=\"true\" class=\"wp-block-cover__background has-black-background-color has-background-dim-30 has-background-dim\"><\/span><div class=\"wp-block-cover__inner-container is-layout-flow wp-block-cover-is-layout-flow\">\n<div class=\"wp-block-group alignwide has-global-padding is-layout-constrained wp-block-group-is-layout-constrained\" style=\"margin-top:auto;margin-bottom:auto\">\n<div class=\"wp-block-group has-global-padding is-content-justification-left is-layout-constrained wp-container-core-group-is-layout-b58f3518 wp-block-group-is-layout-constrained\">\n<p class=\"has-text-align-left has-base-color has-text-color has-large-font-size\" style=\"font-family:var(--wp--preset--font-family--dinnextltpro)\">FLUSSI MIGRATORI<\/p>\n\n\n\n<h1 class=\"wp-block-heading has-text-align-left has-base-color has-text-color has-xx-large-font-size\" style=\"margin-top:0;margin-bottom:0\">Mediterraneo Occidentale e Atlantica<\/h1>\n\n\n\n<p class=\"has-base-color has-text-color has-link-color wp-elements-2be3d548903de1b4012fe004457bf67c\" style=\"margin-top:0;margin-bottom:0\">Se credi che ogni vita debba essere salvata, impegnati. Insieme, possiamo salvarne molte di pi\u00f9.<\/p>\n\n\n\n<div class=\"wp-block-buttons is-content-justification-left is-layout-flex wp-container-core-buttons-is-layout-fc4fd283 wp-block-buttons-is-layout-flex\">\n<div class=\"wp-block-button\"><a class=\"wp-block-button__link has-contrast-color has-base-background-color has-text-color has-background has-dinnextltpro-font-family has-custom-font-size wp-element-button\" href=\"https:\/\/help.openarms.es\/miembro-openarms\/?lang=it\" style=\"padding-top:16px;padding-right:24px;padding-bottom:14px;padding-left:24px;font-size:clamp(0.875rem, 0.875rem + ((1vw - 0.2rem) * 0.302), 1.13rem);font-style:normal;font-weight:700;line-height:1;text-transform:uppercase\" target=\"_blank\" rel=\"noreferrer noopener\">Diventa Membro<\/a><\/div>\n<\/div>\n<\/div>\n<\/div>\n<\/div><\/div>\n\n<div class=\"wp-block-cover alignfull is-light has-parallax\" style=\"margin-top:0;margin-bottom:0;padding-top:0;padding-right:0;padding-bottom:0;padding-left:0\"><div class=\"wp-block-cover__image-background wp-image-999 has-parallax\" style=\"background-position:50% 50%;background-image:url(https:\/\/www.openarms.es\/wp-content\/themes\/openarms\/assets\/images\/openarms-texture.webp)\"><\/div><span aria-hidden=\"true\" class=\"wp-block-cover__background has-base-background-color has-background-dim-80 has-background-dim\"><\/span><div class=\"wp-block-cover__inner-container is-layout-flow wp-block-cover-is-layout-flow\">\n<div class=\"wp-block-group alignwide has-global-padding is-layout-constrained wp-container-core-group-is-layout-8257ab09 wp-block-group-is-layout-constrained\" style=\"margin-top:1rem\">\n<div class=\"wp-block-group alignwide has-global-padding is-layout-constrained wp-block-group-is-layout-constrained\"><div class=\"yoast-breadcrumbs\"><span><span><a href=\"https:\/\/www.openarms.es\/it\/flussi-migratori\">Flussi migratori<\/a><\/span> &gt; <span class=\"breadcrumb_last\" aria-current=\"page\">Mediterraneo Occidentale e Atlantica<\/span><\/span><\/div>\n\n\n<hr class=\"wp-block-separator has-text-color has-gray-color has-alpha-channel-opacity has-gray-background-color has-background is-style-default\" style=\"margin-top:1rem;margin-bottom:4rem\"\/>\n<\/div>\n<\/div>\n\n\n\n<div class=\"wp-block-group has-global-padding is-layout-constrained wp-block-group-is-layout-constrained\">\n<div class=\"wp-block-columns alignwide ebavs-space-between is-layout-flex wp-container-core-columns-is-layout-643ced6b wp-block-columns-is-layout-flex\">\n<div class=\"wp-block-column is-layout-flow wp-block-column-is-layout-flow\" style=\"flex-basis:33%\">\n<h2 class=\"wp-block-heading has-contrast-color has-text-color has-x-large-font-size\" style=\"margin-top:0\">La Rotta<\/h2>\n<\/div>\n\n\n\n<div class=\"wp-block-column is-layout-flow wp-block-column-is-layout-flow\" style=\"flex-basis:50%\">\n<p class=\"has-dark-gray-color has-text-color has-medium-font-size\" style=\"line-height:1.14em\">La rotta del Mediterraneo Occidentale collega generalmente le coste del nord-ovest dell\u2019Africa con la Spagna. Le persone migranti che percorrono questa rotta provengono principalmente da paesi dell\u2019Africa subsahariana e occidentale, come Marocco, Algeria, Mali, Niger, Senegal, Guinea e Burkina Faso. Solitamente partono dalle coste del Marocco, dell\u2019Algeria e, talvolta, della Mauritania, anche se ci sono porti di partenza anche in Senegal.<br\/><\/p>\n<\/div>\n<\/div>\n<\/div>\n\n\n\n<div class=\"wp-block-group has-global-padding is-layout-constrained wp-block-group-is-layout-constrained\">\n<figure class=\"wp-block-image aligncenter size-large\"><img loading=\"lazy\" decoding=\"async\" width=\"1024\" height=\"683\" src=\"https:\/\/www.openarms.es\/wp-content\/uploads\/2025\/07\/CR_0009-1024x683.jpg\" alt=\"\" class=\"wp-image-7943\" style=\"aspect-ratio:16\/9;object-fit:contain\" srcset=\"https:\/\/www.openarms.es\/wp-content\/uploads\/2025\/07\/CR_0009-1024x683.jpg 1024w, https:\/\/www.openarms.es\/wp-content\/uploads\/2025\/07\/CR_0009-300x200.jpg 300w, https:\/\/www.openarms.es\/wp-content\/uploads\/2025\/07\/CR_0009-768x512.jpg 768w, https:\/\/www.openarms.es\/wp-content\/uploads\/2025\/07\/CR_0009-1536x1024.jpg 1536w, https:\/\/www.openarms.es\/wp-content\/uploads\/2025\/07\/CR_0009-2048x1365.jpg 2048w\" sizes=\"auto, (max-width: 1024px) 100vw, 1024px\" \/><\/figure>\n<\/div>\n\n\n\n<div class=\"wp-block-group has-global-padding is-layout-constrained wp-block-group-is-layout-constrained\">\n<div class=\"wp-block-columns alignwide is-content-justification-space-between is-layout-flow wp-container-core-columns-is-layout-389f1a3f wp-block-columns-is-layout-flow\">\n<div class=\"wp-block-column is-layout-flow wp-block-column-is-layout-flow\" style=\"padding-right:var(--wp--preset--spacing--40);flex-basis:30%\">\n<h3 class=\"wp-block-heading has-black-color has-text-color\" style=\"margin-top:0;margin-bottom:var(--wp--preset--spacing--16);font-size:clamp(1.502rem, 1.502rem + ((1vw - 0.2rem) * 1.181), 2.5rem);\">Partenze e destinazioni<\/h3>\n<\/div>\n\n\n\n<div class=\"wp-block-column is-vertically-aligned-top is-layout-flow wp-block-column-is-layout-flow\" style=\"padding-right:0;padding-left:0;flex-basis:70%\">\n<ul class=\"wp-block-list\">\n<li class=\"has-small-font-size\" style=\"margin-bottom:var(--wp--preset--spacing--16)\">Le partenze pi\u00f9 frequenti verso la penisola avvengono dalla zona di Tangeri (stretto di Gibilterra) e dal Rif marocchino, cos\u00ec come dall\u2019Algeria.<br\/><\/li>\n\n\n\n<li class=\"has-small-font-size\" style=\"margin-bottom:var(--wp--preset--spacing--16)\">Si registrano anche partenze dalle coste dell\u2019Algeria verso le Isole Baleari.<\/li>\n\n\n\n<li class=\"has-small-font-size\" style=\"margin-bottom:var(--wp--preset--spacing--16)\">Infine, ci sono partenze, anche se in misura minore, dal Sahara Occidentale verso le Canarie, nella cosiddetta \u201crotta atlantica\u201d. Queste partenze avvengono dal sud del Marocco, dalla Mauritania e dal Senegal. Su questa rotta opera Salvamento Mar\u00edtimo.<br\/><\/li>\n\n\n\n<li class=\"has-small-font-size\">Un\u2019altra destinazione per le persone che tentano di entrare nell\u2019UE, in questo caso via terra, sono le citt\u00e0 autonome di Ceuta e Melilla.<br\/><\/li>\n<\/ul>\n<\/div>\n<\/div>\n<\/div>\n\n\n\n<div class=\"wp-block-group has-global-padding is-layout-constrained wp-block-group-is-layout-constrained\" style=\"margin-top:var(--wp--preset--spacing--48)\">\n<div class=\"wp-block-columns alignwide is-content-justification-space-between is-layout-flow wp-container-core-columns-is-layout-389f1a3f wp-block-columns-is-layout-flow\">\n<div class=\"wp-block-column is-layout-flow wp-block-column-is-layout-flow\" style=\"padding-right:var(--wp--preset--spacing--40);flex-basis:30%\">\n<h3 class=\"wp-block-heading has-black-color has-text-color\" style=\"margin-top:0;margin-bottom:var(--wp--preset--spacing--16);font-size:clamp(1.502rem, 1.502rem + ((1vw - 0.2rem) * 1.181), 2.5rem);\">Dettagli<\/h3>\n<\/div>\n\n\n\n<div class=\"wp-block-column is-vertically-aligned-top is-layout-flow wp-block-column-is-layout-flow\" style=\"padding-right:0;padding-left:0;flex-basis:70%\">\n<p class=\"has-small-font-size\">In generale, la rotta che collega il Marocco alla penisola \u00e8 variata nel tempo in base alle politiche di controllo delle frontiere e agli accordi raggiunti tra i due paesi.<br\/><br\/>La rotta verso le Isole Canarie ha registrato un aumento nel 2020 e 2021, mantenendosi elevata anche nel 2022 e 2023. Ci\u00f2 \u00e8 dovuto soprattutto a un maggior controllo nel Mediterraneo e alla ricerca di rotte alternative pi\u00f9 lunghe, ma altrettanto pericolose.<\/p>\n<\/div>\n<\/div>\n<\/div>\n\n\n\n<div class=\"wp-block-group alignfull has-global-padding is-layout-constrained wp-container-core-group-is-layout-0c9c989a wp-block-group-is-layout-constrained\" style=\"min-height:0vh;margin-top:0;margin-bottom:0;padding-top:var(--wp--preset--spacing--70);padding-right:var(--wp--preset--spacing--40);padding-bottom:var(--wp--preset--spacing--70);padding-left:var(--wp--preset--spacing--40)\">\n<div class=\"wp-block-columns are-vertically-aligned-top is-content-justification-center is-layout-flex wp-container-core-columns-is-layout-8c19c11b wp-block-columns-is-layout-flex\">\n<div class=\"wp-block-column is-vertically-aligned-top is-layout-flow wp-block-column-is-layout-flow\" style=\"flex-basis:60%\">\n<div class=\"wp-block-group has-contrast-background-color has-background has-global-padding is-layout-constrained wp-container-core-group-is-layout-a91b9633 wp-block-group-is-layout-constrained\" style=\"border-style:none;border-width:0px;border-radius:32px;padding-top:var(--wp--preset--spacing--40);padding-right:2rem;padding-bottom:var(--wp--preset--spacing--40);padding-left:2rem\">\n<h3 class=\"wp-block-heading has-text-align-center has-base-color has-text-color has-link-color wp-elements-3bfe18b11918e16c90eefec674520aa8\" style=\"margin-right:0;margin-left:0;padding-right:0;padding-left:0;font-size:clamp(1.502rem, 1.502rem + ((1vw - 0.2rem) * 1.181), 2.5rem);line-height:1.15\">Se credi che ogni vita debba essere salvata, impegnati. Insieme, possiamo salvarne molte di pi\u00f9.<\/h3>\n\n\n\n<div class=\"wp-block-buttons is-horizontal is-content-justification-center is-layout-flex wp-container-core-buttons-is-layout-03627597 wp-block-buttons-is-layout-flex\">\n<div class=\"wp-block-button\"><a class=\"wp-block-button__link has-contrast-color has-base-background-color has-text-color has-background has-custom-font-size wp-element-button\" href=\"https:\/\/www.openarms.es\/it\/come-aiutare\/dona-ora\" style=\"padding-top:16px;padding-right:24px;padding-bottom:14px;padding-left:24px;font-size:clamp(14px, 0.875rem + ((1vw - 3.2px) * 0.296), 18px);font-style:normal;font-weight:700\">DONA ORA<\/a><\/div>\n<\/div>\n<\/div>\n<\/div>\n<\/div>\n<\/div>\n<\/div><\/div>\n","protected":false},"excerpt":{"rendered":"","protected":false},"author":1,"featured_media":6967,"parent":6954,"menu_order":0,"comment_status":"closed","ping_status":"closed","template":"page-interior","meta":{"content-type":"","footnotes":""},"class_list":["post-7006","page","type-page","status-publish","has-post-thumbnail","hentry"],"yoast_head":"<!-- This site is optimized with the Yoast SEO plugin v25.9 - https:\/\/yoast.com\/wordpress\/plugins\/seo\/ -->\n<title>Rotta del Mediterraneo Occidentale e Atlantica<\/title>\n<meta name=\"description\" content=\"Scopri la rotta del Mediterraneo Occidentale: origine e destinazione di migliaia di persone migranti dall\u2019Africa. Informati, agisci e salva vite.\" \/>\n<meta name=\"robots\" content=\"index, follow, max-snippet:-1, max-image-preview:large, max-video-preview:-1\" \/>\n<link rel=\"canonical\" href=\"https:\/\/www.openarms.es\/it\/flussi-migratori\/rotta-del-mediterraneo-occidentale-e-atlantica\" \/>\n<meta property=\"og:locale\" content=\"it_IT\" \/>\n<meta property=\"og:type\" content=\"article\" \/>\n<meta property=\"og:title\" content=\"Rotta del Mediterraneo Occidentale e Atlantica\" \/>\n<meta property=\"og:description\" content=\"Scopri la rotta del Mediterraneo Occidentale: origine e destinazione di migliaia di persone migranti dall\u2019Africa. Informati, agisci e salva vite.\" \/>\n<meta property=\"og:url\" content=\"https:\/\/www.openarms.es\/it\/flussi-migratori\/rotta-del-mediterraneo-occidentale-e-atlantica\" \/>\n<meta property=\"og:site_name\" content=\"Open Arms\" \/>\n<meta property=\"article:modified_time\" content=\"2025-07-31T17:10:50+00:00\" \/>\n<meta property=\"og:image\" content=\"https:\/\/www.openarms.es\/wp-content\/uploads\/2025\/07\/openarms-mediterraneo-occidental.jpg\" \/>\n\t<meta property=\"og:image:width\" content=\"1920\" \/>\n\t<meta property=\"og:image:height\" content=\"1280\" \/>\n\t<meta property=\"og:image:type\" content=\"image\/jpeg\" \/>\n<meta name=\"twitter:card\" content=\"summary_large_image\" \/>\n<meta name=\"twitter:label1\" content=\"Tempo di lettura stimato\" \/>\n\t<meta name=\"twitter:data1\" content=\"2 minuti\" \/>\n<script type=\"application\/ld+json\" class=\"yoast-schema-graph\">{\"@context\":\"https:\/\/schema.org\",\"@graph\":[{\"@type\":\"WebPage\",\"@id\":\"https:\/\/www.openarms.es\/it\/flussi-migratori\/rotta-del-mediterraneo-occidentale-e-atlantica\",\"url\":\"https:\/\/www.openarms.es\/it\/flussi-migratori\/rotta-del-mediterraneo-occidentale-e-atlantica\",\"name\":\"Rotta del Mediterraneo Occidentale e Atlantica\",\"isPartOf\":{\"@id\":\"https:\/\/www.openarms.es\/it#website\"},\"primaryImageOfPage\":{\"@id\":\"https:\/\/www.openarms.es\/it\/flussi-migratori\/rotta-del-mediterraneo-occidentale-e-atlantica#primaryimage\"},\"image\":{\"@id\":\"https:\/\/www.openarms.es\/it\/flussi-migratori\/rotta-del-mediterraneo-occidentale-e-atlantica#primaryimage\"},\"thumbnailUrl\":\"https:\/\/www.openarms.es\/wp-content\/uploads\/2025\/07\/openarms-mediterraneo-occidental.jpg\",\"datePublished\":\"2025-07-16T14:27:29+00:00\",\"dateModified\":\"2025-07-31T17:10:50+00:00\",\"description\":\"Scopri la rotta del Mediterraneo Occidentale: origine e destinazione di migliaia di persone migranti dall\u2019Africa. Informati, agisci e salva vite.\",\"breadcrumb\":{\"@id\":\"https:\/\/www.openarms.es\/it\/flussi-migratori\/rotta-del-mediterraneo-occidentale-e-atlantica#breadcrumb\"},\"inLanguage\":\"it-IT\",\"potentialAction\":[{\"@type\":\"ReadAction\",\"target\":[\"https:\/\/www.openarms.es\/it\/flussi-migratori\/rotta-del-mediterraneo-occidentale-e-atlantica\"]}]},{\"@type\":\"ImageObject\",\"inLanguage\":\"it-IT\",\"@id\":\"https:\/\/www.openarms.es\/it\/flussi-migratori\/rotta-del-mediterraneo-occidentale-e-atlantica#primaryimage\",\"url\":\"https:\/\/www.openarms.es\/wp-content\/uploads\/2025\/07\/openarms-mediterraneo-occidental.jpg\",\"contentUrl\":\"https:\/\/www.openarms.es\/wp-content\/uploads\/2025\/07\/openarms-mediterraneo-occidental.jpg\",\"width\":1920,\"height\":1280,\"caption\":\"Openarms mediterraneo Occidental\"},{\"@type\":\"BreadcrumbList\",\"@id\":\"https:\/\/www.openarms.es\/it\/flussi-migratori\/rotta-del-mediterraneo-occidentale-e-atlantica#breadcrumb\",\"itemListElement\":[{\"@type\":\"ListItem\",\"position\":1,\"name\":\"Flussi migratori\",\"item\":\"https:\/\/www.openarms.es\/it\/flussi-migratori\"},{\"@type\":\"ListItem\",\"position\":2,\"name\":\"Mediterraneo Occidentale e Atlantica\"}]},{\"@type\":\"WebSite\",\"@id\":\"https:\/\/www.openarms.es\/it#website\",\"url\":\"https:\/\/www.openarms.es\/it\",\"name\":\"Open Arms\",\"description\":\"\",\"publisher\":{\"@id\":\"https:\/\/www.openarms.es\/it#organization\"},\"potentialAction\":[{\"@type\":\"SearchAction\",\"target\":{\"@type\":\"EntryPoint\",\"urlTemplate\":\"https:\/\/www.openarms.es\/it?s={search_term_string}\"},\"query-input\":{\"@type\":\"PropertyValueSpecification\",\"valueRequired\":true,\"valueName\":\"search_term_string\"}}],\"inLanguage\":\"it-IT\"},{\"@type\":\"Organization\",\"@id\":\"https:\/\/www.openarms.es\/it#organization\",\"name\":\"Open Arms\",\"url\":\"https:\/\/www.openarms.es\/it\",\"logo\":{\"@type\":\"ImageObject\",\"inLanguage\":\"it-IT\",\"@id\":\"https:\/\/www.openarms.es\/it#\/schema\/logo\/image\/\",\"url\":\"https:\/\/www.openarms.es\/wp-content\/uploads\/2025\/03\/BRAND.svg\",\"contentUrl\":\"https:\/\/www.openarms.es\/wp-content\/uploads\/2025\/03\/BRAND.svg\",\"caption\":\"Open Arms\"},\"image\":{\"@id\":\"https:\/\/www.openarms.es\/it#\/schema\/logo\/image\/\"}}]}<\/script>\n<!-- \/ Yoast SEO plugin. -->","yoast_head_json":{"title":"Rotta del Mediterraneo Occidentale e Atlantica","description":"Scopri la rotta del Mediterraneo Occidentale: origine e destinazione di migliaia di persone migranti dall\u2019Africa. Informati, agisci e salva vite.","robots":{"index":"index","follow":"follow","max-snippet":"max-snippet:-1","max-image-preview":"max-image-preview:large","max-video-preview":"max-video-preview:-1"},"canonical":"https:\/\/www.openarms.es\/it\/flussi-migratori\/rotta-del-mediterraneo-occidentale-e-atlantica","og_locale":"it_IT","og_type":"article","og_title":"Rotta del Mediterraneo Occidentale e Atlantica","og_description":"Scopri la rotta del Mediterraneo Occidentale: origine e destinazione di migliaia di persone migranti dall\u2019Africa. Informati, agisci e salva vite.","og_url":"https:\/\/www.openarms.es\/it\/flussi-migratori\/rotta-del-mediterraneo-occidentale-e-atlantica","og_site_name":"Open Arms","article_modified_time":"2025-07-31T17:10:50+00:00","og_image":[{"width":1920,"height":1280,"url":"https:\/\/www.openarms.es\/wp-content\/uploads\/2025\/07\/openarms-mediterraneo-occidental.jpg","type":"image\/jpeg"}],"twitter_card":"summary_large_image","twitter_misc":{"Tempo di lettura stimato":"2 minuti"},"schema":{"@context":"https:\/\/schema.org","@graph":[{"@type":"WebPage","@id":"https:\/\/www.openarms.es\/it\/flussi-migratori\/rotta-del-mediterraneo-occidentale-e-atlantica","url":"https:\/\/www.openarms.es\/it\/flussi-migratori\/rotta-del-mediterraneo-occidentale-e-atlantica","name":"Rotta del Mediterraneo Occidentale e Atlantica","isPartOf":{"@id":"https:\/\/www.openarms.es\/it#website"},"primaryImageOfPage":{"@id":"https:\/\/www.openarms.es\/it\/flussi-migratori\/rotta-del-mediterraneo-occidentale-e-atlantica#primaryimage"},"image":{"@id":"https:\/\/www.openarms.es\/it\/flussi-migratori\/rotta-del-mediterraneo-occidentale-e-atlantica#primaryimage"},"thumbnailUrl":"https:\/\/www.openarms.es\/wp-content\/uploads\/2025\/07\/openarms-mediterraneo-occidental.jpg","datePublished":"2025-07-16T14:27:29+00:00","dateModified":"2025-07-31T17:10:50+00:00","description":"Scopri la rotta del Mediterraneo Occidentale: origine e destinazione di migliaia di persone migranti dall\u2019Africa. Informati, agisci e salva vite.","breadcrumb":{"@id":"https:\/\/www.openarms.es\/it\/flussi-migratori\/rotta-del-mediterraneo-occidentale-e-atlantica#breadcrumb"},"inLanguage":"it-IT","potentialAction":[{"@type":"ReadAction","target":["https:\/\/www.openarms.es\/it\/flussi-migratori\/rotta-del-mediterraneo-occidentale-e-atlantica"]}]},{"@type":"ImageObject","inLanguage":"it-IT","@id":"https:\/\/www.openarms.es\/it\/flussi-migratori\/rotta-del-mediterraneo-occidentale-e-atlantica#primaryimage","url":"https:\/\/www.openarms.es\/wp-content\/uploads\/2025\/07\/openarms-mediterraneo-occidental.jpg","contentUrl":"https:\/\/www.openarms.es\/wp-content\/uploads\/2025\/07\/openarms-mediterraneo-occidental.jpg","width":1920,"height":1280,"caption":"Openarms mediterraneo Occidental"},{"@type":"BreadcrumbList","@id":"https:\/\/www.openarms.es\/it\/flussi-migratori\/rotta-del-mediterraneo-occidentale-e-atlantica#breadcrumb","itemListElement":[{"@type":"ListItem","position":1,"name":"Flussi migratori","item":"https:\/\/www.openarms.es\/it\/flussi-migratori"},{"@type":"ListItem","position":2,"name":"Mediterraneo Occidentale e Atlantica"}]},{"@type":"WebSite","@id":"https:\/\/www.openarms.es\/it#website","url":"https:\/\/www.openarms.es\/it","name":"Open Arms","description":"","publisher":{"@id":"https:\/\/www.openarms.es\/it#organization"},"potentialAction":[{"@type":"SearchAction","target":{"@type":"EntryPoint","urlTemplate":"https:\/\/www.openarms.es\/it?s={search_term_string}"},"query-input":{"@type":"PropertyValueSpecification","valueRequired":true,"valueName":"search_term_string"}}],"inLanguage":"it-IT"},{"@type":"Organization","@id":"https:\/\/www.openarms.es\/it#organization","name":"Open Arms","url":"https:\/\/www.openarms.es\/it","logo":{"@type":"ImageObject","inLanguage":"it-IT","@id":"https:\/\/www.openarms.es\/it#\/schema\/logo\/image\/","url":"https:\/\/www.openarms.es\/wp-content\/uploads\/2025\/03\/BRAND.svg","contentUrl":"https:\/\/www.openarms.es\/wp-content\/uploads\/2025\/03\/BRAND.svg","caption":"Open Arms"},"image":{"@id":"https:\/\/www.openarms.es\/it#\/schema\/logo\/image\/"}}]}},"_links":{"self":[{"href":"https:\/\/www.openarms.es\/it\/wp-json\/wp\/v2\/pages\/7006","targetHints":{"allow":["GET"]}}],"collection":[{"href":"https:\/\/www.openarms.es\/it\/wp-json\/wp\/v2\/pages"}],"about":[{"href":"https:\/\/www.openarms.es\/it\/wp-json\/wp\/v2\/types\/page"}],"author":[{"embeddable":true,"href":"https:\/\/www.openarms.es\/it\/wp-json\/wp\/v2\/users\/1"}],"replies":[{"embeddable":true,"href":"https:\/\/www.openarms.es\/it\/wp-json\/wp\/v2\/comments?post=7006"}],"version-history":[{"count":10,"href":"https:\/\/www.openarms.es\/it\/wp-json\/wp\/v2\/pages\/7006\/revisions"}],"predecessor-version":[{"id":8218,"href":"https:\/\/www.openarms.es\/it\/wp-json\/wp\/v2\/pages\/7006\/revisions\/8218"}],"up":[{"embeddable":true,"href":"https:\/\/www.openarms.es\/it\/wp-json\/wp\/v2\/pages\/6954"}],"wp:featuredmedia":[{"embeddable":true,"href":"https:\/\/www.openarms.es\/it\/wp-json\/wp\/v2\/media\/6967"}],"wp:attachment":[{"href":"https:\/\/www.openarms.es\/it\/wp-json\/wp\/v2\/media?parent=7006"}],"curies":[{"name":"wp","href":"https:\/\/api.w.org\/{rel}","templated":true}]}}