{"id":7813,"date":"2025-07-15T13:53:01","date_gmt":"2025-07-15T13:53:01","guid":{"rendered":"https:\/\/www.openarms.es\/portale-della-trasparenza"},"modified":"2026-03-12T11:49:05","modified_gmt":"2026-03-12T11:49:05","slug":"portale-della-trasparenza","status":"publish","type":"page","link":"https:\/\/www.openarms.es\/it\/portale-della-trasparenza","title":{"rendered":"Portale della trasparenza"},"content":{"rendered":"\n<div class=\"wp-block-cover alignfull ebavs-header-hero-interior\" style=\"min-height:40rem;aspect-ratio:unset;\"><img loading=\"lazy\" decoding=\"async\" width=\"1024\" height=\"683\" class=\"wp-block-cover__image-background wp-image-7799 size-large\" alt=\"\" src=\"https:\/\/www.openarms.es\/wp-content\/uploads\/2025\/07\/DAILYLIFE1-OPENARMS_ALTA_CGA-13-1024x683.jpg\" data-object-fit=\"cover\" srcset=\"https:\/\/www.openarms.es\/wp-content\/uploads\/2025\/07\/DAILYLIFE1-OPENARMS_ALTA_CGA-13-1024x683.jpg 1024w, https:\/\/www.openarms.es\/wp-content\/uploads\/2025\/07\/DAILYLIFE1-OPENARMS_ALTA_CGA-13-300x200.jpg 300w, https:\/\/www.openarms.es\/wp-content\/uploads\/2025\/07\/DAILYLIFE1-OPENARMS_ALTA_CGA-13-768x512.jpg 768w, https:\/\/www.openarms.es\/wp-content\/uploads\/2025\/07\/DAILYLIFE1-OPENARMS_ALTA_CGA-13-1536x1024.jpg 1536w, https:\/\/www.openarms.es\/wp-content\/uploads\/2025\/07\/DAILYLIFE1-OPENARMS_ALTA_CGA-13-2048x1365.jpg 2048w\" sizes=\"auto, (max-width: 1024px) 100vw, 1024px\" \/><span aria-hidden=\"true\" class=\"wp-block-cover__background has-black-background-color has-background-dim\"><\/span><div class=\"wp-block-cover__inner-container is-layout-flow wp-block-cover-is-layout-flow\">\n<div class=\"wp-block-group alignwide has-global-padding is-layout-constrained wp-block-group-is-layout-constrained\" style=\"margin-top:auto;margin-bottom:auto\">\n<div class=\"wp-block-group has-global-padding is-content-justification-left is-layout-constrained wp-container-core-group-is-layout-b58f3518 wp-block-group-is-layout-constrained\">\n<h1 class=\"wp-block-heading has-text-align-left has-base-color has-text-color has-xx-large-font-size\">Portale della trasparenza<\/h1>\n\n\n\n<p class=\"has-base-color has-text-color has-link-color wp-elements-8595cce3aa71ee2bf6ddde98fe592a90\">Se pensi che salvare vite meriti tutte le risorse a nostra disposizione, allora sei dei nostri.<br><\/p>\n\n\n\n<div class=\"wp-block-buttons is-content-justification-left is-layout-flex wp-container-core-buttons-is-layout-fc4fd283 wp-block-buttons-is-layout-flex\">\n<div class=\"wp-block-button\"><a class=\"wp-block-button__link has-contrast-color has-base-background-color has-text-color has-background has-dinnextltpro-font-family has-custom-font-size wp-element-button\" href=\"https:\/\/help.openarms.es\/miembro-openarms\/?lang=it\" style=\"padding-top:16px;padding-right:24px;padding-bottom:14px;padding-left:24px;font-size:clamp(0.875rem, 0.875rem + ((1vw - 0.2rem) * 0.302), 1.13rem);font-style:normal;font-weight:700;line-height:1;text-transform:uppercase\" target=\"_blank\" rel=\"noreferrer noopener\">Diventa membro<\/a><\/div>\n<\/div>\n<\/div>\n<\/div>\n<\/div><\/div>\n\n\n\n<div class=\"wp-block-cover alignfull is-light has-parallax\" style=\"margin-top:0;margin-bottom:0;padding-top:0;padding-right:0;padding-bottom:var(--wp--preset--spacing--50);padding-left:0\"><div class=\"wp-block-cover__image-background wp-image-999 has-parallax\" style=\"background-position:50% 50%;background-image:url(https:\/\/www.openarms.es\/wp-content\/themes\/openarms\/assets\/images\/openarms-texture.webp)\"><\/div><span aria-hidden=\"true\" class=\"wp-block-cover__background has-base-background-color has-background-dim-80 has-background-dim\"><\/span><div class=\"wp-block-cover__inner-container is-layout-flow wp-block-cover-is-layout-flow\">\n<div class=\"wp-block-group has-global-padding is-layout-constrained wp-block-group-is-layout-constrained\">\n<div class=\"wp-block-group has-global-padding is-layout-constrained wp-block-group-is-layout-constrained\" style=\"margin-top:1rem\"><div class=\"yoast-breadcrumbs\"><span><span class=\"breadcrumb_last\" aria-current=\"page\">Portale della trasparenza<\/span><\/span><\/div>\n\n\n<hr class=\"wp-block-separator has-text-color has-gray-color has-alpha-channel-opacity has-gray-background-color has-background is-style-default\" style=\"margin-top:1rem;margin-bottom:4rem\"\/>\n<\/div>\n\n\n\n<div class=\"wp-block-columns is-layout-flex wp-container-core-columns-is-layout-28f84493 wp-block-columns-is-layout-flex\">\n<div class=\"wp-block-column is-layout-flow wp-block-column-is-layout-flow\" style=\"padding-right:var(--wp--preset--spacing--70);flex-basis:40%\">\n<h2 class=\"wp-block-heading has-contrast-color has-text-color has-link-color has-medium-large-font-size wp-elements-acd3d54994233289d4540e357acf0322\" style=\"padding-right:var(--wp--preset--spacing--40)\">Siamo trasparenti<\/h2>\n<\/div>\n\n\n\n<div class=\"wp-block-column is-layout-flow wp-block-column-is-layout-flow\" style=\"flex-basis:50%\">\n<p class=\"has-dark-gray-color has-text-color has-link-color wp-elements-2d79e1b3f13eb1da5f009e82c8110964\">La nostra attivit\u00e0 \u00e8 regolata dagli enti competenti e viene riportata pubblicamente nelle nostre relazioni annuali. Scaricale per saperne di pi\u00f9 su come utilizziamo le nostre risorse.<br><br><strong>Organo di controllo per il triennio&nbsp;2023-2025 compenso annuo 1.600\u20ac<\/strong><\/p>\n\n\n\n<div class=\"wp-block-buttons btn-memorias is-layout-flex wp-container-core-buttons-is-layout-9e8add72 wp-block-buttons-is-layout-flex\" style=\"margin-top:var(--wp--preset--spacing--64);margin-bottom:var(--wp--preset--spacing--64)\">\n<div class=\"wp-block-button\"><a class=\"wp-block-button__link wp-element-button\" href=\"https:\/\/www.openarms.es\/wp-content\/uploads\/2025\/07\/Bilancio-2018-firmato.pdf\" target=\"_blank\" rel=\"noreferrer noopener\">BILANCIO 2018 <img loading=\"lazy\" decoding=\"async\" width=\"24\" height=\"24\" class=\"wp-image-6771\" style=\"width: 24px;\" src=\"https:\/\/www.openarms.es\/wp-content\/uploads\/2025\/07\/openarms-download-icon.svg\" alt=\"\"><\/a><\/div>\n\n\n\n<div class=\"wp-block-button\"><a class=\"wp-block-button__link wp-element-button\" href=\"https:\/\/www.openarms.es\/wp-content\/uploads\/2025\/07\/BILANCIO-2019-E-NOTA-INTEGRATIVA-firmato.pdf\" target=\"_blank\" rel=\"noreferrer noopener\">BILANCIO 2019 <img loading=\"lazy\" decoding=\"async\" width=\"24\" height=\"24\" class=\"wp-image-6771\" style=\"width: 24px;\" src=\"https:\/\/www.openarms.es\/wp-content\/uploads\/2025\/07\/openarms-download-icon.svg\" alt=\"\"><\/a><\/div>\n\n\n\n<div class=\"wp-block-button\"><a class=\"wp-block-button__link wp-element-button\" href=\"https:\/\/www.openarms.es\/wp-content\/uploads\/2025\/07\/Bilancio-2020-nota-integrativa-firmato.pdf\" target=\"_blank\" rel=\"noreferrer noopener\">BILANCIO 2020 <img loading=\"lazy\" decoding=\"async\" width=\"24\" height=\"24\" class=\"wp-image-6771\" style=\"width: 24px;\" src=\"https:\/\/www.openarms.es\/wp-content\/uploads\/2025\/07\/openarms-download-icon.svg\" alt=\"\"><\/a><\/div>\n\n\n\n<div class=\"wp-block-button\"><a class=\"wp-block-button__link wp-element-button\" href=\"https:\/\/www.openarms.es\/wp-content\/uploads\/2025\/07\/Relazione-di-missione-Bilancio-2021.pdf\" target=\"_blank\" rel=\"noreferrer noopener\">BILANCIO 2021 <img loading=\"lazy\" decoding=\"async\" width=\"24\" height=\"24\" class=\"wp-image-6771\" style=\"width: 24px;\" src=\"https:\/\/www.openarms.es\/wp-content\/uploads\/2025\/07\/openarms-download-icon.svg\" alt=\"\"><\/a><\/div>\n\n\n\n<div class=\"wp-block-button\"><a class=\"wp-block-button__link wp-element-button\" href=\"https:\/\/www.openarms.es\/wp-content\/uploads\/2025\/07\/Relazione-di-missione-Bilancio-2022.pdf\" target=\"_blank\" rel=\"noreferrer noopener\">BILANCIO 2022 <img loading=\"lazy\" decoding=\"async\" width=\"24\" height=\"24\" class=\"wp-image-6771\" style=\"width: 24px;\" src=\"https:\/\/www.openarms.es\/wp-content\/uploads\/2025\/07\/openarms-download-icon.svg\" alt=\"\"><\/a><\/div>\n\n\n\n<div class=\"wp-block-button\"><a class=\"wp-block-button__link wp-element-button\" href=\"https:\/\/open-arms.c.wetopi.com\/wp-content\/uploads\/2026\/03\/Rendiconto-contibuto-RND607644185004120700.pdf\">5&#215;1000 RENDICONTO 2023 <img loading=\"lazy\" decoding=\"async\" width=\"24\" height=\"24\" class=\"wp-image-6771\" style=\"width: 24px;\" src=\"https:\/\/www.openarms.es\/wp-content\/uploads\/2025\/07\/openarms-download-icon.svg\" alt=\"\"><\/a><\/div>\n\n\n\n<div class=\"wp-block-button\"><a class=\"wp-block-button__link wp-element-button\" href=\"https:\/\/www.openarms.es\/wp-content\/uploads\/2025\/12\/Relazione-di-Missione-al-bilancio-2023-OK.pdf\">BILANCIO 2023 <img loading=\"lazy\" decoding=\"async\" width=\"24\" height=\"24\" class=\"wp-image-6771\" style=\"width: 24px;\" src=\"https:\/\/www.openarms.es\/wp-content\/uploads\/2025\/07\/openarms-download-icon.svg\" alt=\"\"><\/a><\/div>\n\n\n\n<div class=\"wp-block-button\"><a class=\"wp-block-button__link wp-element-button\" href=\"https:\/\/www.openarms.es\/wp-content\/uploads\/2026\/03\/Relazione-di-missione-al-Bilancio-2024-OK-2.pdf\">BILANCIO 2024 <img loading=\"lazy\" decoding=\"async\" width=\"24\" height=\"24\" class=\"wp-image-6771\" style=\"width: 24px;\" src=\"https:\/\/www.openarms.es\/wp-content\/uploads\/2025\/07\/openarms-download-icon.svg\" alt=\"\"><\/a><\/div>\n\n\n\n<div class=\"wp-block-button\"><a class=\"wp-block-button__link wp-element-button\" href=\"https:\/\/www.openarms.es\/wp-content\/uploads\/2025\/08\/OPEN-ARMS-ITALIA-ETS-Cod.-Fisc.-97996290587_-contributi-ricevuti-2024_-Contributi-ricevuti-2024.pdf\">CONTRIBUTI 2024 <img loading=\"lazy\" decoding=\"async\" width=\"24\" height=\"24\" class=\"wp-image-6771\" style=\"width: 24px;\" src=\"https:\/\/www.openarms.es\/wp-content\/uploads\/2025\/07\/openarms-download-icon.svg\" alt=\"\"><\/a><\/div>\n\n\n\n<div class=\"wp-block-button\"><a class=\"wp-block-button__link wp-element-button\" href=\"https:\/\/www.openarms.es\/wp-content\/uploads\/2026\/03\/CONTRIBUTI-RICEVUTI-2025.pdf\">CONTRIBUTI 2025 <img loading=\"lazy\" decoding=\"async\" width=\"24\" height=\"24\" class=\"wp-image-6771\" style=\"width: 24px;\" src=\"https:\/\/www.openarms.es\/wp-content\/uploads\/2025\/07\/openarms-download-icon.svg\" alt=\"\"><\/a><\/div>\n<\/div>\n<\/div>\n<\/div>\n\n\n\n<div class=\"wp-block-group alignfull has-global-padding is-layout-constrained wp-container-core-group-is-layout-866bd600 wp-block-group-is-layout-constrained\" style=\"min-height:0vh;margin-top:0;margin-bottom:0;padding-top:var(--wp--preset--spacing--64);padding-right:var(--wp--preset--spacing--40);padding-bottom:var(--wp--preset--spacing--64);padding-left:var(--wp--preset--spacing--40)\">\n<div class=\"wp-block-columns are-vertically-aligned-top is-content-justification-center is-layout-flex wp-container-core-columns-is-layout-8c19c11b wp-block-columns-is-layout-flex\">\n<div class=\"wp-block-column is-vertically-aligned-top is-layout-flow wp-block-column-is-layout-flow\" style=\"flex-basis:60%\">\n<div class=\"wp-block-group has-contrast-background-color has-background has-global-padding is-layout-constrained wp-container-core-group-is-layout-a91b9633 wp-block-group-is-layout-constrained\" style=\"border-style:none;border-width:0px;border-radius:32px;padding-top:var(--wp--preset--spacing--40);padding-right:2rem;padding-bottom:var(--wp--preset--spacing--40);padding-left:2rem\">\n<h3 class=\"wp-block-heading has-text-align-center has-base-color has-text-color has-link-color wp-elements-ddd5e2cc0494c95b7202e36a7c17b3aa\" style=\"margin-right:0;margin-left:0;padding-right:0;padding-left:0;font-size:clamp(1.502rem, 1.502rem + ((1vw - 0.2rem) * 1.181), 2.5rem);line-height:1.15\">Grazie ai contributi che riceviamo, abbiamo gi\u00e0 salvato pi\u00f9 di 70.000 vite. Insieme, possiamo salvarne molte di pi\u00f9.<br><\/h3>\n\n\n\n<div class=\"wp-block-buttons is-horizontal is-content-justification-center is-layout-flex wp-container-core-buttons-is-layout-03627597 wp-block-buttons-is-layout-flex\">\n<div class=\"wp-block-button\"><a class=\"wp-block-button__link has-contrast-color has-base-background-color has-text-color has-background has-custom-font-size wp-element-button\" href=\"https:\/\/www.openarms.es\/it\/come-aiutare\/dona-ora\" style=\"padding-top:16px;padding-right:24px;padding-bottom:14px;padding-left:24px;font-size:clamp(14px, 0.875rem + ((1vw - 3.2px) * 0.296), 18px);font-style:normal;font-weight:700\">DONA ORA<\/a><\/div>\n<\/div>\n<\/div>\n<\/div>\n<\/div>\n<\/div>\n<\/div>\n<\/div><\/div>\n","protected":false},"excerpt":{"rendered":"","protected":false},"author":1,"featured_media":7803,"parent":0,"menu_order":0,"comment_status":"closed","ping_status":"closed","template":"page-interior","meta":{"content-type":"","footnotes":""},"class_list":["post-7813","page","type-page","status-publish","has-post-thumbnail","hentry"],"yoast_head":"<!-- This site is optimized with the Yoast SEO plugin v25.9 - https:\/\/yoast.com\/wordpress\/plugins\/seo\/ -->\n<title>Portale della trasparenza | Open Arms<\/title>\n<meta name=\"description\" content=\"Consulta le nostre relazioni annuali e scopri come Open Arms gestisce le risorse per salvare vite con totale trasparenza e impegno.\" \/>\n<meta name=\"robots\" content=\"index, follow, max-snippet:-1, max-image-preview:large, max-video-preview:-1\" \/>\n<link rel=\"canonical\" href=\"https:\/\/www.openarms.es\/it\/portale-della-trasparenza\" \/>\n<meta property=\"og:locale\" content=\"it_IT\" \/>\n<meta property=\"og:type\" content=\"article\" \/>\n<meta property=\"og:title\" content=\"Portale della trasparenza | Open Arms\" \/>\n<meta property=\"og:description\" content=\"Consulta le nostre relazioni annuali e scopri come Open Arms gestisce le risorse per salvare vite con totale trasparenza e impegno.\" \/>\n<meta property=\"og:url\" content=\"https:\/\/www.openarms.es\/it\/portale-della-trasparenza\" \/>\n<meta property=\"og:site_name\" content=\"Open Arms\" \/>\n<meta property=\"article:modified_time\" content=\"2026-03-12T11:49:05+00:00\" \/>\n<meta property=\"og:image\" content=\"https:\/\/www.openarms.es\/wp-content\/uploads\/2025\/07\/DAILYLIFE1-OPENARMS_ALTA_CGA-13-scaled.jpg\" \/>\n\t<meta property=\"og:image:width\" content=\"2560\" \/>\n\t<meta property=\"og:image:height\" content=\"1707\" \/>\n\t<meta property=\"og:image:type\" content=\"image\/jpeg\" \/>\n<meta name=\"twitter:card\" content=\"summary_large_image\" \/>\n<meta name=\"twitter:label1\" content=\"Tempo di lettura stimato\" \/>\n\t<meta name=\"twitter:data1\" content=\"3 minuti\" \/>\n<script type=\"application\/ld+json\" class=\"yoast-schema-graph\">{\"@context\":\"https:\/\/schema.org\",\"@graph\":[{\"@type\":\"WebPage\",\"@id\":\"https:\/\/www.openarms.es\/it\/portale-della-trasparenza\",\"url\":\"https:\/\/www.openarms.es\/it\/portale-della-trasparenza\",\"name\":\"Portale della trasparenza | Open Arms\",\"isPartOf\":{\"@id\":\"https:\/\/www.openarms.es\/it#website\"},\"primaryImageOfPage\":{\"@id\":\"https:\/\/www.openarms.es\/it\/portale-della-trasparenza#primaryimage\"},\"image\":{\"@id\":\"https:\/\/www.openarms.es\/it\/portale-della-trasparenza#primaryimage\"},\"thumbnailUrl\":\"https:\/\/www.openarms.es\/wp-content\/uploads\/2025\/07\/DAILYLIFE1-OPENARMS_ALTA_CGA-13-scaled.jpg\",\"datePublished\":\"2025-07-15T13:53:01+00:00\",\"dateModified\":\"2026-03-12T11:49:05+00:00\",\"description\":\"Consulta le nostre relazioni annuali e scopri come Open Arms gestisce le risorse per salvare vite con totale trasparenza e impegno.\",\"inLanguage\":\"it-IT\",\"potentialAction\":[{\"@type\":\"ReadAction\",\"target\":[\"https:\/\/www.openarms.es\/it\/portale-della-trasparenza\"]}]},{\"@type\":\"ImageObject\",\"inLanguage\":\"it-IT\",\"@id\":\"https:\/\/www.openarms.es\/it\/portale-della-trasparenza#primaryimage\",\"url\":\"https:\/\/www.openarms.es\/wp-content\/uploads\/2025\/07\/DAILYLIFE1-OPENARMS_ALTA_CGA-13-scaled.jpg\",\"contentUrl\":\"https:\/\/www.openarms.es\/wp-content\/uploads\/2025\/07\/DAILYLIFE1-OPENARMS_ALTA_CGA-13-scaled.jpg\",\"width\":2560,\"height\":1707},{\"@type\":\"WebSite\",\"@id\":\"https:\/\/www.openarms.es\/it#website\",\"url\":\"https:\/\/www.openarms.es\/it\",\"name\":\"Open Arms\",\"description\":\"\",\"publisher\":{\"@id\":\"https:\/\/www.openarms.es\/it#organization\"},\"potentialAction\":[{\"@type\":\"SearchAction\",\"target\":{\"@type\":\"EntryPoint\",\"urlTemplate\":\"https:\/\/www.openarms.es\/it?s={search_term_string}\"},\"query-input\":{\"@type\":\"PropertyValueSpecification\",\"valueRequired\":true,\"valueName\":\"search_term_string\"}}],\"inLanguage\":\"it-IT\"},{\"@type\":\"Organization\",\"@id\":\"https:\/\/www.openarms.es\/it#organization\",\"name\":\"Open Arms\",\"url\":\"https:\/\/www.openarms.es\/it\",\"logo\":{\"@type\":\"ImageObject\",\"inLanguage\":\"it-IT\",\"@id\":\"https:\/\/www.openarms.es\/it#\/schema\/logo\/image\/\",\"url\":\"https:\/\/www.openarms.es\/wp-content\/uploads\/2025\/03\/BRAND.svg\",\"contentUrl\":\"https:\/\/www.openarms.es\/wp-content\/uploads\/2025\/03\/BRAND.svg\",\"caption\":\"Open Arms\"},\"image\":{\"@id\":\"https:\/\/www.openarms.es\/it#\/schema\/logo\/image\/\"}}]}<\/script>\n<!-- \/ Yoast SEO plugin. -->","yoast_head_json":{"title":"Portale della trasparenza | Open Arms","description":"Consulta le nostre relazioni annuali e scopri come Open Arms gestisce le risorse per salvare vite con totale trasparenza e impegno.","robots":{"index":"index","follow":"follow","max-snippet":"max-snippet:-1","max-image-preview":"max-image-preview:large","max-video-preview":"max-video-preview:-1"},"canonical":"https:\/\/www.openarms.es\/it\/portale-della-trasparenza","og_locale":"it_IT","og_type":"article","og_title":"Portale della trasparenza | Open Arms","og_description":"Consulta le nostre relazioni annuali e scopri come Open Arms gestisce le risorse per salvare vite con totale trasparenza e impegno.","og_url":"https:\/\/www.openarms.es\/it\/portale-della-trasparenza","og_site_name":"Open Arms","article_modified_time":"2026-03-12T11:49:05+00:00","og_image":[{"width":2560,"height":1707,"url":"https:\/\/www.openarms.es\/wp-content\/uploads\/2025\/07\/DAILYLIFE1-OPENARMS_ALTA_CGA-13-scaled.jpg","type":"image\/jpeg"}],"twitter_card":"summary_large_image","twitter_misc":{"Tempo di lettura stimato":"3 minuti"},"schema":{"@context":"https:\/\/schema.org","@graph":[{"@type":"WebPage","@id":"https:\/\/www.openarms.es\/it\/portale-della-trasparenza","url":"https:\/\/www.openarms.es\/it\/portale-della-trasparenza","name":"Portale della trasparenza | Open Arms","isPartOf":{"@id":"https:\/\/www.openarms.es\/it#website"},"primaryImageOfPage":{"@id":"https:\/\/www.openarms.es\/it\/portale-della-trasparenza#primaryimage"},"image":{"@id":"https:\/\/www.openarms.es\/it\/portale-della-trasparenza#primaryimage"},"thumbnailUrl":"https:\/\/www.openarms.es\/wp-content\/uploads\/2025\/07\/DAILYLIFE1-OPENARMS_ALTA_CGA-13-scaled.jpg","datePublished":"2025-07-15T13:53:01+00:00","dateModified":"2026-03-12T11:49:05+00:00","description":"Consulta le nostre relazioni annuali e scopri come Open Arms gestisce le risorse per salvare vite con totale trasparenza e impegno.","inLanguage":"it-IT","potentialAction":[{"@type":"ReadAction","target":["https:\/\/www.openarms.es\/it\/portale-della-trasparenza"]}]},{"@type":"ImageObject","inLanguage":"it-IT","@id":"https:\/\/www.openarms.es\/it\/portale-della-trasparenza#primaryimage","url":"https:\/\/www.openarms.es\/wp-content\/uploads\/2025\/07\/DAILYLIFE1-OPENARMS_ALTA_CGA-13-scaled.jpg","contentUrl":"https:\/\/www.openarms.es\/wp-content\/uploads\/2025\/07\/DAILYLIFE1-OPENARMS_ALTA_CGA-13-scaled.jpg","width":2560,"height":1707},{"@type":"WebSite","@id":"https:\/\/www.openarms.es\/it#website","url":"https:\/\/www.openarms.es\/it","name":"Open Arms","description":"","publisher":{"@id":"https:\/\/www.openarms.es\/it#organization"},"potentialAction":[{"@type":"SearchAction","target":{"@type":"EntryPoint","urlTemplate":"https:\/\/www.openarms.es\/it?s={search_term_string}"},"query-input":{"@type":"PropertyValueSpecification","valueRequired":true,"valueName":"search_term_string"}}],"inLanguage":"it-IT"},{"@type":"Organization","@id":"https:\/\/www.openarms.es\/it#organization","name":"Open Arms","url":"https:\/\/www.openarms.es\/it","logo":{"@type":"ImageObject","inLanguage":"it-IT","@id":"https:\/\/www.openarms.es\/it#\/schema\/logo\/image\/","url":"https:\/\/www.openarms.es\/wp-content\/uploads\/2025\/03\/BRAND.svg","contentUrl":"https:\/\/www.openarms.es\/wp-content\/uploads\/2025\/03\/BRAND.svg","caption":"Open Arms"},"image":{"@id":"https:\/\/www.openarms.es\/it#\/schema\/logo\/image\/"}}]}},"_links":{"self":[{"href":"https:\/\/www.openarms.es\/it\/wp-json\/wp\/v2\/pages\/7813","targetHints":{"allow":["GET"]}}],"collection":[{"href":"https:\/\/www.openarms.es\/it\/wp-json\/wp\/v2\/pages"}],"about":[{"href":"https:\/\/www.openarms.es\/it\/wp-json\/wp\/v2\/types\/page"}],"author":[{"embeddable":true,"href":"https:\/\/www.openarms.es\/it\/wp-json\/wp\/v2\/users\/1"}],"replies":[{"embeddable":true,"href":"https:\/\/www.openarms.es\/it\/wp-json\/wp\/v2\/comments?post=7813"}],"version-history":[{"count":10,"href":"https:\/\/www.openarms.es\/it\/wp-json\/wp\/v2\/pages\/7813\/revisions"}],"predecessor-version":[{"id":8582,"href":"https:\/\/www.openarms.es\/it\/wp-json\/wp\/v2\/pages\/7813\/revisions\/8582"}],"wp:featuredmedia":[{"embeddable":true,"href":"https:\/\/www.openarms.es\/it\/wp-json\/wp\/v2\/media\/7803"}],"wp:attachment":[{"href":"https:\/\/www.openarms.es\/it\/wp-json\/wp\/v2\/media?parent=7813"}],"curies":[{"name":"wp","href":"https:\/\/api.w.org\/{rel}","templated":true}]}}